{"id":996,"date":"2025-05-22T11:57:12","date_gmt":"2025-05-22T15:57:12","guid":{"rendered":"https:\/\/eco-tech.inf.br\/?post_type=product&#038;p=996"},"modified":"2025-05-22T11:57:12","modified_gmt":"2025-05-22T15:57:12","slug":"tv-39-sony-kdl-39r475a-led-fh","status":"publish","type":"product","link":"https:\/\/eco-tech.inf.br\/index.php\/product\/tv-39-sony-kdl-39r475a-led-fh\/","title":{"rendered":"TV 39&#8243; SONY KDL-39R475A LED FH"},"content":{"rendered":"<p>A TV Sony LED de 39&#8243; KDL-39R475A Full HD \u00e9 perfeita para ser o centro de entretenimento de sua casa. Ela permite que voc\u00ea sintonize suas esta\u00e7\u00f5es de r\u00e1dio FM preferidas, al\u00e9m dos canais digitais abertos que voc\u00ea mais gosta. Conecte tamb\u00e9m um pen drive com m\u00fasicas, fotos e v\u00eddeos para reproduzi-los direto na sua TV, inclusive com a fun\u00e7\u00e3o porta-retrato digital, ou ainda, assista filmes direto do seu Smartphone ou Tablet com a fun\u00e7\u00e3o MHL integrada \u00e0 conex\u00e3o HDMI. Sinta a qualidade de filmes com movimentos r\u00e1pidos sem rastros, gra\u00e7as ao MotionFlow 120 Hz, que reproduz mais quadros por segundo.<\/p>\n","protected":false},"excerpt":{"rendered":"<p>A TV Sony LED de 39&#8243; KDL-39R475A Full HD \u00e9 perfeita para ser o centro de entretenimento de sua casa. Ela permite que voc\u00ea sintonize suas esta\u00e7\u00f5es de r\u00e1dio FM preferidas, al\u00e9m dos canais digitais abertos que voc\u00ea mais gosta. Conecte tamb\u00e9m um pen drive com m\u00fasicas, fotos e v\u00eddeos para reproduzi-los direto na sua [&hellip;]<\/p>\n","protected":false},"featured_media":998,"comment_status":"closed","ping_status":"closed","template":"","meta":[],"product_cat":[202],"product_tag":[],"yoast_head":"<!-- This site is optimized with the Yoast SEO plugin v23.5 - https:\/\/yoast.com\/wordpress\/plugins\/seo\/ -->\n<title>TV 39&quot; SONY KDL-39R475A LED FH - Eco-Tech - Solu\u00e7\u00f5es em tecnologia<\/title>\n<meta name=\"robots\" content=\"index, follow, max-snippet:-1, max-image-preview:large, max-video-preview:-1\" \/>\n<link rel=\"canonical\" href=\"https:\/\/eco-tech.inf.br\/index.php\/product\/tv-39-sony-kdl-39r475a-led-fh\/\" \/>\n<meta property=\"og:locale\" content=\"pt_BR\" \/>\n<meta property=\"og:type\" content=\"article\" \/>\n<meta property=\"og:title\" content=\"TV 39&quot; SONY KDL-39R475A LED FH - Eco-Tech - Solu\u00e7\u00f5es em tecnologia\" \/>\n<meta property=\"og:description\" content=\"A TV Sony LED de 39&#8243; KDL-39R475A Full HD \u00e9 perfeita para ser o centro de entretenimento de sua casa. Ela permite que voc\u00ea sintonize suas esta\u00e7\u00f5es de r\u00e1dio FM preferidas, al\u00e9m dos canais digitais abertos que voc\u00ea mais gosta. Conecte tamb\u00e9m um pen drive com m\u00fasicas, fotos e v\u00eddeos para reproduzi-los direto na sua [&hellip;]\" \/>\n<meta property=\"og:url\" content=\"https:\/\/eco-tech.inf.br\/index.php\/product\/tv-39-sony-kdl-39r475a-led-fh\/\" \/>\n<meta property=\"og:site_name\" content=\"Eco-Tech - Solu\u00e7\u00f5es em tecnologia\" \/>\n<meta property=\"article:publisher\" content=\"https:\/\/www.facebook.com\/EcoTech-Tecnologia-107960038523316\" \/>\n<meta property=\"og:image\" content=\"http:\/\/eco-tech.inf.br\/wp-content\/uploads\/2025\/05\/TV-SONY.jpg\" \/>\n\t<meta property=\"og:image:width\" content=\"600\" \/>\n\t<meta property=\"og:image:height\" content=\"600\" \/>\n\t<meta property=\"og:image:type\" content=\"image\/jpeg\" \/>\n<meta name=\"twitter:card\" content=\"summary_large_image\" \/>\n<meta name=\"twitter:label1\" content=\"Est. tempo de leitura\" \/>\n\t<meta name=\"twitter:data1\" content=\"1 minuto\" \/>\n<script type=\"application\/ld+json\" class=\"yoast-schema-graph\">{\"@context\":\"https:\/\/schema.org\",\"@graph\":[{\"@type\":\"WebPage\",\"@id\":\"https:\/\/eco-tech.inf.br\/index.php\/product\/tv-39-sony-kdl-39r475a-led-fh\/\",\"url\":\"https:\/\/eco-tech.inf.br\/index.php\/product\/tv-39-sony-kdl-39r475a-led-fh\/\",\"name\":\"TV 39\\\" SONY KDL-39R475A LED FH - Eco-Tech - Solu\u00e7\u00f5es em tecnologia\",\"isPartOf\":{\"@id\":\"https:\/\/eco-tech.inf.br\/#website\"},\"primaryImageOfPage\":{\"@id\":\"https:\/\/eco-tech.inf.br\/index.php\/product\/tv-39-sony-kdl-39r475a-led-fh\/#primaryimage\"},\"image\":{\"@id\":\"https:\/\/eco-tech.inf.br\/index.php\/product\/tv-39-sony-kdl-39r475a-led-fh\/#primaryimage\"},\"thumbnailUrl\":\"https:\/\/i0.wp.com\/eco-tech.inf.br\/wp-content\/uploads\/2025\/05\/TV-SONY.jpg?fit=600%2C600&ssl=1\",\"datePublished\":\"2025-05-22T15:57:12+00:00\",\"dateModified\":\"2025-05-22T15:57:12+00:00\",\"breadcrumb\":{\"@id\":\"https:\/\/eco-tech.inf.br\/index.php\/product\/tv-39-sony-kdl-39r475a-led-fh\/#breadcrumb\"},\"inLanguage\":\"pt-BR\",\"potentialAction\":[{\"@type\":\"ReadAction\",\"target\":[\"https:\/\/eco-tech.inf.br\/index.php\/product\/tv-39-sony-kdl-39r475a-led-fh\/\"]}]},{\"@type\":\"ImageObject\",\"inLanguage\":\"pt-BR\",\"@id\":\"https:\/\/eco-tech.inf.br\/index.php\/product\/tv-39-sony-kdl-39r475a-led-fh\/#primaryimage\",\"url\":\"https:\/\/i0.wp.com\/eco-tech.inf.br\/wp-content\/uploads\/2025\/05\/TV-SONY.jpg?fit=600%2C600&ssl=1\",\"contentUrl\":\"https:\/\/i0.wp.com\/eco-tech.inf.br\/wp-content\/uploads\/2025\/05\/TV-SONY.jpg?fit=600%2C600&ssl=1\",\"width\":600,\"height\":600},{\"@type\":\"BreadcrumbList\",\"@id\":\"https:\/\/eco-tech.inf.br\/index.php\/product\/tv-39-sony-kdl-39r475a-led-fh\/#breadcrumb\",\"itemListElement\":[{\"@type\":\"ListItem\",\"position\":1,\"name\":\"In\u00edcio\",\"item\":\"https:\/\/eco-tech.inf.br\/\"},{\"@type\":\"ListItem\",\"position\":2,\"name\":\"Produtos\",\"item\":\"https:\/\/eco-tech.inf.br\/index.php\/shop\/\"},{\"@type\":\"ListItem\",\"position\":3,\"name\":\"TV 39&#8243; SONY KDL-39R475A LED FH\"}]},{\"@type\":\"WebSite\",\"@id\":\"https:\/\/eco-tech.inf.br\/#website\",\"url\":\"https:\/\/eco-tech.inf.br\/\",\"name\":\"Eco-Tech - Solu\u00e7\u00f5es em tecnologia\",\"description\":\"Possu\u00edmos mais de 15 (anos) anos de experi\u00eancia levando para o norte do Brasil tecnologia de ponta trazida por grandes organiza\u00e7\u00f5es dos mais variados seguimentos.\",\"publisher\":{\"@id\":\"https:\/\/eco-tech.inf.br\/#organization\"},\"potentialAction\":[{\"@type\":\"SearchAction\",\"target\":{\"@type\":\"EntryPoint\",\"urlTemplate\":\"https:\/\/eco-tech.inf.br\/?s={search_term_string}\"},\"query-input\":{\"@type\":\"PropertyValueSpecification\",\"valueRequired\":true,\"valueName\":\"search_term_string\"}}],\"inLanguage\":\"pt-BR\"},{\"@type\":\"Organization\",\"@id\":\"https:\/\/eco-tech.inf.br\/#organization\",\"name\":\"ELO SOLU\u00c7\u00d5ES TECNOL\u00d3GICA LTDA\",\"url\":\"https:\/\/eco-tech.inf.br\/\",\"logo\":{\"@type\":\"ImageObject\",\"inLanguage\":\"pt-BR\",\"@id\":\"https:\/\/eco-tech.inf.br\/#\/schema\/logo\/image\/\",\"url\":\"https:\/\/i0.wp.com\/eco-tech.inf.br\/wp-content\/uploads\/2022\/03\/cropped-novologo-1.jpg?fit=512%2C512&ssl=1\",\"contentUrl\":\"https:\/\/i0.wp.com\/eco-tech.inf.br\/wp-content\/uploads\/2022\/03\/cropped-novologo-1.jpg?fit=512%2C512&ssl=1\",\"width\":512,\"height\":512,\"caption\":\"ELO SOLU\u00c7\u00d5ES TECNOL\u00d3GICA LTDA\"},\"image\":{\"@id\":\"https:\/\/eco-tech.inf.br\/#\/schema\/logo\/image\/\"},\"sameAs\":[\"https:\/\/www.facebook.com\/EcoTech-Tecnologia-107960038523316\",\"https:\/\/www.instagram.com\/p\/CbRSB23MmFd\/?utm_medium=copy_link\"]}]}<\/script>\n<!-- \/ Yoast SEO plugin. -->","yoast_head_json":{"title":"TV 39\" SONY KDL-39R475A LED FH - Eco-Tech - Solu\u00e7\u00f5es em tecnologia","robots":{"index":"index","follow":"follow","max-snippet":"max-snippet:-1","max-image-preview":"max-image-preview:large","max-video-preview":"max-video-preview:-1"},"canonical":"https:\/\/eco-tech.inf.br\/index.php\/product\/tv-39-sony-kdl-39r475a-led-fh\/","og_locale":"pt_BR","og_type":"article","og_title":"TV 39\" SONY KDL-39R475A LED FH - Eco-Tech - Solu\u00e7\u00f5es em tecnologia","og_description":"A TV Sony LED de 39&#8243; KDL-39R475A Full HD \u00e9 perfeita para ser o centro de entretenimento de sua casa. Ela permite que voc\u00ea sintonize suas esta\u00e7\u00f5es de r\u00e1dio FM preferidas, al\u00e9m dos canais digitais abertos que voc\u00ea mais gosta. Conecte tamb\u00e9m um pen drive com m\u00fasicas, fotos e v\u00eddeos para reproduzi-los direto na sua [&hellip;]","og_url":"https:\/\/eco-tech.inf.br\/index.php\/product\/tv-39-sony-kdl-39r475a-led-fh\/","og_site_name":"Eco-Tech - Solu\u00e7\u00f5es em tecnologia","article_publisher":"https:\/\/www.facebook.com\/EcoTech-Tecnologia-107960038523316","og_image":[{"width":600,"height":600,"url":"http:\/\/eco-tech.inf.br\/wp-content\/uploads\/2025\/05\/TV-SONY.jpg","type":"image\/jpeg"}],"twitter_card":"summary_large_image","twitter_misc":{"Est. tempo de leitura":"1 minuto"},"schema":{"@context":"https:\/\/schema.org","@graph":[{"@type":"WebPage","@id":"https:\/\/eco-tech.inf.br\/index.php\/product\/tv-39-sony-kdl-39r475a-led-fh\/","url":"https:\/\/eco-tech.inf.br\/index.php\/product\/tv-39-sony-kdl-39r475a-led-fh\/","name":"TV 39\" SONY KDL-39R475A LED FH - Eco-Tech - Solu\u00e7\u00f5es em tecnologia","isPartOf":{"@id":"https:\/\/eco-tech.inf.br\/#website"},"primaryImageOfPage":{"@id":"https:\/\/eco-tech.inf.br\/index.php\/product\/tv-39-sony-kdl-39r475a-led-fh\/#primaryimage"},"image":{"@id":"https:\/\/eco-tech.inf.br\/index.php\/product\/tv-39-sony-kdl-39r475a-led-fh\/#primaryimage"},"thumbnailUrl":"https:\/\/i0.wp.com\/eco-tech.inf.br\/wp-content\/uploads\/2025\/05\/TV-SONY.jpg?fit=600%2C600&ssl=1","datePublished":"2025-05-22T15:57:12+00:00","dateModified":"2025-05-22T15:57:12+00:00","breadcrumb":{"@id":"https:\/\/eco-tech.inf.br\/index.php\/product\/tv-39-sony-kdl-39r475a-led-fh\/#breadcrumb"},"inLanguage":"pt-BR","potentialAction":[{"@type":"ReadAction","target":["https:\/\/eco-tech.inf.br\/index.php\/product\/tv-39-sony-kdl-39r475a-led-fh\/"]}]},{"@type":"ImageObject","inLanguage":"pt-BR","@id":"https:\/\/eco-tech.inf.br\/index.php\/product\/tv-39-sony-kdl-39r475a-led-fh\/#primaryimage","url":"https:\/\/i0.wp.com\/eco-tech.inf.br\/wp-content\/uploads\/2025\/05\/TV-SONY.jpg?fit=600%2C600&ssl=1","contentUrl":"https:\/\/i0.wp.com\/eco-tech.inf.br\/wp-content\/uploads\/2025\/05\/TV-SONY.jpg?fit=600%2C600&ssl=1","width":600,"height":600},{"@type":"BreadcrumbList","@id":"https:\/\/eco-tech.inf.br\/index.php\/product\/tv-39-sony-kdl-39r475a-led-fh\/#breadcrumb","itemListElement":[{"@type":"ListItem","position":1,"name":"In\u00edcio","item":"https:\/\/eco-tech.inf.br\/"},{"@type":"ListItem","position":2,"name":"Produtos","item":"https:\/\/eco-tech.inf.br\/index.php\/shop\/"},{"@type":"ListItem","position":3,"name":"TV 39&#8243; SONY KDL-39R475A LED FH"}]},{"@type":"WebSite","@id":"https:\/\/eco-tech.inf.br\/#website","url":"https:\/\/eco-tech.inf.br\/","name":"Eco-Tech - Solu\u00e7\u00f5es em tecnologia","description":"Possu\u00edmos mais de 15 (anos) anos de experi\u00eancia levando para o norte do Brasil tecnologia de ponta trazida por grandes organiza\u00e7\u00f5es dos mais variados seguimentos.","publisher":{"@id":"https:\/\/eco-tech.inf.br\/#organization"},"potentialAction":[{"@type":"SearchAction","target":{"@type":"EntryPoint","urlTemplate":"https:\/\/eco-tech.inf.br\/?s={search_term_string}"},"query-input":{"@type":"PropertyValueSpecification","valueRequired":true,"valueName":"search_term_string"}}],"inLanguage":"pt-BR"},{"@type":"Organization","@id":"https:\/\/eco-tech.inf.br\/#organization","name":"ELO SOLU\u00c7\u00d5ES TECNOL\u00d3GICA LTDA","url":"https:\/\/eco-tech.inf.br\/","logo":{"@type":"ImageObject","inLanguage":"pt-BR","@id":"https:\/\/eco-tech.inf.br\/#\/schema\/logo\/image\/","url":"https:\/\/i0.wp.com\/eco-tech.inf.br\/wp-content\/uploads\/2022\/03\/cropped-novologo-1.jpg?fit=512%2C512&ssl=1","contentUrl":"https:\/\/i0.wp.com\/eco-tech.inf.br\/wp-content\/uploads\/2022\/03\/cropped-novologo-1.jpg?fit=512%2C512&ssl=1","width":512,"height":512,"caption":"ELO SOLU\u00c7\u00d5ES TECNOL\u00d3GICA LTDA"},"image":{"@id":"https:\/\/eco-tech.inf.br\/#\/schema\/logo\/image\/"},"sameAs":["https:\/\/www.facebook.com\/EcoTech-Tecnologia-107960038523316","https:\/\/www.instagram.com\/p\/CbRSB23MmFd\/?utm_medium=copy_link"]}]}},"jetpack_sharing_enabled":true,"_links":{"self":[{"href":"https:\/\/eco-tech.inf.br\/index.php\/wp-json\/wp\/v2\/product\/996"}],"collection":[{"href":"https:\/\/eco-tech.inf.br\/index.php\/wp-json\/wp\/v2\/product"}],"about":[{"href":"https:\/\/eco-tech.inf.br\/index.php\/wp-json\/wp\/v2\/types\/product"}],"replies":[{"embeddable":true,"href":"https:\/\/eco-tech.inf.br\/index.php\/wp-json\/wp\/v2\/comments?post=996"}],"wp:featuredmedia":[{"embeddable":true,"href":"https:\/\/eco-tech.inf.br\/index.php\/wp-json\/wp\/v2\/media\/998"}],"wp:attachment":[{"href":"https:\/\/eco-tech.inf.br\/index.php\/wp-json\/wp\/v2\/media?parent=996"}],"wp:term":[{"taxonomy":"product_cat","embeddable":true,"href":"https:\/\/eco-tech.inf.br\/index.php\/wp-json\/wp\/v2\/product_cat?post=996"},{"taxonomy":"product_tag","embeddable":true,"href":"https:\/\/eco-tech.inf.br\/index.php\/wp-json\/wp\/v2\/product_tag?post=996"}],"curies":[{"name":"wp","href":"https:\/\/api.w.org\/{rel}","templated":true}]}}