{"id":944,"date":"2023-08-03T16:44:02","date_gmt":"2023-08-03T20:44:02","guid":{"rendered":"https:\/\/eco-tech.inf.br\/?post_type=product&#038;p=944"},"modified":"2023-08-03T16:44:03","modified_gmt":"2023-08-03T20:44:03","slug":"videoporteiro-wi-fi-acesso-via-aplicativo-allo-wt7-intelbras","status":"publish","type":"product","link":"https:\/\/eco-tech.inf.br\/index.php\/product\/videoporteiro-wi-fi-acesso-via-aplicativo-allo-wt7-intelbras\/","title":{"rendered":"Videoporteiro Wi-fi Acesso Via Aplicativo Allo Wt7 Intelbras"},"content":{"rendered":"<p>PRODUTO NOVO E COM GARANTIA DE F\u00c1BRICA!<\/p>\n<p>NF EMITIDA EXCLUSIVAMENTE CONFORME DADOS DO CADASTRO DO COMPRADOR!<\/p>\n<p>(N\u00e3o \u00e9 poss\u00edvel modificar esses dados ou emitir NF para terceiros)<\/p>\n<p>Produto: Videoporteiro Wi-Fi Wireless Sem Fio Atendimento via Aplicativo Smartphone Allo wT7 Intelbras<\/p>\n<p>SKU: 5237 \/ Refer\u00eancia: 4520046<\/p>\n<p>O Videoporteiro Residencial Allo wT7 une a tecnologia de fun\u00e7\u00f5es remotas via aplicativo com a qualidade de imagem Multi HD. Possibilita maior seguran\u00e7a para receber os visitantes ao visualizar, conversar e abrir fechaduras pelo display touch screen ou de qualquer lugar do mundo pelo aplicativo Allo wT7.<\/p>\n<p>Conex\u00e3o Wi-Fi<\/p>\n<p>Visualize, grave, atenda e abra portas remotamente pelo app Allo wT7.<\/p>\n<p>Grava\u00e7\u00e3o de foto e v\u00eddeo<\/p>\n<p>Tira fotos e grava v\u00eddeos de forma autom\u00e1tica ou por comando, para voc\u00ea saber tudo o que acontece a qualquer hora.<\/p>\n<p>Tecnologia Multi HD<\/p>\n<p>Alta qualidade de imagem e compatibilidade com at\u00e9 3 c\u00e2meras HD ou Full HD.<\/p>\n<p>Instala\u00e7\u00e3o vers\u00e1til<\/p>\n<p>Escolha a melhor op\u00e7\u00e3o para combinar com o ambiente: m\u00f3dulo externo de sobrepor ou de embutir. Acess\u00f3rio para embutir acompanha o produto.<\/p>\n<p>Visualiza\u00e7\u00e3o noturna<\/p>\n<p>A c\u00e2mera tem vis\u00e3o noturna com infravermelho para que voc\u00ea acompanhe tudo, mesmo no escuro.<\/p>\n<p>Acesso com cart\u00e3o RFID<\/p>\n<p>Praticidade e velocidade para acessar o ambiente.<\/p>\n<p>Fun\u00e7\u00e3o Antiviola\u00e7\u00e3o e Detec\u00e7\u00e3o de movimento<\/p>\n<p>Em caso de viola\u00e7\u00e3o do painel externo, o alarme ser\u00e1 acionado indicando sua viola\u00e7\u00e3o.Permite habilitar uma das c\u00e2meras para registro de detec\u00e7\u00e3o de movimento<\/p>\n<p>Especifica\u00e7\u00f5es T\u00e9cnicas:<\/p>\n<p>M\u00f3dulo interno<br \/>\nTecnologia do display: TFT-LDC com tela sens\u00edvel ao toque (touch screen)<br \/>\nTecnologia do display: MultiHD (CVI, TVI, AHD e CVBS)<br \/>\nTamanho da tela: 7&#8243;<br \/>\nResolu\u00e7\u00e3o do display: 1024 (RGB) x 600<br \/>\nEntrada de v\u00eddeo: 1080p \/ 720p \/ CVBS<br \/>\nAbertura: Contato aberto (NA-C): 100mA<br \/>\nTens\u00e3o de opera\u00e7\u00e3o: 100-240Vac<br \/>\n\u00c2ngulo de vis\u00e3o: 70<br \/>\nCanais de v\u00eddeo: 4 anal\u00f3gicos de alta resolu\u00e7\u00e3o<br \/>\nCanais de \u00e1udio: 2<br \/>\nM\u00f3dulos internos de v\u00eddeo:At\u00e9 6 monitores (1 principal + 5 extens\u00f5es)<br \/>\nGrava\u00e7\u00e3o de imagens: Mem\u00f3ria interna: at\u00e9 255 imagens<br \/>\nGrava\u00e7\u00e3o de v\u00eddeos: Mem\u00f3ria interna: at\u00e9 150 segundos de grava\u00e7\u00e3o<br \/>\nMem\u00f3ria externa: SDCard expans\u00edvel at\u00e9 128 G ( n\u00e3o acompanha produto)<br \/>\nComunica\u00e7\u00e3o remota Wi-Fi: 2,4 GHz (IEEE 802.11b\/g\/n 2,4 GHz)<br \/>\nPot\u00eancia da antena: Wi-Fi 2 dBi<\/p>\n<p>M\u00f3dulo externo<br \/>\nC\u00e2mera: HDCVI<br \/>\n\u00c2ngulo de abertura: 120 diagonal<br \/>\nResolu\u00e7\u00e3o: 720p<br \/>\nLEDs para vis\u00e3o noturna: LED branco<br \/>\nFechaduras: Fechadura el\u00e9trica -12V\/1A \/ Port\u00e3o de garagem-C\/NA<br \/>\nTens\u00e3o de opera\u00e7\u00e3o: 12-14,5Vdc (atrav\u00e9s do m\u00f3dulo interno)<\/p>\n<p>Conte\u00fado da embalagem<br \/>\n1 M\u00f3dulo interno<br \/>\n1 M\u00f3dulo externo<br \/>\n1 Acess\u00f3rio de instala\u00e7\u00e3o de embutir<br \/>\n1 Kit de fixa\u00e7\u00e3o<br \/>\n1 Manual<br \/>\n5 cart\u00f5es RFID<br \/>\n1 Kit de cabos de instala\u00e7\u00e3o<\/p>\n<p>* Para maiores especifica\u00e7\u00f5es t\u00e9cnicas consulte o manual do fabricante.<br \/>\n** As imagens s\u00e3o meramente ilustrativas, pois podem variar de acordo com o modelo e fabricante.<\/p>\n","protected":false},"excerpt":{"rendered":"<p>PRODUTO NOVO E COM GARANTIA DE F\u00c1BRICA! NF EMITIDA EXCLUSIVAMENTE CONFORME DADOS DO CADASTRO DO COMPRADOR! (N\u00e3o \u00e9 poss\u00edvel modificar esses dados ou emitir NF para terceiros) Produto: Videoporteiro Wi-Fi Wireless Sem Fio Atendimento via Aplicativo Smartphone Allo wT7 Intelbras SKU: 5237 \/ Refer\u00eancia: 4520046 O Videoporteiro Residencial Allo wT7 une a tecnologia de fun\u00e7\u00f5es [&hellip;]<\/p>\n","protected":false},"featured_media":945,"comment_status":"closed","ping_status":"closed","template":"","meta":[],"product_cat":[182,109],"product_tag":[214,184,213,212,215],"yoast_head":"<!-- This site is optimized with the Yoast SEO plugin v23.5 - https:\/\/yoast.com\/wordpress\/plugins\/seo\/ -->\n<title>Videoporteiro Wi-fi Acesso Via Aplicativo Allo Wt7 Intelbras - Eco-Tech - Solu\u00e7\u00f5es em tecnologia<\/title>\n<meta name=\"robots\" content=\"index, follow, max-snippet:-1, max-image-preview:large, max-video-preview:-1\" \/>\n<link rel=\"canonical\" href=\"https:\/\/eco-tech.inf.br\/index.php\/product\/videoporteiro-wi-fi-acesso-via-aplicativo-allo-wt7-intelbras\/\" \/>\n<meta property=\"og:locale\" content=\"pt_BR\" \/>\n<meta property=\"og:type\" content=\"article\" \/>\n<meta property=\"og:title\" content=\"Videoporteiro Wi-fi Acesso Via Aplicativo Allo Wt7 Intelbras - Eco-Tech - Solu\u00e7\u00f5es em tecnologia\" \/>\n<meta property=\"og:description\" content=\"PRODUTO NOVO E COM GARANTIA DE F\u00c1BRICA! NF EMITIDA EXCLUSIVAMENTE CONFORME DADOS DO CADASTRO DO COMPRADOR! (N\u00e3o \u00e9 poss\u00edvel modificar esses dados ou emitir NF para terceiros) Produto: Videoporteiro Wi-Fi Wireless Sem Fio Atendimento via Aplicativo Smartphone Allo wT7 Intelbras SKU: 5237 \/ Refer\u00eancia: 4520046 O Videoporteiro Residencial Allo wT7 une a tecnologia de fun\u00e7\u00f5es [&hellip;]\" \/>\n<meta property=\"og:url\" content=\"https:\/\/eco-tech.inf.br\/index.php\/product\/videoporteiro-wi-fi-acesso-via-aplicativo-allo-wt7-intelbras\/\" \/>\n<meta property=\"og:site_name\" content=\"Eco-Tech - Solu\u00e7\u00f5es em tecnologia\" \/>\n<meta property=\"article:publisher\" content=\"https:\/\/www.facebook.com\/EcoTech-Tecnologia-107960038523316\" \/>\n<meta property=\"article:modified_time\" content=\"2023-08-03T20:44:03+00:00\" \/>\n<meta property=\"og:image\" content=\"https:\/\/i0.wp.com\/eco-tech.inf.br\/wp-content\/uploads\/2023\/08\/VP1.png?fit=624%2C460&ssl=1\" \/>\n\t<meta property=\"og:image:width\" content=\"624\" \/>\n\t<meta property=\"og:image:height\" content=\"460\" \/>\n\t<meta property=\"og:image:type\" content=\"image\/png\" \/>\n<meta name=\"twitter:card\" content=\"summary_large_image\" \/>\n<script type=\"application\/ld+json\" class=\"yoast-schema-graph\">{\"@context\":\"https:\/\/schema.org\",\"@graph\":[{\"@type\":\"WebPage\",\"@id\":\"https:\/\/eco-tech.inf.br\/index.php\/product\/videoporteiro-wi-fi-acesso-via-aplicativo-allo-wt7-intelbras\/\",\"url\":\"https:\/\/eco-tech.inf.br\/index.php\/product\/videoporteiro-wi-fi-acesso-via-aplicativo-allo-wt7-intelbras\/\",\"name\":\"Videoporteiro Wi-fi Acesso Via Aplicativo Allo Wt7 Intelbras - Eco-Tech - Solu\u00e7\u00f5es em tecnologia\",\"isPartOf\":{\"@id\":\"https:\/\/eco-tech.inf.br\/#website\"},\"primaryImageOfPage\":{\"@id\":\"https:\/\/eco-tech.inf.br\/index.php\/product\/videoporteiro-wi-fi-acesso-via-aplicativo-allo-wt7-intelbras\/#primaryimage\"},\"image\":{\"@id\":\"https:\/\/eco-tech.inf.br\/index.php\/product\/videoporteiro-wi-fi-acesso-via-aplicativo-allo-wt7-intelbras\/#primaryimage\"},\"thumbnailUrl\":\"https:\/\/i0.wp.com\/eco-tech.inf.br\/wp-content\/uploads\/2023\/08\/VP1.png?fit=624%2C460&ssl=1\",\"datePublished\":\"2023-08-03T20:44:02+00:00\",\"dateModified\":\"2023-08-03T20:44:03+00:00\",\"breadcrumb\":{\"@id\":\"https:\/\/eco-tech.inf.br\/index.php\/product\/videoporteiro-wi-fi-acesso-via-aplicativo-allo-wt7-intelbras\/#breadcrumb\"},\"inLanguage\":\"pt-BR\",\"potentialAction\":[{\"@type\":\"ReadAction\",\"target\":[\"https:\/\/eco-tech.inf.br\/index.php\/product\/videoporteiro-wi-fi-acesso-via-aplicativo-allo-wt7-intelbras\/\"]}]},{\"@type\":\"ImageObject\",\"inLanguage\":\"pt-BR\",\"@id\":\"https:\/\/eco-tech.inf.br\/index.php\/product\/videoporteiro-wi-fi-acesso-via-aplicativo-allo-wt7-intelbras\/#primaryimage\",\"url\":\"https:\/\/i0.wp.com\/eco-tech.inf.br\/wp-content\/uploads\/2023\/08\/VP1.png?fit=624%2C460&ssl=1\",\"contentUrl\":\"https:\/\/i0.wp.com\/eco-tech.inf.br\/wp-content\/uploads\/2023\/08\/VP1.png?fit=624%2C460&ssl=1\",\"width\":624,\"height\":460},{\"@type\":\"BreadcrumbList\",\"@id\":\"https:\/\/eco-tech.inf.br\/index.php\/product\/videoporteiro-wi-fi-acesso-via-aplicativo-allo-wt7-intelbras\/#breadcrumb\",\"itemListElement\":[{\"@type\":\"ListItem\",\"position\":1,\"name\":\"In\u00edcio\",\"item\":\"https:\/\/eco-tech.inf.br\/\"},{\"@type\":\"ListItem\",\"position\":2,\"name\":\"Produtos\",\"item\":\"https:\/\/eco-tech.inf.br\/index.php\/shop\/\"},{\"@type\":\"ListItem\",\"position\":3,\"name\":\"Videoporteiro Wi-fi Acesso Via Aplicativo Allo Wt7 Intelbras\"}]},{\"@type\":\"WebSite\",\"@id\":\"https:\/\/eco-tech.inf.br\/#website\",\"url\":\"https:\/\/eco-tech.inf.br\/\",\"name\":\"Eco-Tech - Solu\u00e7\u00f5es em tecnologia\",\"description\":\"Possu\u00edmos mais de 15 (anos) anos de experi\u00eancia levando para o norte do Brasil tecnologia de ponta trazida por grandes organiza\u00e7\u00f5es dos mais variados seguimentos.\",\"publisher\":{\"@id\":\"https:\/\/eco-tech.inf.br\/#organization\"},\"potentialAction\":[{\"@type\":\"SearchAction\",\"target\":{\"@type\":\"EntryPoint\",\"urlTemplate\":\"https:\/\/eco-tech.inf.br\/?s={search_term_string}\"},\"query-input\":{\"@type\":\"PropertyValueSpecification\",\"valueRequired\":true,\"valueName\":\"search_term_string\"}}],\"inLanguage\":\"pt-BR\"},{\"@type\":\"Organization\",\"@id\":\"https:\/\/eco-tech.inf.br\/#organization\",\"name\":\"ELO SOLU\u00c7\u00d5ES TECNOL\u00d3GICA LTDA\",\"url\":\"https:\/\/eco-tech.inf.br\/\",\"logo\":{\"@type\":\"ImageObject\",\"inLanguage\":\"pt-BR\",\"@id\":\"https:\/\/eco-tech.inf.br\/#\/schema\/logo\/image\/\",\"url\":\"https:\/\/i0.wp.com\/eco-tech.inf.br\/wp-content\/uploads\/2022\/03\/cropped-novologo-1.jpg?fit=512%2C512&ssl=1\",\"contentUrl\":\"https:\/\/i0.wp.com\/eco-tech.inf.br\/wp-content\/uploads\/2022\/03\/cropped-novologo-1.jpg?fit=512%2C512&ssl=1\",\"width\":512,\"height\":512,\"caption\":\"ELO SOLU\u00c7\u00d5ES TECNOL\u00d3GICA LTDA\"},\"image\":{\"@id\":\"https:\/\/eco-tech.inf.br\/#\/schema\/logo\/image\/\"},\"sameAs\":[\"https:\/\/www.facebook.com\/EcoTech-Tecnologia-107960038523316\",\"https:\/\/www.instagram.com\/p\/CbRSB23MmFd\/?utm_medium=copy_link\"]}]}<\/script>\n<!-- \/ Yoast SEO plugin. -->","yoast_head_json":{"title":"Videoporteiro Wi-fi Acesso Via Aplicativo Allo Wt7 Intelbras - Eco-Tech - Solu\u00e7\u00f5es em tecnologia","robots":{"index":"index","follow":"follow","max-snippet":"max-snippet:-1","max-image-preview":"max-image-preview:large","max-video-preview":"max-video-preview:-1"},"canonical":"https:\/\/eco-tech.inf.br\/index.php\/product\/videoporteiro-wi-fi-acesso-via-aplicativo-allo-wt7-intelbras\/","og_locale":"pt_BR","og_type":"article","og_title":"Videoporteiro Wi-fi Acesso Via Aplicativo Allo Wt7 Intelbras - Eco-Tech - Solu\u00e7\u00f5es em tecnologia","og_description":"PRODUTO NOVO E COM GARANTIA DE F\u00c1BRICA! NF EMITIDA EXCLUSIVAMENTE CONFORME DADOS DO CADASTRO DO COMPRADOR! (N\u00e3o \u00e9 poss\u00edvel modificar esses dados ou emitir NF para terceiros) Produto: Videoporteiro Wi-Fi Wireless Sem Fio Atendimento via Aplicativo Smartphone Allo wT7 Intelbras SKU: 5237 \/ Refer\u00eancia: 4520046 O Videoporteiro Residencial Allo wT7 une a tecnologia de fun\u00e7\u00f5es [&hellip;]","og_url":"https:\/\/eco-tech.inf.br\/index.php\/product\/videoporteiro-wi-fi-acesso-via-aplicativo-allo-wt7-intelbras\/","og_site_name":"Eco-Tech - Solu\u00e7\u00f5es em tecnologia","article_publisher":"https:\/\/www.facebook.com\/EcoTech-Tecnologia-107960038523316","article_modified_time":"2023-08-03T20:44:03+00:00","og_image":[{"width":624,"height":460,"url":"https:\/\/i0.wp.com\/eco-tech.inf.br\/wp-content\/uploads\/2023\/08\/VP1.png?fit=624%2C460&ssl=1","type":"image\/png"}],"twitter_card":"summary_large_image","schema":{"@context":"https:\/\/schema.org","@graph":[{"@type":"WebPage","@id":"https:\/\/eco-tech.inf.br\/index.php\/product\/videoporteiro-wi-fi-acesso-via-aplicativo-allo-wt7-intelbras\/","url":"https:\/\/eco-tech.inf.br\/index.php\/product\/videoporteiro-wi-fi-acesso-via-aplicativo-allo-wt7-intelbras\/","name":"Videoporteiro Wi-fi Acesso Via Aplicativo Allo Wt7 Intelbras - Eco-Tech - Solu\u00e7\u00f5es em tecnologia","isPartOf":{"@id":"https:\/\/eco-tech.inf.br\/#website"},"primaryImageOfPage":{"@id":"https:\/\/eco-tech.inf.br\/index.php\/product\/videoporteiro-wi-fi-acesso-via-aplicativo-allo-wt7-intelbras\/#primaryimage"},"image":{"@id":"https:\/\/eco-tech.inf.br\/index.php\/product\/videoporteiro-wi-fi-acesso-via-aplicativo-allo-wt7-intelbras\/#primaryimage"},"thumbnailUrl":"https:\/\/i0.wp.com\/eco-tech.inf.br\/wp-content\/uploads\/2023\/08\/VP1.png?fit=624%2C460&ssl=1","datePublished":"2023-08-03T20:44:02+00:00","dateModified":"2023-08-03T20:44:03+00:00","breadcrumb":{"@id":"https:\/\/eco-tech.inf.br\/index.php\/product\/videoporteiro-wi-fi-acesso-via-aplicativo-allo-wt7-intelbras\/#breadcrumb"},"inLanguage":"pt-BR","potentialAction":[{"@type":"ReadAction","target":["https:\/\/eco-tech.inf.br\/index.php\/product\/videoporteiro-wi-fi-acesso-via-aplicativo-allo-wt7-intelbras\/"]}]},{"@type":"ImageObject","inLanguage":"pt-BR","@id":"https:\/\/eco-tech.inf.br\/index.php\/product\/videoporteiro-wi-fi-acesso-via-aplicativo-allo-wt7-intelbras\/#primaryimage","url":"https:\/\/i0.wp.com\/eco-tech.inf.br\/wp-content\/uploads\/2023\/08\/VP1.png?fit=624%2C460&ssl=1","contentUrl":"https:\/\/i0.wp.com\/eco-tech.inf.br\/wp-content\/uploads\/2023\/08\/VP1.png?fit=624%2C460&ssl=1","width":624,"height":460},{"@type":"BreadcrumbList","@id":"https:\/\/eco-tech.inf.br\/index.php\/product\/videoporteiro-wi-fi-acesso-via-aplicativo-allo-wt7-intelbras\/#breadcrumb","itemListElement":[{"@type":"ListItem","position":1,"name":"In\u00edcio","item":"https:\/\/eco-tech.inf.br\/"},{"@type":"ListItem","position":2,"name":"Produtos","item":"https:\/\/eco-tech.inf.br\/index.php\/shop\/"},{"@type":"ListItem","position":3,"name":"Videoporteiro Wi-fi Acesso Via Aplicativo Allo Wt7 Intelbras"}]},{"@type":"WebSite","@id":"https:\/\/eco-tech.inf.br\/#website","url":"https:\/\/eco-tech.inf.br\/","name":"Eco-Tech - Solu\u00e7\u00f5es em tecnologia","description":"Possu\u00edmos mais de 15 (anos) anos de experi\u00eancia levando para o norte do Brasil tecnologia de ponta trazida por grandes organiza\u00e7\u00f5es dos mais variados seguimentos.","publisher":{"@id":"https:\/\/eco-tech.inf.br\/#organization"},"potentialAction":[{"@type":"SearchAction","target":{"@type":"EntryPoint","urlTemplate":"https:\/\/eco-tech.inf.br\/?s={search_term_string}"},"query-input":{"@type":"PropertyValueSpecification","valueRequired":true,"valueName":"search_term_string"}}],"inLanguage":"pt-BR"},{"@type":"Organization","@id":"https:\/\/eco-tech.inf.br\/#organization","name":"ELO SOLU\u00c7\u00d5ES TECNOL\u00d3GICA LTDA","url":"https:\/\/eco-tech.inf.br\/","logo":{"@type":"ImageObject","inLanguage":"pt-BR","@id":"https:\/\/eco-tech.inf.br\/#\/schema\/logo\/image\/","url":"https:\/\/i0.wp.com\/eco-tech.inf.br\/wp-content\/uploads\/2022\/03\/cropped-novologo-1.jpg?fit=512%2C512&ssl=1","contentUrl":"https:\/\/i0.wp.com\/eco-tech.inf.br\/wp-content\/uploads\/2022\/03\/cropped-novologo-1.jpg?fit=512%2C512&ssl=1","width":512,"height":512,"caption":"ELO SOLU\u00c7\u00d5ES TECNOL\u00d3GICA LTDA"},"image":{"@id":"https:\/\/eco-tech.inf.br\/#\/schema\/logo\/image\/"},"sameAs":["https:\/\/www.facebook.com\/EcoTech-Tecnologia-107960038523316","https:\/\/www.instagram.com\/p\/CbRSB23MmFd\/?utm_medium=copy_link"]}]}},"jetpack_sharing_enabled":true,"_links":{"self":[{"href":"https:\/\/eco-tech.inf.br\/index.php\/wp-json\/wp\/v2\/product\/944"}],"collection":[{"href":"https:\/\/eco-tech.inf.br\/index.php\/wp-json\/wp\/v2\/product"}],"about":[{"href":"https:\/\/eco-tech.inf.br\/index.php\/wp-json\/wp\/v2\/types\/product"}],"replies":[{"embeddable":true,"href":"https:\/\/eco-tech.inf.br\/index.php\/wp-json\/wp\/v2\/comments?post=944"}],"wp:featuredmedia":[{"embeddable":true,"href":"https:\/\/eco-tech.inf.br\/index.php\/wp-json\/wp\/v2\/media\/945"}],"wp:attachment":[{"href":"https:\/\/eco-tech.inf.br\/index.php\/wp-json\/wp\/v2\/media?parent=944"}],"wp:term":[{"taxonomy":"product_cat","embeddable":true,"href":"https:\/\/eco-tech.inf.br\/index.php\/wp-json\/wp\/v2\/product_cat?post=944"},{"taxonomy":"product_tag","embeddable":true,"href":"https:\/\/eco-tech.inf.br\/index.php\/wp-json\/wp\/v2\/product_tag?post=944"}],"curies":[{"name":"wp","href":"https:\/\/api.w.org\/{rel}","templated":true}]}}