{"id":941,"date":"2023-08-03T16:36:36","date_gmt":"2023-08-03T20:36:36","guid":{"rendered":"https:\/\/eco-tech.inf.br\/?post_type=product&#038;p=941"},"modified":"2023-08-03T16:36:38","modified_gmt":"2023-08-03T20:36:38","slug":"fone-de-ouvido-in-ear-bluetooth-jbl-wave-buds-tws-preto","status":"publish","type":"product","link":"https:\/\/eco-tech.inf.br\/index.php\/product\/fone-de-ouvido-in-ear-bluetooth-jbl-wave-buds-tws-preto\/","title":{"rendered":"Fone De Ouvido In-ear Bluetooth Jbl Wave Buds Tws Preto"},"content":{"rendered":"<p>PRODUTO ORIGINAL, COM NOTA FISCAL E GARANTIA DE 1 ANO.<\/p>\n<p>&#8211; Fone de ouvido JBL Wave Buds sem fio &#8211; Preto. Aproveite ao m\u00e1ximo suas mixagens com \u00e1udio de alta qualidade nos fones de ouvido seguros e confi\u00e1veis com drivers de 8mm com som JBL Deep Bass. Ajuste confort\u00e1vel &#8211; O design ergon\u00f4mico do formato Bud do JBL Wave Buds se encaixa t\u00e3o confortavelmente que voc\u00ea pode esquecer que est\u00e1 utilizando-o. O design Bud veda suavemente seus ouvidos, bloqueando ru\u00eddos externos e melhorando o desempenho dos graves. Bateria com at\u00e9 8h de dura\u00e7\u00e3o e carregamento r\u00e1pido &#8211; os JBL Wave Buds oferecem \u00e1udio o dia todo. E quando precisar de mais energia, voc\u00ea pode acelerar o carregamento para mais 2 horas de reprodu\u00e7\u00e3o em apenas 10 minutos. Fique atento ao seu entorno.<\/p>\n<p>&#8211; Quando voc\u00ea precisar fazer uma pausa para um bate-papo r\u00e1pido, o Talk Thru permite que voc\u00ea ou\u00e7a instantaneamente a si mesmo e \u00e0s pessoas ao seu redor sem tirar seus fones de ouvido.<\/p>\n<p>&#8211; Chamadas Viva-voz com VoiceAware &#8211; Quando voc\u00ea est\u00e1 fazendo chamadas viva-voz em qualquer lugar, o VoiceAware permite que voc\u00ea equilibre quanto da sua pr\u00f3pria voz voc\u00ea ouve enquanto conversa com outras pessoas.<\/p>\n<p>&#8211; Resistente \u00e0 \u00e1gua e poeira &#8211; Da praia \u00e1 trilha de bicicleta, os fones com certifica\u00e7\u00e3o IP54 e o estojo de carregamento IPX2 s\u00e3o resistentes \u00e0 \u00e1gua e poeira para experi\u00eancias o dia todo. Compat\u00edvel com o APP JBL Headphones. Ou\u00e7a o dia todo do seu jeito. ajuste o seu som com o app dedicado e transforme os JBL Wave Buds em seu companheiro de \u00e1udio ideal.<\/p>\n<p>Especifica\u00e7\u00f5es Gerais:<br \/>\n&#8211; Driver: 8mm<\/p>\n<p>Especifica\u00e7\u00f5es de \u00c1udio:<br \/>\n&#8211; Sensibilidade do driver a 1kHz1mW: 100db<br \/>\n&#8211; Resposta de frequ\u00eancia din\u00e2mica: 20HZ &#8211; 20kHz<br \/>\n&#8211; Imped\u00e2ncia de entrada: 16 ohms Dimens\u00f5es<br \/>\n&#8211; Peso da caixa de carga: 34g<br \/>\n&#8211; Peso do fone de ouvido: 9g<\/p>\n<p>Especifica\u00e7\u00f5es de Controle e Conex\u00e3o:<br \/>\n&#8211; Perfis Bluetooth: A2DP V1.3, AVRCP V1.6, HFP V1.7<\/p>\n<p>&#8211; Faixa de frequ\u00eancia do emissor bluetooth: 2.4GHz &#8211; 2.4835GHz<br \/>\n&#8211; Pot\u00eancia de emiss\u00e3o do bluetooth: <10 dBm\n- Vers\u00e3o do bluetooth: 5.2 Dimens\u00f5es\n- Tempo de carregamento: 2h - Tempo m\u00e1ximo: 8h\n\nCaracter\u00edsticas:\n- Chargim cable: Sim\n- Sensibilidade ao ambiente: Sim\n- Microfone integrado: Sim\n- Chamada sem utilizar as m\u00e3os: Sim\n- True Wireless: Sim\n- Estojo para carregamento: Sim\n- Bateria recarreg\u00e1vel: Sim\n- Bluetooth: Sim\n\n- Conte\u00fado da Caixa - 1 fone de ouvido JBL Wave Buds - 1 estojo de carregamento - 1 cabo de recarga USB-C - 3 tamanhos de ponteiras auriculares - 1 garantia\/advert\u00eancias (W) - 1 guia de in\u00edcio r\u00e1pido\/ficha de seguran\u00e7a (S\/i)Menos\n<\/p>\n","protected":false},"excerpt":{"rendered":"<p>PRODUTO ORIGINAL, COM NOTA FISCAL E GARANTIA DE 1 ANO. &#8211; Fone de ouvido JBL Wave Buds sem fio &#8211; Preto. Aproveite ao m\u00e1ximo suas mixagens com \u00e1udio de alta qualidade nos fones de ouvido seguros e confi\u00e1veis com drivers de 8mm com som JBL Deep Bass. Ajuste confort\u00e1vel &#8211; O design ergon\u00f4mico do formato [&hellip;]<\/p>\n","protected":false},"featured_media":942,"comment_status":"closed","ping_status":"closed","template":"","meta":[],"product_cat":[175,158],"product_tag":[211,210,170],"yoast_head":"<!-- This site is optimized with the Yoast SEO plugin v23.5 - https:\/\/yoast.com\/wordpress\/plugins\/seo\/ -->\n<title>Fone De Ouvido In-ear Bluetooth Jbl Wave Buds Tws Preto - Eco-Tech - Solu\u00e7\u00f5es em tecnologia<\/title>\n<meta name=\"robots\" content=\"index, follow, max-snippet:-1, max-image-preview:large, max-video-preview:-1\" \/>\n<link rel=\"canonical\" href=\"https:\/\/eco-tech.inf.br\/index.php\/product\/fone-de-ouvido-in-ear-bluetooth-jbl-wave-buds-tws-preto\/\" \/>\n<meta property=\"og:locale\" content=\"pt_BR\" \/>\n<meta property=\"og:type\" content=\"article\" \/>\n<meta property=\"og:title\" content=\"Fone De Ouvido In-ear Bluetooth Jbl Wave Buds Tws Preto - Eco-Tech - Solu\u00e7\u00f5es em tecnologia\" \/>\n<meta property=\"og:description\" content=\"PRODUTO ORIGINAL, COM NOTA FISCAL E GARANTIA DE 1 ANO. &#8211; Fone de ouvido JBL Wave Buds sem fio &#8211; Preto. Aproveite ao m\u00e1ximo suas mixagens com \u00e1udio de alta qualidade nos fones de ouvido seguros e confi\u00e1veis com drivers de 8mm com som JBL Deep Bass. Ajuste confort\u00e1vel &#8211; O design ergon\u00f4mico do formato [&hellip;]\" \/>\n<meta property=\"og:url\" content=\"https:\/\/eco-tech.inf.br\/index.php\/product\/fone-de-ouvido-in-ear-bluetooth-jbl-wave-buds-tws-preto\/\" \/>\n<meta property=\"og:site_name\" content=\"Eco-Tech - Solu\u00e7\u00f5es em tecnologia\" \/>\n<meta property=\"article:publisher\" content=\"https:\/\/www.facebook.com\/EcoTech-Tecnologia-107960038523316\" \/>\n<meta property=\"article:modified_time\" content=\"2023-08-03T20:36:38+00:00\" \/>\n<meta property=\"og:image\" content=\"https:\/\/i0.wp.com\/eco-tech.inf.br\/wp-content\/uploads\/2023\/08\/WAVE1.png?fit=359%2C433&ssl=1\" \/>\n\t<meta property=\"og:image:width\" content=\"359\" \/>\n\t<meta property=\"og:image:height\" content=\"433\" \/>\n\t<meta property=\"og:image:type\" content=\"image\/png\" \/>\n<meta name=\"twitter:card\" content=\"summary_large_image\" \/>\n<script type=\"application\/ld+json\" class=\"yoast-schema-graph\">{\"@context\":\"https:\/\/schema.org\",\"@graph\":[{\"@type\":\"WebPage\",\"@id\":\"https:\/\/eco-tech.inf.br\/index.php\/product\/fone-de-ouvido-in-ear-bluetooth-jbl-wave-buds-tws-preto\/\",\"url\":\"https:\/\/eco-tech.inf.br\/index.php\/product\/fone-de-ouvido-in-ear-bluetooth-jbl-wave-buds-tws-preto\/\",\"name\":\"Fone De Ouvido In-ear Bluetooth Jbl Wave Buds Tws Preto - Eco-Tech - Solu\u00e7\u00f5es em tecnologia\",\"isPartOf\":{\"@id\":\"https:\/\/eco-tech.inf.br\/#website\"},\"primaryImageOfPage\":{\"@id\":\"https:\/\/eco-tech.inf.br\/index.php\/product\/fone-de-ouvido-in-ear-bluetooth-jbl-wave-buds-tws-preto\/#primaryimage\"},\"image\":{\"@id\":\"https:\/\/eco-tech.inf.br\/index.php\/product\/fone-de-ouvido-in-ear-bluetooth-jbl-wave-buds-tws-preto\/#primaryimage\"},\"thumbnailUrl\":\"https:\/\/i0.wp.com\/eco-tech.inf.br\/wp-content\/uploads\/2023\/08\/WAVE1.png?fit=359%2C433&ssl=1\",\"datePublished\":\"2023-08-03T20:36:36+00:00\",\"dateModified\":\"2023-08-03T20:36:38+00:00\",\"breadcrumb\":{\"@id\":\"https:\/\/eco-tech.inf.br\/index.php\/product\/fone-de-ouvido-in-ear-bluetooth-jbl-wave-buds-tws-preto\/#breadcrumb\"},\"inLanguage\":\"pt-BR\",\"potentialAction\":[{\"@type\":\"ReadAction\",\"target\":[\"https:\/\/eco-tech.inf.br\/index.php\/product\/fone-de-ouvido-in-ear-bluetooth-jbl-wave-buds-tws-preto\/\"]}]},{\"@type\":\"ImageObject\",\"inLanguage\":\"pt-BR\",\"@id\":\"https:\/\/eco-tech.inf.br\/index.php\/product\/fone-de-ouvido-in-ear-bluetooth-jbl-wave-buds-tws-preto\/#primaryimage\",\"url\":\"https:\/\/i0.wp.com\/eco-tech.inf.br\/wp-content\/uploads\/2023\/08\/WAVE1.png?fit=359%2C433&ssl=1\",\"contentUrl\":\"https:\/\/i0.wp.com\/eco-tech.inf.br\/wp-content\/uploads\/2023\/08\/WAVE1.png?fit=359%2C433&ssl=1\",\"width\":359,\"height\":433},{\"@type\":\"BreadcrumbList\",\"@id\":\"https:\/\/eco-tech.inf.br\/index.php\/product\/fone-de-ouvido-in-ear-bluetooth-jbl-wave-buds-tws-preto\/#breadcrumb\",\"itemListElement\":[{\"@type\":\"ListItem\",\"position\":1,\"name\":\"In\u00edcio\",\"item\":\"https:\/\/eco-tech.inf.br\/\"},{\"@type\":\"ListItem\",\"position\":2,\"name\":\"Produtos\",\"item\":\"https:\/\/eco-tech.inf.br\/index.php\/shop\/\"},{\"@type\":\"ListItem\",\"position\":3,\"name\":\"Fone De Ouvido In-ear Bluetooth Jbl Wave Buds Tws Preto\"}]},{\"@type\":\"WebSite\",\"@id\":\"https:\/\/eco-tech.inf.br\/#website\",\"url\":\"https:\/\/eco-tech.inf.br\/\",\"name\":\"Eco-Tech - Solu\u00e7\u00f5es em tecnologia\",\"description\":\"Possu\u00edmos mais de 15 (anos) anos de experi\u00eancia levando para o norte do Brasil tecnologia de ponta trazida por grandes organiza\u00e7\u00f5es dos mais variados seguimentos.\",\"publisher\":{\"@id\":\"https:\/\/eco-tech.inf.br\/#organization\"},\"potentialAction\":[{\"@type\":\"SearchAction\",\"target\":{\"@type\":\"EntryPoint\",\"urlTemplate\":\"https:\/\/eco-tech.inf.br\/?s={search_term_string}\"},\"query-input\":{\"@type\":\"PropertyValueSpecification\",\"valueRequired\":true,\"valueName\":\"search_term_string\"}}],\"inLanguage\":\"pt-BR\"},{\"@type\":\"Organization\",\"@id\":\"https:\/\/eco-tech.inf.br\/#organization\",\"name\":\"ELO SOLU\u00c7\u00d5ES TECNOL\u00d3GICA LTDA\",\"url\":\"https:\/\/eco-tech.inf.br\/\",\"logo\":{\"@type\":\"ImageObject\",\"inLanguage\":\"pt-BR\",\"@id\":\"https:\/\/eco-tech.inf.br\/#\/schema\/logo\/image\/\",\"url\":\"https:\/\/i0.wp.com\/eco-tech.inf.br\/wp-content\/uploads\/2022\/03\/cropped-novologo-1.jpg?fit=512%2C512&ssl=1\",\"contentUrl\":\"https:\/\/i0.wp.com\/eco-tech.inf.br\/wp-content\/uploads\/2022\/03\/cropped-novologo-1.jpg?fit=512%2C512&ssl=1\",\"width\":512,\"height\":512,\"caption\":\"ELO SOLU\u00c7\u00d5ES TECNOL\u00d3GICA LTDA\"},\"image\":{\"@id\":\"https:\/\/eco-tech.inf.br\/#\/schema\/logo\/image\/\"},\"sameAs\":[\"https:\/\/www.facebook.com\/EcoTech-Tecnologia-107960038523316\",\"https:\/\/www.instagram.com\/p\/CbRSB23MmFd\/?utm_medium=copy_link\"]}]}<\/script>\n<!-- \/ Yoast SEO plugin. -->","yoast_head_json":{"title":"Fone De Ouvido In-ear Bluetooth Jbl Wave Buds Tws Preto - Eco-Tech - Solu\u00e7\u00f5es em tecnologia","robots":{"index":"index","follow":"follow","max-snippet":"max-snippet:-1","max-image-preview":"max-image-preview:large","max-video-preview":"max-video-preview:-1"},"canonical":"https:\/\/eco-tech.inf.br\/index.php\/product\/fone-de-ouvido-in-ear-bluetooth-jbl-wave-buds-tws-preto\/","og_locale":"pt_BR","og_type":"article","og_title":"Fone De Ouvido In-ear Bluetooth Jbl Wave Buds Tws Preto - Eco-Tech - Solu\u00e7\u00f5es em tecnologia","og_description":"PRODUTO ORIGINAL, COM NOTA FISCAL E GARANTIA DE 1 ANO. &#8211; Fone de ouvido JBL Wave Buds sem fio &#8211; Preto. Aproveite ao m\u00e1ximo suas mixagens com \u00e1udio de alta qualidade nos fones de ouvido seguros e confi\u00e1veis com drivers de 8mm com som JBL Deep Bass. Ajuste confort\u00e1vel &#8211; O design ergon\u00f4mico do formato [&hellip;]","og_url":"https:\/\/eco-tech.inf.br\/index.php\/product\/fone-de-ouvido-in-ear-bluetooth-jbl-wave-buds-tws-preto\/","og_site_name":"Eco-Tech - Solu\u00e7\u00f5es em tecnologia","article_publisher":"https:\/\/www.facebook.com\/EcoTech-Tecnologia-107960038523316","article_modified_time":"2023-08-03T20:36:38+00:00","og_image":[{"width":359,"height":433,"url":"https:\/\/i0.wp.com\/eco-tech.inf.br\/wp-content\/uploads\/2023\/08\/WAVE1.png?fit=359%2C433&ssl=1","type":"image\/png"}],"twitter_card":"summary_large_image","schema":{"@context":"https:\/\/schema.org","@graph":[{"@type":"WebPage","@id":"https:\/\/eco-tech.inf.br\/index.php\/product\/fone-de-ouvido-in-ear-bluetooth-jbl-wave-buds-tws-preto\/","url":"https:\/\/eco-tech.inf.br\/index.php\/product\/fone-de-ouvido-in-ear-bluetooth-jbl-wave-buds-tws-preto\/","name":"Fone De Ouvido In-ear Bluetooth Jbl Wave Buds Tws Preto - Eco-Tech - Solu\u00e7\u00f5es em tecnologia","isPartOf":{"@id":"https:\/\/eco-tech.inf.br\/#website"},"primaryImageOfPage":{"@id":"https:\/\/eco-tech.inf.br\/index.php\/product\/fone-de-ouvido-in-ear-bluetooth-jbl-wave-buds-tws-preto\/#primaryimage"},"image":{"@id":"https:\/\/eco-tech.inf.br\/index.php\/product\/fone-de-ouvido-in-ear-bluetooth-jbl-wave-buds-tws-preto\/#primaryimage"},"thumbnailUrl":"https:\/\/i0.wp.com\/eco-tech.inf.br\/wp-content\/uploads\/2023\/08\/WAVE1.png?fit=359%2C433&ssl=1","datePublished":"2023-08-03T20:36:36+00:00","dateModified":"2023-08-03T20:36:38+00:00","breadcrumb":{"@id":"https:\/\/eco-tech.inf.br\/index.php\/product\/fone-de-ouvido-in-ear-bluetooth-jbl-wave-buds-tws-preto\/#breadcrumb"},"inLanguage":"pt-BR","potentialAction":[{"@type":"ReadAction","target":["https:\/\/eco-tech.inf.br\/index.php\/product\/fone-de-ouvido-in-ear-bluetooth-jbl-wave-buds-tws-preto\/"]}]},{"@type":"ImageObject","inLanguage":"pt-BR","@id":"https:\/\/eco-tech.inf.br\/index.php\/product\/fone-de-ouvido-in-ear-bluetooth-jbl-wave-buds-tws-preto\/#primaryimage","url":"https:\/\/i0.wp.com\/eco-tech.inf.br\/wp-content\/uploads\/2023\/08\/WAVE1.png?fit=359%2C433&ssl=1","contentUrl":"https:\/\/i0.wp.com\/eco-tech.inf.br\/wp-content\/uploads\/2023\/08\/WAVE1.png?fit=359%2C433&ssl=1","width":359,"height":433},{"@type":"BreadcrumbList","@id":"https:\/\/eco-tech.inf.br\/index.php\/product\/fone-de-ouvido-in-ear-bluetooth-jbl-wave-buds-tws-preto\/#breadcrumb","itemListElement":[{"@type":"ListItem","position":1,"name":"In\u00edcio","item":"https:\/\/eco-tech.inf.br\/"},{"@type":"ListItem","position":2,"name":"Produtos","item":"https:\/\/eco-tech.inf.br\/index.php\/shop\/"},{"@type":"ListItem","position":3,"name":"Fone De Ouvido In-ear Bluetooth Jbl Wave Buds Tws Preto"}]},{"@type":"WebSite","@id":"https:\/\/eco-tech.inf.br\/#website","url":"https:\/\/eco-tech.inf.br\/","name":"Eco-Tech - Solu\u00e7\u00f5es em tecnologia","description":"Possu\u00edmos mais de 15 (anos) anos de experi\u00eancia levando para o norte do Brasil tecnologia de ponta trazida por grandes organiza\u00e7\u00f5es dos mais variados seguimentos.","publisher":{"@id":"https:\/\/eco-tech.inf.br\/#organization"},"potentialAction":[{"@type":"SearchAction","target":{"@type":"EntryPoint","urlTemplate":"https:\/\/eco-tech.inf.br\/?s={search_term_string}"},"query-input":{"@type":"PropertyValueSpecification","valueRequired":true,"valueName":"search_term_string"}}],"inLanguage":"pt-BR"},{"@type":"Organization","@id":"https:\/\/eco-tech.inf.br\/#organization","name":"ELO SOLU\u00c7\u00d5ES TECNOL\u00d3GICA LTDA","url":"https:\/\/eco-tech.inf.br\/","logo":{"@type":"ImageObject","inLanguage":"pt-BR","@id":"https:\/\/eco-tech.inf.br\/#\/schema\/logo\/image\/","url":"https:\/\/i0.wp.com\/eco-tech.inf.br\/wp-content\/uploads\/2022\/03\/cropped-novologo-1.jpg?fit=512%2C512&ssl=1","contentUrl":"https:\/\/i0.wp.com\/eco-tech.inf.br\/wp-content\/uploads\/2022\/03\/cropped-novologo-1.jpg?fit=512%2C512&ssl=1","width":512,"height":512,"caption":"ELO SOLU\u00c7\u00d5ES TECNOL\u00d3GICA LTDA"},"image":{"@id":"https:\/\/eco-tech.inf.br\/#\/schema\/logo\/image\/"},"sameAs":["https:\/\/www.facebook.com\/EcoTech-Tecnologia-107960038523316","https:\/\/www.instagram.com\/p\/CbRSB23MmFd\/?utm_medium=copy_link"]}]}},"jetpack_sharing_enabled":true,"_links":{"self":[{"href":"https:\/\/eco-tech.inf.br\/index.php\/wp-json\/wp\/v2\/product\/941"}],"collection":[{"href":"https:\/\/eco-tech.inf.br\/index.php\/wp-json\/wp\/v2\/product"}],"about":[{"href":"https:\/\/eco-tech.inf.br\/index.php\/wp-json\/wp\/v2\/types\/product"}],"replies":[{"embeddable":true,"href":"https:\/\/eco-tech.inf.br\/index.php\/wp-json\/wp\/v2\/comments?post=941"}],"wp:featuredmedia":[{"embeddable":true,"href":"https:\/\/eco-tech.inf.br\/index.php\/wp-json\/wp\/v2\/media\/942"}],"wp:attachment":[{"href":"https:\/\/eco-tech.inf.br\/index.php\/wp-json\/wp\/v2\/media?parent=941"}],"wp:term":[{"taxonomy":"product_cat","embeddable":true,"href":"https:\/\/eco-tech.inf.br\/index.php\/wp-json\/wp\/v2\/product_cat?post=941"},{"taxonomy":"product_tag","embeddable":true,"href":"https:\/\/eco-tech.inf.br\/index.php\/wp-json\/wp\/v2\/product_tag?post=941"}],"curies":[{"name":"wp","href":"https:\/\/api.w.org\/{rel}","templated":true}]}}