{"id":934,"date":"2023-08-03T16:29:13","date_gmt":"2023-08-03T20:29:13","guid":{"rendered":"https:\/\/eco-tech.inf.br\/?post_type=product&#038;p=934"},"modified":"2023-08-03T16:29:14","modified_gmt":"2023-08-03T20:29:14","slug":"caixa-de-som-bluetooth-flip-essential-2-20w-preto-jbl-bivolt","status":"publish","type":"product","link":"https:\/\/eco-tech.inf.br\/index.php\/product\/caixa-de-som-bluetooth-flip-essential-2-20w-preto-jbl-bivolt\/","title":{"rendered":"Caixa De Som Bluetooth Flip Essential 2 20w Preto Jbl Bivolt"},"content":{"rendered":"<p>Pot\u00eancia sem fio com qualidade JBL.<\/p>\n<p>Desfrute de som est\u00e9reo poderoso, que preenche o ambiente de forma surpreendente, com a caixa de som Bluetooth port\u00e1til e ultracompacta JBL Flip Essential. Da mesa at\u00e9 a beira da piscina, das manh\u00e3s ensolaradas \u00e0s noites chuvosas, a Flip Essential \u00e9 a sua melhor companheira para todos os usos, para todos os climas.<\/p>\n<p>O driver tipo racetrack da Flip Essential 2 oferece o som JBL Original Pro Sound, que preenche o ambiente, e graves surpreendentemente profundos, resultando em um pacote compacto. N\u00e3o sofra com pequenos detalhes, como recarregar a bateria. A Flip Essential 2 oferece at\u00e9 dez horas de reprodu\u00e7\u00e3o. Ou\u00e7a m\u00fasica por mais tempo e em um volume mais alto com o potente som JBL Original Pro Sound.<\/p>\n<p>Dimens\u00f5es e peso:<br \/>\nAltura: 7cm.<br \/>\nLargura: 17.5cm.<br \/>\nProfundidade: 6.8cm.<br \/>\nPeso: 0.52kg.<\/p>\n","protected":false},"excerpt":{"rendered":"<p>Pot\u00eancia sem fio com qualidade JBL. Desfrute de som est\u00e9reo poderoso, que preenche o ambiente de forma surpreendente, com a caixa de som Bluetooth port\u00e1til e ultracompacta JBL Flip Essential. Da mesa at\u00e9 a beira da piscina, das manh\u00e3s ensolaradas \u00e0s noites chuvosas, a Flip Essential \u00e9 a sua melhor companheira para todos os usos, [&hellip;]<\/p>\n","protected":false},"featured_media":939,"comment_status":"closed","ping_status":"closed","template":"","meta":[],"product_cat":[175,71],"product_tag":[84,72,170],"yoast_head":"<!-- This site is optimized with the Yoast SEO plugin v23.5 - https:\/\/yoast.com\/wordpress\/plugins\/seo\/ -->\n<title>Caixa De Som Bluetooth Flip Essential 2 20w Preto Jbl Bivolt - Eco-Tech - Solu\u00e7\u00f5es em tecnologia<\/title>\n<meta name=\"robots\" content=\"index, follow, max-snippet:-1, max-image-preview:large, max-video-preview:-1\" \/>\n<link rel=\"canonical\" href=\"https:\/\/eco-tech.inf.br\/index.php\/product\/caixa-de-som-bluetooth-flip-essential-2-20w-preto-jbl-bivolt\/\" \/>\n<meta property=\"og:locale\" content=\"pt_BR\" \/>\n<meta property=\"og:type\" content=\"article\" \/>\n<meta property=\"og:title\" content=\"Caixa De Som Bluetooth Flip Essential 2 20w Preto Jbl Bivolt - Eco-Tech - Solu\u00e7\u00f5es em tecnologia\" \/>\n<meta property=\"og:description\" content=\"Pot\u00eancia sem fio com qualidade JBL. Desfrute de som est\u00e9reo poderoso, que preenche o ambiente de forma surpreendente, com a caixa de som Bluetooth port\u00e1til e ultracompacta JBL Flip Essential. Da mesa at\u00e9 a beira da piscina, das manh\u00e3s ensolaradas \u00e0s noites chuvosas, a Flip Essential \u00e9 a sua melhor companheira para todos os usos, [&hellip;]\" \/>\n<meta property=\"og:url\" content=\"https:\/\/eco-tech.inf.br\/index.php\/product\/caixa-de-som-bluetooth-flip-essential-2-20w-preto-jbl-bivolt\/\" \/>\n<meta property=\"og:site_name\" content=\"Eco-Tech - Solu\u00e7\u00f5es em tecnologia\" \/>\n<meta property=\"article:publisher\" content=\"https:\/\/www.facebook.com\/EcoTech-Tecnologia-107960038523316\" \/>\n<meta property=\"article:modified_time\" content=\"2023-08-03T20:29:14+00:00\" \/>\n<meta property=\"og:image\" content=\"https:\/\/i0.wp.com\/eco-tech.inf.br\/wp-content\/uploads\/2023\/08\/flip5.png?fit=343%2C498&ssl=1\" \/>\n\t<meta property=\"og:image:width\" content=\"343\" \/>\n\t<meta property=\"og:image:height\" content=\"498\" \/>\n\t<meta property=\"og:image:type\" content=\"image\/png\" \/>\n<meta name=\"twitter:card\" content=\"summary_large_image\" \/>\n<script type=\"application\/ld+json\" class=\"yoast-schema-graph\">{\"@context\":\"https:\/\/schema.org\",\"@graph\":[{\"@type\":\"WebPage\",\"@id\":\"https:\/\/eco-tech.inf.br\/index.php\/product\/caixa-de-som-bluetooth-flip-essential-2-20w-preto-jbl-bivolt\/\",\"url\":\"https:\/\/eco-tech.inf.br\/index.php\/product\/caixa-de-som-bluetooth-flip-essential-2-20w-preto-jbl-bivolt\/\",\"name\":\"Caixa De Som Bluetooth Flip Essential 2 20w Preto Jbl Bivolt - Eco-Tech - Solu\u00e7\u00f5es em tecnologia\",\"isPartOf\":{\"@id\":\"https:\/\/eco-tech.inf.br\/#website\"},\"primaryImageOfPage\":{\"@id\":\"https:\/\/eco-tech.inf.br\/index.php\/product\/caixa-de-som-bluetooth-flip-essential-2-20w-preto-jbl-bivolt\/#primaryimage\"},\"image\":{\"@id\":\"https:\/\/eco-tech.inf.br\/index.php\/product\/caixa-de-som-bluetooth-flip-essential-2-20w-preto-jbl-bivolt\/#primaryimage\"},\"thumbnailUrl\":\"https:\/\/i0.wp.com\/eco-tech.inf.br\/wp-content\/uploads\/2023\/08\/flip5.png?fit=343%2C498&ssl=1\",\"datePublished\":\"2023-08-03T20:29:13+00:00\",\"dateModified\":\"2023-08-03T20:29:14+00:00\",\"breadcrumb\":{\"@id\":\"https:\/\/eco-tech.inf.br\/index.php\/product\/caixa-de-som-bluetooth-flip-essential-2-20w-preto-jbl-bivolt\/#breadcrumb\"},\"inLanguage\":\"pt-BR\",\"potentialAction\":[{\"@type\":\"ReadAction\",\"target\":[\"https:\/\/eco-tech.inf.br\/index.php\/product\/caixa-de-som-bluetooth-flip-essential-2-20w-preto-jbl-bivolt\/\"]}]},{\"@type\":\"ImageObject\",\"inLanguage\":\"pt-BR\",\"@id\":\"https:\/\/eco-tech.inf.br\/index.php\/product\/caixa-de-som-bluetooth-flip-essential-2-20w-preto-jbl-bivolt\/#primaryimage\",\"url\":\"https:\/\/i0.wp.com\/eco-tech.inf.br\/wp-content\/uploads\/2023\/08\/flip5.png?fit=343%2C498&ssl=1\",\"contentUrl\":\"https:\/\/i0.wp.com\/eco-tech.inf.br\/wp-content\/uploads\/2023\/08\/flip5.png?fit=343%2C498&ssl=1\",\"width\":343,\"height\":498},{\"@type\":\"BreadcrumbList\",\"@id\":\"https:\/\/eco-tech.inf.br\/index.php\/product\/caixa-de-som-bluetooth-flip-essential-2-20w-preto-jbl-bivolt\/#breadcrumb\",\"itemListElement\":[{\"@type\":\"ListItem\",\"position\":1,\"name\":\"In\u00edcio\",\"item\":\"https:\/\/eco-tech.inf.br\/\"},{\"@type\":\"ListItem\",\"position\":2,\"name\":\"Produtos\",\"item\":\"https:\/\/eco-tech.inf.br\/index.php\/shop\/\"},{\"@type\":\"ListItem\",\"position\":3,\"name\":\"Caixa De Som Bluetooth Flip Essential 2 20w Preto Jbl Bivolt\"}]},{\"@type\":\"WebSite\",\"@id\":\"https:\/\/eco-tech.inf.br\/#website\",\"url\":\"https:\/\/eco-tech.inf.br\/\",\"name\":\"Eco-Tech - Solu\u00e7\u00f5es em tecnologia\",\"description\":\"Possu\u00edmos mais de 15 (anos) anos de experi\u00eancia levando para o norte do Brasil tecnologia de ponta trazida por grandes organiza\u00e7\u00f5es dos mais variados seguimentos.\",\"publisher\":{\"@id\":\"https:\/\/eco-tech.inf.br\/#organization\"},\"potentialAction\":[{\"@type\":\"SearchAction\",\"target\":{\"@type\":\"EntryPoint\",\"urlTemplate\":\"https:\/\/eco-tech.inf.br\/?s={search_term_string}\"},\"query-input\":{\"@type\":\"PropertyValueSpecification\",\"valueRequired\":true,\"valueName\":\"search_term_string\"}}],\"inLanguage\":\"pt-BR\"},{\"@type\":\"Organization\",\"@id\":\"https:\/\/eco-tech.inf.br\/#organization\",\"name\":\"ELO SOLU\u00c7\u00d5ES TECNOL\u00d3GICA LTDA\",\"url\":\"https:\/\/eco-tech.inf.br\/\",\"logo\":{\"@type\":\"ImageObject\",\"inLanguage\":\"pt-BR\",\"@id\":\"https:\/\/eco-tech.inf.br\/#\/schema\/logo\/image\/\",\"url\":\"https:\/\/i0.wp.com\/eco-tech.inf.br\/wp-content\/uploads\/2022\/03\/cropped-novologo-1.jpg?fit=512%2C512&ssl=1\",\"contentUrl\":\"https:\/\/i0.wp.com\/eco-tech.inf.br\/wp-content\/uploads\/2022\/03\/cropped-novologo-1.jpg?fit=512%2C512&ssl=1\",\"width\":512,\"height\":512,\"caption\":\"ELO SOLU\u00c7\u00d5ES TECNOL\u00d3GICA LTDA\"},\"image\":{\"@id\":\"https:\/\/eco-tech.inf.br\/#\/schema\/logo\/image\/\"},\"sameAs\":[\"https:\/\/www.facebook.com\/EcoTech-Tecnologia-107960038523316\",\"https:\/\/www.instagram.com\/p\/CbRSB23MmFd\/?utm_medium=copy_link\"]}]}<\/script>\n<!-- \/ Yoast SEO plugin. -->","yoast_head_json":{"title":"Caixa De Som Bluetooth Flip Essential 2 20w Preto Jbl Bivolt - Eco-Tech - Solu\u00e7\u00f5es em tecnologia","robots":{"index":"index","follow":"follow","max-snippet":"max-snippet:-1","max-image-preview":"max-image-preview:large","max-video-preview":"max-video-preview:-1"},"canonical":"https:\/\/eco-tech.inf.br\/index.php\/product\/caixa-de-som-bluetooth-flip-essential-2-20w-preto-jbl-bivolt\/","og_locale":"pt_BR","og_type":"article","og_title":"Caixa De Som Bluetooth Flip Essential 2 20w Preto Jbl Bivolt - Eco-Tech - Solu\u00e7\u00f5es em tecnologia","og_description":"Pot\u00eancia sem fio com qualidade JBL. Desfrute de som est\u00e9reo poderoso, que preenche o ambiente de forma surpreendente, com a caixa de som Bluetooth port\u00e1til e ultracompacta JBL Flip Essential. Da mesa at\u00e9 a beira da piscina, das manh\u00e3s ensolaradas \u00e0s noites chuvosas, a Flip Essential \u00e9 a sua melhor companheira para todos os usos, [&hellip;]","og_url":"https:\/\/eco-tech.inf.br\/index.php\/product\/caixa-de-som-bluetooth-flip-essential-2-20w-preto-jbl-bivolt\/","og_site_name":"Eco-Tech - Solu\u00e7\u00f5es em tecnologia","article_publisher":"https:\/\/www.facebook.com\/EcoTech-Tecnologia-107960038523316","article_modified_time":"2023-08-03T20:29:14+00:00","og_image":[{"width":343,"height":498,"url":"https:\/\/i0.wp.com\/eco-tech.inf.br\/wp-content\/uploads\/2023\/08\/flip5.png?fit=343%2C498&ssl=1","type":"image\/png"}],"twitter_card":"summary_large_image","schema":{"@context":"https:\/\/schema.org","@graph":[{"@type":"WebPage","@id":"https:\/\/eco-tech.inf.br\/index.php\/product\/caixa-de-som-bluetooth-flip-essential-2-20w-preto-jbl-bivolt\/","url":"https:\/\/eco-tech.inf.br\/index.php\/product\/caixa-de-som-bluetooth-flip-essential-2-20w-preto-jbl-bivolt\/","name":"Caixa De Som Bluetooth Flip Essential 2 20w Preto Jbl Bivolt - Eco-Tech - Solu\u00e7\u00f5es em tecnologia","isPartOf":{"@id":"https:\/\/eco-tech.inf.br\/#website"},"primaryImageOfPage":{"@id":"https:\/\/eco-tech.inf.br\/index.php\/product\/caixa-de-som-bluetooth-flip-essential-2-20w-preto-jbl-bivolt\/#primaryimage"},"image":{"@id":"https:\/\/eco-tech.inf.br\/index.php\/product\/caixa-de-som-bluetooth-flip-essential-2-20w-preto-jbl-bivolt\/#primaryimage"},"thumbnailUrl":"https:\/\/i0.wp.com\/eco-tech.inf.br\/wp-content\/uploads\/2023\/08\/flip5.png?fit=343%2C498&ssl=1","datePublished":"2023-08-03T20:29:13+00:00","dateModified":"2023-08-03T20:29:14+00:00","breadcrumb":{"@id":"https:\/\/eco-tech.inf.br\/index.php\/product\/caixa-de-som-bluetooth-flip-essential-2-20w-preto-jbl-bivolt\/#breadcrumb"},"inLanguage":"pt-BR","potentialAction":[{"@type":"ReadAction","target":["https:\/\/eco-tech.inf.br\/index.php\/product\/caixa-de-som-bluetooth-flip-essential-2-20w-preto-jbl-bivolt\/"]}]},{"@type":"ImageObject","inLanguage":"pt-BR","@id":"https:\/\/eco-tech.inf.br\/index.php\/product\/caixa-de-som-bluetooth-flip-essential-2-20w-preto-jbl-bivolt\/#primaryimage","url":"https:\/\/i0.wp.com\/eco-tech.inf.br\/wp-content\/uploads\/2023\/08\/flip5.png?fit=343%2C498&ssl=1","contentUrl":"https:\/\/i0.wp.com\/eco-tech.inf.br\/wp-content\/uploads\/2023\/08\/flip5.png?fit=343%2C498&ssl=1","width":343,"height":498},{"@type":"BreadcrumbList","@id":"https:\/\/eco-tech.inf.br\/index.php\/product\/caixa-de-som-bluetooth-flip-essential-2-20w-preto-jbl-bivolt\/#breadcrumb","itemListElement":[{"@type":"ListItem","position":1,"name":"In\u00edcio","item":"https:\/\/eco-tech.inf.br\/"},{"@type":"ListItem","position":2,"name":"Produtos","item":"https:\/\/eco-tech.inf.br\/index.php\/shop\/"},{"@type":"ListItem","position":3,"name":"Caixa De Som Bluetooth Flip Essential 2 20w Preto Jbl Bivolt"}]},{"@type":"WebSite","@id":"https:\/\/eco-tech.inf.br\/#website","url":"https:\/\/eco-tech.inf.br\/","name":"Eco-Tech - Solu\u00e7\u00f5es em tecnologia","description":"Possu\u00edmos mais de 15 (anos) anos de experi\u00eancia levando para o norte do Brasil tecnologia de ponta trazida por grandes organiza\u00e7\u00f5es dos mais variados seguimentos.","publisher":{"@id":"https:\/\/eco-tech.inf.br\/#organization"},"potentialAction":[{"@type":"SearchAction","target":{"@type":"EntryPoint","urlTemplate":"https:\/\/eco-tech.inf.br\/?s={search_term_string}"},"query-input":{"@type":"PropertyValueSpecification","valueRequired":true,"valueName":"search_term_string"}}],"inLanguage":"pt-BR"},{"@type":"Organization","@id":"https:\/\/eco-tech.inf.br\/#organization","name":"ELO SOLU\u00c7\u00d5ES TECNOL\u00d3GICA LTDA","url":"https:\/\/eco-tech.inf.br\/","logo":{"@type":"ImageObject","inLanguage":"pt-BR","@id":"https:\/\/eco-tech.inf.br\/#\/schema\/logo\/image\/","url":"https:\/\/i0.wp.com\/eco-tech.inf.br\/wp-content\/uploads\/2022\/03\/cropped-novologo-1.jpg?fit=512%2C512&ssl=1","contentUrl":"https:\/\/i0.wp.com\/eco-tech.inf.br\/wp-content\/uploads\/2022\/03\/cropped-novologo-1.jpg?fit=512%2C512&ssl=1","width":512,"height":512,"caption":"ELO SOLU\u00c7\u00d5ES TECNOL\u00d3GICA LTDA"},"image":{"@id":"https:\/\/eco-tech.inf.br\/#\/schema\/logo\/image\/"},"sameAs":["https:\/\/www.facebook.com\/EcoTech-Tecnologia-107960038523316","https:\/\/www.instagram.com\/p\/CbRSB23MmFd\/?utm_medium=copy_link"]}]}},"jetpack_sharing_enabled":true,"_links":{"self":[{"href":"https:\/\/eco-tech.inf.br\/index.php\/wp-json\/wp\/v2\/product\/934"}],"collection":[{"href":"https:\/\/eco-tech.inf.br\/index.php\/wp-json\/wp\/v2\/product"}],"about":[{"href":"https:\/\/eco-tech.inf.br\/index.php\/wp-json\/wp\/v2\/types\/product"}],"replies":[{"embeddable":true,"href":"https:\/\/eco-tech.inf.br\/index.php\/wp-json\/wp\/v2\/comments?post=934"}],"wp:featuredmedia":[{"embeddable":true,"href":"https:\/\/eco-tech.inf.br\/index.php\/wp-json\/wp\/v2\/media\/939"}],"wp:attachment":[{"href":"https:\/\/eco-tech.inf.br\/index.php\/wp-json\/wp\/v2\/media?parent=934"}],"wp:term":[{"taxonomy":"product_cat","embeddable":true,"href":"https:\/\/eco-tech.inf.br\/index.php\/wp-json\/wp\/v2\/product_cat?post=934"},{"taxonomy":"product_tag","embeddable":true,"href":"https:\/\/eco-tech.inf.br\/index.php\/wp-json\/wp\/v2\/product_tag?post=934"}],"curies":[{"name":"wp","href":"https:\/\/api.w.org\/{rel}","templated":true}]}}