{"id":910,"date":"2023-08-03T15:22:59","date_gmt":"2023-08-03T19:22:59","guid":{"rendered":"https:\/\/eco-tech.inf.br\/?post_type=product&#038;p=910"},"modified":"2024-01-31T16:34:55","modified_gmt":"2024-01-31T20:34:55","slug":"caixa-de-som-jbl-boombox3-reistente-a-agua","status":"publish","type":"product","link":"https:\/\/eco-tech.inf.br\/index.php\/product\/caixa-de-som-jbl-boombox3-reistente-a-agua\/","title":{"rendered":"CAIXA DE SOM JBL BOOMBOX3 REISTENTE A \u00c1GUA"},"content":{"rendered":"<p>Som potente. Durante o dia todo.<br \/>\nA Caixa de Som JBL Boombox 3 \u00e9 uma poderosa e potente caixa de som Bluetooth port\u00e1til. A silhueta ic\u00f4nica da JBL Boombox 3 tem uma nova e ousada atualiza\u00e7\u00e3o com uma al\u00e7a de metal resistente e partes em silicone, tampas laterais duplas e tecido exclusivo \u00e0 prova d&#8217;\u00e1gua e \u00e0 prova de poeira. Ela tamb\u00e9m foi redesenhada por dentro, com um novo subwoofer adicionado, que reproduz graves muito mais profundos e o potente JBL Original Pro Sound, tudo sem qualquer sinal de distor\u00e7\u00e3o. Com at\u00e9 24 horas de reprodu\u00e7\u00e3o, a Boombox 3 leva o melhor som at\u00e9 voc\u00ea, desde o treino matinal at\u00e9 um fim de noite com seus amigos. E para um som praticamente ilimitado, conecte instantaneamente v\u00e1rias caixas de som com o aplicativo JBL Portable.<\/p>\n<p>Som potente e graves mais profundos<br \/>\nCurta sua m\u00fasica com o potente JBL Original Pro Sound da sua Boombox 3. O novo sistema de 3 vias oferece maior sensibilidade do gabinete ac\u00fastico melhorando a clareza e diminuindo a distor\u00e7\u00e3o dos graves para um incr\u00edvel e completo espectro de \u00e1udio, n\u00e3o importando o quanto voc\u00ea aumente o volume.<\/p>\n<p>IP67 \u00e0 prova de poeira e \u00e1gua<br \/>\nEscutando m\u00fasica na piscina ou no parque, a JBL Boombox 3 \u00e9 \u00e0 prova de poeira e \u00e0 prova d&#8217;\u00e1gua IP67 de dando a seguran\u00e7a de som de qualidade sem preocupa\u00e7\u00f5es.<\/p>\n","protected":false},"excerpt":{"rendered":"<p>Som potente. Durante o dia todo. A Caixa de Som JBL Boombox 3 \u00e9 uma poderosa e potente caixa de som Bluetooth port\u00e1til. A silhueta ic\u00f4nica da JBL Boombox 3 tem uma nova e ousada atualiza\u00e7\u00e3o com uma al\u00e7a de metal resistente e partes em silicone, tampas laterais duplas e tecido exclusivo \u00e0 prova d&#8217;\u00e1gua [&hellip;]<\/p>\n","protected":false},"featured_media":915,"comment_status":"closed","ping_status":"closed","template":"","meta":[],"product_cat":[175,71],"product_tag":[207,170,206],"yoast_head":"<!-- This site is optimized with the Yoast SEO plugin v23.5 - https:\/\/yoast.com\/wordpress\/plugins\/seo\/ -->\n<title>CAIXA DE SOM JBL BOOMBOX3 REISTENTE A \u00c1GUA - Eco-Tech - Solu\u00e7\u00f5es em tecnologia<\/title>\n<meta name=\"robots\" content=\"index, follow, max-snippet:-1, max-image-preview:large, max-video-preview:-1\" \/>\n<link rel=\"canonical\" href=\"https:\/\/eco-tech.inf.br\/index.php\/product\/caixa-de-som-jbl-boombox3-reistente-a-agua\/\" \/>\n<meta property=\"og:locale\" content=\"pt_BR\" \/>\n<meta property=\"og:type\" content=\"article\" \/>\n<meta property=\"og:title\" content=\"CAIXA DE SOM JBL BOOMBOX3 REISTENTE A \u00c1GUA - Eco-Tech - Solu\u00e7\u00f5es em tecnologia\" \/>\n<meta property=\"og:description\" content=\"Som potente. Durante o dia todo. A Caixa de Som JBL Boombox 3 \u00e9 uma poderosa e potente caixa de som Bluetooth port\u00e1til. A silhueta ic\u00f4nica da JBL Boombox 3 tem uma nova e ousada atualiza\u00e7\u00e3o com uma al\u00e7a de metal resistente e partes em silicone, tampas laterais duplas e tecido exclusivo \u00e0 prova d&#8217;\u00e1gua [&hellip;]\" \/>\n<meta property=\"og:url\" content=\"https:\/\/eco-tech.inf.br\/index.php\/product\/caixa-de-som-jbl-boombox3-reistente-a-agua\/\" \/>\n<meta property=\"og:site_name\" content=\"Eco-Tech - Solu\u00e7\u00f5es em tecnologia\" \/>\n<meta property=\"article:publisher\" content=\"https:\/\/www.facebook.com\/EcoTech-Tecnologia-107960038523316\" \/>\n<meta property=\"article:modified_time\" content=\"2024-01-31T20:34:55+00:00\" \/>\n<meta property=\"og:image\" content=\"https:\/\/i0.wp.com\/eco-tech.inf.br\/wp-content\/uploads\/2023\/08\/bom3-pv6ljmz61l.webp?fit=640%2C563&ssl=1\" \/>\n\t<meta property=\"og:image:width\" content=\"640\" \/>\n\t<meta property=\"og:image:height\" content=\"563\" \/>\n\t<meta property=\"og:image:type\" content=\"image\/webp\" \/>\n<meta name=\"twitter:card\" content=\"summary_large_image\" \/>\n<meta name=\"twitter:label1\" content=\"Est. tempo de leitura\" \/>\n\t<meta name=\"twitter:data1\" content=\"2 minutos\" \/>\n<script type=\"application\/ld+json\" class=\"yoast-schema-graph\">{\"@context\":\"https:\/\/schema.org\",\"@graph\":[{\"@type\":\"WebPage\",\"@id\":\"https:\/\/eco-tech.inf.br\/index.php\/product\/caixa-de-som-jbl-boombox3-reistente-a-agua\/\",\"url\":\"https:\/\/eco-tech.inf.br\/index.php\/product\/caixa-de-som-jbl-boombox3-reistente-a-agua\/\",\"name\":\"CAIXA DE SOM JBL BOOMBOX3 REISTENTE A \u00c1GUA - Eco-Tech - Solu\u00e7\u00f5es em tecnologia\",\"isPartOf\":{\"@id\":\"https:\/\/eco-tech.inf.br\/#website\"},\"primaryImageOfPage\":{\"@id\":\"https:\/\/eco-tech.inf.br\/index.php\/product\/caixa-de-som-jbl-boombox3-reistente-a-agua\/#primaryimage\"},\"image\":{\"@id\":\"https:\/\/eco-tech.inf.br\/index.php\/product\/caixa-de-som-jbl-boombox3-reistente-a-agua\/#primaryimage\"},\"thumbnailUrl\":\"https:\/\/i0.wp.com\/eco-tech.inf.br\/wp-content\/uploads\/2023\/08\/bom3-pv6ljmz61l.webp?fit=640%2C563&ssl=1\",\"datePublished\":\"2023-08-03T19:22:59+00:00\",\"dateModified\":\"2024-01-31T20:34:55+00:00\",\"breadcrumb\":{\"@id\":\"https:\/\/eco-tech.inf.br\/index.php\/product\/caixa-de-som-jbl-boombox3-reistente-a-agua\/#breadcrumb\"},\"inLanguage\":\"pt-BR\",\"potentialAction\":[{\"@type\":\"ReadAction\",\"target\":[\"https:\/\/eco-tech.inf.br\/index.php\/product\/caixa-de-som-jbl-boombox3-reistente-a-agua\/\"]}]},{\"@type\":\"ImageObject\",\"inLanguage\":\"pt-BR\",\"@id\":\"https:\/\/eco-tech.inf.br\/index.php\/product\/caixa-de-som-jbl-boombox3-reistente-a-agua\/#primaryimage\",\"url\":\"https:\/\/i0.wp.com\/eco-tech.inf.br\/wp-content\/uploads\/2023\/08\/bom3-pv6ljmz61l.webp?fit=640%2C563&ssl=1\",\"contentUrl\":\"https:\/\/i0.wp.com\/eco-tech.inf.br\/wp-content\/uploads\/2023\/08\/bom3-pv6ljmz61l.webp?fit=640%2C563&ssl=1\",\"width\":640,\"height\":563},{\"@type\":\"BreadcrumbList\",\"@id\":\"https:\/\/eco-tech.inf.br\/index.php\/product\/caixa-de-som-jbl-boombox3-reistente-a-agua\/#breadcrumb\",\"itemListElement\":[{\"@type\":\"ListItem\",\"position\":1,\"name\":\"In\u00edcio\",\"item\":\"https:\/\/eco-tech.inf.br\/\"},{\"@type\":\"ListItem\",\"position\":2,\"name\":\"Produtos\",\"item\":\"https:\/\/eco-tech.inf.br\/index.php\/shop\/\"},{\"@type\":\"ListItem\",\"position\":3,\"name\":\"CAIXA DE SOM JBL BOOMBOX3 REISTENTE A \u00c1GUA\"}]},{\"@type\":\"WebSite\",\"@id\":\"https:\/\/eco-tech.inf.br\/#website\",\"url\":\"https:\/\/eco-tech.inf.br\/\",\"name\":\"Eco-Tech - Solu\u00e7\u00f5es em tecnologia\",\"description\":\"Possu\u00edmos mais de 15 (anos) anos de experi\u00eancia levando para o norte do Brasil tecnologia de ponta trazida por grandes organiza\u00e7\u00f5es dos mais variados seguimentos.\",\"publisher\":{\"@id\":\"https:\/\/eco-tech.inf.br\/#organization\"},\"potentialAction\":[{\"@type\":\"SearchAction\",\"target\":{\"@type\":\"EntryPoint\",\"urlTemplate\":\"https:\/\/eco-tech.inf.br\/?s={search_term_string}\"},\"query-input\":{\"@type\":\"PropertyValueSpecification\",\"valueRequired\":true,\"valueName\":\"search_term_string\"}}],\"inLanguage\":\"pt-BR\"},{\"@type\":\"Organization\",\"@id\":\"https:\/\/eco-tech.inf.br\/#organization\",\"name\":\"ELO SOLU\u00c7\u00d5ES TECNOL\u00d3GICA LTDA\",\"url\":\"https:\/\/eco-tech.inf.br\/\",\"logo\":{\"@type\":\"ImageObject\",\"inLanguage\":\"pt-BR\",\"@id\":\"https:\/\/eco-tech.inf.br\/#\/schema\/logo\/image\/\",\"url\":\"https:\/\/i0.wp.com\/eco-tech.inf.br\/wp-content\/uploads\/2022\/03\/cropped-novologo-1.jpg?fit=512%2C512&ssl=1\",\"contentUrl\":\"https:\/\/i0.wp.com\/eco-tech.inf.br\/wp-content\/uploads\/2022\/03\/cropped-novologo-1.jpg?fit=512%2C512&ssl=1\",\"width\":512,\"height\":512,\"caption\":\"ELO SOLU\u00c7\u00d5ES TECNOL\u00d3GICA LTDA\"},\"image\":{\"@id\":\"https:\/\/eco-tech.inf.br\/#\/schema\/logo\/image\/\"},\"sameAs\":[\"https:\/\/www.facebook.com\/EcoTech-Tecnologia-107960038523316\",\"https:\/\/www.instagram.com\/p\/CbRSB23MmFd\/?utm_medium=copy_link\"]}]}<\/script>\n<!-- \/ Yoast SEO plugin. -->","yoast_head_json":{"title":"CAIXA DE SOM JBL BOOMBOX3 REISTENTE A \u00c1GUA - Eco-Tech - Solu\u00e7\u00f5es em tecnologia","robots":{"index":"index","follow":"follow","max-snippet":"max-snippet:-1","max-image-preview":"max-image-preview:large","max-video-preview":"max-video-preview:-1"},"canonical":"https:\/\/eco-tech.inf.br\/index.php\/product\/caixa-de-som-jbl-boombox3-reistente-a-agua\/","og_locale":"pt_BR","og_type":"article","og_title":"CAIXA DE SOM JBL BOOMBOX3 REISTENTE A \u00c1GUA - Eco-Tech - Solu\u00e7\u00f5es em tecnologia","og_description":"Som potente. Durante o dia todo. A Caixa de Som JBL Boombox 3 \u00e9 uma poderosa e potente caixa de som Bluetooth port\u00e1til. A silhueta ic\u00f4nica da JBL Boombox 3 tem uma nova e ousada atualiza\u00e7\u00e3o com uma al\u00e7a de metal resistente e partes em silicone, tampas laterais duplas e tecido exclusivo \u00e0 prova d&#8217;\u00e1gua [&hellip;]","og_url":"https:\/\/eco-tech.inf.br\/index.php\/product\/caixa-de-som-jbl-boombox3-reistente-a-agua\/","og_site_name":"Eco-Tech - Solu\u00e7\u00f5es em tecnologia","article_publisher":"https:\/\/www.facebook.com\/EcoTech-Tecnologia-107960038523316","article_modified_time":"2024-01-31T20:34:55+00:00","og_image":[{"width":640,"height":563,"url":"https:\/\/i0.wp.com\/eco-tech.inf.br\/wp-content\/uploads\/2023\/08\/bom3-pv6ljmz61l.webp?fit=640%2C563&ssl=1","type":"image\/webp"}],"twitter_card":"summary_large_image","twitter_misc":{"Est. tempo de leitura":"2 minutos"},"schema":{"@context":"https:\/\/schema.org","@graph":[{"@type":"WebPage","@id":"https:\/\/eco-tech.inf.br\/index.php\/product\/caixa-de-som-jbl-boombox3-reistente-a-agua\/","url":"https:\/\/eco-tech.inf.br\/index.php\/product\/caixa-de-som-jbl-boombox3-reistente-a-agua\/","name":"CAIXA DE SOM JBL BOOMBOX3 REISTENTE A \u00c1GUA - Eco-Tech - Solu\u00e7\u00f5es em tecnologia","isPartOf":{"@id":"https:\/\/eco-tech.inf.br\/#website"},"primaryImageOfPage":{"@id":"https:\/\/eco-tech.inf.br\/index.php\/product\/caixa-de-som-jbl-boombox3-reistente-a-agua\/#primaryimage"},"image":{"@id":"https:\/\/eco-tech.inf.br\/index.php\/product\/caixa-de-som-jbl-boombox3-reistente-a-agua\/#primaryimage"},"thumbnailUrl":"https:\/\/i0.wp.com\/eco-tech.inf.br\/wp-content\/uploads\/2023\/08\/bom3-pv6ljmz61l.webp?fit=640%2C563&ssl=1","datePublished":"2023-08-03T19:22:59+00:00","dateModified":"2024-01-31T20:34:55+00:00","breadcrumb":{"@id":"https:\/\/eco-tech.inf.br\/index.php\/product\/caixa-de-som-jbl-boombox3-reistente-a-agua\/#breadcrumb"},"inLanguage":"pt-BR","potentialAction":[{"@type":"ReadAction","target":["https:\/\/eco-tech.inf.br\/index.php\/product\/caixa-de-som-jbl-boombox3-reistente-a-agua\/"]}]},{"@type":"ImageObject","inLanguage":"pt-BR","@id":"https:\/\/eco-tech.inf.br\/index.php\/product\/caixa-de-som-jbl-boombox3-reistente-a-agua\/#primaryimage","url":"https:\/\/i0.wp.com\/eco-tech.inf.br\/wp-content\/uploads\/2023\/08\/bom3-pv6ljmz61l.webp?fit=640%2C563&ssl=1","contentUrl":"https:\/\/i0.wp.com\/eco-tech.inf.br\/wp-content\/uploads\/2023\/08\/bom3-pv6ljmz61l.webp?fit=640%2C563&ssl=1","width":640,"height":563},{"@type":"BreadcrumbList","@id":"https:\/\/eco-tech.inf.br\/index.php\/product\/caixa-de-som-jbl-boombox3-reistente-a-agua\/#breadcrumb","itemListElement":[{"@type":"ListItem","position":1,"name":"In\u00edcio","item":"https:\/\/eco-tech.inf.br\/"},{"@type":"ListItem","position":2,"name":"Produtos","item":"https:\/\/eco-tech.inf.br\/index.php\/shop\/"},{"@type":"ListItem","position":3,"name":"CAIXA DE SOM JBL BOOMBOX3 REISTENTE A \u00c1GUA"}]},{"@type":"WebSite","@id":"https:\/\/eco-tech.inf.br\/#website","url":"https:\/\/eco-tech.inf.br\/","name":"Eco-Tech - Solu\u00e7\u00f5es em tecnologia","description":"Possu\u00edmos mais de 15 (anos) anos de experi\u00eancia levando para o norte do Brasil tecnologia de ponta trazida por grandes organiza\u00e7\u00f5es dos mais variados seguimentos.","publisher":{"@id":"https:\/\/eco-tech.inf.br\/#organization"},"potentialAction":[{"@type":"SearchAction","target":{"@type":"EntryPoint","urlTemplate":"https:\/\/eco-tech.inf.br\/?s={search_term_string}"},"query-input":{"@type":"PropertyValueSpecification","valueRequired":true,"valueName":"search_term_string"}}],"inLanguage":"pt-BR"},{"@type":"Organization","@id":"https:\/\/eco-tech.inf.br\/#organization","name":"ELO SOLU\u00c7\u00d5ES TECNOL\u00d3GICA LTDA","url":"https:\/\/eco-tech.inf.br\/","logo":{"@type":"ImageObject","inLanguage":"pt-BR","@id":"https:\/\/eco-tech.inf.br\/#\/schema\/logo\/image\/","url":"https:\/\/i0.wp.com\/eco-tech.inf.br\/wp-content\/uploads\/2022\/03\/cropped-novologo-1.jpg?fit=512%2C512&ssl=1","contentUrl":"https:\/\/i0.wp.com\/eco-tech.inf.br\/wp-content\/uploads\/2022\/03\/cropped-novologo-1.jpg?fit=512%2C512&ssl=1","width":512,"height":512,"caption":"ELO SOLU\u00c7\u00d5ES TECNOL\u00d3GICA LTDA"},"image":{"@id":"https:\/\/eco-tech.inf.br\/#\/schema\/logo\/image\/"},"sameAs":["https:\/\/www.facebook.com\/EcoTech-Tecnologia-107960038523316","https:\/\/www.instagram.com\/p\/CbRSB23MmFd\/?utm_medium=copy_link"]}]}},"jetpack_sharing_enabled":true,"_links":{"self":[{"href":"https:\/\/eco-tech.inf.br\/index.php\/wp-json\/wp\/v2\/product\/910"}],"collection":[{"href":"https:\/\/eco-tech.inf.br\/index.php\/wp-json\/wp\/v2\/product"}],"about":[{"href":"https:\/\/eco-tech.inf.br\/index.php\/wp-json\/wp\/v2\/types\/product"}],"replies":[{"embeddable":true,"href":"https:\/\/eco-tech.inf.br\/index.php\/wp-json\/wp\/v2\/comments?post=910"}],"wp:featuredmedia":[{"embeddable":true,"href":"https:\/\/eco-tech.inf.br\/index.php\/wp-json\/wp\/v2\/media\/915"}],"wp:attachment":[{"href":"https:\/\/eco-tech.inf.br\/index.php\/wp-json\/wp\/v2\/media?parent=910"}],"wp:term":[{"taxonomy":"product_cat","embeddable":true,"href":"https:\/\/eco-tech.inf.br\/index.php\/wp-json\/wp\/v2\/product_cat?post=910"},{"taxonomy":"product_tag","embeddable":true,"href":"https:\/\/eco-tech.inf.br\/index.php\/wp-json\/wp\/v2\/product_tag?post=910"}],"curies":[{"name":"wp","href":"https:\/\/api.w.org\/{rel}","templated":true}]}}