{"id":872,"date":"2023-02-11T12:38:50","date_gmt":"2023-02-11T16:38:50","guid":{"rendered":"https:\/\/eco-tech.inf.br\/?post_type=product&#038;p=872"},"modified":"2023-02-11T12:38:52","modified_gmt":"2023-02-11T16:38:52","slug":"camera-wifi-solar-ip66-lehmox","status":"publish","type":"product","link":"https:\/\/eco-tech.inf.br\/index.php\/product\/camera-wifi-solar-ip66-lehmox\/","title":{"rendered":"C\u00e2mera Wifi Solar IP66 Lehmox"},"content":{"rendered":"<p>C\u00e2mera IP com Painel de Energia Solar alimentada por bateria recarreg\u00e1vel.<br \/>\nA c\u00e2mera de seguran\u00e7a vem com bateria recarreg\u00e1vel que pode durar at\u00e9 5 dias depois de totalmente carregada.<\/p>\n<p>O melhor custo benef\u00edcio em sistema de c\u00e2mera de seguran\u00e7a fixa Wi-fi IP totalmente aut\u00f4nomo no quesito de fonte de alimenta\u00e7\u00e3o atrav\u00e9s de baterias e painel solar, ideal para uso externo em seu com\u00e9rcio, casa, s\u00edtio, fazenda ou ch\u00e1cara. Produto conta com detec\u00e7\u00e3o de movimento PIR que \u00e9 melhorado e menos sujeito a falhas de disparar com folhas, mosquitos, etc.<\/p>\n<p>Alt\u00edssima qualidade de imagem e v\u00eddeo indicada para quem quer manter a seguran\u00e7a dos patrim\u00f4nios e da fam\u00edlia, sem precisar se preocupar com acr\u00e9scimos na conta de energia no final do m\u00eas.<\/p>\n<p>Essa c\u00e2mera cobre uma \u00e1rea de 120 graus, \u00e9 poss\u00edvel aplicar zoom de at\u00e9 3X via Aplicativo (n\u00e3o tem zoom \u00f3ptico), lente ampla que fornece um campo de vis\u00e3o maior, voc\u00ea ver as imagens da c\u00e2mera atrav\u00e9s do Aplicativo ICSee em seu telefone. Monitore sua casa em todas as dire\u00e7\u00f5es e sinta-se mais seguro!<\/p>\n<p>\u00c1udio bidirecional n\u00edtido e IP66 \u00e0 prova de intemp\u00e9ries: A c\u00e2mera de seguran\u00e7a solar com microfone e alto-falante embutidos, que fornece conversa\u00e7\u00e3o bidirecional de alta fidelidade o tempo todo. Voc\u00ea pode ter uma videochamada em tempo real pelo Aplicativo com quem estiver em frente da c\u00e2mera em qualquer ocasi\u00e3o e situa\u00e7\u00e3o.<\/p>\n<p>A c\u00e2mera \u00e9 imperme\u00e1vel com certificado de seguran\u00e7a IP66, pode resistir a temperaturas de -15 C a 60 C e ainda funcionar bem em climas adversos, como chuva forte, neve, etc.<\/p>\n<p>Com ela instalada em sua casa, escrit\u00f3rio, com\u00e9rcio e afins voc\u00ea ter\u00e1 um verdadeiro vigia trabalhando 24 horas, 7 dias por semana, monitorando ponta a ponta, sem falhas e sem perder nenhuma informa\u00e7\u00e3o.<\/p>\n<p>Voc\u00ea sempre ser\u00e1 avisado, sempre que a c\u00e2mera detectar algo, automaticamente ela ir\u00e1 enviar uma notifica\u00e7\u00e3o ao seu celular atrav\u00e9s do seu celular.<\/p>\n<p>Caracter\u00edsticas da C\u00e2mera IP com Painel Solar:<\/p>\n<p>Resolu\u00e7\u00e3o: 2 Megal Pixels (1920\u00d71080)<br \/>\n\u00c2ngulo: 120<br \/>\nLente: 3,6 mm3<br \/>\nConectividade: Wi-Fi<br \/>\nSuporte a cart\u00e3o de mem\u00f3ria: sim (at\u00e9 128 GB)<br \/>\nProte\u00e7\u00e3o \u00e0 prova d&#8217;\u00e1gua: IP66<br \/>\nBateria: 18650 mAh<br \/>\nStand-by: 180 dias<br \/>\nAplicativo (Android e iOS): ICSee<\/p>\n<p>Itens Inclusos:<\/p>\n<p>1 x C\u00e2mera IP Bullet<br \/>\n1 x Painel Solar<br \/>\n2x Baterias Li-Ion<br \/>\n1x Manual do usu\u00e1rio<br \/>\n3x Parafusos para fixa\u00e7\u00e3o da c\u00e2mera<br \/>\n1x Chave Philips<\/p>\n","protected":false},"excerpt":{"rendered":"<p>C\u00e2mera IP com Painel de Energia Solar alimentada por bateria recarreg\u00e1vel. A c\u00e2mera de seguran\u00e7a vem com bateria recarreg\u00e1vel que pode durar at\u00e9 5 dias depois de totalmente carregada. O melhor custo benef\u00edcio em sistema de c\u00e2mera de seguran\u00e7a fixa Wi-fi IP totalmente aut\u00f4nomo no quesito de fonte de alimenta\u00e7\u00e3o atrav\u00e9s de baterias e painel [&hellip;]<\/p>\n","protected":false},"featured_media":873,"comment_status":"closed","ping_status":"closed","template":"","meta":[],"product_cat":[109],"product_tag":[189,191,190,112,192,118],"yoast_head":"<!-- This site is optimized with the Yoast SEO plugin v23.5 - https:\/\/yoast.com\/wordpress\/plugins\/seo\/ -->\n<title>C\u00e2mera Wifi Solar IP66 Lehmox - Eco-Tech - Solu\u00e7\u00f5es em tecnologia<\/title>\n<meta name=\"robots\" content=\"index, follow, max-snippet:-1, max-image-preview:large, max-video-preview:-1\" \/>\n<link rel=\"canonical\" href=\"https:\/\/eco-tech.inf.br\/index.php\/product\/camera-wifi-solar-ip66-lehmox\/\" \/>\n<meta property=\"og:locale\" content=\"pt_BR\" \/>\n<meta property=\"og:type\" content=\"article\" \/>\n<meta property=\"og:title\" content=\"C\u00e2mera Wifi Solar IP66 Lehmox - Eco-Tech - Solu\u00e7\u00f5es em tecnologia\" \/>\n<meta property=\"og:description\" content=\"C\u00e2mera IP com Painel de Energia Solar alimentada por bateria recarreg\u00e1vel. A c\u00e2mera de seguran\u00e7a vem com bateria recarreg\u00e1vel que pode durar at\u00e9 5 dias depois de totalmente carregada. O melhor custo benef\u00edcio em sistema de c\u00e2mera de seguran\u00e7a fixa Wi-fi IP totalmente aut\u00f4nomo no quesito de fonte de alimenta\u00e7\u00e3o atrav\u00e9s de baterias e painel [&hellip;]\" \/>\n<meta property=\"og:url\" content=\"https:\/\/eco-tech.inf.br\/index.php\/product\/camera-wifi-solar-ip66-lehmox\/\" \/>\n<meta property=\"og:site_name\" content=\"Eco-Tech - Solu\u00e7\u00f5es em tecnologia\" \/>\n<meta property=\"article:publisher\" content=\"https:\/\/www.facebook.com\/EcoTech-Tecnologia-107960038523316\" \/>\n<meta property=\"article:modified_time\" content=\"2023-02-11T16:38:52+00:00\" \/>\n<meta property=\"og:image\" content=\"https:\/\/i0.wp.com\/eco-tech.inf.br\/wp-content\/uploads\/2023\/02\/camera_solar-removebg-preview.png?fit=462%2C417&ssl=1\" \/>\n\t<meta property=\"og:image:width\" content=\"462\" \/>\n\t<meta property=\"og:image:height\" content=\"417\" \/>\n\t<meta property=\"og:image:type\" content=\"image\/png\" \/>\n<meta name=\"twitter:card\" content=\"summary_large_image\" \/>\n<script type=\"application\/ld+json\" class=\"yoast-schema-graph\">{\"@context\":\"https:\/\/schema.org\",\"@graph\":[{\"@type\":\"WebPage\",\"@id\":\"https:\/\/eco-tech.inf.br\/index.php\/product\/camera-wifi-solar-ip66-lehmox\/\",\"url\":\"https:\/\/eco-tech.inf.br\/index.php\/product\/camera-wifi-solar-ip66-lehmox\/\",\"name\":\"C\u00e2mera Wifi Solar IP66 Lehmox - Eco-Tech - Solu\u00e7\u00f5es em tecnologia\",\"isPartOf\":{\"@id\":\"https:\/\/eco-tech.inf.br\/#website\"},\"primaryImageOfPage\":{\"@id\":\"https:\/\/eco-tech.inf.br\/index.php\/product\/camera-wifi-solar-ip66-lehmox\/#primaryimage\"},\"image\":{\"@id\":\"https:\/\/eco-tech.inf.br\/index.php\/product\/camera-wifi-solar-ip66-lehmox\/#primaryimage\"},\"thumbnailUrl\":\"https:\/\/i0.wp.com\/eco-tech.inf.br\/wp-content\/uploads\/2023\/02\/camera_solar-removebg-preview.png?fit=462%2C417&ssl=1\",\"datePublished\":\"2023-02-11T16:38:50+00:00\",\"dateModified\":\"2023-02-11T16:38:52+00:00\",\"breadcrumb\":{\"@id\":\"https:\/\/eco-tech.inf.br\/index.php\/product\/camera-wifi-solar-ip66-lehmox\/#breadcrumb\"},\"inLanguage\":\"pt-BR\",\"potentialAction\":[{\"@type\":\"ReadAction\",\"target\":[\"https:\/\/eco-tech.inf.br\/index.php\/product\/camera-wifi-solar-ip66-lehmox\/\"]}]},{\"@type\":\"ImageObject\",\"inLanguage\":\"pt-BR\",\"@id\":\"https:\/\/eco-tech.inf.br\/index.php\/product\/camera-wifi-solar-ip66-lehmox\/#primaryimage\",\"url\":\"https:\/\/i0.wp.com\/eco-tech.inf.br\/wp-content\/uploads\/2023\/02\/camera_solar-removebg-preview.png?fit=462%2C417&ssl=1\",\"contentUrl\":\"https:\/\/i0.wp.com\/eco-tech.inf.br\/wp-content\/uploads\/2023\/02\/camera_solar-removebg-preview.png?fit=462%2C417&ssl=1\",\"width\":462,\"height\":417},{\"@type\":\"BreadcrumbList\",\"@id\":\"https:\/\/eco-tech.inf.br\/index.php\/product\/camera-wifi-solar-ip66-lehmox\/#breadcrumb\",\"itemListElement\":[{\"@type\":\"ListItem\",\"position\":1,\"name\":\"In\u00edcio\",\"item\":\"https:\/\/eco-tech.inf.br\/\"},{\"@type\":\"ListItem\",\"position\":2,\"name\":\"Produtos\",\"item\":\"https:\/\/eco-tech.inf.br\/index.php\/shop\/\"},{\"@type\":\"ListItem\",\"position\":3,\"name\":\"C\u00e2mera Wifi Solar IP66 Lehmox\"}]},{\"@type\":\"WebSite\",\"@id\":\"https:\/\/eco-tech.inf.br\/#website\",\"url\":\"https:\/\/eco-tech.inf.br\/\",\"name\":\"Eco-Tech - Solu\u00e7\u00f5es em tecnologia\",\"description\":\"Possu\u00edmos mais de 15 (anos) anos de experi\u00eancia levando para o norte do Brasil tecnologia de ponta trazida por grandes organiza\u00e7\u00f5es dos mais variados seguimentos.\",\"publisher\":{\"@id\":\"https:\/\/eco-tech.inf.br\/#organization\"},\"potentialAction\":[{\"@type\":\"SearchAction\",\"target\":{\"@type\":\"EntryPoint\",\"urlTemplate\":\"https:\/\/eco-tech.inf.br\/?s={search_term_string}\"},\"query-input\":{\"@type\":\"PropertyValueSpecification\",\"valueRequired\":true,\"valueName\":\"search_term_string\"}}],\"inLanguage\":\"pt-BR\"},{\"@type\":\"Organization\",\"@id\":\"https:\/\/eco-tech.inf.br\/#organization\",\"name\":\"ELO SOLU\u00c7\u00d5ES TECNOL\u00d3GICA LTDA\",\"url\":\"https:\/\/eco-tech.inf.br\/\",\"logo\":{\"@type\":\"ImageObject\",\"inLanguage\":\"pt-BR\",\"@id\":\"https:\/\/eco-tech.inf.br\/#\/schema\/logo\/image\/\",\"url\":\"https:\/\/i0.wp.com\/eco-tech.inf.br\/wp-content\/uploads\/2022\/03\/cropped-novologo-1.jpg?fit=512%2C512&ssl=1\",\"contentUrl\":\"https:\/\/i0.wp.com\/eco-tech.inf.br\/wp-content\/uploads\/2022\/03\/cropped-novologo-1.jpg?fit=512%2C512&ssl=1\",\"width\":512,\"height\":512,\"caption\":\"ELO SOLU\u00c7\u00d5ES TECNOL\u00d3GICA LTDA\"},\"image\":{\"@id\":\"https:\/\/eco-tech.inf.br\/#\/schema\/logo\/image\/\"},\"sameAs\":[\"https:\/\/www.facebook.com\/EcoTech-Tecnologia-107960038523316\",\"https:\/\/www.instagram.com\/p\/CbRSB23MmFd\/?utm_medium=copy_link\"]}]}<\/script>\n<!-- \/ Yoast SEO plugin. -->","yoast_head_json":{"title":"C\u00e2mera Wifi Solar IP66 Lehmox - Eco-Tech - Solu\u00e7\u00f5es em tecnologia","robots":{"index":"index","follow":"follow","max-snippet":"max-snippet:-1","max-image-preview":"max-image-preview:large","max-video-preview":"max-video-preview:-1"},"canonical":"https:\/\/eco-tech.inf.br\/index.php\/product\/camera-wifi-solar-ip66-lehmox\/","og_locale":"pt_BR","og_type":"article","og_title":"C\u00e2mera Wifi Solar IP66 Lehmox - Eco-Tech - Solu\u00e7\u00f5es em tecnologia","og_description":"C\u00e2mera IP com Painel de Energia Solar alimentada por bateria recarreg\u00e1vel. A c\u00e2mera de seguran\u00e7a vem com bateria recarreg\u00e1vel que pode durar at\u00e9 5 dias depois de totalmente carregada. O melhor custo benef\u00edcio em sistema de c\u00e2mera de seguran\u00e7a fixa Wi-fi IP totalmente aut\u00f4nomo no quesito de fonte de alimenta\u00e7\u00e3o atrav\u00e9s de baterias e painel [&hellip;]","og_url":"https:\/\/eco-tech.inf.br\/index.php\/product\/camera-wifi-solar-ip66-lehmox\/","og_site_name":"Eco-Tech - Solu\u00e7\u00f5es em tecnologia","article_publisher":"https:\/\/www.facebook.com\/EcoTech-Tecnologia-107960038523316","article_modified_time":"2023-02-11T16:38:52+00:00","og_image":[{"width":462,"height":417,"url":"https:\/\/i0.wp.com\/eco-tech.inf.br\/wp-content\/uploads\/2023\/02\/camera_solar-removebg-preview.png?fit=462%2C417&ssl=1","type":"image\/png"}],"twitter_card":"summary_large_image","schema":{"@context":"https:\/\/schema.org","@graph":[{"@type":"WebPage","@id":"https:\/\/eco-tech.inf.br\/index.php\/product\/camera-wifi-solar-ip66-lehmox\/","url":"https:\/\/eco-tech.inf.br\/index.php\/product\/camera-wifi-solar-ip66-lehmox\/","name":"C\u00e2mera Wifi Solar IP66 Lehmox - Eco-Tech - Solu\u00e7\u00f5es em tecnologia","isPartOf":{"@id":"https:\/\/eco-tech.inf.br\/#website"},"primaryImageOfPage":{"@id":"https:\/\/eco-tech.inf.br\/index.php\/product\/camera-wifi-solar-ip66-lehmox\/#primaryimage"},"image":{"@id":"https:\/\/eco-tech.inf.br\/index.php\/product\/camera-wifi-solar-ip66-lehmox\/#primaryimage"},"thumbnailUrl":"https:\/\/i0.wp.com\/eco-tech.inf.br\/wp-content\/uploads\/2023\/02\/camera_solar-removebg-preview.png?fit=462%2C417&ssl=1","datePublished":"2023-02-11T16:38:50+00:00","dateModified":"2023-02-11T16:38:52+00:00","breadcrumb":{"@id":"https:\/\/eco-tech.inf.br\/index.php\/product\/camera-wifi-solar-ip66-lehmox\/#breadcrumb"},"inLanguage":"pt-BR","potentialAction":[{"@type":"ReadAction","target":["https:\/\/eco-tech.inf.br\/index.php\/product\/camera-wifi-solar-ip66-lehmox\/"]}]},{"@type":"ImageObject","inLanguage":"pt-BR","@id":"https:\/\/eco-tech.inf.br\/index.php\/product\/camera-wifi-solar-ip66-lehmox\/#primaryimage","url":"https:\/\/i0.wp.com\/eco-tech.inf.br\/wp-content\/uploads\/2023\/02\/camera_solar-removebg-preview.png?fit=462%2C417&ssl=1","contentUrl":"https:\/\/i0.wp.com\/eco-tech.inf.br\/wp-content\/uploads\/2023\/02\/camera_solar-removebg-preview.png?fit=462%2C417&ssl=1","width":462,"height":417},{"@type":"BreadcrumbList","@id":"https:\/\/eco-tech.inf.br\/index.php\/product\/camera-wifi-solar-ip66-lehmox\/#breadcrumb","itemListElement":[{"@type":"ListItem","position":1,"name":"In\u00edcio","item":"https:\/\/eco-tech.inf.br\/"},{"@type":"ListItem","position":2,"name":"Produtos","item":"https:\/\/eco-tech.inf.br\/index.php\/shop\/"},{"@type":"ListItem","position":3,"name":"C\u00e2mera Wifi Solar IP66 Lehmox"}]},{"@type":"WebSite","@id":"https:\/\/eco-tech.inf.br\/#website","url":"https:\/\/eco-tech.inf.br\/","name":"Eco-Tech - Solu\u00e7\u00f5es em tecnologia","description":"Possu\u00edmos mais de 15 (anos) anos de experi\u00eancia levando para o norte do Brasil tecnologia de ponta trazida por grandes organiza\u00e7\u00f5es dos mais variados seguimentos.","publisher":{"@id":"https:\/\/eco-tech.inf.br\/#organization"},"potentialAction":[{"@type":"SearchAction","target":{"@type":"EntryPoint","urlTemplate":"https:\/\/eco-tech.inf.br\/?s={search_term_string}"},"query-input":{"@type":"PropertyValueSpecification","valueRequired":true,"valueName":"search_term_string"}}],"inLanguage":"pt-BR"},{"@type":"Organization","@id":"https:\/\/eco-tech.inf.br\/#organization","name":"ELO SOLU\u00c7\u00d5ES TECNOL\u00d3GICA LTDA","url":"https:\/\/eco-tech.inf.br\/","logo":{"@type":"ImageObject","inLanguage":"pt-BR","@id":"https:\/\/eco-tech.inf.br\/#\/schema\/logo\/image\/","url":"https:\/\/i0.wp.com\/eco-tech.inf.br\/wp-content\/uploads\/2022\/03\/cropped-novologo-1.jpg?fit=512%2C512&ssl=1","contentUrl":"https:\/\/i0.wp.com\/eco-tech.inf.br\/wp-content\/uploads\/2022\/03\/cropped-novologo-1.jpg?fit=512%2C512&ssl=1","width":512,"height":512,"caption":"ELO SOLU\u00c7\u00d5ES TECNOL\u00d3GICA LTDA"},"image":{"@id":"https:\/\/eco-tech.inf.br\/#\/schema\/logo\/image\/"},"sameAs":["https:\/\/www.facebook.com\/EcoTech-Tecnologia-107960038523316","https:\/\/www.instagram.com\/p\/CbRSB23MmFd\/?utm_medium=copy_link"]}]}},"jetpack_sharing_enabled":true,"_links":{"self":[{"href":"https:\/\/eco-tech.inf.br\/index.php\/wp-json\/wp\/v2\/product\/872"}],"collection":[{"href":"https:\/\/eco-tech.inf.br\/index.php\/wp-json\/wp\/v2\/product"}],"about":[{"href":"https:\/\/eco-tech.inf.br\/index.php\/wp-json\/wp\/v2\/types\/product"}],"replies":[{"embeddable":true,"href":"https:\/\/eco-tech.inf.br\/index.php\/wp-json\/wp\/v2\/comments?post=872"}],"wp:featuredmedia":[{"embeddable":true,"href":"https:\/\/eco-tech.inf.br\/index.php\/wp-json\/wp\/v2\/media\/873"}],"wp:attachment":[{"href":"https:\/\/eco-tech.inf.br\/index.php\/wp-json\/wp\/v2\/media?parent=872"}],"wp:term":[{"taxonomy":"product_cat","embeddable":true,"href":"https:\/\/eco-tech.inf.br\/index.php\/wp-json\/wp\/v2\/product_cat?post=872"},{"taxonomy":"product_tag","embeddable":true,"href":"https:\/\/eco-tech.inf.br\/index.php\/wp-json\/wp\/v2\/product_tag?post=872"}],"curies":[{"name":"wp","href":"https:\/\/api.w.org\/{rel}","templated":true}]}}