{"id":868,"date":"2023-02-11T12:18:10","date_gmt":"2023-02-11T16:18:10","guid":{"rendered":"https:\/\/eco-tech.inf.br\/?post_type=product&#038;p=868"},"modified":"2023-09-25T13:36:37","modified_gmt":"2023-09-25T17:36:37","slug":"camera-vhl-1220-dome-intelbras","status":"publish","type":"product","link":"https:\/\/eco-tech.inf.br\/index.php\/product\/camera-vhl-1220-dome-intelbras\/","title":{"rendered":"C\u00e2mera VHL 1220 Dome Intelbras"},"content":{"rendered":"<p>C\u00e2mera Modelo: VHL 1220 D<\/p>\n<p>Caracter\u00edsticas:<br \/>\nResolu\u00e7\u00e3o Full HD 1080p 2MP<br \/>\nTecnologia HDCVI<br \/>\nSensor megapixel 1\/2.7<br \/>\nLente de 2,8 mm<br \/>\nAlcance IR de 20 m<br \/>\nCase pl\u00e1stico<br \/>\nTipo Dome<br \/>\nMenu OSD<br \/>\nIR inteligente<br \/>\nProte\u00e7\u00e3o contra surtos de tens\u00e3o<br \/>\nInstala\u00e7\u00e3o interna<br \/>\n1 ano de garantia<br \/>\nSensor: 1\/2.7&#8243; 2 megapixels CMOS<br \/>\nPixels efetivos: 1920 (H) x 1080 (V)<br \/>\nLinhas horizontais: 1920H<br \/>\nResolu\u00e7\u00e3o real: Full HD: 1080p<br \/>\nLente: 2,8 mm<br \/>\n\u00c2ngulo de vis\u00e3o horizontal: 108<br \/>\n\u00c2ngulo de vis\u00e3o vertical: 60<br \/>\nAlcance IR: 20 m<br \/>\nComprimento de onda LED IR: 850 nm<br \/>\nFormato do v\u00eddeo: NTSC<br \/>\nProtocolos de v\u00eddeo: HDCVI<br \/>\nRela\u00e7\u00e3o sinal ru\u00eddo: 65 dB<br \/>\nSensibilidade: 0,04 lux\/F1.85, 0 lux IR on<br \/>\nVelocidade do obturador: 1\/30s~1\/100,000s<br \/>\nSincronismo: Interno<br \/>\n\u00cdris: Eletr\u00f4nica<br \/>\nDay &#038; Night: Autom\u00e1tico (ajust\u00e1vel), Colorido, P&#038;B<br \/>\nTroca autom\u00e1tica do filtro (ICR): Sim<br \/>\nCaracter\u00edsticas complementares<br \/>\nControle Autom\u00e1tico de Ganho (AGC): ON<br \/>\nCompensa\u00e7\u00e3o de Luz de Fundo (BLC): ON\/OFF<br \/>\nBalan\u00e7o de branco : Autom\u00e1tico \/ Ajust\u00e1vel<br \/>\nConex\u00f5es:<br \/>\nSa\u00edda de v\u00eddeo: 75 ohm BNC f\u00eamea<br \/>\nAlimenta\u00e7\u00e3o: Conector P4 f\u00eamea<br \/>\nCaracter\u00edsticas el\u00e9tricas<br \/>\nConsumo m\u00e1ximo de corrente: 160 mA<br \/>\nConsumo m\u00e1ximo de pot\u00eancia: 1,9W<br \/>\nTens\u00e3o: 12 Vdc<br \/>\nProte\u00e7\u00e3o antissurto: 15 kV (v\u00eddeo e alimenta\u00e7\u00e3o)<br \/>\nCaracter\u00edsticas mec\u00e2nicas<br \/>\nDimens\u00f5es (L A P): 85 x 85 x 69 mm<br \/>\nPeso: 100 g<br \/>\nCor case: Branca<br \/>\nTipo case\/material: Dome \/ Pl\u00e1stica<br \/>\nGrau de prote\u00e7\u00e3o: &#8211;<br \/>\nLocal de instala\u00e7\u00e3o: Interno<br \/>\nCaracter\u00edsticas ambientais<br \/>\nTemperatura de armazenamento: (-)40 C a 60 C<br \/>\nTemperatura de opera\u00e7\u00e3o: (-)40 C a 60 C<br \/>\nUmidade relativa de armazenamento: &#8211;<br \/>\nUmidade relativa de opera\u00e7\u00e3o: 20% a 90% RH<\/p>\n<p>TECNOLOGIA HDCVI<br \/>\nA c\u00e2mera VHL 1220 D possui tecnologia HDCVI perfeita para ser adicionada em sistemas de seguran\u00e7a pr\u00e9 existentes que j\u00e1 trabalham com a tecnologia HDCVI j\u00e1 que conta com um custo benef\u00edcio excelente.<\/p>\n<p>Resolu\u00e7\u00e3o Full HD 1080p<br \/>\nAs c\u00e2meras infravermelho Full Hd (1080P) proporcionam captura de imagens com resolu\u00e7\u00e3o de 1920&#215;1080 (FULL HD).<\/p>\n<p>Ideal para ser reproduzida em TVs ou monitores de imagem com qualidade FULL HD garante fidelidade de detalhes, nitidez e reprodu\u00e7\u00e3o de cores que voc\u00ea j\u00e1 est\u00e1 acostumado a assistir nos filmes e v\u00eddeos na internet.<\/p>\n<p>Enxergue no Escuro<br \/>\nEssa c\u00e2mera pode alcan\u00e7ar uma dist\u00e2ncia de at\u00e9 20 metros no escuro, por isso ela tamb\u00e9m pode ser utilizada em ambientes com pouca ou nenhuma luminosidade.<\/p>\n<p>C\u00e2mera para ambiente interno<br \/>\nCom case pl\u00e1stica no modelo Dome essa c\u00e2mera \u00e9 ideal para instala\u00e7\u00e3o em ambientes internos e conta com prote\u00e7\u00e3o contra surtos de tens\u00e3o garantindo ainda mais seguran\u00e7a.<\/p>\n<p>Multi recursos com menu OSD<br \/>\nO menu OSD permite a configura\u00e7\u00e3o e os ajustes finos nas imagens em qualquer cen\u00e1rio de instala\u00e7\u00e3o. Esses ajustes s\u00e3o realizados atrav\u00e9s do pr\u00f3prio DVR.<\/p>\n","protected":false},"excerpt":{"rendered":"<p>C\u00e2mera Modelo: VHL 1220 D Caracter\u00edsticas: Resolu\u00e7\u00e3o Full HD 1080p 2MP Tecnologia HDCVI Sensor megapixel 1\/2.7 Lente de 2,8 mm Alcance IR de 20 m Case pl\u00e1stico Tipo Dome Menu OSD IR inteligente Prote\u00e7\u00e3o contra surtos de tens\u00e3o Instala\u00e7\u00e3o interna 1 ano de garantia Sensor: 1\/2.7&#8243; 2 megapixels CMOS Pixels efetivos: 1920 (H) x 1080 [&hellip;]<\/p>\n","protected":false},"featured_media":869,"comment_status":"closed","ping_status":"closed","template":"","meta":[],"product_cat":[109],"product_tag":[189,188,190,112],"yoast_head":"<!-- This site is optimized with the Yoast SEO plugin v23.5 - https:\/\/yoast.com\/wordpress\/plugins\/seo\/ -->\n<title>C\u00e2mera VHL 1220 Dome Intelbras - Eco-Tech - Solu\u00e7\u00f5es em tecnologia<\/title>\n<meta name=\"robots\" content=\"index, follow, max-snippet:-1, max-image-preview:large, max-video-preview:-1\" \/>\n<link rel=\"canonical\" href=\"https:\/\/eco-tech.inf.br\/index.php\/product\/camera-vhl-1220-dome-intelbras\/\" \/>\n<meta property=\"og:locale\" content=\"pt_BR\" \/>\n<meta property=\"og:type\" content=\"article\" \/>\n<meta property=\"og:title\" content=\"C\u00e2mera VHL 1220 Dome Intelbras - Eco-Tech - Solu\u00e7\u00f5es em tecnologia\" \/>\n<meta property=\"og:description\" content=\"C\u00e2mera Modelo: VHL 1220 D Caracter\u00edsticas: Resolu\u00e7\u00e3o Full HD 1080p 2MP Tecnologia HDCVI Sensor megapixel 1\/2.7 Lente de 2,8 mm Alcance IR de 20 m Case pl\u00e1stico Tipo Dome Menu OSD IR inteligente Prote\u00e7\u00e3o contra surtos de tens\u00e3o Instala\u00e7\u00e3o interna 1 ano de garantia Sensor: 1\/2.7&#8243; 2 megapixels CMOS Pixels efetivos: 1920 (H) x 1080 [&hellip;]\" \/>\n<meta property=\"og:url\" content=\"https:\/\/eco-tech.inf.br\/index.php\/product\/camera-vhl-1220-dome-intelbras\/\" \/>\n<meta property=\"og:site_name\" content=\"Eco-Tech - Solu\u00e7\u00f5es em tecnologia\" \/>\n<meta property=\"article:publisher\" content=\"https:\/\/www.facebook.com\/EcoTech-Tecnologia-107960038523316\" \/>\n<meta property=\"article:modified_time\" content=\"2023-09-25T17:36:37+00:00\" \/>\n<meta property=\"og:image\" content=\"https:\/\/i0.wp.com\/eco-tech.inf.br\/wp-content\/uploads\/2023\/02\/1220dome-removebg-preview.png?fit=569%2C438&ssl=1\" \/>\n\t<meta property=\"og:image:width\" content=\"569\" \/>\n\t<meta property=\"og:image:height\" content=\"438\" \/>\n\t<meta property=\"og:image:type\" content=\"image\/png\" \/>\n<meta name=\"twitter:card\" content=\"summary_large_image\" \/>\n<script type=\"application\/ld+json\" class=\"yoast-schema-graph\">{\"@context\":\"https:\/\/schema.org\",\"@graph\":[{\"@type\":\"WebPage\",\"@id\":\"https:\/\/eco-tech.inf.br\/index.php\/product\/camera-vhl-1220-dome-intelbras\/\",\"url\":\"https:\/\/eco-tech.inf.br\/index.php\/product\/camera-vhl-1220-dome-intelbras\/\",\"name\":\"C\u00e2mera VHL 1220 Dome Intelbras - Eco-Tech - Solu\u00e7\u00f5es em tecnologia\",\"isPartOf\":{\"@id\":\"https:\/\/eco-tech.inf.br\/#website\"},\"primaryImageOfPage\":{\"@id\":\"https:\/\/eco-tech.inf.br\/index.php\/product\/camera-vhl-1220-dome-intelbras\/#primaryimage\"},\"image\":{\"@id\":\"https:\/\/eco-tech.inf.br\/index.php\/product\/camera-vhl-1220-dome-intelbras\/#primaryimage\"},\"thumbnailUrl\":\"https:\/\/i0.wp.com\/eco-tech.inf.br\/wp-content\/uploads\/2023\/02\/1220dome-removebg-preview.png?fit=569%2C438&ssl=1\",\"datePublished\":\"2023-02-11T16:18:10+00:00\",\"dateModified\":\"2023-09-25T17:36:37+00:00\",\"breadcrumb\":{\"@id\":\"https:\/\/eco-tech.inf.br\/index.php\/product\/camera-vhl-1220-dome-intelbras\/#breadcrumb\"},\"inLanguage\":\"pt-BR\",\"potentialAction\":[{\"@type\":\"ReadAction\",\"target\":[\"https:\/\/eco-tech.inf.br\/index.php\/product\/camera-vhl-1220-dome-intelbras\/\"]}]},{\"@type\":\"ImageObject\",\"inLanguage\":\"pt-BR\",\"@id\":\"https:\/\/eco-tech.inf.br\/index.php\/product\/camera-vhl-1220-dome-intelbras\/#primaryimage\",\"url\":\"https:\/\/i0.wp.com\/eco-tech.inf.br\/wp-content\/uploads\/2023\/02\/1220dome-removebg-preview.png?fit=569%2C438&ssl=1\",\"contentUrl\":\"https:\/\/i0.wp.com\/eco-tech.inf.br\/wp-content\/uploads\/2023\/02\/1220dome-removebg-preview.png?fit=569%2C438&ssl=1\",\"width\":569,\"height\":438},{\"@type\":\"BreadcrumbList\",\"@id\":\"https:\/\/eco-tech.inf.br\/index.php\/product\/camera-vhl-1220-dome-intelbras\/#breadcrumb\",\"itemListElement\":[{\"@type\":\"ListItem\",\"position\":1,\"name\":\"In\u00edcio\",\"item\":\"https:\/\/eco-tech.inf.br\/\"},{\"@type\":\"ListItem\",\"position\":2,\"name\":\"Produtos\",\"item\":\"https:\/\/eco-tech.inf.br\/index.php\/shop\/\"},{\"@type\":\"ListItem\",\"position\":3,\"name\":\"C\u00e2mera VHL 1220 Dome Intelbras\"}]},{\"@type\":\"WebSite\",\"@id\":\"https:\/\/eco-tech.inf.br\/#website\",\"url\":\"https:\/\/eco-tech.inf.br\/\",\"name\":\"Eco-Tech - Solu\u00e7\u00f5es em tecnologia\",\"description\":\"Possu\u00edmos mais de 15 (anos) anos de experi\u00eancia levando para o norte do Brasil tecnologia de ponta trazida por grandes organiza\u00e7\u00f5es dos mais variados seguimentos.\",\"publisher\":{\"@id\":\"https:\/\/eco-tech.inf.br\/#organization\"},\"potentialAction\":[{\"@type\":\"SearchAction\",\"target\":{\"@type\":\"EntryPoint\",\"urlTemplate\":\"https:\/\/eco-tech.inf.br\/?s={search_term_string}\"},\"query-input\":{\"@type\":\"PropertyValueSpecification\",\"valueRequired\":true,\"valueName\":\"search_term_string\"}}],\"inLanguage\":\"pt-BR\"},{\"@type\":\"Organization\",\"@id\":\"https:\/\/eco-tech.inf.br\/#organization\",\"name\":\"ELO SOLU\u00c7\u00d5ES TECNOL\u00d3GICA LTDA\",\"url\":\"https:\/\/eco-tech.inf.br\/\",\"logo\":{\"@type\":\"ImageObject\",\"inLanguage\":\"pt-BR\",\"@id\":\"https:\/\/eco-tech.inf.br\/#\/schema\/logo\/image\/\",\"url\":\"https:\/\/i0.wp.com\/eco-tech.inf.br\/wp-content\/uploads\/2022\/03\/cropped-novologo-1.jpg?fit=512%2C512&ssl=1\",\"contentUrl\":\"https:\/\/i0.wp.com\/eco-tech.inf.br\/wp-content\/uploads\/2022\/03\/cropped-novologo-1.jpg?fit=512%2C512&ssl=1\",\"width\":512,\"height\":512,\"caption\":\"ELO SOLU\u00c7\u00d5ES TECNOL\u00d3GICA LTDA\"},\"image\":{\"@id\":\"https:\/\/eco-tech.inf.br\/#\/schema\/logo\/image\/\"},\"sameAs\":[\"https:\/\/www.facebook.com\/EcoTech-Tecnologia-107960038523316\",\"https:\/\/www.instagram.com\/p\/CbRSB23MmFd\/?utm_medium=copy_link\"]}]}<\/script>\n<!-- \/ Yoast SEO plugin. -->","yoast_head_json":{"title":"C\u00e2mera VHL 1220 Dome Intelbras - Eco-Tech - Solu\u00e7\u00f5es em tecnologia","robots":{"index":"index","follow":"follow","max-snippet":"max-snippet:-1","max-image-preview":"max-image-preview:large","max-video-preview":"max-video-preview:-1"},"canonical":"https:\/\/eco-tech.inf.br\/index.php\/product\/camera-vhl-1220-dome-intelbras\/","og_locale":"pt_BR","og_type":"article","og_title":"C\u00e2mera VHL 1220 Dome Intelbras - Eco-Tech - Solu\u00e7\u00f5es em tecnologia","og_description":"C\u00e2mera Modelo: VHL 1220 D Caracter\u00edsticas: Resolu\u00e7\u00e3o Full HD 1080p 2MP Tecnologia HDCVI Sensor megapixel 1\/2.7 Lente de 2,8 mm Alcance IR de 20 m Case pl\u00e1stico Tipo Dome Menu OSD IR inteligente Prote\u00e7\u00e3o contra surtos de tens\u00e3o Instala\u00e7\u00e3o interna 1 ano de garantia Sensor: 1\/2.7&#8243; 2 megapixels CMOS Pixels efetivos: 1920 (H) x 1080 [&hellip;]","og_url":"https:\/\/eco-tech.inf.br\/index.php\/product\/camera-vhl-1220-dome-intelbras\/","og_site_name":"Eco-Tech - Solu\u00e7\u00f5es em tecnologia","article_publisher":"https:\/\/www.facebook.com\/EcoTech-Tecnologia-107960038523316","article_modified_time":"2023-09-25T17:36:37+00:00","og_image":[{"width":569,"height":438,"url":"https:\/\/i0.wp.com\/eco-tech.inf.br\/wp-content\/uploads\/2023\/02\/1220dome-removebg-preview.png?fit=569%2C438&ssl=1","type":"image\/png"}],"twitter_card":"summary_large_image","schema":{"@context":"https:\/\/schema.org","@graph":[{"@type":"WebPage","@id":"https:\/\/eco-tech.inf.br\/index.php\/product\/camera-vhl-1220-dome-intelbras\/","url":"https:\/\/eco-tech.inf.br\/index.php\/product\/camera-vhl-1220-dome-intelbras\/","name":"C\u00e2mera VHL 1220 Dome Intelbras - Eco-Tech - Solu\u00e7\u00f5es em tecnologia","isPartOf":{"@id":"https:\/\/eco-tech.inf.br\/#website"},"primaryImageOfPage":{"@id":"https:\/\/eco-tech.inf.br\/index.php\/product\/camera-vhl-1220-dome-intelbras\/#primaryimage"},"image":{"@id":"https:\/\/eco-tech.inf.br\/index.php\/product\/camera-vhl-1220-dome-intelbras\/#primaryimage"},"thumbnailUrl":"https:\/\/i0.wp.com\/eco-tech.inf.br\/wp-content\/uploads\/2023\/02\/1220dome-removebg-preview.png?fit=569%2C438&ssl=1","datePublished":"2023-02-11T16:18:10+00:00","dateModified":"2023-09-25T17:36:37+00:00","breadcrumb":{"@id":"https:\/\/eco-tech.inf.br\/index.php\/product\/camera-vhl-1220-dome-intelbras\/#breadcrumb"},"inLanguage":"pt-BR","potentialAction":[{"@type":"ReadAction","target":["https:\/\/eco-tech.inf.br\/index.php\/product\/camera-vhl-1220-dome-intelbras\/"]}]},{"@type":"ImageObject","inLanguage":"pt-BR","@id":"https:\/\/eco-tech.inf.br\/index.php\/product\/camera-vhl-1220-dome-intelbras\/#primaryimage","url":"https:\/\/i0.wp.com\/eco-tech.inf.br\/wp-content\/uploads\/2023\/02\/1220dome-removebg-preview.png?fit=569%2C438&ssl=1","contentUrl":"https:\/\/i0.wp.com\/eco-tech.inf.br\/wp-content\/uploads\/2023\/02\/1220dome-removebg-preview.png?fit=569%2C438&ssl=1","width":569,"height":438},{"@type":"BreadcrumbList","@id":"https:\/\/eco-tech.inf.br\/index.php\/product\/camera-vhl-1220-dome-intelbras\/#breadcrumb","itemListElement":[{"@type":"ListItem","position":1,"name":"In\u00edcio","item":"https:\/\/eco-tech.inf.br\/"},{"@type":"ListItem","position":2,"name":"Produtos","item":"https:\/\/eco-tech.inf.br\/index.php\/shop\/"},{"@type":"ListItem","position":3,"name":"C\u00e2mera VHL 1220 Dome Intelbras"}]},{"@type":"WebSite","@id":"https:\/\/eco-tech.inf.br\/#website","url":"https:\/\/eco-tech.inf.br\/","name":"Eco-Tech - Solu\u00e7\u00f5es em tecnologia","description":"Possu\u00edmos mais de 15 (anos) anos de experi\u00eancia levando para o norte do Brasil tecnologia de ponta trazida por grandes organiza\u00e7\u00f5es dos mais variados seguimentos.","publisher":{"@id":"https:\/\/eco-tech.inf.br\/#organization"},"potentialAction":[{"@type":"SearchAction","target":{"@type":"EntryPoint","urlTemplate":"https:\/\/eco-tech.inf.br\/?s={search_term_string}"},"query-input":{"@type":"PropertyValueSpecification","valueRequired":true,"valueName":"search_term_string"}}],"inLanguage":"pt-BR"},{"@type":"Organization","@id":"https:\/\/eco-tech.inf.br\/#organization","name":"ELO SOLU\u00c7\u00d5ES TECNOL\u00d3GICA LTDA","url":"https:\/\/eco-tech.inf.br\/","logo":{"@type":"ImageObject","inLanguage":"pt-BR","@id":"https:\/\/eco-tech.inf.br\/#\/schema\/logo\/image\/","url":"https:\/\/i0.wp.com\/eco-tech.inf.br\/wp-content\/uploads\/2022\/03\/cropped-novologo-1.jpg?fit=512%2C512&ssl=1","contentUrl":"https:\/\/i0.wp.com\/eco-tech.inf.br\/wp-content\/uploads\/2022\/03\/cropped-novologo-1.jpg?fit=512%2C512&ssl=1","width":512,"height":512,"caption":"ELO SOLU\u00c7\u00d5ES TECNOL\u00d3GICA LTDA"},"image":{"@id":"https:\/\/eco-tech.inf.br\/#\/schema\/logo\/image\/"},"sameAs":["https:\/\/www.facebook.com\/EcoTech-Tecnologia-107960038523316","https:\/\/www.instagram.com\/p\/CbRSB23MmFd\/?utm_medium=copy_link"]}]}},"jetpack_sharing_enabled":true,"_links":{"self":[{"href":"https:\/\/eco-tech.inf.br\/index.php\/wp-json\/wp\/v2\/product\/868"}],"collection":[{"href":"https:\/\/eco-tech.inf.br\/index.php\/wp-json\/wp\/v2\/product"}],"about":[{"href":"https:\/\/eco-tech.inf.br\/index.php\/wp-json\/wp\/v2\/types\/product"}],"replies":[{"embeddable":true,"href":"https:\/\/eco-tech.inf.br\/index.php\/wp-json\/wp\/v2\/comments?post=868"}],"wp:featuredmedia":[{"embeddable":true,"href":"https:\/\/eco-tech.inf.br\/index.php\/wp-json\/wp\/v2\/media\/869"}],"wp:attachment":[{"href":"https:\/\/eco-tech.inf.br\/index.php\/wp-json\/wp\/v2\/media?parent=868"}],"wp:term":[{"taxonomy":"product_cat","embeddable":true,"href":"https:\/\/eco-tech.inf.br\/index.php\/wp-json\/wp\/v2\/product_cat?post=868"},{"taxonomy":"product_tag","embeddable":true,"href":"https:\/\/eco-tech.inf.br\/index.php\/wp-json\/wp\/v2\/product_tag?post=868"}],"curies":[{"name":"wp","href":"https:\/\/api.w.org\/{rel}","templated":true}]}}