{"id":866,"date":"2023-02-11T12:11:15","date_gmt":"2023-02-11T16:11:15","guid":{"rendered":"https:\/\/eco-tech.inf.br\/?post_type=product&#038;p=866"},"modified":"2023-09-25T13:36:25","modified_gmt":"2023-09-25T17:36:25","slug":"camera-vhl-1220-bullet-intelbras","status":"publish","type":"product","link":"https:\/\/eco-tech.inf.br\/index.php\/product\/camera-vhl-1220-bullet-intelbras\/","title":{"rendered":"C\u00e2mera VHL 1220 Bullet Intelbras"},"content":{"rendered":"<p>Caracter\u00edsticas<\/p>\n<p>\u00bb Compat\u00edvel com 4 tecnologias\u00b9: HDCVI, HDTVI 2.0, AHD-H e anal\u00f3gica\u00b2<br \/>\n\u00bb Resolu\u00e7\u00e3o Full HD (1080p)<br \/>\n\u00bb Sensor megapixel 1\/2.7\u201d<br \/>\n\u00bb Lente de 2.8 ou 3.6 mm<br \/>\n\u00bb Alcance IR de 20 m<br \/>\n\u00bb Case pl\u00e1stico<br \/>\n\u00bb Menu OSD\u00b3<br \/>\n\u00bb IR inteligente<br \/>\n\u00bb Prote\u00e7\u00e3o contra surtos de tens\u00e3o<br \/>\n\u00bb 1 ano de garantia<\/p>\n<p>Especifica\u00e7\u00f5es t\u00e9cnicas<\/p>\n<p>Sensor 1\/2.7&#8243; 2 megapixels CMOS<br \/>\nPixels efetivos 1920 (H) \u00d7 1080 (V)<br \/>\nLinhas horizontais 1920H<br \/>\nResolu\u00e7\u00e3o real Full HD (1080p)<br \/>\nAnal\u00f3gico (600TVL)<br \/>\nLente 3.6 mm<br \/>\n\u00c2ngulo de vis\u00e3o horizontal\u00b9 95\u00b0<br \/>\n\u00c2ngulo de vis\u00e3o vertical 46\u00b0<br \/>\nAlcance IR 20 m<br \/>\nIR inteligente Sim<br \/>\nQuantidade de LEDs 12<br \/>\nComprimento de onda LED IR 850nm<br \/>\nFormato do v\u00eddeo NTSC<br \/>\nMudan\u00e7a de protocolo\u00b2 Menu OSD \/ VHD Control*<br \/>\nProtocolos de v\u00eddeo\u00b3 HDCVI \/ AHD-H \/ HDTVI (v2.0) \/ anal\u00f3gico (CVBS)<br \/>\nRela\u00e7\u00e3o sinal-ru\u00eddo =65 dB<br \/>\nSensibilidade 0,05 lux\/F2.0, 0 lux IR on<br \/>\nVelocidade do obturador 1\/30s~1\/100.000s<br \/>\nSincronismo Interno<br \/>\n\u00cdris Eletr\u00f4nica<br \/>\nDay &#038; Night Autom\u00e1tico (ajust\u00e1vel), Colorido, P&#038;B<br \/>\nTroca Autom\u00e1tica do Filtro (ICR) Sim<\/p>\n<p>Caracter\u00edsticas complementares<br \/>\nControle Autom\u00e1tico de Ganho (AGC) On<br \/>\nCompensa\u00e7\u00e3o de Luz de Fundo (BLC) On\/Off<br \/>\nHigh Light Compensation (HLC) Sim (digital)<br \/>\nWide Dynamic Range (WDR) Sim (DWDR)<br \/>\nBalan\u00e7o de branco Autom\u00e1tico \/ Ajust\u00e1vel<br \/>\nModo de imagem Padr\u00e3o\/Suave\/Vivo<br \/>\nAjuste de imagem Brilho\/Contraste\/Nitidez\/Satura\u00e7\u00e3o\/Croma\/Gamma<br \/>\nFun\u00e7\u00e3o Espelho Rota\u00e7\u00e3o horizontal e vertical<br \/>\nIdiomas do menu OSD Portugu\u00eas \/ Ingl\u00eas<br \/>\nM\u00e1scara de privacidade On\/ Off (8 \u00e1reas program\u00e1veis)<br \/>\nRedu\u00e7\u00e3o Digital de Ru\u00eddo (DNR) 2D \u2013 Ajust\u00e1vel<\/p>\n","protected":false},"excerpt":{"rendered":"<p>Caracter\u00edsticas \u00bb Compat\u00edvel com 4 tecnologias\u00b9: HDCVI, HDTVI 2.0, AHD-H e anal\u00f3gica\u00b2 \u00bb Resolu\u00e7\u00e3o Full HD (1080p) \u00bb Sensor megapixel 1\/2.7\u201d \u00bb Lente de 2.8 ou 3.6 mm \u00bb Alcance IR de 20 m \u00bb Case pl\u00e1stico \u00bb Menu OSD\u00b3 \u00bb IR inteligente \u00bb Prote\u00e7\u00e3o contra surtos de tens\u00e3o \u00bb 1 ano de garantia Especifica\u00e7\u00f5es [&hellip;]<\/p>\n","protected":false},"featured_media":867,"comment_status":"closed","ping_status":"closed","template":"","meta":[],"product_cat":[109],"product_tag":[189,188,190,112],"yoast_head":"<!-- This site is optimized with the Yoast SEO plugin v23.5 - https:\/\/yoast.com\/wordpress\/plugins\/seo\/ -->\n<title>C\u00e2mera VHL 1220 Bullet Intelbras - Eco-Tech - Solu\u00e7\u00f5es em tecnologia<\/title>\n<meta name=\"robots\" content=\"index, follow, max-snippet:-1, max-image-preview:large, max-video-preview:-1\" \/>\n<link rel=\"canonical\" href=\"https:\/\/eco-tech.inf.br\/index.php\/product\/camera-vhl-1220-bullet-intelbras\/\" \/>\n<meta property=\"og:locale\" content=\"pt_BR\" \/>\n<meta property=\"og:type\" content=\"article\" \/>\n<meta property=\"og:title\" content=\"C\u00e2mera VHL 1220 Bullet Intelbras - Eco-Tech - Solu\u00e7\u00f5es em tecnologia\" \/>\n<meta property=\"og:description\" content=\"Caracter\u00edsticas \u00bb Compat\u00edvel com 4 tecnologias\u00b9: HDCVI, HDTVI 2.0, AHD-H e anal\u00f3gica\u00b2 \u00bb Resolu\u00e7\u00e3o Full HD (1080p) \u00bb Sensor megapixel 1\/2.7\u201d \u00bb Lente de 2.8 ou 3.6 mm \u00bb Alcance IR de 20 m \u00bb Case pl\u00e1stico \u00bb Menu OSD\u00b3 \u00bb IR inteligente \u00bb Prote\u00e7\u00e3o contra surtos de tens\u00e3o \u00bb 1 ano de garantia Especifica\u00e7\u00f5es [&hellip;]\" \/>\n<meta property=\"og:url\" content=\"https:\/\/eco-tech.inf.br\/index.php\/product\/camera-vhl-1220-bullet-intelbras\/\" \/>\n<meta property=\"og:site_name\" content=\"Eco-Tech - Solu\u00e7\u00f5es em tecnologia\" \/>\n<meta property=\"article:publisher\" content=\"https:\/\/www.facebook.com\/EcoTech-Tecnologia-107960038523316\" \/>\n<meta property=\"article:modified_time\" content=\"2023-09-25T17:36:25+00:00\" \/>\n<meta property=\"og:image\" content=\"https:\/\/i0.wp.com\/eco-tech.inf.br\/wp-content\/uploads\/2023\/02\/vhl1220-removebg-preview.png?fit=568%2C439&ssl=1\" \/>\n\t<meta property=\"og:image:width\" content=\"568\" \/>\n\t<meta property=\"og:image:height\" content=\"439\" \/>\n\t<meta property=\"og:image:type\" content=\"image\/png\" \/>\n<meta name=\"twitter:card\" content=\"summary_large_image\" \/>\n<script type=\"application\/ld+json\" class=\"yoast-schema-graph\">{\"@context\":\"https:\/\/schema.org\",\"@graph\":[{\"@type\":\"WebPage\",\"@id\":\"https:\/\/eco-tech.inf.br\/index.php\/product\/camera-vhl-1220-bullet-intelbras\/\",\"url\":\"https:\/\/eco-tech.inf.br\/index.php\/product\/camera-vhl-1220-bullet-intelbras\/\",\"name\":\"C\u00e2mera VHL 1220 Bullet Intelbras - Eco-Tech - Solu\u00e7\u00f5es em tecnologia\",\"isPartOf\":{\"@id\":\"https:\/\/eco-tech.inf.br\/#website\"},\"primaryImageOfPage\":{\"@id\":\"https:\/\/eco-tech.inf.br\/index.php\/product\/camera-vhl-1220-bullet-intelbras\/#primaryimage\"},\"image\":{\"@id\":\"https:\/\/eco-tech.inf.br\/index.php\/product\/camera-vhl-1220-bullet-intelbras\/#primaryimage\"},\"thumbnailUrl\":\"https:\/\/i0.wp.com\/eco-tech.inf.br\/wp-content\/uploads\/2023\/02\/vhl1220-removebg-preview.png?fit=568%2C439&ssl=1\",\"datePublished\":\"2023-02-11T16:11:15+00:00\",\"dateModified\":\"2023-09-25T17:36:25+00:00\",\"breadcrumb\":{\"@id\":\"https:\/\/eco-tech.inf.br\/index.php\/product\/camera-vhl-1220-bullet-intelbras\/#breadcrumb\"},\"inLanguage\":\"pt-BR\",\"potentialAction\":[{\"@type\":\"ReadAction\",\"target\":[\"https:\/\/eco-tech.inf.br\/index.php\/product\/camera-vhl-1220-bullet-intelbras\/\"]}]},{\"@type\":\"ImageObject\",\"inLanguage\":\"pt-BR\",\"@id\":\"https:\/\/eco-tech.inf.br\/index.php\/product\/camera-vhl-1220-bullet-intelbras\/#primaryimage\",\"url\":\"https:\/\/i0.wp.com\/eco-tech.inf.br\/wp-content\/uploads\/2023\/02\/vhl1220-removebg-preview.png?fit=568%2C439&ssl=1\",\"contentUrl\":\"https:\/\/i0.wp.com\/eco-tech.inf.br\/wp-content\/uploads\/2023\/02\/vhl1220-removebg-preview.png?fit=568%2C439&ssl=1\",\"width\":568,\"height\":439},{\"@type\":\"BreadcrumbList\",\"@id\":\"https:\/\/eco-tech.inf.br\/index.php\/product\/camera-vhl-1220-bullet-intelbras\/#breadcrumb\",\"itemListElement\":[{\"@type\":\"ListItem\",\"position\":1,\"name\":\"In\u00edcio\",\"item\":\"https:\/\/eco-tech.inf.br\/\"},{\"@type\":\"ListItem\",\"position\":2,\"name\":\"Produtos\",\"item\":\"https:\/\/eco-tech.inf.br\/index.php\/shop\/\"},{\"@type\":\"ListItem\",\"position\":3,\"name\":\"C\u00e2mera VHL 1220 Bullet Intelbras\"}]},{\"@type\":\"WebSite\",\"@id\":\"https:\/\/eco-tech.inf.br\/#website\",\"url\":\"https:\/\/eco-tech.inf.br\/\",\"name\":\"Eco-Tech - Solu\u00e7\u00f5es em tecnologia\",\"description\":\"Possu\u00edmos mais de 15 (anos) anos de experi\u00eancia levando para o norte do Brasil tecnologia de ponta trazida por grandes organiza\u00e7\u00f5es dos mais variados seguimentos.\",\"publisher\":{\"@id\":\"https:\/\/eco-tech.inf.br\/#organization\"},\"potentialAction\":[{\"@type\":\"SearchAction\",\"target\":{\"@type\":\"EntryPoint\",\"urlTemplate\":\"https:\/\/eco-tech.inf.br\/?s={search_term_string}\"},\"query-input\":{\"@type\":\"PropertyValueSpecification\",\"valueRequired\":true,\"valueName\":\"search_term_string\"}}],\"inLanguage\":\"pt-BR\"},{\"@type\":\"Organization\",\"@id\":\"https:\/\/eco-tech.inf.br\/#organization\",\"name\":\"ELO SOLU\u00c7\u00d5ES TECNOL\u00d3GICA LTDA\",\"url\":\"https:\/\/eco-tech.inf.br\/\",\"logo\":{\"@type\":\"ImageObject\",\"inLanguage\":\"pt-BR\",\"@id\":\"https:\/\/eco-tech.inf.br\/#\/schema\/logo\/image\/\",\"url\":\"https:\/\/i0.wp.com\/eco-tech.inf.br\/wp-content\/uploads\/2022\/03\/cropped-novologo-1.jpg?fit=512%2C512&ssl=1\",\"contentUrl\":\"https:\/\/i0.wp.com\/eco-tech.inf.br\/wp-content\/uploads\/2022\/03\/cropped-novologo-1.jpg?fit=512%2C512&ssl=1\",\"width\":512,\"height\":512,\"caption\":\"ELO SOLU\u00c7\u00d5ES TECNOL\u00d3GICA LTDA\"},\"image\":{\"@id\":\"https:\/\/eco-tech.inf.br\/#\/schema\/logo\/image\/\"},\"sameAs\":[\"https:\/\/www.facebook.com\/EcoTech-Tecnologia-107960038523316\",\"https:\/\/www.instagram.com\/p\/CbRSB23MmFd\/?utm_medium=copy_link\"]}]}<\/script>\n<!-- \/ Yoast SEO plugin. -->","yoast_head_json":{"title":"C\u00e2mera VHL 1220 Bullet Intelbras - Eco-Tech - Solu\u00e7\u00f5es em tecnologia","robots":{"index":"index","follow":"follow","max-snippet":"max-snippet:-1","max-image-preview":"max-image-preview:large","max-video-preview":"max-video-preview:-1"},"canonical":"https:\/\/eco-tech.inf.br\/index.php\/product\/camera-vhl-1220-bullet-intelbras\/","og_locale":"pt_BR","og_type":"article","og_title":"C\u00e2mera VHL 1220 Bullet Intelbras - Eco-Tech - Solu\u00e7\u00f5es em tecnologia","og_description":"Caracter\u00edsticas \u00bb Compat\u00edvel com 4 tecnologias\u00b9: HDCVI, HDTVI 2.0, AHD-H e anal\u00f3gica\u00b2 \u00bb Resolu\u00e7\u00e3o Full HD (1080p) \u00bb Sensor megapixel 1\/2.7\u201d \u00bb Lente de 2.8 ou 3.6 mm \u00bb Alcance IR de 20 m \u00bb Case pl\u00e1stico \u00bb Menu OSD\u00b3 \u00bb IR inteligente \u00bb Prote\u00e7\u00e3o contra surtos de tens\u00e3o \u00bb 1 ano de garantia Especifica\u00e7\u00f5es [&hellip;]","og_url":"https:\/\/eco-tech.inf.br\/index.php\/product\/camera-vhl-1220-bullet-intelbras\/","og_site_name":"Eco-Tech - Solu\u00e7\u00f5es em tecnologia","article_publisher":"https:\/\/www.facebook.com\/EcoTech-Tecnologia-107960038523316","article_modified_time":"2023-09-25T17:36:25+00:00","og_image":[{"width":568,"height":439,"url":"https:\/\/i0.wp.com\/eco-tech.inf.br\/wp-content\/uploads\/2023\/02\/vhl1220-removebg-preview.png?fit=568%2C439&ssl=1","type":"image\/png"}],"twitter_card":"summary_large_image","schema":{"@context":"https:\/\/schema.org","@graph":[{"@type":"WebPage","@id":"https:\/\/eco-tech.inf.br\/index.php\/product\/camera-vhl-1220-bullet-intelbras\/","url":"https:\/\/eco-tech.inf.br\/index.php\/product\/camera-vhl-1220-bullet-intelbras\/","name":"C\u00e2mera VHL 1220 Bullet Intelbras - Eco-Tech - Solu\u00e7\u00f5es em tecnologia","isPartOf":{"@id":"https:\/\/eco-tech.inf.br\/#website"},"primaryImageOfPage":{"@id":"https:\/\/eco-tech.inf.br\/index.php\/product\/camera-vhl-1220-bullet-intelbras\/#primaryimage"},"image":{"@id":"https:\/\/eco-tech.inf.br\/index.php\/product\/camera-vhl-1220-bullet-intelbras\/#primaryimage"},"thumbnailUrl":"https:\/\/i0.wp.com\/eco-tech.inf.br\/wp-content\/uploads\/2023\/02\/vhl1220-removebg-preview.png?fit=568%2C439&ssl=1","datePublished":"2023-02-11T16:11:15+00:00","dateModified":"2023-09-25T17:36:25+00:00","breadcrumb":{"@id":"https:\/\/eco-tech.inf.br\/index.php\/product\/camera-vhl-1220-bullet-intelbras\/#breadcrumb"},"inLanguage":"pt-BR","potentialAction":[{"@type":"ReadAction","target":["https:\/\/eco-tech.inf.br\/index.php\/product\/camera-vhl-1220-bullet-intelbras\/"]}]},{"@type":"ImageObject","inLanguage":"pt-BR","@id":"https:\/\/eco-tech.inf.br\/index.php\/product\/camera-vhl-1220-bullet-intelbras\/#primaryimage","url":"https:\/\/i0.wp.com\/eco-tech.inf.br\/wp-content\/uploads\/2023\/02\/vhl1220-removebg-preview.png?fit=568%2C439&ssl=1","contentUrl":"https:\/\/i0.wp.com\/eco-tech.inf.br\/wp-content\/uploads\/2023\/02\/vhl1220-removebg-preview.png?fit=568%2C439&ssl=1","width":568,"height":439},{"@type":"BreadcrumbList","@id":"https:\/\/eco-tech.inf.br\/index.php\/product\/camera-vhl-1220-bullet-intelbras\/#breadcrumb","itemListElement":[{"@type":"ListItem","position":1,"name":"In\u00edcio","item":"https:\/\/eco-tech.inf.br\/"},{"@type":"ListItem","position":2,"name":"Produtos","item":"https:\/\/eco-tech.inf.br\/index.php\/shop\/"},{"@type":"ListItem","position":3,"name":"C\u00e2mera VHL 1220 Bullet Intelbras"}]},{"@type":"WebSite","@id":"https:\/\/eco-tech.inf.br\/#website","url":"https:\/\/eco-tech.inf.br\/","name":"Eco-Tech - Solu\u00e7\u00f5es em tecnologia","description":"Possu\u00edmos mais de 15 (anos) anos de experi\u00eancia levando para o norte do Brasil tecnologia de ponta trazida por grandes organiza\u00e7\u00f5es dos mais variados seguimentos.","publisher":{"@id":"https:\/\/eco-tech.inf.br\/#organization"},"potentialAction":[{"@type":"SearchAction","target":{"@type":"EntryPoint","urlTemplate":"https:\/\/eco-tech.inf.br\/?s={search_term_string}"},"query-input":{"@type":"PropertyValueSpecification","valueRequired":true,"valueName":"search_term_string"}}],"inLanguage":"pt-BR"},{"@type":"Organization","@id":"https:\/\/eco-tech.inf.br\/#organization","name":"ELO SOLU\u00c7\u00d5ES TECNOL\u00d3GICA LTDA","url":"https:\/\/eco-tech.inf.br\/","logo":{"@type":"ImageObject","inLanguage":"pt-BR","@id":"https:\/\/eco-tech.inf.br\/#\/schema\/logo\/image\/","url":"https:\/\/i0.wp.com\/eco-tech.inf.br\/wp-content\/uploads\/2022\/03\/cropped-novologo-1.jpg?fit=512%2C512&ssl=1","contentUrl":"https:\/\/i0.wp.com\/eco-tech.inf.br\/wp-content\/uploads\/2022\/03\/cropped-novologo-1.jpg?fit=512%2C512&ssl=1","width":512,"height":512,"caption":"ELO SOLU\u00c7\u00d5ES TECNOL\u00d3GICA LTDA"},"image":{"@id":"https:\/\/eco-tech.inf.br\/#\/schema\/logo\/image\/"},"sameAs":["https:\/\/www.facebook.com\/EcoTech-Tecnologia-107960038523316","https:\/\/www.instagram.com\/p\/CbRSB23MmFd\/?utm_medium=copy_link"]}]}},"jetpack_sharing_enabled":true,"_links":{"self":[{"href":"https:\/\/eco-tech.inf.br\/index.php\/wp-json\/wp\/v2\/product\/866"}],"collection":[{"href":"https:\/\/eco-tech.inf.br\/index.php\/wp-json\/wp\/v2\/product"}],"about":[{"href":"https:\/\/eco-tech.inf.br\/index.php\/wp-json\/wp\/v2\/types\/product"}],"replies":[{"embeddable":true,"href":"https:\/\/eco-tech.inf.br\/index.php\/wp-json\/wp\/v2\/comments?post=866"}],"wp:featuredmedia":[{"embeddable":true,"href":"https:\/\/eco-tech.inf.br\/index.php\/wp-json\/wp\/v2\/media\/867"}],"wp:attachment":[{"href":"https:\/\/eco-tech.inf.br\/index.php\/wp-json\/wp\/v2\/media?parent=866"}],"wp:term":[{"taxonomy":"product_cat","embeddable":true,"href":"https:\/\/eco-tech.inf.br\/index.php\/wp-json\/wp\/v2\/product_cat?post=866"},{"taxonomy":"product_tag","embeddable":true,"href":"https:\/\/eco-tech.inf.br\/index.php\/wp-json\/wp\/v2\/product_tag?post=866"}],"curies":[{"name":"wp","href":"https:\/\/api.w.org\/{rel}","templated":true}]}}