{"id":860,"date":"2023-02-11T11:33:46","date_gmt":"2023-02-11T15:33:46","guid":{"rendered":"https:\/\/eco-tech.inf.br\/?post_type=product&#038;p=860"},"modified":"2023-02-11T11:33:47","modified_gmt":"2023-02-11T15:33:47","slug":"gravador-dvr-mhdx-1016-c-16-canais-com-inteligencia-artificial","status":"publish","type":"product","link":"https:\/\/eco-tech.inf.br\/index.php\/product\/gravador-dvr-mhdx-1016-c-16-canais-com-inteligencia-artificial\/","title":{"rendered":"Gravador Dvr Mhdx 1016 C 16 canais com Intelig\u00eancia Artificial"},"content":{"rendered":"<p>**** N\u00e3o acompanha HD!<\/p>\n<p>Gravador de v\u00eddeo da s\u00e9rie 1000 com 16 CANAIS<\/p>\n<p>O MHDX 1016-C possui recursos como Detec\u00e7\u00e3o Inteligente de Movimento, compress\u00e3o de v\u00eddeo H.265+ e criptografia de \u00e1udio e v\u00eddeo.<\/p>\n<p>Gabinete compacto<br \/>\nO MHDX 1016-C possui case reduzido e melhor custo-benef\u00edcio, mantendo as principais fun\u00e7\u00f5es dos modelos de tamanho tradicional e toda a qualidade da marca Intelbras.<\/p>\n<p>Suporte para an\u00e1lise inteligente de v\u00eddeo<br \/>\nO modelo conta com intelig\u00eancia artificial capaz de fazer detec\u00e7\u00e3o inteligente de pessoas e ve\u00edculos, recursos que agregam mais agilidade e assertividade ao seu sistema de CFTV.<\/p>\n<p>Tecnologia de compress\u00e3o de v\u00eddeo H.265+<br \/>\nO MHDX 1016-C \u00e9 compat\u00edvel com as tecnologias H.265+ e H.265, recursos de compress\u00e3o de v\u00eddeo que mant\u00e9m a alta qualidade das imagens, consumindo menos banda e economizando espa\u00e7o de armazenamento.<\/p>\n<p>Adequado ao padr\u00e3o LGPD de prote\u00e7\u00e3o aos dados<br \/>\nPara garantir mais seguran\u00e7a aos seus dados, o modelo tem criptografias de \u00e1udio e v\u00eddeo otimizadas e adequadas aos padr\u00f5es mais avan\u00e7ados do mercado.<\/p>\n","protected":false},"excerpt":{"rendered":"<p>**** N\u00e3o acompanha HD! Gravador de v\u00eddeo da s\u00e9rie 1000 com 16 CANAIS O MHDX 1016-C possui recursos como Detec\u00e7\u00e3o Inteligente de Movimento, compress\u00e3o de v\u00eddeo H.265+ e criptografia de \u00e1udio e v\u00eddeo. Gabinete compacto O MHDX 1016-C possui case reduzido e melhor custo-benef\u00edcio, mantendo as principais fun\u00e7\u00f5es dos modelos de tamanho tradicional e toda [&hellip;]<\/p>\n","protected":false},"featured_media":864,"comment_status":"closed","ping_status":"closed","template":"","meta":[],"product_cat":[109],"product_tag":[189,188,190],"yoast_head":"<!-- This site is optimized with the Yoast SEO plugin v23.5 - https:\/\/yoast.com\/wordpress\/plugins\/seo\/ -->\n<title>Gravador Dvr Mhdx 1016 C 16 canais com Intelig\u00eancia Artificial - Eco-Tech - Solu\u00e7\u00f5es em tecnologia<\/title>\n<meta name=\"robots\" content=\"index, follow, max-snippet:-1, max-image-preview:large, max-video-preview:-1\" \/>\n<link rel=\"canonical\" href=\"https:\/\/eco-tech.inf.br\/index.php\/product\/gravador-dvr-mhdx-1016-c-16-canais-com-inteligencia-artificial\/\" \/>\n<meta property=\"og:locale\" content=\"pt_BR\" \/>\n<meta property=\"og:type\" content=\"article\" \/>\n<meta property=\"og:title\" content=\"Gravador Dvr Mhdx 1016 C 16 canais com Intelig\u00eancia Artificial - Eco-Tech - Solu\u00e7\u00f5es em tecnologia\" \/>\n<meta property=\"og:description\" content=\"**** N\u00e3o acompanha HD! Gravador de v\u00eddeo da s\u00e9rie 1000 com 16 CANAIS O MHDX 1016-C possui recursos como Detec\u00e7\u00e3o Inteligente de Movimento, compress\u00e3o de v\u00eddeo H.265+ e criptografia de \u00e1udio e v\u00eddeo. Gabinete compacto O MHDX 1016-C possui case reduzido e melhor custo-benef\u00edcio, mantendo as principais fun\u00e7\u00f5es dos modelos de tamanho tradicional e toda [&hellip;]\" \/>\n<meta property=\"og:url\" content=\"https:\/\/eco-tech.inf.br\/index.php\/product\/gravador-dvr-mhdx-1016-c-16-canais-com-inteligencia-artificial\/\" \/>\n<meta property=\"og:site_name\" content=\"Eco-Tech - Solu\u00e7\u00f5es em tecnologia\" \/>\n<meta property=\"article:publisher\" content=\"https:\/\/www.facebook.com\/EcoTech-Tecnologia-107960038523316\" \/>\n<meta property=\"article:modified_time\" content=\"2023-02-11T15:33:47+00:00\" \/>\n<meta property=\"og:image\" content=\"https:\/\/i0.wp.com\/eco-tech.inf.br\/wp-content\/uploads\/2023\/02\/dvr16fr-removebg-preview-2.png?fit=565%2C436&ssl=1\" \/>\n\t<meta property=\"og:image:width\" content=\"565\" \/>\n\t<meta property=\"og:image:height\" content=\"436\" \/>\n\t<meta property=\"og:image:type\" content=\"image\/png\" \/>\n<meta name=\"twitter:card\" content=\"summary_large_image\" \/>\n<meta name=\"twitter:label1\" content=\"Est. tempo de leitura\" \/>\n\t<meta name=\"twitter:data1\" content=\"1 minuto\" \/>\n<script type=\"application\/ld+json\" class=\"yoast-schema-graph\">{\"@context\":\"https:\/\/schema.org\",\"@graph\":[{\"@type\":\"WebPage\",\"@id\":\"https:\/\/eco-tech.inf.br\/index.php\/product\/gravador-dvr-mhdx-1016-c-16-canais-com-inteligencia-artificial\/\",\"url\":\"https:\/\/eco-tech.inf.br\/index.php\/product\/gravador-dvr-mhdx-1016-c-16-canais-com-inteligencia-artificial\/\",\"name\":\"Gravador Dvr Mhdx 1016 C 16 canais com Intelig\u00eancia Artificial - Eco-Tech - Solu\u00e7\u00f5es em tecnologia\",\"isPartOf\":{\"@id\":\"https:\/\/eco-tech.inf.br\/#website\"},\"primaryImageOfPage\":{\"@id\":\"https:\/\/eco-tech.inf.br\/index.php\/product\/gravador-dvr-mhdx-1016-c-16-canais-com-inteligencia-artificial\/#primaryimage\"},\"image\":{\"@id\":\"https:\/\/eco-tech.inf.br\/index.php\/product\/gravador-dvr-mhdx-1016-c-16-canais-com-inteligencia-artificial\/#primaryimage\"},\"thumbnailUrl\":\"https:\/\/i0.wp.com\/eco-tech.inf.br\/wp-content\/uploads\/2023\/02\/dvr16fr-removebg-preview-2.png?fit=565%2C436&ssl=1\",\"datePublished\":\"2023-02-11T15:33:46+00:00\",\"dateModified\":\"2023-02-11T15:33:47+00:00\",\"breadcrumb\":{\"@id\":\"https:\/\/eco-tech.inf.br\/index.php\/product\/gravador-dvr-mhdx-1016-c-16-canais-com-inteligencia-artificial\/#breadcrumb\"},\"inLanguage\":\"pt-BR\",\"potentialAction\":[{\"@type\":\"ReadAction\",\"target\":[\"https:\/\/eco-tech.inf.br\/index.php\/product\/gravador-dvr-mhdx-1016-c-16-canais-com-inteligencia-artificial\/\"]}]},{\"@type\":\"ImageObject\",\"inLanguage\":\"pt-BR\",\"@id\":\"https:\/\/eco-tech.inf.br\/index.php\/product\/gravador-dvr-mhdx-1016-c-16-canais-com-inteligencia-artificial\/#primaryimage\",\"url\":\"https:\/\/i0.wp.com\/eco-tech.inf.br\/wp-content\/uploads\/2023\/02\/dvr16fr-removebg-preview-2.png?fit=565%2C436&ssl=1\",\"contentUrl\":\"https:\/\/i0.wp.com\/eco-tech.inf.br\/wp-content\/uploads\/2023\/02\/dvr16fr-removebg-preview-2.png?fit=565%2C436&ssl=1\",\"width\":565,\"height\":436},{\"@type\":\"BreadcrumbList\",\"@id\":\"https:\/\/eco-tech.inf.br\/index.php\/product\/gravador-dvr-mhdx-1016-c-16-canais-com-inteligencia-artificial\/#breadcrumb\",\"itemListElement\":[{\"@type\":\"ListItem\",\"position\":1,\"name\":\"In\u00edcio\",\"item\":\"https:\/\/eco-tech.inf.br\/\"},{\"@type\":\"ListItem\",\"position\":2,\"name\":\"Produtos\",\"item\":\"https:\/\/eco-tech.inf.br\/index.php\/shop\/\"},{\"@type\":\"ListItem\",\"position\":3,\"name\":\"Gravador Dvr Mhdx 1016 C 16 canais com Intelig\u00eancia Artificial\"}]},{\"@type\":\"WebSite\",\"@id\":\"https:\/\/eco-tech.inf.br\/#website\",\"url\":\"https:\/\/eco-tech.inf.br\/\",\"name\":\"Eco-Tech - Solu\u00e7\u00f5es em tecnologia\",\"description\":\"Possu\u00edmos mais de 15 (anos) anos de experi\u00eancia levando para o norte do Brasil tecnologia de ponta trazida por grandes organiza\u00e7\u00f5es dos mais variados seguimentos.\",\"publisher\":{\"@id\":\"https:\/\/eco-tech.inf.br\/#organization\"},\"potentialAction\":[{\"@type\":\"SearchAction\",\"target\":{\"@type\":\"EntryPoint\",\"urlTemplate\":\"https:\/\/eco-tech.inf.br\/?s={search_term_string}\"},\"query-input\":{\"@type\":\"PropertyValueSpecification\",\"valueRequired\":true,\"valueName\":\"search_term_string\"}}],\"inLanguage\":\"pt-BR\"},{\"@type\":\"Organization\",\"@id\":\"https:\/\/eco-tech.inf.br\/#organization\",\"name\":\"ELO SOLU\u00c7\u00d5ES TECNOL\u00d3GICA LTDA\",\"url\":\"https:\/\/eco-tech.inf.br\/\",\"logo\":{\"@type\":\"ImageObject\",\"inLanguage\":\"pt-BR\",\"@id\":\"https:\/\/eco-tech.inf.br\/#\/schema\/logo\/image\/\",\"url\":\"https:\/\/i0.wp.com\/eco-tech.inf.br\/wp-content\/uploads\/2022\/03\/cropped-novologo-1.jpg?fit=512%2C512&ssl=1\",\"contentUrl\":\"https:\/\/i0.wp.com\/eco-tech.inf.br\/wp-content\/uploads\/2022\/03\/cropped-novologo-1.jpg?fit=512%2C512&ssl=1\",\"width\":512,\"height\":512,\"caption\":\"ELO SOLU\u00c7\u00d5ES TECNOL\u00d3GICA LTDA\"},\"image\":{\"@id\":\"https:\/\/eco-tech.inf.br\/#\/schema\/logo\/image\/\"},\"sameAs\":[\"https:\/\/www.facebook.com\/EcoTech-Tecnologia-107960038523316\",\"https:\/\/www.instagram.com\/p\/CbRSB23MmFd\/?utm_medium=copy_link\"]}]}<\/script>\n<!-- \/ Yoast SEO plugin. -->","yoast_head_json":{"title":"Gravador Dvr Mhdx 1016 C 16 canais com Intelig\u00eancia Artificial - Eco-Tech - Solu\u00e7\u00f5es em tecnologia","robots":{"index":"index","follow":"follow","max-snippet":"max-snippet:-1","max-image-preview":"max-image-preview:large","max-video-preview":"max-video-preview:-1"},"canonical":"https:\/\/eco-tech.inf.br\/index.php\/product\/gravador-dvr-mhdx-1016-c-16-canais-com-inteligencia-artificial\/","og_locale":"pt_BR","og_type":"article","og_title":"Gravador Dvr Mhdx 1016 C 16 canais com Intelig\u00eancia Artificial - Eco-Tech - Solu\u00e7\u00f5es em tecnologia","og_description":"**** N\u00e3o acompanha HD! Gravador de v\u00eddeo da s\u00e9rie 1000 com 16 CANAIS O MHDX 1016-C possui recursos como Detec\u00e7\u00e3o Inteligente de Movimento, compress\u00e3o de v\u00eddeo H.265+ e criptografia de \u00e1udio e v\u00eddeo. Gabinete compacto O MHDX 1016-C possui case reduzido e melhor custo-benef\u00edcio, mantendo as principais fun\u00e7\u00f5es dos modelos de tamanho tradicional e toda [&hellip;]","og_url":"https:\/\/eco-tech.inf.br\/index.php\/product\/gravador-dvr-mhdx-1016-c-16-canais-com-inteligencia-artificial\/","og_site_name":"Eco-Tech - Solu\u00e7\u00f5es em tecnologia","article_publisher":"https:\/\/www.facebook.com\/EcoTech-Tecnologia-107960038523316","article_modified_time":"2023-02-11T15:33:47+00:00","og_image":[{"width":565,"height":436,"url":"https:\/\/i0.wp.com\/eco-tech.inf.br\/wp-content\/uploads\/2023\/02\/dvr16fr-removebg-preview-2.png?fit=565%2C436&ssl=1","type":"image\/png"}],"twitter_card":"summary_large_image","twitter_misc":{"Est. tempo de leitura":"1 minuto"},"schema":{"@context":"https:\/\/schema.org","@graph":[{"@type":"WebPage","@id":"https:\/\/eco-tech.inf.br\/index.php\/product\/gravador-dvr-mhdx-1016-c-16-canais-com-inteligencia-artificial\/","url":"https:\/\/eco-tech.inf.br\/index.php\/product\/gravador-dvr-mhdx-1016-c-16-canais-com-inteligencia-artificial\/","name":"Gravador Dvr Mhdx 1016 C 16 canais com Intelig\u00eancia Artificial - Eco-Tech - Solu\u00e7\u00f5es em tecnologia","isPartOf":{"@id":"https:\/\/eco-tech.inf.br\/#website"},"primaryImageOfPage":{"@id":"https:\/\/eco-tech.inf.br\/index.php\/product\/gravador-dvr-mhdx-1016-c-16-canais-com-inteligencia-artificial\/#primaryimage"},"image":{"@id":"https:\/\/eco-tech.inf.br\/index.php\/product\/gravador-dvr-mhdx-1016-c-16-canais-com-inteligencia-artificial\/#primaryimage"},"thumbnailUrl":"https:\/\/i0.wp.com\/eco-tech.inf.br\/wp-content\/uploads\/2023\/02\/dvr16fr-removebg-preview-2.png?fit=565%2C436&ssl=1","datePublished":"2023-02-11T15:33:46+00:00","dateModified":"2023-02-11T15:33:47+00:00","breadcrumb":{"@id":"https:\/\/eco-tech.inf.br\/index.php\/product\/gravador-dvr-mhdx-1016-c-16-canais-com-inteligencia-artificial\/#breadcrumb"},"inLanguage":"pt-BR","potentialAction":[{"@type":"ReadAction","target":["https:\/\/eco-tech.inf.br\/index.php\/product\/gravador-dvr-mhdx-1016-c-16-canais-com-inteligencia-artificial\/"]}]},{"@type":"ImageObject","inLanguage":"pt-BR","@id":"https:\/\/eco-tech.inf.br\/index.php\/product\/gravador-dvr-mhdx-1016-c-16-canais-com-inteligencia-artificial\/#primaryimage","url":"https:\/\/i0.wp.com\/eco-tech.inf.br\/wp-content\/uploads\/2023\/02\/dvr16fr-removebg-preview-2.png?fit=565%2C436&ssl=1","contentUrl":"https:\/\/i0.wp.com\/eco-tech.inf.br\/wp-content\/uploads\/2023\/02\/dvr16fr-removebg-preview-2.png?fit=565%2C436&ssl=1","width":565,"height":436},{"@type":"BreadcrumbList","@id":"https:\/\/eco-tech.inf.br\/index.php\/product\/gravador-dvr-mhdx-1016-c-16-canais-com-inteligencia-artificial\/#breadcrumb","itemListElement":[{"@type":"ListItem","position":1,"name":"In\u00edcio","item":"https:\/\/eco-tech.inf.br\/"},{"@type":"ListItem","position":2,"name":"Produtos","item":"https:\/\/eco-tech.inf.br\/index.php\/shop\/"},{"@type":"ListItem","position":3,"name":"Gravador Dvr Mhdx 1016 C 16 canais com Intelig\u00eancia Artificial"}]},{"@type":"WebSite","@id":"https:\/\/eco-tech.inf.br\/#website","url":"https:\/\/eco-tech.inf.br\/","name":"Eco-Tech - Solu\u00e7\u00f5es em tecnologia","description":"Possu\u00edmos mais de 15 (anos) anos de experi\u00eancia levando para o norte do Brasil tecnologia de ponta trazida por grandes organiza\u00e7\u00f5es dos mais variados seguimentos.","publisher":{"@id":"https:\/\/eco-tech.inf.br\/#organization"},"potentialAction":[{"@type":"SearchAction","target":{"@type":"EntryPoint","urlTemplate":"https:\/\/eco-tech.inf.br\/?s={search_term_string}"},"query-input":{"@type":"PropertyValueSpecification","valueRequired":true,"valueName":"search_term_string"}}],"inLanguage":"pt-BR"},{"@type":"Organization","@id":"https:\/\/eco-tech.inf.br\/#organization","name":"ELO SOLU\u00c7\u00d5ES TECNOL\u00d3GICA LTDA","url":"https:\/\/eco-tech.inf.br\/","logo":{"@type":"ImageObject","inLanguage":"pt-BR","@id":"https:\/\/eco-tech.inf.br\/#\/schema\/logo\/image\/","url":"https:\/\/i0.wp.com\/eco-tech.inf.br\/wp-content\/uploads\/2022\/03\/cropped-novologo-1.jpg?fit=512%2C512&ssl=1","contentUrl":"https:\/\/i0.wp.com\/eco-tech.inf.br\/wp-content\/uploads\/2022\/03\/cropped-novologo-1.jpg?fit=512%2C512&ssl=1","width":512,"height":512,"caption":"ELO SOLU\u00c7\u00d5ES TECNOL\u00d3GICA LTDA"},"image":{"@id":"https:\/\/eco-tech.inf.br\/#\/schema\/logo\/image\/"},"sameAs":["https:\/\/www.facebook.com\/EcoTech-Tecnologia-107960038523316","https:\/\/www.instagram.com\/p\/CbRSB23MmFd\/?utm_medium=copy_link"]}]}},"jetpack_sharing_enabled":true,"_links":{"self":[{"href":"https:\/\/eco-tech.inf.br\/index.php\/wp-json\/wp\/v2\/product\/860"}],"collection":[{"href":"https:\/\/eco-tech.inf.br\/index.php\/wp-json\/wp\/v2\/product"}],"about":[{"href":"https:\/\/eco-tech.inf.br\/index.php\/wp-json\/wp\/v2\/types\/product"}],"replies":[{"embeddable":true,"href":"https:\/\/eco-tech.inf.br\/index.php\/wp-json\/wp\/v2\/comments?post=860"}],"wp:featuredmedia":[{"embeddable":true,"href":"https:\/\/eco-tech.inf.br\/index.php\/wp-json\/wp\/v2\/media\/864"}],"wp:attachment":[{"href":"https:\/\/eco-tech.inf.br\/index.php\/wp-json\/wp\/v2\/media?parent=860"}],"wp:term":[{"taxonomy":"product_cat","embeddable":true,"href":"https:\/\/eco-tech.inf.br\/index.php\/wp-json\/wp\/v2\/product_cat?post=860"},{"taxonomy":"product_tag","embeddable":true,"href":"https:\/\/eco-tech.inf.br\/index.php\/wp-json\/wp\/v2\/product_tag?post=860"}],"curies":[{"name":"wp","href":"https:\/\/api.w.org\/{rel}","templated":true}]}}