{"id":846,"date":"2023-02-09T18:41:01","date_gmt":"2023-02-09T22:41:01","guid":{"rendered":"https:\/\/eco-tech.inf.br\/?post_type=product&#038;p=846"},"modified":"2023-02-09T18:41:26","modified_gmt":"2023-02-09T22:41:26","slug":"interruptor-conector-inteligente-wi-fi-intelbras-ews-301","status":"publish","type":"product","link":"https:\/\/eco-tech.inf.br\/index.php\/product\/interruptor-conector-inteligente-wi-fi-intelbras-ews-301\/","title":{"rendered":"Interruptor Conector Inteligente Wi-Fi Intelbras EWS 301"},"content":{"rendered":"<p>Deixe sua casa mais inteligente com o interruptor conector EWS 301, transformando suas tomadas comuns em tomadas conectadas \u00e0 internet, permitindo ligar e desligar seus eletr\u00f4nicos ou eletrodom\u00e9sticos atrav\u00e9s do aplicativo para smartphones Izy Smart e assistentes de voz como Amazon Alexa e Google Assistente. Controle sua cafeteira, ventilador, lumin\u00e1ria e outros equipamentos \u00e0 dist\u00e2ncia e programada de forma simples e f\u00e1cil<br \/>\nO conector smart transforma tomadas comuns em tomadas inteligentes e permite controlar dispositivos remotamente, via aplicativo, ou comando de voz.<br \/>\nConecte cafeteiras, ventiladores, carregadores ou qualquer dispositivo de at\u00e9 10 A ao conector smart e controle-os pelo aplicativo.<br \/>\nAo ligar dispositivos no conector smart, voc\u00ea tem acesso ao relat\u00f3rio do consumo de energia em tempo real via aplicativo Izy.<\/p>\n","protected":false},"excerpt":{"rendered":"<p>Deixe sua casa mais inteligente com o interruptor conector EWS 301, transformando suas tomadas comuns em tomadas conectadas \u00e0 internet, permitindo ligar e desligar seus eletr\u00f4nicos ou eletrodom\u00e9sticos atrav\u00e9s do aplicativo para smartphones Izy Smart e assistentes de voz como Amazon Alexa e Google Assistente. Controle sua cafeteira, ventilador, lumin\u00e1ria e outros equipamentos \u00e0 dist\u00e2ncia [&hellip;]<\/p>\n","protected":false},"featured_media":847,"comment_status":"closed","ping_status":"closed","template":"","meta":[],"product_cat":[182],"product_tag":[184,183],"yoast_head":"<!-- This site is optimized with the Yoast SEO plugin v23.5 - https:\/\/yoast.com\/wordpress\/plugins\/seo\/ -->\n<title>Interruptor Conector Inteligente Wi-Fi Intelbras EWS 301 - Eco-Tech - Solu\u00e7\u00f5es em tecnologia<\/title>\n<meta name=\"robots\" content=\"index, follow, max-snippet:-1, max-image-preview:large, max-video-preview:-1\" \/>\n<link rel=\"canonical\" href=\"https:\/\/eco-tech.inf.br\/index.php\/product\/interruptor-conector-inteligente-wi-fi-intelbras-ews-301\/\" \/>\n<meta property=\"og:locale\" content=\"pt_BR\" \/>\n<meta property=\"og:type\" content=\"article\" \/>\n<meta property=\"og:title\" content=\"Interruptor Conector Inteligente Wi-Fi Intelbras EWS 301 - Eco-Tech - Solu\u00e7\u00f5es em tecnologia\" \/>\n<meta property=\"og:description\" content=\"Deixe sua casa mais inteligente com o interruptor conector EWS 301, transformando suas tomadas comuns em tomadas conectadas \u00e0 internet, permitindo ligar e desligar seus eletr\u00f4nicos ou eletrodom\u00e9sticos atrav\u00e9s do aplicativo para smartphones Izy Smart e assistentes de voz como Amazon Alexa e Google Assistente. Controle sua cafeteira, ventilador, lumin\u00e1ria e outros equipamentos \u00e0 dist\u00e2ncia [&hellip;]\" \/>\n<meta property=\"og:url\" content=\"https:\/\/eco-tech.inf.br\/index.php\/product\/interruptor-conector-inteligente-wi-fi-intelbras-ews-301\/\" \/>\n<meta property=\"og:site_name\" content=\"Eco-Tech - Solu\u00e7\u00f5es em tecnologia\" \/>\n<meta property=\"article:publisher\" content=\"https:\/\/www.facebook.com\/EcoTech-Tecnologia-107960038523316\" \/>\n<meta property=\"article:modified_time\" content=\"2023-02-09T22:41:26+00:00\" \/>\n<meta property=\"og:image\" content=\"https:\/\/i0.wp.com\/eco-tech.inf.br\/wp-content\/uploads\/2023\/02\/tomada-removebg-preview.png?fit=402%2C260&ssl=1\" \/>\n\t<meta property=\"og:image:width\" content=\"402\" \/>\n\t<meta property=\"og:image:height\" content=\"260\" \/>\n\t<meta property=\"og:image:type\" content=\"image\/png\" \/>\n<meta name=\"twitter:card\" content=\"summary_large_image\" \/>\n<meta name=\"twitter:label1\" content=\"Est. tempo de leitura\" \/>\n\t<meta name=\"twitter:data1\" content=\"1 minuto\" \/>\n<script type=\"application\/ld+json\" class=\"yoast-schema-graph\">{\"@context\":\"https:\/\/schema.org\",\"@graph\":[{\"@type\":\"WebPage\",\"@id\":\"https:\/\/eco-tech.inf.br\/index.php\/product\/interruptor-conector-inteligente-wi-fi-intelbras-ews-301\/\",\"url\":\"https:\/\/eco-tech.inf.br\/index.php\/product\/interruptor-conector-inteligente-wi-fi-intelbras-ews-301\/\",\"name\":\"Interruptor Conector Inteligente Wi-Fi Intelbras EWS 301 - Eco-Tech - Solu\u00e7\u00f5es em tecnologia\",\"isPartOf\":{\"@id\":\"https:\/\/eco-tech.inf.br\/#website\"},\"primaryImageOfPage\":{\"@id\":\"https:\/\/eco-tech.inf.br\/index.php\/product\/interruptor-conector-inteligente-wi-fi-intelbras-ews-301\/#primaryimage\"},\"image\":{\"@id\":\"https:\/\/eco-tech.inf.br\/index.php\/product\/interruptor-conector-inteligente-wi-fi-intelbras-ews-301\/#primaryimage\"},\"thumbnailUrl\":\"https:\/\/i0.wp.com\/eco-tech.inf.br\/wp-content\/uploads\/2023\/02\/tomada-removebg-preview.png?fit=402%2C260&ssl=1\",\"datePublished\":\"2023-02-09T22:41:01+00:00\",\"dateModified\":\"2023-02-09T22:41:26+00:00\",\"breadcrumb\":{\"@id\":\"https:\/\/eco-tech.inf.br\/index.php\/product\/interruptor-conector-inteligente-wi-fi-intelbras-ews-301\/#breadcrumb\"},\"inLanguage\":\"pt-BR\",\"potentialAction\":[{\"@type\":\"ReadAction\",\"target\":[\"https:\/\/eco-tech.inf.br\/index.php\/product\/interruptor-conector-inteligente-wi-fi-intelbras-ews-301\/\"]}]},{\"@type\":\"ImageObject\",\"inLanguage\":\"pt-BR\",\"@id\":\"https:\/\/eco-tech.inf.br\/index.php\/product\/interruptor-conector-inteligente-wi-fi-intelbras-ews-301\/#primaryimage\",\"url\":\"https:\/\/i0.wp.com\/eco-tech.inf.br\/wp-content\/uploads\/2023\/02\/tomada-removebg-preview.png?fit=402%2C260&ssl=1\",\"contentUrl\":\"https:\/\/i0.wp.com\/eco-tech.inf.br\/wp-content\/uploads\/2023\/02\/tomada-removebg-preview.png?fit=402%2C260&ssl=1\",\"width\":402,\"height\":260},{\"@type\":\"BreadcrumbList\",\"@id\":\"https:\/\/eco-tech.inf.br\/index.php\/product\/interruptor-conector-inteligente-wi-fi-intelbras-ews-301\/#breadcrumb\",\"itemListElement\":[{\"@type\":\"ListItem\",\"position\":1,\"name\":\"In\u00edcio\",\"item\":\"https:\/\/eco-tech.inf.br\/\"},{\"@type\":\"ListItem\",\"position\":2,\"name\":\"Produtos\",\"item\":\"https:\/\/eco-tech.inf.br\/index.php\/shop\/\"},{\"@type\":\"ListItem\",\"position\":3,\"name\":\"Interruptor Conector Inteligente Wi-Fi Intelbras EWS 301\"}]},{\"@type\":\"WebSite\",\"@id\":\"https:\/\/eco-tech.inf.br\/#website\",\"url\":\"https:\/\/eco-tech.inf.br\/\",\"name\":\"Eco-Tech - Solu\u00e7\u00f5es em tecnologia\",\"description\":\"Possu\u00edmos mais de 15 (anos) anos de experi\u00eancia levando para o norte do Brasil tecnologia de ponta trazida por grandes organiza\u00e7\u00f5es dos mais variados seguimentos.\",\"publisher\":{\"@id\":\"https:\/\/eco-tech.inf.br\/#organization\"},\"potentialAction\":[{\"@type\":\"SearchAction\",\"target\":{\"@type\":\"EntryPoint\",\"urlTemplate\":\"https:\/\/eco-tech.inf.br\/?s={search_term_string}\"},\"query-input\":{\"@type\":\"PropertyValueSpecification\",\"valueRequired\":true,\"valueName\":\"search_term_string\"}}],\"inLanguage\":\"pt-BR\"},{\"@type\":\"Organization\",\"@id\":\"https:\/\/eco-tech.inf.br\/#organization\",\"name\":\"ELO SOLU\u00c7\u00d5ES TECNOL\u00d3GICA LTDA\",\"url\":\"https:\/\/eco-tech.inf.br\/\",\"logo\":{\"@type\":\"ImageObject\",\"inLanguage\":\"pt-BR\",\"@id\":\"https:\/\/eco-tech.inf.br\/#\/schema\/logo\/image\/\",\"url\":\"https:\/\/i0.wp.com\/eco-tech.inf.br\/wp-content\/uploads\/2022\/03\/cropped-novologo-1.jpg?fit=512%2C512&ssl=1\",\"contentUrl\":\"https:\/\/i0.wp.com\/eco-tech.inf.br\/wp-content\/uploads\/2022\/03\/cropped-novologo-1.jpg?fit=512%2C512&ssl=1\",\"width\":512,\"height\":512,\"caption\":\"ELO SOLU\u00c7\u00d5ES TECNOL\u00d3GICA LTDA\"},\"image\":{\"@id\":\"https:\/\/eco-tech.inf.br\/#\/schema\/logo\/image\/\"},\"sameAs\":[\"https:\/\/www.facebook.com\/EcoTech-Tecnologia-107960038523316\",\"https:\/\/www.instagram.com\/p\/CbRSB23MmFd\/?utm_medium=copy_link\"]}]}<\/script>\n<!-- \/ Yoast SEO plugin. -->","yoast_head_json":{"title":"Interruptor Conector Inteligente Wi-Fi Intelbras EWS 301 - Eco-Tech - Solu\u00e7\u00f5es em tecnologia","robots":{"index":"index","follow":"follow","max-snippet":"max-snippet:-1","max-image-preview":"max-image-preview:large","max-video-preview":"max-video-preview:-1"},"canonical":"https:\/\/eco-tech.inf.br\/index.php\/product\/interruptor-conector-inteligente-wi-fi-intelbras-ews-301\/","og_locale":"pt_BR","og_type":"article","og_title":"Interruptor Conector Inteligente Wi-Fi Intelbras EWS 301 - Eco-Tech - Solu\u00e7\u00f5es em tecnologia","og_description":"Deixe sua casa mais inteligente com o interruptor conector EWS 301, transformando suas tomadas comuns em tomadas conectadas \u00e0 internet, permitindo ligar e desligar seus eletr\u00f4nicos ou eletrodom\u00e9sticos atrav\u00e9s do aplicativo para smartphones Izy Smart e assistentes de voz como Amazon Alexa e Google Assistente. Controle sua cafeteira, ventilador, lumin\u00e1ria e outros equipamentos \u00e0 dist\u00e2ncia [&hellip;]","og_url":"https:\/\/eco-tech.inf.br\/index.php\/product\/interruptor-conector-inteligente-wi-fi-intelbras-ews-301\/","og_site_name":"Eco-Tech - Solu\u00e7\u00f5es em tecnologia","article_publisher":"https:\/\/www.facebook.com\/EcoTech-Tecnologia-107960038523316","article_modified_time":"2023-02-09T22:41:26+00:00","og_image":[{"width":402,"height":260,"url":"https:\/\/i0.wp.com\/eco-tech.inf.br\/wp-content\/uploads\/2023\/02\/tomada-removebg-preview.png?fit=402%2C260&ssl=1","type":"image\/png"}],"twitter_card":"summary_large_image","twitter_misc":{"Est. tempo de leitura":"1 minuto"},"schema":{"@context":"https:\/\/schema.org","@graph":[{"@type":"WebPage","@id":"https:\/\/eco-tech.inf.br\/index.php\/product\/interruptor-conector-inteligente-wi-fi-intelbras-ews-301\/","url":"https:\/\/eco-tech.inf.br\/index.php\/product\/interruptor-conector-inteligente-wi-fi-intelbras-ews-301\/","name":"Interruptor Conector Inteligente Wi-Fi Intelbras EWS 301 - Eco-Tech - Solu\u00e7\u00f5es em tecnologia","isPartOf":{"@id":"https:\/\/eco-tech.inf.br\/#website"},"primaryImageOfPage":{"@id":"https:\/\/eco-tech.inf.br\/index.php\/product\/interruptor-conector-inteligente-wi-fi-intelbras-ews-301\/#primaryimage"},"image":{"@id":"https:\/\/eco-tech.inf.br\/index.php\/product\/interruptor-conector-inteligente-wi-fi-intelbras-ews-301\/#primaryimage"},"thumbnailUrl":"https:\/\/i0.wp.com\/eco-tech.inf.br\/wp-content\/uploads\/2023\/02\/tomada-removebg-preview.png?fit=402%2C260&ssl=1","datePublished":"2023-02-09T22:41:01+00:00","dateModified":"2023-02-09T22:41:26+00:00","breadcrumb":{"@id":"https:\/\/eco-tech.inf.br\/index.php\/product\/interruptor-conector-inteligente-wi-fi-intelbras-ews-301\/#breadcrumb"},"inLanguage":"pt-BR","potentialAction":[{"@type":"ReadAction","target":["https:\/\/eco-tech.inf.br\/index.php\/product\/interruptor-conector-inteligente-wi-fi-intelbras-ews-301\/"]}]},{"@type":"ImageObject","inLanguage":"pt-BR","@id":"https:\/\/eco-tech.inf.br\/index.php\/product\/interruptor-conector-inteligente-wi-fi-intelbras-ews-301\/#primaryimage","url":"https:\/\/i0.wp.com\/eco-tech.inf.br\/wp-content\/uploads\/2023\/02\/tomada-removebg-preview.png?fit=402%2C260&ssl=1","contentUrl":"https:\/\/i0.wp.com\/eco-tech.inf.br\/wp-content\/uploads\/2023\/02\/tomada-removebg-preview.png?fit=402%2C260&ssl=1","width":402,"height":260},{"@type":"BreadcrumbList","@id":"https:\/\/eco-tech.inf.br\/index.php\/product\/interruptor-conector-inteligente-wi-fi-intelbras-ews-301\/#breadcrumb","itemListElement":[{"@type":"ListItem","position":1,"name":"In\u00edcio","item":"https:\/\/eco-tech.inf.br\/"},{"@type":"ListItem","position":2,"name":"Produtos","item":"https:\/\/eco-tech.inf.br\/index.php\/shop\/"},{"@type":"ListItem","position":3,"name":"Interruptor Conector Inteligente Wi-Fi Intelbras EWS 301"}]},{"@type":"WebSite","@id":"https:\/\/eco-tech.inf.br\/#website","url":"https:\/\/eco-tech.inf.br\/","name":"Eco-Tech - Solu\u00e7\u00f5es em tecnologia","description":"Possu\u00edmos mais de 15 (anos) anos de experi\u00eancia levando para o norte do Brasil tecnologia de ponta trazida por grandes organiza\u00e7\u00f5es dos mais variados seguimentos.","publisher":{"@id":"https:\/\/eco-tech.inf.br\/#organization"},"potentialAction":[{"@type":"SearchAction","target":{"@type":"EntryPoint","urlTemplate":"https:\/\/eco-tech.inf.br\/?s={search_term_string}"},"query-input":{"@type":"PropertyValueSpecification","valueRequired":true,"valueName":"search_term_string"}}],"inLanguage":"pt-BR"},{"@type":"Organization","@id":"https:\/\/eco-tech.inf.br\/#organization","name":"ELO SOLU\u00c7\u00d5ES TECNOL\u00d3GICA LTDA","url":"https:\/\/eco-tech.inf.br\/","logo":{"@type":"ImageObject","inLanguage":"pt-BR","@id":"https:\/\/eco-tech.inf.br\/#\/schema\/logo\/image\/","url":"https:\/\/i0.wp.com\/eco-tech.inf.br\/wp-content\/uploads\/2022\/03\/cropped-novologo-1.jpg?fit=512%2C512&ssl=1","contentUrl":"https:\/\/i0.wp.com\/eco-tech.inf.br\/wp-content\/uploads\/2022\/03\/cropped-novologo-1.jpg?fit=512%2C512&ssl=1","width":512,"height":512,"caption":"ELO SOLU\u00c7\u00d5ES TECNOL\u00d3GICA LTDA"},"image":{"@id":"https:\/\/eco-tech.inf.br\/#\/schema\/logo\/image\/"},"sameAs":["https:\/\/www.facebook.com\/EcoTech-Tecnologia-107960038523316","https:\/\/www.instagram.com\/p\/CbRSB23MmFd\/?utm_medium=copy_link"]}]}},"jetpack_sharing_enabled":true,"_links":{"self":[{"href":"https:\/\/eco-tech.inf.br\/index.php\/wp-json\/wp\/v2\/product\/846"}],"collection":[{"href":"https:\/\/eco-tech.inf.br\/index.php\/wp-json\/wp\/v2\/product"}],"about":[{"href":"https:\/\/eco-tech.inf.br\/index.php\/wp-json\/wp\/v2\/types\/product"}],"replies":[{"embeddable":true,"href":"https:\/\/eco-tech.inf.br\/index.php\/wp-json\/wp\/v2\/comments?post=846"}],"wp:featuredmedia":[{"embeddable":true,"href":"https:\/\/eco-tech.inf.br\/index.php\/wp-json\/wp\/v2\/media\/847"}],"wp:attachment":[{"href":"https:\/\/eco-tech.inf.br\/index.php\/wp-json\/wp\/v2\/media?parent=846"}],"wp:term":[{"taxonomy":"product_cat","embeddable":true,"href":"https:\/\/eco-tech.inf.br\/index.php\/wp-json\/wp\/v2\/product_cat?post=846"},{"taxonomy":"product_tag","embeddable":true,"href":"https:\/\/eco-tech.inf.br\/index.php\/wp-json\/wp\/v2\/product_tag?post=846"}],"curies":[{"name":"wp","href":"https:\/\/api.w.org\/{rel}","templated":true}]}}