{"id":832,"date":"2023-02-09T17:54:50","date_gmt":"2023-02-09T21:54:50","guid":{"rendered":"https:\/\/eco-tech.inf.br\/?post_type=product&#038;p=832"},"modified":"2023-02-09T17:54:52","modified_gmt":"2023-02-09T21:54:52","slug":"detector-de-fumaca-smart-intelbras-idf-620","status":"publish","type":"product","link":"https:\/\/eco-tech.inf.br\/index.php\/product\/detector-de-fumaca-smart-intelbras-idf-620\/","title":{"rendered":"Detector de Fuma\u00e7a Smart Intelbras IDF 620"},"content":{"rendered":"<p>O detector de fuma\u00e7a smart \u00e9 um dispositivo pr\u00f3prio para identificar princ\u00edpios de inc\u00eandio. Quando percebe a presen\u00e7a de fuma\u00e7a no ambiente, emite um alarme sonoro e encaminha uma notifica\u00e7\u00e3o ao smartphone do usu\u00e1rio pelo aplicativo Izy\u00b9. Com o IDF 620, sua casa fica conectada, segura e pr\u00e1tica.\u00b9 Para utilizar o IDF 620 com o aplicativo Izy \u00e9 necess\u00e1rio sincronizar o detector de fuma\u00e7a smart com o hub de automa\u00e7\u00e3o da linha Izy.<br \/>\nEm caso de detec\u00e7\u00e3o de fuma\u00e7a. o IDF emitir\u00e1 um sinal sonoro e enviar\u00e1 uma notifica\u00e7\u00e3o para o app Izy, instalado em seu smartphone. *Necess\u00e1rio conex\u00e3o com a internet atrav\u00e9s da central de automa\u00e7\u00e3o. Ex: ICA 1001.<br \/>\nO alcance do sinal do IDF 620 \u00e9 de, aproximadamente, 100 metros em \u00e1rea livre.<\/p>\n","protected":false},"excerpt":{"rendered":"<p>Caracter\u00edsticas t\u00e9cnicas\tProtocolo de comunica\u00e7\u00e3o ZigBee, possui a fun\u00e7\u00e3o testar\/suspender, indicado para ambientes internos e resistente aos raios UV<br \/>\nEncaminha notifica\u00e7\u00e3o ao smartphone ao ser acionado (Para utilizar o IDF 620 com o aplicativo Izy \u00e9 necess\u00e1rio sincronizar o detector de fuma\u00e7a smart com o hub de automa\u00e7\u00e3o da linha Izy), f\u00e1cil instala\u00e7\u00e3o e configura\u00e7\u00e3o (sem fios), emite alarme sonoro e vem com bateria inclusa com autonomia de 5 anos.<br \/>\nGarantia\t5 anos<br \/>\nModelo do produto\tIDF 620<br \/>\nCor\tBranco<br \/>\nQuantidade pacote\t01<br \/>\nComprimento do produto\t9 cm<br \/>\nLargura do produto\t9 cm<br \/>\nAltura do produto\t6 cm<br \/>\nPeso do produto\t0,143 kg<br \/>\nTipo de baterias ou pilhas\t1 Pilha CR123A<br \/>\nConte\u00fado da embalagem\t1 detector de fuma\u00e7a<br \/>\n1 Manual do usu\u00e1rio<br \/>\n1 Fita dupla face<br \/>\n2 Buchas<br \/>\n2 parafusos<br \/>\n1 Pilha CR123A<\/p>\n","protected":false},"featured_media":833,"comment_status":"closed","ping_status":"closed","template":"","meta":[],"product_cat":[182],"product_tag":[187,184,183,186,185],"yoast_head":"<!-- This site is optimized with the Yoast SEO plugin v23.5 - https:\/\/yoast.com\/wordpress\/plugins\/seo\/ -->\n<title>Detector de Fuma\u00e7a Smart Intelbras IDF 620 - Eco-Tech - Solu\u00e7\u00f5es em tecnologia<\/title>\n<meta name=\"robots\" content=\"index, follow, max-snippet:-1, max-image-preview:large, max-video-preview:-1\" \/>\n<link rel=\"canonical\" href=\"https:\/\/eco-tech.inf.br\/index.php\/product\/detector-de-fumaca-smart-intelbras-idf-620\/\" \/>\n<meta property=\"og:locale\" content=\"pt_BR\" \/>\n<meta property=\"og:type\" content=\"article\" \/>\n<meta property=\"og:title\" content=\"Detector de Fuma\u00e7a Smart Intelbras IDF 620 - Eco-Tech - Solu\u00e7\u00f5es em tecnologia\" \/>\n<meta property=\"og:description\" content=\"Caracter\u00edsticas t\u00e9cnicas Protocolo de comunica\u00e7\u00e3o ZigBee, possui a fun\u00e7\u00e3o testar\/suspender, indicado para ambientes internos e resistente aos raios UV Encaminha notifica\u00e7\u00e3o ao smartphone ao ser acionado (Para utilizar o IDF 620 com o aplicativo Izy \u00e9 necess\u00e1rio sincronizar o detector de fuma\u00e7a smart com o hub de automa\u00e7\u00e3o da linha Izy), f\u00e1cil instala\u00e7\u00e3o e configura\u00e7\u00e3o (sem fios), emite alarme sonoro e vem com bateria inclusa com autonomia de 5 anos. Garantia 5 anos Modelo do produto IDF 620 Cor Branco Quantidade pacote 01 Comprimento do produto 9 cm Largura do produto 9 cm Altura do produto 6 cm Peso do produto 0,143 kg Tipo de baterias ou pilhas 1 Pilha CR123A Conte\u00fado da embalagem 1 detector de fuma\u00e7a 1 Manual do usu\u00e1rio 1 Fita dupla face 2 Buchas 2 parafusos 1 Pilha CR123A\" \/>\n<meta property=\"og:url\" content=\"https:\/\/eco-tech.inf.br\/index.php\/product\/detector-de-fumaca-smart-intelbras-idf-620\/\" \/>\n<meta property=\"og:site_name\" content=\"Eco-Tech - Solu\u00e7\u00f5es em tecnologia\" \/>\n<meta property=\"article:publisher\" content=\"https:\/\/www.facebook.com\/EcoTech-Tecnologia-107960038523316\" \/>\n<meta property=\"article:modified_time\" content=\"2023-02-09T21:54:52+00:00\" \/>\n<meta property=\"og:image\" content=\"https:\/\/i0.wp.com\/eco-tech.inf.br\/wp-content\/uploads\/2023\/02\/detector_de_fumaca-removebg-preview.png?fit=391%2C371&ssl=1\" \/>\n\t<meta property=\"og:image:width\" content=\"391\" \/>\n\t<meta property=\"og:image:height\" content=\"371\" \/>\n\t<meta property=\"og:image:type\" content=\"image\/png\" \/>\n<meta name=\"twitter:card\" content=\"summary_large_image\" \/>\n<meta name=\"twitter:label1\" content=\"Est. tempo de leitura\" \/>\n\t<meta name=\"twitter:data1\" content=\"1 minuto\" \/>\n<script type=\"application\/ld+json\" class=\"yoast-schema-graph\">{\"@context\":\"https:\/\/schema.org\",\"@graph\":[{\"@type\":\"WebPage\",\"@id\":\"https:\/\/eco-tech.inf.br\/index.php\/product\/detector-de-fumaca-smart-intelbras-idf-620\/\",\"url\":\"https:\/\/eco-tech.inf.br\/index.php\/product\/detector-de-fumaca-smart-intelbras-idf-620\/\",\"name\":\"Detector de Fuma\u00e7a Smart Intelbras IDF 620 - Eco-Tech - Solu\u00e7\u00f5es em tecnologia\",\"isPartOf\":{\"@id\":\"https:\/\/eco-tech.inf.br\/#website\"},\"primaryImageOfPage\":{\"@id\":\"https:\/\/eco-tech.inf.br\/index.php\/product\/detector-de-fumaca-smart-intelbras-idf-620\/#primaryimage\"},\"image\":{\"@id\":\"https:\/\/eco-tech.inf.br\/index.php\/product\/detector-de-fumaca-smart-intelbras-idf-620\/#primaryimage\"},\"thumbnailUrl\":\"https:\/\/i0.wp.com\/eco-tech.inf.br\/wp-content\/uploads\/2023\/02\/detector_de_fumaca-removebg-preview.png?fit=391%2C371&ssl=1\",\"datePublished\":\"2023-02-09T21:54:50+00:00\",\"dateModified\":\"2023-02-09T21:54:52+00:00\",\"breadcrumb\":{\"@id\":\"https:\/\/eco-tech.inf.br\/index.php\/product\/detector-de-fumaca-smart-intelbras-idf-620\/#breadcrumb\"},\"inLanguage\":\"pt-BR\",\"potentialAction\":[{\"@type\":\"ReadAction\",\"target\":[\"https:\/\/eco-tech.inf.br\/index.php\/product\/detector-de-fumaca-smart-intelbras-idf-620\/\"]}]},{\"@type\":\"ImageObject\",\"inLanguage\":\"pt-BR\",\"@id\":\"https:\/\/eco-tech.inf.br\/index.php\/product\/detector-de-fumaca-smart-intelbras-idf-620\/#primaryimage\",\"url\":\"https:\/\/i0.wp.com\/eco-tech.inf.br\/wp-content\/uploads\/2023\/02\/detector_de_fumaca-removebg-preview.png?fit=391%2C371&ssl=1\",\"contentUrl\":\"https:\/\/i0.wp.com\/eco-tech.inf.br\/wp-content\/uploads\/2023\/02\/detector_de_fumaca-removebg-preview.png?fit=391%2C371&ssl=1\",\"width\":391,\"height\":371},{\"@type\":\"BreadcrumbList\",\"@id\":\"https:\/\/eco-tech.inf.br\/index.php\/product\/detector-de-fumaca-smart-intelbras-idf-620\/#breadcrumb\",\"itemListElement\":[{\"@type\":\"ListItem\",\"position\":1,\"name\":\"In\u00edcio\",\"item\":\"https:\/\/eco-tech.inf.br\/\"},{\"@type\":\"ListItem\",\"position\":2,\"name\":\"Produtos\",\"item\":\"https:\/\/eco-tech.inf.br\/index.php\/shop\/\"},{\"@type\":\"ListItem\",\"position\":3,\"name\":\"Detector de Fuma\u00e7a Smart Intelbras IDF 620\"}]},{\"@type\":\"WebSite\",\"@id\":\"https:\/\/eco-tech.inf.br\/#website\",\"url\":\"https:\/\/eco-tech.inf.br\/\",\"name\":\"Eco-Tech - Solu\u00e7\u00f5es em tecnologia\",\"description\":\"Possu\u00edmos mais de 15 (anos) anos de experi\u00eancia levando para o norte do Brasil tecnologia de ponta trazida por grandes organiza\u00e7\u00f5es dos mais variados seguimentos.\",\"publisher\":{\"@id\":\"https:\/\/eco-tech.inf.br\/#organization\"},\"potentialAction\":[{\"@type\":\"SearchAction\",\"target\":{\"@type\":\"EntryPoint\",\"urlTemplate\":\"https:\/\/eco-tech.inf.br\/?s={search_term_string}\"},\"query-input\":{\"@type\":\"PropertyValueSpecification\",\"valueRequired\":true,\"valueName\":\"search_term_string\"}}],\"inLanguage\":\"pt-BR\"},{\"@type\":\"Organization\",\"@id\":\"https:\/\/eco-tech.inf.br\/#organization\",\"name\":\"ELO SOLU\u00c7\u00d5ES TECNOL\u00d3GICA LTDA\",\"url\":\"https:\/\/eco-tech.inf.br\/\",\"logo\":{\"@type\":\"ImageObject\",\"inLanguage\":\"pt-BR\",\"@id\":\"https:\/\/eco-tech.inf.br\/#\/schema\/logo\/image\/\",\"url\":\"https:\/\/i0.wp.com\/eco-tech.inf.br\/wp-content\/uploads\/2022\/03\/cropped-novologo-1.jpg?fit=512%2C512&ssl=1\",\"contentUrl\":\"https:\/\/i0.wp.com\/eco-tech.inf.br\/wp-content\/uploads\/2022\/03\/cropped-novologo-1.jpg?fit=512%2C512&ssl=1\",\"width\":512,\"height\":512,\"caption\":\"ELO SOLU\u00c7\u00d5ES TECNOL\u00d3GICA LTDA\"},\"image\":{\"@id\":\"https:\/\/eco-tech.inf.br\/#\/schema\/logo\/image\/\"},\"sameAs\":[\"https:\/\/www.facebook.com\/EcoTech-Tecnologia-107960038523316\",\"https:\/\/www.instagram.com\/p\/CbRSB23MmFd\/?utm_medium=copy_link\"]}]}<\/script>\n<!-- \/ Yoast SEO plugin. -->","yoast_head_json":{"title":"Detector de Fuma\u00e7a Smart Intelbras IDF 620 - Eco-Tech - Solu\u00e7\u00f5es em tecnologia","robots":{"index":"index","follow":"follow","max-snippet":"max-snippet:-1","max-image-preview":"max-image-preview:large","max-video-preview":"max-video-preview:-1"},"canonical":"https:\/\/eco-tech.inf.br\/index.php\/product\/detector-de-fumaca-smart-intelbras-idf-620\/","og_locale":"pt_BR","og_type":"article","og_title":"Detector de Fuma\u00e7a Smart Intelbras IDF 620 - Eco-Tech - Solu\u00e7\u00f5es em tecnologia","og_description":"Caracter\u00edsticas t\u00e9cnicas Protocolo de comunica\u00e7\u00e3o ZigBee, possui a fun\u00e7\u00e3o testar\/suspender, indicado para ambientes internos e resistente aos raios UV Encaminha notifica\u00e7\u00e3o ao smartphone ao ser acionado (Para utilizar o IDF 620 com o aplicativo Izy \u00e9 necess\u00e1rio sincronizar o detector de fuma\u00e7a smart com o hub de automa\u00e7\u00e3o da linha Izy), f\u00e1cil instala\u00e7\u00e3o e configura\u00e7\u00e3o (sem fios), emite alarme sonoro e vem com bateria inclusa com autonomia de 5 anos. Garantia 5 anos Modelo do produto IDF 620 Cor Branco Quantidade pacote 01 Comprimento do produto 9 cm Largura do produto 9 cm Altura do produto 6 cm Peso do produto 0,143 kg Tipo de baterias ou pilhas 1 Pilha CR123A Conte\u00fado da embalagem 1 detector de fuma\u00e7a 1 Manual do usu\u00e1rio 1 Fita dupla face 2 Buchas 2 parafusos 1 Pilha CR123A","og_url":"https:\/\/eco-tech.inf.br\/index.php\/product\/detector-de-fumaca-smart-intelbras-idf-620\/","og_site_name":"Eco-Tech - Solu\u00e7\u00f5es em tecnologia","article_publisher":"https:\/\/www.facebook.com\/EcoTech-Tecnologia-107960038523316","article_modified_time":"2023-02-09T21:54:52+00:00","og_image":[{"width":391,"height":371,"url":"https:\/\/i0.wp.com\/eco-tech.inf.br\/wp-content\/uploads\/2023\/02\/detector_de_fumaca-removebg-preview.png?fit=391%2C371&ssl=1","type":"image\/png"}],"twitter_card":"summary_large_image","twitter_misc":{"Est. tempo de leitura":"1 minuto"},"schema":{"@context":"https:\/\/schema.org","@graph":[{"@type":"WebPage","@id":"https:\/\/eco-tech.inf.br\/index.php\/product\/detector-de-fumaca-smart-intelbras-idf-620\/","url":"https:\/\/eco-tech.inf.br\/index.php\/product\/detector-de-fumaca-smart-intelbras-idf-620\/","name":"Detector de Fuma\u00e7a Smart Intelbras IDF 620 - Eco-Tech - Solu\u00e7\u00f5es em tecnologia","isPartOf":{"@id":"https:\/\/eco-tech.inf.br\/#website"},"primaryImageOfPage":{"@id":"https:\/\/eco-tech.inf.br\/index.php\/product\/detector-de-fumaca-smart-intelbras-idf-620\/#primaryimage"},"image":{"@id":"https:\/\/eco-tech.inf.br\/index.php\/product\/detector-de-fumaca-smart-intelbras-idf-620\/#primaryimage"},"thumbnailUrl":"https:\/\/i0.wp.com\/eco-tech.inf.br\/wp-content\/uploads\/2023\/02\/detector_de_fumaca-removebg-preview.png?fit=391%2C371&ssl=1","datePublished":"2023-02-09T21:54:50+00:00","dateModified":"2023-02-09T21:54:52+00:00","breadcrumb":{"@id":"https:\/\/eco-tech.inf.br\/index.php\/product\/detector-de-fumaca-smart-intelbras-idf-620\/#breadcrumb"},"inLanguage":"pt-BR","potentialAction":[{"@type":"ReadAction","target":["https:\/\/eco-tech.inf.br\/index.php\/product\/detector-de-fumaca-smart-intelbras-idf-620\/"]}]},{"@type":"ImageObject","inLanguage":"pt-BR","@id":"https:\/\/eco-tech.inf.br\/index.php\/product\/detector-de-fumaca-smart-intelbras-idf-620\/#primaryimage","url":"https:\/\/i0.wp.com\/eco-tech.inf.br\/wp-content\/uploads\/2023\/02\/detector_de_fumaca-removebg-preview.png?fit=391%2C371&ssl=1","contentUrl":"https:\/\/i0.wp.com\/eco-tech.inf.br\/wp-content\/uploads\/2023\/02\/detector_de_fumaca-removebg-preview.png?fit=391%2C371&ssl=1","width":391,"height":371},{"@type":"BreadcrumbList","@id":"https:\/\/eco-tech.inf.br\/index.php\/product\/detector-de-fumaca-smart-intelbras-idf-620\/#breadcrumb","itemListElement":[{"@type":"ListItem","position":1,"name":"In\u00edcio","item":"https:\/\/eco-tech.inf.br\/"},{"@type":"ListItem","position":2,"name":"Produtos","item":"https:\/\/eco-tech.inf.br\/index.php\/shop\/"},{"@type":"ListItem","position":3,"name":"Detector de Fuma\u00e7a Smart Intelbras IDF 620"}]},{"@type":"WebSite","@id":"https:\/\/eco-tech.inf.br\/#website","url":"https:\/\/eco-tech.inf.br\/","name":"Eco-Tech - Solu\u00e7\u00f5es em tecnologia","description":"Possu\u00edmos mais de 15 (anos) anos de experi\u00eancia levando para o norte do Brasil tecnologia de ponta trazida por grandes organiza\u00e7\u00f5es dos mais variados seguimentos.","publisher":{"@id":"https:\/\/eco-tech.inf.br\/#organization"},"potentialAction":[{"@type":"SearchAction","target":{"@type":"EntryPoint","urlTemplate":"https:\/\/eco-tech.inf.br\/?s={search_term_string}"},"query-input":{"@type":"PropertyValueSpecification","valueRequired":true,"valueName":"search_term_string"}}],"inLanguage":"pt-BR"},{"@type":"Organization","@id":"https:\/\/eco-tech.inf.br\/#organization","name":"ELO SOLU\u00c7\u00d5ES TECNOL\u00d3GICA LTDA","url":"https:\/\/eco-tech.inf.br\/","logo":{"@type":"ImageObject","inLanguage":"pt-BR","@id":"https:\/\/eco-tech.inf.br\/#\/schema\/logo\/image\/","url":"https:\/\/i0.wp.com\/eco-tech.inf.br\/wp-content\/uploads\/2022\/03\/cropped-novologo-1.jpg?fit=512%2C512&ssl=1","contentUrl":"https:\/\/i0.wp.com\/eco-tech.inf.br\/wp-content\/uploads\/2022\/03\/cropped-novologo-1.jpg?fit=512%2C512&ssl=1","width":512,"height":512,"caption":"ELO SOLU\u00c7\u00d5ES TECNOL\u00d3GICA LTDA"},"image":{"@id":"https:\/\/eco-tech.inf.br\/#\/schema\/logo\/image\/"},"sameAs":["https:\/\/www.facebook.com\/EcoTech-Tecnologia-107960038523316","https:\/\/www.instagram.com\/p\/CbRSB23MmFd\/?utm_medium=copy_link"]}]}},"jetpack_sharing_enabled":true,"_links":{"self":[{"href":"https:\/\/eco-tech.inf.br\/index.php\/wp-json\/wp\/v2\/product\/832"}],"collection":[{"href":"https:\/\/eco-tech.inf.br\/index.php\/wp-json\/wp\/v2\/product"}],"about":[{"href":"https:\/\/eco-tech.inf.br\/index.php\/wp-json\/wp\/v2\/types\/product"}],"replies":[{"embeddable":true,"href":"https:\/\/eco-tech.inf.br\/index.php\/wp-json\/wp\/v2\/comments?post=832"}],"wp:featuredmedia":[{"embeddable":true,"href":"https:\/\/eco-tech.inf.br\/index.php\/wp-json\/wp\/v2\/media\/833"}],"wp:attachment":[{"href":"https:\/\/eco-tech.inf.br\/index.php\/wp-json\/wp\/v2\/media?parent=832"}],"wp:term":[{"taxonomy":"product_cat","embeddable":true,"href":"https:\/\/eco-tech.inf.br\/index.php\/wp-json\/wp\/v2\/product_cat?post=832"},{"taxonomy":"product_tag","embeddable":true,"href":"https:\/\/eco-tech.inf.br\/index.php\/wp-json\/wp\/v2\/product_tag?post=832"}],"curies":[{"name":"wp","href":"https:\/\/api.w.org\/{rel}","templated":true}]}}