{"id":77,"date":"2022-03-26T14:08:06","date_gmt":"2022-03-26T17:08:06","guid":{"rendered":"https:\/\/eco-tech.inf.br\/?post_type=product&#038;p=77"},"modified":"2026-05-06T06:27:06","modified_gmt":"2026-05-06T10:27:06","slug":"sisterma-integrado-de-informacao-gerencial-elo","status":"publish","type":"product","link":"https:\/\/eco-tech.inf.br\/index.php\/product\/sisterma-integrado-de-informacao-gerencial-elo\/","title":{"rendered":"Sistema Comercial Elo"},"content":{"rendered":"<h3>Cadastro\/Retaguarda<\/h3>\n<ul>\n<li>Produtos (Categorias, Fiscais, Lote, Vencimento, endere\u00e7amentos, Comiss\u00f5es, Tributa\u00e7\u00f5es e etc.)<\/li>\n<li>Clientes<\/li>\n<li>Fornecedores<\/li>\n<li>Transportadores<\/li>\n<li>Bancos (Contas Correntes)<\/li>\n<li>Equipe de venda (\u00e1rea, supervisores, vendedores, Cotas, Comiss\u00f5es e etc.)<\/li>\n<li>Plano de Contas Gerencial<\/li>\n<li>Par\u00e2metros Financeiros (Moeda, Prazos e Juros, descontos e etc).<\/li>\n<li>Usu\u00e1rios do sistema (Permiss\u00f5es)<\/li>\n<\/ul>\n<h3>Estoque<\/h3>\n<ul>\n<li>Entrada de Produtos (Integrada ao compras e Manual)<\/li>\n<li>D.I (Documento de Importa\u00e7\u00e3o) *<\/li>\n<li>ENF (Entrada de Notas Fiscais Eletr\u00f4nica\/ Importa\u00e7\u00e3o de XML). *<\/li>\n<li>Transfer\u00eancia de Estoque<\/li>\n<li>Venda em Balc\u00e3o<\/li>\n<li>Balan\u00e7o de Estoque\/ Invent\u00e1rio com integra\u00e7\u00e3o ao coletor de dados<\/li>\n<li>Troca de Produto<\/li>\n<li>Devolu\u00e7\u00e3o de Produto<\/li>\n<li>Tabelas e Etiquetas<\/li>\n<li>Relat\u00f3rios de Estoque<\/li>\n<li>Relat\u00f3rios de EstoqueAn\u00e1lise por validade *<\/li>\n<\/ul>\n<h3>Financeiro<\/h3>\n<ul>\n<li>Contas a Pagar<\/li>\n<li>Contas a Receber<\/li>\n<li>Caixa<\/li>\n<li>Manuten\u00e7\u00e3o de T\u00edtulos<\/li>\n<li>Relat\u00f3rios Diversos<\/li>\n<li>Consilia\u00e7\u00e3o Ban\u00e7aria<\/li>\n<\/ul>\n<h3>Faturamento<\/h3>\n<ul>\n<li>Gera\u00e7\u00e3o de Titulos e Notas<\/li>\n<li>Emiss\u00e3o de Notas Fiscais (Venda, Transfer\u00eancia, devolu\u00e7\u00e3o, doa\u00e7\u00e3o etc.) \u2013 Personalizada \u00e0 modelos em formul\u00e1rios cont\u00ednuos<\/li>\n<li>Concelamento de NF<\/li>\n<li>Emiss\u00e3o de Duplicatas<\/li>\n<li>Emiss\u00e3o de Boletos<\/li>\n<li>Relat\u00f3rios de Diversos de Faturamento<\/li>\n<li>Emiss\u00e3o de NFE<\/li>\n<\/ul>\n<h3>Cont\u00e1bil (Gerencial)<\/h3>\n<ul>\n<li>Classifica\u00e7\u00e3o Cont\u00e1bil (Gerencial)<\/li>\n<li>Planos de Contas (Gerencial)<\/li>\n<li>Exporta\u00e7\u00e3o de Dados para sistemas cont\u00e1bil \u2013 Telecont<\/li>\n<li>Sped Fiscal<\/li>\n<\/ul>\n<h3>Compras<\/h3>\n<ul>\n<li>Cota\u00e7\u00e3o<\/li>\n<li>Solicita\u00e7\u00e3o de Compras<\/li>\n<li>Pedido de Compras<\/li>\n<li>Cota de Compras por Per\u00edodo<\/li>\n<li>Aprova\u00e7\u00e3o de Compras<\/li>\n<li>Sugest\u00e3o de Compras<\/li>\n<li>Envio de Pedido on-line (Caso a empresa possua internet banda larga).<\/li>\n<li>Relat\u00f3rios de Compras<\/li>\n<\/ul>\n<h3>Outros m\u00f3dulos<\/h3>\n<ul>\n<li>Fiscal &#8211; EFD<\/li>\n<li>Licita\u00e7\u00e3o<\/li>\n<li>Automa\u00e7\u00e3o Banc\u00e1ria<\/li>\n<li>Ponto Eletr\u00f4nico com biometria<\/li>\n<li>Assist\u00eancia T\u00e9cnica<\/li>\n<li>Restaurante<\/li>\n<\/ul>\n<div class=\"col-md-6\">\n<div class=\"info-box\"><\/div>\n<\/div>\n<div class=\"col-md-6\">\n<div class=\"info-box\">\n<p>suporte@elosolucoestecnologica.com.br<br \/>\ncontato@elosolucoestecnologica.com.br<\/p>\n<\/div>\n<\/div>\n<div class=\"col-md-6\">\n<div class=\"info-box\">\n<p>&nbsp;<\/p>\n<h3>Funcionamos de<\/h3>\n<p>Segunda &#8211; Sexta<br \/>\n9:00 \u00e0s 17:00<\/p>\n<p>https:\/\/elosolucoestecnologica.com.br\/<\/p>\n<\/div>\n<\/div>\n","protected":false},"excerpt":{"rendered":"<p>Cadastro\/Retaguarda Produtos (Categorias, Fiscais, Lote, Vencimento, endere\u00e7amentos, Comiss\u00f5es, Tributa\u00e7\u00f5es e etc.) Clientes Fornecedores Transportadores Bancos (Contas Correntes) Equipe de venda (\u00e1rea, supervisores, vendedores, Cotas, Comiss\u00f5es e etc.) Plano de Contas Gerencial Par\u00e2metros Financeiros (Moeda, Prazos e Juros, descontos e etc). Usu\u00e1rios do sistema (Permiss\u00f5es) Estoque Entrada de Produtos (Integrada ao compras e Manual) D.I (Documento [&hellip;]<\/p>\n","protected":false},"featured_media":78,"comment_status":"open","ping_status":"closed","template":"","meta":[],"product_cat":[23],"product_tag":[],"yoast_head":"<!-- This site is optimized with the Yoast SEO plugin v23.5 - https:\/\/yoast.com\/wordpress\/plugins\/seo\/ -->\n<title>Sistema Comercial Elo - Eco-Tech - Solu\u00e7\u00f5es em tecnologia<\/title>\n<meta name=\"robots\" content=\"index, follow, max-snippet:-1, max-image-preview:large, max-video-preview:-1\" \/>\n<link rel=\"canonical\" href=\"https:\/\/eco-tech.inf.br\/index.php\/product\/sisterma-integrado-de-informacao-gerencial-elo\/\" \/>\n<meta property=\"og:locale\" content=\"pt_BR\" \/>\n<meta property=\"og:type\" content=\"article\" \/>\n<meta property=\"og:title\" content=\"Sistema Comercial Elo - Eco-Tech - Solu\u00e7\u00f5es em tecnologia\" \/>\n<meta property=\"og:description\" content=\"Cadastro\/Retaguarda Produtos (Categorias, Fiscais, Lote, Vencimento, endere\u00e7amentos, Comiss\u00f5es, Tributa\u00e7\u00f5es e etc.) Clientes Fornecedores Transportadores Bancos (Contas Correntes) Equipe de venda (\u00e1rea, supervisores, vendedores, Cotas, Comiss\u00f5es e etc.) Plano de Contas Gerencial Par\u00e2metros Financeiros (Moeda, Prazos e Juros, descontos e etc). Usu\u00e1rios do sistema (Permiss\u00f5es) Estoque Entrada de Produtos (Integrada ao compras e Manual) D.I (Documento [&hellip;]\" \/>\n<meta property=\"og:url\" content=\"https:\/\/eco-tech.inf.br\/index.php\/product\/sisterma-integrado-de-informacao-gerencial-elo\/\" \/>\n<meta property=\"og:site_name\" content=\"Eco-Tech - Solu\u00e7\u00f5es em tecnologia\" \/>\n<meta property=\"article:publisher\" content=\"https:\/\/www.facebook.com\/EcoTech-Tecnologia-107960038523316\" \/>\n<meta property=\"article:modified_time\" content=\"2026-05-06T10:27:06+00:00\" \/>\n<meta property=\"og:image\" content=\"https:\/\/i0.wp.com\/eco-tech.inf.br\/wp-content\/uploads\/2022\/03\/WhatsApp-Image-2022-03-23-at-00.23.09.jpeg?fit=972%2C840&ssl=1\" \/>\n\t<meta property=\"og:image:width\" content=\"972\" \/>\n\t<meta property=\"og:image:height\" content=\"840\" \/>\n\t<meta property=\"og:image:type\" content=\"image\/jpeg\" \/>\n<meta name=\"twitter:card\" content=\"summary_large_image\" \/>\n<meta name=\"twitter:label1\" content=\"Est. tempo de leitura\" \/>\n\t<meta name=\"twitter:data1\" content=\"2 minutos\" \/>\n<script type=\"application\/ld+json\" class=\"yoast-schema-graph\">{\"@context\":\"https:\/\/schema.org\",\"@graph\":[{\"@type\":\"WebPage\",\"@id\":\"https:\/\/eco-tech.inf.br\/index.php\/product\/sisterma-integrado-de-informacao-gerencial-elo\/\",\"url\":\"https:\/\/eco-tech.inf.br\/index.php\/product\/sisterma-integrado-de-informacao-gerencial-elo\/\",\"name\":\"Sistema Comercial Elo - Eco-Tech - Solu\u00e7\u00f5es em tecnologia\",\"isPartOf\":{\"@id\":\"https:\/\/eco-tech.inf.br\/#website\"},\"primaryImageOfPage\":{\"@id\":\"https:\/\/eco-tech.inf.br\/index.php\/product\/sisterma-integrado-de-informacao-gerencial-elo\/#primaryimage\"},\"image\":{\"@id\":\"https:\/\/eco-tech.inf.br\/index.php\/product\/sisterma-integrado-de-informacao-gerencial-elo\/#primaryimage\"},\"thumbnailUrl\":\"https:\/\/i0.wp.com\/eco-tech.inf.br\/wp-content\/uploads\/2022\/03\/WhatsApp-Image-2022-03-23-at-00.23.09.jpeg?fit=972%2C840&ssl=1\",\"datePublished\":\"2022-03-26T17:08:06+00:00\",\"dateModified\":\"2026-05-06T10:27:06+00:00\",\"breadcrumb\":{\"@id\":\"https:\/\/eco-tech.inf.br\/index.php\/product\/sisterma-integrado-de-informacao-gerencial-elo\/#breadcrumb\"},\"inLanguage\":\"pt-BR\",\"potentialAction\":[{\"@type\":\"ReadAction\",\"target\":[\"https:\/\/eco-tech.inf.br\/index.php\/product\/sisterma-integrado-de-informacao-gerencial-elo\/\"]}]},{\"@type\":\"ImageObject\",\"inLanguage\":\"pt-BR\",\"@id\":\"https:\/\/eco-tech.inf.br\/index.php\/product\/sisterma-integrado-de-informacao-gerencial-elo\/#primaryimage\",\"url\":\"https:\/\/i0.wp.com\/eco-tech.inf.br\/wp-content\/uploads\/2022\/03\/WhatsApp-Image-2022-03-23-at-00.23.09.jpeg?fit=972%2C840&ssl=1\",\"contentUrl\":\"https:\/\/i0.wp.com\/eco-tech.inf.br\/wp-content\/uploads\/2022\/03\/WhatsApp-Image-2022-03-23-at-00.23.09.jpeg?fit=972%2C840&ssl=1\",\"width\":972,\"height\":840},{\"@type\":\"BreadcrumbList\",\"@id\":\"https:\/\/eco-tech.inf.br\/index.php\/product\/sisterma-integrado-de-informacao-gerencial-elo\/#breadcrumb\",\"itemListElement\":[{\"@type\":\"ListItem\",\"position\":1,\"name\":\"In\u00edcio\",\"item\":\"https:\/\/eco-tech.inf.br\/\"},{\"@type\":\"ListItem\",\"position\":2,\"name\":\"Produtos\",\"item\":\"https:\/\/eco-tech.inf.br\/index.php\/shop\/\"},{\"@type\":\"ListItem\",\"position\":3,\"name\":\"Sistema Comercial Elo\"}]},{\"@type\":\"WebSite\",\"@id\":\"https:\/\/eco-tech.inf.br\/#website\",\"url\":\"https:\/\/eco-tech.inf.br\/\",\"name\":\"Eco-Tech - Solu\u00e7\u00f5es em tecnologia\",\"description\":\"Possu\u00edmos mais de 15 (anos) anos de experi\u00eancia levando para o norte do Brasil tecnologia de ponta trazida por grandes organiza\u00e7\u00f5es dos mais variados seguimentos.\",\"publisher\":{\"@id\":\"https:\/\/eco-tech.inf.br\/#organization\"},\"potentialAction\":[{\"@type\":\"SearchAction\",\"target\":{\"@type\":\"EntryPoint\",\"urlTemplate\":\"https:\/\/eco-tech.inf.br\/?s={search_term_string}\"},\"query-input\":{\"@type\":\"PropertyValueSpecification\",\"valueRequired\":true,\"valueName\":\"search_term_string\"}}],\"inLanguage\":\"pt-BR\"},{\"@type\":\"Organization\",\"@id\":\"https:\/\/eco-tech.inf.br\/#organization\",\"name\":\"ELO SOLU\u00c7\u00d5ES TECNOL\u00d3GICA LTDA\",\"url\":\"https:\/\/eco-tech.inf.br\/\",\"logo\":{\"@type\":\"ImageObject\",\"inLanguage\":\"pt-BR\",\"@id\":\"https:\/\/eco-tech.inf.br\/#\/schema\/logo\/image\/\",\"url\":\"https:\/\/i0.wp.com\/eco-tech.inf.br\/wp-content\/uploads\/2022\/03\/cropped-novologo-1.jpg?fit=512%2C512&ssl=1\",\"contentUrl\":\"https:\/\/i0.wp.com\/eco-tech.inf.br\/wp-content\/uploads\/2022\/03\/cropped-novologo-1.jpg?fit=512%2C512&ssl=1\",\"width\":512,\"height\":512,\"caption\":\"ELO SOLU\u00c7\u00d5ES TECNOL\u00d3GICA LTDA\"},\"image\":{\"@id\":\"https:\/\/eco-tech.inf.br\/#\/schema\/logo\/image\/\"},\"sameAs\":[\"https:\/\/www.facebook.com\/EcoTech-Tecnologia-107960038523316\",\"https:\/\/www.instagram.com\/p\/CbRSB23MmFd\/?utm_medium=copy_link\"]}]}<\/script>\n<!-- \/ Yoast SEO plugin. -->","yoast_head_json":{"title":"Sistema Comercial Elo - Eco-Tech - Solu\u00e7\u00f5es em tecnologia","robots":{"index":"index","follow":"follow","max-snippet":"max-snippet:-1","max-image-preview":"max-image-preview:large","max-video-preview":"max-video-preview:-1"},"canonical":"https:\/\/eco-tech.inf.br\/index.php\/product\/sisterma-integrado-de-informacao-gerencial-elo\/","og_locale":"pt_BR","og_type":"article","og_title":"Sistema Comercial Elo - Eco-Tech - Solu\u00e7\u00f5es em tecnologia","og_description":"Cadastro\/Retaguarda Produtos (Categorias, Fiscais, Lote, Vencimento, endere\u00e7amentos, Comiss\u00f5es, Tributa\u00e7\u00f5es e etc.) Clientes Fornecedores Transportadores Bancos (Contas Correntes) Equipe de venda (\u00e1rea, supervisores, vendedores, Cotas, Comiss\u00f5es e etc.) Plano de Contas Gerencial Par\u00e2metros Financeiros (Moeda, Prazos e Juros, descontos e etc). Usu\u00e1rios do sistema (Permiss\u00f5es) Estoque Entrada de Produtos (Integrada ao compras e Manual) D.I (Documento [&hellip;]","og_url":"https:\/\/eco-tech.inf.br\/index.php\/product\/sisterma-integrado-de-informacao-gerencial-elo\/","og_site_name":"Eco-Tech - Solu\u00e7\u00f5es em tecnologia","article_publisher":"https:\/\/www.facebook.com\/EcoTech-Tecnologia-107960038523316","article_modified_time":"2026-05-06T10:27:06+00:00","og_image":[{"width":972,"height":840,"url":"https:\/\/i0.wp.com\/eco-tech.inf.br\/wp-content\/uploads\/2022\/03\/WhatsApp-Image-2022-03-23-at-00.23.09.jpeg?fit=972%2C840&ssl=1","type":"image\/jpeg"}],"twitter_card":"summary_large_image","twitter_misc":{"Est. tempo de leitura":"2 minutos"},"schema":{"@context":"https:\/\/schema.org","@graph":[{"@type":"WebPage","@id":"https:\/\/eco-tech.inf.br\/index.php\/product\/sisterma-integrado-de-informacao-gerencial-elo\/","url":"https:\/\/eco-tech.inf.br\/index.php\/product\/sisterma-integrado-de-informacao-gerencial-elo\/","name":"Sistema Comercial Elo - Eco-Tech - Solu\u00e7\u00f5es em tecnologia","isPartOf":{"@id":"https:\/\/eco-tech.inf.br\/#website"},"primaryImageOfPage":{"@id":"https:\/\/eco-tech.inf.br\/index.php\/product\/sisterma-integrado-de-informacao-gerencial-elo\/#primaryimage"},"image":{"@id":"https:\/\/eco-tech.inf.br\/index.php\/product\/sisterma-integrado-de-informacao-gerencial-elo\/#primaryimage"},"thumbnailUrl":"https:\/\/i0.wp.com\/eco-tech.inf.br\/wp-content\/uploads\/2022\/03\/WhatsApp-Image-2022-03-23-at-00.23.09.jpeg?fit=972%2C840&ssl=1","datePublished":"2022-03-26T17:08:06+00:00","dateModified":"2026-05-06T10:27:06+00:00","breadcrumb":{"@id":"https:\/\/eco-tech.inf.br\/index.php\/product\/sisterma-integrado-de-informacao-gerencial-elo\/#breadcrumb"},"inLanguage":"pt-BR","potentialAction":[{"@type":"ReadAction","target":["https:\/\/eco-tech.inf.br\/index.php\/product\/sisterma-integrado-de-informacao-gerencial-elo\/"]}]},{"@type":"ImageObject","inLanguage":"pt-BR","@id":"https:\/\/eco-tech.inf.br\/index.php\/product\/sisterma-integrado-de-informacao-gerencial-elo\/#primaryimage","url":"https:\/\/i0.wp.com\/eco-tech.inf.br\/wp-content\/uploads\/2022\/03\/WhatsApp-Image-2022-03-23-at-00.23.09.jpeg?fit=972%2C840&ssl=1","contentUrl":"https:\/\/i0.wp.com\/eco-tech.inf.br\/wp-content\/uploads\/2022\/03\/WhatsApp-Image-2022-03-23-at-00.23.09.jpeg?fit=972%2C840&ssl=1","width":972,"height":840},{"@type":"BreadcrumbList","@id":"https:\/\/eco-tech.inf.br\/index.php\/product\/sisterma-integrado-de-informacao-gerencial-elo\/#breadcrumb","itemListElement":[{"@type":"ListItem","position":1,"name":"In\u00edcio","item":"https:\/\/eco-tech.inf.br\/"},{"@type":"ListItem","position":2,"name":"Produtos","item":"https:\/\/eco-tech.inf.br\/index.php\/shop\/"},{"@type":"ListItem","position":3,"name":"Sistema Comercial Elo"}]},{"@type":"WebSite","@id":"https:\/\/eco-tech.inf.br\/#website","url":"https:\/\/eco-tech.inf.br\/","name":"Eco-Tech - Solu\u00e7\u00f5es em tecnologia","description":"Possu\u00edmos mais de 15 (anos) anos de experi\u00eancia levando para o norte do Brasil tecnologia de ponta trazida por grandes organiza\u00e7\u00f5es dos mais variados seguimentos.","publisher":{"@id":"https:\/\/eco-tech.inf.br\/#organization"},"potentialAction":[{"@type":"SearchAction","target":{"@type":"EntryPoint","urlTemplate":"https:\/\/eco-tech.inf.br\/?s={search_term_string}"},"query-input":{"@type":"PropertyValueSpecification","valueRequired":true,"valueName":"search_term_string"}}],"inLanguage":"pt-BR"},{"@type":"Organization","@id":"https:\/\/eco-tech.inf.br\/#organization","name":"ELO SOLU\u00c7\u00d5ES TECNOL\u00d3GICA LTDA","url":"https:\/\/eco-tech.inf.br\/","logo":{"@type":"ImageObject","inLanguage":"pt-BR","@id":"https:\/\/eco-tech.inf.br\/#\/schema\/logo\/image\/","url":"https:\/\/i0.wp.com\/eco-tech.inf.br\/wp-content\/uploads\/2022\/03\/cropped-novologo-1.jpg?fit=512%2C512&ssl=1","contentUrl":"https:\/\/i0.wp.com\/eco-tech.inf.br\/wp-content\/uploads\/2022\/03\/cropped-novologo-1.jpg?fit=512%2C512&ssl=1","width":512,"height":512,"caption":"ELO SOLU\u00c7\u00d5ES TECNOL\u00d3GICA LTDA"},"image":{"@id":"https:\/\/eco-tech.inf.br\/#\/schema\/logo\/image\/"},"sameAs":["https:\/\/www.facebook.com\/EcoTech-Tecnologia-107960038523316","https:\/\/www.instagram.com\/p\/CbRSB23MmFd\/?utm_medium=copy_link"]}]}},"jetpack_sharing_enabled":true,"_links":{"self":[{"href":"https:\/\/eco-tech.inf.br\/index.php\/wp-json\/wp\/v2\/product\/77"}],"collection":[{"href":"https:\/\/eco-tech.inf.br\/index.php\/wp-json\/wp\/v2\/product"}],"about":[{"href":"https:\/\/eco-tech.inf.br\/index.php\/wp-json\/wp\/v2\/types\/product"}],"replies":[{"embeddable":true,"href":"https:\/\/eco-tech.inf.br\/index.php\/wp-json\/wp\/v2\/comments?post=77"}],"wp:featuredmedia":[{"embeddable":true,"href":"https:\/\/eco-tech.inf.br\/index.php\/wp-json\/wp\/v2\/media\/78"}],"wp:attachment":[{"href":"https:\/\/eco-tech.inf.br\/index.php\/wp-json\/wp\/v2\/media?parent=77"}],"wp:term":[{"taxonomy":"product_cat","embeddable":true,"href":"https:\/\/eco-tech.inf.br\/index.php\/wp-json\/wp\/v2\/product_cat?post=77"},{"taxonomy":"product_tag","embeddable":true,"href":"https:\/\/eco-tech.inf.br\/index.php\/wp-json\/wp\/v2\/product_tag?post=77"}],"curies":[{"name":"wp","href":"https:\/\/api.w.org\/{rel}","templated":true}]}}