{"id":75,"date":"2022-03-26T14:02:28","date_gmt":"2022-03-26T17:02:28","guid":{"rendered":"https:\/\/eco-tech.inf.br\/?post_type=product&#038;p=75"},"modified":"2022-10-28T11:02:55","modified_gmt":"2022-10-28T15:02:55","slug":"notebook-compaq-presario-452-intel-core-i5-linux-8gb-1tb-14-cinza-loja-compaq-compaq","status":"publish","type":"product","link":"https:\/\/eco-tech.inf.br\/index.php\/product\/notebook-compaq-presario-452-intel-core-i5-linux-8gb-1tb-14-cinza-loja-compaq-compaq\/","title":{"rendered":"Notebook Compaq Presario 452 Intel\u00ae Core\u2122 i5 Linux 8GB 1TB 14&#8243; &#8211; Cinza | Loja Compaq &#8211; Compaq"},"content":{"rendered":"<p>Notebook Compaq Presario 421 14 HD Pentium N3700 120GB ssd 4GB Shell efi<\/p>\n<p>Este produto n\u00e3o possui sistema operacional pr\u00e9 instalado por\u00e9m possui compatibilidade com a instala\u00e7\u00e3o do Windows 10\/8\/7 e Linux.<\/p>\n<p>O novo Compaq presario 421 conta com design moderno, elegante e \u00e9 uma evolu\u00e7\u00e3o em termos de tecnologia. O Compaq presario 421 foi criado<br \/>\npara te acompanhar em qualquer lugar. Pesando apenas 1.3kg e com 17,9 mm de espessura, \u00e9 f\u00e1cil de transportar.<br \/>\nIdeal para tarefas do dia a dia o novo Compaq presario 421 \u00e9 perfeito para quem quer passar horas longe da tomada sem abrir m\u00e3o do<br \/>\ndesempenho.<\/p>\n<p>especifica\u00e7\u00f5es:<\/p>\n<p>Marca: Compaq<br \/>\nLinha: Presario<br \/>\nModelo: 421<br \/>\nAno de Lan\u00e7amento: 2021<br \/>\nProcessador: Intel Pentium N3700 (1,60 GHz up to 2,40 GHz, 2MB Cache, 4 N\u00facleos, 4 Threads)<br \/>\nFabricante do Processador: Intel<br \/>\nRefer\u00eancia: Pentium<br \/>\nC\u00f3digo: N3700<br \/>\nChipset da cpu: Integrado no processador<br \/>\nSoquete da cpu: FCBGA1170<br \/>\nCache: 2MB<br \/>\nN\u00facleos: 4<br \/>\nThreads: 4<br \/>\nVelocidade: 1,60 GHz up to 2,40 GHz<br \/>\nPlaca de V\u00eddeo: Processamento de v\u00eddeo integrado Gr\u00e1ficos Intel HD Graphics, suporte Microsoft DirectX e OpenGL<br \/>\nModelo: Processamento de v\u00eddeo integrado Gr\u00e1ficos Intel HD Graphics<br \/>\nSa\u00eddas: mini hdmi<br \/>\nTipo de placa de video: Integrada<br \/>\nMem\u00f3ria de placa de video: Compartilhada<br \/>\nBarramento da mem\u00f3ria de video: DDR3L<br \/>\nPlaca M\u00e3e: Compaq<br \/>\nChipset: Integrado no processador<br \/>\n\u00c1udio: \u00c1udio de alta defini\u00e7\u00e3o (hd \u00c1udio), Microfone e alto-falantes est\u00e9reo embutidos<br \/>\nMem\u00f3ria: 4GB, DDR3L onboard, 1600 mt\/s<br \/>\nArmazenamento: ssd 120GB, sata 2,5<br \/>\nTela: 14,1 LED hd, Widescreen, 1366 x 768, 16:9, tn<br \/>\nFrequ\u00eancia: 60Hz<br \/>\nInforma\u00e7\u00f5es Adicionais de tela: tn<br \/>\nSistema e Conectividade: Shell efi, Rede sem fio ieee 802.11 b\/g\/n e bluetooth 4.0<br \/>\nSistema Operacional: Shell efi<br \/>\nBluetooth: 4.0<br \/>\nWi-Fi: ieee 802.11 b\/g\/n<br \/>\nConex\u00f5es: 1x mini hdmi, 2x USB 3.0, 1x \u00c1udio, 1x Conex\u00e3o dc, 1x Leitor de cart\u00f5es MicroSD<br \/>\nConex\u00e3o mini-HDMI: 1<br \/>\nConex\u00e3o USB 3.0: 2<br \/>\n\u00c1udio (para microfone e fone de ouvido): 1<br \/>\nConex\u00e3o dc (energia): 1<br \/>\nWebcam: C\u00e2mera frontal Alta defini\u00e7\u00e3o (hd), 720p<br \/>\nLeitor de Cart\u00f5es: Micro sd, suporta padr\u00f5es sdhc e sdxc at\u00e9 128GB<br \/>\nTeclado: Portugu\u00eas-Brasil, 83 teclas<br \/>\nMouse\/Touchpad: Tipo Touchpad, com toque m\u00faltiplo, 2 bot\u00f5es integrados<br \/>\n\u00c2ngulo de Abertura da Tela: 135\u00ba<br \/>\nOutros: Webcam cover<br \/>\nBateria: Li-Pol\u00edmero \/ 35.5Wh, 2 c\u00e9lulas, 7,4V, 4800 mAh &#8211; integrada<br \/>\nDura\u00e7\u00e3o da Bateria: 5 horas<br \/>\nPot\u00eancia da Fonte: 24W<br \/>\nTens\u00e3o: 100240V<br \/>\nTipo de Tomada: 10A<br \/>\nFonte\/Carregador: 12V \/ 2A<br \/>\nCor: Cinza<br \/>\nDimens\u00f5es do produto: 32,9cm x 1,79cm x 21,5cm<br \/>\nLargura: 32,9cm<br \/>\nAltura: 1,79cm<br \/>\nProfundidade: 21,5cm<br \/>\nPeso do Produto\/Peso L\u00edquido: 1,3 kg<br \/>\nEmbalagem do produto: 37,5cm x 6cm x 33cm<br \/>\nLargura da Embalagem: 37,5cm<br \/>\nAltura da Embalagem: 6cm<br \/>\nProfundidade da Embalagem: 33cm<br \/>\nPeso do Produto com Embalagem\/Peso Bruto: 2,0 kg<br \/>\nConte\u00fado da Embalagem: Notebook, Adaptador ca com cabo padr\u00e3o Inmetro (carregador), Guia R\u00e1pido e Certificado de Garantia<br \/>\nSeguran\u00e7a: Webcam Cover<\/p>\n<p>Informa\u00e7\u00f5es divulgadas de acordo com o manual do fabricante. Em caso de duvidas sobre informa\u00e7\u00f5es t\u00e9cnicas, utiliza\u00e7\u00e3o, limita\u00e7\u00f5es e manuseio do produto, verifique o manual do fabricante.<\/p>\n","protected":false},"excerpt":{"rendered":"<p>Notebook Compaq Presario 421 14 HD Pentium N3700 120GB ssd 4GB Shell efi Este produto n\u00e3o possui sistema operacional pr\u00e9 instalado por\u00e9m possui compatibilidade com a instala\u00e7\u00e3o do Windows 10\/8\/7 e Linux. O novo Compaq presario 421 conta com design moderno, elegante e \u00e9 uma evolu\u00e7\u00e3o em termos de tecnologia. O Compaq presario 421 foi [&hellip;]<\/p>\n","protected":false},"featured_media":76,"comment_status":"open","ping_status":"closed","template":"","meta":[],"product_cat":[19],"product_tag":[],"yoast_head":"<!-- This site is optimized with the Yoast SEO plugin v23.5 - https:\/\/yoast.com\/wordpress\/plugins\/seo\/ -->\n<title>Notebook Compaq Presario 452 Intel\u00ae Core\u2122 i5 Linux 8GB 1TB 14&quot; - Cinza | Loja Compaq - Compaq - Eco-Tech - Solu\u00e7\u00f5es em tecnologia<\/title>\n<meta name=\"robots\" content=\"index, follow, max-snippet:-1, max-image-preview:large, max-video-preview:-1\" \/>\n<link rel=\"canonical\" href=\"https:\/\/eco-tech.inf.br\/index.php\/product\/notebook-compaq-presario-452-intel-core-i5-linux-8gb-1tb-14-cinza-loja-compaq-compaq\/\" \/>\n<meta property=\"og:locale\" content=\"pt_BR\" \/>\n<meta property=\"og:type\" content=\"article\" \/>\n<meta property=\"og:title\" content=\"Notebook Compaq Presario 452 Intel\u00ae Core\u2122 i5 Linux 8GB 1TB 14&quot; - Cinza | Loja Compaq - Compaq - Eco-Tech - Solu\u00e7\u00f5es em tecnologia\" \/>\n<meta property=\"og:description\" content=\"Notebook Compaq Presario 421 14 HD Pentium N3700 120GB ssd 4GB Shell efi Este produto n\u00e3o possui sistema operacional pr\u00e9 instalado por\u00e9m possui compatibilidade com a instala\u00e7\u00e3o do Windows 10\/8\/7 e Linux. O novo Compaq presario 421 conta com design moderno, elegante e \u00e9 uma evolu\u00e7\u00e3o em termos de tecnologia. O Compaq presario 421 foi [&hellip;]\" \/>\n<meta property=\"og:url\" content=\"https:\/\/eco-tech.inf.br\/index.php\/product\/notebook-compaq-presario-452-intel-core-i5-linux-8gb-1tb-14-cinza-loja-compaq-compaq\/\" \/>\n<meta property=\"og:site_name\" content=\"Eco-Tech - Solu\u00e7\u00f5es em tecnologia\" \/>\n<meta property=\"article:publisher\" content=\"https:\/\/www.facebook.com\/EcoTech-Tecnologia-107960038523316\" \/>\n<meta property=\"article:modified_time\" content=\"2022-10-28T15:02:55+00:00\" \/>\n<meta property=\"og:image\" content=\"https:\/\/i0.wp.com\/eco-tech.inf.br\/wp-content\/uploads\/2022\/03\/elo-4.webp?fit=1500%2C1124&ssl=1\" \/>\n\t<meta property=\"og:image:width\" content=\"1500\" \/>\n\t<meta property=\"og:image:height\" content=\"1124\" \/>\n\t<meta property=\"og:image:type\" content=\"image\/webp\" \/>\n<meta name=\"twitter:card\" content=\"summary_large_image\" \/>\n<meta name=\"twitter:label1\" content=\"Est. tempo de leitura\" \/>\n\t<meta name=\"twitter:data1\" content=\"3 minutos\" \/>\n<script type=\"application\/ld+json\" class=\"yoast-schema-graph\">{\"@context\":\"https:\/\/schema.org\",\"@graph\":[{\"@type\":\"WebPage\",\"@id\":\"https:\/\/eco-tech.inf.br\/index.php\/product\/notebook-compaq-presario-452-intel-core-i5-linux-8gb-1tb-14-cinza-loja-compaq-compaq\/\",\"url\":\"https:\/\/eco-tech.inf.br\/index.php\/product\/notebook-compaq-presario-452-intel-core-i5-linux-8gb-1tb-14-cinza-loja-compaq-compaq\/\",\"name\":\"Notebook Compaq Presario 452 Intel\u00ae Core\u2122 i5 Linux 8GB 1TB 14\\\" - Cinza | Loja Compaq - Compaq - Eco-Tech - Solu\u00e7\u00f5es em tecnologia\",\"isPartOf\":{\"@id\":\"https:\/\/eco-tech.inf.br\/#website\"},\"primaryImageOfPage\":{\"@id\":\"https:\/\/eco-tech.inf.br\/index.php\/product\/notebook-compaq-presario-452-intel-core-i5-linux-8gb-1tb-14-cinza-loja-compaq-compaq\/#primaryimage\"},\"image\":{\"@id\":\"https:\/\/eco-tech.inf.br\/index.php\/product\/notebook-compaq-presario-452-intel-core-i5-linux-8gb-1tb-14-cinza-loja-compaq-compaq\/#primaryimage\"},\"thumbnailUrl\":\"https:\/\/i0.wp.com\/eco-tech.inf.br\/wp-content\/uploads\/2022\/03\/elo-4.webp?fit=1500%2C1124&ssl=1\",\"datePublished\":\"2022-03-26T17:02:28+00:00\",\"dateModified\":\"2022-10-28T15:02:55+00:00\",\"breadcrumb\":{\"@id\":\"https:\/\/eco-tech.inf.br\/index.php\/product\/notebook-compaq-presario-452-intel-core-i5-linux-8gb-1tb-14-cinza-loja-compaq-compaq\/#breadcrumb\"},\"inLanguage\":\"pt-BR\",\"potentialAction\":[{\"@type\":\"ReadAction\",\"target\":[\"https:\/\/eco-tech.inf.br\/index.php\/product\/notebook-compaq-presario-452-intel-core-i5-linux-8gb-1tb-14-cinza-loja-compaq-compaq\/\"]}]},{\"@type\":\"ImageObject\",\"inLanguage\":\"pt-BR\",\"@id\":\"https:\/\/eco-tech.inf.br\/index.php\/product\/notebook-compaq-presario-452-intel-core-i5-linux-8gb-1tb-14-cinza-loja-compaq-compaq\/#primaryimage\",\"url\":\"https:\/\/i0.wp.com\/eco-tech.inf.br\/wp-content\/uploads\/2022\/03\/elo-4.webp?fit=1500%2C1124&ssl=1\",\"contentUrl\":\"https:\/\/i0.wp.com\/eco-tech.inf.br\/wp-content\/uploads\/2022\/03\/elo-4.webp?fit=1500%2C1124&ssl=1\",\"width\":1500,\"height\":1124},{\"@type\":\"BreadcrumbList\",\"@id\":\"https:\/\/eco-tech.inf.br\/index.php\/product\/notebook-compaq-presario-452-intel-core-i5-linux-8gb-1tb-14-cinza-loja-compaq-compaq\/#breadcrumb\",\"itemListElement\":[{\"@type\":\"ListItem\",\"position\":1,\"name\":\"In\u00edcio\",\"item\":\"https:\/\/eco-tech.inf.br\/\"},{\"@type\":\"ListItem\",\"position\":2,\"name\":\"Produtos\",\"item\":\"https:\/\/eco-tech.inf.br\/index.php\/shop\/\"},{\"@type\":\"ListItem\",\"position\":3,\"name\":\"Notebook Compaq Presario 452 Intel\u00ae Core\u2122 i5 Linux 8GB 1TB 14&#8243; &#8211; Cinza | Loja Compaq &#8211; Compaq\"}]},{\"@type\":\"WebSite\",\"@id\":\"https:\/\/eco-tech.inf.br\/#website\",\"url\":\"https:\/\/eco-tech.inf.br\/\",\"name\":\"Eco-Tech - Solu\u00e7\u00f5es em tecnologia\",\"description\":\"Possu\u00edmos mais de 15 (anos) anos de experi\u00eancia levando para o norte do Brasil tecnologia de ponta trazida por grandes organiza\u00e7\u00f5es dos mais variados seguimentos.\",\"publisher\":{\"@id\":\"https:\/\/eco-tech.inf.br\/#organization\"},\"potentialAction\":[{\"@type\":\"SearchAction\",\"target\":{\"@type\":\"EntryPoint\",\"urlTemplate\":\"https:\/\/eco-tech.inf.br\/?s={search_term_string}\"},\"query-input\":{\"@type\":\"PropertyValueSpecification\",\"valueRequired\":true,\"valueName\":\"search_term_string\"}}],\"inLanguage\":\"pt-BR\"},{\"@type\":\"Organization\",\"@id\":\"https:\/\/eco-tech.inf.br\/#organization\",\"name\":\"ELO SOLU\u00c7\u00d5ES TECNOL\u00d3GICA LTDA\",\"url\":\"https:\/\/eco-tech.inf.br\/\",\"logo\":{\"@type\":\"ImageObject\",\"inLanguage\":\"pt-BR\",\"@id\":\"https:\/\/eco-tech.inf.br\/#\/schema\/logo\/image\/\",\"url\":\"https:\/\/i0.wp.com\/eco-tech.inf.br\/wp-content\/uploads\/2022\/03\/cropped-novologo-1.jpg?fit=512%2C512&ssl=1\",\"contentUrl\":\"https:\/\/i0.wp.com\/eco-tech.inf.br\/wp-content\/uploads\/2022\/03\/cropped-novologo-1.jpg?fit=512%2C512&ssl=1\",\"width\":512,\"height\":512,\"caption\":\"ELO SOLU\u00c7\u00d5ES TECNOL\u00d3GICA LTDA\"},\"image\":{\"@id\":\"https:\/\/eco-tech.inf.br\/#\/schema\/logo\/image\/\"},\"sameAs\":[\"https:\/\/www.facebook.com\/EcoTech-Tecnologia-107960038523316\",\"https:\/\/www.instagram.com\/p\/CbRSB23MmFd\/?utm_medium=copy_link\"]}]}<\/script>\n<!-- \/ Yoast SEO plugin. -->","yoast_head_json":{"title":"Notebook Compaq Presario 452 Intel\u00ae Core\u2122 i5 Linux 8GB 1TB 14\" - Cinza | Loja Compaq - Compaq - Eco-Tech - Solu\u00e7\u00f5es em tecnologia","robots":{"index":"index","follow":"follow","max-snippet":"max-snippet:-1","max-image-preview":"max-image-preview:large","max-video-preview":"max-video-preview:-1"},"canonical":"https:\/\/eco-tech.inf.br\/index.php\/product\/notebook-compaq-presario-452-intel-core-i5-linux-8gb-1tb-14-cinza-loja-compaq-compaq\/","og_locale":"pt_BR","og_type":"article","og_title":"Notebook Compaq Presario 452 Intel\u00ae Core\u2122 i5 Linux 8GB 1TB 14\" - Cinza | Loja Compaq - Compaq - Eco-Tech - Solu\u00e7\u00f5es em tecnologia","og_description":"Notebook Compaq Presario 421 14 HD Pentium N3700 120GB ssd 4GB Shell efi Este produto n\u00e3o possui sistema operacional pr\u00e9 instalado por\u00e9m possui compatibilidade com a instala\u00e7\u00e3o do Windows 10\/8\/7 e Linux. O novo Compaq presario 421 conta com design moderno, elegante e \u00e9 uma evolu\u00e7\u00e3o em termos de tecnologia. O Compaq presario 421 foi [&hellip;]","og_url":"https:\/\/eco-tech.inf.br\/index.php\/product\/notebook-compaq-presario-452-intel-core-i5-linux-8gb-1tb-14-cinza-loja-compaq-compaq\/","og_site_name":"Eco-Tech - Solu\u00e7\u00f5es em tecnologia","article_publisher":"https:\/\/www.facebook.com\/EcoTech-Tecnologia-107960038523316","article_modified_time":"2022-10-28T15:02:55+00:00","og_image":[{"width":1500,"height":1124,"url":"https:\/\/i0.wp.com\/eco-tech.inf.br\/wp-content\/uploads\/2022\/03\/elo-4.webp?fit=1500%2C1124&ssl=1","type":"image\/webp"}],"twitter_card":"summary_large_image","twitter_misc":{"Est. tempo de leitura":"3 minutos"},"schema":{"@context":"https:\/\/schema.org","@graph":[{"@type":"WebPage","@id":"https:\/\/eco-tech.inf.br\/index.php\/product\/notebook-compaq-presario-452-intel-core-i5-linux-8gb-1tb-14-cinza-loja-compaq-compaq\/","url":"https:\/\/eco-tech.inf.br\/index.php\/product\/notebook-compaq-presario-452-intel-core-i5-linux-8gb-1tb-14-cinza-loja-compaq-compaq\/","name":"Notebook Compaq Presario 452 Intel\u00ae Core\u2122 i5 Linux 8GB 1TB 14\" - Cinza | Loja Compaq - Compaq - Eco-Tech - Solu\u00e7\u00f5es em tecnologia","isPartOf":{"@id":"https:\/\/eco-tech.inf.br\/#website"},"primaryImageOfPage":{"@id":"https:\/\/eco-tech.inf.br\/index.php\/product\/notebook-compaq-presario-452-intel-core-i5-linux-8gb-1tb-14-cinza-loja-compaq-compaq\/#primaryimage"},"image":{"@id":"https:\/\/eco-tech.inf.br\/index.php\/product\/notebook-compaq-presario-452-intel-core-i5-linux-8gb-1tb-14-cinza-loja-compaq-compaq\/#primaryimage"},"thumbnailUrl":"https:\/\/i0.wp.com\/eco-tech.inf.br\/wp-content\/uploads\/2022\/03\/elo-4.webp?fit=1500%2C1124&ssl=1","datePublished":"2022-03-26T17:02:28+00:00","dateModified":"2022-10-28T15:02:55+00:00","breadcrumb":{"@id":"https:\/\/eco-tech.inf.br\/index.php\/product\/notebook-compaq-presario-452-intel-core-i5-linux-8gb-1tb-14-cinza-loja-compaq-compaq\/#breadcrumb"},"inLanguage":"pt-BR","potentialAction":[{"@type":"ReadAction","target":["https:\/\/eco-tech.inf.br\/index.php\/product\/notebook-compaq-presario-452-intel-core-i5-linux-8gb-1tb-14-cinza-loja-compaq-compaq\/"]}]},{"@type":"ImageObject","inLanguage":"pt-BR","@id":"https:\/\/eco-tech.inf.br\/index.php\/product\/notebook-compaq-presario-452-intel-core-i5-linux-8gb-1tb-14-cinza-loja-compaq-compaq\/#primaryimage","url":"https:\/\/i0.wp.com\/eco-tech.inf.br\/wp-content\/uploads\/2022\/03\/elo-4.webp?fit=1500%2C1124&ssl=1","contentUrl":"https:\/\/i0.wp.com\/eco-tech.inf.br\/wp-content\/uploads\/2022\/03\/elo-4.webp?fit=1500%2C1124&ssl=1","width":1500,"height":1124},{"@type":"BreadcrumbList","@id":"https:\/\/eco-tech.inf.br\/index.php\/product\/notebook-compaq-presario-452-intel-core-i5-linux-8gb-1tb-14-cinza-loja-compaq-compaq\/#breadcrumb","itemListElement":[{"@type":"ListItem","position":1,"name":"In\u00edcio","item":"https:\/\/eco-tech.inf.br\/"},{"@type":"ListItem","position":2,"name":"Produtos","item":"https:\/\/eco-tech.inf.br\/index.php\/shop\/"},{"@type":"ListItem","position":3,"name":"Notebook Compaq Presario 452 Intel\u00ae Core\u2122 i5 Linux 8GB 1TB 14&#8243; &#8211; Cinza | Loja Compaq &#8211; Compaq"}]},{"@type":"WebSite","@id":"https:\/\/eco-tech.inf.br\/#website","url":"https:\/\/eco-tech.inf.br\/","name":"Eco-Tech - Solu\u00e7\u00f5es em tecnologia","description":"Possu\u00edmos mais de 15 (anos) anos de experi\u00eancia levando para o norte do Brasil tecnologia de ponta trazida por grandes organiza\u00e7\u00f5es dos mais variados seguimentos.","publisher":{"@id":"https:\/\/eco-tech.inf.br\/#organization"},"potentialAction":[{"@type":"SearchAction","target":{"@type":"EntryPoint","urlTemplate":"https:\/\/eco-tech.inf.br\/?s={search_term_string}"},"query-input":{"@type":"PropertyValueSpecification","valueRequired":true,"valueName":"search_term_string"}}],"inLanguage":"pt-BR"},{"@type":"Organization","@id":"https:\/\/eco-tech.inf.br\/#organization","name":"ELO SOLU\u00c7\u00d5ES TECNOL\u00d3GICA LTDA","url":"https:\/\/eco-tech.inf.br\/","logo":{"@type":"ImageObject","inLanguage":"pt-BR","@id":"https:\/\/eco-tech.inf.br\/#\/schema\/logo\/image\/","url":"https:\/\/i0.wp.com\/eco-tech.inf.br\/wp-content\/uploads\/2022\/03\/cropped-novologo-1.jpg?fit=512%2C512&ssl=1","contentUrl":"https:\/\/i0.wp.com\/eco-tech.inf.br\/wp-content\/uploads\/2022\/03\/cropped-novologo-1.jpg?fit=512%2C512&ssl=1","width":512,"height":512,"caption":"ELO SOLU\u00c7\u00d5ES TECNOL\u00d3GICA LTDA"},"image":{"@id":"https:\/\/eco-tech.inf.br\/#\/schema\/logo\/image\/"},"sameAs":["https:\/\/www.facebook.com\/EcoTech-Tecnologia-107960038523316","https:\/\/www.instagram.com\/p\/CbRSB23MmFd\/?utm_medium=copy_link"]}]}},"jetpack_sharing_enabled":true,"_links":{"self":[{"href":"https:\/\/eco-tech.inf.br\/index.php\/wp-json\/wp\/v2\/product\/75"}],"collection":[{"href":"https:\/\/eco-tech.inf.br\/index.php\/wp-json\/wp\/v2\/product"}],"about":[{"href":"https:\/\/eco-tech.inf.br\/index.php\/wp-json\/wp\/v2\/types\/product"}],"replies":[{"embeddable":true,"href":"https:\/\/eco-tech.inf.br\/index.php\/wp-json\/wp\/v2\/comments?post=75"}],"wp:featuredmedia":[{"embeddable":true,"href":"https:\/\/eco-tech.inf.br\/index.php\/wp-json\/wp\/v2\/media\/76"}],"wp:attachment":[{"href":"https:\/\/eco-tech.inf.br\/index.php\/wp-json\/wp\/v2\/media?parent=75"}],"wp:term":[{"taxonomy":"product_cat","embeddable":true,"href":"https:\/\/eco-tech.inf.br\/index.php\/wp-json\/wp\/v2\/product_cat?post=75"},{"taxonomy":"product_tag","embeddable":true,"href":"https:\/\/eco-tech.inf.br\/index.php\/wp-json\/wp\/v2\/product_tag?post=75"}],"curies":[{"name":"wp","href":"https:\/\/api.w.org\/{rel}","templated":true}]}}