{"id":443,"date":"2022-05-05T14:21:39","date_gmt":"2022-05-05T18:21:39","guid":{"rendered":"https:\/\/eco-tech.inf.br\/?post_type=product&#038;p=443"},"modified":"2022-07-14T16:01:05","modified_gmt":"2022-07-14T20:01:05","slug":"kit-teclado-gamingmouse-knup-kp-2054","status":"publish","type":"product","link":"https:\/\/eco-tech.inf.br\/index.php\/product\/kit-teclado-gamingmouse-knup-kp-2054\/","title":{"rendered":"KIT Teclado Gaming+Mouse Knup KP-2054"},"content":{"rendered":"<p>Conex\u00e3o USB<br \/>\n3 Cores<br \/>\nCabo com 1,35 m<br \/>\n3 Modos de ilumina\u00e7\u00e3o de fundo <\/p>\n","protected":false},"excerpt":{"rendered":"<p>MOUSE<br \/>\n-Desingh Econ\u00f4mico<br \/>\n-3 cores de led que altera em at\u00e9 7 cores estilo chro,a<br \/>\n-bot\u00e3o de rolamento para f\u00e1cil navega\u00e7\u00e3o na internet e documentos<br \/>\n-6 bot\u00f5es<br \/>\n-vida \u00fatil em at\u00e9 5 milh\u00f5es de cliques.<br \/>\n-Mat\u00e9rial pl\u00e1stico ABS da alta resist\u00eancia<\/p>\n<p>TECLADO<br \/>\n-Interface<br \/>\n-Cabo em PVC<br \/>\n-Comprimento aprix:130cm<br \/>\n-12 teclas multim\u00eddea(Fun\u00e7\u00e3o FN)<\/p>\n","protected":false},"featured_media":444,"comment_status":"closed","ping_status":"closed","template":"","meta":[],"product_cat":[159],"product_tag":[108,107],"yoast_head":"<!-- This site is optimized with the Yoast SEO plugin v23.5 - https:\/\/yoast.com\/wordpress\/plugins\/seo\/ -->\n<title>KIT Teclado Gaming+Mouse Knup KP-2054 - Eco-Tech - Solu\u00e7\u00f5es em tecnologia<\/title>\n<meta name=\"robots\" content=\"index, follow, max-snippet:-1, max-image-preview:large, max-video-preview:-1\" \/>\n<link rel=\"canonical\" href=\"https:\/\/eco-tech.inf.br\/index.php\/product\/kit-teclado-gamingmouse-knup-kp-2054\/\" \/>\n<meta property=\"og:locale\" content=\"pt_BR\" \/>\n<meta property=\"og:type\" content=\"article\" \/>\n<meta property=\"og:title\" content=\"KIT Teclado Gaming+Mouse Knup KP-2054 - Eco-Tech - Solu\u00e7\u00f5es em tecnologia\" \/>\n<meta property=\"og:description\" content=\"MOUSE -Desingh Econ\u00f4mico -3 cores de led que altera em at\u00e9 7 cores estilo chro,a -bot\u00e3o de rolamento para f\u00e1cil navega\u00e7\u00e3o na internet e documentos -6 bot\u00f5es  -vida \u00fatil em at\u00e9 5 milh\u00f5es de cliques. -Mat\u00e9rial pl\u00e1stico ABS da alta resist\u00eancia  TECLADO -Interface -Cabo em PVC  -Comprimento aprix:130cm  -12 teclas multim\u00eddea(Fun\u00e7\u00e3o FN)\" \/>\n<meta property=\"og:url\" content=\"https:\/\/eco-tech.inf.br\/index.php\/product\/kit-teclado-gamingmouse-knup-kp-2054\/\" \/>\n<meta property=\"og:site_name\" content=\"Eco-Tech - Solu\u00e7\u00f5es em tecnologia\" \/>\n<meta property=\"article:publisher\" content=\"https:\/\/www.facebook.com\/EcoTech-Tecnologia-107960038523316\" \/>\n<meta property=\"article:modified_time\" content=\"2022-07-14T20:01:05+00:00\" \/>\n<meta property=\"og:image\" content=\"https:\/\/i0.wp.com\/eco-tech.inf.br\/wp-content\/uploads\/2022\/05\/tecl-expo.png?fit=1200%2C1124&ssl=1\" \/>\n\t<meta property=\"og:image:width\" content=\"1200\" \/>\n\t<meta property=\"og:image:height\" content=\"1124\" \/>\n\t<meta property=\"og:image:type\" content=\"image\/png\" \/>\n<meta name=\"twitter:card\" content=\"summary_large_image\" \/>\n<script type=\"application\/ld+json\" class=\"yoast-schema-graph\">{\"@context\":\"https:\/\/schema.org\",\"@graph\":[{\"@type\":\"WebPage\",\"@id\":\"https:\/\/eco-tech.inf.br\/index.php\/product\/kit-teclado-gamingmouse-knup-kp-2054\/\",\"url\":\"https:\/\/eco-tech.inf.br\/index.php\/product\/kit-teclado-gamingmouse-knup-kp-2054\/\",\"name\":\"KIT Teclado Gaming+Mouse Knup KP-2054 - Eco-Tech - Solu\u00e7\u00f5es em tecnologia\",\"isPartOf\":{\"@id\":\"https:\/\/eco-tech.inf.br\/#website\"},\"primaryImageOfPage\":{\"@id\":\"https:\/\/eco-tech.inf.br\/index.php\/product\/kit-teclado-gamingmouse-knup-kp-2054\/#primaryimage\"},\"image\":{\"@id\":\"https:\/\/eco-tech.inf.br\/index.php\/product\/kit-teclado-gamingmouse-knup-kp-2054\/#primaryimage\"},\"thumbnailUrl\":\"https:\/\/i0.wp.com\/eco-tech.inf.br\/wp-content\/uploads\/2022\/05\/tecl-expo.png?fit=1200%2C1124&ssl=1\",\"datePublished\":\"2022-05-05T18:21:39+00:00\",\"dateModified\":\"2022-07-14T20:01:05+00:00\",\"breadcrumb\":{\"@id\":\"https:\/\/eco-tech.inf.br\/index.php\/product\/kit-teclado-gamingmouse-knup-kp-2054\/#breadcrumb\"},\"inLanguage\":\"pt-BR\",\"potentialAction\":[{\"@type\":\"ReadAction\",\"target\":[\"https:\/\/eco-tech.inf.br\/index.php\/product\/kit-teclado-gamingmouse-knup-kp-2054\/\"]}]},{\"@type\":\"ImageObject\",\"inLanguage\":\"pt-BR\",\"@id\":\"https:\/\/eco-tech.inf.br\/index.php\/product\/kit-teclado-gamingmouse-knup-kp-2054\/#primaryimage\",\"url\":\"https:\/\/i0.wp.com\/eco-tech.inf.br\/wp-content\/uploads\/2022\/05\/tecl-expo.png?fit=1200%2C1124&ssl=1\",\"contentUrl\":\"https:\/\/i0.wp.com\/eco-tech.inf.br\/wp-content\/uploads\/2022\/05\/tecl-expo.png?fit=1200%2C1124&ssl=1\",\"width\":1200,\"height\":1124},{\"@type\":\"BreadcrumbList\",\"@id\":\"https:\/\/eco-tech.inf.br\/index.php\/product\/kit-teclado-gamingmouse-knup-kp-2054\/#breadcrumb\",\"itemListElement\":[{\"@type\":\"ListItem\",\"position\":1,\"name\":\"In\u00edcio\",\"item\":\"https:\/\/eco-tech.inf.br\/\"},{\"@type\":\"ListItem\",\"position\":2,\"name\":\"Produtos\",\"item\":\"https:\/\/eco-tech.inf.br\/index.php\/shop\/\"},{\"@type\":\"ListItem\",\"position\":3,\"name\":\"KIT Teclado Gaming+Mouse Knup KP-2054\"}]},{\"@type\":\"WebSite\",\"@id\":\"https:\/\/eco-tech.inf.br\/#website\",\"url\":\"https:\/\/eco-tech.inf.br\/\",\"name\":\"Eco-Tech - Solu\u00e7\u00f5es em tecnologia\",\"description\":\"Possu\u00edmos mais de 15 (anos) anos de experi\u00eancia levando para o norte do Brasil tecnologia de ponta trazida por grandes organiza\u00e7\u00f5es dos mais variados seguimentos.\",\"publisher\":{\"@id\":\"https:\/\/eco-tech.inf.br\/#organization\"},\"potentialAction\":[{\"@type\":\"SearchAction\",\"target\":{\"@type\":\"EntryPoint\",\"urlTemplate\":\"https:\/\/eco-tech.inf.br\/?s={search_term_string}\"},\"query-input\":{\"@type\":\"PropertyValueSpecification\",\"valueRequired\":true,\"valueName\":\"search_term_string\"}}],\"inLanguage\":\"pt-BR\"},{\"@type\":\"Organization\",\"@id\":\"https:\/\/eco-tech.inf.br\/#organization\",\"name\":\"ELO SOLU\u00c7\u00d5ES TECNOL\u00d3GICA LTDA\",\"url\":\"https:\/\/eco-tech.inf.br\/\",\"logo\":{\"@type\":\"ImageObject\",\"inLanguage\":\"pt-BR\",\"@id\":\"https:\/\/eco-tech.inf.br\/#\/schema\/logo\/image\/\",\"url\":\"https:\/\/i0.wp.com\/eco-tech.inf.br\/wp-content\/uploads\/2022\/03\/cropped-novologo-1.jpg?fit=512%2C512&ssl=1\",\"contentUrl\":\"https:\/\/i0.wp.com\/eco-tech.inf.br\/wp-content\/uploads\/2022\/03\/cropped-novologo-1.jpg?fit=512%2C512&ssl=1\",\"width\":512,\"height\":512,\"caption\":\"ELO SOLU\u00c7\u00d5ES TECNOL\u00d3GICA LTDA\"},\"image\":{\"@id\":\"https:\/\/eco-tech.inf.br\/#\/schema\/logo\/image\/\"},\"sameAs\":[\"https:\/\/www.facebook.com\/EcoTech-Tecnologia-107960038523316\",\"https:\/\/www.instagram.com\/p\/CbRSB23MmFd\/?utm_medium=copy_link\"]}]}<\/script>\n<!-- \/ Yoast SEO plugin. -->","yoast_head_json":{"title":"KIT Teclado Gaming+Mouse Knup KP-2054 - Eco-Tech - Solu\u00e7\u00f5es em tecnologia","robots":{"index":"index","follow":"follow","max-snippet":"max-snippet:-1","max-image-preview":"max-image-preview:large","max-video-preview":"max-video-preview:-1"},"canonical":"https:\/\/eco-tech.inf.br\/index.php\/product\/kit-teclado-gamingmouse-knup-kp-2054\/","og_locale":"pt_BR","og_type":"article","og_title":"KIT Teclado Gaming+Mouse Knup KP-2054 - Eco-Tech - Solu\u00e7\u00f5es em tecnologia","og_description":"MOUSE -Desingh Econ\u00f4mico -3 cores de led que altera em at\u00e9 7 cores estilo chro,a -bot\u00e3o de rolamento para f\u00e1cil navega\u00e7\u00e3o na internet e documentos -6 bot\u00f5es  -vida \u00fatil em at\u00e9 5 milh\u00f5es de cliques. -Mat\u00e9rial pl\u00e1stico ABS da alta resist\u00eancia  TECLADO -Interface -Cabo em PVC  -Comprimento aprix:130cm  -12 teclas multim\u00eddea(Fun\u00e7\u00e3o FN)","og_url":"https:\/\/eco-tech.inf.br\/index.php\/product\/kit-teclado-gamingmouse-knup-kp-2054\/","og_site_name":"Eco-Tech - Solu\u00e7\u00f5es em tecnologia","article_publisher":"https:\/\/www.facebook.com\/EcoTech-Tecnologia-107960038523316","article_modified_time":"2022-07-14T20:01:05+00:00","og_image":[{"width":1200,"height":1124,"url":"https:\/\/i0.wp.com\/eco-tech.inf.br\/wp-content\/uploads\/2022\/05\/tecl-expo.png?fit=1200%2C1124&ssl=1","type":"image\/png"}],"twitter_card":"summary_large_image","schema":{"@context":"https:\/\/schema.org","@graph":[{"@type":"WebPage","@id":"https:\/\/eco-tech.inf.br\/index.php\/product\/kit-teclado-gamingmouse-knup-kp-2054\/","url":"https:\/\/eco-tech.inf.br\/index.php\/product\/kit-teclado-gamingmouse-knup-kp-2054\/","name":"KIT Teclado Gaming+Mouse Knup KP-2054 - Eco-Tech - Solu\u00e7\u00f5es em tecnologia","isPartOf":{"@id":"https:\/\/eco-tech.inf.br\/#website"},"primaryImageOfPage":{"@id":"https:\/\/eco-tech.inf.br\/index.php\/product\/kit-teclado-gamingmouse-knup-kp-2054\/#primaryimage"},"image":{"@id":"https:\/\/eco-tech.inf.br\/index.php\/product\/kit-teclado-gamingmouse-knup-kp-2054\/#primaryimage"},"thumbnailUrl":"https:\/\/i0.wp.com\/eco-tech.inf.br\/wp-content\/uploads\/2022\/05\/tecl-expo.png?fit=1200%2C1124&ssl=1","datePublished":"2022-05-05T18:21:39+00:00","dateModified":"2022-07-14T20:01:05+00:00","breadcrumb":{"@id":"https:\/\/eco-tech.inf.br\/index.php\/product\/kit-teclado-gamingmouse-knup-kp-2054\/#breadcrumb"},"inLanguage":"pt-BR","potentialAction":[{"@type":"ReadAction","target":["https:\/\/eco-tech.inf.br\/index.php\/product\/kit-teclado-gamingmouse-knup-kp-2054\/"]}]},{"@type":"ImageObject","inLanguage":"pt-BR","@id":"https:\/\/eco-tech.inf.br\/index.php\/product\/kit-teclado-gamingmouse-knup-kp-2054\/#primaryimage","url":"https:\/\/i0.wp.com\/eco-tech.inf.br\/wp-content\/uploads\/2022\/05\/tecl-expo.png?fit=1200%2C1124&ssl=1","contentUrl":"https:\/\/i0.wp.com\/eco-tech.inf.br\/wp-content\/uploads\/2022\/05\/tecl-expo.png?fit=1200%2C1124&ssl=1","width":1200,"height":1124},{"@type":"BreadcrumbList","@id":"https:\/\/eco-tech.inf.br\/index.php\/product\/kit-teclado-gamingmouse-knup-kp-2054\/#breadcrumb","itemListElement":[{"@type":"ListItem","position":1,"name":"In\u00edcio","item":"https:\/\/eco-tech.inf.br\/"},{"@type":"ListItem","position":2,"name":"Produtos","item":"https:\/\/eco-tech.inf.br\/index.php\/shop\/"},{"@type":"ListItem","position":3,"name":"KIT Teclado Gaming+Mouse Knup KP-2054"}]},{"@type":"WebSite","@id":"https:\/\/eco-tech.inf.br\/#website","url":"https:\/\/eco-tech.inf.br\/","name":"Eco-Tech - Solu\u00e7\u00f5es em tecnologia","description":"Possu\u00edmos mais de 15 (anos) anos de experi\u00eancia levando para o norte do Brasil tecnologia de ponta trazida por grandes organiza\u00e7\u00f5es dos mais variados seguimentos.","publisher":{"@id":"https:\/\/eco-tech.inf.br\/#organization"},"potentialAction":[{"@type":"SearchAction","target":{"@type":"EntryPoint","urlTemplate":"https:\/\/eco-tech.inf.br\/?s={search_term_string}"},"query-input":{"@type":"PropertyValueSpecification","valueRequired":true,"valueName":"search_term_string"}}],"inLanguage":"pt-BR"},{"@type":"Organization","@id":"https:\/\/eco-tech.inf.br\/#organization","name":"ELO SOLU\u00c7\u00d5ES TECNOL\u00d3GICA LTDA","url":"https:\/\/eco-tech.inf.br\/","logo":{"@type":"ImageObject","inLanguage":"pt-BR","@id":"https:\/\/eco-tech.inf.br\/#\/schema\/logo\/image\/","url":"https:\/\/i0.wp.com\/eco-tech.inf.br\/wp-content\/uploads\/2022\/03\/cropped-novologo-1.jpg?fit=512%2C512&ssl=1","contentUrl":"https:\/\/i0.wp.com\/eco-tech.inf.br\/wp-content\/uploads\/2022\/03\/cropped-novologo-1.jpg?fit=512%2C512&ssl=1","width":512,"height":512,"caption":"ELO SOLU\u00c7\u00d5ES TECNOL\u00d3GICA LTDA"},"image":{"@id":"https:\/\/eco-tech.inf.br\/#\/schema\/logo\/image\/"},"sameAs":["https:\/\/www.facebook.com\/EcoTech-Tecnologia-107960038523316","https:\/\/www.instagram.com\/p\/CbRSB23MmFd\/?utm_medium=copy_link"]}]}},"jetpack_sharing_enabled":true,"_links":{"self":[{"href":"https:\/\/eco-tech.inf.br\/index.php\/wp-json\/wp\/v2\/product\/443"}],"collection":[{"href":"https:\/\/eco-tech.inf.br\/index.php\/wp-json\/wp\/v2\/product"}],"about":[{"href":"https:\/\/eco-tech.inf.br\/index.php\/wp-json\/wp\/v2\/types\/product"}],"replies":[{"embeddable":true,"href":"https:\/\/eco-tech.inf.br\/index.php\/wp-json\/wp\/v2\/comments?post=443"}],"wp:featuredmedia":[{"embeddable":true,"href":"https:\/\/eco-tech.inf.br\/index.php\/wp-json\/wp\/v2\/media\/444"}],"wp:attachment":[{"href":"https:\/\/eco-tech.inf.br\/index.php\/wp-json\/wp\/v2\/media?parent=443"}],"wp:term":[{"taxonomy":"product_cat","embeddable":true,"href":"https:\/\/eco-tech.inf.br\/index.php\/wp-json\/wp\/v2\/product_cat?post=443"},{"taxonomy":"product_tag","embeddable":true,"href":"https:\/\/eco-tech.inf.br\/index.php\/wp-json\/wp\/v2\/product_tag?post=443"}],"curies":[{"name":"wp","href":"https:\/\/api.w.org\/{rel}","templated":true}]}}