{"id":430,"date":"2022-05-04T15:27:58","date_gmt":"2022-05-04T19:27:58","guid":{"rendered":"https:\/\/eco-tech.inf.br\/?post_type=product&#038;p=430"},"modified":"2022-10-28T10:40:50","modified_gmt":"2022-10-28T14:40:50","slug":"leitor-de-codigo-de-barras-bematech-br-420","status":"publish","type":"product","link":"https:\/\/eco-tech.inf.br\/index.php\/product\/leitor-de-codigo-de-barras-bematech-br-420\/","title":{"rendered":"LEITOR DE C\u00d3DIGO DE BARRAS BEMATECH BR-420"},"content":{"rendered":"<p>COMUNICA\u00c7\u00c3O: USB<br \/>\nFONTE DE LUZ: LED vermelho de 632nm<br \/>\nSENSOR: Linear<br \/>\nVELOCIDADE: 100 leituras por segundo<br \/>\nDIST\u00c2NCIA DE LEITURA: at\u00e9 200mm<br \/>\nLUZ AMBIENTE: L\u00e2mpada fluorescente de 10.000 lux no m\u00e1ximo<br \/>\nTEMPERATURA DE OPERA\u00c7\u00c3O: 0\u00b0 a 50\u00b0C<br \/>\nTEMPERATURA DE ARMAZENAMENTO: -20\u00b0 a 70\u00b0C<br \/>\nUMIDADE RELATIVA: 20% a 95% (sem condensa\u00e7\u00e3o)<br \/>\nQUEDA: 1,5m em superf\u00edcie de concreto<br \/>\nDIMENS\u00d5ES: 65mm x 168mm x 55mm (Largura, Profundidade, Altura)<br \/>\nPESO: 150g<br \/>\nMATERIAL: ABS<\/p>\n","protected":false},"excerpt":{"rendered":"<p>COMUNICA\u00c7\u00c3O: USB FONTE DE LUZ: LED vermelho de 632nm SENSOR: Linear VELOCIDADE: 100 leituras por segundo DIST\u00c2NCIA DE LEITURA: at\u00e9 200mm LUZ AMBIENTE: L\u00e2mpada fluorescente de 10.000 lux no m\u00e1ximo TEMPERATURA DE OPERA\u00c7\u00c3O: 0\u00b0 a 50\u00b0C TEMPERATURA DE ARMAZENAMENTO: -20\u00b0 a 70\u00b0C UMIDADE RELATIVA: 20% a 95% (sem condensa\u00e7\u00e3o) QUEDA: 1,5m em superf\u00edcie de concreto [&hellip;]<\/p>\n","protected":false},"featured_media":431,"comment_status":"closed","ping_status":"closed","template":"","meta":[],"product_cat":[20],"product_tag":[117,86],"yoast_head":"<!-- This site is optimized with the Yoast SEO plugin v23.5 - https:\/\/yoast.com\/wordpress\/plugins\/seo\/ -->\n<title>LEITOR DE C\u00d3DIGO DE BARRAS BEMATECH BR-420 - Eco-Tech - Solu\u00e7\u00f5es em tecnologia<\/title>\n<meta name=\"robots\" content=\"index, follow, max-snippet:-1, max-image-preview:large, max-video-preview:-1\" \/>\n<link rel=\"canonical\" href=\"https:\/\/eco-tech.inf.br\/index.php\/product\/leitor-de-codigo-de-barras-bematech-br-420\/\" \/>\n<meta property=\"og:locale\" content=\"pt_BR\" \/>\n<meta property=\"og:type\" content=\"article\" \/>\n<meta property=\"og:title\" content=\"LEITOR DE C\u00d3DIGO DE BARRAS BEMATECH BR-420 - Eco-Tech - Solu\u00e7\u00f5es em tecnologia\" \/>\n<meta property=\"og:description\" content=\"COMUNICA\u00c7\u00c3O: USB FONTE DE LUZ: LED vermelho de 632nm SENSOR: Linear VELOCIDADE: 100 leituras por segundo DIST\u00c2NCIA DE LEITURA: at\u00e9 200mm LUZ AMBIENTE: L\u00e2mpada fluorescente de 10.000 lux no m\u00e1ximo TEMPERATURA DE OPERA\u00c7\u00c3O: 0\u00b0 a 50\u00b0C TEMPERATURA DE ARMAZENAMENTO: -20\u00b0 a 70\u00b0C UMIDADE RELATIVA: 20% a 95% (sem condensa\u00e7\u00e3o) QUEDA: 1,5m em superf\u00edcie de concreto [&hellip;]\" \/>\n<meta property=\"og:url\" content=\"https:\/\/eco-tech.inf.br\/index.php\/product\/leitor-de-codigo-de-barras-bematech-br-420\/\" \/>\n<meta property=\"og:site_name\" content=\"Eco-Tech - Solu\u00e7\u00f5es em tecnologia\" \/>\n<meta property=\"article:publisher\" content=\"https:\/\/www.facebook.com\/EcoTech-Tecnologia-107960038523316\" \/>\n<meta property=\"article:modified_time\" content=\"2022-10-28T14:40:50+00:00\" \/>\n<meta property=\"og:image\" content=\"https:\/\/i0.wp.com\/eco-tech.inf.br\/wp-content\/uploads\/2022\/05\/expo-10.png?fit=700%2C474&ssl=1\" \/>\n\t<meta property=\"og:image:width\" content=\"700\" \/>\n\t<meta property=\"og:image:height\" content=\"474\" \/>\n\t<meta property=\"og:image:type\" content=\"image\/png\" \/>\n<meta name=\"twitter:card\" content=\"summary_large_image\" \/>\n<meta name=\"twitter:label1\" content=\"Est. tempo de leitura\" \/>\n\t<meta name=\"twitter:data1\" content=\"1 minuto\" \/>\n<script type=\"application\/ld+json\" class=\"yoast-schema-graph\">{\"@context\":\"https:\/\/schema.org\",\"@graph\":[{\"@type\":\"WebPage\",\"@id\":\"https:\/\/eco-tech.inf.br\/index.php\/product\/leitor-de-codigo-de-barras-bematech-br-420\/\",\"url\":\"https:\/\/eco-tech.inf.br\/index.php\/product\/leitor-de-codigo-de-barras-bematech-br-420\/\",\"name\":\"LEITOR DE C\u00d3DIGO DE BARRAS BEMATECH BR-420 - Eco-Tech - Solu\u00e7\u00f5es em tecnologia\",\"isPartOf\":{\"@id\":\"https:\/\/eco-tech.inf.br\/#website\"},\"primaryImageOfPage\":{\"@id\":\"https:\/\/eco-tech.inf.br\/index.php\/product\/leitor-de-codigo-de-barras-bematech-br-420\/#primaryimage\"},\"image\":{\"@id\":\"https:\/\/eco-tech.inf.br\/index.php\/product\/leitor-de-codigo-de-barras-bematech-br-420\/#primaryimage\"},\"thumbnailUrl\":\"https:\/\/i0.wp.com\/eco-tech.inf.br\/wp-content\/uploads\/2022\/05\/expo-10.png?fit=700%2C474&ssl=1\",\"datePublished\":\"2022-05-04T19:27:58+00:00\",\"dateModified\":\"2022-10-28T14:40:50+00:00\",\"breadcrumb\":{\"@id\":\"https:\/\/eco-tech.inf.br\/index.php\/product\/leitor-de-codigo-de-barras-bematech-br-420\/#breadcrumb\"},\"inLanguage\":\"pt-BR\",\"potentialAction\":[{\"@type\":\"ReadAction\",\"target\":[\"https:\/\/eco-tech.inf.br\/index.php\/product\/leitor-de-codigo-de-barras-bematech-br-420\/\"]}]},{\"@type\":\"ImageObject\",\"inLanguage\":\"pt-BR\",\"@id\":\"https:\/\/eco-tech.inf.br\/index.php\/product\/leitor-de-codigo-de-barras-bematech-br-420\/#primaryimage\",\"url\":\"https:\/\/i0.wp.com\/eco-tech.inf.br\/wp-content\/uploads\/2022\/05\/expo-10.png?fit=700%2C474&ssl=1\",\"contentUrl\":\"https:\/\/i0.wp.com\/eco-tech.inf.br\/wp-content\/uploads\/2022\/05\/expo-10.png?fit=700%2C474&ssl=1\",\"width\":700,\"height\":474},{\"@type\":\"BreadcrumbList\",\"@id\":\"https:\/\/eco-tech.inf.br\/index.php\/product\/leitor-de-codigo-de-barras-bematech-br-420\/#breadcrumb\",\"itemListElement\":[{\"@type\":\"ListItem\",\"position\":1,\"name\":\"In\u00edcio\",\"item\":\"https:\/\/eco-tech.inf.br\/\"},{\"@type\":\"ListItem\",\"position\":2,\"name\":\"Produtos\",\"item\":\"https:\/\/eco-tech.inf.br\/index.php\/shop\/\"},{\"@type\":\"ListItem\",\"position\":3,\"name\":\"LEITOR DE C\u00d3DIGO DE BARRAS BEMATECH BR-420\"}]},{\"@type\":\"WebSite\",\"@id\":\"https:\/\/eco-tech.inf.br\/#website\",\"url\":\"https:\/\/eco-tech.inf.br\/\",\"name\":\"Eco-Tech - Solu\u00e7\u00f5es em tecnologia\",\"description\":\"Possu\u00edmos mais de 15 (anos) anos de experi\u00eancia levando para o norte do Brasil tecnologia de ponta trazida por grandes organiza\u00e7\u00f5es dos mais variados seguimentos.\",\"publisher\":{\"@id\":\"https:\/\/eco-tech.inf.br\/#organization\"},\"potentialAction\":[{\"@type\":\"SearchAction\",\"target\":{\"@type\":\"EntryPoint\",\"urlTemplate\":\"https:\/\/eco-tech.inf.br\/?s={search_term_string}\"},\"query-input\":{\"@type\":\"PropertyValueSpecification\",\"valueRequired\":true,\"valueName\":\"search_term_string\"}}],\"inLanguage\":\"pt-BR\"},{\"@type\":\"Organization\",\"@id\":\"https:\/\/eco-tech.inf.br\/#organization\",\"name\":\"ELO SOLU\u00c7\u00d5ES TECNOL\u00d3GICA LTDA\",\"url\":\"https:\/\/eco-tech.inf.br\/\",\"logo\":{\"@type\":\"ImageObject\",\"inLanguage\":\"pt-BR\",\"@id\":\"https:\/\/eco-tech.inf.br\/#\/schema\/logo\/image\/\",\"url\":\"https:\/\/i0.wp.com\/eco-tech.inf.br\/wp-content\/uploads\/2022\/03\/cropped-novologo-1.jpg?fit=512%2C512&ssl=1\",\"contentUrl\":\"https:\/\/i0.wp.com\/eco-tech.inf.br\/wp-content\/uploads\/2022\/03\/cropped-novologo-1.jpg?fit=512%2C512&ssl=1\",\"width\":512,\"height\":512,\"caption\":\"ELO SOLU\u00c7\u00d5ES TECNOL\u00d3GICA LTDA\"},\"image\":{\"@id\":\"https:\/\/eco-tech.inf.br\/#\/schema\/logo\/image\/\"},\"sameAs\":[\"https:\/\/www.facebook.com\/EcoTech-Tecnologia-107960038523316\",\"https:\/\/www.instagram.com\/p\/CbRSB23MmFd\/?utm_medium=copy_link\"]}]}<\/script>\n<!-- \/ Yoast SEO plugin. -->","yoast_head_json":{"title":"LEITOR DE C\u00d3DIGO DE BARRAS BEMATECH BR-420 - Eco-Tech - Solu\u00e7\u00f5es em tecnologia","robots":{"index":"index","follow":"follow","max-snippet":"max-snippet:-1","max-image-preview":"max-image-preview:large","max-video-preview":"max-video-preview:-1"},"canonical":"https:\/\/eco-tech.inf.br\/index.php\/product\/leitor-de-codigo-de-barras-bematech-br-420\/","og_locale":"pt_BR","og_type":"article","og_title":"LEITOR DE C\u00d3DIGO DE BARRAS BEMATECH BR-420 - Eco-Tech - Solu\u00e7\u00f5es em tecnologia","og_description":"COMUNICA\u00c7\u00c3O: USB FONTE DE LUZ: LED vermelho de 632nm SENSOR: Linear VELOCIDADE: 100 leituras por segundo DIST\u00c2NCIA DE LEITURA: at\u00e9 200mm LUZ AMBIENTE: L\u00e2mpada fluorescente de 10.000 lux no m\u00e1ximo TEMPERATURA DE OPERA\u00c7\u00c3O: 0\u00b0 a 50\u00b0C TEMPERATURA DE ARMAZENAMENTO: -20\u00b0 a 70\u00b0C UMIDADE RELATIVA: 20% a 95% (sem condensa\u00e7\u00e3o) QUEDA: 1,5m em superf\u00edcie de concreto [&hellip;]","og_url":"https:\/\/eco-tech.inf.br\/index.php\/product\/leitor-de-codigo-de-barras-bematech-br-420\/","og_site_name":"Eco-Tech - Solu\u00e7\u00f5es em tecnologia","article_publisher":"https:\/\/www.facebook.com\/EcoTech-Tecnologia-107960038523316","article_modified_time":"2022-10-28T14:40:50+00:00","og_image":[{"width":700,"height":474,"url":"https:\/\/i0.wp.com\/eco-tech.inf.br\/wp-content\/uploads\/2022\/05\/expo-10.png?fit=700%2C474&ssl=1","type":"image\/png"}],"twitter_card":"summary_large_image","twitter_misc":{"Est. tempo de leitura":"1 minuto"},"schema":{"@context":"https:\/\/schema.org","@graph":[{"@type":"WebPage","@id":"https:\/\/eco-tech.inf.br\/index.php\/product\/leitor-de-codigo-de-barras-bematech-br-420\/","url":"https:\/\/eco-tech.inf.br\/index.php\/product\/leitor-de-codigo-de-barras-bematech-br-420\/","name":"LEITOR DE C\u00d3DIGO DE BARRAS BEMATECH BR-420 - Eco-Tech - Solu\u00e7\u00f5es em tecnologia","isPartOf":{"@id":"https:\/\/eco-tech.inf.br\/#website"},"primaryImageOfPage":{"@id":"https:\/\/eco-tech.inf.br\/index.php\/product\/leitor-de-codigo-de-barras-bematech-br-420\/#primaryimage"},"image":{"@id":"https:\/\/eco-tech.inf.br\/index.php\/product\/leitor-de-codigo-de-barras-bematech-br-420\/#primaryimage"},"thumbnailUrl":"https:\/\/i0.wp.com\/eco-tech.inf.br\/wp-content\/uploads\/2022\/05\/expo-10.png?fit=700%2C474&ssl=1","datePublished":"2022-05-04T19:27:58+00:00","dateModified":"2022-10-28T14:40:50+00:00","breadcrumb":{"@id":"https:\/\/eco-tech.inf.br\/index.php\/product\/leitor-de-codigo-de-barras-bematech-br-420\/#breadcrumb"},"inLanguage":"pt-BR","potentialAction":[{"@type":"ReadAction","target":["https:\/\/eco-tech.inf.br\/index.php\/product\/leitor-de-codigo-de-barras-bematech-br-420\/"]}]},{"@type":"ImageObject","inLanguage":"pt-BR","@id":"https:\/\/eco-tech.inf.br\/index.php\/product\/leitor-de-codigo-de-barras-bematech-br-420\/#primaryimage","url":"https:\/\/i0.wp.com\/eco-tech.inf.br\/wp-content\/uploads\/2022\/05\/expo-10.png?fit=700%2C474&ssl=1","contentUrl":"https:\/\/i0.wp.com\/eco-tech.inf.br\/wp-content\/uploads\/2022\/05\/expo-10.png?fit=700%2C474&ssl=1","width":700,"height":474},{"@type":"BreadcrumbList","@id":"https:\/\/eco-tech.inf.br\/index.php\/product\/leitor-de-codigo-de-barras-bematech-br-420\/#breadcrumb","itemListElement":[{"@type":"ListItem","position":1,"name":"In\u00edcio","item":"https:\/\/eco-tech.inf.br\/"},{"@type":"ListItem","position":2,"name":"Produtos","item":"https:\/\/eco-tech.inf.br\/index.php\/shop\/"},{"@type":"ListItem","position":3,"name":"LEITOR DE C\u00d3DIGO DE BARRAS BEMATECH BR-420"}]},{"@type":"WebSite","@id":"https:\/\/eco-tech.inf.br\/#website","url":"https:\/\/eco-tech.inf.br\/","name":"Eco-Tech - Solu\u00e7\u00f5es em tecnologia","description":"Possu\u00edmos mais de 15 (anos) anos de experi\u00eancia levando para o norte do Brasil tecnologia de ponta trazida por grandes organiza\u00e7\u00f5es dos mais variados seguimentos.","publisher":{"@id":"https:\/\/eco-tech.inf.br\/#organization"},"potentialAction":[{"@type":"SearchAction","target":{"@type":"EntryPoint","urlTemplate":"https:\/\/eco-tech.inf.br\/?s={search_term_string}"},"query-input":{"@type":"PropertyValueSpecification","valueRequired":true,"valueName":"search_term_string"}}],"inLanguage":"pt-BR"},{"@type":"Organization","@id":"https:\/\/eco-tech.inf.br\/#organization","name":"ELO SOLU\u00c7\u00d5ES TECNOL\u00d3GICA LTDA","url":"https:\/\/eco-tech.inf.br\/","logo":{"@type":"ImageObject","inLanguage":"pt-BR","@id":"https:\/\/eco-tech.inf.br\/#\/schema\/logo\/image\/","url":"https:\/\/i0.wp.com\/eco-tech.inf.br\/wp-content\/uploads\/2022\/03\/cropped-novologo-1.jpg?fit=512%2C512&ssl=1","contentUrl":"https:\/\/i0.wp.com\/eco-tech.inf.br\/wp-content\/uploads\/2022\/03\/cropped-novologo-1.jpg?fit=512%2C512&ssl=1","width":512,"height":512,"caption":"ELO SOLU\u00c7\u00d5ES TECNOL\u00d3GICA LTDA"},"image":{"@id":"https:\/\/eco-tech.inf.br\/#\/schema\/logo\/image\/"},"sameAs":["https:\/\/www.facebook.com\/EcoTech-Tecnologia-107960038523316","https:\/\/www.instagram.com\/p\/CbRSB23MmFd\/?utm_medium=copy_link"]}]}},"jetpack_sharing_enabled":true,"_links":{"self":[{"href":"https:\/\/eco-tech.inf.br\/index.php\/wp-json\/wp\/v2\/product\/430"}],"collection":[{"href":"https:\/\/eco-tech.inf.br\/index.php\/wp-json\/wp\/v2\/product"}],"about":[{"href":"https:\/\/eco-tech.inf.br\/index.php\/wp-json\/wp\/v2\/types\/product"}],"replies":[{"embeddable":true,"href":"https:\/\/eco-tech.inf.br\/index.php\/wp-json\/wp\/v2\/comments?post=430"}],"wp:featuredmedia":[{"embeddable":true,"href":"https:\/\/eco-tech.inf.br\/index.php\/wp-json\/wp\/v2\/media\/431"}],"wp:attachment":[{"href":"https:\/\/eco-tech.inf.br\/index.php\/wp-json\/wp\/v2\/media?parent=430"}],"wp:term":[{"taxonomy":"product_cat","embeddable":true,"href":"https:\/\/eco-tech.inf.br\/index.php\/wp-json\/wp\/v2\/product_cat?post=430"},{"taxonomy":"product_tag","embeddable":true,"href":"https:\/\/eco-tech.inf.br\/index.php\/wp-json\/wp\/v2\/product_tag?post=430"}],"curies":[{"name":"wp","href":"https:\/\/api.w.org\/{rel}","templated":true}]}}