{"id":410,"date":"2022-05-03T17:13:45","date_gmt":"2022-05-03T21:13:45","guid":{"rendered":"https:\/\/eco-tech.inf.br\/?post_type=product&#038;p=410"},"modified":"2022-05-28T11:12:14","modified_gmt":"2022-05-28T15:12:14","slug":"camera-dome-intelbras","status":"publish","type":"product","link":"https:\/\/eco-tech.inf.br\/index.php\/product\/camera-dome-intelbras\/","title":{"rendered":"C\u00e2mera Dome Intelbras"},"content":{"rendered":"","protected":false},"excerpt":{"rendered":"<p>Multirrecursos com o Menu OSD<br \/>\nCom o pr\u00f3prio DVR via cabo coaxial, \u00e9<br \/>\nposs\u00edvel realizar configura\u00e7\u00f5es e<br \/>\najustes finos nas imagens em qualquer<br \/>\ncen\u00e1rio de instala\u00e7\u00e3o.<\/p>\n<p>Imagem ilustrativa<br \/>\nImagem perfeita em resolu\u00e7\u00e3o Full HD<br \/>\nApresenta imagens em defini\u00e7\u00e3o Full<br \/>\nHD (1080p) e instala\u00e7\u00e3o simplificada<br \/>\nparaaproveitar as estruturas de<br \/>\n sistemas anal\u00f3gicos existentes.<\/p>\n<p>Amplo \u00e2ngulo de vis\u00e3o<br \/>\nCom \u00e2ngulo de abertura de 109\u00b0, \u00e9<br \/>\ncapaz de se adaptar a diversos<br \/>\nambientes. Garantindo maior<br \/>\nabertura na imagem para<br \/>\nmonitorar locais amplos.<\/p>\n<p>Enxergue no escuro total: alcance IR<br \/>\nCom o infravermelho, a c\u00e2mera alcan\u00e7a<br \/>\n dist\u00e2ncias de at\u00e9 20 metros no escuro,<br \/>\npodendo ser utilizada em ambientes com<br \/>\n pouca ou nenhuma luminosidade.<\/p>\n<p>Mais prote\u00e7\u00e3o, mais durabilidade<br \/>\nA c\u00e2mera possui circuito adicional<br \/>\nde prote\u00e7\u00e3o contra surto de tens\u00e3o<br \/>\ne case pl\u00e1stico com prote\u00e7\u00e3o anti-UV.<\/p>\n","protected":false},"featured_media":411,"comment_status":"closed","ping_status":"closed","template":"","meta":[],"product_cat":[109],"product_tag":[114,112],"yoast_head":"<!-- This site is optimized with the Yoast SEO plugin v23.5 - https:\/\/yoast.com\/wordpress\/plugins\/seo\/ -->\n<title>C\u00e2mera Dome Intelbras - Eco-Tech - Solu\u00e7\u00f5es em tecnologia<\/title>\n<meta name=\"robots\" content=\"index, follow, max-snippet:-1, max-image-preview:large, max-video-preview:-1\" \/>\n<link rel=\"canonical\" href=\"https:\/\/eco-tech.inf.br\/index.php\/product\/camera-dome-intelbras\/\" \/>\n<meta property=\"og:locale\" content=\"pt_BR\" \/>\n<meta property=\"og:type\" content=\"article\" \/>\n<meta property=\"og:title\" content=\"C\u00e2mera Dome Intelbras - Eco-Tech - Solu\u00e7\u00f5es em tecnologia\" \/>\n<meta property=\"og:description\" content=\"Multirrecursos com o Menu OSD Com o pr\u00f3prio DVR via cabo coaxial, \u00e9 poss\u00edvel realizar configura\u00e7\u00f5es e ajustes finos nas imagens em qualquer  cen\u00e1rio de instala\u00e7\u00e3o.  Imagem ilustrativa Imagem perfeita em resolu\u00e7\u00e3o Full HD Apresenta imagens em defini\u00e7\u00e3o Full  HD (1080p) e instala\u00e7\u00e3o simplificada  paraaproveitar as estruturas de  sistemas anal\u00f3gicos existentes.  Amplo \u00e2ngulo de vis\u00e3o Com \u00e2ngulo de abertura de 109\u00b0, \u00e9 capaz de se adaptar a diversos ambientes. Garantindo maior abertura na imagem para  monitorar locais amplos.  Enxergue no escuro total: alcance IR Com o infravermelho, a c\u00e2mera alcan\u00e7a  dist\u00e2ncias de at\u00e9 20 metros no escuro,  podendo ser utilizada em ambientes com  pouca ou nenhuma luminosidade.  Mais prote\u00e7\u00e3o, mais durabilidade A c\u00e2mera possui circuito adicional  de prote\u00e7\u00e3o contra surto de tens\u00e3o e case pl\u00e1stico com prote\u00e7\u00e3o anti-UV.\" \/>\n<meta property=\"og:url\" content=\"https:\/\/eco-tech.inf.br\/index.php\/product\/camera-dome-intelbras\/\" \/>\n<meta property=\"og:site_name\" content=\"Eco-Tech - Solu\u00e7\u00f5es em tecnologia\" \/>\n<meta property=\"article:publisher\" content=\"https:\/\/www.facebook.com\/EcoTech-Tecnologia-107960038523316\" \/>\n<meta property=\"article:modified_time\" content=\"2022-05-28T15:12:14+00:00\" \/>\n<meta property=\"og:image\" content=\"https:\/\/i0.wp.com\/eco-tech.inf.br\/wp-content\/uploads\/2022\/05\/1.1.png?fit=605%2C618&ssl=1\" \/>\n\t<meta property=\"og:image:width\" content=\"605\" \/>\n\t<meta property=\"og:image:height\" content=\"618\" \/>\n\t<meta property=\"og:image:type\" content=\"image\/png\" \/>\n<meta name=\"twitter:card\" content=\"summary_large_image\" \/>\n<script type=\"application\/ld+json\" class=\"yoast-schema-graph\">{\"@context\":\"https:\/\/schema.org\",\"@graph\":[{\"@type\":\"WebPage\",\"@id\":\"https:\/\/eco-tech.inf.br\/index.php\/product\/camera-dome-intelbras\/\",\"url\":\"https:\/\/eco-tech.inf.br\/index.php\/product\/camera-dome-intelbras\/\",\"name\":\"C\u00e2mera Dome Intelbras - Eco-Tech - Solu\u00e7\u00f5es em tecnologia\",\"isPartOf\":{\"@id\":\"https:\/\/eco-tech.inf.br\/#website\"},\"primaryImageOfPage\":{\"@id\":\"https:\/\/eco-tech.inf.br\/index.php\/product\/camera-dome-intelbras\/#primaryimage\"},\"image\":{\"@id\":\"https:\/\/eco-tech.inf.br\/index.php\/product\/camera-dome-intelbras\/#primaryimage\"},\"thumbnailUrl\":\"https:\/\/i0.wp.com\/eco-tech.inf.br\/wp-content\/uploads\/2022\/05\/1.1.png?fit=605%2C618&ssl=1\",\"datePublished\":\"2022-05-03T21:13:45+00:00\",\"dateModified\":\"2022-05-28T15:12:14+00:00\",\"breadcrumb\":{\"@id\":\"https:\/\/eco-tech.inf.br\/index.php\/product\/camera-dome-intelbras\/#breadcrumb\"},\"inLanguage\":\"pt-BR\",\"potentialAction\":[{\"@type\":\"ReadAction\",\"target\":[\"https:\/\/eco-tech.inf.br\/index.php\/product\/camera-dome-intelbras\/\"]}]},{\"@type\":\"ImageObject\",\"inLanguage\":\"pt-BR\",\"@id\":\"https:\/\/eco-tech.inf.br\/index.php\/product\/camera-dome-intelbras\/#primaryimage\",\"url\":\"https:\/\/i0.wp.com\/eco-tech.inf.br\/wp-content\/uploads\/2022\/05\/1.1.png?fit=605%2C618&ssl=1\",\"contentUrl\":\"https:\/\/i0.wp.com\/eco-tech.inf.br\/wp-content\/uploads\/2022\/05\/1.1.png?fit=605%2C618&ssl=1\",\"width\":605,\"height\":618},{\"@type\":\"BreadcrumbList\",\"@id\":\"https:\/\/eco-tech.inf.br\/index.php\/product\/camera-dome-intelbras\/#breadcrumb\",\"itemListElement\":[{\"@type\":\"ListItem\",\"position\":1,\"name\":\"In\u00edcio\",\"item\":\"https:\/\/eco-tech.inf.br\/\"},{\"@type\":\"ListItem\",\"position\":2,\"name\":\"Produtos\",\"item\":\"https:\/\/eco-tech.inf.br\/index.php\/shop\/\"},{\"@type\":\"ListItem\",\"position\":3,\"name\":\"C\u00e2mera Dome Intelbras\"}]},{\"@type\":\"WebSite\",\"@id\":\"https:\/\/eco-tech.inf.br\/#website\",\"url\":\"https:\/\/eco-tech.inf.br\/\",\"name\":\"Eco-Tech - Solu\u00e7\u00f5es em tecnologia\",\"description\":\"Possu\u00edmos mais de 15 (anos) anos de experi\u00eancia levando para o norte do Brasil tecnologia de ponta trazida por grandes organiza\u00e7\u00f5es dos mais variados seguimentos.\",\"publisher\":{\"@id\":\"https:\/\/eco-tech.inf.br\/#organization\"},\"potentialAction\":[{\"@type\":\"SearchAction\",\"target\":{\"@type\":\"EntryPoint\",\"urlTemplate\":\"https:\/\/eco-tech.inf.br\/?s={search_term_string}\"},\"query-input\":{\"@type\":\"PropertyValueSpecification\",\"valueRequired\":true,\"valueName\":\"search_term_string\"}}],\"inLanguage\":\"pt-BR\"},{\"@type\":\"Organization\",\"@id\":\"https:\/\/eco-tech.inf.br\/#organization\",\"name\":\"ELO SOLU\u00c7\u00d5ES TECNOL\u00d3GICA LTDA\",\"url\":\"https:\/\/eco-tech.inf.br\/\",\"logo\":{\"@type\":\"ImageObject\",\"inLanguage\":\"pt-BR\",\"@id\":\"https:\/\/eco-tech.inf.br\/#\/schema\/logo\/image\/\",\"url\":\"https:\/\/i0.wp.com\/eco-tech.inf.br\/wp-content\/uploads\/2022\/03\/cropped-novologo-1.jpg?fit=512%2C512&ssl=1\",\"contentUrl\":\"https:\/\/i0.wp.com\/eco-tech.inf.br\/wp-content\/uploads\/2022\/03\/cropped-novologo-1.jpg?fit=512%2C512&ssl=1\",\"width\":512,\"height\":512,\"caption\":\"ELO SOLU\u00c7\u00d5ES TECNOL\u00d3GICA LTDA\"},\"image\":{\"@id\":\"https:\/\/eco-tech.inf.br\/#\/schema\/logo\/image\/\"},\"sameAs\":[\"https:\/\/www.facebook.com\/EcoTech-Tecnologia-107960038523316\",\"https:\/\/www.instagram.com\/p\/CbRSB23MmFd\/?utm_medium=copy_link\"]}]}<\/script>\n<!-- \/ Yoast SEO plugin. -->","yoast_head_json":{"title":"C\u00e2mera Dome Intelbras - Eco-Tech - Solu\u00e7\u00f5es em tecnologia","robots":{"index":"index","follow":"follow","max-snippet":"max-snippet:-1","max-image-preview":"max-image-preview:large","max-video-preview":"max-video-preview:-1"},"canonical":"https:\/\/eco-tech.inf.br\/index.php\/product\/camera-dome-intelbras\/","og_locale":"pt_BR","og_type":"article","og_title":"C\u00e2mera Dome Intelbras - Eco-Tech - Solu\u00e7\u00f5es em tecnologia","og_description":"Multirrecursos com o Menu OSD Com o pr\u00f3prio DVR via cabo coaxial, \u00e9 poss\u00edvel realizar configura\u00e7\u00f5es e ajustes finos nas imagens em qualquer  cen\u00e1rio de instala\u00e7\u00e3o.  Imagem ilustrativa Imagem perfeita em resolu\u00e7\u00e3o Full HD Apresenta imagens em defini\u00e7\u00e3o Full  HD (1080p) e instala\u00e7\u00e3o simplificada  paraaproveitar as estruturas de  sistemas anal\u00f3gicos existentes.  Amplo \u00e2ngulo de vis\u00e3o Com \u00e2ngulo de abertura de 109\u00b0, \u00e9 capaz de se adaptar a diversos ambientes. Garantindo maior abertura na imagem para  monitorar locais amplos.  Enxergue no escuro total: alcance IR Com o infravermelho, a c\u00e2mera alcan\u00e7a  dist\u00e2ncias de at\u00e9 20 metros no escuro,  podendo ser utilizada em ambientes com  pouca ou nenhuma luminosidade.  Mais prote\u00e7\u00e3o, mais durabilidade A c\u00e2mera possui circuito adicional  de prote\u00e7\u00e3o contra surto de tens\u00e3o e case pl\u00e1stico com prote\u00e7\u00e3o anti-UV.","og_url":"https:\/\/eco-tech.inf.br\/index.php\/product\/camera-dome-intelbras\/","og_site_name":"Eco-Tech - Solu\u00e7\u00f5es em tecnologia","article_publisher":"https:\/\/www.facebook.com\/EcoTech-Tecnologia-107960038523316","article_modified_time":"2022-05-28T15:12:14+00:00","og_image":[{"width":605,"height":618,"url":"https:\/\/i0.wp.com\/eco-tech.inf.br\/wp-content\/uploads\/2022\/05\/1.1.png?fit=605%2C618&ssl=1","type":"image\/png"}],"twitter_card":"summary_large_image","schema":{"@context":"https:\/\/schema.org","@graph":[{"@type":"WebPage","@id":"https:\/\/eco-tech.inf.br\/index.php\/product\/camera-dome-intelbras\/","url":"https:\/\/eco-tech.inf.br\/index.php\/product\/camera-dome-intelbras\/","name":"C\u00e2mera Dome Intelbras - Eco-Tech - Solu\u00e7\u00f5es em tecnologia","isPartOf":{"@id":"https:\/\/eco-tech.inf.br\/#website"},"primaryImageOfPage":{"@id":"https:\/\/eco-tech.inf.br\/index.php\/product\/camera-dome-intelbras\/#primaryimage"},"image":{"@id":"https:\/\/eco-tech.inf.br\/index.php\/product\/camera-dome-intelbras\/#primaryimage"},"thumbnailUrl":"https:\/\/i0.wp.com\/eco-tech.inf.br\/wp-content\/uploads\/2022\/05\/1.1.png?fit=605%2C618&ssl=1","datePublished":"2022-05-03T21:13:45+00:00","dateModified":"2022-05-28T15:12:14+00:00","breadcrumb":{"@id":"https:\/\/eco-tech.inf.br\/index.php\/product\/camera-dome-intelbras\/#breadcrumb"},"inLanguage":"pt-BR","potentialAction":[{"@type":"ReadAction","target":["https:\/\/eco-tech.inf.br\/index.php\/product\/camera-dome-intelbras\/"]}]},{"@type":"ImageObject","inLanguage":"pt-BR","@id":"https:\/\/eco-tech.inf.br\/index.php\/product\/camera-dome-intelbras\/#primaryimage","url":"https:\/\/i0.wp.com\/eco-tech.inf.br\/wp-content\/uploads\/2022\/05\/1.1.png?fit=605%2C618&ssl=1","contentUrl":"https:\/\/i0.wp.com\/eco-tech.inf.br\/wp-content\/uploads\/2022\/05\/1.1.png?fit=605%2C618&ssl=1","width":605,"height":618},{"@type":"BreadcrumbList","@id":"https:\/\/eco-tech.inf.br\/index.php\/product\/camera-dome-intelbras\/#breadcrumb","itemListElement":[{"@type":"ListItem","position":1,"name":"In\u00edcio","item":"https:\/\/eco-tech.inf.br\/"},{"@type":"ListItem","position":2,"name":"Produtos","item":"https:\/\/eco-tech.inf.br\/index.php\/shop\/"},{"@type":"ListItem","position":3,"name":"C\u00e2mera Dome Intelbras"}]},{"@type":"WebSite","@id":"https:\/\/eco-tech.inf.br\/#website","url":"https:\/\/eco-tech.inf.br\/","name":"Eco-Tech - Solu\u00e7\u00f5es em tecnologia","description":"Possu\u00edmos mais de 15 (anos) anos de experi\u00eancia levando para o norte do Brasil tecnologia de ponta trazida por grandes organiza\u00e7\u00f5es dos mais variados seguimentos.","publisher":{"@id":"https:\/\/eco-tech.inf.br\/#organization"},"potentialAction":[{"@type":"SearchAction","target":{"@type":"EntryPoint","urlTemplate":"https:\/\/eco-tech.inf.br\/?s={search_term_string}"},"query-input":{"@type":"PropertyValueSpecification","valueRequired":true,"valueName":"search_term_string"}}],"inLanguage":"pt-BR"},{"@type":"Organization","@id":"https:\/\/eco-tech.inf.br\/#organization","name":"ELO SOLU\u00c7\u00d5ES TECNOL\u00d3GICA LTDA","url":"https:\/\/eco-tech.inf.br\/","logo":{"@type":"ImageObject","inLanguage":"pt-BR","@id":"https:\/\/eco-tech.inf.br\/#\/schema\/logo\/image\/","url":"https:\/\/i0.wp.com\/eco-tech.inf.br\/wp-content\/uploads\/2022\/03\/cropped-novologo-1.jpg?fit=512%2C512&ssl=1","contentUrl":"https:\/\/i0.wp.com\/eco-tech.inf.br\/wp-content\/uploads\/2022\/03\/cropped-novologo-1.jpg?fit=512%2C512&ssl=1","width":512,"height":512,"caption":"ELO SOLU\u00c7\u00d5ES TECNOL\u00d3GICA LTDA"},"image":{"@id":"https:\/\/eco-tech.inf.br\/#\/schema\/logo\/image\/"},"sameAs":["https:\/\/www.facebook.com\/EcoTech-Tecnologia-107960038523316","https:\/\/www.instagram.com\/p\/CbRSB23MmFd\/?utm_medium=copy_link"]}]}},"jetpack_sharing_enabled":true,"_links":{"self":[{"href":"https:\/\/eco-tech.inf.br\/index.php\/wp-json\/wp\/v2\/product\/410"}],"collection":[{"href":"https:\/\/eco-tech.inf.br\/index.php\/wp-json\/wp\/v2\/product"}],"about":[{"href":"https:\/\/eco-tech.inf.br\/index.php\/wp-json\/wp\/v2\/types\/product"}],"replies":[{"embeddable":true,"href":"https:\/\/eco-tech.inf.br\/index.php\/wp-json\/wp\/v2\/comments?post=410"}],"wp:featuredmedia":[{"embeddable":true,"href":"https:\/\/eco-tech.inf.br\/index.php\/wp-json\/wp\/v2\/media\/411"}],"wp:attachment":[{"href":"https:\/\/eco-tech.inf.br\/index.php\/wp-json\/wp\/v2\/media?parent=410"}],"wp:term":[{"taxonomy":"product_cat","embeddable":true,"href":"https:\/\/eco-tech.inf.br\/index.php\/wp-json\/wp\/v2\/product_cat?post=410"},{"taxonomy":"product_tag","embeddable":true,"href":"https:\/\/eco-tech.inf.br\/index.php\/wp-json\/wp\/v2\/product_tag?post=410"}],"curies":[{"name":"wp","href":"https:\/\/api.w.org\/{rel}","templated":true}]}}