{"id":401,"date":"2022-05-03T16:39:57","date_gmt":"2022-05-03T20:39:57","guid":{"rendered":"https:\/\/eco-tech.inf.br\/?post_type=product&#038;p=401"},"modified":"2022-05-28T11:18:25","modified_gmt":"2022-05-28T15:18:25","slug":"controle-remoto-jfl","status":"publish","type":"product","link":"https:\/\/eco-tech.inf.br\/index.php\/product\/controle-remoto-jfl\/","title":{"rendered":"Controle Remoto JFL"},"content":{"rendered":"","protected":false},"excerpt":{"rendered":"<p>Descri\u00e7\u00e3o<br \/>\nOl\u00e1 Seja Bem Vindo A Jc Eletro,<br \/>\n Produtos Eletr\u00f4nicos De A A Z.<\/p>\n<p>Controle remoto com tecnologia<br \/>\nRolling Code, frequ\u00eancia fixa de<br \/>\n433,92MHz e alcance de at\u00e9 100m<br \/>\nsem obst\u00e1culos.Jfl Alarmes Marca<br \/>\n100% Brasileira.<\/p>\n<p>Caracter\u00edsticas:<br \/>\nFrequ\u00eancia fixa de 433,92MHz.<br \/>\nAlcance de 100m sem obst\u00e1culos.<br \/>\nBateria CR2032.<br \/>\n3 bot\u00f5es independentes.<\/p>\n<p>Especifica\u00e7\u00f5es t\u00e9cnicas:<br \/>\nModelo de dispositivo: Controle<br \/>\nremoto Frequ\u00eancia de Opera\u00e7\u00e3o 433,92MHz<br \/>\nAlcance: 100 metros (sem obst\u00e1culos)<br \/>\nTeclas: 3<br \/>\nCompat\u00edvel: Receptores com tecnologia<br \/>\nRolling Code<br \/>\nCondi\u00e7\u00f5es de opera\u00e7\u00e3o: 0\u00b0C ~ +50\u00b0C<br \/>\n(32\u00b0F ~ 122\u00b0F)<br \/>\nTens\u00e3o de opera\u00e7\u00e3o: 3Vcc (bateria<br \/>\nde lithium CR2032).<br \/>\nConsumo: Max.: 33mW<\/p>\n<p>Item incluso:<br \/>\n01-Controle remoto com tecnologia<br \/>\nRolling Code, frequ\u00eancia fixa de<br \/>\n433,92MHz e alcance de at\u00e9 100m<br \/>\nsem obst\u00e1culos.<\/p>\n","protected":false},"featured_media":402,"comment_status":"closed","ping_status":"closed","template":"","meta":[],"product_cat":[109],"product_tag":[112],"yoast_head":"<!-- This site is optimized with the Yoast SEO plugin v23.5 - https:\/\/yoast.com\/wordpress\/plugins\/seo\/ -->\n<title>Controle Remoto JFL - Eco-Tech - Solu\u00e7\u00f5es em tecnologia<\/title>\n<meta name=\"robots\" content=\"index, follow, max-snippet:-1, max-image-preview:large, max-video-preview:-1\" \/>\n<link rel=\"canonical\" href=\"https:\/\/eco-tech.inf.br\/index.php\/product\/controle-remoto-jfl\/\" \/>\n<meta property=\"og:locale\" content=\"pt_BR\" \/>\n<meta property=\"og:type\" content=\"article\" \/>\n<meta property=\"og:title\" content=\"Controle Remoto JFL - Eco-Tech - Solu\u00e7\u00f5es em tecnologia\" \/>\n<meta property=\"og:description\" content=\"Descri\u00e7\u00e3o Ol\u00e1 Seja Bem Vindo A Jc Eletro,  Produtos Eletr\u00f4nicos De A A Z.  Controle remoto com tecnologia  Rolling Code, frequ\u00eancia fixa de  433,92MHz e alcance de at\u00e9 100m  sem obst\u00e1culos.Jfl Alarmes Marca 100% Brasileira.  Caracter\u00edsticas: Frequ\u00eancia fixa de 433,92MHz. Alcance de 100m sem obst\u00e1culos. Bateria CR2032. 3 bot\u00f5es independentes.  Especifica\u00e7\u00f5es t\u00e9cnicas: Modelo de dispositivo: Controle remoto Frequ\u00eancia de Opera\u00e7\u00e3o 433,92MHz Alcance: 100 metros (sem obst\u00e1culos) Teclas: 3 Compat\u00edvel: Receptores com tecnologia Rolling Code Condi\u00e7\u00f5es de opera\u00e7\u00e3o: 0\u00b0C ~ +50\u00b0C (32\u00b0F ~ 122\u00b0F) Tens\u00e3o de opera\u00e7\u00e3o: 3Vcc (bateria  de lithium CR2032). Consumo: Max.: 33mW  Item incluso: 01-Controle remoto com tecnologia  Rolling Code, frequ\u00eancia fixa de 433,92MHz e alcance de at\u00e9 100m  sem obst\u00e1culos.\" \/>\n<meta property=\"og:url\" content=\"https:\/\/eco-tech.inf.br\/index.php\/product\/controle-remoto-jfl\/\" \/>\n<meta property=\"og:site_name\" content=\"Eco-Tech - Solu\u00e7\u00f5es em tecnologia\" \/>\n<meta property=\"article:publisher\" content=\"https:\/\/www.facebook.com\/EcoTech-Tecnologia-107960038523316\" \/>\n<meta property=\"article:modified_time\" content=\"2022-05-28T15:18:25+00:00\" \/>\n<meta property=\"og:image\" content=\"https:\/\/i0.wp.com\/eco-tech.inf.br\/wp-content\/uploads\/2022\/05\/expo-5.png?fit=543%2C460&ssl=1\" \/>\n\t<meta property=\"og:image:width\" content=\"543\" \/>\n\t<meta property=\"og:image:height\" content=\"460\" \/>\n\t<meta property=\"og:image:type\" content=\"image\/png\" \/>\n<meta name=\"twitter:card\" content=\"summary_large_image\" \/>\n<script type=\"application\/ld+json\" class=\"yoast-schema-graph\">{\"@context\":\"https:\/\/schema.org\",\"@graph\":[{\"@type\":\"WebPage\",\"@id\":\"https:\/\/eco-tech.inf.br\/index.php\/product\/controle-remoto-jfl\/\",\"url\":\"https:\/\/eco-tech.inf.br\/index.php\/product\/controle-remoto-jfl\/\",\"name\":\"Controle Remoto JFL - Eco-Tech - Solu\u00e7\u00f5es em tecnologia\",\"isPartOf\":{\"@id\":\"https:\/\/eco-tech.inf.br\/#website\"},\"primaryImageOfPage\":{\"@id\":\"https:\/\/eco-tech.inf.br\/index.php\/product\/controle-remoto-jfl\/#primaryimage\"},\"image\":{\"@id\":\"https:\/\/eco-tech.inf.br\/index.php\/product\/controle-remoto-jfl\/#primaryimage\"},\"thumbnailUrl\":\"https:\/\/i0.wp.com\/eco-tech.inf.br\/wp-content\/uploads\/2022\/05\/expo-5.png?fit=543%2C460&ssl=1\",\"datePublished\":\"2022-05-03T20:39:57+00:00\",\"dateModified\":\"2022-05-28T15:18:25+00:00\",\"breadcrumb\":{\"@id\":\"https:\/\/eco-tech.inf.br\/index.php\/product\/controle-remoto-jfl\/#breadcrumb\"},\"inLanguage\":\"pt-BR\",\"potentialAction\":[{\"@type\":\"ReadAction\",\"target\":[\"https:\/\/eco-tech.inf.br\/index.php\/product\/controle-remoto-jfl\/\"]}]},{\"@type\":\"ImageObject\",\"inLanguage\":\"pt-BR\",\"@id\":\"https:\/\/eco-tech.inf.br\/index.php\/product\/controle-remoto-jfl\/#primaryimage\",\"url\":\"https:\/\/i0.wp.com\/eco-tech.inf.br\/wp-content\/uploads\/2022\/05\/expo-5.png?fit=543%2C460&ssl=1\",\"contentUrl\":\"https:\/\/i0.wp.com\/eco-tech.inf.br\/wp-content\/uploads\/2022\/05\/expo-5.png?fit=543%2C460&ssl=1\",\"width\":543,\"height\":460},{\"@type\":\"BreadcrumbList\",\"@id\":\"https:\/\/eco-tech.inf.br\/index.php\/product\/controle-remoto-jfl\/#breadcrumb\",\"itemListElement\":[{\"@type\":\"ListItem\",\"position\":1,\"name\":\"In\u00edcio\",\"item\":\"https:\/\/eco-tech.inf.br\/\"},{\"@type\":\"ListItem\",\"position\":2,\"name\":\"Produtos\",\"item\":\"https:\/\/eco-tech.inf.br\/index.php\/shop\/\"},{\"@type\":\"ListItem\",\"position\":3,\"name\":\"Controle Remoto JFL\"}]},{\"@type\":\"WebSite\",\"@id\":\"https:\/\/eco-tech.inf.br\/#website\",\"url\":\"https:\/\/eco-tech.inf.br\/\",\"name\":\"Eco-Tech - Solu\u00e7\u00f5es em tecnologia\",\"description\":\"Possu\u00edmos mais de 15 (anos) anos de experi\u00eancia levando para o norte do Brasil tecnologia de ponta trazida por grandes organiza\u00e7\u00f5es dos mais variados seguimentos.\",\"publisher\":{\"@id\":\"https:\/\/eco-tech.inf.br\/#organization\"},\"potentialAction\":[{\"@type\":\"SearchAction\",\"target\":{\"@type\":\"EntryPoint\",\"urlTemplate\":\"https:\/\/eco-tech.inf.br\/?s={search_term_string}\"},\"query-input\":{\"@type\":\"PropertyValueSpecification\",\"valueRequired\":true,\"valueName\":\"search_term_string\"}}],\"inLanguage\":\"pt-BR\"},{\"@type\":\"Organization\",\"@id\":\"https:\/\/eco-tech.inf.br\/#organization\",\"name\":\"ELO SOLU\u00c7\u00d5ES TECNOL\u00d3GICA LTDA\",\"url\":\"https:\/\/eco-tech.inf.br\/\",\"logo\":{\"@type\":\"ImageObject\",\"inLanguage\":\"pt-BR\",\"@id\":\"https:\/\/eco-tech.inf.br\/#\/schema\/logo\/image\/\",\"url\":\"https:\/\/i0.wp.com\/eco-tech.inf.br\/wp-content\/uploads\/2022\/03\/cropped-novologo-1.jpg?fit=512%2C512&ssl=1\",\"contentUrl\":\"https:\/\/i0.wp.com\/eco-tech.inf.br\/wp-content\/uploads\/2022\/03\/cropped-novologo-1.jpg?fit=512%2C512&ssl=1\",\"width\":512,\"height\":512,\"caption\":\"ELO SOLU\u00c7\u00d5ES TECNOL\u00d3GICA LTDA\"},\"image\":{\"@id\":\"https:\/\/eco-tech.inf.br\/#\/schema\/logo\/image\/\"},\"sameAs\":[\"https:\/\/www.facebook.com\/EcoTech-Tecnologia-107960038523316\",\"https:\/\/www.instagram.com\/p\/CbRSB23MmFd\/?utm_medium=copy_link\"]}]}<\/script>\n<!-- \/ Yoast SEO plugin. -->","yoast_head_json":{"title":"Controle Remoto JFL - Eco-Tech - Solu\u00e7\u00f5es em tecnologia","robots":{"index":"index","follow":"follow","max-snippet":"max-snippet:-1","max-image-preview":"max-image-preview:large","max-video-preview":"max-video-preview:-1"},"canonical":"https:\/\/eco-tech.inf.br\/index.php\/product\/controle-remoto-jfl\/","og_locale":"pt_BR","og_type":"article","og_title":"Controle Remoto JFL - Eco-Tech - Solu\u00e7\u00f5es em tecnologia","og_description":"Descri\u00e7\u00e3o Ol\u00e1 Seja Bem Vindo A Jc Eletro,  Produtos Eletr\u00f4nicos De A A Z.  Controle remoto com tecnologia  Rolling Code, frequ\u00eancia fixa de  433,92MHz e alcance de at\u00e9 100m  sem obst\u00e1culos.Jfl Alarmes Marca 100% Brasileira.  Caracter\u00edsticas: Frequ\u00eancia fixa de 433,92MHz. Alcance de 100m sem obst\u00e1culos. Bateria CR2032. 3 bot\u00f5es independentes.  Especifica\u00e7\u00f5es t\u00e9cnicas: Modelo de dispositivo: Controle remoto Frequ\u00eancia de Opera\u00e7\u00e3o 433,92MHz Alcance: 100 metros (sem obst\u00e1culos) Teclas: 3 Compat\u00edvel: Receptores com tecnologia Rolling Code Condi\u00e7\u00f5es de opera\u00e7\u00e3o: 0\u00b0C ~ +50\u00b0C (32\u00b0F ~ 122\u00b0F) Tens\u00e3o de opera\u00e7\u00e3o: 3Vcc (bateria  de lithium CR2032). Consumo: Max.: 33mW  Item incluso: 01-Controle remoto com tecnologia  Rolling Code, frequ\u00eancia fixa de 433,92MHz e alcance de at\u00e9 100m  sem obst\u00e1culos.","og_url":"https:\/\/eco-tech.inf.br\/index.php\/product\/controle-remoto-jfl\/","og_site_name":"Eco-Tech - Solu\u00e7\u00f5es em tecnologia","article_publisher":"https:\/\/www.facebook.com\/EcoTech-Tecnologia-107960038523316","article_modified_time":"2022-05-28T15:18:25+00:00","og_image":[{"width":543,"height":460,"url":"https:\/\/i0.wp.com\/eco-tech.inf.br\/wp-content\/uploads\/2022\/05\/expo-5.png?fit=543%2C460&ssl=1","type":"image\/png"}],"twitter_card":"summary_large_image","schema":{"@context":"https:\/\/schema.org","@graph":[{"@type":"WebPage","@id":"https:\/\/eco-tech.inf.br\/index.php\/product\/controle-remoto-jfl\/","url":"https:\/\/eco-tech.inf.br\/index.php\/product\/controle-remoto-jfl\/","name":"Controle Remoto JFL - Eco-Tech - Solu\u00e7\u00f5es em tecnologia","isPartOf":{"@id":"https:\/\/eco-tech.inf.br\/#website"},"primaryImageOfPage":{"@id":"https:\/\/eco-tech.inf.br\/index.php\/product\/controle-remoto-jfl\/#primaryimage"},"image":{"@id":"https:\/\/eco-tech.inf.br\/index.php\/product\/controle-remoto-jfl\/#primaryimage"},"thumbnailUrl":"https:\/\/i0.wp.com\/eco-tech.inf.br\/wp-content\/uploads\/2022\/05\/expo-5.png?fit=543%2C460&ssl=1","datePublished":"2022-05-03T20:39:57+00:00","dateModified":"2022-05-28T15:18:25+00:00","breadcrumb":{"@id":"https:\/\/eco-tech.inf.br\/index.php\/product\/controle-remoto-jfl\/#breadcrumb"},"inLanguage":"pt-BR","potentialAction":[{"@type":"ReadAction","target":["https:\/\/eco-tech.inf.br\/index.php\/product\/controle-remoto-jfl\/"]}]},{"@type":"ImageObject","inLanguage":"pt-BR","@id":"https:\/\/eco-tech.inf.br\/index.php\/product\/controle-remoto-jfl\/#primaryimage","url":"https:\/\/i0.wp.com\/eco-tech.inf.br\/wp-content\/uploads\/2022\/05\/expo-5.png?fit=543%2C460&ssl=1","contentUrl":"https:\/\/i0.wp.com\/eco-tech.inf.br\/wp-content\/uploads\/2022\/05\/expo-5.png?fit=543%2C460&ssl=1","width":543,"height":460},{"@type":"BreadcrumbList","@id":"https:\/\/eco-tech.inf.br\/index.php\/product\/controle-remoto-jfl\/#breadcrumb","itemListElement":[{"@type":"ListItem","position":1,"name":"In\u00edcio","item":"https:\/\/eco-tech.inf.br\/"},{"@type":"ListItem","position":2,"name":"Produtos","item":"https:\/\/eco-tech.inf.br\/index.php\/shop\/"},{"@type":"ListItem","position":3,"name":"Controle Remoto JFL"}]},{"@type":"WebSite","@id":"https:\/\/eco-tech.inf.br\/#website","url":"https:\/\/eco-tech.inf.br\/","name":"Eco-Tech - Solu\u00e7\u00f5es em tecnologia","description":"Possu\u00edmos mais de 15 (anos) anos de experi\u00eancia levando para o norte do Brasil tecnologia de ponta trazida por grandes organiza\u00e7\u00f5es dos mais variados seguimentos.","publisher":{"@id":"https:\/\/eco-tech.inf.br\/#organization"},"potentialAction":[{"@type":"SearchAction","target":{"@type":"EntryPoint","urlTemplate":"https:\/\/eco-tech.inf.br\/?s={search_term_string}"},"query-input":{"@type":"PropertyValueSpecification","valueRequired":true,"valueName":"search_term_string"}}],"inLanguage":"pt-BR"},{"@type":"Organization","@id":"https:\/\/eco-tech.inf.br\/#organization","name":"ELO SOLU\u00c7\u00d5ES TECNOL\u00d3GICA LTDA","url":"https:\/\/eco-tech.inf.br\/","logo":{"@type":"ImageObject","inLanguage":"pt-BR","@id":"https:\/\/eco-tech.inf.br\/#\/schema\/logo\/image\/","url":"https:\/\/i0.wp.com\/eco-tech.inf.br\/wp-content\/uploads\/2022\/03\/cropped-novologo-1.jpg?fit=512%2C512&ssl=1","contentUrl":"https:\/\/i0.wp.com\/eco-tech.inf.br\/wp-content\/uploads\/2022\/03\/cropped-novologo-1.jpg?fit=512%2C512&ssl=1","width":512,"height":512,"caption":"ELO SOLU\u00c7\u00d5ES TECNOL\u00d3GICA LTDA"},"image":{"@id":"https:\/\/eco-tech.inf.br\/#\/schema\/logo\/image\/"},"sameAs":["https:\/\/www.facebook.com\/EcoTech-Tecnologia-107960038523316","https:\/\/www.instagram.com\/p\/CbRSB23MmFd\/?utm_medium=copy_link"]}]}},"jetpack_sharing_enabled":true,"_links":{"self":[{"href":"https:\/\/eco-tech.inf.br\/index.php\/wp-json\/wp\/v2\/product\/401"}],"collection":[{"href":"https:\/\/eco-tech.inf.br\/index.php\/wp-json\/wp\/v2\/product"}],"about":[{"href":"https:\/\/eco-tech.inf.br\/index.php\/wp-json\/wp\/v2\/types\/product"}],"replies":[{"embeddable":true,"href":"https:\/\/eco-tech.inf.br\/index.php\/wp-json\/wp\/v2\/comments?post=401"}],"wp:featuredmedia":[{"embeddable":true,"href":"https:\/\/eco-tech.inf.br\/index.php\/wp-json\/wp\/v2\/media\/402"}],"wp:attachment":[{"href":"https:\/\/eco-tech.inf.br\/index.php\/wp-json\/wp\/v2\/media?parent=401"}],"wp:term":[{"taxonomy":"product_cat","embeddable":true,"href":"https:\/\/eco-tech.inf.br\/index.php\/wp-json\/wp\/v2\/product_cat?post=401"},{"taxonomy":"product_tag","embeddable":true,"href":"https:\/\/eco-tech.inf.br\/index.php\/wp-json\/wp\/v2\/product_tag?post=401"}],"curies":[{"name":"wp","href":"https:\/\/api.w.org\/{rel}","templated":true}]}}