{"id":390,"date":"2022-05-03T16:27:40","date_gmt":"2022-05-03T20:27:40","guid":{"rendered":"https:\/\/eco-tech.inf.br\/?post_type=product&#038;p=390"},"modified":"2022-05-28T11:26:53","modified_gmt":"2022-05-28T15:26:53","slug":"sensor-infravermelho-passivo-jfl-alarmes","status":"publish","type":"product","link":"https:\/\/eco-tech.inf.br\/index.php\/product\/sensor-infravermelho-passivo-jfl-alarmes\/","title":{"rendered":"Sensor Infravermelho Passivo JFL-Alarmes"},"content":{"rendered":"<p>Tipo de dispositivo: Sensor Infravermelho<br \/>\nTipos de sensores: Infravermelho<br \/>\nTipos de detectores: Infravermelho<br \/>\nDispositivos compat\u00edveis: Centrais<br \/>\nPeso m\u00e1ximo do animal: 20 kg<br \/>\nDist\u00e2ncia de cobertura: 12 m<\/p>\n","protected":false},"excerpt":{"rendered":"<p>DESTAQUES DO SENSOR<\/p>\n<p>Fun\u00e7\u00e3o PET 20KG<br \/>\nAnimais de estima\u00e7\u00e3o n\u00e3o precisam ficar fora de casa<br \/>\npara o sistema de alarme ser armado. Com a fun\u00e7\u00e3o PET,<br \/>\no sensor inteligente n\u00e3o detecta pequenos animais, ou<br \/>\nseja, n\u00e3o h\u00e1 detec\u00e7\u00e3o, n\u00e3o h\u00e1 disparos do alarme.<\/p>\n<p>em tr\u00eas n\u00edveis: sensibilidade m\u00ednima, m\u00e9dia ou m\u00e1xima.<br \/>\nAjustes precisos que proporcionam seguran\u00e7a e evitam<br \/>\n disparos indesejados.<\/p>\n<p>Compensa\u00e7\u00e3o de Temperatura<br \/>\nOs principais componentes internos do sensor t\u00eam a<br \/>\ncapacidade de compensar automaticamente a temperatura<br \/>\npermitindo alto desempenho na detec\u00e7\u00e3o de movimento.<\/p>\n","protected":false},"featured_media":391,"comment_status":"closed","ping_status":"closed","template":"","meta":[],"product_cat":[109],"product_tag":[113,112],"yoast_head":"<!-- This site is optimized with the Yoast SEO plugin v23.5 - https:\/\/yoast.com\/wordpress\/plugins\/seo\/ -->\n<title>Sensor Infravermelho Passivo JFL-Alarmes - Eco-Tech - Solu\u00e7\u00f5es em tecnologia<\/title>\n<meta name=\"robots\" content=\"index, follow, max-snippet:-1, max-image-preview:large, max-video-preview:-1\" \/>\n<link rel=\"canonical\" href=\"https:\/\/eco-tech.inf.br\/index.php\/product\/sensor-infravermelho-passivo-jfl-alarmes\/\" \/>\n<meta property=\"og:locale\" content=\"pt_BR\" \/>\n<meta property=\"og:type\" content=\"article\" \/>\n<meta property=\"og:title\" content=\"Sensor Infravermelho Passivo JFL-Alarmes - Eco-Tech - Solu\u00e7\u00f5es em tecnologia\" \/>\n<meta property=\"og:description\" content=\"DESTAQUES DO SENSOR  Fun\u00e7\u00e3o PET 20KG Animais de estima\u00e7\u00e3o n\u00e3o precisam ficar fora de casa para o sistema de alarme ser armado. Com a fun\u00e7\u00e3o PET,  o sensor inteligente n\u00e3o detecta pequenos animais, ou  seja, n\u00e3o h\u00e1 detec\u00e7\u00e3o, n\u00e3o h\u00e1 disparos do alarme.   em tr\u00eas n\u00edveis: sensibilidade m\u00ednima, m\u00e9dia ou m\u00e1xima.  Ajustes precisos que proporcionam seguran\u00e7a e evitam  disparos indesejados.  Compensa\u00e7\u00e3o de Temperatura Os principais componentes internos do sensor t\u00eam a  capacidade de compensar automaticamente a temperatura  permitindo alto desempenho na detec\u00e7\u00e3o de movimento.\" \/>\n<meta property=\"og:url\" content=\"https:\/\/eco-tech.inf.br\/index.php\/product\/sensor-infravermelho-passivo-jfl-alarmes\/\" \/>\n<meta property=\"og:site_name\" content=\"Eco-Tech - Solu\u00e7\u00f5es em tecnologia\" \/>\n<meta property=\"article:publisher\" content=\"https:\/\/www.facebook.com\/EcoTech-Tecnologia-107960038523316\" \/>\n<meta property=\"article:modified_time\" content=\"2022-05-28T15:26:53+00:00\" \/>\n<meta property=\"og:image\" content=\"https:\/\/i0.wp.com\/eco-tech.inf.br\/wp-content\/uploads\/2022\/05\/1.png?fit=599%2C598&ssl=1\" \/>\n\t<meta property=\"og:image:width\" content=\"599\" \/>\n\t<meta property=\"og:image:height\" content=\"598\" \/>\n\t<meta property=\"og:image:type\" content=\"image\/png\" \/>\n<meta name=\"twitter:card\" content=\"summary_large_image\" \/>\n<script type=\"application\/ld+json\" class=\"yoast-schema-graph\">{\"@context\":\"https:\/\/schema.org\",\"@graph\":[{\"@type\":\"WebPage\",\"@id\":\"https:\/\/eco-tech.inf.br\/index.php\/product\/sensor-infravermelho-passivo-jfl-alarmes\/\",\"url\":\"https:\/\/eco-tech.inf.br\/index.php\/product\/sensor-infravermelho-passivo-jfl-alarmes\/\",\"name\":\"Sensor Infravermelho Passivo JFL-Alarmes - Eco-Tech - Solu\u00e7\u00f5es em tecnologia\",\"isPartOf\":{\"@id\":\"https:\/\/eco-tech.inf.br\/#website\"},\"primaryImageOfPage\":{\"@id\":\"https:\/\/eco-tech.inf.br\/index.php\/product\/sensor-infravermelho-passivo-jfl-alarmes\/#primaryimage\"},\"image\":{\"@id\":\"https:\/\/eco-tech.inf.br\/index.php\/product\/sensor-infravermelho-passivo-jfl-alarmes\/#primaryimage\"},\"thumbnailUrl\":\"https:\/\/i0.wp.com\/eco-tech.inf.br\/wp-content\/uploads\/2022\/05\/1.png?fit=599%2C598&ssl=1\",\"datePublished\":\"2022-05-03T20:27:40+00:00\",\"dateModified\":\"2022-05-28T15:26:53+00:00\",\"breadcrumb\":{\"@id\":\"https:\/\/eco-tech.inf.br\/index.php\/product\/sensor-infravermelho-passivo-jfl-alarmes\/#breadcrumb\"},\"inLanguage\":\"pt-BR\",\"potentialAction\":[{\"@type\":\"ReadAction\",\"target\":[\"https:\/\/eco-tech.inf.br\/index.php\/product\/sensor-infravermelho-passivo-jfl-alarmes\/\"]}]},{\"@type\":\"ImageObject\",\"inLanguage\":\"pt-BR\",\"@id\":\"https:\/\/eco-tech.inf.br\/index.php\/product\/sensor-infravermelho-passivo-jfl-alarmes\/#primaryimage\",\"url\":\"https:\/\/i0.wp.com\/eco-tech.inf.br\/wp-content\/uploads\/2022\/05\/1.png?fit=599%2C598&ssl=1\",\"contentUrl\":\"https:\/\/i0.wp.com\/eco-tech.inf.br\/wp-content\/uploads\/2022\/05\/1.png?fit=599%2C598&ssl=1\",\"width\":599,\"height\":598},{\"@type\":\"BreadcrumbList\",\"@id\":\"https:\/\/eco-tech.inf.br\/index.php\/product\/sensor-infravermelho-passivo-jfl-alarmes\/#breadcrumb\",\"itemListElement\":[{\"@type\":\"ListItem\",\"position\":1,\"name\":\"In\u00edcio\",\"item\":\"https:\/\/eco-tech.inf.br\/\"},{\"@type\":\"ListItem\",\"position\":2,\"name\":\"Produtos\",\"item\":\"https:\/\/eco-tech.inf.br\/index.php\/shop\/\"},{\"@type\":\"ListItem\",\"position\":3,\"name\":\"Sensor Infravermelho Passivo JFL-Alarmes\"}]},{\"@type\":\"WebSite\",\"@id\":\"https:\/\/eco-tech.inf.br\/#website\",\"url\":\"https:\/\/eco-tech.inf.br\/\",\"name\":\"Eco-Tech - Solu\u00e7\u00f5es em tecnologia\",\"description\":\"Possu\u00edmos mais de 15 (anos) anos de experi\u00eancia levando para o norte do Brasil tecnologia de ponta trazida por grandes organiza\u00e7\u00f5es dos mais variados seguimentos.\",\"publisher\":{\"@id\":\"https:\/\/eco-tech.inf.br\/#organization\"},\"potentialAction\":[{\"@type\":\"SearchAction\",\"target\":{\"@type\":\"EntryPoint\",\"urlTemplate\":\"https:\/\/eco-tech.inf.br\/?s={search_term_string}\"},\"query-input\":{\"@type\":\"PropertyValueSpecification\",\"valueRequired\":true,\"valueName\":\"search_term_string\"}}],\"inLanguage\":\"pt-BR\"},{\"@type\":\"Organization\",\"@id\":\"https:\/\/eco-tech.inf.br\/#organization\",\"name\":\"ELO SOLU\u00c7\u00d5ES TECNOL\u00d3GICA LTDA\",\"url\":\"https:\/\/eco-tech.inf.br\/\",\"logo\":{\"@type\":\"ImageObject\",\"inLanguage\":\"pt-BR\",\"@id\":\"https:\/\/eco-tech.inf.br\/#\/schema\/logo\/image\/\",\"url\":\"https:\/\/i0.wp.com\/eco-tech.inf.br\/wp-content\/uploads\/2022\/03\/cropped-novologo-1.jpg?fit=512%2C512&ssl=1\",\"contentUrl\":\"https:\/\/i0.wp.com\/eco-tech.inf.br\/wp-content\/uploads\/2022\/03\/cropped-novologo-1.jpg?fit=512%2C512&ssl=1\",\"width\":512,\"height\":512,\"caption\":\"ELO SOLU\u00c7\u00d5ES TECNOL\u00d3GICA LTDA\"},\"image\":{\"@id\":\"https:\/\/eco-tech.inf.br\/#\/schema\/logo\/image\/\"},\"sameAs\":[\"https:\/\/www.facebook.com\/EcoTech-Tecnologia-107960038523316\",\"https:\/\/www.instagram.com\/p\/CbRSB23MmFd\/?utm_medium=copy_link\"]}]}<\/script>\n<!-- \/ Yoast SEO plugin. -->","yoast_head_json":{"title":"Sensor Infravermelho Passivo JFL-Alarmes - Eco-Tech - Solu\u00e7\u00f5es em tecnologia","robots":{"index":"index","follow":"follow","max-snippet":"max-snippet:-1","max-image-preview":"max-image-preview:large","max-video-preview":"max-video-preview:-1"},"canonical":"https:\/\/eco-tech.inf.br\/index.php\/product\/sensor-infravermelho-passivo-jfl-alarmes\/","og_locale":"pt_BR","og_type":"article","og_title":"Sensor Infravermelho Passivo JFL-Alarmes - Eco-Tech - Solu\u00e7\u00f5es em tecnologia","og_description":"DESTAQUES DO SENSOR  Fun\u00e7\u00e3o PET 20KG Animais de estima\u00e7\u00e3o n\u00e3o precisam ficar fora de casa para o sistema de alarme ser armado. Com a fun\u00e7\u00e3o PET,  o sensor inteligente n\u00e3o detecta pequenos animais, ou  seja, n\u00e3o h\u00e1 detec\u00e7\u00e3o, n\u00e3o h\u00e1 disparos do alarme.   em tr\u00eas n\u00edveis: sensibilidade m\u00ednima, m\u00e9dia ou m\u00e1xima.  Ajustes precisos que proporcionam seguran\u00e7a e evitam  disparos indesejados.  Compensa\u00e7\u00e3o de Temperatura Os principais componentes internos do sensor t\u00eam a  capacidade de compensar automaticamente a temperatura  permitindo alto desempenho na detec\u00e7\u00e3o de movimento.","og_url":"https:\/\/eco-tech.inf.br\/index.php\/product\/sensor-infravermelho-passivo-jfl-alarmes\/","og_site_name":"Eco-Tech - Solu\u00e7\u00f5es em tecnologia","article_publisher":"https:\/\/www.facebook.com\/EcoTech-Tecnologia-107960038523316","article_modified_time":"2022-05-28T15:26:53+00:00","og_image":[{"width":599,"height":598,"url":"https:\/\/i0.wp.com\/eco-tech.inf.br\/wp-content\/uploads\/2022\/05\/1.png?fit=599%2C598&ssl=1","type":"image\/png"}],"twitter_card":"summary_large_image","schema":{"@context":"https:\/\/schema.org","@graph":[{"@type":"WebPage","@id":"https:\/\/eco-tech.inf.br\/index.php\/product\/sensor-infravermelho-passivo-jfl-alarmes\/","url":"https:\/\/eco-tech.inf.br\/index.php\/product\/sensor-infravermelho-passivo-jfl-alarmes\/","name":"Sensor Infravermelho Passivo JFL-Alarmes - Eco-Tech - Solu\u00e7\u00f5es em tecnologia","isPartOf":{"@id":"https:\/\/eco-tech.inf.br\/#website"},"primaryImageOfPage":{"@id":"https:\/\/eco-tech.inf.br\/index.php\/product\/sensor-infravermelho-passivo-jfl-alarmes\/#primaryimage"},"image":{"@id":"https:\/\/eco-tech.inf.br\/index.php\/product\/sensor-infravermelho-passivo-jfl-alarmes\/#primaryimage"},"thumbnailUrl":"https:\/\/i0.wp.com\/eco-tech.inf.br\/wp-content\/uploads\/2022\/05\/1.png?fit=599%2C598&ssl=1","datePublished":"2022-05-03T20:27:40+00:00","dateModified":"2022-05-28T15:26:53+00:00","breadcrumb":{"@id":"https:\/\/eco-tech.inf.br\/index.php\/product\/sensor-infravermelho-passivo-jfl-alarmes\/#breadcrumb"},"inLanguage":"pt-BR","potentialAction":[{"@type":"ReadAction","target":["https:\/\/eco-tech.inf.br\/index.php\/product\/sensor-infravermelho-passivo-jfl-alarmes\/"]}]},{"@type":"ImageObject","inLanguage":"pt-BR","@id":"https:\/\/eco-tech.inf.br\/index.php\/product\/sensor-infravermelho-passivo-jfl-alarmes\/#primaryimage","url":"https:\/\/i0.wp.com\/eco-tech.inf.br\/wp-content\/uploads\/2022\/05\/1.png?fit=599%2C598&ssl=1","contentUrl":"https:\/\/i0.wp.com\/eco-tech.inf.br\/wp-content\/uploads\/2022\/05\/1.png?fit=599%2C598&ssl=1","width":599,"height":598},{"@type":"BreadcrumbList","@id":"https:\/\/eco-tech.inf.br\/index.php\/product\/sensor-infravermelho-passivo-jfl-alarmes\/#breadcrumb","itemListElement":[{"@type":"ListItem","position":1,"name":"In\u00edcio","item":"https:\/\/eco-tech.inf.br\/"},{"@type":"ListItem","position":2,"name":"Produtos","item":"https:\/\/eco-tech.inf.br\/index.php\/shop\/"},{"@type":"ListItem","position":3,"name":"Sensor Infravermelho Passivo JFL-Alarmes"}]},{"@type":"WebSite","@id":"https:\/\/eco-tech.inf.br\/#website","url":"https:\/\/eco-tech.inf.br\/","name":"Eco-Tech - Solu\u00e7\u00f5es em tecnologia","description":"Possu\u00edmos mais de 15 (anos) anos de experi\u00eancia levando para o norte do Brasil tecnologia de ponta trazida por grandes organiza\u00e7\u00f5es dos mais variados seguimentos.","publisher":{"@id":"https:\/\/eco-tech.inf.br\/#organization"},"potentialAction":[{"@type":"SearchAction","target":{"@type":"EntryPoint","urlTemplate":"https:\/\/eco-tech.inf.br\/?s={search_term_string}"},"query-input":{"@type":"PropertyValueSpecification","valueRequired":true,"valueName":"search_term_string"}}],"inLanguage":"pt-BR"},{"@type":"Organization","@id":"https:\/\/eco-tech.inf.br\/#organization","name":"ELO SOLU\u00c7\u00d5ES TECNOL\u00d3GICA LTDA","url":"https:\/\/eco-tech.inf.br\/","logo":{"@type":"ImageObject","inLanguage":"pt-BR","@id":"https:\/\/eco-tech.inf.br\/#\/schema\/logo\/image\/","url":"https:\/\/i0.wp.com\/eco-tech.inf.br\/wp-content\/uploads\/2022\/03\/cropped-novologo-1.jpg?fit=512%2C512&ssl=1","contentUrl":"https:\/\/i0.wp.com\/eco-tech.inf.br\/wp-content\/uploads\/2022\/03\/cropped-novologo-1.jpg?fit=512%2C512&ssl=1","width":512,"height":512,"caption":"ELO SOLU\u00c7\u00d5ES TECNOL\u00d3GICA LTDA"},"image":{"@id":"https:\/\/eco-tech.inf.br\/#\/schema\/logo\/image\/"},"sameAs":["https:\/\/www.facebook.com\/EcoTech-Tecnologia-107960038523316","https:\/\/www.instagram.com\/p\/CbRSB23MmFd\/?utm_medium=copy_link"]}]}},"jetpack_sharing_enabled":true,"_links":{"self":[{"href":"https:\/\/eco-tech.inf.br\/index.php\/wp-json\/wp\/v2\/product\/390"}],"collection":[{"href":"https:\/\/eco-tech.inf.br\/index.php\/wp-json\/wp\/v2\/product"}],"about":[{"href":"https:\/\/eco-tech.inf.br\/index.php\/wp-json\/wp\/v2\/types\/product"}],"replies":[{"embeddable":true,"href":"https:\/\/eco-tech.inf.br\/index.php\/wp-json\/wp\/v2\/comments?post=390"}],"wp:featuredmedia":[{"embeddable":true,"href":"https:\/\/eco-tech.inf.br\/index.php\/wp-json\/wp\/v2\/media\/391"}],"wp:attachment":[{"href":"https:\/\/eco-tech.inf.br\/index.php\/wp-json\/wp\/v2\/media?parent=390"}],"wp:term":[{"taxonomy":"product_cat","embeddable":true,"href":"https:\/\/eco-tech.inf.br\/index.php\/wp-json\/wp\/v2\/product_cat?post=390"},{"taxonomy":"product_tag","embeddable":true,"href":"https:\/\/eco-tech.inf.br\/index.php\/wp-json\/wp\/v2\/product_tag?post=390"}],"curies":[{"name":"wp","href":"https:\/\/api.w.org\/{rel}","templated":true}]}}