{"id":380,"date":"2022-04-26T16:04:04","date_gmt":"2022-04-26T20:04:04","guid":{"rendered":"https:\/\/eco-tech.inf.br\/?post_type=product&#038;p=380"},"modified":"2022-07-14T16:25:41","modified_gmt":"2022-07-14T20:25:41","slug":"haedfone-gamer-model-bk-51","status":"publish","type":"product","link":"https:\/\/eco-tech.inf.br\/index.php\/product\/haedfone-gamer-model-bk-51\/","title":{"rendered":"Haedfone Gamer model BK-51"},"content":{"rendered":"<h3 class=\"title-qd-v1\">Detalhes<\/h3>\n<div class=\"h1 h2 h3 h4 h5 h6 p ul dl\">\n<div class=\"productDescription\">\n<p>Para todos aqueles que procuram por um headphone de qualidade, confort\u00e1vel e que entregue um \u00f3timo som, o Headset Gamer da Quanhe \u00e9 a op\u00e7\u00e3o perfeita.<\/p>\n<p>Pensando tamb\u00e9m na praticidade de todos os usu\u00e1rios, \u00e9 f\u00e1cil de usar e instalar, basta plug\u00e1-lo pela conex\u00e3o P2 de 3.5mm e come\u00e7ar a usar. Nada de complica\u00e7\u00f5es e softwares de instala\u00e7\u00e3o!<\/p>\n<p>Com um super design, leve e confort\u00e1vel. O earpad com acabamento estofado, bem como a haste ajust\u00e1vel se encaixam perfeitamente para garantir uma experi\u00eancia \u00fanica e cheia de conforto para suas horas intermin\u00e1veis no seu jogo favorito!<\/p>\n<p>O Headset vem com microfone, que facilitar\u00e1 a sua comunica\u00e7\u00e3o com seus parceiros no jogo. E pode ser utilizado em PC&#8217;s, notebooks, tablets, PS4 e Xbox One.<\/p>\n<p>Especifica\u00e7\u00f5es<br \/>\n\u2022 Marca: Quanhe<br \/>\n\u2022 Refer\u00eancia: N230494-5<br \/>\n\u2022 Conex\u00e3o: P2 3.5mm<br \/>\n\u2022 Frequ\u00eancia: 108dB<br \/>\n\u2022 Comprimento do cabo: 1.7m<br \/>\n\u2022 Frequ\u00eancia do microfone: 52\u00b12dB<br \/>\n\u2022 RMS: 98mw<br \/>\n\u2022 Garantia do Fornecedor: 3 meses contra defeitos de fabrica\u00e7\u00e3o<br \/>\n\u2022 Validade: Indeterminada<\/p>\n<p>Itens Inclusos<br \/>\n\u2022 01 Headset<\/p>\n<p>Peso e Dimens\u00f5es Aproximadas do produto na caixa:<br \/>\n\u2022 Largura: 23 cm. Altura: 10 cm. Comprimento: 23 cm.<br \/>\n\u2022 Peso: 450g.<\/p>\n<p>As cores podem variar entre as imagens mostradas acima e o produto. Imagens meramente ilustrativas.<\/p>\n<p>S\u00f3 comercializamos produtos novos, originais e lacrados em caixa.<\/p>\n<\/div>\n<\/div>\n","protected":false},"excerpt":{"rendered":"<p>Detalhes Para todos aqueles que procuram por um headphone de qualidade, confort\u00e1vel e que entregue um \u00f3timo som, o Headset Gamer da Quanhe \u00e9 a op\u00e7\u00e3o perfeita. Pensando tamb\u00e9m na praticidade de todos os usu\u00e1rios, \u00e9 f\u00e1cil de usar e instalar, basta plug\u00e1-lo pela conex\u00e3o P2 de 3.5mm e come\u00e7ar a usar. Nada de complica\u00e7\u00f5es [&hellip;]<\/p>\n","protected":false},"featured_media":382,"comment_status":"closed","ping_status":"closed","template":"","meta":[],"product_cat":[158],"product_tag":[105,108,107],"yoast_head":"<!-- This site is optimized with the Yoast SEO plugin v23.5 - https:\/\/yoast.com\/wordpress\/plugins\/seo\/ -->\n<title>Haedfone Gamer model BK-51 - Eco-Tech - Solu\u00e7\u00f5es em tecnologia<\/title>\n<meta name=\"robots\" content=\"index, follow, max-snippet:-1, max-image-preview:large, max-video-preview:-1\" \/>\n<link rel=\"canonical\" href=\"https:\/\/eco-tech.inf.br\/index.php\/product\/haedfone-gamer-model-bk-51\/\" \/>\n<meta property=\"og:locale\" content=\"pt_BR\" \/>\n<meta property=\"og:type\" content=\"article\" \/>\n<meta property=\"og:title\" content=\"Haedfone Gamer model BK-51 - Eco-Tech - Solu\u00e7\u00f5es em tecnologia\" \/>\n<meta property=\"og:description\" content=\"Detalhes Para todos aqueles que procuram por um headphone de qualidade, confort\u00e1vel e que entregue um \u00f3timo som, o Headset Gamer da Quanhe \u00e9 a op\u00e7\u00e3o perfeita. Pensando tamb\u00e9m na praticidade de todos os usu\u00e1rios, \u00e9 f\u00e1cil de usar e instalar, basta plug\u00e1-lo pela conex\u00e3o P2 de 3.5mm e come\u00e7ar a usar. Nada de complica\u00e7\u00f5es [&hellip;]\" \/>\n<meta property=\"og:url\" content=\"https:\/\/eco-tech.inf.br\/index.php\/product\/haedfone-gamer-model-bk-51\/\" \/>\n<meta property=\"og:site_name\" content=\"Eco-Tech - Solu\u00e7\u00f5es em tecnologia\" \/>\n<meta property=\"article:publisher\" content=\"https:\/\/www.facebook.com\/EcoTech-Tecnologia-107960038523316\" \/>\n<meta property=\"article:modified_time\" content=\"2022-07-14T20:25:41+00:00\" \/>\n<meta property=\"og:image\" content=\"https:\/\/i0.wp.com\/eco-tech.inf.br\/wp-content\/uploads\/2022\/04\/1-7.png?fit=375%2C360&ssl=1\" \/>\n\t<meta property=\"og:image:width\" content=\"375\" \/>\n\t<meta property=\"og:image:height\" content=\"360\" \/>\n\t<meta property=\"og:image:type\" content=\"image\/png\" \/>\n<meta name=\"twitter:card\" content=\"summary_large_image\" \/>\n<meta name=\"twitter:label1\" content=\"Est. tempo de leitura\" \/>\n\t<meta name=\"twitter:data1\" content=\"2 minutos\" \/>\n<script type=\"application\/ld+json\" class=\"yoast-schema-graph\">{\"@context\":\"https:\/\/schema.org\",\"@graph\":[{\"@type\":\"WebPage\",\"@id\":\"https:\/\/eco-tech.inf.br\/index.php\/product\/haedfone-gamer-model-bk-51\/\",\"url\":\"https:\/\/eco-tech.inf.br\/index.php\/product\/haedfone-gamer-model-bk-51\/\",\"name\":\"Haedfone Gamer model BK-51 - Eco-Tech - Solu\u00e7\u00f5es em tecnologia\",\"isPartOf\":{\"@id\":\"https:\/\/eco-tech.inf.br\/#website\"},\"primaryImageOfPage\":{\"@id\":\"https:\/\/eco-tech.inf.br\/index.php\/product\/haedfone-gamer-model-bk-51\/#primaryimage\"},\"image\":{\"@id\":\"https:\/\/eco-tech.inf.br\/index.php\/product\/haedfone-gamer-model-bk-51\/#primaryimage\"},\"thumbnailUrl\":\"https:\/\/i0.wp.com\/eco-tech.inf.br\/wp-content\/uploads\/2022\/04\/1-7.png?fit=375%2C360&ssl=1\",\"datePublished\":\"2022-04-26T20:04:04+00:00\",\"dateModified\":\"2022-07-14T20:25:41+00:00\",\"breadcrumb\":{\"@id\":\"https:\/\/eco-tech.inf.br\/index.php\/product\/haedfone-gamer-model-bk-51\/#breadcrumb\"},\"inLanguage\":\"pt-BR\",\"potentialAction\":[{\"@type\":\"ReadAction\",\"target\":[\"https:\/\/eco-tech.inf.br\/index.php\/product\/haedfone-gamer-model-bk-51\/\"]}]},{\"@type\":\"ImageObject\",\"inLanguage\":\"pt-BR\",\"@id\":\"https:\/\/eco-tech.inf.br\/index.php\/product\/haedfone-gamer-model-bk-51\/#primaryimage\",\"url\":\"https:\/\/i0.wp.com\/eco-tech.inf.br\/wp-content\/uploads\/2022\/04\/1-7.png?fit=375%2C360&ssl=1\",\"contentUrl\":\"https:\/\/i0.wp.com\/eco-tech.inf.br\/wp-content\/uploads\/2022\/04\/1-7.png?fit=375%2C360&ssl=1\",\"width\":375,\"height\":360},{\"@type\":\"BreadcrumbList\",\"@id\":\"https:\/\/eco-tech.inf.br\/index.php\/product\/haedfone-gamer-model-bk-51\/#breadcrumb\",\"itemListElement\":[{\"@type\":\"ListItem\",\"position\":1,\"name\":\"In\u00edcio\",\"item\":\"https:\/\/eco-tech.inf.br\/\"},{\"@type\":\"ListItem\",\"position\":2,\"name\":\"Produtos\",\"item\":\"https:\/\/eco-tech.inf.br\/index.php\/shop\/\"},{\"@type\":\"ListItem\",\"position\":3,\"name\":\"Haedfone Gamer model BK-51\"}]},{\"@type\":\"WebSite\",\"@id\":\"https:\/\/eco-tech.inf.br\/#website\",\"url\":\"https:\/\/eco-tech.inf.br\/\",\"name\":\"Eco-Tech - Solu\u00e7\u00f5es em tecnologia\",\"description\":\"Possu\u00edmos mais de 15 (anos) anos de experi\u00eancia levando para o norte do Brasil tecnologia de ponta trazida por grandes organiza\u00e7\u00f5es dos mais variados seguimentos.\",\"publisher\":{\"@id\":\"https:\/\/eco-tech.inf.br\/#organization\"},\"potentialAction\":[{\"@type\":\"SearchAction\",\"target\":{\"@type\":\"EntryPoint\",\"urlTemplate\":\"https:\/\/eco-tech.inf.br\/?s={search_term_string}\"},\"query-input\":{\"@type\":\"PropertyValueSpecification\",\"valueRequired\":true,\"valueName\":\"search_term_string\"}}],\"inLanguage\":\"pt-BR\"},{\"@type\":\"Organization\",\"@id\":\"https:\/\/eco-tech.inf.br\/#organization\",\"name\":\"ELO SOLU\u00c7\u00d5ES TECNOL\u00d3GICA LTDA\",\"url\":\"https:\/\/eco-tech.inf.br\/\",\"logo\":{\"@type\":\"ImageObject\",\"inLanguage\":\"pt-BR\",\"@id\":\"https:\/\/eco-tech.inf.br\/#\/schema\/logo\/image\/\",\"url\":\"https:\/\/i0.wp.com\/eco-tech.inf.br\/wp-content\/uploads\/2022\/03\/cropped-novologo-1.jpg?fit=512%2C512&ssl=1\",\"contentUrl\":\"https:\/\/i0.wp.com\/eco-tech.inf.br\/wp-content\/uploads\/2022\/03\/cropped-novologo-1.jpg?fit=512%2C512&ssl=1\",\"width\":512,\"height\":512,\"caption\":\"ELO SOLU\u00c7\u00d5ES TECNOL\u00d3GICA LTDA\"},\"image\":{\"@id\":\"https:\/\/eco-tech.inf.br\/#\/schema\/logo\/image\/\"},\"sameAs\":[\"https:\/\/www.facebook.com\/EcoTech-Tecnologia-107960038523316\",\"https:\/\/www.instagram.com\/p\/CbRSB23MmFd\/?utm_medium=copy_link\"]}]}<\/script>\n<!-- \/ Yoast SEO plugin. -->","yoast_head_json":{"title":"Haedfone Gamer model BK-51 - Eco-Tech - Solu\u00e7\u00f5es em tecnologia","robots":{"index":"index","follow":"follow","max-snippet":"max-snippet:-1","max-image-preview":"max-image-preview:large","max-video-preview":"max-video-preview:-1"},"canonical":"https:\/\/eco-tech.inf.br\/index.php\/product\/haedfone-gamer-model-bk-51\/","og_locale":"pt_BR","og_type":"article","og_title":"Haedfone Gamer model BK-51 - Eco-Tech - Solu\u00e7\u00f5es em tecnologia","og_description":"Detalhes Para todos aqueles que procuram por um headphone de qualidade, confort\u00e1vel e que entregue um \u00f3timo som, o Headset Gamer da Quanhe \u00e9 a op\u00e7\u00e3o perfeita. Pensando tamb\u00e9m na praticidade de todos os usu\u00e1rios, \u00e9 f\u00e1cil de usar e instalar, basta plug\u00e1-lo pela conex\u00e3o P2 de 3.5mm e come\u00e7ar a usar. Nada de complica\u00e7\u00f5es [&hellip;]","og_url":"https:\/\/eco-tech.inf.br\/index.php\/product\/haedfone-gamer-model-bk-51\/","og_site_name":"Eco-Tech - Solu\u00e7\u00f5es em tecnologia","article_publisher":"https:\/\/www.facebook.com\/EcoTech-Tecnologia-107960038523316","article_modified_time":"2022-07-14T20:25:41+00:00","og_image":[{"width":375,"height":360,"url":"https:\/\/i0.wp.com\/eco-tech.inf.br\/wp-content\/uploads\/2022\/04\/1-7.png?fit=375%2C360&ssl=1","type":"image\/png"}],"twitter_card":"summary_large_image","twitter_misc":{"Est. tempo de leitura":"2 minutos"},"schema":{"@context":"https:\/\/schema.org","@graph":[{"@type":"WebPage","@id":"https:\/\/eco-tech.inf.br\/index.php\/product\/haedfone-gamer-model-bk-51\/","url":"https:\/\/eco-tech.inf.br\/index.php\/product\/haedfone-gamer-model-bk-51\/","name":"Haedfone Gamer model BK-51 - Eco-Tech - Solu\u00e7\u00f5es em tecnologia","isPartOf":{"@id":"https:\/\/eco-tech.inf.br\/#website"},"primaryImageOfPage":{"@id":"https:\/\/eco-tech.inf.br\/index.php\/product\/haedfone-gamer-model-bk-51\/#primaryimage"},"image":{"@id":"https:\/\/eco-tech.inf.br\/index.php\/product\/haedfone-gamer-model-bk-51\/#primaryimage"},"thumbnailUrl":"https:\/\/i0.wp.com\/eco-tech.inf.br\/wp-content\/uploads\/2022\/04\/1-7.png?fit=375%2C360&ssl=1","datePublished":"2022-04-26T20:04:04+00:00","dateModified":"2022-07-14T20:25:41+00:00","breadcrumb":{"@id":"https:\/\/eco-tech.inf.br\/index.php\/product\/haedfone-gamer-model-bk-51\/#breadcrumb"},"inLanguage":"pt-BR","potentialAction":[{"@type":"ReadAction","target":["https:\/\/eco-tech.inf.br\/index.php\/product\/haedfone-gamer-model-bk-51\/"]}]},{"@type":"ImageObject","inLanguage":"pt-BR","@id":"https:\/\/eco-tech.inf.br\/index.php\/product\/haedfone-gamer-model-bk-51\/#primaryimage","url":"https:\/\/i0.wp.com\/eco-tech.inf.br\/wp-content\/uploads\/2022\/04\/1-7.png?fit=375%2C360&ssl=1","contentUrl":"https:\/\/i0.wp.com\/eco-tech.inf.br\/wp-content\/uploads\/2022\/04\/1-7.png?fit=375%2C360&ssl=1","width":375,"height":360},{"@type":"BreadcrumbList","@id":"https:\/\/eco-tech.inf.br\/index.php\/product\/haedfone-gamer-model-bk-51\/#breadcrumb","itemListElement":[{"@type":"ListItem","position":1,"name":"In\u00edcio","item":"https:\/\/eco-tech.inf.br\/"},{"@type":"ListItem","position":2,"name":"Produtos","item":"https:\/\/eco-tech.inf.br\/index.php\/shop\/"},{"@type":"ListItem","position":3,"name":"Haedfone Gamer model BK-51"}]},{"@type":"WebSite","@id":"https:\/\/eco-tech.inf.br\/#website","url":"https:\/\/eco-tech.inf.br\/","name":"Eco-Tech - Solu\u00e7\u00f5es em tecnologia","description":"Possu\u00edmos mais de 15 (anos) anos de experi\u00eancia levando para o norte do Brasil tecnologia de ponta trazida por grandes organiza\u00e7\u00f5es dos mais variados seguimentos.","publisher":{"@id":"https:\/\/eco-tech.inf.br\/#organization"},"potentialAction":[{"@type":"SearchAction","target":{"@type":"EntryPoint","urlTemplate":"https:\/\/eco-tech.inf.br\/?s={search_term_string}"},"query-input":{"@type":"PropertyValueSpecification","valueRequired":true,"valueName":"search_term_string"}}],"inLanguage":"pt-BR"},{"@type":"Organization","@id":"https:\/\/eco-tech.inf.br\/#organization","name":"ELO SOLU\u00c7\u00d5ES TECNOL\u00d3GICA LTDA","url":"https:\/\/eco-tech.inf.br\/","logo":{"@type":"ImageObject","inLanguage":"pt-BR","@id":"https:\/\/eco-tech.inf.br\/#\/schema\/logo\/image\/","url":"https:\/\/i0.wp.com\/eco-tech.inf.br\/wp-content\/uploads\/2022\/03\/cropped-novologo-1.jpg?fit=512%2C512&ssl=1","contentUrl":"https:\/\/i0.wp.com\/eco-tech.inf.br\/wp-content\/uploads\/2022\/03\/cropped-novologo-1.jpg?fit=512%2C512&ssl=1","width":512,"height":512,"caption":"ELO SOLU\u00c7\u00d5ES TECNOL\u00d3GICA LTDA"},"image":{"@id":"https:\/\/eco-tech.inf.br\/#\/schema\/logo\/image\/"},"sameAs":["https:\/\/www.facebook.com\/EcoTech-Tecnologia-107960038523316","https:\/\/www.instagram.com\/p\/CbRSB23MmFd\/?utm_medium=copy_link"]}]}},"jetpack_sharing_enabled":true,"_links":{"self":[{"href":"https:\/\/eco-tech.inf.br\/index.php\/wp-json\/wp\/v2\/product\/380"}],"collection":[{"href":"https:\/\/eco-tech.inf.br\/index.php\/wp-json\/wp\/v2\/product"}],"about":[{"href":"https:\/\/eco-tech.inf.br\/index.php\/wp-json\/wp\/v2\/types\/product"}],"replies":[{"embeddable":true,"href":"https:\/\/eco-tech.inf.br\/index.php\/wp-json\/wp\/v2\/comments?post=380"}],"wp:featuredmedia":[{"embeddable":true,"href":"https:\/\/eco-tech.inf.br\/index.php\/wp-json\/wp\/v2\/media\/382"}],"wp:attachment":[{"href":"https:\/\/eco-tech.inf.br\/index.php\/wp-json\/wp\/v2\/media?parent=380"}],"wp:term":[{"taxonomy":"product_cat","embeddable":true,"href":"https:\/\/eco-tech.inf.br\/index.php\/wp-json\/wp\/v2\/product_cat?post=380"},{"taxonomy":"product_tag","embeddable":true,"href":"https:\/\/eco-tech.inf.br\/index.php\/wp-json\/wp\/v2\/product_tag?post=380"}],"curies":[{"name":"wp","href":"https:\/\/api.w.org\/{rel}","templated":true}]}}