{"id":355,"date":"2022-04-26T11:35:50","date_gmt":"2022-04-26T15:35:50","guid":{"rendered":"https:\/\/eco-tech.inf.br\/?post_type=product&#038;p=355"},"modified":"2022-10-28T10:44:01","modified_gmt":"2022-10-28T14:44:01","slug":"abinete-c3tech-micro-atx-com-fonte-mt-23v2-bk","status":"publish","type":"product","link":"https:\/\/eco-tech.inf.br\/index.php\/product\/abinete-c3tech-micro-atx-com-fonte-mt-23v2-bk\/","title":{"rendered":"Gabinete C3Tech Micro-ATX com Fonte &#8211; MT-23V2 BK"},"content":{"rendered":"<h2 class=\"tema txt-color\">GABINETE TORRE<\/h2>\n<p class=\"p-center p-2\">Suporta placas m\u00e3e Micro ATX. Suporta tamb\u00e9m Floppy disk e SSD 2,5\u201d (2 baias). Fixa\u00e7\u00e3o de fonte ATX na parte superior do gabinete.<\/p>\n<div class=\"col-sm-6 align-self-center py-2\">\n<h2 class=\"tema txt-color\">ENTRADA USB E \u00c1UDIO<\/h2>\n<p class=\"p-center p-2\">Oferece 2 entradas USB (sendo 2x 2.0), entrada para microfone e sa\u00edda para fone de ouvido (Padr\u00e3o P2 3,5mm).<\/p>\n<h2 class=\"tema txt-color\">FONTE INCLUSA<\/h2>\n<p class=\"p-center p-2\">Fonte ATX 200 Watts inclusa com seletor manual de voltagem.<\/p>\n<\/div>\n","protected":false},"excerpt":{"rendered":"<p>GABINETE TORRE Suporta placas m\u00e3e Micro ATX. Suporta tamb\u00e9m Floppy disk e SSD 2,5\u201d (2 baias). Fixa\u00e7\u00e3o de fonte ATX na parte superior do gabinete. ENTRADA USB E \u00c1UDIO Oferece 2 entradas USB (sendo 2x 2.0), entrada para microfone e sa\u00edda para fone de ouvido (Padr\u00e3o P2 3,5mm). FONTE INCLUSA Fonte ATX 200 Watts inclusa [&hellip;]<\/p>\n","protected":false},"featured_media":361,"comment_status":"closed","ping_status":"closed","template":"","meta":[],"product_cat":[167],"product_tag":[105,108,107],"yoast_head":"<!-- This site is optimized with the Yoast SEO plugin v23.5 - https:\/\/yoast.com\/wordpress\/plugins\/seo\/ -->\n<title>Gabinete C3Tech Micro-ATX com Fonte - MT-23V2 BK - Eco-Tech - Solu\u00e7\u00f5es em tecnologia<\/title>\n<meta name=\"robots\" content=\"index, follow, max-snippet:-1, max-image-preview:large, max-video-preview:-1\" \/>\n<link rel=\"canonical\" href=\"https:\/\/eco-tech.inf.br\/index.php\/product\/abinete-c3tech-micro-atx-com-fonte-mt-23v2-bk\/\" \/>\n<meta property=\"og:locale\" content=\"pt_BR\" \/>\n<meta property=\"og:type\" content=\"article\" \/>\n<meta property=\"og:title\" content=\"Gabinete C3Tech Micro-ATX com Fonte - MT-23V2 BK - Eco-Tech - Solu\u00e7\u00f5es em tecnologia\" \/>\n<meta property=\"og:description\" content=\"GABINETE TORRE Suporta placas m\u00e3e Micro ATX. Suporta tamb\u00e9m Floppy disk e SSD 2,5\u201d (2 baias). Fixa\u00e7\u00e3o de fonte ATX na parte superior do gabinete. ENTRADA USB E \u00c1UDIO Oferece 2 entradas USB (sendo 2x 2.0), entrada para microfone e sa\u00edda para fone de ouvido (Padr\u00e3o P2 3,5mm). FONTE INCLUSA Fonte ATX 200 Watts inclusa [&hellip;]\" \/>\n<meta property=\"og:url\" content=\"https:\/\/eco-tech.inf.br\/index.php\/product\/abinete-c3tech-micro-atx-com-fonte-mt-23v2-bk\/\" \/>\n<meta property=\"og:site_name\" content=\"Eco-Tech - Solu\u00e7\u00f5es em tecnologia\" \/>\n<meta property=\"article:publisher\" content=\"https:\/\/www.facebook.com\/EcoTech-Tecnologia-107960038523316\" \/>\n<meta property=\"article:modified_time\" content=\"2022-10-28T14:44:01+00:00\" \/>\n<meta property=\"og:image\" content=\"https:\/\/i0.wp.com\/eco-tech.inf.br\/wp-content\/uploads\/2022\/04\/exp-1.png?fit=495%2C455&ssl=1\" \/>\n\t<meta property=\"og:image:width\" content=\"495\" \/>\n\t<meta property=\"og:image:height\" content=\"455\" \/>\n\t<meta property=\"og:image:type\" content=\"image\/png\" \/>\n<meta name=\"twitter:card\" content=\"summary_large_image\" \/>\n<meta name=\"twitter:label1\" content=\"Est. tempo de leitura\" \/>\n\t<meta name=\"twitter:data1\" content=\"1 minuto\" \/>\n<script type=\"application\/ld+json\" class=\"yoast-schema-graph\">{\"@context\":\"https:\/\/schema.org\",\"@graph\":[{\"@type\":\"WebPage\",\"@id\":\"https:\/\/eco-tech.inf.br\/index.php\/product\/abinete-c3tech-micro-atx-com-fonte-mt-23v2-bk\/\",\"url\":\"https:\/\/eco-tech.inf.br\/index.php\/product\/abinete-c3tech-micro-atx-com-fonte-mt-23v2-bk\/\",\"name\":\"Gabinete C3Tech Micro-ATX com Fonte - MT-23V2 BK - Eco-Tech - Solu\u00e7\u00f5es em tecnologia\",\"isPartOf\":{\"@id\":\"https:\/\/eco-tech.inf.br\/#website\"},\"primaryImageOfPage\":{\"@id\":\"https:\/\/eco-tech.inf.br\/index.php\/product\/abinete-c3tech-micro-atx-com-fonte-mt-23v2-bk\/#primaryimage\"},\"image\":{\"@id\":\"https:\/\/eco-tech.inf.br\/index.php\/product\/abinete-c3tech-micro-atx-com-fonte-mt-23v2-bk\/#primaryimage\"},\"thumbnailUrl\":\"https:\/\/i0.wp.com\/eco-tech.inf.br\/wp-content\/uploads\/2022\/04\/exp-1.png?fit=495%2C455&ssl=1\",\"datePublished\":\"2022-04-26T15:35:50+00:00\",\"dateModified\":\"2022-10-28T14:44:01+00:00\",\"breadcrumb\":{\"@id\":\"https:\/\/eco-tech.inf.br\/index.php\/product\/abinete-c3tech-micro-atx-com-fonte-mt-23v2-bk\/#breadcrumb\"},\"inLanguage\":\"pt-BR\",\"potentialAction\":[{\"@type\":\"ReadAction\",\"target\":[\"https:\/\/eco-tech.inf.br\/index.php\/product\/abinete-c3tech-micro-atx-com-fonte-mt-23v2-bk\/\"]}]},{\"@type\":\"ImageObject\",\"inLanguage\":\"pt-BR\",\"@id\":\"https:\/\/eco-tech.inf.br\/index.php\/product\/abinete-c3tech-micro-atx-com-fonte-mt-23v2-bk\/#primaryimage\",\"url\":\"https:\/\/i0.wp.com\/eco-tech.inf.br\/wp-content\/uploads\/2022\/04\/exp-1.png?fit=495%2C455&ssl=1\",\"contentUrl\":\"https:\/\/i0.wp.com\/eco-tech.inf.br\/wp-content\/uploads\/2022\/04\/exp-1.png?fit=495%2C455&ssl=1\",\"width\":495,\"height\":455},{\"@type\":\"BreadcrumbList\",\"@id\":\"https:\/\/eco-tech.inf.br\/index.php\/product\/abinete-c3tech-micro-atx-com-fonte-mt-23v2-bk\/#breadcrumb\",\"itemListElement\":[{\"@type\":\"ListItem\",\"position\":1,\"name\":\"In\u00edcio\",\"item\":\"https:\/\/eco-tech.inf.br\/\"},{\"@type\":\"ListItem\",\"position\":2,\"name\":\"Produtos\",\"item\":\"https:\/\/eco-tech.inf.br\/index.php\/shop\/\"},{\"@type\":\"ListItem\",\"position\":3,\"name\":\"Gabinete C3Tech Micro-ATX com Fonte &#8211; MT-23V2 BK\"}]},{\"@type\":\"WebSite\",\"@id\":\"https:\/\/eco-tech.inf.br\/#website\",\"url\":\"https:\/\/eco-tech.inf.br\/\",\"name\":\"Eco-Tech - Solu\u00e7\u00f5es em tecnologia\",\"description\":\"Possu\u00edmos mais de 15 (anos) anos de experi\u00eancia levando para o norte do Brasil tecnologia de ponta trazida por grandes organiza\u00e7\u00f5es dos mais variados seguimentos.\",\"publisher\":{\"@id\":\"https:\/\/eco-tech.inf.br\/#organization\"},\"potentialAction\":[{\"@type\":\"SearchAction\",\"target\":{\"@type\":\"EntryPoint\",\"urlTemplate\":\"https:\/\/eco-tech.inf.br\/?s={search_term_string}\"},\"query-input\":{\"@type\":\"PropertyValueSpecification\",\"valueRequired\":true,\"valueName\":\"search_term_string\"}}],\"inLanguage\":\"pt-BR\"},{\"@type\":\"Organization\",\"@id\":\"https:\/\/eco-tech.inf.br\/#organization\",\"name\":\"ELO SOLU\u00c7\u00d5ES TECNOL\u00d3GICA LTDA\",\"url\":\"https:\/\/eco-tech.inf.br\/\",\"logo\":{\"@type\":\"ImageObject\",\"inLanguage\":\"pt-BR\",\"@id\":\"https:\/\/eco-tech.inf.br\/#\/schema\/logo\/image\/\",\"url\":\"https:\/\/i0.wp.com\/eco-tech.inf.br\/wp-content\/uploads\/2022\/03\/cropped-novologo-1.jpg?fit=512%2C512&ssl=1\",\"contentUrl\":\"https:\/\/i0.wp.com\/eco-tech.inf.br\/wp-content\/uploads\/2022\/03\/cropped-novologo-1.jpg?fit=512%2C512&ssl=1\",\"width\":512,\"height\":512,\"caption\":\"ELO SOLU\u00c7\u00d5ES TECNOL\u00d3GICA LTDA\"},\"image\":{\"@id\":\"https:\/\/eco-tech.inf.br\/#\/schema\/logo\/image\/\"},\"sameAs\":[\"https:\/\/www.facebook.com\/EcoTech-Tecnologia-107960038523316\",\"https:\/\/www.instagram.com\/p\/CbRSB23MmFd\/?utm_medium=copy_link\"]}]}<\/script>\n<!-- \/ Yoast SEO plugin. -->","yoast_head_json":{"title":"Gabinete C3Tech Micro-ATX com Fonte - MT-23V2 BK - Eco-Tech - Solu\u00e7\u00f5es em tecnologia","robots":{"index":"index","follow":"follow","max-snippet":"max-snippet:-1","max-image-preview":"max-image-preview:large","max-video-preview":"max-video-preview:-1"},"canonical":"https:\/\/eco-tech.inf.br\/index.php\/product\/abinete-c3tech-micro-atx-com-fonte-mt-23v2-bk\/","og_locale":"pt_BR","og_type":"article","og_title":"Gabinete C3Tech Micro-ATX com Fonte - MT-23V2 BK - Eco-Tech - Solu\u00e7\u00f5es em tecnologia","og_description":"GABINETE TORRE Suporta placas m\u00e3e Micro ATX. Suporta tamb\u00e9m Floppy disk e SSD 2,5\u201d (2 baias). Fixa\u00e7\u00e3o de fonte ATX na parte superior do gabinete. ENTRADA USB E \u00c1UDIO Oferece 2 entradas USB (sendo 2x 2.0), entrada para microfone e sa\u00edda para fone de ouvido (Padr\u00e3o P2 3,5mm). FONTE INCLUSA Fonte ATX 200 Watts inclusa [&hellip;]","og_url":"https:\/\/eco-tech.inf.br\/index.php\/product\/abinete-c3tech-micro-atx-com-fonte-mt-23v2-bk\/","og_site_name":"Eco-Tech - Solu\u00e7\u00f5es em tecnologia","article_publisher":"https:\/\/www.facebook.com\/EcoTech-Tecnologia-107960038523316","article_modified_time":"2022-10-28T14:44:01+00:00","og_image":[{"width":495,"height":455,"url":"https:\/\/i0.wp.com\/eco-tech.inf.br\/wp-content\/uploads\/2022\/04\/exp-1.png?fit=495%2C455&ssl=1","type":"image\/png"}],"twitter_card":"summary_large_image","twitter_misc":{"Est. tempo de leitura":"1 minuto"},"schema":{"@context":"https:\/\/schema.org","@graph":[{"@type":"WebPage","@id":"https:\/\/eco-tech.inf.br\/index.php\/product\/abinete-c3tech-micro-atx-com-fonte-mt-23v2-bk\/","url":"https:\/\/eco-tech.inf.br\/index.php\/product\/abinete-c3tech-micro-atx-com-fonte-mt-23v2-bk\/","name":"Gabinete C3Tech Micro-ATX com Fonte - MT-23V2 BK - Eco-Tech - Solu\u00e7\u00f5es em tecnologia","isPartOf":{"@id":"https:\/\/eco-tech.inf.br\/#website"},"primaryImageOfPage":{"@id":"https:\/\/eco-tech.inf.br\/index.php\/product\/abinete-c3tech-micro-atx-com-fonte-mt-23v2-bk\/#primaryimage"},"image":{"@id":"https:\/\/eco-tech.inf.br\/index.php\/product\/abinete-c3tech-micro-atx-com-fonte-mt-23v2-bk\/#primaryimage"},"thumbnailUrl":"https:\/\/i0.wp.com\/eco-tech.inf.br\/wp-content\/uploads\/2022\/04\/exp-1.png?fit=495%2C455&ssl=1","datePublished":"2022-04-26T15:35:50+00:00","dateModified":"2022-10-28T14:44:01+00:00","breadcrumb":{"@id":"https:\/\/eco-tech.inf.br\/index.php\/product\/abinete-c3tech-micro-atx-com-fonte-mt-23v2-bk\/#breadcrumb"},"inLanguage":"pt-BR","potentialAction":[{"@type":"ReadAction","target":["https:\/\/eco-tech.inf.br\/index.php\/product\/abinete-c3tech-micro-atx-com-fonte-mt-23v2-bk\/"]}]},{"@type":"ImageObject","inLanguage":"pt-BR","@id":"https:\/\/eco-tech.inf.br\/index.php\/product\/abinete-c3tech-micro-atx-com-fonte-mt-23v2-bk\/#primaryimage","url":"https:\/\/i0.wp.com\/eco-tech.inf.br\/wp-content\/uploads\/2022\/04\/exp-1.png?fit=495%2C455&ssl=1","contentUrl":"https:\/\/i0.wp.com\/eco-tech.inf.br\/wp-content\/uploads\/2022\/04\/exp-1.png?fit=495%2C455&ssl=1","width":495,"height":455},{"@type":"BreadcrumbList","@id":"https:\/\/eco-tech.inf.br\/index.php\/product\/abinete-c3tech-micro-atx-com-fonte-mt-23v2-bk\/#breadcrumb","itemListElement":[{"@type":"ListItem","position":1,"name":"In\u00edcio","item":"https:\/\/eco-tech.inf.br\/"},{"@type":"ListItem","position":2,"name":"Produtos","item":"https:\/\/eco-tech.inf.br\/index.php\/shop\/"},{"@type":"ListItem","position":3,"name":"Gabinete C3Tech Micro-ATX com Fonte &#8211; MT-23V2 BK"}]},{"@type":"WebSite","@id":"https:\/\/eco-tech.inf.br\/#website","url":"https:\/\/eco-tech.inf.br\/","name":"Eco-Tech - Solu\u00e7\u00f5es em tecnologia","description":"Possu\u00edmos mais de 15 (anos) anos de experi\u00eancia levando para o norte do Brasil tecnologia de ponta trazida por grandes organiza\u00e7\u00f5es dos mais variados seguimentos.","publisher":{"@id":"https:\/\/eco-tech.inf.br\/#organization"},"potentialAction":[{"@type":"SearchAction","target":{"@type":"EntryPoint","urlTemplate":"https:\/\/eco-tech.inf.br\/?s={search_term_string}"},"query-input":{"@type":"PropertyValueSpecification","valueRequired":true,"valueName":"search_term_string"}}],"inLanguage":"pt-BR"},{"@type":"Organization","@id":"https:\/\/eco-tech.inf.br\/#organization","name":"ELO SOLU\u00c7\u00d5ES TECNOL\u00d3GICA LTDA","url":"https:\/\/eco-tech.inf.br\/","logo":{"@type":"ImageObject","inLanguage":"pt-BR","@id":"https:\/\/eco-tech.inf.br\/#\/schema\/logo\/image\/","url":"https:\/\/i0.wp.com\/eco-tech.inf.br\/wp-content\/uploads\/2022\/03\/cropped-novologo-1.jpg?fit=512%2C512&ssl=1","contentUrl":"https:\/\/i0.wp.com\/eco-tech.inf.br\/wp-content\/uploads\/2022\/03\/cropped-novologo-1.jpg?fit=512%2C512&ssl=1","width":512,"height":512,"caption":"ELO SOLU\u00c7\u00d5ES TECNOL\u00d3GICA LTDA"},"image":{"@id":"https:\/\/eco-tech.inf.br\/#\/schema\/logo\/image\/"},"sameAs":["https:\/\/www.facebook.com\/EcoTech-Tecnologia-107960038523316","https:\/\/www.instagram.com\/p\/CbRSB23MmFd\/?utm_medium=copy_link"]}]}},"jetpack_sharing_enabled":true,"_links":{"self":[{"href":"https:\/\/eco-tech.inf.br\/index.php\/wp-json\/wp\/v2\/product\/355"}],"collection":[{"href":"https:\/\/eco-tech.inf.br\/index.php\/wp-json\/wp\/v2\/product"}],"about":[{"href":"https:\/\/eco-tech.inf.br\/index.php\/wp-json\/wp\/v2\/types\/product"}],"replies":[{"embeddable":true,"href":"https:\/\/eco-tech.inf.br\/index.php\/wp-json\/wp\/v2\/comments?post=355"}],"wp:featuredmedia":[{"embeddable":true,"href":"https:\/\/eco-tech.inf.br\/index.php\/wp-json\/wp\/v2\/media\/361"}],"wp:attachment":[{"href":"https:\/\/eco-tech.inf.br\/index.php\/wp-json\/wp\/v2\/media?parent=355"}],"wp:term":[{"taxonomy":"product_cat","embeddable":true,"href":"https:\/\/eco-tech.inf.br\/index.php\/wp-json\/wp\/v2\/product_cat?post=355"},{"taxonomy":"product_tag","embeddable":true,"href":"https:\/\/eco-tech.inf.br\/index.php\/wp-json\/wp\/v2\/product_tag?post=355"}],"curies":[{"name":"wp","href":"https:\/\/api.w.org\/{rel}","templated":true}]}}