{"id":350,"date":"2022-04-26T11:09:46","date_gmt":"2022-04-26T15:09:46","guid":{"rendered":"https:\/\/eco-tech.inf.br\/?post_type=product&#038;p=350"},"modified":"2022-10-28T10:44:32","modified_gmt":"2022-10-28T14:44:32","slug":"gabinete-mid-tower-nova-preto-com-1-fan-led-7-cores-lateral-em-acrilico-novpt7c1fca-pcyes-29619-preto","status":"publish","type":"product","link":"https:\/\/eco-tech.inf.br\/index.php\/product\/gabinete-mid-tower-nova-preto-com-1-fan-led-7-cores-lateral-em-acrilico-novpt7c1fca-pcyes-29619-preto\/","title":{"rendered":"Gabinete  Mid-Tower Nova Preto com 1 Fan Led 7 Cores lateral em acr\u00edlico  &#8211; NOVPT7C1FCA, PCYES, 29619, preto"},"content":{"rendered":"<h1 class=\"a-size-base-plus a-text-bold\">Sobre este item<\/h1>\n<ul class=\"a-unordered-list a-vertical a-spacing-mini\">\n<li><span class=\"a-list-item\">JANELA ACR\u00cdLICA: Destaque e proteja seus componentes atrav\u00e9s da janela acr\u00edlica fum\u00ea.<\/span><\/li>\n<li><span class=\"a-list-item\">ILUMINA\u00c7\u00c3O RGB 7 CORES: O gabinete possui bot\u00e3o de troca de LED para gerenciar seus modos de cores. Alterne entre as op\u00e7\u00f5es e encontre a que melhor se encaixa em seu setup!<\/span><\/li>\n<li><span class=\"a-list-item\">FILTRO DE POEIRA: Dois filtros de poeira facilmente remov\u00edveis ajudam a manter seu PC limpo. Por consequ\u00eancia, seus componentes internos mant\u00e9m-se otimizados por mais tempo.<\/span><\/li>\n<li><span class=\"a-list-item\">ILUMINA\u00c7\u00c3O: Frontal com fita de LED com op\u00e7\u00f5es de 7 cores.<\/span><\/li>\n<li><span class=\"a-list-item\">COMPATIBILIDADE: Placas-m\u00e3e suportadas: ATX, Micro ATX e ITX<\/span><\/li>\n<\/ul>\n","protected":false},"excerpt":{"rendered":"<p>Sobre este item JANELA ACR\u00cdLICA: Destaque e proteja seus componentes atrav\u00e9s da janela acr\u00edlica fum\u00ea. ILUMINA\u00c7\u00c3O RGB 7 CORES: O gabinete possui bot\u00e3o de troca de LED para gerenciar seus modos de cores. Alterne entre as op\u00e7\u00f5es e encontre a que melhor se encaixa em seu setup! FILTRO DE POEIRA: Dois filtros de poeira facilmente [&hellip;]<\/p>\n","protected":false},"featured_media":351,"comment_status":"closed","ping_status":"closed","template":"","meta":[],"product_cat":[167],"product_tag":[105,108,107],"yoast_head":"<!-- This site is optimized with the Yoast SEO plugin v23.5 - https:\/\/yoast.com\/wordpress\/plugins\/seo\/ -->\n<title>Gabinete Mid-Tower Nova Preto com 1 Fan Led 7 Cores lateral em acr\u00edlico - NOVPT7C1FCA, PCYES, 29619, preto - Eco-Tech - Solu\u00e7\u00f5es em tecnologia<\/title>\n<meta name=\"robots\" content=\"index, follow, max-snippet:-1, max-image-preview:large, max-video-preview:-1\" \/>\n<link rel=\"canonical\" href=\"https:\/\/eco-tech.inf.br\/index.php\/product\/gabinete-mid-tower-nova-preto-com-1-fan-led-7-cores-lateral-em-acrilico-novpt7c1fca-pcyes-29619-preto\/\" \/>\n<meta property=\"og:locale\" content=\"pt_BR\" \/>\n<meta property=\"og:type\" content=\"article\" \/>\n<meta property=\"og:title\" content=\"Gabinete Mid-Tower Nova Preto com 1 Fan Led 7 Cores lateral em acr\u00edlico - NOVPT7C1FCA, PCYES, 29619, preto - Eco-Tech - Solu\u00e7\u00f5es em tecnologia\" \/>\n<meta property=\"og:description\" content=\"Sobre este item JANELA ACR\u00cdLICA: Destaque e proteja seus componentes atrav\u00e9s da janela acr\u00edlica fum\u00ea. ILUMINA\u00c7\u00c3O RGB 7 CORES: O gabinete possui bot\u00e3o de troca de LED para gerenciar seus modos de cores. Alterne entre as op\u00e7\u00f5es e encontre a que melhor se encaixa em seu setup! FILTRO DE POEIRA: Dois filtros de poeira facilmente [&hellip;]\" \/>\n<meta property=\"og:url\" content=\"https:\/\/eco-tech.inf.br\/index.php\/product\/gabinete-mid-tower-nova-preto-com-1-fan-led-7-cores-lateral-em-acrilico-novpt7c1fca-pcyes-29619-preto\/\" \/>\n<meta property=\"og:site_name\" content=\"Eco-Tech - Solu\u00e7\u00f5es em tecnologia\" \/>\n<meta property=\"article:publisher\" content=\"https:\/\/www.facebook.com\/EcoTech-Tecnologia-107960038523316\" \/>\n<meta property=\"article:modified_time\" content=\"2022-10-28T14:44:32+00:00\" \/>\n<meta property=\"og:image\" content=\"https:\/\/i0.wp.com\/eco-tech.inf.br\/wp-content\/uploads\/2022\/04\/expo.png?fit=418%2C517&ssl=1\" \/>\n\t<meta property=\"og:image:width\" content=\"418\" \/>\n\t<meta property=\"og:image:height\" content=\"517\" \/>\n\t<meta property=\"og:image:type\" content=\"image\/png\" \/>\n<meta name=\"twitter:card\" content=\"summary_large_image\" \/>\n<meta name=\"twitter:label1\" content=\"Est. tempo de leitura\" \/>\n\t<meta name=\"twitter:data1\" content=\"1 minuto\" \/>\n<script type=\"application\/ld+json\" class=\"yoast-schema-graph\">{\"@context\":\"https:\/\/schema.org\",\"@graph\":[{\"@type\":\"WebPage\",\"@id\":\"https:\/\/eco-tech.inf.br\/index.php\/product\/gabinete-mid-tower-nova-preto-com-1-fan-led-7-cores-lateral-em-acrilico-novpt7c1fca-pcyes-29619-preto\/\",\"url\":\"https:\/\/eco-tech.inf.br\/index.php\/product\/gabinete-mid-tower-nova-preto-com-1-fan-led-7-cores-lateral-em-acrilico-novpt7c1fca-pcyes-29619-preto\/\",\"name\":\"Gabinete Mid-Tower Nova Preto com 1 Fan Led 7 Cores lateral em acr\u00edlico - NOVPT7C1FCA, PCYES, 29619, preto - Eco-Tech - Solu\u00e7\u00f5es em tecnologia\",\"isPartOf\":{\"@id\":\"https:\/\/eco-tech.inf.br\/#website\"},\"primaryImageOfPage\":{\"@id\":\"https:\/\/eco-tech.inf.br\/index.php\/product\/gabinete-mid-tower-nova-preto-com-1-fan-led-7-cores-lateral-em-acrilico-novpt7c1fca-pcyes-29619-preto\/#primaryimage\"},\"image\":{\"@id\":\"https:\/\/eco-tech.inf.br\/index.php\/product\/gabinete-mid-tower-nova-preto-com-1-fan-led-7-cores-lateral-em-acrilico-novpt7c1fca-pcyes-29619-preto\/#primaryimage\"},\"thumbnailUrl\":\"https:\/\/i0.wp.com\/eco-tech.inf.br\/wp-content\/uploads\/2022\/04\/expo.png?fit=418%2C517&ssl=1\",\"datePublished\":\"2022-04-26T15:09:46+00:00\",\"dateModified\":\"2022-10-28T14:44:32+00:00\",\"breadcrumb\":{\"@id\":\"https:\/\/eco-tech.inf.br\/index.php\/product\/gabinete-mid-tower-nova-preto-com-1-fan-led-7-cores-lateral-em-acrilico-novpt7c1fca-pcyes-29619-preto\/#breadcrumb\"},\"inLanguage\":\"pt-BR\",\"potentialAction\":[{\"@type\":\"ReadAction\",\"target\":[\"https:\/\/eco-tech.inf.br\/index.php\/product\/gabinete-mid-tower-nova-preto-com-1-fan-led-7-cores-lateral-em-acrilico-novpt7c1fca-pcyes-29619-preto\/\"]}]},{\"@type\":\"ImageObject\",\"inLanguage\":\"pt-BR\",\"@id\":\"https:\/\/eco-tech.inf.br\/index.php\/product\/gabinete-mid-tower-nova-preto-com-1-fan-led-7-cores-lateral-em-acrilico-novpt7c1fca-pcyes-29619-preto\/#primaryimage\",\"url\":\"https:\/\/i0.wp.com\/eco-tech.inf.br\/wp-content\/uploads\/2022\/04\/expo.png?fit=418%2C517&ssl=1\",\"contentUrl\":\"https:\/\/i0.wp.com\/eco-tech.inf.br\/wp-content\/uploads\/2022\/04\/expo.png?fit=418%2C517&ssl=1\",\"width\":418,\"height\":517},{\"@type\":\"BreadcrumbList\",\"@id\":\"https:\/\/eco-tech.inf.br\/index.php\/product\/gabinete-mid-tower-nova-preto-com-1-fan-led-7-cores-lateral-em-acrilico-novpt7c1fca-pcyes-29619-preto\/#breadcrumb\",\"itemListElement\":[{\"@type\":\"ListItem\",\"position\":1,\"name\":\"In\u00edcio\",\"item\":\"https:\/\/eco-tech.inf.br\/\"},{\"@type\":\"ListItem\",\"position\":2,\"name\":\"Produtos\",\"item\":\"https:\/\/eco-tech.inf.br\/index.php\/shop\/\"},{\"@type\":\"ListItem\",\"position\":3,\"name\":\"Gabinete Mid-Tower Nova Preto com 1 Fan Led 7 Cores lateral em acr\u00edlico &#8211; NOVPT7C1FCA, PCYES, 29619, preto\"}]},{\"@type\":\"WebSite\",\"@id\":\"https:\/\/eco-tech.inf.br\/#website\",\"url\":\"https:\/\/eco-tech.inf.br\/\",\"name\":\"Eco-Tech - Solu\u00e7\u00f5es em tecnologia\",\"description\":\"Possu\u00edmos mais de 15 (anos) anos de experi\u00eancia levando para o norte do Brasil tecnologia de ponta trazida por grandes organiza\u00e7\u00f5es dos mais variados seguimentos.\",\"publisher\":{\"@id\":\"https:\/\/eco-tech.inf.br\/#organization\"},\"potentialAction\":[{\"@type\":\"SearchAction\",\"target\":{\"@type\":\"EntryPoint\",\"urlTemplate\":\"https:\/\/eco-tech.inf.br\/?s={search_term_string}\"},\"query-input\":{\"@type\":\"PropertyValueSpecification\",\"valueRequired\":true,\"valueName\":\"search_term_string\"}}],\"inLanguage\":\"pt-BR\"},{\"@type\":\"Organization\",\"@id\":\"https:\/\/eco-tech.inf.br\/#organization\",\"name\":\"ELO SOLU\u00c7\u00d5ES TECNOL\u00d3GICA LTDA\",\"url\":\"https:\/\/eco-tech.inf.br\/\",\"logo\":{\"@type\":\"ImageObject\",\"inLanguage\":\"pt-BR\",\"@id\":\"https:\/\/eco-tech.inf.br\/#\/schema\/logo\/image\/\",\"url\":\"https:\/\/i0.wp.com\/eco-tech.inf.br\/wp-content\/uploads\/2022\/03\/cropped-novologo-1.jpg?fit=512%2C512&ssl=1\",\"contentUrl\":\"https:\/\/i0.wp.com\/eco-tech.inf.br\/wp-content\/uploads\/2022\/03\/cropped-novologo-1.jpg?fit=512%2C512&ssl=1\",\"width\":512,\"height\":512,\"caption\":\"ELO SOLU\u00c7\u00d5ES TECNOL\u00d3GICA LTDA\"},\"image\":{\"@id\":\"https:\/\/eco-tech.inf.br\/#\/schema\/logo\/image\/\"},\"sameAs\":[\"https:\/\/www.facebook.com\/EcoTech-Tecnologia-107960038523316\",\"https:\/\/www.instagram.com\/p\/CbRSB23MmFd\/?utm_medium=copy_link\"]}]}<\/script>\n<!-- \/ Yoast SEO plugin. -->","yoast_head_json":{"title":"Gabinete Mid-Tower Nova Preto com 1 Fan Led 7 Cores lateral em acr\u00edlico - NOVPT7C1FCA, PCYES, 29619, preto - Eco-Tech - Solu\u00e7\u00f5es em tecnologia","robots":{"index":"index","follow":"follow","max-snippet":"max-snippet:-1","max-image-preview":"max-image-preview:large","max-video-preview":"max-video-preview:-1"},"canonical":"https:\/\/eco-tech.inf.br\/index.php\/product\/gabinete-mid-tower-nova-preto-com-1-fan-led-7-cores-lateral-em-acrilico-novpt7c1fca-pcyes-29619-preto\/","og_locale":"pt_BR","og_type":"article","og_title":"Gabinete Mid-Tower Nova Preto com 1 Fan Led 7 Cores lateral em acr\u00edlico - NOVPT7C1FCA, PCYES, 29619, preto - Eco-Tech - Solu\u00e7\u00f5es em tecnologia","og_description":"Sobre este item JANELA ACR\u00cdLICA: Destaque e proteja seus componentes atrav\u00e9s da janela acr\u00edlica fum\u00ea. ILUMINA\u00c7\u00c3O RGB 7 CORES: O gabinete possui bot\u00e3o de troca de LED para gerenciar seus modos de cores. Alterne entre as op\u00e7\u00f5es e encontre a que melhor se encaixa em seu setup! FILTRO DE POEIRA: Dois filtros de poeira facilmente [&hellip;]","og_url":"https:\/\/eco-tech.inf.br\/index.php\/product\/gabinete-mid-tower-nova-preto-com-1-fan-led-7-cores-lateral-em-acrilico-novpt7c1fca-pcyes-29619-preto\/","og_site_name":"Eco-Tech - Solu\u00e7\u00f5es em tecnologia","article_publisher":"https:\/\/www.facebook.com\/EcoTech-Tecnologia-107960038523316","article_modified_time":"2022-10-28T14:44:32+00:00","og_image":[{"width":418,"height":517,"url":"https:\/\/i0.wp.com\/eco-tech.inf.br\/wp-content\/uploads\/2022\/04\/expo.png?fit=418%2C517&ssl=1","type":"image\/png"}],"twitter_card":"summary_large_image","twitter_misc":{"Est. tempo de leitura":"1 minuto"},"schema":{"@context":"https:\/\/schema.org","@graph":[{"@type":"WebPage","@id":"https:\/\/eco-tech.inf.br\/index.php\/product\/gabinete-mid-tower-nova-preto-com-1-fan-led-7-cores-lateral-em-acrilico-novpt7c1fca-pcyes-29619-preto\/","url":"https:\/\/eco-tech.inf.br\/index.php\/product\/gabinete-mid-tower-nova-preto-com-1-fan-led-7-cores-lateral-em-acrilico-novpt7c1fca-pcyes-29619-preto\/","name":"Gabinete Mid-Tower Nova Preto com 1 Fan Led 7 Cores lateral em acr\u00edlico - NOVPT7C1FCA, PCYES, 29619, preto - Eco-Tech - Solu\u00e7\u00f5es em tecnologia","isPartOf":{"@id":"https:\/\/eco-tech.inf.br\/#website"},"primaryImageOfPage":{"@id":"https:\/\/eco-tech.inf.br\/index.php\/product\/gabinete-mid-tower-nova-preto-com-1-fan-led-7-cores-lateral-em-acrilico-novpt7c1fca-pcyes-29619-preto\/#primaryimage"},"image":{"@id":"https:\/\/eco-tech.inf.br\/index.php\/product\/gabinete-mid-tower-nova-preto-com-1-fan-led-7-cores-lateral-em-acrilico-novpt7c1fca-pcyes-29619-preto\/#primaryimage"},"thumbnailUrl":"https:\/\/i0.wp.com\/eco-tech.inf.br\/wp-content\/uploads\/2022\/04\/expo.png?fit=418%2C517&ssl=1","datePublished":"2022-04-26T15:09:46+00:00","dateModified":"2022-10-28T14:44:32+00:00","breadcrumb":{"@id":"https:\/\/eco-tech.inf.br\/index.php\/product\/gabinete-mid-tower-nova-preto-com-1-fan-led-7-cores-lateral-em-acrilico-novpt7c1fca-pcyes-29619-preto\/#breadcrumb"},"inLanguage":"pt-BR","potentialAction":[{"@type":"ReadAction","target":["https:\/\/eco-tech.inf.br\/index.php\/product\/gabinete-mid-tower-nova-preto-com-1-fan-led-7-cores-lateral-em-acrilico-novpt7c1fca-pcyes-29619-preto\/"]}]},{"@type":"ImageObject","inLanguage":"pt-BR","@id":"https:\/\/eco-tech.inf.br\/index.php\/product\/gabinete-mid-tower-nova-preto-com-1-fan-led-7-cores-lateral-em-acrilico-novpt7c1fca-pcyes-29619-preto\/#primaryimage","url":"https:\/\/i0.wp.com\/eco-tech.inf.br\/wp-content\/uploads\/2022\/04\/expo.png?fit=418%2C517&ssl=1","contentUrl":"https:\/\/i0.wp.com\/eco-tech.inf.br\/wp-content\/uploads\/2022\/04\/expo.png?fit=418%2C517&ssl=1","width":418,"height":517},{"@type":"BreadcrumbList","@id":"https:\/\/eco-tech.inf.br\/index.php\/product\/gabinete-mid-tower-nova-preto-com-1-fan-led-7-cores-lateral-em-acrilico-novpt7c1fca-pcyes-29619-preto\/#breadcrumb","itemListElement":[{"@type":"ListItem","position":1,"name":"In\u00edcio","item":"https:\/\/eco-tech.inf.br\/"},{"@type":"ListItem","position":2,"name":"Produtos","item":"https:\/\/eco-tech.inf.br\/index.php\/shop\/"},{"@type":"ListItem","position":3,"name":"Gabinete Mid-Tower Nova Preto com 1 Fan Led 7 Cores lateral em acr\u00edlico &#8211; NOVPT7C1FCA, PCYES, 29619, preto"}]},{"@type":"WebSite","@id":"https:\/\/eco-tech.inf.br\/#website","url":"https:\/\/eco-tech.inf.br\/","name":"Eco-Tech - Solu\u00e7\u00f5es em tecnologia","description":"Possu\u00edmos mais de 15 (anos) anos de experi\u00eancia levando para o norte do Brasil tecnologia de ponta trazida por grandes organiza\u00e7\u00f5es dos mais variados seguimentos.","publisher":{"@id":"https:\/\/eco-tech.inf.br\/#organization"},"potentialAction":[{"@type":"SearchAction","target":{"@type":"EntryPoint","urlTemplate":"https:\/\/eco-tech.inf.br\/?s={search_term_string}"},"query-input":{"@type":"PropertyValueSpecification","valueRequired":true,"valueName":"search_term_string"}}],"inLanguage":"pt-BR"},{"@type":"Organization","@id":"https:\/\/eco-tech.inf.br\/#organization","name":"ELO SOLU\u00c7\u00d5ES TECNOL\u00d3GICA LTDA","url":"https:\/\/eco-tech.inf.br\/","logo":{"@type":"ImageObject","inLanguage":"pt-BR","@id":"https:\/\/eco-tech.inf.br\/#\/schema\/logo\/image\/","url":"https:\/\/i0.wp.com\/eco-tech.inf.br\/wp-content\/uploads\/2022\/03\/cropped-novologo-1.jpg?fit=512%2C512&ssl=1","contentUrl":"https:\/\/i0.wp.com\/eco-tech.inf.br\/wp-content\/uploads\/2022\/03\/cropped-novologo-1.jpg?fit=512%2C512&ssl=1","width":512,"height":512,"caption":"ELO SOLU\u00c7\u00d5ES TECNOL\u00d3GICA LTDA"},"image":{"@id":"https:\/\/eco-tech.inf.br\/#\/schema\/logo\/image\/"},"sameAs":["https:\/\/www.facebook.com\/EcoTech-Tecnologia-107960038523316","https:\/\/www.instagram.com\/p\/CbRSB23MmFd\/?utm_medium=copy_link"]}]}},"jetpack_sharing_enabled":true,"_links":{"self":[{"href":"https:\/\/eco-tech.inf.br\/index.php\/wp-json\/wp\/v2\/product\/350"}],"collection":[{"href":"https:\/\/eco-tech.inf.br\/index.php\/wp-json\/wp\/v2\/product"}],"about":[{"href":"https:\/\/eco-tech.inf.br\/index.php\/wp-json\/wp\/v2\/types\/product"}],"replies":[{"embeddable":true,"href":"https:\/\/eco-tech.inf.br\/index.php\/wp-json\/wp\/v2\/comments?post=350"}],"wp:featuredmedia":[{"embeddable":true,"href":"https:\/\/eco-tech.inf.br\/index.php\/wp-json\/wp\/v2\/media\/351"}],"wp:attachment":[{"href":"https:\/\/eco-tech.inf.br\/index.php\/wp-json\/wp\/v2\/media?parent=350"}],"wp:term":[{"taxonomy":"product_cat","embeddable":true,"href":"https:\/\/eco-tech.inf.br\/index.php\/wp-json\/wp\/v2\/product_cat?post=350"},{"taxonomy":"product_tag","embeddable":true,"href":"https:\/\/eco-tech.inf.br\/index.php\/wp-json\/wp\/v2\/product_tag?post=350"}],"curies":[{"name":"wp","href":"https:\/\/api.w.org\/{rel}","templated":true}]}}