{"id":335,"date":"2022-04-26T10:42:39","date_gmt":"2022-04-26T14:42:39","guid":{"rendered":"https:\/\/eco-tech.inf.br\/?post_type=product&#038;p=335"},"modified":"2022-07-14T16:19:13","modified_gmt":"2022-07-14T20:19:13","slug":"computador-desktop-intel-core-i3-4gb-ssd-120gb","status":"publish","type":"product","link":"https:\/\/eco-tech.inf.br\/index.php\/product\/computador-desktop-intel-core-i3-4gb-ssd-120gb\/","title":{"rendered":"Computador Desktop Intel Core I3 4gb ssd 120gb"},"content":{"rendered":"<div class=\"info__NoMarginBottomCol-sc-13tjohn-2 gdqCjo ColUI-gjy0oc-0 cxaHDZ ViewUI-sc-1ijittn-6 iXIDWU\" hidden=\"\">\n<div class=\"TitleWrapper-sc-1wh9e1x-7 cqwXEJ ViewUI-sc-1ijittn-6 iXIDWU\">\n<div data-test='contact-form' id='contact-form-335' class='wp-block-jetpack-contact-form-container '>\n<form action='https:\/\/eco-tech.inf.br\/index.php\/product\/computador-desktop-intel-core-i3-4gb-ssd-120gb\/#contact-form-335' method='post' class='contact-form commentsblock' aria-label=\"Computador Desktop Intel Core I3 4gb ssd 120gb\" novalidate>\n\n<div style=\"\" class='grunion-field-name-wrap grunion-field-wrap'  >\n<label\n\t\t\t\tfor='g335-nome'\n\t\t\t\tclass='grunion-field-label name'>Nome<span class=\"grunion-label-required\" aria-hidden=\"true\">(obrigat\u00f3rio)<\/span><\/label>\n<input\n\t\t\t\t\ttype='text'\n\t\t\t\t\tname='g335-nome'\n\t\t\t\t\tid='g335-nome'\n\t\t\t\t\tvalue=''\n\t\t\t\t\tclass='name  grunion-field' \n\t\t\t\t\trequired aria-required='true' \/>\n\t<\/div>\n\n<div style=\"\" class='grunion-field-email-wrap grunion-field-wrap'  >\n<label\n\t\t\t\tfor='g335-email'\n\t\t\t\tclass='grunion-field-label email'>E-mail<span class=\"grunion-label-required\" aria-hidden=\"true\">(obrigat\u00f3rio)<\/span><\/label>\n<input\n\t\t\t\t\ttype='email'\n\t\t\t\t\tname='g335-email'\n\t\t\t\t\tid='g335-email'\n\t\t\t\t\tvalue=''\n\t\t\t\t\tclass='email  grunion-field' \n\t\t\t\t\trequired aria-required='true' \/>\n\t<\/div>\n\n<div style=\"\" class='grunion-field-url-wrap grunion-field-wrap'  >\n<label\n\t\t\t\tfor='g335-site'\n\t\t\t\tclass='grunion-field-label url'>Site<\/label>\n<input\n\t\t\t\t\ttype='text'\n\t\t\t\t\tname='g335-site'\n\t\t\t\t\tid='g335-site'\n\t\t\t\t\tvalue=''\n\t\t\t\t\tclass='url  grunion-field' \n\t\t\t\t\ttitle=\"Digite um URL v\u00e1lido - https:\/\/www.exemplo.com\" oninvalid=\"setCustomValidity(&quot;Digite um URL v\u00e1lido - https:\/\/www.exemplo.com&quot;)\" oninput=\"setCustomValidity(&quot;&quot;)\" pattern=\"(([:\\\/a-zA-Z0-9_\\-]+)?(\\.[a-zA-Z0-9_\\-\\\/]+)+)\" data-type-override=\"url\"  \/>\n\t<\/div>\n\n<div style=\"\" class='grunion-field-textarea-wrap grunion-field-wrap'  >\n<label\n\t\t\t\tfor='contact-form-comment-g335-mensagem'\n\t\t\t\tclass='grunion-field-label textarea'>Mensagem<\/label>\n<textarea\n\t\t                style=''\n\t\t                name='g335-mensagem'\n\t\t                id='contact-form-comment-g335-mensagem'\n\t\t                rows='20' class='textarea  grunion-field'  ><\/textarea>\n\t<\/div>\n\t<p class='contact-submit'>\n\t\t<button type='submit' class='pushbutton-wide'>Enviar<\/button>\t\t<input type='hidden' name='contact-form-id' value='335' \/>\n\t\t<input type='hidden' name='action' value='grunion-contact-form' \/>\n\t\t<input type='hidden' name='contact-form-hash' value='5306e72c464c9fbc2914b90ada79c8fd9f2dde35' \/>\n\t<\/p>\n<p style=\"display: none !important;\" class=\"akismet-fields-container\" data-prefix=\"ak_\"><label>&#916;<textarea name=\"ak_hp_textarea\" cols=\"45\" rows=\"8\" maxlength=\"100\"><\/textarea><\/label><input type=\"hidden\" id=\"ak_js_1\" name=\"ak_js\" value=\"69\"\/><script type=\"text\/javascript\">\n\/* <![CDATA[ *\/\ndocument.getElementById( \"ak_js_1\" ).setAttribute( \"value\", ( new Date() ).getTime() );\n\/* ]]> *\/\n<\/script>\n<\/p><\/form>\n<\/div>\n<div class=\"info__NoMarginBottomCol-sc-13tjohn-2 gdqCjo ColUI-gjy0oc-0 cxaHDZ ViewUI-sc-1ijittn-6 iXIDWU\" hidden=\"\">\n<div class=\"TitleWrapper-sc-1wh9e1x-7 cqwXEJ ViewUI-sc-1ijittn-6 iXIDWU\">\n<h2 class=\"TitleH2-sc-1wh9e1x-1 OItzJ\">informa\u00e7\u00f5es do produto<\/h2>\n<\/div>\n<\/div>\n<div class=\"info-description-frame-inside info__DescriptionCol-sc-13tjohn-0 FziEj ColUI-gjy0oc-0 hZFKDP ViewUI-sc-1ijittn-6 iXIDWU\" hidden=\"\">\n<div>Cpu Intel Core I3 4gb ssd 120gb *10x mais r\u00e1pido*<br \/>\nExcelente custo benef\u00edcio<br \/>\n\u00d3timo desempenho, agilidade e armazenamento<\/p>\n<p>Marca: Xtrime Inform\u00e1tica<br \/>\nProcessador: Intel Core I3<br \/>\nChipset: intel Express<br \/>\nMem\u00f3ria Ram: 4gb Ddr3<br \/>\nssd: 120gb Sata<br \/>\nPlaca M\u00e3e: Padrao Atx<br \/>\nPortas Usb: 6 portas<br \/>\nRede (Lan): 10\/100\/1000<br \/>\nSom: Realtek<br \/>\nMem\u00f3ria De V\u00eddeo (Gr\u00e1fico): 1 Gb Compartilhada<br \/>\nConex\u00f5es De V\u00eddeo: Sa\u00edda Multi-Vga<br \/>\nConex\u00f5es Traseiras: Ps2 Teclado, Ps2 Mouse, Lan, 4 X Usb,3 X \u00c1udio, Mouse<br \/>\nEmbalagem: 01 Cpu<br \/>\nVoltagem: Bivolt (Manual)<br \/>\nDimens\u00f5es Embalagem: 40x20x40<br \/>\nPeso Da Embalagem: 6kg<br \/>\nGarantia Do Fornecedor: 3 meses<\/p>\n<p>Gabinete pode variar de acordo com a disponibilidade<\/p>\n<div class=\"info__NoMarginBottomCol-sc-13tjohn-2 gdqCjo ColUI-gjy0oc-0 cxaHDZ ViewUI-sc-1ijittn-6 iXIDWU\" hidden=\"\">\n<div class=\"TitleWrapper-sc-1wh9e1x-7 cqwXEJ ViewUI-sc-1ijittn-6 iXIDWU\">\n<h2 class=\"TitleH2-sc-1wh9e1x-1 OItzJ\">informa\u00e7\u00f5es do produto<\/h2>\n<\/div>\n<\/div>\n<div class=\"info-description-frame-inside info__DescriptionCol-sc-13tjohn-0 FziEj ColUI-gjy0oc-0 hZFKDP ViewUI-sc-1ijittn-6 iXIDWU\" hidden=\"\">\n<div>Cpu Intel Core I3 4gb ssd 120gb *10x mais r\u00e1pido*<br \/>\nExcelente custo benef\u00edcio<br \/>\n\u00d3timo desempenho, agilidade e armazenamento<\/p>\n<p>Marca: Xtrime Inform\u00e1tica<br \/>\nProcessador: Intel Core I3<br \/>\nChipset: intel Express<br \/>\nMem\u00f3ria Ram: 4gb Ddr3<br \/>\nssd: 120gb Sata<br \/>\nPlaca M\u00e3e: Padrao Atx<br \/>\nPortas Usb: 6 portas<br \/>\nRede (Lan): 10\/100\/1000<br \/>\nSom: Realtek<br \/>\nMem\u00f3ria De V\u00eddeo (Gr\u00e1fico): 1 Gb Compartilhada<br \/>\nConex\u00f5es De V\u00eddeo: Sa\u00edda Multi-Vga<br \/>\nConex\u00f5es Traseiras: Ps2 Teclado, Ps2 Mouse, Lan, 4 X Usb,3 X \u00c1udio, Mouse<br \/>\nEmbalagem: 01 Cpu<br \/>\nVoltagem: Bivolt (Manual)<br \/>\nDimens\u00f5es Embalagem: 40x20x40<br \/>\nPeso Da Embalagem: 6kg<br \/>\nGarantia Do Fornecedor: 3 meses<\/p>\n<p>Gabinete pode variar de acordo com a disponibilidade<div data-test='contact-form' id='contact-form-335' class='wp-block-jetpack-contact-form-container '>\n<form action='https:\/\/eco-tech.inf.br\/index.php\/product\/computador-desktop-intel-core-i3-4gb-ssd-120gb\/#contact-form-335' method='post' class='contact-form commentsblock' aria-label=\"Computador Desktop Intel Core I3 4gb ssd 120gb\" novalidate>\n\n<div style=\"\" class='grunion-field-name-wrap grunion-field-wrap'  >\n<label\n\t\t\t\tfor='g335-nome'\n\t\t\t\tclass='grunion-field-label name'>Nome<span class=\"grunion-label-required\" aria-hidden=\"true\">(obrigat\u00f3rio)<\/span><\/label>\n<input\n\t\t\t\t\ttype='text'\n\t\t\t\t\tname='g335-nome'\n\t\t\t\t\tid='g335-nome'\n\t\t\t\t\tvalue=''\n\t\t\t\t\tclass='name  grunion-field' \n\t\t\t\t\trequired aria-required='true' \/>\n\t<\/div>\n\n<div style=\"\" class='grunion-field-email-wrap grunion-field-wrap'  >\n<label\n\t\t\t\tfor='g335-email'\n\t\t\t\tclass='grunion-field-label email'>E-mail<span class=\"grunion-label-required\" aria-hidden=\"true\">(obrigat\u00f3rio)<\/span><\/label>\n<input\n\t\t\t\t\ttype='email'\n\t\t\t\t\tname='g335-email'\n\t\t\t\t\tid='g335-email'\n\t\t\t\t\tvalue=''\n\t\t\t\t\tclass='email  grunion-field' \n\t\t\t\t\trequired aria-required='true' \/>\n\t<\/div>\n\n<div style=\"\" class='grunion-field-url-wrap grunion-field-wrap'  >\n<label\n\t\t\t\tfor='g335-site'\n\t\t\t\tclass='grunion-field-label url'>Site<\/label>\n<input\n\t\t\t\t\ttype='text'\n\t\t\t\t\tname='g335-site'\n\t\t\t\t\tid='g335-site'\n\t\t\t\t\tvalue=''\n\t\t\t\t\tclass='url  grunion-field' \n\t\t\t\t\ttitle=\"Digite um URL v\u00e1lido - https:\/\/www.exemplo.com\" oninvalid=\"setCustomValidity(&quot;Digite um URL v\u00e1lido - https:\/\/www.exemplo.com&quot;)\" oninput=\"setCustomValidity(&quot;&quot;)\" pattern=\"(([:\\\/a-zA-Z0-9_\\-]+)?(\\.[a-zA-Z0-9_\\-\\\/]+)+)\" data-type-override=\"url\"  \/>\n\t<\/div>\n\n<div style=\"\" class='grunion-field-textarea-wrap grunion-field-wrap'  >\n<label\n\t\t\t\tfor='contact-form-comment-g335-mensagem'\n\t\t\t\tclass='grunion-field-label textarea'>Mensagem<\/label>\n<textarea\n\t\t                style=''\n\t\t                name='g335-mensagem'\n\t\t                id='contact-form-comment-g335-mensagem'\n\t\t                rows='20' class='textarea  grunion-field'  ><\/textarea>\n\t<\/div>\n\t<p class='contact-submit'>\n\t\t<button type='submit' class='pushbutton-wide'>Enviar<\/button>\t\t<input type='hidden' name='contact-form-id' value='335' \/>\n\t\t<input type='hidden' name='action' value='grunion-contact-form' \/>\n\t\t<input type='hidden' name='contact-form-hash' value='5306e72c464c9fbc2914b90ada79c8fd9f2dde35' \/>\n\t<\/p>\n<p style=\"display: none !important;\" class=\"akismet-fields-container\" data-prefix=\"ak_\"><label>&#916;<textarea name=\"ak_hp_textarea\" cols=\"45\" rows=\"8\" maxlength=\"100\"><\/textarea><\/label><input type=\"hidden\" id=\"ak_js_2\" name=\"ak_js\" value=\"104\"\/><script type=\"text\/javascript\">\n\/* <![CDATA[ *\/\ndocument.getElementById( \"ak_js_2\" ).setAttribute( \"value\", ( new Date() ).getTime() );\n\/* ]]> *\/\n<\/script>\n<\/p><\/form>\n<\/div><\/p>\n<\/div>\n<\/div>\n<\/div>\n<\/div>\n<h2 class=\"TitleH2-sc-1wh9e1x-1 OItzJ\">informa\u00e7\u00f5es do produto<\/h2>\n<\/div>\n<\/div>\n<div class=\"info-description-frame-inside info__DescriptionCol-sc-13tjohn-0 FziEj ColUI-gjy0oc-0 hZFKDP ViewUI-sc-1ijittn-6 iXIDWU\" hidden=\"\">\n<div>Cpu Intel Core I3 4gb ssd 120gb *10x mais r\u00e1pido*<br \/>\nExcelente custo benef\u00edcio<br \/>\n\u00d3timo desempenho, agilidade e armazenamento<\/p>\n<p>Marca: Xtrime Inform\u00e1tica<br \/>\nProcessador: Intel Core I3<br \/>\nChipset: intel Express<br \/>\nMem\u00f3ria Ram: 4gb Ddr3<br \/>\nssd: 120gb Sata<br \/>\nPlaca M\u00e3e: Padrao Atx<br \/>\nPortas Usb: 6 portas<br \/>\nRede (Lan): 10\/100\/1000<br \/>\nSom: Realtek<br \/>\nMem\u00f3ria De V\u00eddeo (Gr\u00e1fico): 1 Gb Compartilhada<br \/>\nConex\u00f5es De V\u00eddeo: Sa\u00edda Multi-Vga<br \/>\nConex\u00f5es Traseiras: Ps2 Teclado, Ps2 Mouse, Lan, 4 X Usb,3 X \u00c1udio, Mouse<br \/>\nEmbalagem: 01 Cpu<br \/>\nVoltagem: Bivolt (Manual)<br \/>\nDimens\u00f5es Embalagem: 40x20x40<br \/>\nPeso Da Embalagem: 6kg<br \/>\nGarantia Do Fornecedor: 3 meses<\/p>\n<p>Gabinete pode variar de acordo com a disponibilidade<\/p>\n<div class=\"info__NoMarginBottomCol-sc-13tjohn-2 gdqCjo ColUI-gjy0oc-0 cxaHDZ ViewUI-sc-1ijittn-6 iXIDWU\" hidden=\"\">\n<div class=\"TitleWrapper-sc-1wh9e1x-7 cqwXEJ ViewUI-sc-1ijittn-6 iXIDWU\">\n<h2 class=\"TitleH2-sc-1wh9e1x-1 OItzJ\">informa\u00e7\u00f5es do produto<\/h2>\n<\/div>\n<\/div>\n<div class=\"info-description-frame-inside info__DescriptionCol-sc-13tjohn-0 FziEj ColUI-gjy0oc-0 hZFKDP ViewUI-sc-1ijittn-6 iXIDWU\" hidden=\"\">\n<div>Cpu Intel Core I3 4gb ssd 120gb *10x mais r\u00e1pido*<br \/>\nExcelente custo benef\u00edcio<br \/>\n\u00d3timo desempenho, agilidade e armazenamento<\/p>\n<p>Marca: Xtrime Inform\u00e1tica<br \/>\nProcessador: Intel Core I3<br \/>\nChipset: intel Express<br \/>\nMem\u00f3ria Ram: 4gb Ddr3<br \/>\nssd: 120gb Sata<br \/>\nPlaca M\u00e3e: Padrao Atx<br \/>\nPortas Usb: 6 portas<br \/>\nRede (Lan): 10\/100\/1000<br \/>\nSom: Realtek<br \/>\nMem\u00f3ria De V\u00eddeo (Gr\u00e1fico): 1 Gb Compartilhada<br \/>\nConex\u00f5es De V\u00eddeo: Sa\u00edda Multi-Vga<br \/>\nConex\u00f5es Traseiras: Ps2 Teclado, Ps2 Mouse, Lan, 4 X Usb,3 X \u00c1udio, Mouse<br \/>\nEmbalagem: 01 Cpu<br \/>\nVoltagem: Bivolt (Manual)<br \/>\nDimens\u00f5es Embalagem: 40x20x40<br \/>\nPeso Da Embalagem: 6kg<br \/>\nGarantia Do Fornecedor: 3 meses<\/p>\n<p>Gabinete pode variar de acordo com a disponibilidade<\/p><\/div>\n<\/div>\n<\/div>\n<\/div>\n","protected":false},"excerpt":{"rendered":"<p>informa\u00e7\u00f5es do produto Cpu Intel Core I3 4gb ssd 120gb *10x mais r\u00e1pido* Excelente custo benef\u00edcio \u00d3timo desempenho, agilidade e armazenamento Marca: Xtrime Inform\u00e1tica Processador: Intel Core I3 Chipset: intel Express Mem\u00f3ria Ram: 4gb Ddr3 ssd: 120gb Sata Placa M\u00e3e: Padrao Atx Portas Usb: 6 portas Rede (Lan): 10\/100\/1000 Som: Realtek Mem\u00f3ria De V\u00eddeo (Gr\u00e1fico): [&hellip;]<\/p>\n","protected":false},"featured_media":347,"comment_status":"closed","ping_status":"closed","template":"","meta":[],"product_cat":[167],"product_tag":[105,106,107],"yoast_head":"<!-- This site is optimized with the Yoast SEO plugin v23.5 - https:\/\/yoast.com\/wordpress\/plugins\/seo\/ -->\n<title>Computador Desktop Intel Core I3 4gb ssd 120gb - Eco-Tech - Solu\u00e7\u00f5es em tecnologia<\/title>\n<meta name=\"robots\" content=\"index, follow, max-snippet:-1, max-image-preview:large, max-video-preview:-1\" \/>\n<link rel=\"canonical\" href=\"https:\/\/eco-tech.inf.br\/index.php\/product\/computador-desktop-intel-core-i3-4gb-ssd-120gb\/\" \/>\n<meta property=\"og:locale\" content=\"pt_BR\" \/>\n<meta property=\"og:type\" content=\"article\" \/>\n<meta property=\"og:title\" content=\"Computador Desktop Intel Core I3 4gb ssd 120gb - Eco-Tech - Solu\u00e7\u00f5es em tecnologia\" \/>\n<meta property=\"og:description\" content=\"informa\u00e7\u00f5es do produto Cpu Intel Core I3 4gb ssd 120gb *10x mais r\u00e1pido* Excelente custo benef\u00edcio \u00d3timo desempenho, agilidade e armazenamento Marca: Xtrime Inform\u00e1tica Processador: Intel Core I3 Chipset: intel Express Mem\u00f3ria Ram: 4gb Ddr3 ssd: 120gb Sata Placa M\u00e3e: Padrao Atx Portas Usb: 6 portas Rede (Lan): 10\/100\/1000 Som: Realtek Mem\u00f3ria De V\u00eddeo (Gr\u00e1fico): [&hellip;]\" \/>\n<meta property=\"og:url\" content=\"https:\/\/eco-tech.inf.br\/index.php\/product\/computador-desktop-intel-core-i3-4gb-ssd-120gb\/\" \/>\n<meta property=\"og:site_name\" content=\"Eco-Tech - Solu\u00e7\u00f5es em tecnologia\" \/>\n<meta property=\"article:publisher\" content=\"https:\/\/www.facebook.com\/EcoTech-Tecnologia-107960038523316\" \/>\n<meta property=\"article:modified_time\" content=\"2022-07-14T20:19:13+00:00\" \/>\n<meta property=\"og:image\" content=\"https:\/\/i0.wp.com\/eco-tech.inf.br\/wp-content\/uploads\/2022\/04\/GABBRA.png?fit=776%2C1076&ssl=1\" \/>\n\t<meta property=\"og:image:width\" content=\"776\" \/>\n\t<meta property=\"og:image:height\" content=\"1076\" \/>\n\t<meta property=\"og:image:type\" content=\"image\/png\" \/>\n<meta name=\"twitter:card\" content=\"summary_large_image\" \/>\n<meta name=\"twitter:label1\" content=\"Est. tempo de leitura\" \/>\n\t<meta name=\"twitter:data1\" content=\"3 minutos\" \/>\n<script type=\"application\/ld+json\" class=\"yoast-schema-graph\">{\"@context\":\"https:\/\/schema.org\",\"@graph\":[{\"@type\":\"WebPage\",\"@id\":\"https:\/\/eco-tech.inf.br\/index.php\/product\/computador-desktop-intel-core-i3-4gb-ssd-120gb\/\",\"url\":\"https:\/\/eco-tech.inf.br\/index.php\/product\/computador-desktop-intel-core-i3-4gb-ssd-120gb\/\",\"name\":\"Computador Desktop Intel Core I3 4gb ssd 120gb - Eco-Tech - Solu\u00e7\u00f5es em tecnologia\",\"isPartOf\":{\"@id\":\"https:\/\/eco-tech.inf.br\/#website\"},\"primaryImageOfPage\":{\"@id\":\"https:\/\/eco-tech.inf.br\/index.php\/product\/computador-desktop-intel-core-i3-4gb-ssd-120gb\/#primaryimage\"},\"image\":{\"@id\":\"https:\/\/eco-tech.inf.br\/index.php\/product\/computador-desktop-intel-core-i3-4gb-ssd-120gb\/#primaryimage\"},\"thumbnailUrl\":\"https:\/\/i0.wp.com\/eco-tech.inf.br\/wp-content\/uploads\/2022\/04\/GABBRA.png?fit=776%2C1076&ssl=1\",\"datePublished\":\"2022-04-26T14:42:39+00:00\",\"dateModified\":\"2022-07-14T20:19:13+00:00\",\"breadcrumb\":{\"@id\":\"https:\/\/eco-tech.inf.br\/index.php\/product\/computador-desktop-intel-core-i3-4gb-ssd-120gb\/#breadcrumb\"},\"inLanguage\":\"pt-BR\",\"potentialAction\":[{\"@type\":\"ReadAction\",\"target\":[\"https:\/\/eco-tech.inf.br\/index.php\/product\/computador-desktop-intel-core-i3-4gb-ssd-120gb\/\"]}]},{\"@type\":\"ImageObject\",\"inLanguage\":\"pt-BR\",\"@id\":\"https:\/\/eco-tech.inf.br\/index.php\/product\/computador-desktop-intel-core-i3-4gb-ssd-120gb\/#primaryimage\",\"url\":\"https:\/\/i0.wp.com\/eco-tech.inf.br\/wp-content\/uploads\/2022\/04\/GABBRA.png?fit=776%2C1076&ssl=1\",\"contentUrl\":\"https:\/\/i0.wp.com\/eco-tech.inf.br\/wp-content\/uploads\/2022\/04\/GABBRA.png?fit=776%2C1076&ssl=1\",\"width\":776,\"height\":1076},{\"@type\":\"BreadcrumbList\",\"@id\":\"https:\/\/eco-tech.inf.br\/index.php\/product\/computador-desktop-intel-core-i3-4gb-ssd-120gb\/#breadcrumb\",\"itemListElement\":[{\"@type\":\"ListItem\",\"position\":1,\"name\":\"In\u00edcio\",\"item\":\"https:\/\/eco-tech.inf.br\/\"},{\"@type\":\"ListItem\",\"position\":2,\"name\":\"Produtos\",\"item\":\"https:\/\/eco-tech.inf.br\/index.php\/shop\/\"},{\"@type\":\"ListItem\",\"position\":3,\"name\":\"Computador Desktop Intel Core I3 4gb ssd 120gb\"}]},{\"@type\":\"WebSite\",\"@id\":\"https:\/\/eco-tech.inf.br\/#website\",\"url\":\"https:\/\/eco-tech.inf.br\/\",\"name\":\"Eco-Tech - Solu\u00e7\u00f5es em tecnologia\",\"description\":\"Possu\u00edmos mais de 15 (anos) anos de experi\u00eancia levando para o norte do Brasil tecnologia de ponta trazida por grandes organiza\u00e7\u00f5es dos mais variados seguimentos.\",\"publisher\":{\"@id\":\"https:\/\/eco-tech.inf.br\/#organization\"},\"potentialAction\":[{\"@type\":\"SearchAction\",\"target\":{\"@type\":\"EntryPoint\",\"urlTemplate\":\"https:\/\/eco-tech.inf.br\/?s={search_term_string}\"},\"query-input\":{\"@type\":\"PropertyValueSpecification\",\"valueRequired\":true,\"valueName\":\"search_term_string\"}}],\"inLanguage\":\"pt-BR\"},{\"@type\":\"Organization\",\"@id\":\"https:\/\/eco-tech.inf.br\/#organization\",\"name\":\"ELO SOLU\u00c7\u00d5ES TECNOL\u00d3GICA LTDA\",\"url\":\"https:\/\/eco-tech.inf.br\/\",\"logo\":{\"@type\":\"ImageObject\",\"inLanguage\":\"pt-BR\",\"@id\":\"https:\/\/eco-tech.inf.br\/#\/schema\/logo\/image\/\",\"url\":\"https:\/\/i0.wp.com\/eco-tech.inf.br\/wp-content\/uploads\/2022\/03\/cropped-novologo-1.jpg?fit=512%2C512&ssl=1\",\"contentUrl\":\"https:\/\/i0.wp.com\/eco-tech.inf.br\/wp-content\/uploads\/2022\/03\/cropped-novologo-1.jpg?fit=512%2C512&ssl=1\",\"width\":512,\"height\":512,\"caption\":\"ELO SOLU\u00c7\u00d5ES TECNOL\u00d3GICA LTDA\"},\"image\":{\"@id\":\"https:\/\/eco-tech.inf.br\/#\/schema\/logo\/image\/\"},\"sameAs\":[\"https:\/\/www.facebook.com\/EcoTech-Tecnologia-107960038523316\",\"https:\/\/www.instagram.com\/p\/CbRSB23MmFd\/?utm_medium=copy_link\"]}]}<\/script>\n<!-- \/ Yoast SEO plugin. -->","yoast_head_json":{"title":"Computador Desktop Intel Core I3 4gb ssd 120gb - Eco-Tech - Solu\u00e7\u00f5es em tecnologia","robots":{"index":"index","follow":"follow","max-snippet":"max-snippet:-1","max-image-preview":"max-image-preview:large","max-video-preview":"max-video-preview:-1"},"canonical":"https:\/\/eco-tech.inf.br\/index.php\/product\/computador-desktop-intel-core-i3-4gb-ssd-120gb\/","og_locale":"pt_BR","og_type":"article","og_title":"Computador Desktop Intel Core I3 4gb ssd 120gb - Eco-Tech - Solu\u00e7\u00f5es em tecnologia","og_description":"informa\u00e7\u00f5es do produto Cpu Intel Core I3 4gb ssd 120gb *10x mais r\u00e1pido* Excelente custo benef\u00edcio \u00d3timo desempenho, agilidade e armazenamento Marca: Xtrime Inform\u00e1tica Processador: Intel Core I3 Chipset: intel Express Mem\u00f3ria Ram: 4gb Ddr3 ssd: 120gb Sata Placa M\u00e3e: Padrao Atx Portas Usb: 6 portas Rede (Lan): 10\/100\/1000 Som: Realtek Mem\u00f3ria De V\u00eddeo (Gr\u00e1fico): [&hellip;]","og_url":"https:\/\/eco-tech.inf.br\/index.php\/product\/computador-desktop-intel-core-i3-4gb-ssd-120gb\/","og_site_name":"Eco-Tech - Solu\u00e7\u00f5es em tecnologia","article_publisher":"https:\/\/www.facebook.com\/EcoTech-Tecnologia-107960038523316","article_modified_time":"2022-07-14T20:19:13+00:00","og_image":[{"width":776,"height":1076,"url":"https:\/\/i0.wp.com\/eco-tech.inf.br\/wp-content\/uploads\/2022\/04\/GABBRA.png?fit=776%2C1076&ssl=1","type":"image\/png"}],"twitter_card":"summary_large_image","twitter_misc":{"Est. tempo de leitura":"3 minutos"},"schema":{"@context":"https:\/\/schema.org","@graph":[{"@type":"WebPage","@id":"https:\/\/eco-tech.inf.br\/index.php\/product\/computador-desktop-intel-core-i3-4gb-ssd-120gb\/","url":"https:\/\/eco-tech.inf.br\/index.php\/product\/computador-desktop-intel-core-i3-4gb-ssd-120gb\/","name":"Computador Desktop Intel Core I3 4gb ssd 120gb - Eco-Tech - Solu\u00e7\u00f5es em tecnologia","isPartOf":{"@id":"https:\/\/eco-tech.inf.br\/#website"},"primaryImageOfPage":{"@id":"https:\/\/eco-tech.inf.br\/index.php\/product\/computador-desktop-intel-core-i3-4gb-ssd-120gb\/#primaryimage"},"image":{"@id":"https:\/\/eco-tech.inf.br\/index.php\/product\/computador-desktop-intel-core-i3-4gb-ssd-120gb\/#primaryimage"},"thumbnailUrl":"https:\/\/i0.wp.com\/eco-tech.inf.br\/wp-content\/uploads\/2022\/04\/GABBRA.png?fit=776%2C1076&ssl=1","datePublished":"2022-04-26T14:42:39+00:00","dateModified":"2022-07-14T20:19:13+00:00","breadcrumb":{"@id":"https:\/\/eco-tech.inf.br\/index.php\/product\/computador-desktop-intel-core-i3-4gb-ssd-120gb\/#breadcrumb"},"inLanguage":"pt-BR","potentialAction":[{"@type":"ReadAction","target":["https:\/\/eco-tech.inf.br\/index.php\/product\/computador-desktop-intel-core-i3-4gb-ssd-120gb\/"]}]},{"@type":"ImageObject","inLanguage":"pt-BR","@id":"https:\/\/eco-tech.inf.br\/index.php\/product\/computador-desktop-intel-core-i3-4gb-ssd-120gb\/#primaryimage","url":"https:\/\/i0.wp.com\/eco-tech.inf.br\/wp-content\/uploads\/2022\/04\/GABBRA.png?fit=776%2C1076&ssl=1","contentUrl":"https:\/\/i0.wp.com\/eco-tech.inf.br\/wp-content\/uploads\/2022\/04\/GABBRA.png?fit=776%2C1076&ssl=1","width":776,"height":1076},{"@type":"BreadcrumbList","@id":"https:\/\/eco-tech.inf.br\/index.php\/product\/computador-desktop-intel-core-i3-4gb-ssd-120gb\/#breadcrumb","itemListElement":[{"@type":"ListItem","position":1,"name":"In\u00edcio","item":"https:\/\/eco-tech.inf.br\/"},{"@type":"ListItem","position":2,"name":"Produtos","item":"https:\/\/eco-tech.inf.br\/index.php\/shop\/"},{"@type":"ListItem","position":3,"name":"Computador Desktop Intel Core I3 4gb ssd 120gb"}]},{"@type":"WebSite","@id":"https:\/\/eco-tech.inf.br\/#website","url":"https:\/\/eco-tech.inf.br\/","name":"Eco-Tech - Solu\u00e7\u00f5es em tecnologia","description":"Possu\u00edmos mais de 15 (anos) anos de experi\u00eancia levando para o norte do Brasil tecnologia de ponta trazida por grandes organiza\u00e7\u00f5es dos mais variados seguimentos.","publisher":{"@id":"https:\/\/eco-tech.inf.br\/#organization"},"potentialAction":[{"@type":"SearchAction","target":{"@type":"EntryPoint","urlTemplate":"https:\/\/eco-tech.inf.br\/?s={search_term_string}"},"query-input":{"@type":"PropertyValueSpecification","valueRequired":true,"valueName":"search_term_string"}}],"inLanguage":"pt-BR"},{"@type":"Organization","@id":"https:\/\/eco-tech.inf.br\/#organization","name":"ELO SOLU\u00c7\u00d5ES TECNOL\u00d3GICA LTDA","url":"https:\/\/eco-tech.inf.br\/","logo":{"@type":"ImageObject","inLanguage":"pt-BR","@id":"https:\/\/eco-tech.inf.br\/#\/schema\/logo\/image\/","url":"https:\/\/i0.wp.com\/eco-tech.inf.br\/wp-content\/uploads\/2022\/03\/cropped-novologo-1.jpg?fit=512%2C512&ssl=1","contentUrl":"https:\/\/i0.wp.com\/eco-tech.inf.br\/wp-content\/uploads\/2022\/03\/cropped-novologo-1.jpg?fit=512%2C512&ssl=1","width":512,"height":512,"caption":"ELO SOLU\u00c7\u00d5ES TECNOL\u00d3GICA LTDA"},"image":{"@id":"https:\/\/eco-tech.inf.br\/#\/schema\/logo\/image\/"},"sameAs":["https:\/\/www.facebook.com\/EcoTech-Tecnologia-107960038523316","https:\/\/www.instagram.com\/p\/CbRSB23MmFd\/?utm_medium=copy_link"]}]}},"jetpack_sharing_enabled":true,"_links":{"self":[{"href":"https:\/\/eco-tech.inf.br\/index.php\/wp-json\/wp\/v2\/product\/335"}],"collection":[{"href":"https:\/\/eco-tech.inf.br\/index.php\/wp-json\/wp\/v2\/product"}],"about":[{"href":"https:\/\/eco-tech.inf.br\/index.php\/wp-json\/wp\/v2\/types\/product"}],"replies":[{"embeddable":true,"href":"https:\/\/eco-tech.inf.br\/index.php\/wp-json\/wp\/v2\/comments?post=335"}],"wp:featuredmedia":[{"embeddable":true,"href":"https:\/\/eco-tech.inf.br\/index.php\/wp-json\/wp\/v2\/media\/347"}],"wp:attachment":[{"href":"https:\/\/eco-tech.inf.br\/index.php\/wp-json\/wp\/v2\/media?parent=335"}],"wp:term":[{"taxonomy":"product_cat","embeddable":true,"href":"https:\/\/eco-tech.inf.br\/index.php\/wp-json\/wp\/v2\/product_cat?post=335"},{"taxonomy":"product_tag","embeddable":true,"href":"https:\/\/eco-tech.inf.br\/index.php\/wp-json\/wp\/v2\/product_tag?post=335"}],"curies":[{"name":"wp","href":"https:\/\/api.w.org\/{rel}","templated":true}]}}