{"id":334,"date":"2022-04-26T10:42:31","date_gmt":"2022-04-26T14:42:31","guid":{"rendered":"https:\/\/eco-tech.inf.br\/?post_type=product&#038;p=334"},"modified":"2022-10-28T10:44:56","modified_gmt":"2022-10-28T14:44:56","slug":"computador-pc-cpu-intel-core-i5-4gb-ssd-120gb","status":"publish","type":"product","link":"https:\/\/eco-tech.inf.br\/index.php\/product\/computador-pc-cpu-intel-core-i5-4gb-ssd-120gb\/","title":{"rendered":"Computador Pc Cpu Intel Core i5  4GB SSD 120GB"},"content":{"rendered":"<div id=\"anchor-description\" class=\"description\">\n<div class=\"description__container-text\">\nEspecifica\u00e7\u00e3o T\u00e9cnica<br \/>\nProcessador: Intel Core i5 2.4Ghz &#8211; 1o Gera\u00e7\u00e3o<br \/>\nMem\u00f3ria: 4Gb &#8211; DDR3 Freq\u00fc\u00eancia 1333<br \/>\nSSD: 120Gb<br \/>\nInterface de Rede: Ethernet Lan 10\/100 Mbit\/s<br \/>\nV\u00eddeo: Placa de v\u00eddeo dedicada 1GB<\/p>\n<p>06x Usb 2.0<br \/>\n01x Entrada para fone de ouvido<br \/>\n01x Entrada para microfone<br \/>\n01x Hdmi<br \/>\n01x Rj-45<br \/>\n01x Vga<br \/>\n\u00c1udio<br \/>\nWifi<\/p>\n<p>Sistema Operacional<br \/>\nWindows 10 Pro OEM 64 Bit Vers\u00e3o 2004<\/p>\n<p>Pacote de Programas: equipado com aplicativos e programas j\u00e1 instalados do Libre Office torna-se f\u00e1cil e pr\u00e1tico de usar, possui funcionalidades que atende \u00e0 todos os tipos de p\u00fablico e necessidades, como:<\/p>\n<p>Programas de elabora\u00e7\u00e3o de planilha: editor completo e pratico na cria\u00e7\u00e3o de planilhas no seu dia a dia.<\/p>\n<p>Apresenta\u00e7\u00f5es e slides (com anima\u00e7\u00f5es e efeitos 2d e 3d).<\/p>\n<p>Edi\u00e7\u00e3o de texto (com dicion\u00e1rio de corre\u00e7\u00f5es autom\u00e1ticas e outras funcionalidades).<\/p>\n<p>Edi\u00e7\u00e3o de f\u00f3rmulas: insira f\u00f3rmulas matem\u00e1ticas e cient\u00edficas perfeitamente formatadas (fra\u00e7\u00f5es, termos com expoentes, matrizes, integrais,etc) em seu texto, planilha, apresenta\u00e7\u00f5es e desenhos.<\/p>\n<p>Navegador de internet, acesso a redes sociais e entretenimento como: Facebook, Youtube, Netflix, Skype, E-mail, Instagram, entre outros.<\/p>\n<p>Com ele voc\u00ea conseguir\u00e1 desenvolver todo o seu potencial, seja no trabalho, na resid\u00eancia, acesso aos seus sistemas, media center, etc..<\/p>\n<p>Voltagem: Bivolt<br \/>\nConte\u00fado da embalagem: 1 Cpu, 1 cabo fonte, adaptador wifi.<br \/>\nGarantia do lojista: 06 meses<\/p>\n<p>ATEN\u00c7\u00c3O: Mudan\u00e7as podem ocorrer no visual frontal do gabinete devido a disponibilidade, mas sem jamais deixar de atender a todas as especifica\u00e7\u00f5es t\u00e9cnicas anunciadas.<\/p>\n<p class=\"description__text\">\n<table class=\"description__box--wildSand\">\n<tbody>\n<tr>\n<td class=\"description__information-left\">Informa\u00e7\u00f5es complementares<\/td>\n<td class=\"description__information-right\">\n<table class=\"description__box\">\n<tbody>\n<tr>\n<td class=\"description__information-box-left\">Capacidade do HD<\/td>\n<td class=\"description__information-box-right\">120GB<\/td>\n<\/tr>\n<\/tbody>\n<\/table>\n<table class=\"description__box\">\n<tbody>\n<tr>\n<td class=\"description__information-box-left\">Capacidade do SSD<\/td>\n<td class=\"description__information-box-right\">120GB<\/td>\n<\/tr>\n<\/tbody>\n<\/table>\n<table class=\"description__box\">\n<tbody>\n<tr>\n<td class=\"description__information-box-left\">Marca<\/td>\n<td class=\"description__information-box-right\">Windows 10 Pro<\/td>\n<\/tr>\n<\/tbody>\n<\/table>\n<table class=\"description__box\">\n<tbody>\n<tr>\n<td class=\"description__information-box-left\">Mem\u00f3ria RAM<\/td>\n<td class=\"description__information-box-right\">4GB<\/td>\n<\/tr>\n<\/tbody>\n<\/table>\n<table class=\"description__box\">\n<tbody>\n<tr>\n<td class=\"description__information-box-left\">Processador<\/td>\n<td class=\"description__information-box-right\">Intel Core i5<\/td>\n<\/tr>\n<\/tbody>\n<\/table>\n<table class=\"description__box\">\n<tbody>\n<tr>\n<td class=\"description__information-box-left\">Sistema Operacional<\/td>\n<td class=\"description__information-box-right\">Windows 10<\/td>\n<\/tr>\n<\/tbody>\n<\/table>\n<\/td>\n<\/tr>\n<\/tbody>\n<\/table>\n<\/div>\n<\/div>\n<div class=\"report-link\"><\/div>\n","protected":false},"excerpt":{"rendered":"<p>Especifica\u00e7\u00e3o T\u00e9cnica Processador: Intel Core i5 2.4Ghz &#8211; 1o Gera\u00e7\u00e3o Mem\u00f3ria: 4Gb &#8211; DDR3 Freq\u00fc\u00eancia 1333 SSD: 120Gb Interface de Rede: Ethernet Lan 10\/100 Mbit\/s V\u00eddeo: Placa de v\u00eddeo dedicada 1GB 06x Usb 2.0 01x Entrada para fone de ouvido 01x Entrada para microfone 01x Hdmi 01x Rj-45 01x Vga \u00c1udio Wifi Sistema Operacional Windows [&hellip;]<\/p>\n","protected":false},"featured_media":346,"comment_status":"closed","ping_status":"closed","template":"","meta":[],"product_cat":[167],"product_tag":[105,106,62,107],"yoast_head":"<!-- This site is optimized with the Yoast SEO plugin v23.5 - https:\/\/yoast.com\/wordpress\/plugins\/seo\/ -->\n<title>Computador Pc Cpu Intel Core i5 4GB SSD 120GB - Eco-Tech - Solu\u00e7\u00f5es em tecnologia<\/title>\n<meta name=\"description\" content=\"Eco-Tech - Solu\u00e7\u00f5es em tecnologia Computador Pc Cpu Intel Core i5 4GB SSD 120GB -\" \/>\n<meta name=\"robots\" content=\"index, follow, max-snippet:-1, max-image-preview:large, max-video-preview:-1\" \/>\n<link rel=\"canonical\" href=\"https:\/\/eco-tech.inf.br\/index.php\/product\/computador-pc-cpu-intel-core-i5-4gb-ssd-120gb\/\" \/>\n<meta property=\"og:locale\" content=\"pt_BR\" \/>\n<meta property=\"og:type\" content=\"article\" \/>\n<meta property=\"og:title\" content=\"Computador Pc Cpu Intel Core i5 4GB SSD 120GB - Eco-Tech - Solu\u00e7\u00f5es em tecnologia\" \/>\n<meta property=\"og:description\" content=\"Eco-Tech - Solu\u00e7\u00f5es em tecnologia Computador Pc Cpu Intel Core i5 4GB SSD 120GB -\" \/>\n<meta property=\"og:url\" content=\"https:\/\/eco-tech.inf.br\/index.php\/product\/computador-pc-cpu-intel-core-i5-4gb-ssd-120gb\/\" \/>\n<meta property=\"og:site_name\" content=\"Eco-Tech - Solu\u00e7\u00f5es em tecnologia\" \/>\n<meta property=\"article:publisher\" content=\"https:\/\/www.facebook.com\/EcoTech-Tecnologia-107960038523316\" \/>\n<meta property=\"article:modified_time\" content=\"2022-10-28T14:44:56+00:00\" \/>\n<meta property=\"og:image\" content=\"https:\/\/i0.wp.com\/eco-tech.inf.br\/wp-content\/uploads\/2022\/04\/gabinete.png?fit=439%2C513&ssl=1\" \/>\n\t<meta property=\"og:image:width\" content=\"439\" \/>\n\t<meta property=\"og:image:height\" content=\"513\" \/>\n\t<meta property=\"og:image:type\" content=\"image\/png\" \/>\n<meta name=\"twitter:card\" content=\"summary_large_image\" \/>\n<meta name=\"twitter:label1\" content=\"Est. tempo de leitura\" \/>\n\t<meta name=\"twitter:data1\" content=\"2 minutos\" \/>\n<script type=\"application\/ld+json\" class=\"yoast-schema-graph\">{\"@context\":\"https:\/\/schema.org\",\"@graph\":[{\"@type\":\"WebPage\",\"@id\":\"https:\/\/eco-tech.inf.br\/index.php\/product\/computador-pc-cpu-intel-core-i5-4gb-ssd-120gb\/\",\"url\":\"https:\/\/eco-tech.inf.br\/index.php\/product\/computador-pc-cpu-intel-core-i5-4gb-ssd-120gb\/\",\"name\":\"Computador Pc Cpu Intel Core i5 4GB SSD 120GB - Eco-Tech - Solu\u00e7\u00f5es em tecnologia\",\"isPartOf\":{\"@id\":\"https:\/\/eco-tech.inf.br\/#website\"},\"primaryImageOfPage\":{\"@id\":\"https:\/\/eco-tech.inf.br\/index.php\/product\/computador-pc-cpu-intel-core-i5-4gb-ssd-120gb\/#primaryimage\"},\"image\":{\"@id\":\"https:\/\/eco-tech.inf.br\/index.php\/product\/computador-pc-cpu-intel-core-i5-4gb-ssd-120gb\/#primaryimage\"},\"thumbnailUrl\":\"https:\/\/i0.wp.com\/eco-tech.inf.br\/wp-content\/uploads\/2022\/04\/gabinete.png?fit=439%2C513&ssl=1\",\"datePublished\":\"2022-04-26T14:42:31+00:00\",\"dateModified\":\"2022-10-28T14:44:56+00:00\",\"description\":\"Eco-Tech - Solu\u00e7\u00f5es em tecnologia Computador Pc Cpu Intel Core i5 4GB SSD 120GB -\",\"breadcrumb\":{\"@id\":\"https:\/\/eco-tech.inf.br\/index.php\/product\/computador-pc-cpu-intel-core-i5-4gb-ssd-120gb\/#breadcrumb\"},\"inLanguage\":\"pt-BR\",\"potentialAction\":[{\"@type\":\"ReadAction\",\"target\":[\"https:\/\/eco-tech.inf.br\/index.php\/product\/computador-pc-cpu-intel-core-i5-4gb-ssd-120gb\/\"]}]},{\"@type\":\"ImageObject\",\"inLanguage\":\"pt-BR\",\"@id\":\"https:\/\/eco-tech.inf.br\/index.php\/product\/computador-pc-cpu-intel-core-i5-4gb-ssd-120gb\/#primaryimage\",\"url\":\"https:\/\/i0.wp.com\/eco-tech.inf.br\/wp-content\/uploads\/2022\/04\/gabinete.png?fit=439%2C513&ssl=1\",\"contentUrl\":\"https:\/\/i0.wp.com\/eco-tech.inf.br\/wp-content\/uploads\/2022\/04\/gabinete.png?fit=439%2C513&ssl=1\",\"width\":439,\"height\":513},{\"@type\":\"BreadcrumbList\",\"@id\":\"https:\/\/eco-tech.inf.br\/index.php\/product\/computador-pc-cpu-intel-core-i5-4gb-ssd-120gb\/#breadcrumb\",\"itemListElement\":[{\"@type\":\"ListItem\",\"position\":1,\"name\":\"In\u00edcio\",\"item\":\"https:\/\/eco-tech.inf.br\/\"},{\"@type\":\"ListItem\",\"position\":2,\"name\":\"Produtos\",\"item\":\"https:\/\/eco-tech.inf.br\/index.php\/shop\/\"},{\"@type\":\"ListItem\",\"position\":3,\"name\":\"Computador Pc Cpu Intel Core i5 4GB SSD 120GB\"}]},{\"@type\":\"WebSite\",\"@id\":\"https:\/\/eco-tech.inf.br\/#website\",\"url\":\"https:\/\/eco-tech.inf.br\/\",\"name\":\"Eco-Tech - Solu\u00e7\u00f5es em tecnologia\",\"description\":\"Possu\u00edmos mais de 15 (anos) anos de experi\u00eancia levando para o norte do Brasil tecnologia de ponta trazida por grandes organiza\u00e7\u00f5es dos mais variados seguimentos.\",\"publisher\":{\"@id\":\"https:\/\/eco-tech.inf.br\/#organization\"},\"potentialAction\":[{\"@type\":\"SearchAction\",\"target\":{\"@type\":\"EntryPoint\",\"urlTemplate\":\"https:\/\/eco-tech.inf.br\/?s={search_term_string}\"},\"query-input\":{\"@type\":\"PropertyValueSpecification\",\"valueRequired\":true,\"valueName\":\"search_term_string\"}}],\"inLanguage\":\"pt-BR\"},{\"@type\":\"Organization\",\"@id\":\"https:\/\/eco-tech.inf.br\/#organization\",\"name\":\"ELO SOLU\u00c7\u00d5ES TECNOL\u00d3GICA LTDA\",\"url\":\"https:\/\/eco-tech.inf.br\/\",\"logo\":{\"@type\":\"ImageObject\",\"inLanguage\":\"pt-BR\",\"@id\":\"https:\/\/eco-tech.inf.br\/#\/schema\/logo\/image\/\",\"url\":\"https:\/\/i0.wp.com\/eco-tech.inf.br\/wp-content\/uploads\/2022\/03\/cropped-novologo-1.jpg?fit=512%2C512&ssl=1\",\"contentUrl\":\"https:\/\/i0.wp.com\/eco-tech.inf.br\/wp-content\/uploads\/2022\/03\/cropped-novologo-1.jpg?fit=512%2C512&ssl=1\",\"width\":512,\"height\":512,\"caption\":\"ELO SOLU\u00c7\u00d5ES TECNOL\u00d3GICA LTDA\"},\"image\":{\"@id\":\"https:\/\/eco-tech.inf.br\/#\/schema\/logo\/image\/\"},\"sameAs\":[\"https:\/\/www.facebook.com\/EcoTech-Tecnologia-107960038523316\",\"https:\/\/www.instagram.com\/p\/CbRSB23MmFd\/?utm_medium=copy_link\"]}]}<\/script>\n<!-- \/ Yoast SEO plugin. -->","yoast_head_json":{"title":"Computador Pc Cpu Intel Core i5 4GB SSD 120GB - Eco-Tech - Solu\u00e7\u00f5es em tecnologia","description":"Eco-Tech - Solu\u00e7\u00f5es em tecnologia Computador Pc Cpu Intel Core i5 4GB SSD 120GB -","robots":{"index":"index","follow":"follow","max-snippet":"max-snippet:-1","max-image-preview":"max-image-preview:large","max-video-preview":"max-video-preview:-1"},"canonical":"https:\/\/eco-tech.inf.br\/index.php\/product\/computador-pc-cpu-intel-core-i5-4gb-ssd-120gb\/","og_locale":"pt_BR","og_type":"article","og_title":"Computador Pc Cpu Intel Core i5 4GB SSD 120GB - Eco-Tech - Solu\u00e7\u00f5es em tecnologia","og_description":"Eco-Tech - Solu\u00e7\u00f5es em tecnologia Computador Pc Cpu Intel Core i5 4GB SSD 120GB -","og_url":"https:\/\/eco-tech.inf.br\/index.php\/product\/computador-pc-cpu-intel-core-i5-4gb-ssd-120gb\/","og_site_name":"Eco-Tech - Solu\u00e7\u00f5es em tecnologia","article_publisher":"https:\/\/www.facebook.com\/EcoTech-Tecnologia-107960038523316","article_modified_time":"2022-10-28T14:44:56+00:00","og_image":[{"width":439,"height":513,"url":"https:\/\/i0.wp.com\/eco-tech.inf.br\/wp-content\/uploads\/2022\/04\/gabinete.png?fit=439%2C513&ssl=1","type":"image\/png"}],"twitter_card":"summary_large_image","twitter_misc":{"Est. tempo de leitura":"2 minutos"},"schema":{"@context":"https:\/\/schema.org","@graph":[{"@type":"WebPage","@id":"https:\/\/eco-tech.inf.br\/index.php\/product\/computador-pc-cpu-intel-core-i5-4gb-ssd-120gb\/","url":"https:\/\/eco-tech.inf.br\/index.php\/product\/computador-pc-cpu-intel-core-i5-4gb-ssd-120gb\/","name":"Computador Pc Cpu Intel Core i5 4GB SSD 120GB - Eco-Tech - Solu\u00e7\u00f5es em tecnologia","isPartOf":{"@id":"https:\/\/eco-tech.inf.br\/#website"},"primaryImageOfPage":{"@id":"https:\/\/eco-tech.inf.br\/index.php\/product\/computador-pc-cpu-intel-core-i5-4gb-ssd-120gb\/#primaryimage"},"image":{"@id":"https:\/\/eco-tech.inf.br\/index.php\/product\/computador-pc-cpu-intel-core-i5-4gb-ssd-120gb\/#primaryimage"},"thumbnailUrl":"https:\/\/i0.wp.com\/eco-tech.inf.br\/wp-content\/uploads\/2022\/04\/gabinete.png?fit=439%2C513&ssl=1","datePublished":"2022-04-26T14:42:31+00:00","dateModified":"2022-10-28T14:44:56+00:00","description":"Eco-Tech - Solu\u00e7\u00f5es em tecnologia Computador Pc Cpu Intel Core i5 4GB SSD 120GB -","breadcrumb":{"@id":"https:\/\/eco-tech.inf.br\/index.php\/product\/computador-pc-cpu-intel-core-i5-4gb-ssd-120gb\/#breadcrumb"},"inLanguage":"pt-BR","potentialAction":[{"@type":"ReadAction","target":["https:\/\/eco-tech.inf.br\/index.php\/product\/computador-pc-cpu-intel-core-i5-4gb-ssd-120gb\/"]}]},{"@type":"ImageObject","inLanguage":"pt-BR","@id":"https:\/\/eco-tech.inf.br\/index.php\/product\/computador-pc-cpu-intel-core-i5-4gb-ssd-120gb\/#primaryimage","url":"https:\/\/i0.wp.com\/eco-tech.inf.br\/wp-content\/uploads\/2022\/04\/gabinete.png?fit=439%2C513&ssl=1","contentUrl":"https:\/\/i0.wp.com\/eco-tech.inf.br\/wp-content\/uploads\/2022\/04\/gabinete.png?fit=439%2C513&ssl=1","width":439,"height":513},{"@type":"BreadcrumbList","@id":"https:\/\/eco-tech.inf.br\/index.php\/product\/computador-pc-cpu-intel-core-i5-4gb-ssd-120gb\/#breadcrumb","itemListElement":[{"@type":"ListItem","position":1,"name":"In\u00edcio","item":"https:\/\/eco-tech.inf.br\/"},{"@type":"ListItem","position":2,"name":"Produtos","item":"https:\/\/eco-tech.inf.br\/index.php\/shop\/"},{"@type":"ListItem","position":3,"name":"Computador Pc Cpu Intel Core i5 4GB SSD 120GB"}]},{"@type":"WebSite","@id":"https:\/\/eco-tech.inf.br\/#website","url":"https:\/\/eco-tech.inf.br\/","name":"Eco-Tech - Solu\u00e7\u00f5es em tecnologia","description":"Possu\u00edmos mais de 15 (anos) anos de experi\u00eancia levando para o norte do Brasil tecnologia de ponta trazida por grandes organiza\u00e7\u00f5es dos mais variados seguimentos.","publisher":{"@id":"https:\/\/eco-tech.inf.br\/#organization"},"potentialAction":[{"@type":"SearchAction","target":{"@type":"EntryPoint","urlTemplate":"https:\/\/eco-tech.inf.br\/?s={search_term_string}"},"query-input":{"@type":"PropertyValueSpecification","valueRequired":true,"valueName":"search_term_string"}}],"inLanguage":"pt-BR"},{"@type":"Organization","@id":"https:\/\/eco-tech.inf.br\/#organization","name":"ELO SOLU\u00c7\u00d5ES TECNOL\u00d3GICA LTDA","url":"https:\/\/eco-tech.inf.br\/","logo":{"@type":"ImageObject","inLanguage":"pt-BR","@id":"https:\/\/eco-tech.inf.br\/#\/schema\/logo\/image\/","url":"https:\/\/i0.wp.com\/eco-tech.inf.br\/wp-content\/uploads\/2022\/03\/cropped-novologo-1.jpg?fit=512%2C512&ssl=1","contentUrl":"https:\/\/i0.wp.com\/eco-tech.inf.br\/wp-content\/uploads\/2022\/03\/cropped-novologo-1.jpg?fit=512%2C512&ssl=1","width":512,"height":512,"caption":"ELO SOLU\u00c7\u00d5ES TECNOL\u00d3GICA LTDA"},"image":{"@id":"https:\/\/eco-tech.inf.br\/#\/schema\/logo\/image\/"},"sameAs":["https:\/\/www.facebook.com\/EcoTech-Tecnologia-107960038523316","https:\/\/www.instagram.com\/p\/CbRSB23MmFd\/?utm_medium=copy_link"]}]}},"jetpack_sharing_enabled":true,"_links":{"self":[{"href":"https:\/\/eco-tech.inf.br\/index.php\/wp-json\/wp\/v2\/product\/334"}],"collection":[{"href":"https:\/\/eco-tech.inf.br\/index.php\/wp-json\/wp\/v2\/product"}],"about":[{"href":"https:\/\/eco-tech.inf.br\/index.php\/wp-json\/wp\/v2\/types\/product"}],"replies":[{"embeddable":true,"href":"https:\/\/eco-tech.inf.br\/index.php\/wp-json\/wp\/v2\/comments?post=334"}],"wp:featuredmedia":[{"embeddable":true,"href":"https:\/\/eco-tech.inf.br\/index.php\/wp-json\/wp\/v2\/media\/346"}],"wp:attachment":[{"href":"https:\/\/eco-tech.inf.br\/index.php\/wp-json\/wp\/v2\/media?parent=334"}],"wp:term":[{"taxonomy":"product_cat","embeddable":true,"href":"https:\/\/eco-tech.inf.br\/index.php\/wp-json\/wp\/v2\/product_cat?post=334"},{"taxonomy":"product_tag","embeddable":true,"href":"https:\/\/eco-tech.inf.br\/index.php\/wp-json\/wp\/v2\/product_tag?post=334"}],"curies":[{"name":"wp","href":"https:\/\/api.w.org\/{rel}","templated":true}]}}