{"id":328,"date":"2022-04-26T10:13:13","date_gmt":"2022-04-26T14:13:13","guid":{"rendered":"https:\/\/eco-tech.inf.br\/?post_type=product&#038;p=328"},"modified":"2022-04-26T10:15:05","modified_gmt":"2022-04-26T14:15:05","slug":"microsoft-365-personal-office-365","status":"publish","type":"product","link":"https:\/\/eco-tech.inf.br\/index.php\/product\/microsoft-365-personal-office-365\/","title":{"rendered":"Microsoft 365 Personal Office 365"},"content":{"rendered":"<div class=\"src__TextWrapper-sc-10qje1m-8 guiktZ\">\n<h2 class=\"src__Title-sc-10qje1m-1 fThxDu\">Ficha t\u00e9cnica<\/h2>\n<\/div>\n<div class=\"src__DeskWrapper-sc-10qje1m-0 bGsyxx\">\n<table class=\"src__SpecsCell-sc-10qje1m-2 bqHqeR\">\n<tbody>\n<tr class=\"src__View-sc-10qje1m-3 hIUuMp\">\n<td class=\"src__Text-sc-10qje1m-4 fyapQy\">C\u00f3digo<\/td>\n<td class=\"src__Text-sc-10qje1m-4 fyapQy\">134400886<\/td>\n<\/tr>\n<tr class=\"src__View-sc-10qje1m-3 hIUuMp\">\n<td class=\"src__Text-sc-10qje1m-4 fyapQy\">C\u00f3digo de barras<\/td>\n<td class=\"src__Text-sc-10qje1m-4 fyapQy\">889842472127<\/td>\n<\/tr>\n<tr class=\"src__View-sc-10qje1m-3 hIUuMp\">\n<td class=\"src__Text-sc-10qje1m-4 fyapQy\">Fabricante<\/td>\n<td class=\"src__Text-sc-10qje1m-4 fyapQy\">MICROSOFT<\/td>\n<\/tr>\n<tr class=\"src__View-sc-10qje1m-3 hIUuMp\">\n<td class=\"src__Text-sc-10qje1m-4 fyapQy\">Marca<\/td>\n<td class=\"src__Text-sc-10qje1m-4 fyapQy\">Microsoft<\/td>\n<\/tr>\n<tr class=\"src__View-sc-10qje1m-3 hIUuMp\">\n<td class=\"src__Text-sc-10qje1m-4 fyapQy\">Conte\u00fado da embalagem<\/td>\n<td class=\"src__Text-sc-10qje1m-4 fyapQy\">1 Microsoft 365 Personal<\/td>\n<\/tr>\n<tr class=\"src__View-sc-10qje1m-3 hIUuMp\">\n<td class=\"src__Text-sc-10qje1m-4 fyapQy\">Requisitos do Sistema<\/td>\n<td class=\"src__Text-sc-10qje1m-4 fyapQy\">Acesso \u00e0 Internet, Conta da Microsoft SO, Office 2019: Windows 10, Windows Server 2019, Office 365: Windows 10, Windows 8.1, Windows 7 Service Pack 1, Windows Server 2016, Windows Server 2012 R2, Windows Server 2012 ou Windows Server 2008 R2 Office 365 para Mac: MacOS Sierra (10.12) e acima. Processador &#8211; Processador de 2 n\u00facleos, 1.6 GHz (Intel para Mac) RAM 4GB (64 bit), 2 GB (32 bit) Espa\u00e7o em disco 4GB (PC), 10 GB (Mac OS Extended ou APFS). Tela 1280&#215;768 (PC), 1280&#215;800 (Mac)<\/td>\n<\/tr>\n<tr class=\"src__View-sc-10qje1m-3 hIUuMp\">\n<td class=\"src__Text-sc-10qje1m-4 fyapQy\">Tipo de M\u00eddia<\/td>\n<td class=\"src__Text-sc-10qje1m-4 fyapQy\">C\u00f3pia Digital<\/td>\n<\/tr>\n<tr class=\"src__View-sc-10qje1m-3 hIUuMp\">\n<td class=\"src__Text-sc-10qje1m-4 fyapQy\">Setor\/Assunto<\/td>\n<td class=\"src__Text-sc-10qje1m-4 fyapQy\">Inform\u00e1tica<\/td>\n<\/tr>\n<tr class=\"src__View-sc-10qje1m-3 hIUuMp\">\n<td class=\"src__Text-sc-10qje1m-4 fyapQy\">Recursos de Software<\/td>\n<td class=\"src__Text-sc-10qje1m-4 fyapQy\">Office 2019: Windows 10, Windows Server 2019. Office 365: Windows 10, Windows 8.1, Windows 7 Service Pack 1, Windows Server 2016, Windows Server 2012 R2, Windows Server 2012 ou Windows Server 2008 R2. Office 365 para Mac: MacOS Sierra (10.12) e acima. Processador &#8211; Processador de 2 n\u00facleos, 1.6 GHz (Intel para Mac) RAM 4GB (64 bit), 2 GB (32 bit) Espa\u00e7o em disco 4GB (PC), 10 GB (Mac OS Extended ou APFS)<\/td>\n<\/tr>\n<tr class=\"src__View-sc-10qje1m-3 hIUuMp\">\n<td class=\"src__Text-sc-10qje1m-4 fyapQy\">Faixa Et\u00e1ria<\/td>\n<td class=\"src__Text-sc-10qje1m-4 fyapQy\">Todas as idades<\/td>\n<\/tr>\n<tr class=\"src__View-sc-10qje1m-3 hIUuMp\">\n<td class=\"src__Text-sc-10qje1m-4 fyapQy\">Mais Informa\u00e7\u00f5es<\/td>\n<td class=\"src__Text-sc-10qje1m-4 fyapQy\">Armazenamento do Office na Nuvem: 1TB, Aproveite mais 3 meses do Mircrosoft 365 na compra de um produto eleg\u00edvel. Mais detalhes em m365promo.microsoft.com<\/td>\n<\/tr>\n<tr class=\"src__View-sc-10qje1m-3 hIUuMp\">\n<td class=\"src__Text-sc-10qje1m-4 fyapQy\">Refer\u00eancia do Modelo<\/td>\n<td class=\"src__Text-sc-10qje1m-4 fyapQy\">QQ2-00721<\/td>\n<\/tr>\n<tr class=\"src__View-sc-10qje1m-3 hIUuMp\">\n<td class=\"src__Text-sc-10qje1m-4 fyapQy\">SAC<\/td>\n<td class=\"src__Text-sc-10qje1m-4 fyapQy\">0800 047-4688<\/td>\n<\/tr>\n<\/tbody>\n<\/table>\n<\/div>\n<div class=\"report-link__ReportUI-sc-2jruhk-0 IlwqL\"><\/div>\n","protected":false},"excerpt":{"rendered":"<p>Ficha t\u00e9cnica C\u00f3digo 134400886 C\u00f3digo de barras 889842472127 Fabricante MICROSOFT Marca Microsoft Conte\u00fado da embalagem 1 Microsoft 365 Personal Requisitos do Sistema Acesso \u00e0 Internet, Conta da Microsoft SO, Office 2019: Windows 10, Windows Server 2019, Office 365: Windows 10, Windows 8.1, Windows 7 Service Pack 1, Windows Server 2016, Windows Server 2012 R2, Windows [&hellip;]<\/p>\n","protected":false},"featured_media":329,"comment_status":"closed","ping_status":"closed","template":"","meta":[],"product_cat":[23],"product_tag":[104,102,103],"yoast_head":"<!-- This site is optimized with the Yoast SEO plugin v23.5 - https:\/\/yoast.com\/wordpress\/plugins\/seo\/ -->\n<title>Microsoft 365 Personal Office 365 - Eco-Tech - Solu\u00e7\u00f5es em tecnologia %<\/title>\n<meta name=\"description\" content=\"%\" \/>\n<meta name=\"robots\" content=\"index, follow, max-snippet:-1, max-image-preview:large, max-video-preview:-1\" \/>\n<link rel=\"canonical\" href=\"https:\/\/eco-tech.inf.br\/index.php\/product\/microsoft-365-personal-office-365\/\" \/>\n<meta property=\"og:locale\" content=\"pt_BR\" \/>\n<meta property=\"og:type\" content=\"article\" \/>\n<meta property=\"og:title\" content=\"Microsoft 365 Personal Office 365 - Eco-Tech - Solu\u00e7\u00f5es em tecnologia %\" \/>\n<meta property=\"og:description\" content=\"%\" \/>\n<meta property=\"og:url\" content=\"https:\/\/eco-tech.inf.br\/index.php\/product\/microsoft-365-personal-office-365\/\" \/>\n<meta property=\"og:site_name\" content=\"Eco-Tech - Solu\u00e7\u00f5es em tecnologia\" \/>\n<meta property=\"article:publisher\" content=\"https:\/\/www.facebook.com\/EcoTech-Tecnologia-107960038523316\" \/>\n<meta property=\"article:modified_time\" content=\"2022-04-26T14:15:05+00:00\" \/>\n<meta property=\"og:image\" content=\"https:\/\/i0.wp.com\/eco-tech.inf.br\/wp-content\/uploads\/2022\/04\/OFFICE.png?fit=1000%2C1000&ssl=1\" \/>\n\t<meta property=\"og:image:width\" content=\"1000\" \/>\n\t<meta property=\"og:image:height\" content=\"1000\" \/>\n\t<meta property=\"og:image:type\" content=\"image\/png\" \/>\n<meta name=\"twitter:card\" content=\"summary_large_image\" \/>\n<meta name=\"twitter:label1\" content=\"Est. tempo de leitura\" \/>\n\t<meta name=\"twitter:data1\" content=\"2 minutos\" \/>\n<script type=\"application\/ld+json\" class=\"yoast-schema-graph\">{\"@context\":\"https:\/\/schema.org\",\"@graph\":[{\"@type\":\"WebPage\",\"@id\":\"https:\/\/eco-tech.inf.br\/index.php\/product\/microsoft-365-personal-office-365\/\",\"url\":\"https:\/\/eco-tech.inf.br\/index.php\/product\/microsoft-365-personal-office-365\/\",\"name\":\"Microsoft 365 Personal Office 365 - Eco-Tech - Solu\u00e7\u00f5es em tecnologia %\",\"isPartOf\":{\"@id\":\"https:\/\/eco-tech.inf.br\/#website\"},\"primaryImageOfPage\":{\"@id\":\"https:\/\/eco-tech.inf.br\/index.php\/product\/microsoft-365-personal-office-365\/#primaryimage\"},\"image\":{\"@id\":\"https:\/\/eco-tech.inf.br\/index.php\/product\/microsoft-365-personal-office-365\/#primaryimage\"},\"thumbnailUrl\":\"https:\/\/i0.wp.com\/eco-tech.inf.br\/wp-content\/uploads\/2022\/04\/OFFICE.png?fit=1000%2C1000&ssl=1\",\"datePublished\":\"2022-04-26T14:13:13+00:00\",\"dateModified\":\"2022-04-26T14:15:05+00:00\",\"description\":\"%\",\"breadcrumb\":{\"@id\":\"https:\/\/eco-tech.inf.br\/index.php\/product\/microsoft-365-personal-office-365\/#breadcrumb\"},\"inLanguage\":\"pt-BR\",\"potentialAction\":[{\"@type\":\"ReadAction\",\"target\":[\"https:\/\/eco-tech.inf.br\/index.php\/product\/microsoft-365-personal-office-365\/\"]}]},{\"@type\":\"ImageObject\",\"inLanguage\":\"pt-BR\",\"@id\":\"https:\/\/eco-tech.inf.br\/index.php\/product\/microsoft-365-personal-office-365\/#primaryimage\",\"url\":\"https:\/\/i0.wp.com\/eco-tech.inf.br\/wp-content\/uploads\/2022\/04\/OFFICE.png?fit=1000%2C1000&ssl=1\",\"contentUrl\":\"https:\/\/i0.wp.com\/eco-tech.inf.br\/wp-content\/uploads\/2022\/04\/OFFICE.png?fit=1000%2C1000&ssl=1\",\"width\":1000,\"height\":1000},{\"@type\":\"BreadcrumbList\",\"@id\":\"https:\/\/eco-tech.inf.br\/index.php\/product\/microsoft-365-personal-office-365\/#breadcrumb\",\"itemListElement\":[{\"@type\":\"ListItem\",\"position\":1,\"name\":\"In\u00edcio\",\"item\":\"https:\/\/eco-tech.inf.br\/\"},{\"@type\":\"ListItem\",\"position\":2,\"name\":\"Produtos\",\"item\":\"https:\/\/eco-tech.inf.br\/index.php\/shop\/\"},{\"@type\":\"ListItem\",\"position\":3,\"name\":\"Microsoft 365 Personal Office 365\"}]},{\"@type\":\"WebSite\",\"@id\":\"https:\/\/eco-tech.inf.br\/#website\",\"url\":\"https:\/\/eco-tech.inf.br\/\",\"name\":\"Eco-Tech - Solu\u00e7\u00f5es em tecnologia\",\"description\":\"Possu\u00edmos mais de 15 (anos) anos de experi\u00eancia levando para o norte do Brasil tecnologia de ponta trazida por grandes organiza\u00e7\u00f5es dos mais variados seguimentos.\",\"publisher\":{\"@id\":\"https:\/\/eco-tech.inf.br\/#organization\"},\"potentialAction\":[{\"@type\":\"SearchAction\",\"target\":{\"@type\":\"EntryPoint\",\"urlTemplate\":\"https:\/\/eco-tech.inf.br\/?s={search_term_string}\"},\"query-input\":{\"@type\":\"PropertyValueSpecification\",\"valueRequired\":true,\"valueName\":\"search_term_string\"}}],\"inLanguage\":\"pt-BR\"},{\"@type\":\"Organization\",\"@id\":\"https:\/\/eco-tech.inf.br\/#organization\",\"name\":\"ELO SOLU\u00c7\u00d5ES TECNOL\u00d3GICA LTDA\",\"url\":\"https:\/\/eco-tech.inf.br\/\",\"logo\":{\"@type\":\"ImageObject\",\"inLanguage\":\"pt-BR\",\"@id\":\"https:\/\/eco-tech.inf.br\/#\/schema\/logo\/image\/\",\"url\":\"https:\/\/i0.wp.com\/eco-tech.inf.br\/wp-content\/uploads\/2022\/03\/cropped-novologo-1.jpg?fit=512%2C512&ssl=1\",\"contentUrl\":\"https:\/\/i0.wp.com\/eco-tech.inf.br\/wp-content\/uploads\/2022\/03\/cropped-novologo-1.jpg?fit=512%2C512&ssl=1\",\"width\":512,\"height\":512,\"caption\":\"ELO SOLU\u00c7\u00d5ES TECNOL\u00d3GICA LTDA\"},\"image\":{\"@id\":\"https:\/\/eco-tech.inf.br\/#\/schema\/logo\/image\/\"},\"sameAs\":[\"https:\/\/www.facebook.com\/EcoTech-Tecnologia-107960038523316\",\"https:\/\/www.instagram.com\/p\/CbRSB23MmFd\/?utm_medium=copy_link\"]}]}<\/script>\n<!-- \/ Yoast SEO plugin. -->","yoast_head_json":{"title":"Microsoft 365 Personal Office 365 - Eco-Tech - Solu\u00e7\u00f5es em tecnologia %","description":"%","robots":{"index":"index","follow":"follow","max-snippet":"max-snippet:-1","max-image-preview":"max-image-preview:large","max-video-preview":"max-video-preview:-1"},"canonical":"https:\/\/eco-tech.inf.br\/index.php\/product\/microsoft-365-personal-office-365\/","og_locale":"pt_BR","og_type":"article","og_title":"Microsoft 365 Personal Office 365 - Eco-Tech - Solu\u00e7\u00f5es em tecnologia %","og_description":"%","og_url":"https:\/\/eco-tech.inf.br\/index.php\/product\/microsoft-365-personal-office-365\/","og_site_name":"Eco-Tech - Solu\u00e7\u00f5es em tecnologia","article_publisher":"https:\/\/www.facebook.com\/EcoTech-Tecnologia-107960038523316","article_modified_time":"2022-04-26T14:15:05+00:00","og_image":[{"width":1000,"height":1000,"url":"https:\/\/i0.wp.com\/eco-tech.inf.br\/wp-content\/uploads\/2022\/04\/OFFICE.png?fit=1000%2C1000&ssl=1","type":"image\/png"}],"twitter_card":"summary_large_image","twitter_misc":{"Est. tempo de leitura":"2 minutos"},"schema":{"@context":"https:\/\/schema.org","@graph":[{"@type":"WebPage","@id":"https:\/\/eco-tech.inf.br\/index.php\/product\/microsoft-365-personal-office-365\/","url":"https:\/\/eco-tech.inf.br\/index.php\/product\/microsoft-365-personal-office-365\/","name":"Microsoft 365 Personal Office 365 - Eco-Tech - Solu\u00e7\u00f5es em tecnologia %","isPartOf":{"@id":"https:\/\/eco-tech.inf.br\/#website"},"primaryImageOfPage":{"@id":"https:\/\/eco-tech.inf.br\/index.php\/product\/microsoft-365-personal-office-365\/#primaryimage"},"image":{"@id":"https:\/\/eco-tech.inf.br\/index.php\/product\/microsoft-365-personal-office-365\/#primaryimage"},"thumbnailUrl":"https:\/\/i0.wp.com\/eco-tech.inf.br\/wp-content\/uploads\/2022\/04\/OFFICE.png?fit=1000%2C1000&ssl=1","datePublished":"2022-04-26T14:13:13+00:00","dateModified":"2022-04-26T14:15:05+00:00","description":"%","breadcrumb":{"@id":"https:\/\/eco-tech.inf.br\/index.php\/product\/microsoft-365-personal-office-365\/#breadcrumb"},"inLanguage":"pt-BR","potentialAction":[{"@type":"ReadAction","target":["https:\/\/eco-tech.inf.br\/index.php\/product\/microsoft-365-personal-office-365\/"]}]},{"@type":"ImageObject","inLanguage":"pt-BR","@id":"https:\/\/eco-tech.inf.br\/index.php\/product\/microsoft-365-personal-office-365\/#primaryimage","url":"https:\/\/i0.wp.com\/eco-tech.inf.br\/wp-content\/uploads\/2022\/04\/OFFICE.png?fit=1000%2C1000&ssl=1","contentUrl":"https:\/\/i0.wp.com\/eco-tech.inf.br\/wp-content\/uploads\/2022\/04\/OFFICE.png?fit=1000%2C1000&ssl=1","width":1000,"height":1000},{"@type":"BreadcrumbList","@id":"https:\/\/eco-tech.inf.br\/index.php\/product\/microsoft-365-personal-office-365\/#breadcrumb","itemListElement":[{"@type":"ListItem","position":1,"name":"In\u00edcio","item":"https:\/\/eco-tech.inf.br\/"},{"@type":"ListItem","position":2,"name":"Produtos","item":"https:\/\/eco-tech.inf.br\/index.php\/shop\/"},{"@type":"ListItem","position":3,"name":"Microsoft 365 Personal Office 365"}]},{"@type":"WebSite","@id":"https:\/\/eco-tech.inf.br\/#website","url":"https:\/\/eco-tech.inf.br\/","name":"Eco-Tech - Solu\u00e7\u00f5es em tecnologia","description":"Possu\u00edmos mais de 15 (anos) anos de experi\u00eancia levando para o norte do Brasil tecnologia de ponta trazida por grandes organiza\u00e7\u00f5es dos mais variados seguimentos.","publisher":{"@id":"https:\/\/eco-tech.inf.br\/#organization"},"potentialAction":[{"@type":"SearchAction","target":{"@type":"EntryPoint","urlTemplate":"https:\/\/eco-tech.inf.br\/?s={search_term_string}"},"query-input":{"@type":"PropertyValueSpecification","valueRequired":true,"valueName":"search_term_string"}}],"inLanguage":"pt-BR"},{"@type":"Organization","@id":"https:\/\/eco-tech.inf.br\/#organization","name":"ELO SOLU\u00c7\u00d5ES TECNOL\u00d3GICA LTDA","url":"https:\/\/eco-tech.inf.br\/","logo":{"@type":"ImageObject","inLanguage":"pt-BR","@id":"https:\/\/eco-tech.inf.br\/#\/schema\/logo\/image\/","url":"https:\/\/i0.wp.com\/eco-tech.inf.br\/wp-content\/uploads\/2022\/03\/cropped-novologo-1.jpg?fit=512%2C512&ssl=1","contentUrl":"https:\/\/i0.wp.com\/eco-tech.inf.br\/wp-content\/uploads\/2022\/03\/cropped-novologo-1.jpg?fit=512%2C512&ssl=1","width":512,"height":512,"caption":"ELO SOLU\u00c7\u00d5ES TECNOL\u00d3GICA LTDA"},"image":{"@id":"https:\/\/eco-tech.inf.br\/#\/schema\/logo\/image\/"},"sameAs":["https:\/\/www.facebook.com\/EcoTech-Tecnologia-107960038523316","https:\/\/www.instagram.com\/p\/CbRSB23MmFd\/?utm_medium=copy_link"]}]}},"jetpack_sharing_enabled":true,"_links":{"self":[{"href":"https:\/\/eco-tech.inf.br\/index.php\/wp-json\/wp\/v2\/product\/328"}],"collection":[{"href":"https:\/\/eco-tech.inf.br\/index.php\/wp-json\/wp\/v2\/product"}],"about":[{"href":"https:\/\/eco-tech.inf.br\/index.php\/wp-json\/wp\/v2\/types\/product"}],"replies":[{"embeddable":true,"href":"https:\/\/eco-tech.inf.br\/index.php\/wp-json\/wp\/v2\/comments?post=328"}],"wp:featuredmedia":[{"embeddable":true,"href":"https:\/\/eco-tech.inf.br\/index.php\/wp-json\/wp\/v2\/media\/329"}],"wp:attachment":[{"href":"https:\/\/eco-tech.inf.br\/index.php\/wp-json\/wp\/v2\/media?parent=328"}],"wp:term":[{"taxonomy":"product_cat","embeddable":true,"href":"https:\/\/eco-tech.inf.br\/index.php\/wp-json\/wp\/v2\/product_cat?post=328"},{"taxonomy":"product_tag","embeddable":true,"href":"https:\/\/eco-tech.inf.br\/index.php\/wp-json\/wp\/v2\/product_tag?post=328"}],"curies":[{"name":"wp","href":"https:\/\/api.w.org\/{rel}","templated":true}]}}