{"id":316,"date":"2022-04-11T00:22:09","date_gmt":"2022-04-11T04:22:09","guid":{"rendered":"https:\/\/eco-tech.inf.br\/?post_type=product&#038;p=316"},"modified":"2022-04-11T00:22:09","modified_gmt":"2022-04-11T04:22:09","slug":"sistema-elo-modulo-estoque-automacao","status":"publish","type":"product","link":"https:\/\/eco-tech.inf.br\/index.php\/product\/sistema-elo-modulo-estoque-automacao\/","title":{"rendered":"Sistema Elo &#8211; M\u00f3dulo Estoque"},"content":{"rendered":"<p><span class=\"fontstyle0\">. ESTOQUE<br \/>\n<\/span><span class=\"fontstyle2\">\uf0b7 <\/span><span class=\"fontstyle3\">Entrada de Produtos (Integrada ao compras e Manual)<br \/>\n<\/span><span class=\"fontstyle2\">\uf0b7 <\/span><span class=\"fontstyle3\">ENF (Entrada de Notas Fiscais Eletr\u00f4nica\/ Importa\u00e7\u00e3o de XML). *<br \/>\n<\/span><span class=\"fontstyle2\">\uf0b7 <\/span><span class=\"fontstyle3\">D.I (Documento de Importa\u00e7\u00e3o) *<br \/>\n<\/span><span class=\"fontstyle2\">\uf0b7 <\/span><span class=\"fontstyle3\">Cancelamento de Entrada<br \/>\n<\/span><span class=\"fontstyle2\">\uf0b7 <\/span><span class=\"fontstyle3\">Transfer\u00eancia de Estoque<br \/>\n<\/span><span class=\"fontstyle2\">\uf0b7 <\/span><span class=\"fontstyle3\">Venda em Balc\u00e3o<br \/>\n<\/span><span class=\"fontstyle2\">\uf0b7 <\/span><span class=\"fontstyle3\">Balan\u00e7o de Estoque\/ Invent\u00e1rio com integra\u00e7\u00e3o ao coletor de dados<br \/>\n<\/span><span class=\"fontstyle2\">\uf0b7 <\/span><span class=\"fontstyle3\">Troca de Produto<br \/>\n<\/span><span class=\"fontstyle2\">\uf0b7 <\/span><span class=\"fontstyle3\">Devolu\u00e7\u00e3o de Produto<br \/>\n<\/span><span class=\"fontstyle2\">\uf0b7 <\/span><span class=\"fontstyle3\">Manuten\u00e7\u00e3o de Pre\u00e7os (Manual\/ Autom\u00e1tica\/ABCFarma).<br \/>\n<\/span><span class=\"fontstyle2\">\uf0b7 <\/span><span class=\"fontstyle3\">Tabelas e Etiquetas<br \/>\n<\/span><span class=\"fontstyle2\">\uf0b7 <\/span><span class=\"fontstyle3\">Relat\u00f3rios de Estoque<br \/>\n<\/span><\/p>\n<table class=\"NormalTable\" style=\"height: 74px;\" width=\"451\">\n<tbody>\n<tr>\n<td width=\"13\"><span class=\"fontstyle2\">\uf0b7 <\/span><\/td>\n<td width=\"283\"><span class=\"fontstyle3\">An\u00e1lise por validade\u00a0 e lote<br \/>\n( Fun\u00e7\u00f5es exclusivas do M\u00f3dulo de Estoque avan\u00e7ado)<\/span><\/td>\n<\/tr>\n<\/tbody>\n<\/table>\n<p>&nbsp;<\/p>\n","protected":false},"excerpt":{"rendered":"<p>. ESTOQUE \uf0b7 Entrada de Produtos (Integrada ao compras e Manual) \uf0b7 ENF (Entrada de Notas Fiscais Eletr\u00f4nica\/ Importa\u00e7\u00e3o de XML). * \uf0b7 D.I (Documento de Importa\u00e7\u00e3o) * \uf0b7 Cancelamento de Entrada \uf0b7 Transfer\u00eancia de Estoque \uf0b7 Venda em Balc\u00e3o \uf0b7 Balan\u00e7o de Estoque\/ Invent\u00e1rio com integra\u00e7\u00e3o ao coletor de dados \uf0b7 Troca de Produto [&hellip;]<\/p>\n","protected":false},"featured_media":318,"comment_status":"closed","ping_status":"closed","template":"","meta":[],"product_cat":[23],"product_tag":[98,99,100],"yoast_head":"<!-- This site is optimized with the Yoast SEO plugin v23.5 - https:\/\/yoast.com\/wordpress\/plugins\/seo\/ -->\n<title>Sistema Elo - M\u00f3dulo Estoque - Eco-Tech - Solu\u00e7\u00f5es em tecnologia %<\/title>\n<meta name=\"description\" content=\"% %\" \/>\n<meta name=\"robots\" content=\"index, follow, max-snippet:-1, max-image-preview:large, max-video-preview:-1\" \/>\n<link rel=\"canonical\" href=\"https:\/\/eco-tech.inf.br\/index.php\/product\/sistema-elo-modulo-estoque-automacao\/\" \/>\n<meta property=\"og:locale\" content=\"pt_BR\" \/>\n<meta property=\"og:type\" content=\"article\" \/>\n<meta property=\"og:title\" content=\"Sistema Elo - M\u00f3dulo Estoque - Eco-Tech - Solu\u00e7\u00f5es em tecnologia %\" \/>\n<meta property=\"og:description\" content=\"% %\" \/>\n<meta property=\"og:url\" content=\"https:\/\/eco-tech.inf.br\/index.php\/product\/sistema-elo-modulo-estoque-automacao\/\" \/>\n<meta property=\"og:site_name\" content=\"Eco-Tech - Solu\u00e7\u00f5es em tecnologia\" \/>\n<meta property=\"article:publisher\" content=\"https:\/\/www.facebook.com\/EcoTech-Tecnologia-107960038523316\" \/>\n<meta property=\"og:image\" content=\"https:\/\/i0.wp.com\/eco-tech.inf.br\/wp-content\/uploads\/2022\/04\/Estoque-1.png?fit=491%2C506&ssl=1\" \/>\n\t<meta property=\"og:image:width\" content=\"491\" \/>\n\t<meta property=\"og:image:height\" content=\"506\" \/>\n\t<meta property=\"og:image:type\" content=\"image\/png\" \/>\n<meta name=\"twitter:card\" content=\"summary_large_image\" \/>\n<meta name=\"twitter:label1\" content=\"Est. tempo de leitura\" \/>\n\t<meta name=\"twitter:data1\" content=\"1 minuto\" \/>\n<script type=\"application\/ld+json\" class=\"yoast-schema-graph\">{\"@context\":\"https:\/\/schema.org\",\"@graph\":[{\"@type\":\"WebPage\",\"@id\":\"https:\/\/eco-tech.inf.br\/index.php\/product\/sistema-elo-modulo-estoque-automacao\/\",\"url\":\"https:\/\/eco-tech.inf.br\/index.php\/product\/sistema-elo-modulo-estoque-automacao\/\",\"name\":\"Sistema Elo - M\u00f3dulo Estoque - Eco-Tech - Solu\u00e7\u00f5es em tecnologia %\",\"isPartOf\":{\"@id\":\"https:\/\/eco-tech.inf.br\/#website\"},\"primaryImageOfPage\":{\"@id\":\"https:\/\/eco-tech.inf.br\/index.php\/product\/sistema-elo-modulo-estoque-automacao\/#primaryimage\"},\"image\":{\"@id\":\"https:\/\/eco-tech.inf.br\/index.php\/product\/sistema-elo-modulo-estoque-automacao\/#primaryimage\"},\"thumbnailUrl\":\"https:\/\/i0.wp.com\/eco-tech.inf.br\/wp-content\/uploads\/2022\/04\/Estoque-1.png?fit=491%2C506&ssl=1\",\"datePublished\":\"2022-04-11T04:22:09+00:00\",\"dateModified\":\"2022-04-11T04:22:09+00:00\",\"description\":\"% %\",\"breadcrumb\":{\"@id\":\"https:\/\/eco-tech.inf.br\/index.php\/product\/sistema-elo-modulo-estoque-automacao\/#breadcrumb\"},\"inLanguage\":\"pt-BR\",\"potentialAction\":[{\"@type\":\"ReadAction\",\"target\":[\"https:\/\/eco-tech.inf.br\/index.php\/product\/sistema-elo-modulo-estoque-automacao\/\"]}]},{\"@type\":\"ImageObject\",\"inLanguage\":\"pt-BR\",\"@id\":\"https:\/\/eco-tech.inf.br\/index.php\/product\/sistema-elo-modulo-estoque-automacao\/#primaryimage\",\"url\":\"https:\/\/i0.wp.com\/eco-tech.inf.br\/wp-content\/uploads\/2022\/04\/Estoque-1.png?fit=491%2C506&ssl=1\",\"contentUrl\":\"https:\/\/i0.wp.com\/eco-tech.inf.br\/wp-content\/uploads\/2022\/04\/Estoque-1.png?fit=491%2C506&ssl=1\",\"width\":491,\"height\":506},{\"@type\":\"BreadcrumbList\",\"@id\":\"https:\/\/eco-tech.inf.br\/index.php\/product\/sistema-elo-modulo-estoque-automacao\/#breadcrumb\",\"itemListElement\":[{\"@type\":\"ListItem\",\"position\":1,\"name\":\"In\u00edcio\",\"item\":\"https:\/\/eco-tech.inf.br\/\"},{\"@type\":\"ListItem\",\"position\":2,\"name\":\"Produtos\",\"item\":\"https:\/\/eco-tech.inf.br\/index.php\/shop\/\"},{\"@type\":\"ListItem\",\"position\":3,\"name\":\"Sistema Elo &#8211; M\u00f3dulo Estoque\"}]},{\"@type\":\"WebSite\",\"@id\":\"https:\/\/eco-tech.inf.br\/#website\",\"url\":\"https:\/\/eco-tech.inf.br\/\",\"name\":\"Eco-Tech - Solu\u00e7\u00f5es em tecnologia\",\"description\":\"Possu\u00edmos mais de 15 (anos) anos de experi\u00eancia levando para o norte do Brasil tecnologia de ponta trazida por grandes organiza\u00e7\u00f5es dos mais variados seguimentos.\",\"publisher\":{\"@id\":\"https:\/\/eco-tech.inf.br\/#organization\"},\"potentialAction\":[{\"@type\":\"SearchAction\",\"target\":{\"@type\":\"EntryPoint\",\"urlTemplate\":\"https:\/\/eco-tech.inf.br\/?s={search_term_string}\"},\"query-input\":{\"@type\":\"PropertyValueSpecification\",\"valueRequired\":true,\"valueName\":\"search_term_string\"}}],\"inLanguage\":\"pt-BR\"},{\"@type\":\"Organization\",\"@id\":\"https:\/\/eco-tech.inf.br\/#organization\",\"name\":\"ELO SOLU\u00c7\u00d5ES TECNOL\u00d3GICA LTDA\",\"url\":\"https:\/\/eco-tech.inf.br\/\",\"logo\":{\"@type\":\"ImageObject\",\"inLanguage\":\"pt-BR\",\"@id\":\"https:\/\/eco-tech.inf.br\/#\/schema\/logo\/image\/\",\"url\":\"https:\/\/i0.wp.com\/eco-tech.inf.br\/wp-content\/uploads\/2022\/03\/cropped-novologo-1.jpg?fit=512%2C512&ssl=1\",\"contentUrl\":\"https:\/\/i0.wp.com\/eco-tech.inf.br\/wp-content\/uploads\/2022\/03\/cropped-novologo-1.jpg?fit=512%2C512&ssl=1\",\"width\":512,\"height\":512,\"caption\":\"ELO SOLU\u00c7\u00d5ES TECNOL\u00d3GICA LTDA\"},\"image\":{\"@id\":\"https:\/\/eco-tech.inf.br\/#\/schema\/logo\/image\/\"},\"sameAs\":[\"https:\/\/www.facebook.com\/EcoTech-Tecnologia-107960038523316\",\"https:\/\/www.instagram.com\/p\/CbRSB23MmFd\/?utm_medium=copy_link\"]}]}<\/script>\n<!-- \/ Yoast SEO plugin. -->","yoast_head_json":{"title":"Sistema Elo - M\u00f3dulo Estoque - Eco-Tech - Solu\u00e7\u00f5es em tecnologia %","description":"% %","robots":{"index":"index","follow":"follow","max-snippet":"max-snippet:-1","max-image-preview":"max-image-preview:large","max-video-preview":"max-video-preview:-1"},"canonical":"https:\/\/eco-tech.inf.br\/index.php\/product\/sistema-elo-modulo-estoque-automacao\/","og_locale":"pt_BR","og_type":"article","og_title":"Sistema Elo - M\u00f3dulo Estoque - Eco-Tech - Solu\u00e7\u00f5es em tecnologia %","og_description":"% %","og_url":"https:\/\/eco-tech.inf.br\/index.php\/product\/sistema-elo-modulo-estoque-automacao\/","og_site_name":"Eco-Tech - Solu\u00e7\u00f5es em tecnologia","article_publisher":"https:\/\/www.facebook.com\/EcoTech-Tecnologia-107960038523316","og_image":[{"width":491,"height":506,"url":"https:\/\/i0.wp.com\/eco-tech.inf.br\/wp-content\/uploads\/2022\/04\/Estoque-1.png?fit=491%2C506&ssl=1","type":"image\/png"}],"twitter_card":"summary_large_image","twitter_misc":{"Est. tempo de leitura":"1 minuto"},"schema":{"@context":"https:\/\/schema.org","@graph":[{"@type":"WebPage","@id":"https:\/\/eco-tech.inf.br\/index.php\/product\/sistema-elo-modulo-estoque-automacao\/","url":"https:\/\/eco-tech.inf.br\/index.php\/product\/sistema-elo-modulo-estoque-automacao\/","name":"Sistema Elo - M\u00f3dulo Estoque - Eco-Tech - Solu\u00e7\u00f5es em tecnologia %","isPartOf":{"@id":"https:\/\/eco-tech.inf.br\/#website"},"primaryImageOfPage":{"@id":"https:\/\/eco-tech.inf.br\/index.php\/product\/sistema-elo-modulo-estoque-automacao\/#primaryimage"},"image":{"@id":"https:\/\/eco-tech.inf.br\/index.php\/product\/sistema-elo-modulo-estoque-automacao\/#primaryimage"},"thumbnailUrl":"https:\/\/i0.wp.com\/eco-tech.inf.br\/wp-content\/uploads\/2022\/04\/Estoque-1.png?fit=491%2C506&ssl=1","datePublished":"2022-04-11T04:22:09+00:00","dateModified":"2022-04-11T04:22:09+00:00","description":"% %","breadcrumb":{"@id":"https:\/\/eco-tech.inf.br\/index.php\/product\/sistema-elo-modulo-estoque-automacao\/#breadcrumb"},"inLanguage":"pt-BR","potentialAction":[{"@type":"ReadAction","target":["https:\/\/eco-tech.inf.br\/index.php\/product\/sistema-elo-modulo-estoque-automacao\/"]}]},{"@type":"ImageObject","inLanguage":"pt-BR","@id":"https:\/\/eco-tech.inf.br\/index.php\/product\/sistema-elo-modulo-estoque-automacao\/#primaryimage","url":"https:\/\/i0.wp.com\/eco-tech.inf.br\/wp-content\/uploads\/2022\/04\/Estoque-1.png?fit=491%2C506&ssl=1","contentUrl":"https:\/\/i0.wp.com\/eco-tech.inf.br\/wp-content\/uploads\/2022\/04\/Estoque-1.png?fit=491%2C506&ssl=1","width":491,"height":506},{"@type":"BreadcrumbList","@id":"https:\/\/eco-tech.inf.br\/index.php\/product\/sistema-elo-modulo-estoque-automacao\/#breadcrumb","itemListElement":[{"@type":"ListItem","position":1,"name":"In\u00edcio","item":"https:\/\/eco-tech.inf.br\/"},{"@type":"ListItem","position":2,"name":"Produtos","item":"https:\/\/eco-tech.inf.br\/index.php\/shop\/"},{"@type":"ListItem","position":3,"name":"Sistema Elo &#8211; M\u00f3dulo Estoque"}]},{"@type":"WebSite","@id":"https:\/\/eco-tech.inf.br\/#website","url":"https:\/\/eco-tech.inf.br\/","name":"Eco-Tech - Solu\u00e7\u00f5es em tecnologia","description":"Possu\u00edmos mais de 15 (anos) anos de experi\u00eancia levando para o norte do Brasil tecnologia de ponta trazida por grandes organiza\u00e7\u00f5es dos mais variados seguimentos.","publisher":{"@id":"https:\/\/eco-tech.inf.br\/#organization"},"potentialAction":[{"@type":"SearchAction","target":{"@type":"EntryPoint","urlTemplate":"https:\/\/eco-tech.inf.br\/?s={search_term_string}"},"query-input":{"@type":"PropertyValueSpecification","valueRequired":true,"valueName":"search_term_string"}}],"inLanguage":"pt-BR"},{"@type":"Organization","@id":"https:\/\/eco-tech.inf.br\/#organization","name":"ELO SOLU\u00c7\u00d5ES TECNOL\u00d3GICA LTDA","url":"https:\/\/eco-tech.inf.br\/","logo":{"@type":"ImageObject","inLanguage":"pt-BR","@id":"https:\/\/eco-tech.inf.br\/#\/schema\/logo\/image\/","url":"https:\/\/i0.wp.com\/eco-tech.inf.br\/wp-content\/uploads\/2022\/03\/cropped-novologo-1.jpg?fit=512%2C512&ssl=1","contentUrl":"https:\/\/i0.wp.com\/eco-tech.inf.br\/wp-content\/uploads\/2022\/03\/cropped-novologo-1.jpg?fit=512%2C512&ssl=1","width":512,"height":512,"caption":"ELO SOLU\u00c7\u00d5ES TECNOL\u00d3GICA LTDA"},"image":{"@id":"https:\/\/eco-tech.inf.br\/#\/schema\/logo\/image\/"},"sameAs":["https:\/\/www.facebook.com\/EcoTech-Tecnologia-107960038523316","https:\/\/www.instagram.com\/p\/CbRSB23MmFd\/?utm_medium=copy_link"]}]}},"jetpack_sharing_enabled":true,"_links":{"self":[{"href":"https:\/\/eco-tech.inf.br\/index.php\/wp-json\/wp\/v2\/product\/316"}],"collection":[{"href":"https:\/\/eco-tech.inf.br\/index.php\/wp-json\/wp\/v2\/product"}],"about":[{"href":"https:\/\/eco-tech.inf.br\/index.php\/wp-json\/wp\/v2\/types\/product"}],"replies":[{"embeddable":true,"href":"https:\/\/eco-tech.inf.br\/index.php\/wp-json\/wp\/v2\/comments?post=316"}],"wp:featuredmedia":[{"embeddable":true,"href":"https:\/\/eco-tech.inf.br\/index.php\/wp-json\/wp\/v2\/media\/318"}],"wp:attachment":[{"href":"https:\/\/eco-tech.inf.br\/index.php\/wp-json\/wp\/v2\/media?parent=316"}],"wp:term":[{"taxonomy":"product_cat","embeddable":true,"href":"https:\/\/eco-tech.inf.br\/index.php\/wp-json\/wp\/v2\/product_cat?post=316"},{"taxonomy":"product_tag","embeddable":true,"href":"https:\/\/eco-tech.inf.br\/index.php\/wp-json\/wp\/v2\/product_tag?post=316"}],"curies":[{"name":"wp","href":"https:\/\/api.w.org\/{rel}","templated":true}]}}