{"id":276,"date":"2022-04-10T22:04:54","date_gmt":"2022-04-11T02:04:54","guid":{"rendered":"https:\/\/eco-tech.inf.br\/?post_type=product&#038;p=276"},"modified":"2022-04-10T22:04:54","modified_gmt":"2022-04-11T02:04:54","slug":"sistema-elo-modulo-cadastro-retaguarda","status":"publish","type":"product","link":"https:\/\/eco-tech.inf.br\/index.php\/product\/sistema-elo-modulo-cadastro-retaguarda\/","title":{"rendered":"Sistema ELO &#8211; M\u00f3dulo Cadastro\/Retaguarda"},"content":{"rendered":"<p><span class=\"fontstyle0\">\uf0b7 <\/span><span class=\"fontstyle2\">Produtos (Categorias, Fiscais, Lote, Vencimento, endere\u00e7amentos, Comiss\u00f5es, Tributa\u00e7\u00f5es e etc.)<br \/>\n<\/span><span class=\"fontstyle0\">\uf0b7 <\/span><span class=\"fontstyle2\">Clientes<br \/>\n<\/span><span class=\"fontstyle0\">\uf0b7 <\/span><span class=\"fontstyle2\">Fornecedores<br \/>\n<\/span><span class=\"fontstyle0\">\uf0b7 <\/span><span class=\"fontstyle2\">Transportadores<br \/>\n<\/span><span class=\"fontstyle0\">\uf0b7 <\/span><span class=\"fontstyle2\">Bancos (Contas Correntes)<br \/>\n<\/span><span class=\"fontstyle0\">\uf0b7 <\/span><span class=\"fontstyle2\">Equipe de venda (\u00e1rea, supervisores, vendedores, Cotas, Comiss\u00f5es e etc.)<br \/>\n<\/span><span class=\"fontstyle0\">\uf0b7 <\/span><span class=\"fontstyle2\">Plano de Contas Gerencial<br \/>\n<\/span><span class=\"fontstyle0\">\uf0b7 <\/span><span class=\"fontstyle2\">Par\u00e2metros Financeiros (Moeda, Prazos e Juros, descontos e etc).<br \/>\n<\/span><span class=\"fontstyle0\">\uf0b7 <\/span><span class=\"fontstyle2\">Usu\u00e1rios do sistema (Permiss\u00f5es)<\/span><\/p>\n<p><strong>ATEN\u00c7\u00c3O: PRE\u00c7OS PARA UM USU\u00c1RIO! PARA PROJETOS MAIORES NECESS\u00c1RIO FAZER UMA CONSULTA COM UM DE NOSSOS ATENDENTES.<\/strong><\/p>\n","protected":false},"excerpt":{"rendered":"<p>\uf0b7 Produtos (Categorias, Fiscais, Lote, Vencimento, endere\u00e7amentos, Comiss\u00f5es, Tributa\u00e7\u00f5es e etc.) \uf0b7 Clientes \uf0b7 Fornecedores \uf0b7 Transportadores \uf0b7 Bancos (Contas Correntes) \uf0b7 Equipe de venda (\u00e1rea, supervisores, vendedores, Cotas, Comiss\u00f5es e etc.) \uf0b7 Plano de Contas Gerencial \uf0b7 Par\u00e2metros Financeiros (Moeda, Prazos e Juros, descontos e etc). \uf0b7 Usu\u00e1rios do sistema (Permiss\u00f5es) ATEN\u00c7\u00c3O: PRE\u00c7OS PARA [&hellip;]<\/p>\n","protected":false},"featured_media":277,"comment_status":"closed","ping_status":"closed","template":"","meta":[],"product_cat":[23],"product_tag":[],"yoast_head":"<!-- This site is optimized with the Yoast SEO plugin v23.5 - https:\/\/yoast.com\/wordpress\/plugins\/seo\/ -->\n<title>Sistema ELO - M\u00f3dulo Cadastro\/Retaguarda - Eco-Tech - Solu\u00e7\u00f5es em tecnologia Sistema ELO - M\u00f3dulo Cadastro\/Retaguarda<\/title>\n<meta name=\"robots\" content=\"index, follow, max-snippet:-1, max-image-preview:large, max-video-preview:-1\" \/>\n<link rel=\"canonical\" href=\"https:\/\/eco-tech.inf.br\/index.php\/product\/sistema-elo-modulo-cadastro-retaguarda\/\" \/>\n<meta property=\"og:locale\" content=\"pt_BR\" \/>\n<meta property=\"og:type\" content=\"article\" \/>\n<meta property=\"og:title\" content=\"Sistema ELO - M\u00f3dulo Cadastro\/Retaguarda - Eco-Tech - Solu\u00e7\u00f5es em tecnologia Sistema ELO - M\u00f3dulo Cadastro\/Retaguarda\" \/>\n<meta property=\"og:description\" content=\"\uf0b7 Produtos (Categorias, Fiscais, Lote, Vencimento, endere\u00e7amentos, Comiss\u00f5es, Tributa\u00e7\u00f5es e etc.) \uf0b7 Clientes \uf0b7 Fornecedores \uf0b7 Transportadores \uf0b7 Bancos (Contas Correntes) \uf0b7 Equipe de venda (\u00e1rea, supervisores, vendedores, Cotas, Comiss\u00f5es e etc.) \uf0b7 Plano de Contas Gerencial \uf0b7 Par\u00e2metros Financeiros (Moeda, Prazos e Juros, descontos e etc). \uf0b7 Usu\u00e1rios do sistema (Permiss\u00f5es) ATEN\u00c7\u00c3O: PRE\u00c7OS PARA [&hellip;]\" \/>\n<meta property=\"og:url\" content=\"https:\/\/eco-tech.inf.br\/index.php\/product\/sistema-elo-modulo-cadastro-retaguarda\/\" \/>\n<meta property=\"og:site_name\" content=\"Eco-Tech - Solu\u00e7\u00f5es em tecnologia\" \/>\n<meta property=\"article:publisher\" content=\"https:\/\/www.facebook.com\/EcoTech-Tecnologia-107960038523316\" \/>\n<meta property=\"og:image\" content=\"https:\/\/i0.wp.com\/eco-tech.inf.br\/wp-content\/uploads\/2022\/04\/RETAGUARDA.png?fit=485%2C506&ssl=1\" \/>\n\t<meta property=\"og:image:width\" content=\"485\" \/>\n\t<meta property=\"og:image:height\" content=\"506\" \/>\n\t<meta property=\"og:image:type\" content=\"image\/png\" \/>\n<meta name=\"twitter:card\" content=\"summary_large_image\" \/>\n<script type=\"application\/ld+json\" class=\"yoast-schema-graph\">{\"@context\":\"https:\/\/schema.org\",\"@graph\":[{\"@type\":\"WebPage\",\"@id\":\"https:\/\/eco-tech.inf.br\/index.php\/product\/sistema-elo-modulo-cadastro-retaguarda\/\",\"url\":\"https:\/\/eco-tech.inf.br\/index.php\/product\/sistema-elo-modulo-cadastro-retaguarda\/\",\"name\":\"Sistema ELO - M\u00f3dulo Cadastro\/Retaguarda - Eco-Tech - Solu\u00e7\u00f5es em tecnologia Sistema ELO - M\u00f3dulo Cadastro\/Retaguarda\",\"isPartOf\":{\"@id\":\"https:\/\/eco-tech.inf.br\/#website\"},\"primaryImageOfPage\":{\"@id\":\"https:\/\/eco-tech.inf.br\/index.php\/product\/sistema-elo-modulo-cadastro-retaguarda\/#primaryimage\"},\"image\":{\"@id\":\"https:\/\/eco-tech.inf.br\/index.php\/product\/sistema-elo-modulo-cadastro-retaguarda\/#primaryimage\"},\"thumbnailUrl\":\"https:\/\/i0.wp.com\/eco-tech.inf.br\/wp-content\/uploads\/2022\/04\/RETAGUARDA.png?fit=485%2C506&ssl=1\",\"datePublished\":\"2022-04-11T02:04:54+00:00\",\"dateModified\":\"2022-04-11T02:04:54+00:00\",\"breadcrumb\":{\"@id\":\"https:\/\/eco-tech.inf.br\/index.php\/product\/sistema-elo-modulo-cadastro-retaguarda\/#breadcrumb\"},\"inLanguage\":\"pt-BR\",\"potentialAction\":[{\"@type\":\"ReadAction\",\"target\":[\"https:\/\/eco-tech.inf.br\/index.php\/product\/sistema-elo-modulo-cadastro-retaguarda\/\"]}]},{\"@type\":\"ImageObject\",\"inLanguage\":\"pt-BR\",\"@id\":\"https:\/\/eco-tech.inf.br\/index.php\/product\/sistema-elo-modulo-cadastro-retaguarda\/#primaryimage\",\"url\":\"https:\/\/i0.wp.com\/eco-tech.inf.br\/wp-content\/uploads\/2022\/04\/RETAGUARDA.png?fit=485%2C506&ssl=1\",\"contentUrl\":\"https:\/\/i0.wp.com\/eco-tech.inf.br\/wp-content\/uploads\/2022\/04\/RETAGUARDA.png?fit=485%2C506&ssl=1\",\"width\":485,\"height\":506},{\"@type\":\"BreadcrumbList\",\"@id\":\"https:\/\/eco-tech.inf.br\/index.php\/product\/sistema-elo-modulo-cadastro-retaguarda\/#breadcrumb\",\"itemListElement\":[{\"@type\":\"ListItem\",\"position\":1,\"name\":\"In\u00edcio\",\"item\":\"https:\/\/eco-tech.inf.br\/\"},{\"@type\":\"ListItem\",\"position\":2,\"name\":\"Produtos\",\"item\":\"https:\/\/eco-tech.inf.br\/index.php\/shop\/\"},{\"@type\":\"ListItem\",\"position\":3,\"name\":\"Sistema ELO &#8211; M\u00f3dulo Cadastro\/Retaguarda\"}]},{\"@type\":\"WebSite\",\"@id\":\"https:\/\/eco-tech.inf.br\/#website\",\"url\":\"https:\/\/eco-tech.inf.br\/\",\"name\":\"Eco-Tech - Solu\u00e7\u00f5es em tecnologia\",\"description\":\"Possu\u00edmos mais de 15 (anos) anos de experi\u00eancia levando para o norte do Brasil tecnologia de ponta trazida por grandes organiza\u00e7\u00f5es dos mais variados seguimentos.\",\"publisher\":{\"@id\":\"https:\/\/eco-tech.inf.br\/#organization\"},\"potentialAction\":[{\"@type\":\"SearchAction\",\"target\":{\"@type\":\"EntryPoint\",\"urlTemplate\":\"https:\/\/eco-tech.inf.br\/?s={search_term_string}\"},\"query-input\":{\"@type\":\"PropertyValueSpecification\",\"valueRequired\":true,\"valueName\":\"search_term_string\"}}],\"inLanguage\":\"pt-BR\"},{\"@type\":\"Organization\",\"@id\":\"https:\/\/eco-tech.inf.br\/#organization\",\"name\":\"ELO SOLU\u00c7\u00d5ES TECNOL\u00d3GICA LTDA\",\"url\":\"https:\/\/eco-tech.inf.br\/\",\"logo\":{\"@type\":\"ImageObject\",\"inLanguage\":\"pt-BR\",\"@id\":\"https:\/\/eco-tech.inf.br\/#\/schema\/logo\/image\/\",\"url\":\"https:\/\/i0.wp.com\/eco-tech.inf.br\/wp-content\/uploads\/2022\/03\/cropped-novologo-1.jpg?fit=512%2C512&ssl=1\",\"contentUrl\":\"https:\/\/i0.wp.com\/eco-tech.inf.br\/wp-content\/uploads\/2022\/03\/cropped-novologo-1.jpg?fit=512%2C512&ssl=1\",\"width\":512,\"height\":512,\"caption\":\"ELO SOLU\u00c7\u00d5ES TECNOL\u00d3GICA LTDA\"},\"image\":{\"@id\":\"https:\/\/eco-tech.inf.br\/#\/schema\/logo\/image\/\"},\"sameAs\":[\"https:\/\/www.facebook.com\/EcoTech-Tecnologia-107960038523316\",\"https:\/\/www.instagram.com\/p\/CbRSB23MmFd\/?utm_medium=copy_link\"]}]}<\/script>\n<!-- \/ Yoast SEO plugin. -->","yoast_head_json":{"title":"Sistema ELO - M\u00f3dulo Cadastro\/Retaguarda - Eco-Tech - Solu\u00e7\u00f5es em tecnologia Sistema ELO - M\u00f3dulo Cadastro\/Retaguarda","robots":{"index":"index","follow":"follow","max-snippet":"max-snippet:-1","max-image-preview":"max-image-preview:large","max-video-preview":"max-video-preview:-1"},"canonical":"https:\/\/eco-tech.inf.br\/index.php\/product\/sistema-elo-modulo-cadastro-retaguarda\/","og_locale":"pt_BR","og_type":"article","og_title":"Sistema ELO - M\u00f3dulo Cadastro\/Retaguarda - Eco-Tech - Solu\u00e7\u00f5es em tecnologia Sistema ELO - M\u00f3dulo Cadastro\/Retaguarda","og_description":"\uf0b7 Produtos (Categorias, Fiscais, Lote, Vencimento, endere\u00e7amentos, Comiss\u00f5es, Tributa\u00e7\u00f5es e etc.) \uf0b7 Clientes \uf0b7 Fornecedores \uf0b7 Transportadores \uf0b7 Bancos (Contas Correntes) \uf0b7 Equipe de venda (\u00e1rea, supervisores, vendedores, Cotas, Comiss\u00f5es e etc.) \uf0b7 Plano de Contas Gerencial \uf0b7 Par\u00e2metros Financeiros (Moeda, Prazos e Juros, descontos e etc). \uf0b7 Usu\u00e1rios do sistema (Permiss\u00f5es) ATEN\u00c7\u00c3O: PRE\u00c7OS PARA [&hellip;]","og_url":"https:\/\/eco-tech.inf.br\/index.php\/product\/sistema-elo-modulo-cadastro-retaguarda\/","og_site_name":"Eco-Tech - Solu\u00e7\u00f5es em tecnologia","article_publisher":"https:\/\/www.facebook.com\/EcoTech-Tecnologia-107960038523316","og_image":[{"width":485,"height":506,"url":"https:\/\/i0.wp.com\/eco-tech.inf.br\/wp-content\/uploads\/2022\/04\/RETAGUARDA.png?fit=485%2C506&ssl=1","type":"image\/png"}],"twitter_card":"summary_large_image","schema":{"@context":"https:\/\/schema.org","@graph":[{"@type":"WebPage","@id":"https:\/\/eco-tech.inf.br\/index.php\/product\/sistema-elo-modulo-cadastro-retaguarda\/","url":"https:\/\/eco-tech.inf.br\/index.php\/product\/sistema-elo-modulo-cadastro-retaguarda\/","name":"Sistema ELO - M\u00f3dulo Cadastro\/Retaguarda - Eco-Tech - Solu\u00e7\u00f5es em tecnologia Sistema ELO - M\u00f3dulo Cadastro\/Retaguarda","isPartOf":{"@id":"https:\/\/eco-tech.inf.br\/#website"},"primaryImageOfPage":{"@id":"https:\/\/eco-tech.inf.br\/index.php\/product\/sistema-elo-modulo-cadastro-retaguarda\/#primaryimage"},"image":{"@id":"https:\/\/eco-tech.inf.br\/index.php\/product\/sistema-elo-modulo-cadastro-retaguarda\/#primaryimage"},"thumbnailUrl":"https:\/\/i0.wp.com\/eco-tech.inf.br\/wp-content\/uploads\/2022\/04\/RETAGUARDA.png?fit=485%2C506&ssl=1","datePublished":"2022-04-11T02:04:54+00:00","dateModified":"2022-04-11T02:04:54+00:00","breadcrumb":{"@id":"https:\/\/eco-tech.inf.br\/index.php\/product\/sistema-elo-modulo-cadastro-retaguarda\/#breadcrumb"},"inLanguage":"pt-BR","potentialAction":[{"@type":"ReadAction","target":["https:\/\/eco-tech.inf.br\/index.php\/product\/sistema-elo-modulo-cadastro-retaguarda\/"]}]},{"@type":"ImageObject","inLanguage":"pt-BR","@id":"https:\/\/eco-tech.inf.br\/index.php\/product\/sistema-elo-modulo-cadastro-retaguarda\/#primaryimage","url":"https:\/\/i0.wp.com\/eco-tech.inf.br\/wp-content\/uploads\/2022\/04\/RETAGUARDA.png?fit=485%2C506&ssl=1","contentUrl":"https:\/\/i0.wp.com\/eco-tech.inf.br\/wp-content\/uploads\/2022\/04\/RETAGUARDA.png?fit=485%2C506&ssl=1","width":485,"height":506},{"@type":"BreadcrumbList","@id":"https:\/\/eco-tech.inf.br\/index.php\/product\/sistema-elo-modulo-cadastro-retaguarda\/#breadcrumb","itemListElement":[{"@type":"ListItem","position":1,"name":"In\u00edcio","item":"https:\/\/eco-tech.inf.br\/"},{"@type":"ListItem","position":2,"name":"Produtos","item":"https:\/\/eco-tech.inf.br\/index.php\/shop\/"},{"@type":"ListItem","position":3,"name":"Sistema ELO &#8211; M\u00f3dulo Cadastro\/Retaguarda"}]},{"@type":"WebSite","@id":"https:\/\/eco-tech.inf.br\/#website","url":"https:\/\/eco-tech.inf.br\/","name":"Eco-Tech - Solu\u00e7\u00f5es em tecnologia","description":"Possu\u00edmos mais de 15 (anos) anos de experi\u00eancia levando para o norte do Brasil tecnologia de ponta trazida por grandes organiza\u00e7\u00f5es dos mais variados seguimentos.","publisher":{"@id":"https:\/\/eco-tech.inf.br\/#organization"},"potentialAction":[{"@type":"SearchAction","target":{"@type":"EntryPoint","urlTemplate":"https:\/\/eco-tech.inf.br\/?s={search_term_string}"},"query-input":{"@type":"PropertyValueSpecification","valueRequired":true,"valueName":"search_term_string"}}],"inLanguage":"pt-BR"},{"@type":"Organization","@id":"https:\/\/eco-tech.inf.br\/#organization","name":"ELO SOLU\u00c7\u00d5ES TECNOL\u00d3GICA LTDA","url":"https:\/\/eco-tech.inf.br\/","logo":{"@type":"ImageObject","inLanguage":"pt-BR","@id":"https:\/\/eco-tech.inf.br\/#\/schema\/logo\/image\/","url":"https:\/\/i0.wp.com\/eco-tech.inf.br\/wp-content\/uploads\/2022\/03\/cropped-novologo-1.jpg?fit=512%2C512&ssl=1","contentUrl":"https:\/\/i0.wp.com\/eco-tech.inf.br\/wp-content\/uploads\/2022\/03\/cropped-novologo-1.jpg?fit=512%2C512&ssl=1","width":512,"height":512,"caption":"ELO SOLU\u00c7\u00d5ES TECNOL\u00d3GICA LTDA"},"image":{"@id":"https:\/\/eco-tech.inf.br\/#\/schema\/logo\/image\/"},"sameAs":["https:\/\/www.facebook.com\/EcoTech-Tecnologia-107960038523316","https:\/\/www.instagram.com\/p\/CbRSB23MmFd\/?utm_medium=copy_link"]}]}},"jetpack_sharing_enabled":true,"_links":{"self":[{"href":"https:\/\/eco-tech.inf.br\/index.php\/wp-json\/wp\/v2\/product\/276"}],"collection":[{"href":"https:\/\/eco-tech.inf.br\/index.php\/wp-json\/wp\/v2\/product"}],"about":[{"href":"https:\/\/eco-tech.inf.br\/index.php\/wp-json\/wp\/v2\/types\/product"}],"replies":[{"embeddable":true,"href":"https:\/\/eco-tech.inf.br\/index.php\/wp-json\/wp\/v2\/comments?post=276"}],"wp:featuredmedia":[{"embeddable":true,"href":"https:\/\/eco-tech.inf.br\/index.php\/wp-json\/wp\/v2\/media\/277"}],"wp:attachment":[{"href":"https:\/\/eco-tech.inf.br\/index.php\/wp-json\/wp\/v2\/media?parent=276"}],"wp:term":[{"taxonomy":"product_cat","embeddable":true,"href":"https:\/\/eco-tech.inf.br\/index.php\/wp-json\/wp\/v2\/product_cat?post=276"},{"taxonomy":"product_tag","embeddable":true,"href":"https:\/\/eco-tech.inf.br\/index.php\/wp-json\/wp\/v2\/product_tag?post=276"}],"curies":[{"name":"wp","href":"https:\/\/api.w.org\/{rel}","templated":true}]}}