{"id":250,"date":"2022-03-27T18:41:15","date_gmt":"2022-03-27T22:41:15","guid":{"rendered":"https:\/\/eco-tech.inf.br\/?post_type=product&#038;p=250"},"modified":"2022-10-28T10:49:19","modified_gmt":"2022-10-28T14:49:19","slug":"nobreak-sms-net-station-ii-600va-bivolt","status":"publish","type":"product","link":"https:\/\/eco-tech.inf.br\/index.php\/product\/nobreak-sms-net-station-ii-600va-bivolt\/","title":{"rendered":"NOBREAK SMS NET STATION II 600VA BIVOLT"},"content":{"rendered":"<div class=\"productDescription\">300W (FP &#8211; 0,5) &#8211; O nobreak Station II alia seguran\u00e7a e praticidade em um produto com design exclusivo. Fabricado em pl\u00e1stico ABS, possui a fun\u00e7\u00e3o DC Start, que possibilita ligar o nobreak mesmo na aus\u00eancia de rede el\u00e9trica. Garantia: 01 ano + 6 meses (com cadastro nos primeiros 90 dias ap\u00f3s a compra)<\/div>\n<div id=\"caracteristicas\">\n<div class=\"spec-table-item\" data-group=\"conteudo-da-embalagem\">\n<h4 class=\"group Conteudo-da-Embalagem\">CONTE\u00daDO DA EMBALAGEM<\/h4>\n<table class=\"group Conteudo-da-Embalagem\" cellspacing=\"0\">\n<tbody>\n<tr class=\"even\">\n<th class=\"name-field Manual-do-Usuario\">Manual do Usu\u00e1rio<\/th>\n<td class=\"value-field Manual-do-Usuario\">Sim<\/td>\n<\/tr>\n<tr>\n<th class=\"name-field Nobreak\">Nobreak<\/th>\n<td class=\"value-field Nobreak\">1<\/td>\n<\/tr>\n<\/tbody>\n<\/table>\n<\/div>\n<div class=\"spec-table-item\" data-group=\"especificacoes-tecnicas\">\n<h4 class=\"group Especificacoes-Tecnicas\">ESPECIFICA\u00c7\u00d5ES T\u00c9CNICAS<\/h4>\n<table class=\"group Especificacoes-Tecnicas\" cellspacing=\"0\">\n<tbody>\n<tr class=\"even\">\n<th class=\"name-field Cor\">Cor<\/th>\n<td class=\"value-field Cor\">Preto<\/td>\n<\/tr>\n<tr>\n<th class=\"name-field Dimensoes-do-Produto\">Dimens\u00f5es do Produto<\/th>\n<td class=\"value-field Dimensoes-do-Produto\">18,3 x 11 x 33,3 CM<\/td>\n<\/tr>\n<tr class=\"even\">\n<th class=\"name-field Forma-de-Onda\">Forma de Onda<\/th>\n<td class=\"value-field Forma-de-Onda\">Senoidal por aproxima\u00e7\u00e3o<\/td>\n<\/tr>\n<tr>\n<th class=\"name-field Garantia-do-Produto\">Garantia do Produto<\/th>\n<td class=\"value-field Garantia-do-Produto\">12 &#8211; Meses<\/td>\n<\/tr>\n<tr class=\"even\">\n<th class=\"name-field Peso-do-produto\">Peso do produto<\/th>\n<td class=\"value-field Peso-do-produto\">7,300 KG<\/td>\n<\/tr>\n<tr>\n<th class=\"name-field Potencia-VA\">Pot\u00eancia VA<\/th>\n<td class=\"value-field Potencia-VA\">600 VA<\/td>\n<\/tr>\n<tr class=\"even\">\n<th class=\"name-field Tensao-de-Entrada\">Tens\u00e3o de Entrada<\/th>\n<td class=\"value-field Tensao-de-Entrada\">Bivolt<\/td>\n<\/tr>\n<tr>\n<th class=\"name-field Tensao-de-Saida\">Tens\u00e3o de Sa\u00edda<\/th>\n<td class=\"value-field Tensao-de-Saida\">115 V<\/td>\n<\/tr>\n<tr class=\"even\">\n<th class=\"name-field Tomadas\">Tomadas<\/th>\n<td class=\"value-field Tomadas\">4<\/td>\n<\/tr>\n<tr>\n<th class=\"name-field Topologia\">Topologia<\/th>\n<td class=\"value-field Topologia\">Line Interactive<\/td>\n<\/tr>\n<tr class=\"even\">\n<th class=\"name-field Garantia-do-Fabricante\">Garantia do Fabricante<\/th>\n<td class=\"value-field Garantia-do-Fabricante\">12 Meses<\/td>\n<\/tr>\n<tr>\n<th class=\"name-field Chave-Liga-Desliga\">Chave Liga\/Desliga<\/th>\n<td class=\"value-field Chave-Liga-Desliga\">Sim<\/td>\n<\/tr>\n<\/tbody>\n<\/table>\n<\/div>\n<div class=\"spec-table-item\" data-group=\"recursos\">\n<h4 class=\"group Recursos\">RECURSOS<\/h4>\n<table class=\"group Recursos\" cellspacing=\"0\">\n<tbody>\n<tr class=\"even\">\n<th class=\"name-field Conexao-para-Engate-Rapido\">Conex\u00e3o para Engate R\u00e1pido<\/th>\n<td class=\"value-field Conexao-para-Engate-Rapido\">N\u00e3o<\/td>\n<\/tr>\n<tr>\n<th class=\"name-field Filtro-de-Linha-Interno\">Filtro de Linha Interno<\/th>\n<td class=\"value-field Filtro-de-Linha-Interno\">Sim<\/td>\n<\/tr>\n<tr class=\"even\">\n<th class=\"name-field Funcao-True-RMS\">Fun\u00e7\u00e3o True RMS<\/th>\n<td class=\"value-field Funcao-True-RMS\">Sim<\/td>\n<\/tr>\n<tr>\n<th class=\"name-field Fusiveis-Reservas\">Fus\u00edveis Reservas<\/th>\n<td class=\"value-field Fusiveis-Reservas\">Sim<\/td>\n<\/tr>\n<tr class=\"even\">\n<th class=\"name-field Identificador-Luminoso-de-Rede\">Identificador Luminoso de Rede<\/th>\n<td class=\"value-field Identificador-Luminoso-de-Rede\">Sim<\/td>\n<\/tr>\n<tr>\n<th class=\"name-field Protecao-de-Sobrecarga\">Prote\u00e7\u00e3o de Sobrecarga<\/th>\n<td class=\"value-field Protecao-de-Sobrecarga\">Sim<\/td>\n<\/tr>\n<\/tbody>\n<\/table>\n<\/div>\n<div class=\"spec-table-item\" data-group=\"informacoes-tecnicas\">\n<h4 class=\"group Informacoes-Tecnicas\">INFORMA\u00c7\u00d5ES T\u00c9CNICAS<\/h4>\n<table class=\"group Informacoes-Tecnicas\" cellspacing=\"0\">\n<tbody>\n<tr class=\"even\">\n<th class=\"name-field Procedencia\">Proced\u00eancia<\/th>\n<td class=\"value-field Procedencia\">4-Nacional, produzido com PPB<\/td>\n<\/tr>\n<tr>\n<th class=\"name-field GTIN\">GTIN<\/th>\n<td class=\"value-field GTIN\">7897020629839<\/td>\n<\/tr>\n<tr class=\"even\">\n<th class=\"name-field EAN\">EAN<\/th>\n<td class=\"value-field EAN\">EAN13<\/td>\n<\/tr>\n<tr>\n<th class=\"name-field NCM\">NCM<\/th>\n<td class=\"value-field NCM\">85044040<\/td>\n<\/tr>\n<\/tbody>\n<\/table>\n<\/div>\n<\/div>\n","protected":false},"excerpt":{"rendered":"<p>300W (FP &#8211; 0,5) &#8211; O nobreak Station II alia seguran\u00e7a e praticidade em um produto com design exclusivo. Fabricado em pl\u00e1stico ABS, possui a fun\u00e7\u00e3o DC Start, que possibilita ligar o nobreak mesmo na aus\u00eancia de rede el\u00e9trica. Garantia: 01 ano + 6 meses (com cadastro nos primeiros 90 dias ap\u00f3s a compra) CONTE\u00daDO [&hellip;]<\/p>\n","protected":false},"featured_media":251,"comment_status":"closed","ping_status":"closed","template":"","meta":[],"product_cat":[83],"product_tag":[77,76],"yoast_head":"<!-- This site is optimized with the Yoast SEO plugin v23.5 - https:\/\/yoast.com\/wordpress\/plugins\/seo\/ -->\n<title>NOBREAK SMS NET STATION II 600VA BIVOLT - Eco-Tech - Solu\u00e7\u00f5es em tecnologia<\/title>\n<meta name=\"robots\" content=\"index, follow, max-snippet:-1, max-image-preview:large, max-video-preview:-1\" \/>\n<link rel=\"canonical\" href=\"https:\/\/eco-tech.inf.br\/index.php\/product\/nobreak-sms-net-station-ii-600va-bivolt\/\" \/>\n<meta property=\"og:locale\" content=\"pt_BR\" \/>\n<meta property=\"og:type\" content=\"article\" \/>\n<meta property=\"og:title\" content=\"NOBREAK SMS NET STATION II 600VA BIVOLT - Eco-Tech - Solu\u00e7\u00f5es em tecnologia\" \/>\n<meta property=\"og:description\" content=\"300W (FP &#8211; 0,5) &#8211; O nobreak Station II alia seguran\u00e7a e praticidade em um produto com design exclusivo. Fabricado em pl\u00e1stico ABS, possui a fun\u00e7\u00e3o DC Start, que possibilita ligar o nobreak mesmo na aus\u00eancia de rede el\u00e9trica. Garantia: 01 ano + 6 meses (com cadastro nos primeiros 90 dias ap\u00f3s a compra) CONTE\u00daDO [&hellip;]\" \/>\n<meta property=\"og:url\" content=\"https:\/\/eco-tech.inf.br\/index.php\/product\/nobreak-sms-net-station-ii-600va-bivolt\/\" \/>\n<meta property=\"og:site_name\" content=\"Eco-Tech - Solu\u00e7\u00f5es em tecnologia\" \/>\n<meta property=\"article:publisher\" content=\"https:\/\/www.facebook.com\/EcoTech-Tecnologia-107960038523316\" \/>\n<meta property=\"article:modified_time\" content=\"2022-10-28T14:49:19+00:00\" \/>\n<meta property=\"og:image\" content=\"https:\/\/i0.wp.com\/eco-tech.inf.br\/wp-content\/uploads\/2022\/03\/nobre-a.png?fit=436%2C398&ssl=1\" \/>\n\t<meta property=\"og:image:width\" content=\"436\" \/>\n\t<meta property=\"og:image:height\" content=\"398\" \/>\n\t<meta property=\"og:image:type\" content=\"image\/png\" \/>\n<meta name=\"twitter:card\" content=\"summary_large_image\" \/>\n<meta name=\"twitter:label1\" content=\"Est. tempo de leitura\" \/>\n\t<meta name=\"twitter:data1\" content=\"1 minuto\" \/>\n<script type=\"application\/ld+json\" class=\"yoast-schema-graph\">{\"@context\":\"https:\/\/schema.org\",\"@graph\":[{\"@type\":\"WebPage\",\"@id\":\"https:\/\/eco-tech.inf.br\/index.php\/product\/nobreak-sms-net-station-ii-600va-bivolt\/\",\"url\":\"https:\/\/eco-tech.inf.br\/index.php\/product\/nobreak-sms-net-station-ii-600va-bivolt\/\",\"name\":\"NOBREAK SMS NET STATION II 600VA BIVOLT - Eco-Tech - Solu\u00e7\u00f5es em tecnologia\",\"isPartOf\":{\"@id\":\"https:\/\/eco-tech.inf.br\/#website\"},\"primaryImageOfPage\":{\"@id\":\"https:\/\/eco-tech.inf.br\/index.php\/product\/nobreak-sms-net-station-ii-600va-bivolt\/#primaryimage\"},\"image\":{\"@id\":\"https:\/\/eco-tech.inf.br\/index.php\/product\/nobreak-sms-net-station-ii-600va-bivolt\/#primaryimage\"},\"thumbnailUrl\":\"https:\/\/i0.wp.com\/eco-tech.inf.br\/wp-content\/uploads\/2022\/03\/nobre-a.png?fit=436%2C398&ssl=1\",\"datePublished\":\"2022-03-27T22:41:15+00:00\",\"dateModified\":\"2022-10-28T14:49:19+00:00\",\"breadcrumb\":{\"@id\":\"https:\/\/eco-tech.inf.br\/index.php\/product\/nobreak-sms-net-station-ii-600va-bivolt\/#breadcrumb\"},\"inLanguage\":\"pt-BR\",\"potentialAction\":[{\"@type\":\"ReadAction\",\"target\":[\"https:\/\/eco-tech.inf.br\/index.php\/product\/nobreak-sms-net-station-ii-600va-bivolt\/\"]}]},{\"@type\":\"ImageObject\",\"inLanguage\":\"pt-BR\",\"@id\":\"https:\/\/eco-tech.inf.br\/index.php\/product\/nobreak-sms-net-station-ii-600va-bivolt\/#primaryimage\",\"url\":\"https:\/\/i0.wp.com\/eco-tech.inf.br\/wp-content\/uploads\/2022\/03\/nobre-a.png?fit=436%2C398&ssl=1\",\"contentUrl\":\"https:\/\/i0.wp.com\/eco-tech.inf.br\/wp-content\/uploads\/2022\/03\/nobre-a.png?fit=436%2C398&ssl=1\",\"width\":436,\"height\":398},{\"@type\":\"BreadcrumbList\",\"@id\":\"https:\/\/eco-tech.inf.br\/index.php\/product\/nobreak-sms-net-station-ii-600va-bivolt\/#breadcrumb\",\"itemListElement\":[{\"@type\":\"ListItem\",\"position\":1,\"name\":\"In\u00edcio\",\"item\":\"https:\/\/eco-tech.inf.br\/\"},{\"@type\":\"ListItem\",\"position\":2,\"name\":\"Produtos\",\"item\":\"https:\/\/eco-tech.inf.br\/index.php\/shop\/\"},{\"@type\":\"ListItem\",\"position\":3,\"name\":\"NOBREAK SMS NET STATION II 600VA BIVOLT\"}]},{\"@type\":\"WebSite\",\"@id\":\"https:\/\/eco-tech.inf.br\/#website\",\"url\":\"https:\/\/eco-tech.inf.br\/\",\"name\":\"Eco-Tech - Solu\u00e7\u00f5es em tecnologia\",\"description\":\"Possu\u00edmos mais de 15 (anos) anos de experi\u00eancia levando para o norte do Brasil tecnologia de ponta trazida por grandes organiza\u00e7\u00f5es dos mais variados seguimentos.\",\"publisher\":{\"@id\":\"https:\/\/eco-tech.inf.br\/#organization\"},\"potentialAction\":[{\"@type\":\"SearchAction\",\"target\":{\"@type\":\"EntryPoint\",\"urlTemplate\":\"https:\/\/eco-tech.inf.br\/?s={search_term_string}\"},\"query-input\":{\"@type\":\"PropertyValueSpecification\",\"valueRequired\":true,\"valueName\":\"search_term_string\"}}],\"inLanguage\":\"pt-BR\"},{\"@type\":\"Organization\",\"@id\":\"https:\/\/eco-tech.inf.br\/#organization\",\"name\":\"ELO SOLU\u00c7\u00d5ES TECNOL\u00d3GICA LTDA\",\"url\":\"https:\/\/eco-tech.inf.br\/\",\"logo\":{\"@type\":\"ImageObject\",\"inLanguage\":\"pt-BR\",\"@id\":\"https:\/\/eco-tech.inf.br\/#\/schema\/logo\/image\/\",\"url\":\"https:\/\/i0.wp.com\/eco-tech.inf.br\/wp-content\/uploads\/2022\/03\/cropped-novologo-1.jpg?fit=512%2C512&ssl=1\",\"contentUrl\":\"https:\/\/i0.wp.com\/eco-tech.inf.br\/wp-content\/uploads\/2022\/03\/cropped-novologo-1.jpg?fit=512%2C512&ssl=1\",\"width\":512,\"height\":512,\"caption\":\"ELO SOLU\u00c7\u00d5ES TECNOL\u00d3GICA LTDA\"},\"image\":{\"@id\":\"https:\/\/eco-tech.inf.br\/#\/schema\/logo\/image\/\"},\"sameAs\":[\"https:\/\/www.facebook.com\/EcoTech-Tecnologia-107960038523316\",\"https:\/\/www.instagram.com\/p\/CbRSB23MmFd\/?utm_medium=copy_link\"]}]}<\/script>\n<!-- \/ Yoast SEO plugin. -->","yoast_head_json":{"title":"NOBREAK SMS NET STATION II 600VA BIVOLT - Eco-Tech - Solu\u00e7\u00f5es em tecnologia","robots":{"index":"index","follow":"follow","max-snippet":"max-snippet:-1","max-image-preview":"max-image-preview:large","max-video-preview":"max-video-preview:-1"},"canonical":"https:\/\/eco-tech.inf.br\/index.php\/product\/nobreak-sms-net-station-ii-600va-bivolt\/","og_locale":"pt_BR","og_type":"article","og_title":"NOBREAK SMS NET STATION II 600VA BIVOLT - Eco-Tech - Solu\u00e7\u00f5es em tecnologia","og_description":"300W (FP &#8211; 0,5) &#8211; O nobreak Station II alia seguran\u00e7a e praticidade em um produto com design exclusivo. Fabricado em pl\u00e1stico ABS, possui a fun\u00e7\u00e3o DC Start, que possibilita ligar o nobreak mesmo na aus\u00eancia de rede el\u00e9trica. Garantia: 01 ano + 6 meses (com cadastro nos primeiros 90 dias ap\u00f3s a compra) CONTE\u00daDO [&hellip;]","og_url":"https:\/\/eco-tech.inf.br\/index.php\/product\/nobreak-sms-net-station-ii-600va-bivolt\/","og_site_name":"Eco-Tech - Solu\u00e7\u00f5es em tecnologia","article_publisher":"https:\/\/www.facebook.com\/EcoTech-Tecnologia-107960038523316","article_modified_time":"2022-10-28T14:49:19+00:00","og_image":[{"width":436,"height":398,"url":"https:\/\/i0.wp.com\/eco-tech.inf.br\/wp-content\/uploads\/2022\/03\/nobre-a.png?fit=436%2C398&ssl=1","type":"image\/png"}],"twitter_card":"summary_large_image","twitter_misc":{"Est. tempo de leitura":"1 minuto"},"schema":{"@context":"https:\/\/schema.org","@graph":[{"@type":"WebPage","@id":"https:\/\/eco-tech.inf.br\/index.php\/product\/nobreak-sms-net-station-ii-600va-bivolt\/","url":"https:\/\/eco-tech.inf.br\/index.php\/product\/nobreak-sms-net-station-ii-600va-bivolt\/","name":"NOBREAK SMS NET STATION II 600VA BIVOLT - Eco-Tech - Solu\u00e7\u00f5es em tecnologia","isPartOf":{"@id":"https:\/\/eco-tech.inf.br\/#website"},"primaryImageOfPage":{"@id":"https:\/\/eco-tech.inf.br\/index.php\/product\/nobreak-sms-net-station-ii-600va-bivolt\/#primaryimage"},"image":{"@id":"https:\/\/eco-tech.inf.br\/index.php\/product\/nobreak-sms-net-station-ii-600va-bivolt\/#primaryimage"},"thumbnailUrl":"https:\/\/i0.wp.com\/eco-tech.inf.br\/wp-content\/uploads\/2022\/03\/nobre-a.png?fit=436%2C398&ssl=1","datePublished":"2022-03-27T22:41:15+00:00","dateModified":"2022-10-28T14:49:19+00:00","breadcrumb":{"@id":"https:\/\/eco-tech.inf.br\/index.php\/product\/nobreak-sms-net-station-ii-600va-bivolt\/#breadcrumb"},"inLanguage":"pt-BR","potentialAction":[{"@type":"ReadAction","target":["https:\/\/eco-tech.inf.br\/index.php\/product\/nobreak-sms-net-station-ii-600va-bivolt\/"]}]},{"@type":"ImageObject","inLanguage":"pt-BR","@id":"https:\/\/eco-tech.inf.br\/index.php\/product\/nobreak-sms-net-station-ii-600va-bivolt\/#primaryimage","url":"https:\/\/i0.wp.com\/eco-tech.inf.br\/wp-content\/uploads\/2022\/03\/nobre-a.png?fit=436%2C398&ssl=1","contentUrl":"https:\/\/i0.wp.com\/eco-tech.inf.br\/wp-content\/uploads\/2022\/03\/nobre-a.png?fit=436%2C398&ssl=1","width":436,"height":398},{"@type":"BreadcrumbList","@id":"https:\/\/eco-tech.inf.br\/index.php\/product\/nobreak-sms-net-station-ii-600va-bivolt\/#breadcrumb","itemListElement":[{"@type":"ListItem","position":1,"name":"In\u00edcio","item":"https:\/\/eco-tech.inf.br\/"},{"@type":"ListItem","position":2,"name":"Produtos","item":"https:\/\/eco-tech.inf.br\/index.php\/shop\/"},{"@type":"ListItem","position":3,"name":"NOBREAK SMS NET STATION II 600VA BIVOLT"}]},{"@type":"WebSite","@id":"https:\/\/eco-tech.inf.br\/#website","url":"https:\/\/eco-tech.inf.br\/","name":"Eco-Tech - Solu\u00e7\u00f5es em tecnologia","description":"Possu\u00edmos mais de 15 (anos) anos de experi\u00eancia levando para o norte do Brasil tecnologia de ponta trazida por grandes organiza\u00e7\u00f5es dos mais variados seguimentos.","publisher":{"@id":"https:\/\/eco-tech.inf.br\/#organization"},"potentialAction":[{"@type":"SearchAction","target":{"@type":"EntryPoint","urlTemplate":"https:\/\/eco-tech.inf.br\/?s={search_term_string}"},"query-input":{"@type":"PropertyValueSpecification","valueRequired":true,"valueName":"search_term_string"}}],"inLanguage":"pt-BR"},{"@type":"Organization","@id":"https:\/\/eco-tech.inf.br\/#organization","name":"ELO SOLU\u00c7\u00d5ES TECNOL\u00d3GICA LTDA","url":"https:\/\/eco-tech.inf.br\/","logo":{"@type":"ImageObject","inLanguage":"pt-BR","@id":"https:\/\/eco-tech.inf.br\/#\/schema\/logo\/image\/","url":"https:\/\/i0.wp.com\/eco-tech.inf.br\/wp-content\/uploads\/2022\/03\/cropped-novologo-1.jpg?fit=512%2C512&ssl=1","contentUrl":"https:\/\/i0.wp.com\/eco-tech.inf.br\/wp-content\/uploads\/2022\/03\/cropped-novologo-1.jpg?fit=512%2C512&ssl=1","width":512,"height":512,"caption":"ELO SOLU\u00c7\u00d5ES TECNOL\u00d3GICA LTDA"},"image":{"@id":"https:\/\/eco-tech.inf.br\/#\/schema\/logo\/image\/"},"sameAs":["https:\/\/www.facebook.com\/EcoTech-Tecnologia-107960038523316","https:\/\/www.instagram.com\/p\/CbRSB23MmFd\/?utm_medium=copy_link"]}]}},"jetpack_sharing_enabled":true,"_links":{"self":[{"href":"https:\/\/eco-tech.inf.br\/index.php\/wp-json\/wp\/v2\/product\/250"}],"collection":[{"href":"https:\/\/eco-tech.inf.br\/index.php\/wp-json\/wp\/v2\/product"}],"about":[{"href":"https:\/\/eco-tech.inf.br\/index.php\/wp-json\/wp\/v2\/types\/product"}],"replies":[{"embeddable":true,"href":"https:\/\/eco-tech.inf.br\/index.php\/wp-json\/wp\/v2\/comments?post=250"}],"wp:featuredmedia":[{"embeddable":true,"href":"https:\/\/eco-tech.inf.br\/index.php\/wp-json\/wp\/v2\/media\/251"}],"wp:attachment":[{"href":"https:\/\/eco-tech.inf.br\/index.php\/wp-json\/wp\/v2\/media?parent=250"}],"wp:term":[{"taxonomy":"product_cat","embeddable":true,"href":"https:\/\/eco-tech.inf.br\/index.php\/wp-json\/wp\/v2\/product_cat?post=250"},{"taxonomy":"product_tag","embeddable":true,"href":"https:\/\/eco-tech.inf.br\/index.php\/wp-json\/wp\/v2\/product_tag?post=250"}],"curies":[{"name":"wp","href":"https:\/\/api.w.org\/{rel}","templated":true}]}}