{"id":248,"date":"2022-03-27T18:32:23","date_gmt":"2022-03-27T22:32:23","guid":{"rendered":"https:\/\/eco-tech.inf.br\/?post_type=product&#038;p=248"},"modified":"2022-10-28T07:58:45","modified_gmt":"2022-10-28T11:58:45","slug":"filtro-de-linha-com-5-tomadas-bivolt-fioluz","status":"publish","type":"product","link":"https:\/\/eco-tech.inf.br\/index.php\/product\/filtro-de-linha-com-5-tomadas-bivolt-fioluz\/","title":{"rendered":"Filtro De Linha Com 5 Tomadas Bivolt Fioluz"},"content":{"rendered":"<p>Os Filtros de Linha FIOLUX foram desenvolvidos para proteger contra sobretens\u00e3o e facilitar a liga\u00e7\u00e3o de v\u00e1rios aparelhos em uma s\u00f3 tomada. Para isso, s\u00e3o produzidos em gabinetes pl\u00e1sticos com v\u00e1rias op\u00e7\u00f5es de quantidade de tomadas e prote\u00e7\u00e3o contra sobrecorrente. Acompanham chave liga-desliga, led indicador de funcionamento, fus\u00edvel com suporte para f\u00e1cil troca, caso necess\u00e1rio, e suporte para fixa\u00e7\u00e3o. Este produto possui tomadas de acordo com o NOVO PADR\u00c3O NBR14136.<\/p>\n<p>Pot\u00eancias<br \/>\n6.8A<\/p>\n<p>Tens\u00e3o<br \/>\n127\/220<\/p>\n","protected":false},"excerpt":{"rendered":"<p>Os Filtros de Linha FIOLUX foram desenvolvidos para proteger contra sobretens\u00e3o e facilitar a liga\u00e7\u00e3o de v\u00e1rios aparelhos em uma s\u00f3 tomada. Para isso, s\u00e3o produzidos em gabinetes pl\u00e1sticos com v\u00e1rias op\u00e7\u00f5es de quantidade de tomadas e prote\u00e7\u00e3o contra sobrecorrente. Acompanham chave liga-desliga, led indicador de funcionamento, fus\u00edvel com suporte para f\u00e1cil troca, caso necess\u00e1rio, [&hellip;]<\/p>\n","protected":false},"featured_media":249,"comment_status":"closed","ping_status":"closed","template":"","meta":[],"product_cat":[83],"product_tag":[75,74],"yoast_head":"<!-- This site is optimized with the Yoast SEO plugin v23.5 - https:\/\/yoast.com\/wordpress\/plugins\/seo\/ -->\n<title>Filtro De Linha Com 5 Tomadas Bivolt Fioluz - Eco-Tech - Solu\u00e7\u00f5es em tecnologia<\/title>\n<meta name=\"robots\" content=\"index, follow, max-snippet:-1, max-image-preview:large, max-video-preview:-1\" \/>\n<link rel=\"canonical\" href=\"https:\/\/eco-tech.inf.br\/index.php\/product\/filtro-de-linha-com-5-tomadas-bivolt-fioluz\/\" \/>\n<meta property=\"og:locale\" content=\"pt_BR\" \/>\n<meta property=\"og:type\" content=\"article\" \/>\n<meta property=\"og:title\" content=\"Filtro De Linha Com 5 Tomadas Bivolt Fioluz - Eco-Tech - Solu\u00e7\u00f5es em tecnologia\" \/>\n<meta property=\"og:description\" content=\"Os Filtros de Linha FIOLUX foram desenvolvidos para proteger contra sobretens\u00e3o e facilitar a liga\u00e7\u00e3o de v\u00e1rios aparelhos em uma s\u00f3 tomada. Para isso, s\u00e3o produzidos em gabinetes pl\u00e1sticos com v\u00e1rias op\u00e7\u00f5es de quantidade de tomadas e prote\u00e7\u00e3o contra sobrecorrente. Acompanham chave liga-desliga, led indicador de funcionamento, fus\u00edvel com suporte para f\u00e1cil troca, caso necess\u00e1rio, [&hellip;]\" \/>\n<meta property=\"og:url\" content=\"https:\/\/eco-tech.inf.br\/index.php\/product\/filtro-de-linha-com-5-tomadas-bivolt-fioluz\/\" \/>\n<meta property=\"og:site_name\" content=\"Eco-Tech - Solu\u00e7\u00f5es em tecnologia\" \/>\n<meta property=\"article:publisher\" content=\"https:\/\/www.facebook.com\/EcoTech-Tecnologia-107960038523316\" \/>\n<meta property=\"article:modified_time\" content=\"2022-10-28T11:58:45+00:00\" \/>\n<meta property=\"og:image\" content=\"https:\/\/i0.wp.com\/eco-tech.inf.br\/wp-content\/uploads\/2022\/03\/fl008.png?fit=386%2C366&ssl=1\" \/>\n\t<meta property=\"og:image:width\" content=\"386\" \/>\n\t<meta property=\"og:image:height\" content=\"366\" \/>\n\t<meta property=\"og:image:type\" content=\"image\/png\" \/>\n<meta name=\"twitter:card\" content=\"summary_large_image\" \/>\n<meta name=\"twitter:label1\" content=\"Est. tempo de leitura\" \/>\n\t<meta name=\"twitter:data1\" content=\"1 minuto\" \/>\n<script type=\"application\/ld+json\" class=\"yoast-schema-graph\">{\"@context\":\"https:\/\/schema.org\",\"@graph\":[{\"@type\":\"WebPage\",\"@id\":\"https:\/\/eco-tech.inf.br\/index.php\/product\/filtro-de-linha-com-5-tomadas-bivolt-fioluz\/\",\"url\":\"https:\/\/eco-tech.inf.br\/index.php\/product\/filtro-de-linha-com-5-tomadas-bivolt-fioluz\/\",\"name\":\"Filtro De Linha Com 5 Tomadas Bivolt Fioluz - Eco-Tech - Solu\u00e7\u00f5es em tecnologia\",\"isPartOf\":{\"@id\":\"https:\/\/eco-tech.inf.br\/#website\"},\"primaryImageOfPage\":{\"@id\":\"https:\/\/eco-tech.inf.br\/index.php\/product\/filtro-de-linha-com-5-tomadas-bivolt-fioluz\/#primaryimage\"},\"image\":{\"@id\":\"https:\/\/eco-tech.inf.br\/index.php\/product\/filtro-de-linha-com-5-tomadas-bivolt-fioluz\/#primaryimage\"},\"thumbnailUrl\":\"https:\/\/i0.wp.com\/eco-tech.inf.br\/wp-content\/uploads\/2022\/03\/fl008.png?fit=386%2C366&ssl=1\",\"datePublished\":\"2022-03-27T22:32:23+00:00\",\"dateModified\":\"2022-10-28T11:58:45+00:00\",\"breadcrumb\":{\"@id\":\"https:\/\/eco-tech.inf.br\/index.php\/product\/filtro-de-linha-com-5-tomadas-bivolt-fioluz\/#breadcrumb\"},\"inLanguage\":\"pt-BR\",\"potentialAction\":[{\"@type\":\"ReadAction\",\"target\":[\"https:\/\/eco-tech.inf.br\/index.php\/product\/filtro-de-linha-com-5-tomadas-bivolt-fioluz\/\"]}]},{\"@type\":\"ImageObject\",\"inLanguage\":\"pt-BR\",\"@id\":\"https:\/\/eco-tech.inf.br\/index.php\/product\/filtro-de-linha-com-5-tomadas-bivolt-fioluz\/#primaryimage\",\"url\":\"https:\/\/i0.wp.com\/eco-tech.inf.br\/wp-content\/uploads\/2022\/03\/fl008.png?fit=386%2C366&ssl=1\",\"contentUrl\":\"https:\/\/i0.wp.com\/eco-tech.inf.br\/wp-content\/uploads\/2022\/03\/fl008.png?fit=386%2C366&ssl=1\",\"width\":386,\"height\":366},{\"@type\":\"BreadcrumbList\",\"@id\":\"https:\/\/eco-tech.inf.br\/index.php\/product\/filtro-de-linha-com-5-tomadas-bivolt-fioluz\/#breadcrumb\",\"itemListElement\":[{\"@type\":\"ListItem\",\"position\":1,\"name\":\"In\u00edcio\",\"item\":\"https:\/\/eco-tech.inf.br\/\"},{\"@type\":\"ListItem\",\"position\":2,\"name\":\"Produtos\",\"item\":\"https:\/\/eco-tech.inf.br\/index.php\/shop\/\"},{\"@type\":\"ListItem\",\"position\":3,\"name\":\"Filtro De Linha Com 5 Tomadas Bivolt Fioluz\"}]},{\"@type\":\"WebSite\",\"@id\":\"https:\/\/eco-tech.inf.br\/#website\",\"url\":\"https:\/\/eco-tech.inf.br\/\",\"name\":\"Eco-Tech - Solu\u00e7\u00f5es em tecnologia\",\"description\":\"Possu\u00edmos mais de 15 (anos) anos de experi\u00eancia levando para o norte do Brasil tecnologia de ponta trazida por grandes organiza\u00e7\u00f5es dos mais variados seguimentos.\",\"publisher\":{\"@id\":\"https:\/\/eco-tech.inf.br\/#organization\"},\"potentialAction\":[{\"@type\":\"SearchAction\",\"target\":{\"@type\":\"EntryPoint\",\"urlTemplate\":\"https:\/\/eco-tech.inf.br\/?s={search_term_string}\"},\"query-input\":{\"@type\":\"PropertyValueSpecification\",\"valueRequired\":true,\"valueName\":\"search_term_string\"}}],\"inLanguage\":\"pt-BR\"},{\"@type\":\"Organization\",\"@id\":\"https:\/\/eco-tech.inf.br\/#organization\",\"name\":\"ELO SOLU\u00c7\u00d5ES TECNOL\u00d3GICA LTDA\",\"url\":\"https:\/\/eco-tech.inf.br\/\",\"logo\":{\"@type\":\"ImageObject\",\"inLanguage\":\"pt-BR\",\"@id\":\"https:\/\/eco-tech.inf.br\/#\/schema\/logo\/image\/\",\"url\":\"https:\/\/i0.wp.com\/eco-tech.inf.br\/wp-content\/uploads\/2022\/03\/cropped-novologo-1.jpg?fit=512%2C512&ssl=1\",\"contentUrl\":\"https:\/\/i0.wp.com\/eco-tech.inf.br\/wp-content\/uploads\/2022\/03\/cropped-novologo-1.jpg?fit=512%2C512&ssl=1\",\"width\":512,\"height\":512,\"caption\":\"ELO SOLU\u00c7\u00d5ES TECNOL\u00d3GICA LTDA\"},\"image\":{\"@id\":\"https:\/\/eco-tech.inf.br\/#\/schema\/logo\/image\/\"},\"sameAs\":[\"https:\/\/www.facebook.com\/EcoTech-Tecnologia-107960038523316\",\"https:\/\/www.instagram.com\/p\/CbRSB23MmFd\/?utm_medium=copy_link\"]}]}<\/script>\n<!-- \/ Yoast SEO plugin. -->","yoast_head_json":{"title":"Filtro De Linha Com 5 Tomadas Bivolt Fioluz - Eco-Tech - Solu\u00e7\u00f5es em tecnologia","robots":{"index":"index","follow":"follow","max-snippet":"max-snippet:-1","max-image-preview":"max-image-preview:large","max-video-preview":"max-video-preview:-1"},"canonical":"https:\/\/eco-tech.inf.br\/index.php\/product\/filtro-de-linha-com-5-tomadas-bivolt-fioluz\/","og_locale":"pt_BR","og_type":"article","og_title":"Filtro De Linha Com 5 Tomadas Bivolt Fioluz - Eco-Tech - Solu\u00e7\u00f5es em tecnologia","og_description":"Os Filtros de Linha FIOLUX foram desenvolvidos para proteger contra sobretens\u00e3o e facilitar a liga\u00e7\u00e3o de v\u00e1rios aparelhos em uma s\u00f3 tomada. Para isso, s\u00e3o produzidos em gabinetes pl\u00e1sticos com v\u00e1rias op\u00e7\u00f5es de quantidade de tomadas e prote\u00e7\u00e3o contra sobrecorrente. Acompanham chave liga-desliga, led indicador de funcionamento, fus\u00edvel com suporte para f\u00e1cil troca, caso necess\u00e1rio, [&hellip;]","og_url":"https:\/\/eco-tech.inf.br\/index.php\/product\/filtro-de-linha-com-5-tomadas-bivolt-fioluz\/","og_site_name":"Eco-Tech - Solu\u00e7\u00f5es em tecnologia","article_publisher":"https:\/\/www.facebook.com\/EcoTech-Tecnologia-107960038523316","article_modified_time":"2022-10-28T11:58:45+00:00","og_image":[{"width":386,"height":366,"url":"https:\/\/i0.wp.com\/eco-tech.inf.br\/wp-content\/uploads\/2022\/03\/fl008.png?fit=386%2C366&ssl=1","type":"image\/png"}],"twitter_card":"summary_large_image","twitter_misc":{"Est. tempo de leitura":"1 minuto"},"schema":{"@context":"https:\/\/schema.org","@graph":[{"@type":"WebPage","@id":"https:\/\/eco-tech.inf.br\/index.php\/product\/filtro-de-linha-com-5-tomadas-bivolt-fioluz\/","url":"https:\/\/eco-tech.inf.br\/index.php\/product\/filtro-de-linha-com-5-tomadas-bivolt-fioluz\/","name":"Filtro De Linha Com 5 Tomadas Bivolt Fioluz - Eco-Tech - Solu\u00e7\u00f5es em tecnologia","isPartOf":{"@id":"https:\/\/eco-tech.inf.br\/#website"},"primaryImageOfPage":{"@id":"https:\/\/eco-tech.inf.br\/index.php\/product\/filtro-de-linha-com-5-tomadas-bivolt-fioluz\/#primaryimage"},"image":{"@id":"https:\/\/eco-tech.inf.br\/index.php\/product\/filtro-de-linha-com-5-tomadas-bivolt-fioluz\/#primaryimage"},"thumbnailUrl":"https:\/\/i0.wp.com\/eco-tech.inf.br\/wp-content\/uploads\/2022\/03\/fl008.png?fit=386%2C366&ssl=1","datePublished":"2022-03-27T22:32:23+00:00","dateModified":"2022-10-28T11:58:45+00:00","breadcrumb":{"@id":"https:\/\/eco-tech.inf.br\/index.php\/product\/filtro-de-linha-com-5-tomadas-bivolt-fioluz\/#breadcrumb"},"inLanguage":"pt-BR","potentialAction":[{"@type":"ReadAction","target":["https:\/\/eco-tech.inf.br\/index.php\/product\/filtro-de-linha-com-5-tomadas-bivolt-fioluz\/"]}]},{"@type":"ImageObject","inLanguage":"pt-BR","@id":"https:\/\/eco-tech.inf.br\/index.php\/product\/filtro-de-linha-com-5-tomadas-bivolt-fioluz\/#primaryimage","url":"https:\/\/i0.wp.com\/eco-tech.inf.br\/wp-content\/uploads\/2022\/03\/fl008.png?fit=386%2C366&ssl=1","contentUrl":"https:\/\/i0.wp.com\/eco-tech.inf.br\/wp-content\/uploads\/2022\/03\/fl008.png?fit=386%2C366&ssl=1","width":386,"height":366},{"@type":"BreadcrumbList","@id":"https:\/\/eco-tech.inf.br\/index.php\/product\/filtro-de-linha-com-5-tomadas-bivolt-fioluz\/#breadcrumb","itemListElement":[{"@type":"ListItem","position":1,"name":"In\u00edcio","item":"https:\/\/eco-tech.inf.br\/"},{"@type":"ListItem","position":2,"name":"Produtos","item":"https:\/\/eco-tech.inf.br\/index.php\/shop\/"},{"@type":"ListItem","position":3,"name":"Filtro De Linha Com 5 Tomadas Bivolt Fioluz"}]},{"@type":"WebSite","@id":"https:\/\/eco-tech.inf.br\/#website","url":"https:\/\/eco-tech.inf.br\/","name":"Eco-Tech - Solu\u00e7\u00f5es em tecnologia","description":"Possu\u00edmos mais de 15 (anos) anos de experi\u00eancia levando para o norte do Brasil tecnologia de ponta trazida por grandes organiza\u00e7\u00f5es dos mais variados seguimentos.","publisher":{"@id":"https:\/\/eco-tech.inf.br\/#organization"},"potentialAction":[{"@type":"SearchAction","target":{"@type":"EntryPoint","urlTemplate":"https:\/\/eco-tech.inf.br\/?s={search_term_string}"},"query-input":{"@type":"PropertyValueSpecification","valueRequired":true,"valueName":"search_term_string"}}],"inLanguage":"pt-BR"},{"@type":"Organization","@id":"https:\/\/eco-tech.inf.br\/#organization","name":"ELO SOLU\u00c7\u00d5ES TECNOL\u00d3GICA LTDA","url":"https:\/\/eco-tech.inf.br\/","logo":{"@type":"ImageObject","inLanguage":"pt-BR","@id":"https:\/\/eco-tech.inf.br\/#\/schema\/logo\/image\/","url":"https:\/\/i0.wp.com\/eco-tech.inf.br\/wp-content\/uploads\/2022\/03\/cropped-novologo-1.jpg?fit=512%2C512&ssl=1","contentUrl":"https:\/\/i0.wp.com\/eco-tech.inf.br\/wp-content\/uploads\/2022\/03\/cropped-novologo-1.jpg?fit=512%2C512&ssl=1","width":512,"height":512,"caption":"ELO SOLU\u00c7\u00d5ES TECNOL\u00d3GICA LTDA"},"image":{"@id":"https:\/\/eco-tech.inf.br\/#\/schema\/logo\/image\/"},"sameAs":["https:\/\/www.facebook.com\/EcoTech-Tecnologia-107960038523316","https:\/\/www.instagram.com\/p\/CbRSB23MmFd\/?utm_medium=copy_link"]}]}},"jetpack_sharing_enabled":true,"_links":{"self":[{"href":"https:\/\/eco-tech.inf.br\/index.php\/wp-json\/wp\/v2\/product\/248"}],"collection":[{"href":"https:\/\/eco-tech.inf.br\/index.php\/wp-json\/wp\/v2\/product"}],"about":[{"href":"https:\/\/eco-tech.inf.br\/index.php\/wp-json\/wp\/v2\/types\/product"}],"replies":[{"embeddable":true,"href":"https:\/\/eco-tech.inf.br\/index.php\/wp-json\/wp\/v2\/comments?post=248"}],"wp:featuredmedia":[{"embeddable":true,"href":"https:\/\/eco-tech.inf.br\/index.php\/wp-json\/wp\/v2\/media\/249"}],"wp:attachment":[{"href":"https:\/\/eco-tech.inf.br\/index.php\/wp-json\/wp\/v2\/media?parent=248"}],"wp:term":[{"taxonomy":"product_cat","embeddable":true,"href":"https:\/\/eco-tech.inf.br\/index.php\/wp-json\/wp\/v2\/product_cat?post=248"},{"taxonomy":"product_tag","embeddable":true,"href":"https:\/\/eco-tech.inf.br\/index.php\/wp-json\/wp\/v2\/product_tag?post=248"}],"curies":[{"name":"wp","href":"https:\/\/api.w.org\/{rel}","templated":true}]}}