{"id":234,"date":"2022-03-27T17:58:58","date_gmt":"2022-03-27T21:58:58","guid":{"rendered":"https:\/\/eco-tech.inf.br\/?post_type=product&#038;p=234"},"modified":"2022-03-27T17:58:58","modified_gmt":"2022-03-27T21:58:58","slug":"caixa-de-som-portatil-bluetooth-com-microfone-sd-card-p2-5w-azul-exbom","status":"publish","type":"product","link":"https:\/\/eco-tech.inf.br\/index.php\/product\/caixa-de-som-portatil-bluetooth-com-microfone-sd-card-p2-5w-azul-exbom\/","title":{"rendered":"Caixa de Som Port\u00e1til Bluetooth com Microfone SD Card P2 5W Azul EXBOM"},"content":{"rendered":"<p>Caixa de Som Exbom Bluetooth Port\u00e1til 5W Entrada USB Micro sd Auxiliar P2 Mic Hands Free CS-M31BT &#8211; O Exbom CS-M31BT oferece um som natural, com grande clareza e precis\u00e3o, que \u00e9 uniformemente disperso. Um alto-falante que garante pot\u00eancia e qualidade por igual na reprodu\u00e7\u00e3o de conte\u00fados multim\u00eddia. Altamente direcional Este tweeter foi projetado para reproduzir as frequ\u00eancias mais altas. Funciona em onda curta, por isto \u00e9 perfeito para ouvir m\u00fasica em um espa\u00e7o fechado e sentir que est\u00e1 vindo de v\u00e1rios locais. Esque\u00e7a do amplificador Sendo ativo, voc\u00ea s\u00f3 precisar\u00e1 conect\u00e1-lo \u00e0 fonte de som e o mesmo equipamento ficar\u00e1 encarregado de amplificar e tocar: voc\u00ea ganhar\u00e1 praticidade e espa\u00e7o, pois tamb\u00e9m requer menos fia\u00e7\u00e3o do que um passivo. \u00e9 a solu\u00e7\u00e3o mais conveniente se voc\u00ea quer produzir m\u00fasica em casa ou em um est\u00fadio, e tamb\u00e9m para DJs. M\u00e3os livres Este recurso facilita a continua\u00e7\u00e3o do uso do smartphone mesmo quando ele esteja conectado ao alto-falante. Atender, fazer ou ignorar chamadas s\u00e3o algumas das a\u00e7\u00f5es que podem ser feitas diretamente com os bot\u00f5es do seu CS-M31BT, sem desconectar nem tocar o telefone. Adequado para o ar livre Use-o onde quiser, este dispositivo \u00e9 projetado para que voc\u00ea tenha sempre o melhor som, tanto em ambientes internos como externos. Caracter\u00edsticas Gerais do Produto: usb, tf card: sim Entrada para microfone: N\u00e3o Bluetooth: Sim Led: N\u00e3o Entrada: dc 5V Recarreg\u00e1vel: Sim Capacidade da bateria: 1200 mAh Acompanha o produto: 1 &#8211; Caixa de Som 1 &#8211; Cabo Micro 1 &#8211; Manual Garantia: Garantia<\/p>\n<div class=\"title__TitleContainer-sc-1eypgxa-0 kQDpVW\">\n<h2 class=\"title__TitleUI-sc-1eypgxa-1 cZeqMA\">ficha t\u00e9cnica<\/h2>\n<\/div>\n<div class=\"src__ContentWrapper-sc-162vcai-1 eNAcQX\">\n<div class=\"src__Content-sc-162vcai-2 cxFQiy\">\n<div class=\"src__TextWrapper-sc-70o4ee-3 eoVIzh\"><\/div>\n<div class=\"src__DeskWrapper-sc-70o4ee-4 kgeEqy\">\n<table class=\"src__SpecsCell-sc-70o4ee-5 gYhGqJ\">\n<tbody>\n<tr class=\"src__View-sc-70o4ee-6 fWIYEf\">\n<td class=\"src__Text-sc-70o4ee-7 iHQLKS\">C\u00f3digo<\/td>\n<td class=\"src__Text-sc-70o4ee-7 iHQLKS\">4748505447<\/td>\n<\/tr>\n<tr class=\"src__View-sc-70o4ee-6 fWIYEf\">\n<td class=\"src__Text-sc-70o4ee-7 iHQLKS\">Caracter\u00edsticas Gerais &#8211; Capacidade da bateria<\/td>\n<td class=\"src__Text-sc-70o4ee-7 iHQLKS\">1200 mAh<\/td>\n<\/tr>\n<tr class=\"src__View-sc-70o4ee-6 fWIYEf\">\n<td class=\"src__Text-sc-70o4ee-7 iHQLKS\">Caracter\u00edsticas Gerais &#8211; Recarreg\u00e1vel<\/td>\n<td class=\"src__Text-sc-70o4ee-7 iHQLKS\">Sim<\/td>\n<\/tr>\n<tr class=\"src__View-sc-70o4ee-6 fWIYEf\">\n<td class=\"src__Text-sc-70o4ee-7 iHQLKS\">Caracter\u00edsticas Gerais &#8211; Led<\/td>\n<td class=\"src__Text-sc-70o4ee-7 iHQLKS\">N\u00e3o<\/td>\n<\/tr>\n<tr class=\"src__View-sc-70o4ee-6 fWIYEf\">\n<td class=\"src__Text-sc-70o4ee-7 iHQLKS\">Caracter\u00edsticas Gerais &#8211; usb, tf card<\/td>\n<td class=\"src__Text-sc-70o4ee-7 iHQLKS\">Sim<\/td>\n<\/tr>\n<tr class=\"src__View-sc-70o4ee-6 fWIYEf\">\n<td class=\"src__Text-sc-70o4ee-7 iHQLKS\">Tamanho<\/td>\n<td class=\"src__Text-sc-70o4ee-7 iHQLKS\">5&#8243;<\/td>\n<\/tr>\n<tr class=\"src__View-sc-70o4ee-6 fWIYEf\">\n<td class=\"src__Text-sc-70o4ee-7 iHQLKS\">Caracter\u00edsticas Gerais &#8211; Bluetooth<\/td>\n<td class=\"src__Text-sc-70o4ee-7 iHQLKS\">Sim<\/td>\n<\/tr>\n<tr class=\"src__View-sc-70o4ee-6 fWIYEf\">\n<td class=\"src__Text-sc-70o4ee-7 iHQLKS\">Fabricante<\/td>\n<td class=\"src__Text-sc-70o4ee-7 iHQLKS\">Exbom<\/td>\n<\/tr>\n<tr class=\"src__View-sc-70o4ee-6 fWIYEf\">\n<td class=\"src__Text-sc-70o4ee-7 iHQLKS\">Caracter\u00edsticas Gerais &#8211; Entrada<\/td>\n<td class=\"src__Text-sc-70o4ee-7 iHQLKS\">Dc 5V<\/td>\n<\/tr>\n<tr class=\"src__View-sc-70o4ee-6 fWIYEf\">\n<td class=\"src__Text-sc-70o4ee-7 iHQLKS\">Garantia<\/td>\n<td class=\"src__Text-sc-70o4ee-7 iHQLKS\">3<\/td>\n<\/tr>\n<tr class=\"src__View-sc-70o4ee-6 fWIYEf\">\n<td class=\"src__Text-sc-70o4ee-7 iHQLKS\">Conectividade<\/td>\n<td class=\"src__Text-sc-70o4ee-7 iHQLKS\">Bluetooth<\/td>\n<\/tr>\n<tr class=\"src__View-sc-70o4ee-6 fWIYEf\">\n<td class=\"src__Text-sc-70o4ee-7 iHQLKS\">Marca<\/td>\n<td class=\"src__Text-sc-70o4ee-7 iHQLKS\">Exbom<\/td>\n<\/tr>\n<tr class=\"src__View-sc-70o4ee-6 fWIYEf\">\n<td class=\"src__Text-sc-70o4ee-7 iHQLKS\">Caracter\u00edsticas Gerais &#8211; Entrada para microfone<\/td>\n<td class=\"src__Text-sc-70o4ee-7 iHQLKS\">N\u00e3o<\/td>\n<\/tr>\n<\/tbody>\n<\/table>\n<\/div>\n<\/div>\n<\/div>\n","protected":false},"excerpt":{"rendered":"<p>Caixa de Som Exbom Bluetooth Port\u00e1til 5W Entrada USB Micro sd Auxiliar P2 Mic Hands Free CS-M31BT &#8211; O Exbom CS-M31BT oferece um som natural, com grande clareza e precis\u00e3o, que \u00e9 uniformemente disperso. Um alto-falante que garante pot\u00eancia e qualidade por igual na reprodu\u00e7\u00e3o de conte\u00fados multim\u00eddia. Altamente direcional Este tweeter foi projetado para [&hellip;]<\/p>\n","protected":false},"featured_media":235,"comment_status":"closed","ping_status":"closed","template":"","meta":[],"product_cat":[21,71],"product_tag":[],"yoast_head":"<!-- This site is optimized with the Yoast SEO plugin v23.5 - https:\/\/yoast.com\/wordpress\/plugins\/seo\/ -->\n<title>Caixa de Som Port\u00e1til Bluetooth com Microfone SD Card P2 5W Azul EXBOM - Eco-Tech - Solu\u00e7\u00f5es em tecnologia<\/title>\n<meta name=\"robots\" content=\"index, follow, max-snippet:-1, max-image-preview:large, max-video-preview:-1\" \/>\n<link rel=\"canonical\" href=\"https:\/\/eco-tech.inf.br\/index.php\/product\/caixa-de-som-portatil-bluetooth-com-microfone-sd-card-p2-5w-azul-exbom\/\" \/>\n<meta property=\"og:locale\" content=\"pt_BR\" \/>\n<meta property=\"og:type\" content=\"article\" \/>\n<meta property=\"og:title\" content=\"Caixa de Som Port\u00e1til Bluetooth com Microfone SD Card P2 5W Azul EXBOM - Eco-Tech - Solu\u00e7\u00f5es em tecnologia\" \/>\n<meta property=\"og:description\" content=\"Caixa de Som Exbom Bluetooth Port\u00e1til 5W Entrada USB Micro sd Auxiliar P2 Mic Hands Free CS-M31BT &#8211; O Exbom CS-M31BT oferece um som natural, com grande clareza e precis\u00e3o, que \u00e9 uniformemente disperso. Um alto-falante que garante pot\u00eancia e qualidade por igual na reprodu\u00e7\u00e3o de conte\u00fados multim\u00eddia. Altamente direcional Este tweeter foi projetado para [&hellip;]\" \/>\n<meta property=\"og:url\" content=\"https:\/\/eco-tech.inf.br\/index.php\/product\/caixa-de-som-portatil-bluetooth-com-microfone-sd-card-p2-5w-azul-exbom\/\" \/>\n<meta property=\"og:site_name\" content=\"Eco-Tech - Solu\u00e7\u00f5es em tecnologia\" \/>\n<meta property=\"article:publisher\" content=\"https:\/\/www.facebook.com\/EcoTech-Tecnologia-107960038523316\" \/>\n<meta property=\"og:image\" content=\"https:\/\/i0.wp.com\/eco-tech.inf.br\/wp-content\/uploads\/2022\/03\/cx00389az.png?fit=387%2C390&ssl=1\" \/>\n\t<meta property=\"og:image:width\" content=\"387\" \/>\n\t<meta property=\"og:image:height\" content=\"390\" \/>\n\t<meta property=\"og:image:type\" content=\"image\/png\" \/>\n<meta name=\"twitter:card\" content=\"summary_large_image\" \/>\n<meta name=\"twitter:label1\" content=\"Est. tempo de leitura\" \/>\n\t<meta name=\"twitter:data1\" content=\"2 minutos\" \/>\n<script type=\"application\/ld+json\" class=\"yoast-schema-graph\">{\"@context\":\"https:\/\/schema.org\",\"@graph\":[{\"@type\":\"WebPage\",\"@id\":\"https:\/\/eco-tech.inf.br\/index.php\/product\/caixa-de-som-portatil-bluetooth-com-microfone-sd-card-p2-5w-azul-exbom\/\",\"url\":\"https:\/\/eco-tech.inf.br\/index.php\/product\/caixa-de-som-portatil-bluetooth-com-microfone-sd-card-p2-5w-azul-exbom\/\",\"name\":\"Caixa de Som Port\u00e1til Bluetooth com Microfone SD Card P2 5W Azul EXBOM - Eco-Tech - Solu\u00e7\u00f5es em tecnologia\",\"isPartOf\":{\"@id\":\"https:\/\/eco-tech.inf.br\/#website\"},\"primaryImageOfPage\":{\"@id\":\"https:\/\/eco-tech.inf.br\/index.php\/product\/caixa-de-som-portatil-bluetooth-com-microfone-sd-card-p2-5w-azul-exbom\/#primaryimage\"},\"image\":{\"@id\":\"https:\/\/eco-tech.inf.br\/index.php\/product\/caixa-de-som-portatil-bluetooth-com-microfone-sd-card-p2-5w-azul-exbom\/#primaryimage\"},\"thumbnailUrl\":\"https:\/\/i0.wp.com\/eco-tech.inf.br\/wp-content\/uploads\/2022\/03\/cx00389az.png?fit=387%2C390&ssl=1\",\"datePublished\":\"2022-03-27T21:58:58+00:00\",\"dateModified\":\"2022-03-27T21:58:58+00:00\",\"breadcrumb\":{\"@id\":\"https:\/\/eco-tech.inf.br\/index.php\/product\/caixa-de-som-portatil-bluetooth-com-microfone-sd-card-p2-5w-azul-exbom\/#breadcrumb\"},\"inLanguage\":\"pt-BR\",\"potentialAction\":[{\"@type\":\"ReadAction\",\"target\":[\"https:\/\/eco-tech.inf.br\/index.php\/product\/caixa-de-som-portatil-bluetooth-com-microfone-sd-card-p2-5w-azul-exbom\/\"]}]},{\"@type\":\"ImageObject\",\"inLanguage\":\"pt-BR\",\"@id\":\"https:\/\/eco-tech.inf.br\/index.php\/product\/caixa-de-som-portatil-bluetooth-com-microfone-sd-card-p2-5w-azul-exbom\/#primaryimage\",\"url\":\"https:\/\/i0.wp.com\/eco-tech.inf.br\/wp-content\/uploads\/2022\/03\/cx00389az.png?fit=387%2C390&ssl=1\",\"contentUrl\":\"https:\/\/i0.wp.com\/eco-tech.inf.br\/wp-content\/uploads\/2022\/03\/cx00389az.png?fit=387%2C390&ssl=1\",\"width\":387,\"height\":390},{\"@type\":\"BreadcrumbList\",\"@id\":\"https:\/\/eco-tech.inf.br\/index.php\/product\/caixa-de-som-portatil-bluetooth-com-microfone-sd-card-p2-5w-azul-exbom\/#breadcrumb\",\"itemListElement\":[{\"@type\":\"ListItem\",\"position\":1,\"name\":\"In\u00edcio\",\"item\":\"https:\/\/eco-tech.inf.br\/\"},{\"@type\":\"ListItem\",\"position\":2,\"name\":\"Produtos\",\"item\":\"https:\/\/eco-tech.inf.br\/index.php\/shop\/\"},{\"@type\":\"ListItem\",\"position\":3,\"name\":\"Caixa de Som Port\u00e1til Bluetooth com Microfone SD Card P2 5W Azul EXBOM\"}]},{\"@type\":\"WebSite\",\"@id\":\"https:\/\/eco-tech.inf.br\/#website\",\"url\":\"https:\/\/eco-tech.inf.br\/\",\"name\":\"Eco-Tech - Solu\u00e7\u00f5es em tecnologia\",\"description\":\"Possu\u00edmos mais de 15 (anos) anos de experi\u00eancia levando para o norte do Brasil tecnologia de ponta trazida por grandes organiza\u00e7\u00f5es dos mais variados seguimentos.\",\"publisher\":{\"@id\":\"https:\/\/eco-tech.inf.br\/#organization\"},\"potentialAction\":[{\"@type\":\"SearchAction\",\"target\":{\"@type\":\"EntryPoint\",\"urlTemplate\":\"https:\/\/eco-tech.inf.br\/?s={search_term_string}\"},\"query-input\":{\"@type\":\"PropertyValueSpecification\",\"valueRequired\":true,\"valueName\":\"search_term_string\"}}],\"inLanguage\":\"pt-BR\"},{\"@type\":\"Organization\",\"@id\":\"https:\/\/eco-tech.inf.br\/#organization\",\"name\":\"ELO SOLU\u00c7\u00d5ES TECNOL\u00d3GICA LTDA\",\"url\":\"https:\/\/eco-tech.inf.br\/\",\"logo\":{\"@type\":\"ImageObject\",\"inLanguage\":\"pt-BR\",\"@id\":\"https:\/\/eco-tech.inf.br\/#\/schema\/logo\/image\/\",\"url\":\"https:\/\/i0.wp.com\/eco-tech.inf.br\/wp-content\/uploads\/2022\/03\/cropped-novologo-1.jpg?fit=512%2C512&ssl=1\",\"contentUrl\":\"https:\/\/i0.wp.com\/eco-tech.inf.br\/wp-content\/uploads\/2022\/03\/cropped-novologo-1.jpg?fit=512%2C512&ssl=1\",\"width\":512,\"height\":512,\"caption\":\"ELO SOLU\u00c7\u00d5ES TECNOL\u00d3GICA LTDA\"},\"image\":{\"@id\":\"https:\/\/eco-tech.inf.br\/#\/schema\/logo\/image\/\"},\"sameAs\":[\"https:\/\/www.facebook.com\/EcoTech-Tecnologia-107960038523316\",\"https:\/\/www.instagram.com\/p\/CbRSB23MmFd\/?utm_medium=copy_link\"]}]}<\/script>\n<!-- \/ Yoast SEO plugin. -->","yoast_head_json":{"title":"Caixa de Som Port\u00e1til Bluetooth com Microfone SD Card P2 5W Azul EXBOM - Eco-Tech - Solu\u00e7\u00f5es em tecnologia","robots":{"index":"index","follow":"follow","max-snippet":"max-snippet:-1","max-image-preview":"max-image-preview:large","max-video-preview":"max-video-preview:-1"},"canonical":"https:\/\/eco-tech.inf.br\/index.php\/product\/caixa-de-som-portatil-bluetooth-com-microfone-sd-card-p2-5w-azul-exbom\/","og_locale":"pt_BR","og_type":"article","og_title":"Caixa de Som Port\u00e1til Bluetooth com Microfone SD Card P2 5W Azul EXBOM - Eco-Tech - Solu\u00e7\u00f5es em tecnologia","og_description":"Caixa de Som Exbom Bluetooth Port\u00e1til 5W Entrada USB Micro sd Auxiliar P2 Mic Hands Free CS-M31BT &#8211; O Exbom CS-M31BT oferece um som natural, com grande clareza e precis\u00e3o, que \u00e9 uniformemente disperso. Um alto-falante que garante pot\u00eancia e qualidade por igual na reprodu\u00e7\u00e3o de conte\u00fados multim\u00eddia. Altamente direcional Este tweeter foi projetado para [&hellip;]","og_url":"https:\/\/eco-tech.inf.br\/index.php\/product\/caixa-de-som-portatil-bluetooth-com-microfone-sd-card-p2-5w-azul-exbom\/","og_site_name":"Eco-Tech - Solu\u00e7\u00f5es em tecnologia","article_publisher":"https:\/\/www.facebook.com\/EcoTech-Tecnologia-107960038523316","og_image":[{"width":387,"height":390,"url":"https:\/\/i0.wp.com\/eco-tech.inf.br\/wp-content\/uploads\/2022\/03\/cx00389az.png?fit=387%2C390&ssl=1","type":"image\/png"}],"twitter_card":"summary_large_image","twitter_misc":{"Est. tempo de leitura":"2 minutos"},"schema":{"@context":"https:\/\/schema.org","@graph":[{"@type":"WebPage","@id":"https:\/\/eco-tech.inf.br\/index.php\/product\/caixa-de-som-portatil-bluetooth-com-microfone-sd-card-p2-5w-azul-exbom\/","url":"https:\/\/eco-tech.inf.br\/index.php\/product\/caixa-de-som-portatil-bluetooth-com-microfone-sd-card-p2-5w-azul-exbom\/","name":"Caixa de Som Port\u00e1til Bluetooth com Microfone SD Card P2 5W Azul EXBOM - Eco-Tech - Solu\u00e7\u00f5es em tecnologia","isPartOf":{"@id":"https:\/\/eco-tech.inf.br\/#website"},"primaryImageOfPage":{"@id":"https:\/\/eco-tech.inf.br\/index.php\/product\/caixa-de-som-portatil-bluetooth-com-microfone-sd-card-p2-5w-azul-exbom\/#primaryimage"},"image":{"@id":"https:\/\/eco-tech.inf.br\/index.php\/product\/caixa-de-som-portatil-bluetooth-com-microfone-sd-card-p2-5w-azul-exbom\/#primaryimage"},"thumbnailUrl":"https:\/\/i0.wp.com\/eco-tech.inf.br\/wp-content\/uploads\/2022\/03\/cx00389az.png?fit=387%2C390&ssl=1","datePublished":"2022-03-27T21:58:58+00:00","dateModified":"2022-03-27T21:58:58+00:00","breadcrumb":{"@id":"https:\/\/eco-tech.inf.br\/index.php\/product\/caixa-de-som-portatil-bluetooth-com-microfone-sd-card-p2-5w-azul-exbom\/#breadcrumb"},"inLanguage":"pt-BR","potentialAction":[{"@type":"ReadAction","target":["https:\/\/eco-tech.inf.br\/index.php\/product\/caixa-de-som-portatil-bluetooth-com-microfone-sd-card-p2-5w-azul-exbom\/"]}]},{"@type":"ImageObject","inLanguage":"pt-BR","@id":"https:\/\/eco-tech.inf.br\/index.php\/product\/caixa-de-som-portatil-bluetooth-com-microfone-sd-card-p2-5w-azul-exbom\/#primaryimage","url":"https:\/\/i0.wp.com\/eco-tech.inf.br\/wp-content\/uploads\/2022\/03\/cx00389az.png?fit=387%2C390&ssl=1","contentUrl":"https:\/\/i0.wp.com\/eco-tech.inf.br\/wp-content\/uploads\/2022\/03\/cx00389az.png?fit=387%2C390&ssl=1","width":387,"height":390},{"@type":"BreadcrumbList","@id":"https:\/\/eco-tech.inf.br\/index.php\/product\/caixa-de-som-portatil-bluetooth-com-microfone-sd-card-p2-5w-azul-exbom\/#breadcrumb","itemListElement":[{"@type":"ListItem","position":1,"name":"In\u00edcio","item":"https:\/\/eco-tech.inf.br\/"},{"@type":"ListItem","position":2,"name":"Produtos","item":"https:\/\/eco-tech.inf.br\/index.php\/shop\/"},{"@type":"ListItem","position":3,"name":"Caixa de Som Port\u00e1til Bluetooth com Microfone SD Card P2 5W Azul EXBOM"}]},{"@type":"WebSite","@id":"https:\/\/eco-tech.inf.br\/#website","url":"https:\/\/eco-tech.inf.br\/","name":"Eco-Tech - Solu\u00e7\u00f5es em tecnologia","description":"Possu\u00edmos mais de 15 (anos) anos de experi\u00eancia levando para o norte do Brasil tecnologia de ponta trazida por grandes organiza\u00e7\u00f5es dos mais variados seguimentos.","publisher":{"@id":"https:\/\/eco-tech.inf.br\/#organization"},"potentialAction":[{"@type":"SearchAction","target":{"@type":"EntryPoint","urlTemplate":"https:\/\/eco-tech.inf.br\/?s={search_term_string}"},"query-input":{"@type":"PropertyValueSpecification","valueRequired":true,"valueName":"search_term_string"}}],"inLanguage":"pt-BR"},{"@type":"Organization","@id":"https:\/\/eco-tech.inf.br\/#organization","name":"ELO SOLU\u00c7\u00d5ES TECNOL\u00d3GICA LTDA","url":"https:\/\/eco-tech.inf.br\/","logo":{"@type":"ImageObject","inLanguage":"pt-BR","@id":"https:\/\/eco-tech.inf.br\/#\/schema\/logo\/image\/","url":"https:\/\/i0.wp.com\/eco-tech.inf.br\/wp-content\/uploads\/2022\/03\/cropped-novologo-1.jpg?fit=512%2C512&ssl=1","contentUrl":"https:\/\/i0.wp.com\/eco-tech.inf.br\/wp-content\/uploads\/2022\/03\/cropped-novologo-1.jpg?fit=512%2C512&ssl=1","width":512,"height":512,"caption":"ELO SOLU\u00c7\u00d5ES TECNOL\u00d3GICA LTDA"},"image":{"@id":"https:\/\/eco-tech.inf.br\/#\/schema\/logo\/image\/"},"sameAs":["https:\/\/www.facebook.com\/EcoTech-Tecnologia-107960038523316","https:\/\/www.instagram.com\/p\/CbRSB23MmFd\/?utm_medium=copy_link"]}]}},"jetpack_sharing_enabled":true,"_links":{"self":[{"href":"https:\/\/eco-tech.inf.br\/index.php\/wp-json\/wp\/v2\/product\/234"}],"collection":[{"href":"https:\/\/eco-tech.inf.br\/index.php\/wp-json\/wp\/v2\/product"}],"about":[{"href":"https:\/\/eco-tech.inf.br\/index.php\/wp-json\/wp\/v2\/types\/product"}],"replies":[{"embeddable":true,"href":"https:\/\/eco-tech.inf.br\/index.php\/wp-json\/wp\/v2\/comments?post=234"}],"wp:featuredmedia":[{"embeddable":true,"href":"https:\/\/eco-tech.inf.br\/index.php\/wp-json\/wp\/v2\/media\/235"}],"wp:attachment":[{"href":"https:\/\/eco-tech.inf.br\/index.php\/wp-json\/wp\/v2\/media?parent=234"}],"wp:term":[{"taxonomy":"product_cat","embeddable":true,"href":"https:\/\/eco-tech.inf.br\/index.php\/wp-json\/wp\/v2\/product_cat?post=234"},{"taxonomy":"product_tag","embeddable":true,"href":"https:\/\/eco-tech.inf.br\/index.php\/wp-json\/wp\/v2\/product_tag?post=234"}],"curies":[{"name":"wp","href":"https:\/\/api.w.org\/{rel}","templated":true}]}}