{"id":230,"date":"2022-03-27T17:44:02","date_gmt":"2022-03-27T21:44:02","guid":{"rendered":"https:\/\/eco-tech.inf.br\/?post_type=product&#038;p=230"},"modified":"2022-07-14T16:27:19","modified_gmt":"2022-07-14T20:27:19","slug":"cooler-fan-de-alta-velocidade-80mm-com-4-cores-de-led-dx-8m-dex","status":"publish","type":"product","link":"https:\/\/eco-tech.inf.br\/index.php\/product\/cooler-fan-de-alta-velocidade-80mm-com-4-cores-de-led-dx-8m-dex\/","title":{"rendered":"Cooler-Fan de Alta Velocidade 80mm com 4 Cores de Led DX-8M DEX"},"content":{"rendered":"<p>Marca: Dex<br \/>\n&#8211; Modelo: DX-8T<br \/>\n&#8211; Cor: Vermelho \/ Azul \/ Branco<\/p>\n<p>Especifica\u00e7\u00f5es:<br \/>\n&#8211; Preparado para alta circula\u00e7\u00e3o de ar<br \/>\n&#8211; Alta press\u00e3o est\u00e1tica para efici\u00eancia na refrigera\u00e7\u00e3o<br \/>\n&#8211; Nove h\u00e9lices inclinadas para causar menor vibra\u00e7\u00e3o e turbul\u00eancia<br \/>\n&#8211; Cor do LED: Azul<br \/>\n&#8211; Tamanho do cooler: 80mm<br \/>\n&#8211; Voltagem de opera\u00e7\u00e3o: DC12V<br \/>\n&#8211; Energia: 0,23A<br \/>\n&#8211; Velocidade: 2500 +\/- 10% RPM<br \/>\n&#8211; Circula\u00e7\u00e3o de ar: 35,8CMF<br \/>\n&#8211; Press\u00e3o est\u00e1tica: 3,2mm\/H2O<br \/>\n&#8211; Ru\u00eddo: 26,9 dBA<br \/>\n&#8211; Cabo de conex\u00e3o: Padr\u00e3o 3pinos + 4pinos<\/p>\n<p>Peso com Embalagem:<br \/>\n&#8211; 0,080 kg<br \/>\nDimens\u00f5es Embalagem:<br \/>\n&#8211; 14cm x 8,5cm x 3cm<\/p>\n<p>Itens Inclusos:<br \/>\n01 X Cooler Fan Led DX-8T DEX<\/p>\n","protected":false},"excerpt":{"rendered":"<p>Marca: Dex &#8211; Modelo: DX-8T &#8211; Cor: Vermelho \/ Azul \/ Branco Especifica\u00e7\u00f5es: &#8211; Preparado para alta circula\u00e7\u00e3o de ar &#8211; Alta press\u00e3o est\u00e1tica para efici\u00eancia na refrigera\u00e7\u00e3o &#8211; Nove h\u00e9lices inclinadas para causar menor vibra\u00e7\u00e3o e turbul\u00eancia &#8211; Cor do LED: Azul &#8211; Tamanho do cooler: 80mm &#8211; Voltagem de opera\u00e7\u00e3o: DC12V &#8211; Energia: [&hellip;]<\/p>\n","protected":false},"featured_media":231,"comment_status":"closed","ping_status":"closed","template":"","meta":[],"product_cat":[168],"product_tag":[57,59],"yoast_head":"<!-- This site is optimized with the Yoast SEO plugin v23.5 - https:\/\/yoast.com\/wordpress\/plugins\/seo\/ -->\n<title>Cooler-Fan de Alta Velocidade 80mm com 4 Cores de Led DX-8M DEX - Eco-Tech - Solu\u00e7\u00f5es em tecnologia<\/title>\n<meta name=\"robots\" content=\"index, follow, max-snippet:-1, max-image-preview:large, max-video-preview:-1\" \/>\n<link rel=\"canonical\" href=\"https:\/\/eco-tech.inf.br\/index.php\/product\/cooler-fan-de-alta-velocidade-80mm-com-4-cores-de-led-dx-8m-dex\/\" \/>\n<meta property=\"og:locale\" content=\"pt_BR\" \/>\n<meta property=\"og:type\" content=\"article\" \/>\n<meta property=\"og:title\" content=\"Cooler-Fan de Alta Velocidade 80mm com 4 Cores de Led DX-8M DEX - Eco-Tech - Solu\u00e7\u00f5es em tecnologia\" \/>\n<meta property=\"og:description\" content=\"Marca: Dex &#8211; Modelo: DX-8T &#8211; Cor: Vermelho \/ Azul \/ Branco Especifica\u00e7\u00f5es: &#8211; Preparado para alta circula\u00e7\u00e3o de ar &#8211; Alta press\u00e3o est\u00e1tica para efici\u00eancia na refrigera\u00e7\u00e3o &#8211; Nove h\u00e9lices inclinadas para causar menor vibra\u00e7\u00e3o e turbul\u00eancia &#8211; Cor do LED: Azul &#8211; Tamanho do cooler: 80mm &#8211; Voltagem de opera\u00e7\u00e3o: DC12V &#8211; Energia: [&hellip;]\" \/>\n<meta property=\"og:url\" content=\"https:\/\/eco-tech.inf.br\/index.php\/product\/cooler-fan-de-alta-velocidade-80mm-com-4-cores-de-led-dx-8m-dex\/\" \/>\n<meta property=\"og:site_name\" content=\"Eco-Tech - Solu\u00e7\u00f5es em tecnologia\" \/>\n<meta property=\"article:publisher\" content=\"https:\/\/www.facebook.com\/EcoTech-Tecnologia-107960038523316\" \/>\n<meta property=\"article:modified_time\" content=\"2022-07-14T20:27:19+00:00\" \/>\n<meta property=\"og:image\" content=\"https:\/\/i0.wp.com\/eco-tech.inf.br\/wp-content\/uploads\/2022\/03\/cl0034.png?fit=386%2C388&ssl=1\" \/>\n\t<meta property=\"og:image:width\" content=\"386\" \/>\n\t<meta property=\"og:image:height\" content=\"388\" \/>\n\t<meta property=\"og:image:type\" content=\"image\/png\" \/>\n<meta name=\"twitter:card\" content=\"summary_large_image\" \/>\n<meta name=\"twitter:label1\" content=\"Est. tempo de leitura\" \/>\n\t<meta name=\"twitter:data1\" content=\"1 minuto\" \/>\n<script type=\"application\/ld+json\" class=\"yoast-schema-graph\">{\"@context\":\"https:\/\/schema.org\",\"@graph\":[{\"@type\":\"WebPage\",\"@id\":\"https:\/\/eco-tech.inf.br\/index.php\/product\/cooler-fan-de-alta-velocidade-80mm-com-4-cores-de-led-dx-8m-dex\/\",\"url\":\"https:\/\/eco-tech.inf.br\/index.php\/product\/cooler-fan-de-alta-velocidade-80mm-com-4-cores-de-led-dx-8m-dex\/\",\"name\":\"Cooler-Fan de Alta Velocidade 80mm com 4 Cores de Led DX-8M DEX - Eco-Tech - Solu\u00e7\u00f5es em tecnologia\",\"isPartOf\":{\"@id\":\"https:\/\/eco-tech.inf.br\/#website\"},\"primaryImageOfPage\":{\"@id\":\"https:\/\/eco-tech.inf.br\/index.php\/product\/cooler-fan-de-alta-velocidade-80mm-com-4-cores-de-led-dx-8m-dex\/#primaryimage\"},\"image\":{\"@id\":\"https:\/\/eco-tech.inf.br\/index.php\/product\/cooler-fan-de-alta-velocidade-80mm-com-4-cores-de-led-dx-8m-dex\/#primaryimage\"},\"thumbnailUrl\":\"https:\/\/i0.wp.com\/eco-tech.inf.br\/wp-content\/uploads\/2022\/03\/cl0034.png?fit=386%2C388&ssl=1\",\"datePublished\":\"2022-03-27T21:44:02+00:00\",\"dateModified\":\"2022-07-14T20:27:19+00:00\",\"breadcrumb\":{\"@id\":\"https:\/\/eco-tech.inf.br\/index.php\/product\/cooler-fan-de-alta-velocidade-80mm-com-4-cores-de-led-dx-8m-dex\/#breadcrumb\"},\"inLanguage\":\"pt-BR\",\"potentialAction\":[{\"@type\":\"ReadAction\",\"target\":[\"https:\/\/eco-tech.inf.br\/index.php\/product\/cooler-fan-de-alta-velocidade-80mm-com-4-cores-de-led-dx-8m-dex\/\"]}]},{\"@type\":\"ImageObject\",\"inLanguage\":\"pt-BR\",\"@id\":\"https:\/\/eco-tech.inf.br\/index.php\/product\/cooler-fan-de-alta-velocidade-80mm-com-4-cores-de-led-dx-8m-dex\/#primaryimage\",\"url\":\"https:\/\/i0.wp.com\/eco-tech.inf.br\/wp-content\/uploads\/2022\/03\/cl0034.png?fit=386%2C388&ssl=1\",\"contentUrl\":\"https:\/\/i0.wp.com\/eco-tech.inf.br\/wp-content\/uploads\/2022\/03\/cl0034.png?fit=386%2C388&ssl=1\",\"width\":386,\"height\":388},{\"@type\":\"BreadcrumbList\",\"@id\":\"https:\/\/eco-tech.inf.br\/index.php\/product\/cooler-fan-de-alta-velocidade-80mm-com-4-cores-de-led-dx-8m-dex\/#breadcrumb\",\"itemListElement\":[{\"@type\":\"ListItem\",\"position\":1,\"name\":\"In\u00edcio\",\"item\":\"https:\/\/eco-tech.inf.br\/\"},{\"@type\":\"ListItem\",\"position\":2,\"name\":\"Produtos\",\"item\":\"https:\/\/eco-tech.inf.br\/index.php\/shop\/\"},{\"@type\":\"ListItem\",\"position\":3,\"name\":\"Cooler-Fan de Alta Velocidade 80mm com 4 Cores de Led DX-8M DEX\"}]},{\"@type\":\"WebSite\",\"@id\":\"https:\/\/eco-tech.inf.br\/#website\",\"url\":\"https:\/\/eco-tech.inf.br\/\",\"name\":\"Eco-Tech - Solu\u00e7\u00f5es em tecnologia\",\"description\":\"Possu\u00edmos mais de 15 (anos) anos de experi\u00eancia levando para o norte do Brasil tecnologia de ponta trazida por grandes organiza\u00e7\u00f5es dos mais variados seguimentos.\",\"publisher\":{\"@id\":\"https:\/\/eco-tech.inf.br\/#organization\"},\"potentialAction\":[{\"@type\":\"SearchAction\",\"target\":{\"@type\":\"EntryPoint\",\"urlTemplate\":\"https:\/\/eco-tech.inf.br\/?s={search_term_string}\"},\"query-input\":{\"@type\":\"PropertyValueSpecification\",\"valueRequired\":true,\"valueName\":\"search_term_string\"}}],\"inLanguage\":\"pt-BR\"},{\"@type\":\"Organization\",\"@id\":\"https:\/\/eco-tech.inf.br\/#organization\",\"name\":\"ELO SOLU\u00c7\u00d5ES TECNOL\u00d3GICA LTDA\",\"url\":\"https:\/\/eco-tech.inf.br\/\",\"logo\":{\"@type\":\"ImageObject\",\"inLanguage\":\"pt-BR\",\"@id\":\"https:\/\/eco-tech.inf.br\/#\/schema\/logo\/image\/\",\"url\":\"https:\/\/i0.wp.com\/eco-tech.inf.br\/wp-content\/uploads\/2022\/03\/cropped-novologo-1.jpg?fit=512%2C512&ssl=1\",\"contentUrl\":\"https:\/\/i0.wp.com\/eco-tech.inf.br\/wp-content\/uploads\/2022\/03\/cropped-novologo-1.jpg?fit=512%2C512&ssl=1\",\"width\":512,\"height\":512,\"caption\":\"ELO SOLU\u00c7\u00d5ES TECNOL\u00d3GICA LTDA\"},\"image\":{\"@id\":\"https:\/\/eco-tech.inf.br\/#\/schema\/logo\/image\/\"},\"sameAs\":[\"https:\/\/www.facebook.com\/EcoTech-Tecnologia-107960038523316\",\"https:\/\/www.instagram.com\/p\/CbRSB23MmFd\/?utm_medium=copy_link\"]}]}<\/script>\n<!-- \/ Yoast SEO plugin. -->","yoast_head_json":{"title":"Cooler-Fan de Alta Velocidade 80mm com 4 Cores de Led DX-8M DEX - Eco-Tech - Solu\u00e7\u00f5es em tecnologia","robots":{"index":"index","follow":"follow","max-snippet":"max-snippet:-1","max-image-preview":"max-image-preview:large","max-video-preview":"max-video-preview:-1"},"canonical":"https:\/\/eco-tech.inf.br\/index.php\/product\/cooler-fan-de-alta-velocidade-80mm-com-4-cores-de-led-dx-8m-dex\/","og_locale":"pt_BR","og_type":"article","og_title":"Cooler-Fan de Alta Velocidade 80mm com 4 Cores de Led DX-8M DEX - Eco-Tech - Solu\u00e7\u00f5es em tecnologia","og_description":"Marca: Dex &#8211; Modelo: DX-8T &#8211; Cor: Vermelho \/ Azul \/ Branco Especifica\u00e7\u00f5es: &#8211; Preparado para alta circula\u00e7\u00e3o de ar &#8211; Alta press\u00e3o est\u00e1tica para efici\u00eancia na refrigera\u00e7\u00e3o &#8211; Nove h\u00e9lices inclinadas para causar menor vibra\u00e7\u00e3o e turbul\u00eancia &#8211; Cor do LED: Azul &#8211; Tamanho do cooler: 80mm &#8211; Voltagem de opera\u00e7\u00e3o: DC12V &#8211; Energia: [&hellip;]","og_url":"https:\/\/eco-tech.inf.br\/index.php\/product\/cooler-fan-de-alta-velocidade-80mm-com-4-cores-de-led-dx-8m-dex\/","og_site_name":"Eco-Tech - Solu\u00e7\u00f5es em tecnologia","article_publisher":"https:\/\/www.facebook.com\/EcoTech-Tecnologia-107960038523316","article_modified_time":"2022-07-14T20:27:19+00:00","og_image":[{"width":386,"height":388,"url":"https:\/\/i0.wp.com\/eco-tech.inf.br\/wp-content\/uploads\/2022\/03\/cl0034.png?fit=386%2C388&ssl=1","type":"image\/png"}],"twitter_card":"summary_large_image","twitter_misc":{"Est. tempo de leitura":"1 minuto"},"schema":{"@context":"https:\/\/schema.org","@graph":[{"@type":"WebPage","@id":"https:\/\/eco-tech.inf.br\/index.php\/product\/cooler-fan-de-alta-velocidade-80mm-com-4-cores-de-led-dx-8m-dex\/","url":"https:\/\/eco-tech.inf.br\/index.php\/product\/cooler-fan-de-alta-velocidade-80mm-com-4-cores-de-led-dx-8m-dex\/","name":"Cooler-Fan de Alta Velocidade 80mm com 4 Cores de Led DX-8M DEX - Eco-Tech - Solu\u00e7\u00f5es em tecnologia","isPartOf":{"@id":"https:\/\/eco-tech.inf.br\/#website"},"primaryImageOfPage":{"@id":"https:\/\/eco-tech.inf.br\/index.php\/product\/cooler-fan-de-alta-velocidade-80mm-com-4-cores-de-led-dx-8m-dex\/#primaryimage"},"image":{"@id":"https:\/\/eco-tech.inf.br\/index.php\/product\/cooler-fan-de-alta-velocidade-80mm-com-4-cores-de-led-dx-8m-dex\/#primaryimage"},"thumbnailUrl":"https:\/\/i0.wp.com\/eco-tech.inf.br\/wp-content\/uploads\/2022\/03\/cl0034.png?fit=386%2C388&ssl=1","datePublished":"2022-03-27T21:44:02+00:00","dateModified":"2022-07-14T20:27:19+00:00","breadcrumb":{"@id":"https:\/\/eco-tech.inf.br\/index.php\/product\/cooler-fan-de-alta-velocidade-80mm-com-4-cores-de-led-dx-8m-dex\/#breadcrumb"},"inLanguage":"pt-BR","potentialAction":[{"@type":"ReadAction","target":["https:\/\/eco-tech.inf.br\/index.php\/product\/cooler-fan-de-alta-velocidade-80mm-com-4-cores-de-led-dx-8m-dex\/"]}]},{"@type":"ImageObject","inLanguage":"pt-BR","@id":"https:\/\/eco-tech.inf.br\/index.php\/product\/cooler-fan-de-alta-velocidade-80mm-com-4-cores-de-led-dx-8m-dex\/#primaryimage","url":"https:\/\/i0.wp.com\/eco-tech.inf.br\/wp-content\/uploads\/2022\/03\/cl0034.png?fit=386%2C388&ssl=1","contentUrl":"https:\/\/i0.wp.com\/eco-tech.inf.br\/wp-content\/uploads\/2022\/03\/cl0034.png?fit=386%2C388&ssl=1","width":386,"height":388},{"@type":"BreadcrumbList","@id":"https:\/\/eco-tech.inf.br\/index.php\/product\/cooler-fan-de-alta-velocidade-80mm-com-4-cores-de-led-dx-8m-dex\/#breadcrumb","itemListElement":[{"@type":"ListItem","position":1,"name":"In\u00edcio","item":"https:\/\/eco-tech.inf.br\/"},{"@type":"ListItem","position":2,"name":"Produtos","item":"https:\/\/eco-tech.inf.br\/index.php\/shop\/"},{"@type":"ListItem","position":3,"name":"Cooler-Fan de Alta Velocidade 80mm com 4 Cores de Led DX-8M DEX"}]},{"@type":"WebSite","@id":"https:\/\/eco-tech.inf.br\/#website","url":"https:\/\/eco-tech.inf.br\/","name":"Eco-Tech - Solu\u00e7\u00f5es em tecnologia","description":"Possu\u00edmos mais de 15 (anos) anos de experi\u00eancia levando para o norte do Brasil tecnologia de ponta trazida por grandes organiza\u00e7\u00f5es dos mais variados seguimentos.","publisher":{"@id":"https:\/\/eco-tech.inf.br\/#organization"},"potentialAction":[{"@type":"SearchAction","target":{"@type":"EntryPoint","urlTemplate":"https:\/\/eco-tech.inf.br\/?s={search_term_string}"},"query-input":{"@type":"PropertyValueSpecification","valueRequired":true,"valueName":"search_term_string"}}],"inLanguage":"pt-BR"},{"@type":"Organization","@id":"https:\/\/eco-tech.inf.br\/#organization","name":"ELO SOLU\u00c7\u00d5ES TECNOL\u00d3GICA LTDA","url":"https:\/\/eco-tech.inf.br\/","logo":{"@type":"ImageObject","inLanguage":"pt-BR","@id":"https:\/\/eco-tech.inf.br\/#\/schema\/logo\/image\/","url":"https:\/\/i0.wp.com\/eco-tech.inf.br\/wp-content\/uploads\/2022\/03\/cropped-novologo-1.jpg?fit=512%2C512&ssl=1","contentUrl":"https:\/\/i0.wp.com\/eco-tech.inf.br\/wp-content\/uploads\/2022\/03\/cropped-novologo-1.jpg?fit=512%2C512&ssl=1","width":512,"height":512,"caption":"ELO SOLU\u00c7\u00d5ES TECNOL\u00d3GICA LTDA"},"image":{"@id":"https:\/\/eco-tech.inf.br\/#\/schema\/logo\/image\/"},"sameAs":["https:\/\/www.facebook.com\/EcoTech-Tecnologia-107960038523316","https:\/\/www.instagram.com\/p\/CbRSB23MmFd\/?utm_medium=copy_link"]}]}},"jetpack_sharing_enabled":true,"_links":{"self":[{"href":"https:\/\/eco-tech.inf.br\/index.php\/wp-json\/wp\/v2\/product\/230"}],"collection":[{"href":"https:\/\/eco-tech.inf.br\/index.php\/wp-json\/wp\/v2\/product"}],"about":[{"href":"https:\/\/eco-tech.inf.br\/index.php\/wp-json\/wp\/v2\/types\/product"}],"replies":[{"embeddable":true,"href":"https:\/\/eco-tech.inf.br\/index.php\/wp-json\/wp\/v2\/comments?post=230"}],"wp:featuredmedia":[{"embeddable":true,"href":"https:\/\/eco-tech.inf.br\/index.php\/wp-json\/wp\/v2\/media\/231"}],"wp:attachment":[{"href":"https:\/\/eco-tech.inf.br\/index.php\/wp-json\/wp\/v2\/media?parent=230"}],"wp:term":[{"taxonomy":"product_cat","embeddable":true,"href":"https:\/\/eco-tech.inf.br\/index.php\/wp-json\/wp\/v2\/product_cat?post=230"},{"taxonomy":"product_tag","embeddable":true,"href":"https:\/\/eco-tech.inf.br\/index.php\/wp-json\/wp\/v2\/product_tag?post=230"}],"curies":[{"name":"wp","href":"https:\/\/api.w.org\/{rel}","templated":true}]}}