{"id":218,"date":"2022-03-27T16:58:39","date_gmt":"2022-03-27T20:58:39","guid":{"rendered":"https:\/\/eco-tech.inf.br\/?post_type=product&#038;p=218"},"modified":"2022-07-14T16:29:43","modified_gmt":"2022-07-14T20:29:43","slug":"cooler-universal-para-processador-1155-intel-e-amd-dx-7120","status":"publish","type":"product","link":"https:\/\/eco-tech.inf.br\/index.php\/product\/cooler-universal-para-processador-1155-intel-e-amd-dx-7120\/","title":{"rendered":"Cooler Universal para Processador 1155 Intel e AMD DX-7120"},"content":{"rendered":"<p>&#8211; Marca: Dex<\/p>\n<p>&#8211; Modelo: DX-7120<\/p>\n<p>Especifica\u00e7\u00f5es:<\/p>\n<p>&#8211; Ventoinha: 12VDC \/ 90x90x25mm<\/p>\n<p>&#8211; Dissipador: 120x120x60mm<\/p>\n<p>&#8211; Rolamento: Hydro Bearing<\/p>\n<p>&#8211; Rota\u00e7\u00e3o: 2200RPM (+\/-10%)<\/p>\n<p>&#8211; Ru\u00eddo: 20dB(A) (Max.)<\/p>\n<p>&#8211; Fluxo de ar: 48 CFM<\/p>\n<p>&#8211; Conector: 3-pin<\/p>\n<p>&#8211; Vida \u00fatil: 30.000 horas<\/p>\n<p>&#8211; Compat\u00edvel com: Intel LGA 775\/1155\/1156\/1150 &#8211; AMD 754\/FM1\/FM2\/AM2\/AM2+\/AM3\/AM3+ com TDP at\u00e9 75W<\/p>\n<p>Peso c\/ Embalagem:<\/p>\n<p>&#8211; 0,280 kg<\/p>\n","protected":false},"excerpt":{"rendered":"<p>&#8211; Marca: Dex &#8211; Modelo: DX-7120 Especifica\u00e7\u00f5es: &#8211; Ventoinha: 12VDC \/ 90x90x25mm &#8211; Dissipador: 120x120x60mm &#8211; Rolamento: Hydro Bearing &#8211; Rota\u00e7\u00e3o: 2200RPM (+\/-10%) &#8211; Ru\u00eddo: 20dB(A) (Max.) &#8211; Fluxo de ar: 48 CFM &#8211; Conector: 3-pin &#8211; Vida \u00fatil: 30.000 horas &#8211; Compat\u00edvel com: Intel LGA 775\/1155\/1156\/1150 &#8211; AMD 754\/FM1\/FM2\/AM2\/AM2+\/AM3\/AM3+ com TDP at\u00e9 75W Peso [&hellip;]<\/p>\n","protected":false},"featured_media":219,"comment_status":"closed","ping_status":"closed","template":"","meta":[],"product_cat":[168],"product_tag":[58,57],"yoast_head":"<!-- This site is optimized with the Yoast SEO plugin v23.5 - https:\/\/yoast.com\/wordpress\/plugins\/seo\/ -->\n<title>Cooler Universal para Processador 1155 Intel e AMD DX-7120 - Eco-Tech - Solu\u00e7\u00f5es em tecnologia<\/title>\n<meta name=\"robots\" content=\"index, follow, max-snippet:-1, max-image-preview:large, max-video-preview:-1\" \/>\n<link rel=\"canonical\" href=\"https:\/\/eco-tech.inf.br\/index.php\/product\/cooler-universal-para-processador-1155-intel-e-amd-dx-7120\/\" \/>\n<meta property=\"og:locale\" content=\"pt_BR\" \/>\n<meta property=\"og:type\" content=\"article\" \/>\n<meta property=\"og:title\" content=\"Cooler Universal para Processador 1155 Intel e AMD DX-7120 - Eco-Tech - Solu\u00e7\u00f5es em tecnologia\" \/>\n<meta property=\"og:description\" content=\"&#8211; Marca: Dex &#8211; Modelo: DX-7120 Especifica\u00e7\u00f5es: &#8211; Ventoinha: 12VDC \/ 90x90x25mm &#8211; Dissipador: 120x120x60mm &#8211; Rolamento: Hydro Bearing &#8211; Rota\u00e7\u00e3o: 2200RPM (+\/-10%) &#8211; Ru\u00eddo: 20dB(A) (Max.) &#8211; Fluxo de ar: 48 CFM &#8211; Conector: 3-pin &#8211; Vida \u00fatil: 30.000 horas &#8211; Compat\u00edvel com: Intel LGA 775\/1155\/1156\/1150 &#8211; AMD 754\/FM1\/FM2\/AM2\/AM2+\/AM3\/AM3+ com TDP at\u00e9 75W Peso [&hellip;]\" \/>\n<meta property=\"og:url\" content=\"https:\/\/eco-tech.inf.br\/index.php\/product\/cooler-universal-para-processador-1155-intel-e-amd-dx-7120\/\" \/>\n<meta property=\"og:site_name\" content=\"Eco-Tech - Solu\u00e7\u00f5es em tecnologia\" \/>\n<meta property=\"article:publisher\" content=\"https:\/\/www.facebook.com\/EcoTech-Tecnologia-107960038523316\" \/>\n<meta property=\"article:modified_time\" content=\"2022-07-14T20:29:43+00:00\" \/>\n<meta property=\"og:image\" content=\"https:\/\/i0.wp.com\/eco-tech.inf.br\/wp-content\/uploads\/2022\/03\/cl002.png?fit=386%2C389&ssl=1\" \/>\n\t<meta property=\"og:image:width\" content=\"386\" \/>\n\t<meta property=\"og:image:height\" content=\"389\" \/>\n\t<meta property=\"og:image:type\" content=\"image\/png\" \/>\n<meta name=\"twitter:card\" content=\"summary_large_image\" \/>\n<script type=\"application\/ld+json\" class=\"yoast-schema-graph\">{\"@context\":\"https:\/\/schema.org\",\"@graph\":[{\"@type\":\"WebPage\",\"@id\":\"https:\/\/eco-tech.inf.br\/index.php\/product\/cooler-universal-para-processador-1155-intel-e-amd-dx-7120\/\",\"url\":\"https:\/\/eco-tech.inf.br\/index.php\/product\/cooler-universal-para-processador-1155-intel-e-amd-dx-7120\/\",\"name\":\"Cooler Universal para Processador 1155 Intel e AMD DX-7120 - Eco-Tech - Solu\u00e7\u00f5es em tecnologia\",\"isPartOf\":{\"@id\":\"https:\/\/eco-tech.inf.br\/#website\"},\"primaryImageOfPage\":{\"@id\":\"https:\/\/eco-tech.inf.br\/index.php\/product\/cooler-universal-para-processador-1155-intel-e-amd-dx-7120\/#primaryimage\"},\"image\":{\"@id\":\"https:\/\/eco-tech.inf.br\/index.php\/product\/cooler-universal-para-processador-1155-intel-e-amd-dx-7120\/#primaryimage\"},\"thumbnailUrl\":\"https:\/\/i0.wp.com\/eco-tech.inf.br\/wp-content\/uploads\/2022\/03\/cl002.png?fit=386%2C389&ssl=1\",\"datePublished\":\"2022-03-27T20:58:39+00:00\",\"dateModified\":\"2022-07-14T20:29:43+00:00\",\"breadcrumb\":{\"@id\":\"https:\/\/eco-tech.inf.br\/index.php\/product\/cooler-universal-para-processador-1155-intel-e-amd-dx-7120\/#breadcrumb\"},\"inLanguage\":\"pt-BR\",\"potentialAction\":[{\"@type\":\"ReadAction\",\"target\":[\"https:\/\/eco-tech.inf.br\/index.php\/product\/cooler-universal-para-processador-1155-intel-e-amd-dx-7120\/\"]}]},{\"@type\":\"ImageObject\",\"inLanguage\":\"pt-BR\",\"@id\":\"https:\/\/eco-tech.inf.br\/index.php\/product\/cooler-universal-para-processador-1155-intel-e-amd-dx-7120\/#primaryimage\",\"url\":\"https:\/\/i0.wp.com\/eco-tech.inf.br\/wp-content\/uploads\/2022\/03\/cl002.png?fit=386%2C389&ssl=1\",\"contentUrl\":\"https:\/\/i0.wp.com\/eco-tech.inf.br\/wp-content\/uploads\/2022\/03\/cl002.png?fit=386%2C389&ssl=1\",\"width\":386,\"height\":389},{\"@type\":\"BreadcrumbList\",\"@id\":\"https:\/\/eco-tech.inf.br\/index.php\/product\/cooler-universal-para-processador-1155-intel-e-amd-dx-7120\/#breadcrumb\",\"itemListElement\":[{\"@type\":\"ListItem\",\"position\":1,\"name\":\"In\u00edcio\",\"item\":\"https:\/\/eco-tech.inf.br\/\"},{\"@type\":\"ListItem\",\"position\":2,\"name\":\"Produtos\",\"item\":\"https:\/\/eco-tech.inf.br\/index.php\/shop\/\"},{\"@type\":\"ListItem\",\"position\":3,\"name\":\"Cooler Universal para Processador 1155 Intel e AMD DX-7120\"}]},{\"@type\":\"WebSite\",\"@id\":\"https:\/\/eco-tech.inf.br\/#website\",\"url\":\"https:\/\/eco-tech.inf.br\/\",\"name\":\"Eco-Tech - Solu\u00e7\u00f5es em tecnologia\",\"description\":\"Possu\u00edmos mais de 15 (anos) anos de experi\u00eancia levando para o norte do Brasil tecnologia de ponta trazida por grandes organiza\u00e7\u00f5es dos mais variados seguimentos.\",\"publisher\":{\"@id\":\"https:\/\/eco-tech.inf.br\/#organization\"},\"potentialAction\":[{\"@type\":\"SearchAction\",\"target\":{\"@type\":\"EntryPoint\",\"urlTemplate\":\"https:\/\/eco-tech.inf.br\/?s={search_term_string}\"},\"query-input\":{\"@type\":\"PropertyValueSpecification\",\"valueRequired\":true,\"valueName\":\"search_term_string\"}}],\"inLanguage\":\"pt-BR\"},{\"@type\":\"Organization\",\"@id\":\"https:\/\/eco-tech.inf.br\/#organization\",\"name\":\"ELO SOLU\u00c7\u00d5ES TECNOL\u00d3GICA LTDA\",\"url\":\"https:\/\/eco-tech.inf.br\/\",\"logo\":{\"@type\":\"ImageObject\",\"inLanguage\":\"pt-BR\",\"@id\":\"https:\/\/eco-tech.inf.br\/#\/schema\/logo\/image\/\",\"url\":\"https:\/\/i0.wp.com\/eco-tech.inf.br\/wp-content\/uploads\/2022\/03\/cropped-novologo-1.jpg?fit=512%2C512&ssl=1\",\"contentUrl\":\"https:\/\/i0.wp.com\/eco-tech.inf.br\/wp-content\/uploads\/2022\/03\/cropped-novologo-1.jpg?fit=512%2C512&ssl=1\",\"width\":512,\"height\":512,\"caption\":\"ELO SOLU\u00c7\u00d5ES TECNOL\u00d3GICA LTDA\"},\"image\":{\"@id\":\"https:\/\/eco-tech.inf.br\/#\/schema\/logo\/image\/\"},\"sameAs\":[\"https:\/\/www.facebook.com\/EcoTech-Tecnologia-107960038523316\",\"https:\/\/www.instagram.com\/p\/CbRSB23MmFd\/?utm_medium=copy_link\"]}]}<\/script>\n<!-- \/ Yoast SEO plugin. -->","yoast_head_json":{"title":"Cooler Universal para Processador 1155 Intel e AMD DX-7120 - Eco-Tech - Solu\u00e7\u00f5es em tecnologia","robots":{"index":"index","follow":"follow","max-snippet":"max-snippet:-1","max-image-preview":"max-image-preview:large","max-video-preview":"max-video-preview:-1"},"canonical":"https:\/\/eco-tech.inf.br\/index.php\/product\/cooler-universal-para-processador-1155-intel-e-amd-dx-7120\/","og_locale":"pt_BR","og_type":"article","og_title":"Cooler Universal para Processador 1155 Intel e AMD DX-7120 - Eco-Tech - Solu\u00e7\u00f5es em tecnologia","og_description":"&#8211; Marca: Dex &#8211; Modelo: DX-7120 Especifica\u00e7\u00f5es: &#8211; Ventoinha: 12VDC \/ 90x90x25mm &#8211; Dissipador: 120x120x60mm &#8211; Rolamento: Hydro Bearing &#8211; Rota\u00e7\u00e3o: 2200RPM (+\/-10%) &#8211; Ru\u00eddo: 20dB(A) (Max.) &#8211; Fluxo de ar: 48 CFM &#8211; Conector: 3-pin &#8211; Vida \u00fatil: 30.000 horas &#8211; Compat\u00edvel com: Intel LGA 775\/1155\/1156\/1150 &#8211; AMD 754\/FM1\/FM2\/AM2\/AM2+\/AM3\/AM3+ com TDP at\u00e9 75W Peso [&hellip;]","og_url":"https:\/\/eco-tech.inf.br\/index.php\/product\/cooler-universal-para-processador-1155-intel-e-amd-dx-7120\/","og_site_name":"Eco-Tech - Solu\u00e7\u00f5es em tecnologia","article_publisher":"https:\/\/www.facebook.com\/EcoTech-Tecnologia-107960038523316","article_modified_time":"2022-07-14T20:29:43+00:00","og_image":[{"width":386,"height":389,"url":"https:\/\/i0.wp.com\/eco-tech.inf.br\/wp-content\/uploads\/2022\/03\/cl002.png?fit=386%2C389&ssl=1","type":"image\/png"}],"twitter_card":"summary_large_image","schema":{"@context":"https:\/\/schema.org","@graph":[{"@type":"WebPage","@id":"https:\/\/eco-tech.inf.br\/index.php\/product\/cooler-universal-para-processador-1155-intel-e-amd-dx-7120\/","url":"https:\/\/eco-tech.inf.br\/index.php\/product\/cooler-universal-para-processador-1155-intel-e-amd-dx-7120\/","name":"Cooler Universal para Processador 1155 Intel e AMD DX-7120 - Eco-Tech - Solu\u00e7\u00f5es em tecnologia","isPartOf":{"@id":"https:\/\/eco-tech.inf.br\/#website"},"primaryImageOfPage":{"@id":"https:\/\/eco-tech.inf.br\/index.php\/product\/cooler-universal-para-processador-1155-intel-e-amd-dx-7120\/#primaryimage"},"image":{"@id":"https:\/\/eco-tech.inf.br\/index.php\/product\/cooler-universal-para-processador-1155-intel-e-amd-dx-7120\/#primaryimage"},"thumbnailUrl":"https:\/\/i0.wp.com\/eco-tech.inf.br\/wp-content\/uploads\/2022\/03\/cl002.png?fit=386%2C389&ssl=1","datePublished":"2022-03-27T20:58:39+00:00","dateModified":"2022-07-14T20:29:43+00:00","breadcrumb":{"@id":"https:\/\/eco-tech.inf.br\/index.php\/product\/cooler-universal-para-processador-1155-intel-e-amd-dx-7120\/#breadcrumb"},"inLanguage":"pt-BR","potentialAction":[{"@type":"ReadAction","target":["https:\/\/eco-tech.inf.br\/index.php\/product\/cooler-universal-para-processador-1155-intel-e-amd-dx-7120\/"]}]},{"@type":"ImageObject","inLanguage":"pt-BR","@id":"https:\/\/eco-tech.inf.br\/index.php\/product\/cooler-universal-para-processador-1155-intel-e-amd-dx-7120\/#primaryimage","url":"https:\/\/i0.wp.com\/eco-tech.inf.br\/wp-content\/uploads\/2022\/03\/cl002.png?fit=386%2C389&ssl=1","contentUrl":"https:\/\/i0.wp.com\/eco-tech.inf.br\/wp-content\/uploads\/2022\/03\/cl002.png?fit=386%2C389&ssl=1","width":386,"height":389},{"@type":"BreadcrumbList","@id":"https:\/\/eco-tech.inf.br\/index.php\/product\/cooler-universal-para-processador-1155-intel-e-amd-dx-7120\/#breadcrumb","itemListElement":[{"@type":"ListItem","position":1,"name":"In\u00edcio","item":"https:\/\/eco-tech.inf.br\/"},{"@type":"ListItem","position":2,"name":"Produtos","item":"https:\/\/eco-tech.inf.br\/index.php\/shop\/"},{"@type":"ListItem","position":3,"name":"Cooler Universal para Processador 1155 Intel e AMD DX-7120"}]},{"@type":"WebSite","@id":"https:\/\/eco-tech.inf.br\/#website","url":"https:\/\/eco-tech.inf.br\/","name":"Eco-Tech - Solu\u00e7\u00f5es em tecnologia","description":"Possu\u00edmos mais de 15 (anos) anos de experi\u00eancia levando para o norte do Brasil tecnologia de ponta trazida por grandes organiza\u00e7\u00f5es dos mais variados seguimentos.","publisher":{"@id":"https:\/\/eco-tech.inf.br\/#organization"},"potentialAction":[{"@type":"SearchAction","target":{"@type":"EntryPoint","urlTemplate":"https:\/\/eco-tech.inf.br\/?s={search_term_string}"},"query-input":{"@type":"PropertyValueSpecification","valueRequired":true,"valueName":"search_term_string"}}],"inLanguage":"pt-BR"},{"@type":"Organization","@id":"https:\/\/eco-tech.inf.br\/#organization","name":"ELO SOLU\u00c7\u00d5ES TECNOL\u00d3GICA LTDA","url":"https:\/\/eco-tech.inf.br\/","logo":{"@type":"ImageObject","inLanguage":"pt-BR","@id":"https:\/\/eco-tech.inf.br\/#\/schema\/logo\/image\/","url":"https:\/\/i0.wp.com\/eco-tech.inf.br\/wp-content\/uploads\/2022\/03\/cropped-novologo-1.jpg?fit=512%2C512&ssl=1","contentUrl":"https:\/\/i0.wp.com\/eco-tech.inf.br\/wp-content\/uploads\/2022\/03\/cropped-novologo-1.jpg?fit=512%2C512&ssl=1","width":512,"height":512,"caption":"ELO SOLU\u00c7\u00d5ES TECNOL\u00d3GICA LTDA"},"image":{"@id":"https:\/\/eco-tech.inf.br\/#\/schema\/logo\/image\/"},"sameAs":["https:\/\/www.facebook.com\/EcoTech-Tecnologia-107960038523316","https:\/\/www.instagram.com\/p\/CbRSB23MmFd\/?utm_medium=copy_link"]}]}},"jetpack_sharing_enabled":true,"_links":{"self":[{"href":"https:\/\/eco-tech.inf.br\/index.php\/wp-json\/wp\/v2\/product\/218"}],"collection":[{"href":"https:\/\/eco-tech.inf.br\/index.php\/wp-json\/wp\/v2\/product"}],"about":[{"href":"https:\/\/eco-tech.inf.br\/index.php\/wp-json\/wp\/v2\/types\/product"}],"replies":[{"embeddable":true,"href":"https:\/\/eco-tech.inf.br\/index.php\/wp-json\/wp\/v2\/comments?post=218"}],"wp:featuredmedia":[{"embeddable":true,"href":"https:\/\/eco-tech.inf.br\/index.php\/wp-json\/wp\/v2\/media\/219"}],"wp:attachment":[{"href":"https:\/\/eco-tech.inf.br\/index.php\/wp-json\/wp\/v2\/media?parent=218"}],"wp:term":[{"taxonomy":"product_cat","embeddable":true,"href":"https:\/\/eco-tech.inf.br\/index.php\/wp-json\/wp\/v2\/product_cat?post=218"},{"taxonomy":"product_tag","embeddable":true,"href":"https:\/\/eco-tech.inf.br\/index.php\/wp-json\/wp\/v2\/product_tag?post=218"}],"curies":[{"name":"wp","href":"https:\/\/api.w.org\/{rel}","templated":true}]}}