{"id":206,"date":"2022-03-27T16:26:45","date_gmt":"2022-03-27T20:26:45","guid":{"rendered":"https:\/\/eco-tech.inf.br\/?post_type=product&#038;p=206"},"modified":"2022-10-28T10:50:13","modified_gmt":"2022-10-28T14:50:13","slug":"cabo-hdmi-1-5-metros-macho-para-macho-x-cell","status":"publish","type":"product","link":"https:\/\/eco-tech.inf.br\/index.php\/product\/cabo-hdmi-1-5-metros-macho-para-macho-x-cell\/","title":{"rendered":"Cabo HDMI 1.5 Metros Macho para Macho X-CELL"},"content":{"rendered":"<p>O cabo HDMI Blindado vers\u00e3o 1.4 foi desenvolvido para estabelecer conex\u00e3o entre diversos aparelhos com entrada HDMI como TVs, v\u00eddeo games, computadores, monitores e outros aparelhos. Usar este cabo \u00e9 a garantia de ter qualidade de som e v\u00eddeo em seus equipamentos sem perda de sinal e sem interfer\u00eancias.<\/p>\n<p>Especifica\u00e7\u00f5es T\u00e9cnicas:<\/p>\n<p>Conex\u00e3o: Hdmi x Hdmi<\/p>\n<p>&#8211; Comprimento do cabo: 1,5 metro<\/p>\n","protected":false},"excerpt":{"rendered":"<p>O cabo HDMI Blindado vers\u00e3o 1.4 foi desenvolvido para estabelecer conex\u00e3o entre diversos aparelhos com entrada HDMI como TVs, v\u00eddeo games, computadores, monitores e outros aparelhos. Usar este cabo \u00e9 a garantia de ter qualidade de som e v\u00eddeo em seus equipamentos sem perda de sinal e sem interfer\u00eancias. Especifica\u00e7\u00f5es T\u00e9cnicas: Conex\u00e3o: Hdmi x Hdmi [&hellip;]<\/p>\n","protected":false},"featured_media":207,"comment_status":"closed","ping_status":"closed","template":"","meta":[],"product_cat":[21,35],"product_tag":[36,50],"yoast_head":"<!-- This site is optimized with the Yoast SEO plugin v23.5 - https:\/\/yoast.com\/wordpress\/plugins\/seo\/ -->\n<title>Cabo HDMI 1.5 Metros Macho para Macho X-CELL - Eco-Tech - Solu\u00e7\u00f5es em tecnologia<\/title>\n<meta name=\"robots\" content=\"index, follow, max-snippet:-1, max-image-preview:large, max-video-preview:-1\" \/>\n<link rel=\"canonical\" href=\"https:\/\/eco-tech.inf.br\/index.php\/product\/cabo-hdmi-1-5-metros-macho-para-macho-x-cell\/\" \/>\n<meta property=\"og:locale\" content=\"pt_BR\" \/>\n<meta property=\"og:type\" content=\"article\" \/>\n<meta property=\"og:title\" content=\"Cabo HDMI 1.5 Metros Macho para Macho X-CELL - Eco-Tech - Solu\u00e7\u00f5es em tecnologia\" \/>\n<meta property=\"og:description\" content=\"O cabo HDMI Blindado vers\u00e3o 1.4 foi desenvolvido para estabelecer conex\u00e3o entre diversos aparelhos com entrada HDMI como TVs, v\u00eddeo games, computadores, monitores e outros aparelhos. Usar este cabo \u00e9 a garantia de ter qualidade de som e v\u00eddeo em seus equipamentos sem perda de sinal e sem interfer\u00eancias. Especifica\u00e7\u00f5es T\u00e9cnicas: Conex\u00e3o: Hdmi x Hdmi [&hellip;]\" \/>\n<meta property=\"og:url\" content=\"https:\/\/eco-tech.inf.br\/index.php\/product\/cabo-hdmi-1-5-metros-macho-para-macho-x-cell\/\" \/>\n<meta property=\"og:site_name\" content=\"Eco-Tech - Solu\u00e7\u00f5es em tecnologia\" \/>\n<meta property=\"article:publisher\" content=\"https:\/\/www.facebook.com\/EcoTech-Tecnologia-107960038523316\" \/>\n<meta property=\"article:modified_time\" content=\"2022-10-28T14:50:13+00:00\" \/>\n<meta property=\"og:image\" content=\"https:\/\/i0.wp.com\/eco-tech.inf.br\/wp-content\/uploads\/2022\/03\/cb0200xc.png?fit=390%2C369&ssl=1\" \/>\n\t<meta property=\"og:image:width\" content=\"390\" \/>\n\t<meta property=\"og:image:height\" content=\"369\" \/>\n\t<meta property=\"og:image:type\" content=\"image\/png\" \/>\n<meta name=\"twitter:card\" content=\"summary_large_image\" \/>\n<meta name=\"twitter:label1\" content=\"Est. tempo de leitura\" \/>\n\t<meta name=\"twitter:data1\" content=\"1 minuto\" \/>\n<script type=\"application\/ld+json\" class=\"yoast-schema-graph\">{\"@context\":\"https:\/\/schema.org\",\"@graph\":[{\"@type\":\"WebPage\",\"@id\":\"https:\/\/eco-tech.inf.br\/index.php\/product\/cabo-hdmi-1-5-metros-macho-para-macho-x-cell\/\",\"url\":\"https:\/\/eco-tech.inf.br\/index.php\/product\/cabo-hdmi-1-5-metros-macho-para-macho-x-cell\/\",\"name\":\"Cabo HDMI 1.5 Metros Macho para Macho X-CELL - Eco-Tech - Solu\u00e7\u00f5es em tecnologia\",\"isPartOf\":{\"@id\":\"https:\/\/eco-tech.inf.br\/#website\"},\"primaryImageOfPage\":{\"@id\":\"https:\/\/eco-tech.inf.br\/index.php\/product\/cabo-hdmi-1-5-metros-macho-para-macho-x-cell\/#primaryimage\"},\"image\":{\"@id\":\"https:\/\/eco-tech.inf.br\/index.php\/product\/cabo-hdmi-1-5-metros-macho-para-macho-x-cell\/#primaryimage\"},\"thumbnailUrl\":\"https:\/\/i0.wp.com\/eco-tech.inf.br\/wp-content\/uploads\/2022\/03\/cb0200xc.png?fit=390%2C369&ssl=1\",\"datePublished\":\"2022-03-27T20:26:45+00:00\",\"dateModified\":\"2022-10-28T14:50:13+00:00\",\"breadcrumb\":{\"@id\":\"https:\/\/eco-tech.inf.br\/index.php\/product\/cabo-hdmi-1-5-metros-macho-para-macho-x-cell\/#breadcrumb\"},\"inLanguage\":\"pt-BR\",\"potentialAction\":[{\"@type\":\"ReadAction\",\"target\":[\"https:\/\/eco-tech.inf.br\/index.php\/product\/cabo-hdmi-1-5-metros-macho-para-macho-x-cell\/\"]}]},{\"@type\":\"ImageObject\",\"inLanguage\":\"pt-BR\",\"@id\":\"https:\/\/eco-tech.inf.br\/index.php\/product\/cabo-hdmi-1-5-metros-macho-para-macho-x-cell\/#primaryimage\",\"url\":\"https:\/\/i0.wp.com\/eco-tech.inf.br\/wp-content\/uploads\/2022\/03\/cb0200xc.png?fit=390%2C369&ssl=1\",\"contentUrl\":\"https:\/\/i0.wp.com\/eco-tech.inf.br\/wp-content\/uploads\/2022\/03\/cb0200xc.png?fit=390%2C369&ssl=1\",\"width\":390,\"height\":369},{\"@type\":\"BreadcrumbList\",\"@id\":\"https:\/\/eco-tech.inf.br\/index.php\/product\/cabo-hdmi-1-5-metros-macho-para-macho-x-cell\/#breadcrumb\",\"itemListElement\":[{\"@type\":\"ListItem\",\"position\":1,\"name\":\"In\u00edcio\",\"item\":\"https:\/\/eco-tech.inf.br\/\"},{\"@type\":\"ListItem\",\"position\":2,\"name\":\"Produtos\",\"item\":\"https:\/\/eco-tech.inf.br\/index.php\/shop\/\"},{\"@type\":\"ListItem\",\"position\":3,\"name\":\"Cabo HDMI 1.5 Metros Macho para Macho X-CELL\"}]},{\"@type\":\"WebSite\",\"@id\":\"https:\/\/eco-tech.inf.br\/#website\",\"url\":\"https:\/\/eco-tech.inf.br\/\",\"name\":\"Eco-Tech - Solu\u00e7\u00f5es em tecnologia\",\"description\":\"Possu\u00edmos mais de 15 (anos) anos de experi\u00eancia levando para o norte do Brasil tecnologia de ponta trazida por grandes organiza\u00e7\u00f5es dos mais variados seguimentos.\",\"publisher\":{\"@id\":\"https:\/\/eco-tech.inf.br\/#organization\"},\"potentialAction\":[{\"@type\":\"SearchAction\",\"target\":{\"@type\":\"EntryPoint\",\"urlTemplate\":\"https:\/\/eco-tech.inf.br\/?s={search_term_string}\"},\"query-input\":{\"@type\":\"PropertyValueSpecification\",\"valueRequired\":true,\"valueName\":\"search_term_string\"}}],\"inLanguage\":\"pt-BR\"},{\"@type\":\"Organization\",\"@id\":\"https:\/\/eco-tech.inf.br\/#organization\",\"name\":\"ELO SOLU\u00c7\u00d5ES TECNOL\u00d3GICA LTDA\",\"url\":\"https:\/\/eco-tech.inf.br\/\",\"logo\":{\"@type\":\"ImageObject\",\"inLanguage\":\"pt-BR\",\"@id\":\"https:\/\/eco-tech.inf.br\/#\/schema\/logo\/image\/\",\"url\":\"https:\/\/i0.wp.com\/eco-tech.inf.br\/wp-content\/uploads\/2022\/03\/cropped-novologo-1.jpg?fit=512%2C512&ssl=1\",\"contentUrl\":\"https:\/\/i0.wp.com\/eco-tech.inf.br\/wp-content\/uploads\/2022\/03\/cropped-novologo-1.jpg?fit=512%2C512&ssl=1\",\"width\":512,\"height\":512,\"caption\":\"ELO SOLU\u00c7\u00d5ES TECNOL\u00d3GICA LTDA\"},\"image\":{\"@id\":\"https:\/\/eco-tech.inf.br\/#\/schema\/logo\/image\/\"},\"sameAs\":[\"https:\/\/www.facebook.com\/EcoTech-Tecnologia-107960038523316\",\"https:\/\/www.instagram.com\/p\/CbRSB23MmFd\/?utm_medium=copy_link\"]}]}<\/script>\n<!-- \/ Yoast SEO plugin. -->","yoast_head_json":{"title":"Cabo HDMI 1.5 Metros Macho para Macho X-CELL - Eco-Tech - Solu\u00e7\u00f5es em tecnologia","robots":{"index":"index","follow":"follow","max-snippet":"max-snippet:-1","max-image-preview":"max-image-preview:large","max-video-preview":"max-video-preview:-1"},"canonical":"https:\/\/eco-tech.inf.br\/index.php\/product\/cabo-hdmi-1-5-metros-macho-para-macho-x-cell\/","og_locale":"pt_BR","og_type":"article","og_title":"Cabo HDMI 1.5 Metros Macho para Macho X-CELL - Eco-Tech - Solu\u00e7\u00f5es em tecnologia","og_description":"O cabo HDMI Blindado vers\u00e3o 1.4 foi desenvolvido para estabelecer conex\u00e3o entre diversos aparelhos com entrada HDMI como TVs, v\u00eddeo games, computadores, monitores e outros aparelhos. Usar este cabo \u00e9 a garantia de ter qualidade de som e v\u00eddeo em seus equipamentos sem perda de sinal e sem interfer\u00eancias. Especifica\u00e7\u00f5es T\u00e9cnicas: Conex\u00e3o: Hdmi x Hdmi [&hellip;]","og_url":"https:\/\/eco-tech.inf.br\/index.php\/product\/cabo-hdmi-1-5-metros-macho-para-macho-x-cell\/","og_site_name":"Eco-Tech - Solu\u00e7\u00f5es em tecnologia","article_publisher":"https:\/\/www.facebook.com\/EcoTech-Tecnologia-107960038523316","article_modified_time":"2022-10-28T14:50:13+00:00","og_image":[{"width":390,"height":369,"url":"https:\/\/i0.wp.com\/eco-tech.inf.br\/wp-content\/uploads\/2022\/03\/cb0200xc.png?fit=390%2C369&ssl=1","type":"image\/png"}],"twitter_card":"summary_large_image","twitter_misc":{"Est. tempo de leitura":"1 minuto"},"schema":{"@context":"https:\/\/schema.org","@graph":[{"@type":"WebPage","@id":"https:\/\/eco-tech.inf.br\/index.php\/product\/cabo-hdmi-1-5-metros-macho-para-macho-x-cell\/","url":"https:\/\/eco-tech.inf.br\/index.php\/product\/cabo-hdmi-1-5-metros-macho-para-macho-x-cell\/","name":"Cabo HDMI 1.5 Metros Macho para Macho X-CELL - Eco-Tech - Solu\u00e7\u00f5es em tecnologia","isPartOf":{"@id":"https:\/\/eco-tech.inf.br\/#website"},"primaryImageOfPage":{"@id":"https:\/\/eco-tech.inf.br\/index.php\/product\/cabo-hdmi-1-5-metros-macho-para-macho-x-cell\/#primaryimage"},"image":{"@id":"https:\/\/eco-tech.inf.br\/index.php\/product\/cabo-hdmi-1-5-metros-macho-para-macho-x-cell\/#primaryimage"},"thumbnailUrl":"https:\/\/i0.wp.com\/eco-tech.inf.br\/wp-content\/uploads\/2022\/03\/cb0200xc.png?fit=390%2C369&ssl=1","datePublished":"2022-03-27T20:26:45+00:00","dateModified":"2022-10-28T14:50:13+00:00","breadcrumb":{"@id":"https:\/\/eco-tech.inf.br\/index.php\/product\/cabo-hdmi-1-5-metros-macho-para-macho-x-cell\/#breadcrumb"},"inLanguage":"pt-BR","potentialAction":[{"@type":"ReadAction","target":["https:\/\/eco-tech.inf.br\/index.php\/product\/cabo-hdmi-1-5-metros-macho-para-macho-x-cell\/"]}]},{"@type":"ImageObject","inLanguage":"pt-BR","@id":"https:\/\/eco-tech.inf.br\/index.php\/product\/cabo-hdmi-1-5-metros-macho-para-macho-x-cell\/#primaryimage","url":"https:\/\/i0.wp.com\/eco-tech.inf.br\/wp-content\/uploads\/2022\/03\/cb0200xc.png?fit=390%2C369&ssl=1","contentUrl":"https:\/\/i0.wp.com\/eco-tech.inf.br\/wp-content\/uploads\/2022\/03\/cb0200xc.png?fit=390%2C369&ssl=1","width":390,"height":369},{"@type":"BreadcrumbList","@id":"https:\/\/eco-tech.inf.br\/index.php\/product\/cabo-hdmi-1-5-metros-macho-para-macho-x-cell\/#breadcrumb","itemListElement":[{"@type":"ListItem","position":1,"name":"In\u00edcio","item":"https:\/\/eco-tech.inf.br\/"},{"@type":"ListItem","position":2,"name":"Produtos","item":"https:\/\/eco-tech.inf.br\/index.php\/shop\/"},{"@type":"ListItem","position":3,"name":"Cabo HDMI 1.5 Metros Macho para Macho X-CELL"}]},{"@type":"WebSite","@id":"https:\/\/eco-tech.inf.br\/#website","url":"https:\/\/eco-tech.inf.br\/","name":"Eco-Tech - Solu\u00e7\u00f5es em tecnologia","description":"Possu\u00edmos mais de 15 (anos) anos de experi\u00eancia levando para o norte do Brasil tecnologia de ponta trazida por grandes organiza\u00e7\u00f5es dos mais variados seguimentos.","publisher":{"@id":"https:\/\/eco-tech.inf.br\/#organization"},"potentialAction":[{"@type":"SearchAction","target":{"@type":"EntryPoint","urlTemplate":"https:\/\/eco-tech.inf.br\/?s={search_term_string}"},"query-input":{"@type":"PropertyValueSpecification","valueRequired":true,"valueName":"search_term_string"}}],"inLanguage":"pt-BR"},{"@type":"Organization","@id":"https:\/\/eco-tech.inf.br\/#organization","name":"ELO SOLU\u00c7\u00d5ES TECNOL\u00d3GICA LTDA","url":"https:\/\/eco-tech.inf.br\/","logo":{"@type":"ImageObject","inLanguage":"pt-BR","@id":"https:\/\/eco-tech.inf.br\/#\/schema\/logo\/image\/","url":"https:\/\/i0.wp.com\/eco-tech.inf.br\/wp-content\/uploads\/2022\/03\/cropped-novologo-1.jpg?fit=512%2C512&ssl=1","contentUrl":"https:\/\/i0.wp.com\/eco-tech.inf.br\/wp-content\/uploads\/2022\/03\/cropped-novologo-1.jpg?fit=512%2C512&ssl=1","width":512,"height":512,"caption":"ELO SOLU\u00c7\u00d5ES TECNOL\u00d3GICA LTDA"},"image":{"@id":"https:\/\/eco-tech.inf.br\/#\/schema\/logo\/image\/"},"sameAs":["https:\/\/www.facebook.com\/EcoTech-Tecnologia-107960038523316","https:\/\/www.instagram.com\/p\/CbRSB23MmFd\/?utm_medium=copy_link"]}]}},"jetpack_sharing_enabled":true,"_links":{"self":[{"href":"https:\/\/eco-tech.inf.br\/index.php\/wp-json\/wp\/v2\/product\/206"}],"collection":[{"href":"https:\/\/eco-tech.inf.br\/index.php\/wp-json\/wp\/v2\/product"}],"about":[{"href":"https:\/\/eco-tech.inf.br\/index.php\/wp-json\/wp\/v2\/types\/product"}],"replies":[{"embeddable":true,"href":"https:\/\/eco-tech.inf.br\/index.php\/wp-json\/wp\/v2\/comments?post=206"}],"wp:featuredmedia":[{"embeddable":true,"href":"https:\/\/eco-tech.inf.br\/index.php\/wp-json\/wp\/v2\/media\/207"}],"wp:attachment":[{"href":"https:\/\/eco-tech.inf.br\/index.php\/wp-json\/wp\/v2\/media?parent=206"}],"wp:term":[{"taxonomy":"product_cat","embeddable":true,"href":"https:\/\/eco-tech.inf.br\/index.php\/wp-json\/wp\/v2\/product_cat?post=206"},{"taxonomy":"product_tag","embeddable":true,"href":"https:\/\/eco-tech.inf.br\/index.php\/wp-json\/wp\/v2\/product_tag?post=206"}],"curies":[{"name":"wp","href":"https:\/\/api.w.org\/{rel}","templated":true}]}}