{"id":202,"date":"2022-03-27T16:06:13","date_gmt":"2022-03-27T20:06:13","guid":{"rendered":"https:\/\/eco-tech.inf.br\/?post_type=product&#038;p=202"},"modified":"2022-03-27T16:06:13","modified_gmt":"2022-03-27T20:06:13","slug":"cabo-usb-3-0-50cm-micro-hd-externo","status":"publish","type":"product","link":"https:\/\/eco-tech.inf.br\/index.php\/product\/cabo-usb-3-0-50cm-micro-hd-externo\/","title":{"rendered":"Cabo USB 3.0, 50cm, Micro HD Externo"},"content":{"rendered":"<p>O Cabo USB AM\/BM 3.0 para MICRO-HD EXTERNO possibilita a conex\u00e3o de um Computador, Laptop em um HD externo ou Gaveta de HD para transfer\u00eancia de dados, em uma conex\u00e3o USB 3.0 com uma velocidade de 4,8 Gbps. Voc\u00ea pode tamb\u00e9m utilizar em c\u00e2meras fotogr\u00e1ficas, alguns modelos de celulares, filmadoras, impressoras, webcam e etc. Velocidade e qualidade para transmiss\u00e3o de seus dados.<\/p>\n","protected":false},"excerpt":{"rendered":"<p>O Cabo USB AM\/BM 3.0 para MICRO-HD EXTERNO possibilita a conex\u00e3o de um Computador, Laptop em um HD externo ou Gaveta de HD para transfer\u00eancia de dados, em uma conex\u00e3o USB 3.0 com uma velocidade de 4,8 Gbps. Voc\u00ea pode tamb\u00e9m utilizar em c\u00e2meras fotogr\u00e1ficas, alguns modelos de celulares, filmadoras, impressoras, webcam e etc. Velocidade [&hellip;]<\/p>\n","protected":false},"featured_media":203,"comment_status":"closed","ping_status":"closed","template":"","meta":[],"product_cat":[21,35],"product_tag":[36,51,40],"yoast_head":"<!-- This site is optimized with the Yoast SEO plugin v23.5 - https:\/\/yoast.com\/wordpress\/plugins\/seo\/ -->\n<title>Cabo USB 3.0, 50cm, Micro HD Externo - Eco-Tech - Solu\u00e7\u00f5es em tecnologia<\/title>\n<meta name=\"robots\" content=\"index, follow, max-snippet:-1, max-image-preview:large, max-video-preview:-1\" \/>\n<link rel=\"canonical\" href=\"https:\/\/eco-tech.inf.br\/index.php\/product\/cabo-usb-3-0-50cm-micro-hd-externo\/\" \/>\n<meta property=\"og:locale\" content=\"pt_BR\" \/>\n<meta property=\"og:type\" content=\"article\" \/>\n<meta property=\"og:title\" content=\"Cabo USB 3.0, 50cm, Micro HD Externo - Eco-Tech - Solu\u00e7\u00f5es em tecnologia\" \/>\n<meta property=\"og:description\" content=\"O Cabo USB AM\/BM 3.0 para MICRO-HD EXTERNO possibilita a conex\u00e3o de um Computador, Laptop em um HD externo ou Gaveta de HD para transfer\u00eancia de dados, em uma conex\u00e3o USB 3.0 com uma velocidade de 4,8 Gbps. Voc\u00ea pode tamb\u00e9m utilizar em c\u00e2meras fotogr\u00e1ficas, alguns modelos de celulares, filmadoras, impressoras, webcam e etc. Velocidade [&hellip;]\" \/>\n<meta property=\"og:url\" content=\"https:\/\/eco-tech.inf.br\/index.php\/product\/cabo-usb-3-0-50cm-micro-hd-externo\/\" \/>\n<meta property=\"og:site_name\" content=\"Eco-Tech - Solu\u00e7\u00f5es em tecnologia\" \/>\n<meta property=\"article:publisher\" content=\"https:\/\/www.facebook.com\/EcoTech-Tecnologia-107960038523316\" \/>\n<meta property=\"og:image\" content=\"https:\/\/i0.wp.com\/eco-tech.inf.br\/wp-content\/uploads\/2022\/03\/cb0141dx.png?fit=424%2C369&ssl=1\" \/>\n\t<meta property=\"og:image:width\" content=\"424\" \/>\n\t<meta property=\"og:image:height\" content=\"369\" \/>\n\t<meta property=\"og:image:type\" content=\"image\/png\" \/>\n<meta name=\"twitter:card\" content=\"summary_large_image\" \/>\n<meta name=\"twitter:label1\" content=\"Est. tempo de leitura\" \/>\n\t<meta name=\"twitter:data1\" content=\"1 minuto\" \/>\n<script type=\"application\/ld+json\" class=\"yoast-schema-graph\">{\"@context\":\"https:\/\/schema.org\",\"@graph\":[{\"@type\":\"WebPage\",\"@id\":\"https:\/\/eco-tech.inf.br\/index.php\/product\/cabo-usb-3-0-50cm-micro-hd-externo\/\",\"url\":\"https:\/\/eco-tech.inf.br\/index.php\/product\/cabo-usb-3-0-50cm-micro-hd-externo\/\",\"name\":\"Cabo USB 3.0, 50cm, Micro HD Externo - Eco-Tech - Solu\u00e7\u00f5es em tecnologia\",\"isPartOf\":{\"@id\":\"https:\/\/eco-tech.inf.br\/#website\"},\"primaryImageOfPage\":{\"@id\":\"https:\/\/eco-tech.inf.br\/index.php\/product\/cabo-usb-3-0-50cm-micro-hd-externo\/#primaryimage\"},\"image\":{\"@id\":\"https:\/\/eco-tech.inf.br\/index.php\/product\/cabo-usb-3-0-50cm-micro-hd-externo\/#primaryimage\"},\"thumbnailUrl\":\"https:\/\/i0.wp.com\/eco-tech.inf.br\/wp-content\/uploads\/2022\/03\/cb0141dx.png?fit=424%2C369&ssl=1\",\"datePublished\":\"2022-03-27T20:06:13+00:00\",\"dateModified\":\"2022-03-27T20:06:13+00:00\",\"breadcrumb\":{\"@id\":\"https:\/\/eco-tech.inf.br\/index.php\/product\/cabo-usb-3-0-50cm-micro-hd-externo\/#breadcrumb\"},\"inLanguage\":\"pt-BR\",\"potentialAction\":[{\"@type\":\"ReadAction\",\"target\":[\"https:\/\/eco-tech.inf.br\/index.php\/product\/cabo-usb-3-0-50cm-micro-hd-externo\/\"]}]},{\"@type\":\"ImageObject\",\"inLanguage\":\"pt-BR\",\"@id\":\"https:\/\/eco-tech.inf.br\/index.php\/product\/cabo-usb-3-0-50cm-micro-hd-externo\/#primaryimage\",\"url\":\"https:\/\/i0.wp.com\/eco-tech.inf.br\/wp-content\/uploads\/2022\/03\/cb0141dx.png?fit=424%2C369&ssl=1\",\"contentUrl\":\"https:\/\/i0.wp.com\/eco-tech.inf.br\/wp-content\/uploads\/2022\/03\/cb0141dx.png?fit=424%2C369&ssl=1\",\"width\":424,\"height\":369},{\"@type\":\"BreadcrumbList\",\"@id\":\"https:\/\/eco-tech.inf.br\/index.php\/product\/cabo-usb-3-0-50cm-micro-hd-externo\/#breadcrumb\",\"itemListElement\":[{\"@type\":\"ListItem\",\"position\":1,\"name\":\"In\u00edcio\",\"item\":\"https:\/\/eco-tech.inf.br\/\"},{\"@type\":\"ListItem\",\"position\":2,\"name\":\"Produtos\",\"item\":\"https:\/\/eco-tech.inf.br\/index.php\/shop\/\"},{\"@type\":\"ListItem\",\"position\":3,\"name\":\"Cabo USB 3.0, 50cm, Micro HD Externo\"}]},{\"@type\":\"WebSite\",\"@id\":\"https:\/\/eco-tech.inf.br\/#website\",\"url\":\"https:\/\/eco-tech.inf.br\/\",\"name\":\"Eco-Tech - Solu\u00e7\u00f5es em tecnologia\",\"description\":\"Possu\u00edmos mais de 15 (anos) anos de experi\u00eancia levando para o norte do Brasil tecnologia de ponta trazida por grandes organiza\u00e7\u00f5es dos mais variados seguimentos.\",\"publisher\":{\"@id\":\"https:\/\/eco-tech.inf.br\/#organization\"},\"potentialAction\":[{\"@type\":\"SearchAction\",\"target\":{\"@type\":\"EntryPoint\",\"urlTemplate\":\"https:\/\/eco-tech.inf.br\/?s={search_term_string}\"},\"query-input\":{\"@type\":\"PropertyValueSpecification\",\"valueRequired\":true,\"valueName\":\"search_term_string\"}}],\"inLanguage\":\"pt-BR\"},{\"@type\":\"Organization\",\"@id\":\"https:\/\/eco-tech.inf.br\/#organization\",\"name\":\"ELO SOLU\u00c7\u00d5ES TECNOL\u00d3GICA LTDA\",\"url\":\"https:\/\/eco-tech.inf.br\/\",\"logo\":{\"@type\":\"ImageObject\",\"inLanguage\":\"pt-BR\",\"@id\":\"https:\/\/eco-tech.inf.br\/#\/schema\/logo\/image\/\",\"url\":\"https:\/\/i0.wp.com\/eco-tech.inf.br\/wp-content\/uploads\/2022\/03\/cropped-novologo-1.jpg?fit=512%2C512&ssl=1\",\"contentUrl\":\"https:\/\/i0.wp.com\/eco-tech.inf.br\/wp-content\/uploads\/2022\/03\/cropped-novologo-1.jpg?fit=512%2C512&ssl=1\",\"width\":512,\"height\":512,\"caption\":\"ELO SOLU\u00c7\u00d5ES TECNOL\u00d3GICA LTDA\"},\"image\":{\"@id\":\"https:\/\/eco-tech.inf.br\/#\/schema\/logo\/image\/\"},\"sameAs\":[\"https:\/\/www.facebook.com\/EcoTech-Tecnologia-107960038523316\",\"https:\/\/www.instagram.com\/p\/CbRSB23MmFd\/?utm_medium=copy_link\"]}]}<\/script>\n<!-- \/ Yoast SEO plugin. -->","yoast_head_json":{"title":"Cabo USB 3.0, 50cm, Micro HD Externo - Eco-Tech - Solu\u00e7\u00f5es em tecnologia","robots":{"index":"index","follow":"follow","max-snippet":"max-snippet:-1","max-image-preview":"max-image-preview:large","max-video-preview":"max-video-preview:-1"},"canonical":"https:\/\/eco-tech.inf.br\/index.php\/product\/cabo-usb-3-0-50cm-micro-hd-externo\/","og_locale":"pt_BR","og_type":"article","og_title":"Cabo USB 3.0, 50cm, Micro HD Externo - Eco-Tech - Solu\u00e7\u00f5es em tecnologia","og_description":"O Cabo USB AM\/BM 3.0 para MICRO-HD EXTERNO possibilita a conex\u00e3o de um Computador, Laptop em um HD externo ou Gaveta de HD para transfer\u00eancia de dados, em uma conex\u00e3o USB 3.0 com uma velocidade de 4,8 Gbps. Voc\u00ea pode tamb\u00e9m utilizar em c\u00e2meras fotogr\u00e1ficas, alguns modelos de celulares, filmadoras, impressoras, webcam e etc. Velocidade [&hellip;]","og_url":"https:\/\/eco-tech.inf.br\/index.php\/product\/cabo-usb-3-0-50cm-micro-hd-externo\/","og_site_name":"Eco-Tech - Solu\u00e7\u00f5es em tecnologia","article_publisher":"https:\/\/www.facebook.com\/EcoTech-Tecnologia-107960038523316","og_image":[{"width":424,"height":369,"url":"https:\/\/i0.wp.com\/eco-tech.inf.br\/wp-content\/uploads\/2022\/03\/cb0141dx.png?fit=424%2C369&ssl=1","type":"image\/png"}],"twitter_card":"summary_large_image","twitter_misc":{"Est. tempo de leitura":"1 minuto"},"schema":{"@context":"https:\/\/schema.org","@graph":[{"@type":"WebPage","@id":"https:\/\/eco-tech.inf.br\/index.php\/product\/cabo-usb-3-0-50cm-micro-hd-externo\/","url":"https:\/\/eco-tech.inf.br\/index.php\/product\/cabo-usb-3-0-50cm-micro-hd-externo\/","name":"Cabo USB 3.0, 50cm, Micro HD Externo - Eco-Tech - Solu\u00e7\u00f5es em tecnologia","isPartOf":{"@id":"https:\/\/eco-tech.inf.br\/#website"},"primaryImageOfPage":{"@id":"https:\/\/eco-tech.inf.br\/index.php\/product\/cabo-usb-3-0-50cm-micro-hd-externo\/#primaryimage"},"image":{"@id":"https:\/\/eco-tech.inf.br\/index.php\/product\/cabo-usb-3-0-50cm-micro-hd-externo\/#primaryimage"},"thumbnailUrl":"https:\/\/i0.wp.com\/eco-tech.inf.br\/wp-content\/uploads\/2022\/03\/cb0141dx.png?fit=424%2C369&ssl=1","datePublished":"2022-03-27T20:06:13+00:00","dateModified":"2022-03-27T20:06:13+00:00","breadcrumb":{"@id":"https:\/\/eco-tech.inf.br\/index.php\/product\/cabo-usb-3-0-50cm-micro-hd-externo\/#breadcrumb"},"inLanguage":"pt-BR","potentialAction":[{"@type":"ReadAction","target":["https:\/\/eco-tech.inf.br\/index.php\/product\/cabo-usb-3-0-50cm-micro-hd-externo\/"]}]},{"@type":"ImageObject","inLanguage":"pt-BR","@id":"https:\/\/eco-tech.inf.br\/index.php\/product\/cabo-usb-3-0-50cm-micro-hd-externo\/#primaryimage","url":"https:\/\/i0.wp.com\/eco-tech.inf.br\/wp-content\/uploads\/2022\/03\/cb0141dx.png?fit=424%2C369&ssl=1","contentUrl":"https:\/\/i0.wp.com\/eco-tech.inf.br\/wp-content\/uploads\/2022\/03\/cb0141dx.png?fit=424%2C369&ssl=1","width":424,"height":369},{"@type":"BreadcrumbList","@id":"https:\/\/eco-tech.inf.br\/index.php\/product\/cabo-usb-3-0-50cm-micro-hd-externo\/#breadcrumb","itemListElement":[{"@type":"ListItem","position":1,"name":"In\u00edcio","item":"https:\/\/eco-tech.inf.br\/"},{"@type":"ListItem","position":2,"name":"Produtos","item":"https:\/\/eco-tech.inf.br\/index.php\/shop\/"},{"@type":"ListItem","position":3,"name":"Cabo USB 3.0, 50cm, Micro HD Externo"}]},{"@type":"WebSite","@id":"https:\/\/eco-tech.inf.br\/#website","url":"https:\/\/eco-tech.inf.br\/","name":"Eco-Tech - Solu\u00e7\u00f5es em tecnologia","description":"Possu\u00edmos mais de 15 (anos) anos de experi\u00eancia levando para o norte do Brasil tecnologia de ponta trazida por grandes organiza\u00e7\u00f5es dos mais variados seguimentos.","publisher":{"@id":"https:\/\/eco-tech.inf.br\/#organization"},"potentialAction":[{"@type":"SearchAction","target":{"@type":"EntryPoint","urlTemplate":"https:\/\/eco-tech.inf.br\/?s={search_term_string}"},"query-input":{"@type":"PropertyValueSpecification","valueRequired":true,"valueName":"search_term_string"}}],"inLanguage":"pt-BR"},{"@type":"Organization","@id":"https:\/\/eco-tech.inf.br\/#organization","name":"ELO SOLU\u00c7\u00d5ES TECNOL\u00d3GICA LTDA","url":"https:\/\/eco-tech.inf.br\/","logo":{"@type":"ImageObject","inLanguage":"pt-BR","@id":"https:\/\/eco-tech.inf.br\/#\/schema\/logo\/image\/","url":"https:\/\/i0.wp.com\/eco-tech.inf.br\/wp-content\/uploads\/2022\/03\/cropped-novologo-1.jpg?fit=512%2C512&ssl=1","contentUrl":"https:\/\/i0.wp.com\/eco-tech.inf.br\/wp-content\/uploads\/2022\/03\/cropped-novologo-1.jpg?fit=512%2C512&ssl=1","width":512,"height":512,"caption":"ELO SOLU\u00c7\u00d5ES TECNOL\u00d3GICA LTDA"},"image":{"@id":"https:\/\/eco-tech.inf.br\/#\/schema\/logo\/image\/"},"sameAs":["https:\/\/www.facebook.com\/EcoTech-Tecnologia-107960038523316","https:\/\/www.instagram.com\/p\/CbRSB23MmFd\/?utm_medium=copy_link"]}]}},"jetpack_sharing_enabled":true,"_links":{"self":[{"href":"https:\/\/eco-tech.inf.br\/index.php\/wp-json\/wp\/v2\/product\/202"}],"collection":[{"href":"https:\/\/eco-tech.inf.br\/index.php\/wp-json\/wp\/v2\/product"}],"about":[{"href":"https:\/\/eco-tech.inf.br\/index.php\/wp-json\/wp\/v2\/types\/product"}],"replies":[{"embeddable":true,"href":"https:\/\/eco-tech.inf.br\/index.php\/wp-json\/wp\/v2\/comments?post=202"}],"wp:featuredmedia":[{"embeddable":true,"href":"https:\/\/eco-tech.inf.br\/index.php\/wp-json\/wp\/v2\/media\/203"}],"wp:attachment":[{"href":"https:\/\/eco-tech.inf.br\/index.php\/wp-json\/wp\/v2\/media?parent=202"}],"wp:term":[{"taxonomy":"product_cat","embeddable":true,"href":"https:\/\/eco-tech.inf.br\/index.php\/wp-json\/wp\/v2\/product_cat?post=202"},{"taxonomy":"product_tag","embeddable":true,"href":"https:\/\/eco-tech.inf.br\/index.php\/wp-json\/wp\/v2\/product_tag?post=202"}],"curies":[{"name":"wp","href":"https:\/\/api.w.org\/{rel}","templated":true}]}}