{"id":198,"date":"2022-03-27T15:54:26","date_gmt":"2022-03-27T19:54:26","guid":{"rendered":"https:\/\/eco-tech.inf.br\/?post_type=product&#038;p=198"},"modified":"2022-03-27T15:55:19","modified_gmt":"2022-03-27T19:55:19","slug":"cabo-conversor-hdmi-macho-para-vga-femea-pc-ps3-projetor-audio-24cm","status":"publish","type":"product","link":"https:\/\/eco-tech.inf.br\/index.php\/product\/cabo-conversor-hdmi-macho-para-vga-femea-pc-ps3-projetor-audio-24cm\/","title":{"rendered":"Cabo Conversor HDMI macho para VGA f\u00eamea Pc Ps3 Projetor Audio 24Cm"},"content":{"rendered":"<div id=\"anchor-description\" class=\"description\">\n<div class=\"description__container-text\">\n<p class=\"description__text\">O Conversor HDMI para VGA + \u00e1udio para converte as conex\u00f5es sa\u00edda HDMI para sa\u00eddas anal\u00f3gicas de \u00e1udio e v\u00eddeo em uma com efici\u00eancia e qualidade. Transmite som e imagem de computadores para TVs, monitores, projetores, entre outros dispositivos com conex\u00e3o VGA, mantendo a transmiss\u00e3o simult\u00e2nea de \u00e1udio e v\u00eddeo. F\u00e1cil de usar, leve e compacto. N\u00e3o requer instala\u00e7\u00e3o de software ou configura\u00e7\u00f5es complicadas. Excelente op\u00e7\u00e3o para treinamentos corporativos, palestras, salas de aula, salas de reuni\u00e3o, centros de conven\u00e7\u00f5es e buffets. F\u00e1cil de usar Instala\u00e7\u00e3o r\u00e1pida e sem necessidade de configura\u00e7\u00e3o. Caracter\u00edsticas do Produto: Aviso sobre o Produto: Imagem Ilustrativa. Tipo: Conversores. Compatibilidade: HDMI\/VGA. Material Utilizado na Fabrica\u00e7\u00e3o: Pl\u00e1stico, Metal e Fios de Cobre. Pa\u00eds de Origem: China. Conte\u00fado da Embalagem: 1 Cabo Conversor HDMI para VGA F\u00eamea c\/ \u00c1udio. 1 Cabo de Som Auxiliar P2.<\/p>\n<\/div>\n<\/div>\n<div class=\"report-link\"><\/div>\n","protected":false},"excerpt":{"rendered":"<p>O Conversor HDMI para VGA + \u00e1udio para converte as conex\u00f5es sa\u00edda HDMI para sa\u00eddas anal\u00f3gicas de \u00e1udio e v\u00eddeo em uma com efici\u00eancia e qualidade. Transmite som e imagem de computadores para TVs, monitores, projetores, entre outros dispositivos com conex\u00e3o VGA, mantendo a transmiss\u00e3o simult\u00e2nea de \u00e1udio e v\u00eddeo. F\u00e1cil de usar, leve e [&hellip;]<\/p>\n","protected":false},"featured_media":199,"comment_status":"closed","ping_status":"closed","template":"","meta":[],"product_cat":[21,35],"product_tag":[36,50,37],"yoast_head":"<!-- This site is optimized with the Yoast SEO plugin v23.5 - https:\/\/yoast.com\/wordpress\/plugins\/seo\/ -->\n<title>Cabo Conversor HDMI macho para VGA f\u00eamea Pc Ps3 Projetor Audio 24Cm - Eco-Tech - Solu\u00e7\u00f5es em tecnologia<\/title>\n<meta name=\"robots\" content=\"index, follow, max-snippet:-1, max-image-preview:large, max-video-preview:-1\" \/>\n<link rel=\"canonical\" href=\"https:\/\/eco-tech.inf.br\/index.php\/product\/cabo-conversor-hdmi-macho-para-vga-femea-pc-ps3-projetor-audio-24cm\/\" \/>\n<meta property=\"og:locale\" content=\"pt_BR\" \/>\n<meta property=\"og:type\" content=\"article\" \/>\n<meta property=\"og:title\" content=\"Cabo Conversor HDMI macho para VGA f\u00eamea Pc Ps3 Projetor Audio 24Cm - Eco-Tech - Solu\u00e7\u00f5es em tecnologia\" \/>\n<meta property=\"og:description\" content=\"O Conversor HDMI para VGA + \u00e1udio para converte as conex\u00f5es sa\u00edda HDMI para sa\u00eddas anal\u00f3gicas de \u00e1udio e v\u00eddeo em uma com efici\u00eancia e qualidade. Transmite som e imagem de computadores para TVs, monitores, projetores, entre outros dispositivos com conex\u00e3o VGA, mantendo a transmiss\u00e3o simult\u00e2nea de \u00e1udio e v\u00eddeo. F\u00e1cil de usar, leve e [&hellip;]\" \/>\n<meta property=\"og:url\" content=\"https:\/\/eco-tech.inf.br\/index.php\/product\/cabo-conversor-hdmi-macho-para-vga-femea-pc-ps3-projetor-audio-24cm\/\" \/>\n<meta property=\"og:site_name\" content=\"Eco-Tech - Solu\u00e7\u00f5es em tecnologia\" \/>\n<meta property=\"article:publisher\" content=\"https:\/\/www.facebook.com\/EcoTech-Tecnologia-107960038523316\" \/>\n<meta property=\"article:modified_time\" content=\"2022-03-27T19:55:19+00:00\" \/>\n<meta property=\"og:image\" content=\"https:\/\/i0.wp.com\/eco-tech.inf.br\/wp-content\/uploads\/2022\/03\/cb0109b.png?fit=389%2C320&ssl=1\" \/>\n\t<meta property=\"og:image:width\" content=\"389\" \/>\n\t<meta property=\"og:image:height\" content=\"320\" \/>\n\t<meta property=\"og:image:type\" content=\"image\/png\" \/>\n<meta name=\"twitter:card\" content=\"summary_large_image\" \/>\n<meta name=\"twitter:label1\" content=\"Est. tempo de leitura\" \/>\n\t<meta name=\"twitter:data1\" content=\"1 minuto\" \/>\n<script type=\"application\/ld+json\" class=\"yoast-schema-graph\">{\"@context\":\"https:\/\/schema.org\",\"@graph\":[{\"@type\":\"WebPage\",\"@id\":\"https:\/\/eco-tech.inf.br\/index.php\/product\/cabo-conversor-hdmi-macho-para-vga-femea-pc-ps3-projetor-audio-24cm\/\",\"url\":\"https:\/\/eco-tech.inf.br\/index.php\/product\/cabo-conversor-hdmi-macho-para-vga-femea-pc-ps3-projetor-audio-24cm\/\",\"name\":\"Cabo Conversor HDMI macho para VGA f\u00eamea Pc Ps3 Projetor Audio 24Cm - Eco-Tech - Solu\u00e7\u00f5es em tecnologia\",\"isPartOf\":{\"@id\":\"https:\/\/eco-tech.inf.br\/#website\"},\"primaryImageOfPage\":{\"@id\":\"https:\/\/eco-tech.inf.br\/index.php\/product\/cabo-conversor-hdmi-macho-para-vga-femea-pc-ps3-projetor-audio-24cm\/#primaryimage\"},\"image\":{\"@id\":\"https:\/\/eco-tech.inf.br\/index.php\/product\/cabo-conversor-hdmi-macho-para-vga-femea-pc-ps3-projetor-audio-24cm\/#primaryimage\"},\"thumbnailUrl\":\"https:\/\/i0.wp.com\/eco-tech.inf.br\/wp-content\/uploads\/2022\/03\/cb0109b.png?fit=389%2C320&ssl=1\",\"datePublished\":\"2022-03-27T19:54:26+00:00\",\"dateModified\":\"2022-03-27T19:55:19+00:00\",\"breadcrumb\":{\"@id\":\"https:\/\/eco-tech.inf.br\/index.php\/product\/cabo-conversor-hdmi-macho-para-vga-femea-pc-ps3-projetor-audio-24cm\/#breadcrumb\"},\"inLanguage\":\"pt-BR\",\"potentialAction\":[{\"@type\":\"ReadAction\",\"target\":[\"https:\/\/eco-tech.inf.br\/index.php\/product\/cabo-conversor-hdmi-macho-para-vga-femea-pc-ps3-projetor-audio-24cm\/\"]}]},{\"@type\":\"ImageObject\",\"inLanguage\":\"pt-BR\",\"@id\":\"https:\/\/eco-tech.inf.br\/index.php\/product\/cabo-conversor-hdmi-macho-para-vga-femea-pc-ps3-projetor-audio-24cm\/#primaryimage\",\"url\":\"https:\/\/i0.wp.com\/eco-tech.inf.br\/wp-content\/uploads\/2022\/03\/cb0109b.png?fit=389%2C320&ssl=1\",\"contentUrl\":\"https:\/\/i0.wp.com\/eco-tech.inf.br\/wp-content\/uploads\/2022\/03\/cb0109b.png?fit=389%2C320&ssl=1\",\"width\":389,\"height\":320},{\"@type\":\"BreadcrumbList\",\"@id\":\"https:\/\/eco-tech.inf.br\/index.php\/product\/cabo-conversor-hdmi-macho-para-vga-femea-pc-ps3-projetor-audio-24cm\/#breadcrumb\",\"itemListElement\":[{\"@type\":\"ListItem\",\"position\":1,\"name\":\"In\u00edcio\",\"item\":\"https:\/\/eco-tech.inf.br\/\"},{\"@type\":\"ListItem\",\"position\":2,\"name\":\"Produtos\",\"item\":\"https:\/\/eco-tech.inf.br\/index.php\/shop\/\"},{\"@type\":\"ListItem\",\"position\":3,\"name\":\"Cabo Conversor HDMI macho para VGA f\u00eamea Pc Ps3 Projetor Audio 24Cm\"}]},{\"@type\":\"WebSite\",\"@id\":\"https:\/\/eco-tech.inf.br\/#website\",\"url\":\"https:\/\/eco-tech.inf.br\/\",\"name\":\"Eco-Tech - Solu\u00e7\u00f5es em tecnologia\",\"description\":\"Possu\u00edmos mais de 15 (anos) anos de experi\u00eancia levando para o norte do Brasil tecnologia de ponta trazida por grandes organiza\u00e7\u00f5es dos mais variados seguimentos.\",\"publisher\":{\"@id\":\"https:\/\/eco-tech.inf.br\/#organization\"},\"potentialAction\":[{\"@type\":\"SearchAction\",\"target\":{\"@type\":\"EntryPoint\",\"urlTemplate\":\"https:\/\/eco-tech.inf.br\/?s={search_term_string}\"},\"query-input\":{\"@type\":\"PropertyValueSpecification\",\"valueRequired\":true,\"valueName\":\"search_term_string\"}}],\"inLanguage\":\"pt-BR\"},{\"@type\":\"Organization\",\"@id\":\"https:\/\/eco-tech.inf.br\/#organization\",\"name\":\"ELO SOLU\u00c7\u00d5ES TECNOL\u00d3GICA LTDA\",\"url\":\"https:\/\/eco-tech.inf.br\/\",\"logo\":{\"@type\":\"ImageObject\",\"inLanguage\":\"pt-BR\",\"@id\":\"https:\/\/eco-tech.inf.br\/#\/schema\/logo\/image\/\",\"url\":\"https:\/\/i0.wp.com\/eco-tech.inf.br\/wp-content\/uploads\/2022\/03\/cropped-novologo-1.jpg?fit=512%2C512&ssl=1\",\"contentUrl\":\"https:\/\/i0.wp.com\/eco-tech.inf.br\/wp-content\/uploads\/2022\/03\/cropped-novologo-1.jpg?fit=512%2C512&ssl=1\",\"width\":512,\"height\":512,\"caption\":\"ELO SOLU\u00c7\u00d5ES TECNOL\u00d3GICA LTDA\"},\"image\":{\"@id\":\"https:\/\/eco-tech.inf.br\/#\/schema\/logo\/image\/\"},\"sameAs\":[\"https:\/\/www.facebook.com\/EcoTech-Tecnologia-107960038523316\",\"https:\/\/www.instagram.com\/p\/CbRSB23MmFd\/?utm_medium=copy_link\"]}]}<\/script>\n<!-- \/ Yoast SEO plugin. -->","yoast_head_json":{"title":"Cabo Conversor HDMI macho para VGA f\u00eamea Pc Ps3 Projetor Audio 24Cm - Eco-Tech - Solu\u00e7\u00f5es em tecnologia","robots":{"index":"index","follow":"follow","max-snippet":"max-snippet:-1","max-image-preview":"max-image-preview:large","max-video-preview":"max-video-preview:-1"},"canonical":"https:\/\/eco-tech.inf.br\/index.php\/product\/cabo-conversor-hdmi-macho-para-vga-femea-pc-ps3-projetor-audio-24cm\/","og_locale":"pt_BR","og_type":"article","og_title":"Cabo Conversor HDMI macho para VGA f\u00eamea Pc Ps3 Projetor Audio 24Cm - Eco-Tech - Solu\u00e7\u00f5es em tecnologia","og_description":"O Conversor HDMI para VGA + \u00e1udio para converte as conex\u00f5es sa\u00edda HDMI para sa\u00eddas anal\u00f3gicas de \u00e1udio e v\u00eddeo em uma com efici\u00eancia e qualidade. Transmite som e imagem de computadores para TVs, monitores, projetores, entre outros dispositivos com conex\u00e3o VGA, mantendo a transmiss\u00e3o simult\u00e2nea de \u00e1udio e v\u00eddeo. F\u00e1cil de usar, leve e [&hellip;]","og_url":"https:\/\/eco-tech.inf.br\/index.php\/product\/cabo-conversor-hdmi-macho-para-vga-femea-pc-ps3-projetor-audio-24cm\/","og_site_name":"Eco-Tech - Solu\u00e7\u00f5es em tecnologia","article_publisher":"https:\/\/www.facebook.com\/EcoTech-Tecnologia-107960038523316","article_modified_time":"2022-03-27T19:55:19+00:00","og_image":[{"width":389,"height":320,"url":"https:\/\/i0.wp.com\/eco-tech.inf.br\/wp-content\/uploads\/2022\/03\/cb0109b.png?fit=389%2C320&ssl=1","type":"image\/png"}],"twitter_card":"summary_large_image","twitter_misc":{"Est. tempo de leitura":"1 minuto"},"schema":{"@context":"https:\/\/schema.org","@graph":[{"@type":"WebPage","@id":"https:\/\/eco-tech.inf.br\/index.php\/product\/cabo-conversor-hdmi-macho-para-vga-femea-pc-ps3-projetor-audio-24cm\/","url":"https:\/\/eco-tech.inf.br\/index.php\/product\/cabo-conversor-hdmi-macho-para-vga-femea-pc-ps3-projetor-audio-24cm\/","name":"Cabo Conversor HDMI macho para VGA f\u00eamea Pc Ps3 Projetor Audio 24Cm - Eco-Tech - Solu\u00e7\u00f5es em tecnologia","isPartOf":{"@id":"https:\/\/eco-tech.inf.br\/#website"},"primaryImageOfPage":{"@id":"https:\/\/eco-tech.inf.br\/index.php\/product\/cabo-conversor-hdmi-macho-para-vga-femea-pc-ps3-projetor-audio-24cm\/#primaryimage"},"image":{"@id":"https:\/\/eco-tech.inf.br\/index.php\/product\/cabo-conversor-hdmi-macho-para-vga-femea-pc-ps3-projetor-audio-24cm\/#primaryimage"},"thumbnailUrl":"https:\/\/i0.wp.com\/eco-tech.inf.br\/wp-content\/uploads\/2022\/03\/cb0109b.png?fit=389%2C320&ssl=1","datePublished":"2022-03-27T19:54:26+00:00","dateModified":"2022-03-27T19:55:19+00:00","breadcrumb":{"@id":"https:\/\/eco-tech.inf.br\/index.php\/product\/cabo-conversor-hdmi-macho-para-vga-femea-pc-ps3-projetor-audio-24cm\/#breadcrumb"},"inLanguage":"pt-BR","potentialAction":[{"@type":"ReadAction","target":["https:\/\/eco-tech.inf.br\/index.php\/product\/cabo-conversor-hdmi-macho-para-vga-femea-pc-ps3-projetor-audio-24cm\/"]}]},{"@type":"ImageObject","inLanguage":"pt-BR","@id":"https:\/\/eco-tech.inf.br\/index.php\/product\/cabo-conversor-hdmi-macho-para-vga-femea-pc-ps3-projetor-audio-24cm\/#primaryimage","url":"https:\/\/i0.wp.com\/eco-tech.inf.br\/wp-content\/uploads\/2022\/03\/cb0109b.png?fit=389%2C320&ssl=1","contentUrl":"https:\/\/i0.wp.com\/eco-tech.inf.br\/wp-content\/uploads\/2022\/03\/cb0109b.png?fit=389%2C320&ssl=1","width":389,"height":320},{"@type":"BreadcrumbList","@id":"https:\/\/eco-tech.inf.br\/index.php\/product\/cabo-conversor-hdmi-macho-para-vga-femea-pc-ps3-projetor-audio-24cm\/#breadcrumb","itemListElement":[{"@type":"ListItem","position":1,"name":"In\u00edcio","item":"https:\/\/eco-tech.inf.br\/"},{"@type":"ListItem","position":2,"name":"Produtos","item":"https:\/\/eco-tech.inf.br\/index.php\/shop\/"},{"@type":"ListItem","position":3,"name":"Cabo Conversor HDMI macho para VGA f\u00eamea Pc Ps3 Projetor Audio 24Cm"}]},{"@type":"WebSite","@id":"https:\/\/eco-tech.inf.br\/#website","url":"https:\/\/eco-tech.inf.br\/","name":"Eco-Tech - Solu\u00e7\u00f5es em tecnologia","description":"Possu\u00edmos mais de 15 (anos) anos de experi\u00eancia levando para o norte do Brasil tecnologia de ponta trazida por grandes organiza\u00e7\u00f5es dos mais variados seguimentos.","publisher":{"@id":"https:\/\/eco-tech.inf.br\/#organization"},"potentialAction":[{"@type":"SearchAction","target":{"@type":"EntryPoint","urlTemplate":"https:\/\/eco-tech.inf.br\/?s={search_term_string}"},"query-input":{"@type":"PropertyValueSpecification","valueRequired":true,"valueName":"search_term_string"}}],"inLanguage":"pt-BR"},{"@type":"Organization","@id":"https:\/\/eco-tech.inf.br\/#organization","name":"ELO SOLU\u00c7\u00d5ES TECNOL\u00d3GICA LTDA","url":"https:\/\/eco-tech.inf.br\/","logo":{"@type":"ImageObject","inLanguage":"pt-BR","@id":"https:\/\/eco-tech.inf.br\/#\/schema\/logo\/image\/","url":"https:\/\/i0.wp.com\/eco-tech.inf.br\/wp-content\/uploads\/2022\/03\/cropped-novologo-1.jpg?fit=512%2C512&ssl=1","contentUrl":"https:\/\/i0.wp.com\/eco-tech.inf.br\/wp-content\/uploads\/2022\/03\/cropped-novologo-1.jpg?fit=512%2C512&ssl=1","width":512,"height":512,"caption":"ELO SOLU\u00c7\u00d5ES TECNOL\u00d3GICA LTDA"},"image":{"@id":"https:\/\/eco-tech.inf.br\/#\/schema\/logo\/image\/"},"sameAs":["https:\/\/www.facebook.com\/EcoTech-Tecnologia-107960038523316","https:\/\/www.instagram.com\/p\/CbRSB23MmFd\/?utm_medium=copy_link"]}]}},"jetpack_sharing_enabled":true,"_links":{"self":[{"href":"https:\/\/eco-tech.inf.br\/index.php\/wp-json\/wp\/v2\/product\/198"}],"collection":[{"href":"https:\/\/eco-tech.inf.br\/index.php\/wp-json\/wp\/v2\/product"}],"about":[{"href":"https:\/\/eco-tech.inf.br\/index.php\/wp-json\/wp\/v2\/types\/product"}],"replies":[{"embeddable":true,"href":"https:\/\/eco-tech.inf.br\/index.php\/wp-json\/wp\/v2\/comments?post=198"}],"wp:featuredmedia":[{"embeddable":true,"href":"https:\/\/eco-tech.inf.br\/index.php\/wp-json\/wp\/v2\/media\/199"}],"wp:attachment":[{"href":"https:\/\/eco-tech.inf.br\/index.php\/wp-json\/wp\/v2\/media?parent=198"}],"wp:term":[{"taxonomy":"product_cat","embeddable":true,"href":"https:\/\/eco-tech.inf.br\/index.php\/wp-json\/wp\/v2\/product_cat?post=198"},{"taxonomy":"product_tag","embeddable":true,"href":"https:\/\/eco-tech.inf.br\/index.php\/wp-json\/wp\/v2\/product_tag?post=198"}],"curies":[{"name":"wp","href":"https:\/\/api.w.org\/{rel}","templated":true}]}}