{"id":194,"date":"2022-03-27T15:40:38","date_gmt":"2022-03-27T19:40:38","guid":{"rendered":"https:\/\/eco-tech.inf.br\/?post_type=product&#038;p=194"},"modified":"2022-03-27T15:40:38","modified_gmt":"2022-03-27T19:40:38","slug":"cabo-vga-com-filtro-10m-x-cell","status":"publish","type":"product","link":"https:\/\/eco-tech.inf.br\/index.php\/product\/cabo-vga-com-filtro-10m-x-cell\/","title":{"rendered":"Cabo Vga com Filtro 10m X-CELL"},"content":{"rendered":"<p>DESCRI\u00c7\u00c3O:<\/p>\n<p>MARCA: X-Cell | MODELO: XC-VGA-5 | COR: Preto e Azul<\/p>\n<p>O cabo VGA \u00e9 utilizado para transmitir imagens de equipamentos com sa\u00edda 15 pinos (HDB15 ou VGA) para monitores ou televisores com entrada de 15 pinos (HDB15 ou VGA)<br \/>\nCabos com esta conex\u00e3o s\u00e3o utilizados para transfer\u00eancia de imagem de um equipamento para um monitor em sinal anal\u00f3gico. O filtro tab\u00e9m conhecido como blindado ou ferrite \u00e9 a melhor solu\u00e7\u00e3o para transmiss\u00e3o de sinal anal\u00f3gico. Este cabo \u00e9 utulizado apenas para transmiss\u00e3o de imagem.<br \/>\nCabo projetado com filtro de ferrite nas extremidades para filtrar interfer\u00eancias de RF otimizando o desempenho do sinal. Possui malha met\u00e1lica interna para prote\u00e7\u00e3o contra perda de sinal.<br \/>\nIndicado para conectar computadores, monitores RGB e outros aparelhos com entrada VGA. Revestimento emborrachado de alta qualidade, conector de metal inoxid\u00e1vel.<\/p>\n<p>ESPECIFICA\u00c7\u00d5ES:<\/p>\n<p>Comprimento: 10 Metros<\/p>\n<p>Tipo de Conex\u00e3o: VGA Macho (D-Sub 15 Pinos) nas duas pontas<\/p>\n<p>Com Filtro<\/p>\n","protected":false},"excerpt":{"rendered":"<p>DESCRI\u00c7\u00c3O: MARCA: X-Cell | MODELO: XC-VGA-5 | COR: Preto e Azul O cabo VGA \u00e9 utilizado para transmitir imagens de equipamentos com sa\u00edda 15 pinos (HDB15 ou VGA) para monitores ou televisores com entrada de 15 pinos (HDB15 ou VGA) Cabos com esta conex\u00e3o s\u00e3o utilizados para transfer\u00eancia de imagem de um equipamento para um [&hellip;]<\/p>\n","protected":false},"featured_media":195,"comment_status":"closed","ping_status":"closed","template":"","meta":[],"product_cat":[21,35],"product_tag":[36,37],"yoast_head":"<!-- This site is optimized with the Yoast SEO plugin v23.5 - https:\/\/yoast.com\/wordpress\/plugins\/seo\/ -->\n<title>Cabo Vga com Filtro 10m X-CELL - Eco-Tech - Solu\u00e7\u00f5es em tecnologia<\/title>\n<meta name=\"robots\" content=\"index, follow, max-snippet:-1, max-image-preview:large, max-video-preview:-1\" \/>\n<link rel=\"canonical\" href=\"https:\/\/eco-tech.inf.br\/index.php\/product\/cabo-vga-com-filtro-10m-x-cell\/\" \/>\n<meta property=\"og:locale\" content=\"pt_BR\" \/>\n<meta property=\"og:type\" content=\"article\" \/>\n<meta property=\"og:title\" content=\"Cabo Vga com Filtro 10m X-CELL - Eco-Tech - Solu\u00e7\u00f5es em tecnologia\" \/>\n<meta property=\"og:description\" content=\"DESCRI\u00c7\u00c3O: MARCA: X-Cell | MODELO: XC-VGA-5 | COR: Preto e Azul O cabo VGA \u00e9 utilizado para transmitir imagens de equipamentos com sa\u00edda 15 pinos (HDB15 ou VGA) para monitores ou televisores com entrada de 15 pinos (HDB15 ou VGA) Cabos com esta conex\u00e3o s\u00e3o utilizados para transfer\u00eancia de imagem de um equipamento para um [&hellip;]\" \/>\n<meta property=\"og:url\" content=\"https:\/\/eco-tech.inf.br\/index.php\/product\/cabo-vga-com-filtro-10m-x-cell\/\" \/>\n<meta property=\"og:site_name\" content=\"Eco-Tech - Solu\u00e7\u00f5es em tecnologia\" \/>\n<meta property=\"article:publisher\" content=\"https:\/\/www.facebook.com\/EcoTech-Tecnologia-107960038523316\" \/>\n<meta property=\"og:image\" content=\"https:\/\/i0.wp.com\/eco-tech.inf.br\/wp-content\/uploads\/2022\/03\/cb0034cx-1.png?fit=389%2C383&ssl=1\" \/>\n\t<meta property=\"og:image:width\" content=\"389\" \/>\n\t<meta property=\"og:image:height\" content=\"383\" \/>\n\t<meta property=\"og:image:type\" content=\"image\/png\" \/>\n<meta name=\"twitter:card\" content=\"summary_large_image\" \/>\n<meta name=\"twitter:label1\" content=\"Est. tempo de leitura\" \/>\n\t<meta name=\"twitter:data1\" content=\"1 minuto\" \/>\n<script type=\"application\/ld+json\" class=\"yoast-schema-graph\">{\"@context\":\"https:\/\/schema.org\",\"@graph\":[{\"@type\":\"WebPage\",\"@id\":\"https:\/\/eco-tech.inf.br\/index.php\/product\/cabo-vga-com-filtro-10m-x-cell\/\",\"url\":\"https:\/\/eco-tech.inf.br\/index.php\/product\/cabo-vga-com-filtro-10m-x-cell\/\",\"name\":\"Cabo Vga com Filtro 10m X-CELL - Eco-Tech - Solu\u00e7\u00f5es em tecnologia\",\"isPartOf\":{\"@id\":\"https:\/\/eco-tech.inf.br\/#website\"},\"primaryImageOfPage\":{\"@id\":\"https:\/\/eco-tech.inf.br\/index.php\/product\/cabo-vga-com-filtro-10m-x-cell\/#primaryimage\"},\"image\":{\"@id\":\"https:\/\/eco-tech.inf.br\/index.php\/product\/cabo-vga-com-filtro-10m-x-cell\/#primaryimage\"},\"thumbnailUrl\":\"https:\/\/i0.wp.com\/eco-tech.inf.br\/wp-content\/uploads\/2022\/03\/cb0034cx-1.png?fit=389%2C383&ssl=1\",\"datePublished\":\"2022-03-27T19:40:38+00:00\",\"dateModified\":\"2022-03-27T19:40:38+00:00\",\"breadcrumb\":{\"@id\":\"https:\/\/eco-tech.inf.br\/index.php\/product\/cabo-vga-com-filtro-10m-x-cell\/#breadcrumb\"},\"inLanguage\":\"pt-BR\",\"potentialAction\":[{\"@type\":\"ReadAction\",\"target\":[\"https:\/\/eco-tech.inf.br\/index.php\/product\/cabo-vga-com-filtro-10m-x-cell\/\"]}]},{\"@type\":\"ImageObject\",\"inLanguage\":\"pt-BR\",\"@id\":\"https:\/\/eco-tech.inf.br\/index.php\/product\/cabo-vga-com-filtro-10m-x-cell\/#primaryimage\",\"url\":\"https:\/\/i0.wp.com\/eco-tech.inf.br\/wp-content\/uploads\/2022\/03\/cb0034cx-1.png?fit=389%2C383&ssl=1\",\"contentUrl\":\"https:\/\/i0.wp.com\/eco-tech.inf.br\/wp-content\/uploads\/2022\/03\/cb0034cx-1.png?fit=389%2C383&ssl=1\",\"width\":389,\"height\":383},{\"@type\":\"BreadcrumbList\",\"@id\":\"https:\/\/eco-tech.inf.br\/index.php\/product\/cabo-vga-com-filtro-10m-x-cell\/#breadcrumb\",\"itemListElement\":[{\"@type\":\"ListItem\",\"position\":1,\"name\":\"In\u00edcio\",\"item\":\"https:\/\/eco-tech.inf.br\/\"},{\"@type\":\"ListItem\",\"position\":2,\"name\":\"Produtos\",\"item\":\"https:\/\/eco-tech.inf.br\/index.php\/shop\/\"},{\"@type\":\"ListItem\",\"position\":3,\"name\":\"Cabo Vga com Filtro 10m X-CELL\"}]},{\"@type\":\"WebSite\",\"@id\":\"https:\/\/eco-tech.inf.br\/#website\",\"url\":\"https:\/\/eco-tech.inf.br\/\",\"name\":\"Eco-Tech - Solu\u00e7\u00f5es em tecnologia\",\"description\":\"Possu\u00edmos mais de 15 (anos) anos de experi\u00eancia levando para o norte do Brasil tecnologia de ponta trazida por grandes organiza\u00e7\u00f5es dos mais variados seguimentos.\",\"publisher\":{\"@id\":\"https:\/\/eco-tech.inf.br\/#organization\"},\"potentialAction\":[{\"@type\":\"SearchAction\",\"target\":{\"@type\":\"EntryPoint\",\"urlTemplate\":\"https:\/\/eco-tech.inf.br\/?s={search_term_string}\"},\"query-input\":{\"@type\":\"PropertyValueSpecification\",\"valueRequired\":true,\"valueName\":\"search_term_string\"}}],\"inLanguage\":\"pt-BR\"},{\"@type\":\"Organization\",\"@id\":\"https:\/\/eco-tech.inf.br\/#organization\",\"name\":\"ELO SOLU\u00c7\u00d5ES TECNOL\u00d3GICA LTDA\",\"url\":\"https:\/\/eco-tech.inf.br\/\",\"logo\":{\"@type\":\"ImageObject\",\"inLanguage\":\"pt-BR\",\"@id\":\"https:\/\/eco-tech.inf.br\/#\/schema\/logo\/image\/\",\"url\":\"https:\/\/i0.wp.com\/eco-tech.inf.br\/wp-content\/uploads\/2022\/03\/cropped-novologo-1.jpg?fit=512%2C512&ssl=1\",\"contentUrl\":\"https:\/\/i0.wp.com\/eco-tech.inf.br\/wp-content\/uploads\/2022\/03\/cropped-novologo-1.jpg?fit=512%2C512&ssl=1\",\"width\":512,\"height\":512,\"caption\":\"ELO SOLU\u00c7\u00d5ES TECNOL\u00d3GICA LTDA\"},\"image\":{\"@id\":\"https:\/\/eco-tech.inf.br\/#\/schema\/logo\/image\/\"},\"sameAs\":[\"https:\/\/www.facebook.com\/EcoTech-Tecnologia-107960038523316\",\"https:\/\/www.instagram.com\/p\/CbRSB23MmFd\/?utm_medium=copy_link\"]}]}<\/script>\n<!-- \/ Yoast SEO plugin. -->","yoast_head_json":{"title":"Cabo Vga com Filtro 10m X-CELL - Eco-Tech - Solu\u00e7\u00f5es em tecnologia","robots":{"index":"index","follow":"follow","max-snippet":"max-snippet:-1","max-image-preview":"max-image-preview:large","max-video-preview":"max-video-preview:-1"},"canonical":"https:\/\/eco-tech.inf.br\/index.php\/product\/cabo-vga-com-filtro-10m-x-cell\/","og_locale":"pt_BR","og_type":"article","og_title":"Cabo Vga com Filtro 10m X-CELL - Eco-Tech - Solu\u00e7\u00f5es em tecnologia","og_description":"DESCRI\u00c7\u00c3O: MARCA: X-Cell | MODELO: XC-VGA-5 | COR: Preto e Azul O cabo VGA \u00e9 utilizado para transmitir imagens de equipamentos com sa\u00edda 15 pinos (HDB15 ou VGA) para monitores ou televisores com entrada de 15 pinos (HDB15 ou VGA) Cabos com esta conex\u00e3o s\u00e3o utilizados para transfer\u00eancia de imagem de um equipamento para um [&hellip;]","og_url":"https:\/\/eco-tech.inf.br\/index.php\/product\/cabo-vga-com-filtro-10m-x-cell\/","og_site_name":"Eco-Tech - Solu\u00e7\u00f5es em tecnologia","article_publisher":"https:\/\/www.facebook.com\/EcoTech-Tecnologia-107960038523316","og_image":[{"width":389,"height":383,"url":"https:\/\/i0.wp.com\/eco-tech.inf.br\/wp-content\/uploads\/2022\/03\/cb0034cx-1.png?fit=389%2C383&ssl=1","type":"image\/png"}],"twitter_card":"summary_large_image","twitter_misc":{"Est. tempo de leitura":"1 minuto"},"schema":{"@context":"https:\/\/schema.org","@graph":[{"@type":"WebPage","@id":"https:\/\/eco-tech.inf.br\/index.php\/product\/cabo-vga-com-filtro-10m-x-cell\/","url":"https:\/\/eco-tech.inf.br\/index.php\/product\/cabo-vga-com-filtro-10m-x-cell\/","name":"Cabo Vga com Filtro 10m X-CELL - Eco-Tech - Solu\u00e7\u00f5es em tecnologia","isPartOf":{"@id":"https:\/\/eco-tech.inf.br\/#website"},"primaryImageOfPage":{"@id":"https:\/\/eco-tech.inf.br\/index.php\/product\/cabo-vga-com-filtro-10m-x-cell\/#primaryimage"},"image":{"@id":"https:\/\/eco-tech.inf.br\/index.php\/product\/cabo-vga-com-filtro-10m-x-cell\/#primaryimage"},"thumbnailUrl":"https:\/\/i0.wp.com\/eco-tech.inf.br\/wp-content\/uploads\/2022\/03\/cb0034cx-1.png?fit=389%2C383&ssl=1","datePublished":"2022-03-27T19:40:38+00:00","dateModified":"2022-03-27T19:40:38+00:00","breadcrumb":{"@id":"https:\/\/eco-tech.inf.br\/index.php\/product\/cabo-vga-com-filtro-10m-x-cell\/#breadcrumb"},"inLanguage":"pt-BR","potentialAction":[{"@type":"ReadAction","target":["https:\/\/eco-tech.inf.br\/index.php\/product\/cabo-vga-com-filtro-10m-x-cell\/"]}]},{"@type":"ImageObject","inLanguage":"pt-BR","@id":"https:\/\/eco-tech.inf.br\/index.php\/product\/cabo-vga-com-filtro-10m-x-cell\/#primaryimage","url":"https:\/\/i0.wp.com\/eco-tech.inf.br\/wp-content\/uploads\/2022\/03\/cb0034cx-1.png?fit=389%2C383&ssl=1","contentUrl":"https:\/\/i0.wp.com\/eco-tech.inf.br\/wp-content\/uploads\/2022\/03\/cb0034cx-1.png?fit=389%2C383&ssl=1","width":389,"height":383},{"@type":"BreadcrumbList","@id":"https:\/\/eco-tech.inf.br\/index.php\/product\/cabo-vga-com-filtro-10m-x-cell\/#breadcrumb","itemListElement":[{"@type":"ListItem","position":1,"name":"In\u00edcio","item":"https:\/\/eco-tech.inf.br\/"},{"@type":"ListItem","position":2,"name":"Produtos","item":"https:\/\/eco-tech.inf.br\/index.php\/shop\/"},{"@type":"ListItem","position":3,"name":"Cabo Vga com Filtro 10m X-CELL"}]},{"@type":"WebSite","@id":"https:\/\/eco-tech.inf.br\/#website","url":"https:\/\/eco-tech.inf.br\/","name":"Eco-Tech - Solu\u00e7\u00f5es em tecnologia","description":"Possu\u00edmos mais de 15 (anos) anos de experi\u00eancia levando para o norte do Brasil tecnologia de ponta trazida por grandes organiza\u00e7\u00f5es dos mais variados seguimentos.","publisher":{"@id":"https:\/\/eco-tech.inf.br\/#organization"},"potentialAction":[{"@type":"SearchAction","target":{"@type":"EntryPoint","urlTemplate":"https:\/\/eco-tech.inf.br\/?s={search_term_string}"},"query-input":{"@type":"PropertyValueSpecification","valueRequired":true,"valueName":"search_term_string"}}],"inLanguage":"pt-BR"},{"@type":"Organization","@id":"https:\/\/eco-tech.inf.br\/#organization","name":"ELO SOLU\u00c7\u00d5ES TECNOL\u00d3GICA LTDA","url":"https:\/\/eco-tech.inf.br\/","logo":{"@type":"ImageObject","inLanguage":"pt-BR","@id":"https:\/\/eco-tech.inf.br\/#\/schema\/logo\/image\/","url":"https:\/\/i0.wp.com\/eco-tech.inf.br\/wp-content\/uploads\/2022\/03\/cropped-novologo-1.jpg?fit=512%2C512&ssl=1","contentUrl":"https:\/\/i0.wp.com\/eco-tech.inf.br\/wp-content\/uploads\/2022\/03\/cropped-novologo-1.jpg?fit=512%2C512&ssl=1","width":512,"height":512,"caption":"ELO SOLU\u00c7\u00d5ES TECNOL\u00d3GICA LTDA"},"image":{"@id":"https:\/\/eco-tech.inf.br\/#\/schema\/logo\/image\/"},"sameAs":["https:\/\/www.facebook.com\/EcoTech-Tecnologia-107960038523316","https:\/\/www.instagram.com\/p\/CbRSB23MmFd\/?utm_medium=copy_link"]}]}},"jetpack_sharing_enabled":true,"_links":{"self":[{"href":"https:\/\/eco-tech.inf.br\/index.php\/wp-json\/wp\/v2\/product\/194"}],"collection":[{"href":"https:\/\/eco-tech.inf.br\/index.php\/wp-json\/wp\/v2\/product"}],"about":[{"href":"https:\/\/eco-tech.inf.br\/index.php\/wp-json\/wp\/v2\/types\/product"}],"replies":[{"embeddable":true,"href":"https:\/\/eco-tech.inf.br\/index.php\/wp-json\/wp\/v2\/comments?post=194"}],"wp:featuredmedia":[{"embeddable":true,"href":"https:\/\/eco-tech.inf.br\/index.php\/wp-json\/wp\/v2\/media\/195"}],"wp:attachment":[{"href":"https:\/\/eco-tech.inf.br\/index.php\/wp-json\/wp\/v2\/media?parent=194"}],"wp:term":[{"taxonomy":"product_cat","embeddable":true,"href":"https:\/\/eco-tech.inf.br\/index.php\/wp-json\/wp\/v2\/product_cat?post=194"},{"taxonomy":"product_tag","embeddable":true,"href":"https:\/\/eco-tech.inf.br\/index.php\/wp-json\/wp\/v2\/product_tag?post=194"}],"curies":[{"name":"wp","href":"https:\/\/api.w.org\/{rel}","templated":true}]}}