{"id":186,"date":"2022-03-27T15:15:59","date_gmt":"2022-03-27T19:15:59","guid":{"rendered":"https:\/\/eco-tech.inf.br\/?post_type=product&#038;p=186"},"modified":"2022-05-25T15:14:47","modified_gmt":"2022-05-25T19:14:47","slug":"adaptador-wireless-150-mbps-anatel-com-antena-usb-2-0-knup","status":"publish","type":"product","link":"https:\/\/eco-tech.inf.br\/index.php\/product\/adaptador-wireless-150-mbps-anatel-com-antena-usb-2-0-knup\/","title":{"rendered":"Adaptador wireless 150 Mbps ANATEL com Antena USB 2.0 KNUP"},"content":{"rendered":"<p>o Melhor adaptador USB WiFi com antena do Mercado, \u00f3timo alcance, \u00f3timo sinal. Perfeito para se<br \/>\nconectar a internet em casa, no escrit\u00f3rio ou na escola. Velocidade 150Mbps compat\u00edvel com ieee<br \/>\n802.11 b\/g\/n.<\/p>\n<p>especifica\u00e7\u00f5es:<br \/>\n&#8211; Wireless Sem Fio: ieee 802.11 b\/g\/n;<br \/>\n&#8211; Host Interface: High Speed USB 2.0 \/ 1.1 interface;<br \/>\n&#8211; Frequ\u00eancia\/Banda: 2.4Ghz ism (Industrial Scientific Medical) Band;<br \/>\n&#8211; Chipset: realtek 8188;<br \/>\n&#8211; Canal de R\u00e1dio: 1 14 Canais (Sele\u00e7\u00e3o de Dom\u00ednio Universal);<br \/>\n&#8211; Cobertura de Gama: At\u00e9 3x mais longe do alcance 802.11g;<\/p>\n","protected":false},"excerpt":{"rendered":"<p>o Melhor adaptador USB WiFi com antena do Mercado, \u00f3timo alcance, \u00f3timo sinal. Perfeito para se conectar a internet em casa, no escrit\u00f3rio ou na escola. Velocidade 150Mbps compat\u00edvel com ieee 802.11 b\/g\/n. especifica\u00e7\u00f5es: &#8211; Wireless Sem Fio: ieee 802.11 b\/g\/n; &#8211; Host Interface: High Speed USB 2.0 \/ 1.1 interface; &#8211; Frequ\u00eancia\/Banda: 2.4Ghz ism [&hellip;]<\/p>\n","protected":false},"featured_media":604,"comment_status":"closed","ping_status":"closed","template":"","meta":[],"product_cat":[21,30],"product_tag":[34,39],"yoast_head":"<!-- This site is optimized with the Yoast SEO plugin v23.5 - https:\/\/yoast.com\/wordpress\/plugins\/seo\/ -->\n<title>Adaptador wireless 150 Mbps ANATEL com Antena USB 2.0 KNUP - Eco-Tech - Solu\u00e7\u00f5es em tecnologia<\/title>\n<meta name=\"robots\" content=\"index, follow, max-snippet:-1, max-image-preview:large, max-video-preview:-1\" \/>\n<link rel=\"canonical\" href=\"https:\/\/eco-tech.inf.br\/index.php\/product\/adaptador-wireless-150-mbps-anatel-com-antena-usb-2-0-knup\/\" \/>\n<meta property=\"og:locale\" content=\"pt_BR\" \/>\n<meta property=\"og:type\" content=\"article\" \/>\n<meta property=\"og:title\" content=\"Adaptador wireless 150 Mbps ANATEL com Antena USB 2.0 KNUP - Eco-Tech - Solu\u00e7\u00f5es em tecnologia\" \/>\n<meta property=\"og:description\" content=\"o Melhor adaptador USB WiFi com antena do Mercado, \u00f3timo alcance, \u00f3timo sinal. Perfeito para se conectar a internet em casa, no escrit\u00f3rio ou na escola. Velocidade 150Mbps compat\u00edvel com ieee 802.11 b\/g\/n. especifica\u00e7\u00f5es: &#8211; Wireless Sem Fio: ieee 802.11 b\/g\/n; &#8211; Host Interface: High Speed USB 2.0 \/ 1.1 interface; &#8211; Frequ\u00eancia\/Banda: 2.4Ghz ism [&hellip;]\" \/>\n<meta property=\"og:url\" content=\"https:\/\/eco-tech.inf.br\/index.php\/product\/adaptador-wireless-150-mbps-anatel-com-antena-usb-2-0-knup\/\" \/>\n<meta property=\"og:site_name\" content=\"Eco-Tech - Solu\u00e7\u00f5es em tecnologia\" \/>\n<meta property=\"article:publisher\" content=\"https:\/\/www.facebook.com\/EcoTech-Tecnologia-107960038523316\" \/>\n<meta property=\"article:modified_time\" content=\"2022-05-25T19:14:47+00:00\" \/>\n<meta property=\"og:image\" content=\"https:\/\/i0.wp.com\/eco-tech.inf.br\/wp-content\/uploads\/2022\/03\/1-1.png?fit=600%2C600&ssl=1\" \/>\n\t<meta property=\"og:image:width\" content=\"600\" \/>\n\t<meta property=\"og:image:height\" content=\"600\" \/>\n\t<meta property=\"og:image:type\" content=\"image\/png\" \/>\n<meta name=\"twitter:card\" content=\"summary_large_image\" \/>\n<meta name=\"twitter:label1\" content=\"Est. tempo de leitura\" \/>\n\t<meta name=\"twitter:data1\" content=\"1 minuto\" \/>\n<script type=\"application\/ld+json\" class=\"yoast-schema-graph\">{\"@context\":\"https:\/\/schema.org\",\"@graph\":[{\"@type\":\"WebPage\",\"@id\":\"https:\/\/eco-tech.inf.br\/index.php\/product\/adaptador-wireless-150-mbps-anatel-com-antena-usb-2-0-knup\/\",\"url\":\"https:\/\/eco-tech.inf.br\/index.php\/product\/adaptador-wireless-150-mbps-anatel-com-antena-usb-2-0-knup\/\",\"name\":\"Adaptador wireless 150 Mbps ANATEL com Antena USB 2.0 KNUP - Eco-Tech - Solu\u00e7\u00f5es em tecnologia\",\"isPartOf\":{\"@id\":\"https:\/\/eco-tech.inf.br\/#website\"},\"primaryImageOfPage\":{\"@id\":\"https:\/\/eco-tech.inf.br\/index.php\/product\/adaptador-wireless-150-mbps-anatel-com-antena-usb-2-0-knup\/#primaryimage\"},\"image\":{\"@id\":\"https:\/\/eco-tech.inf.br\/index.php\/product\/adaptador-wireless-150-mbps-anatel-com-antena-usb-2-0-knup\/#primaryimage\"},\"thumbnailUrl\":\"https:\/\/i0.wp.com\/eco-tech.inf.br\/wp-content\/uploads\/2022\/03\/1-1.png?fit=600%2C600&ssl=1\",\"datePublished\":\"2022-03-27T19:15:59+00:00\",\"dateModified\":\"2022-05-25T19:14:47+00:00\",\"breadcrumb\":{\"@id\":\"https:\/\/eco-tech.inf.br\/index.php\/product\/adaptador-wireless-150-mbps-anatel-com-antena-usb-2-0-knup\/#breadcrumb\"},\"inLanguage\":\"pt-BR\",\"potentialAction\":[{\"@type\":\"ReadAction\",\"target\":[\"https:\/\/eco-tech.inf.br\/index.php\/product\/adaptador-wireless-150-mbps-anatel-com-antena-usb-2-0-knup\/\"]}]},{\"@type\":\"ImageObject\",\"inLanguage\":\"pt-BR\",\"@id\":\"https:\/\/eco-tech.inf.br\/index.php\/product\/adaptador-wireless-150-mbps-anatel-com-antena-usb-2-0-knup\/#primaryimage\",\"url\":\"https:\/\/i0.wp.com\/eco-tech.inf.br\/wp-content\/uploads\/2022\/03\/1-1.png?fit=600%2C600&ssl=1\",\"contentUrl\":\"https:\/\/i0.wp.com\/eco-tech.inf.br\/wp-content\/uploads\/2022\/03\/1-1.png?fit=600%2C600&ssl=1\",\"width\":600,\"height\":600},{\"@type\":\"BreadcrumbList\",\"@id\":\"https:\/\/eco-tech.inf.br\/index.php\/product\/adaptador-wireless-150-mbps-anatel-com-antena-usb-2-0-knup\/#breadcrumb\",\"itemListElement\":[{\"@type\":\"ListItem\",\"position\":1,\"name\":\"In\u00edcio\",\"item\":\"https:\/\/eco-tech.inf.br\/\"},{\"@type\":\"ListItem\",\"position\":2,\"name\":\"Produtos\",\"item\":\"https:\/\/eco-tech.inf.br\/index.php\/shop\/\"},{\"@type\":\"ListItem\",\"position\":3,\"name\":\"Adaptador wireless 150 Mbps ANATEL com Antena USB 2.0 KNUP\"}]},{\"@type\":\"WebSite\",\"@id\":\"https:\/\/eco-tech.inf.br\/#website\",\"url\":\"https:\/\/eco-tech.inf.br\/\",\"name\":\"Eco-Tech - Solu\u00e7\u00f5es em tecnologia\",\"description\":\"Possu\u00edmos mais de 15 (anos) anos de experi\u00eancia levando para o norte do Brasil tecnologia de ponta trazida por grandes organiza\u00e7\u00f5es dos mais variados seguimentos.\",\"publisher\":{\"@id\":\"https:\/\/eco-tech.inf.br\/#organization\"},\"potentialAction\":[{\"@type\":\"SearchAction\",\"target\":{\"@type\":\"EntryPoint\",\"urlTemplate\":\"https:\/\/eco-tech.inf.br\/?s={search_term_string}\"},\"query-input\":{\"@type\":\"PropertyValueSpecification\",\"valueRequired\":true,\"valueName\":\"search_term_string\"}}],\"inLanguage\":\"pt-BR\"},{\"@type\":\"Organization\",\"@id\":\"https:\/\/eco-tech.inf.br\/#organization\",\"name\":\"ELO SOLU\u00c7\u00d5ES TECNOL\u00d3GICA LTDA\",\"url\":\"https:\/\/eco-tech.inf.br\/\",\"logo\":{\"@type\":\"ImageObject\",\"inLanguage\":\"pt-BR\",\"@id\":\"https:\/\/eco-tech.inf.br\/#\/schema\/logo\/image\/\",\"url\":\"https:\/\/i0.wp.com\/eco-tech.inf.br\/wp-content\/uploads\/2022\/03\/cropped-novologo-1.jpg?fit=512%2C512&ssl=1\",\"contentUrl\":\"https:\/\/i0.wp.com\/eco-tech.inf.br\/wp-content\/uploads\/2022\/03\/cropped-novologo-1.jpg?fit=512%2C512&ssl=1\",\"width\":512,\"height\":512,\"caption\":\"ELO SOLU\u00c7\u00d5ES TECNOL\u00d3GICA LTDA\"},\"image\":{\"@id\":\"https:\/\/eco-tech.inf.br\/#\/schema\/logo\/image\/\"},\"sameAs\":[\"https:\/\/www.facebook.com\/EcoTech-Tecnologia-107960038523316\",\"https:\/\/www.instagram.com\/p\/CbRSB23MmFd\/?utm_medium=copy_link\"]}]}<\/script>\n<!-- \/ Yoast SEO plugin. -->","yoast_head_json":{"title":"Adaptador wireless 150 Mbps ANATEL com Antena USB 2.0 KNUP - Eco-Tech - Solu\u00e7\u00f5es em tecnologia","robots":{"index":"index","follow":"follow","max-snippet":"max-snippet:-1","max-image-preview":"max-image-preview:large","max-video-preview":"max-video-preview:-1"},"canonical":"https:\/\/eco-tech.inf.br\/index.php\/product\/adaptador-wireless-150-mbps-anatel-com-antena-usb-2-0-knup\/","og_locale":"pt_BR","og_type":"article","og_title":"Adaptador wireless 150 Mbps ANATEL com Antena USB 2.0 KNUP - Eco-Tech - Solu\u00e7\u00f5es em tecnologia","og_description":"o Melhor adaptador USB WiFi com antena do Mercado, \u00f3timo alcance, \u00f3timo sinal. Perfeito para se conectar a internet em casa, no escrit\u00f3rio ou na escola. Velocidade 150Mbps compat\u00edvel com ieee 802.11 b\/g\/n. especifica\u00e7\u00f5es: &#8211; Wireless Sem Fio: ieee 802.11 b\/g\/n; &#8211; Host Interface: High Speed USB 2.0 \/ 1.1 interface; &#8211; Frequ\u00eancia\/Banda: 2.4Ghz ism [&hellip;]","og_url":"https:\/\/eco-tech.inf.br\/index.php\/product\/adaptador-wireless-150-mbps-anatel-com-antena-usb-2-0-knup\/","og_site_name":"Eco-Tech - Solu\u00e7\u00f5es em tecnologia","article_publisher":"https:\/\/www.facebook.com\/EcoTech-Tecnologia-107960038523316","article_modified_time":"2022-05-25T19:14:47+00:00","og_image":[{"width":600,"height":600,"url":"https:\/\/i0.wp.com\/eco-tech.inf.br\/wp-content\/uploads\/2022\/03\/1-1.png?fit=600%2C600&ssl=1","type":"image\/png"}],"twitter_card":"summary_large_image","twitter_misc":{"Est. tempo de leitura":"1 minuto"},"schema":{"@context":"https:\/\/schema.org","@graph":[{"@type":"WebPage","@id":"https:\/\/eco-tech.inf.br\/index.php\/product\/adaptador-wireless-150-mbps-anatel-com-antena-usb-2-0-knup\/","url":"https:\/\/eco-tech.inf.br\/index.php\/product\/adaptador-wireless-150-mbps-anatel-com-antena-usb-2-0-knup\/","name":"Adaptador wireless 150 Mbps ANATEL com Antena USB 2.0 KNUP - Eco-Tech - Solu\u00e7\u00f5es em tecnologia","isPartOf":{"@id":"https:\/\/eco-tech.inf.br\/#website"},"primaryImageOfPage":{"@id":"https:\/\/eco-tech.inf.br\/index.php\/product\/adaptador-wireless-150-mbps-anatel-com-antena-usb-2-0-knup\/#primaryimage"},"image":{"@id":"https:\/\/eco-tech.inf.br\/index.php\/product\/adaptador-wireless-150-mbps-anatel-com-antena-usb-2-0-knup\/#primaryimage"},"thumbnailUrl":"https:\/\/i0.wp.com\/eco-tech.inf.br\/wp-content\/uploads\/2022\/03\/1-1.png?fit=600%2C600&ssl=1","datePublished":"2022-03-27T19:15:59+00:00","dateModified":"2022-05-25T19:14:47+00:00","breadcrumb":{"@id":"https:\/\/eco-tech.inf.br\/index.php\/product\/adaptador-wireless-150-mbps-anatel-com-antena-usb-2-0-knup\/#breadcrumb"},"inLanguage":"pt-BR","potentialAction":[{"@type":"ReadAction","target":["https:\/\/eco-tech.inf.br\/index.php\/product\/adaptador-wireless-150-mbps-anatel-com-antena-usb-2-0-knup\/"]}]},{"@type":"ImageObject","inLanguage":"pt-BR","@id":"https:\/\/eco-tech.inf.br\/index.php\/product\/adaptador-wireless-150-mbps-anatel-com-antena-usb-2-0-knup\/#primaryimage","url":"https:\/\/i0.wp.com\/eco-tech.inf.br\/wp-content\/uploads\/2022\/03\/1-1.png?fit=600%2C600&ssl=1","contentUrl":"https:\/\/i0.wp.com\/eco-tech.inf.br\/wp-content\/uploads\/2022\/03\/1-1.png?fit=600%2C600&ssl=1","width":600,"height":600},{"@type":"BreadcrumbList","@id":"https:\/\/eco-tech.inf.br\/index.php\/product\/adaptador-wireless-150-mbps-anatel-com-antena-usb-2-0-knup\/#breadcrumb","itemListElement":[{"@type":"ListItem","position":1,"name":"In\u00edcio","item":"https:\/\/eco-tech.inf.br\/"},{"@type":"ListItem","position":2,"name":"Produtos","item":"https:\/\/eco-tech.inf.br\/index.php\/shop\/"},{"@type":"ListItem","position":3,"name":"Adaptador wireless 150 Mbps ANATEL com Antena USB 2.0 KNUP"}]},{"@type":"WebSite","@id":"https:\/\/eco-tech.inf.br\/#website","url":"https:\/\/eco-tech.inf.br\/","name":"Eco-Tech - Solu\u00e7\u00f5es em tecnologia","description":"Possu\u00edmos mais de 15 (anos) anos de experi\u00eancia levando para o norte do Brasil tecnologia de ponta trazida por grandes organiza\u00e7\u00f5es dos mais variados seguimentos.","publisher":{"@id":"https:\/\/eco-tech.inf.br\/#organization"},"potentialAction":[{"@type":"SearchAction","target":{"@type":"EntryPoint","urlTemplate":"https:\/\/eco-tech.inf.br\/?s={search_term_string}"},"query-input":{"@type":"PropertyValueSpecification","valueRequired":true,"valueName":"search_term_string"}}],"inLanguage":"pt-BR"},{"@type":"Organization","@id":"https:\/\/eco-tech.inf.br\/#organization","name":"ELO SOLU\u00c7\u00d5ES TECNOL\u00d3GICA LTDA","url":"https:\/\/eco-tech.inf.br\/","logo":{"@type":"ImageObject","inLanguage":"pt-BR","@id":"https:\/\/eco-tech.inf.br\/#\/schema\/logo\/image\/","url":"https:\/\/i0.wp.com\/eco-tech.inf.br\/wp-content\/uploads\/2022\/03\/cropped-novologo-1.jpg?fit=512%2C512&ssl=1","contentUrl":"https:\/\/i0.wp.com\/eco-tech.inf.br\/wp-content\/uploads\/2022\/03\/cropped-novologo-1.jpg?fit=512%2C512&ssl=1","width":512,"height":512,"caption":"ELO SOLU\u00c7\u00d5ES TECNOL\u00d3GICA LTDA"},"image":{"@id":"https:\/\/eco-tech.inf.br\/#\/schema\/logo\/image\/"},"sameAs":["https:\/\/www.facebook.com\/EcoTech-Tecnologia-107960038523316","https:\/\/www.instagram.com\/p\/CbRSB23MmFd\/?utm_medium=copy_link"]}]}},"jetpack_sharing_enabled":true,"_links":{"self":[{"href":"https:\/\/eco-tech.inf.br\/index.php\/wp-json\/wp\/v2\/product\/186"}],"collection":[{"href":"https:\/\/eco-tech.inf.br\/index.php\/wp-json\/wp\/v2\/product"}],"about":[{"href":"https:\/\/eco-tech.inf.br\/index.php\/wp-json\/wp\/v2\/types\/product"}],"replies":[{"embeddable":true,"href":"https:\/\/eco-tech.inf.br\/index.php\/wp-json\/wp\/v2\/comments?post=186"}],"wp:featuredmedia":[{"embeddable":true,"href":"https:\/\/eco-tech.inf.br\/index.php\/wp-json\/wp\/v2\/media\/604"}],"wp:attachment":[{"href":"https:\/\/eco-tech.inf.br\/index.php\/wp-json\/wp\/v2\/media?parent=186"}],"wp:term":[{"taxonomy":"product_cat","embeddable":true,"href":"https:\/\/eco-tech.inf.br\/index.php\/wp-json\/wp\/v2\/product_cat?post=186"},{"taxonomy":"product_tag","embeddable":true,"href":"https:\/\/eco-tech.inf.br\/index.php\/wp-json\/wp\/v2\/product_tag?post=186"}],"curies":[{"name":"wp","href":"https:\/\/api.w.org\/{rel}","templated":true}]}}