{"id":176,"date":"2022-03-27T14:44:43","date_gmt":"2022-03-27T18:44:43","guid":{"rendered":"https:\/\/eco-tech.inf.br\/?post_type=product&#038;p=176"},"modified":"2022-05-25T16:09:08","modified_gmt":"2022-05-25T20:09:08","slug":"case-hd-adaptador-universal-dvd-para-hd-ou-ssd-12-7mm","status":"publish","type":"product","link":"https:\/\/eco-tech.inf.br\/index.php\/product\/case-hd-adaptador-universal-dvd-para-hd-ou-ssd-12-7mm\/","title":{"rendered":"Case HD Adaptador Universal DVD Para HD ou SSD 12.7mm"},"content":{"rendered":"<div class=\"sc-khBlLl kFjqMN\">\n<p><strong>Caracter\u00edsticas:<\/strong><\/p>\n<p>&#8211; Marca: F3<\/p>\n<p>&#8211; Modelo: 1167<\/p>\n<p>&nbsp;<\/p>\n<p><strong>Especifica\u00e7\u00f5es:<\/strong><\/p>\n<p>&#8211; Case ( CADDY ) para um segundo HD para NOTEBOOK<\/p>\n<p>&#8211; Serve para HD&#8217;s e SSD&#8217;s SATA<\/p>\n<p>&#8211; Tamanho 12,7mm para uso em notebook<\/p>\n<p>&#8211; Acompanha chave Philipps<\/p>\n<p>&nbsp;<\/p>\n<p><strong>Informa\u00e7\u00f5es adicionais:<\/strong><\/p>\n<p>&#8211; Serve para que seja instalada um segundo HD ou SSD no seu notebook<\/p>\n<p>&#8211; Compatibilidade com HD&#8217;s e SSD&#8217;s SATA<\/p>\n<p>&#8211; Retire a bateria do seu equipamento para maior seguran\u00e7a<\/p>\n<p>&nbsp;<\/p>\n<p><strong>Conte\u00fado da Embalagem:<\/strong><\/p>\n<p>&#8211; 01 Case Caddy Para Notebook<\/p>\n<p>&#8211; 01 Chave Philips<\/p>\n<\/div>\n<p>&nbsp;<\/p>\n<div class=\"sc-ibEqUB ejUwAW\">\n<div class=\"sc-kRktcz eAGxhi\">\n<h3>Garantia:<\/h3>\n<\/div>\n<div class=\"sc-eTFcpK jSwDoz\">3 meses de garantia contratual junto ao fabricante<\/div>\n<\/div>\n<p>&nbsp;<\/p>\n<div class=\"sc-ibEqUB ejUwAW\">\n<div class=\"sc-kRktcz eAGxhi\">\n<h3>Peso:<\/h3>\n<\/div>\n<div class=\"sc-eTFcpK jSwDoz\">127 gramas (bruto com embalagem)<\/div>\n<\/div>\n","protected":false},"excerpt":{"rendered":"<p>Caracter\u00edsticas: &#8211; Marca: F3 &#8211; Modelo: 1167 &nbsp; Especifica\u00e7\u00f5es: &#8211; Case ( CADDY ) para um segundo HD para NOTEBOOK &#8211; Serve para HD&#8217;s e SSD&#8217;s SATA &#8211; Tamanho 12,7mm para uso em notebook &#8211; Acompanha chave Philipps &nbsp; Informa\u00e7\u00f5es adicionais: &#8211; Serve para que seja instalada um segundo HD ou SSD no seu notebook [&hellip;]<\/p>\n","protected":false},"featured_media":615,"comment_status":"closed","ping_status":"closed","template":"","meta":[],"product_cat":[21,30],"product_tag":[34],"yoast_head":"<!-- This site is optimized with the Yoast SEO plugin v23.5 - https:\/\/yoast.com\/wordpress\/plugins\/seo\/ -->\n<title>Case HD Adaptador Universal DVD Para HD ou SSD 12.7mm - Eco-Tech - Solu\u00e7\u00f5es em tecnologia<\/title>\n<meta name=\"robots\" content=\"index, follow, max-snippet:-1, max-image-preview:large, max-video-preview:-1\" \/>\n<link rel=\"canonical\" href=\"https:\/\/eco-tech.inf.br\/index.php\/product\/case-hd-adaptador-universal-dvd-para-hd-ou-ssd-12-7mm\/\" \/>\n<meta property=\"og:locale\" content=\"pt_BR\" \/>\n<meta property=\"og:type\" content=\"article\" \/>\n<meta property=\"og:title\" content=\"Case HD Adaptador Universal DVD Para HD ou SSD 12.7mm - Eco-Tech - Solu\u00e7\u00f5es em tecnologia\" \/>\n<meta property=\"og:description\" content=\"Caracter\u00edsticas: &#8211; Marca: F3 &#8211; Modelo: 1167 &nbsp; Especifica\u00e7\u00f5es: &#8211; Case ( CADDY ) para um segundo HD para NOTEBOOK &#8211; Serve para HD&#8217;s e SSD&#8217;s SATA &#8211; Tamanho 12,7mm para uso em notebook &#8211; Acompanha chave Philipps &nbsp; Informa\u00e7\u00f5es adicionais: &#8211; Serve para que seja instalada um segundo HD ou SSD no seu notebook [&hellip;]\" \/>\n<meta property=\"og:url\" content=\"https:\/\/eco-tech.inf.br\/index.php\/product\/case-hd-adaptador-universal-dvd-para-hd-ou-ssd-12-7mm\/\" \/>\n<meta property=\"og:site_name\" content=\"Eco-Tech - Solu\u00e7\u00f5es em tecnologia\" \/>\n<meta property=\"article:publisher\" content=\"https:\/\/www.facebook.com\/EcoTech-Tecnologia-107960038523316\" \/>\n<meta property=\"article:modified_time\" content=\"2022-05-25T20:09:08+00:00\" \/>\n<meta property=\"og:image\" content=\"https:\/\/i0.wp.com\/eco-tech.inf.br\/wp-content\/uploads\/2022\/03\/3-2.png?fit=1000%2C1000&ssl=1\" \/>\n\t<meta property=\"og:image:width\" content=\"1000\" \/>\n\t<meta property=\"og:image:height\" content=\"1000\" \/>\n\t<meta property=\"og:image:type\" content=\"image\/png\" \/>\n<meta name=\"twitter:card\" content=\"summary_large_image\" \/>\n<meta name=\"twitter:label1\" content=\"Est. tempo de leitura\" \/>\n\t<meta name=\"twitter:data1\" content=\"1 minuto\" \/>\n<script type=\"application\/ld+json\" class=\"yoast-schema-graph\">{\"@context\":\"https:\/\/schema.org\",\"@graph\":[{\"@type\":\"WebPage\",\"@id\":\"https:\/\/eco-tech.inf.br\/index.php\/product\/case-hd-adaptador-universal-dvd-para-hd-ou-ssd-12-7mm\/\",\"url\":\"https:\/\/eco-tech.inf.br\/index.php\/product\/case-hd-adaptador-universal-dvd-para-hd-ou-ssd-12-7mm\/\",\"name\":\"Case HD Adaptador Universal DVD Para HD ou SSD 12.7mm - Eco-Tech - Solu\u00e7\u00f5es em tecnologia\",\"isPartOf\":{\"@id\":\"https:\/\/eco-tech.inf.br\/#website\"},\"primaryImageOfPage\":{\"@id\":\"https:\/\/eco-tech.inf.br\/index.php\/product\/case-hd-adaptador-universal-dvd-para-hd-ou-ssd-12-7mm\/#primaryimage\"},\"image\":{\"@id\":\"https:\/\/eco-tech.inf.br\/index.php\/product\/case-hd-adaptador-universal-dvd-para-hd-ou-ssd-12-7mm\/#primaryimage\"},\"thumbnailUrl\":\"https:\/\/i0.wp.com\/eco-tech.inf.br\/wp-content\/uploads\/2022\/03\/3-2.png?fit=1000%2C1000&ssl=1\",\"datePublished\":\"2022-03-27T18:44:43+00:00\",\"dateModified\":\"2022-05-25T20:09:08+00:00\",\"breadcrumb\":{\"@id\":\"https:\/\/eco-tech.inf.br\/index.php\/product\/case-hd-adaptador-universal-dvd-para-hd-ou-ssd-12-7mm\/#breadcrumb\"},\"inLanguage\":\"pt-BR\",\"potentialAction\":[{\"@type\":\"ReadAction\",\"target\":[\"https:\/\/eco-tech.inf.br\/index.php\/product\/case-hd-adaptador-universal-dvd-para-hd-ou-ssd-12-7mm\/\"]}]},{\"@type\":\"ImageObject\",\"inLanguage\":\"pt-BR\",\"@id\":\"https:\/\/eco-tech.inf.br\/index.php\/product\/case-hd-adaptador-universal-dvd-para-hd-ou-ssd-12-7mm\/#primaryimage\",\"url\":\"https:\/\/i0.wp.com\/eco-tech.inf.br\/wp-content\/uploads\/2022\/03\/3-2.png?fit=1000%2C1000&ssl=1\",\"contentUrl\":\"https:\/\/i0.wp.com\/eco-tech.inf.br\/wp-content\/uploads\/2022\/03\/3-2.png?fit=1000%2C1000&ssl=1\",\"width\":1000,\"height\":1000},{\"@type\":\"BreadcrumbList\",\"@id\":\"https:\/\/eco-tech.inf.br\/index.php\/product\/case-hd-adaptador-universal-dvd-para-hd-ou-ssd-12-7mm\/#breadcrumb\",\"itemListElement\":[{\"@type\":\"ListItem\",\"position\":1,\"name\":\"In\u00edcio\",\"item\":\"https:\/\/eco-tech.inf.br\/\"},{\"@type\":\"ListItem\",\"position\":2,\"name\":\"Produtos\",\"item\":\"https:\/\/eco-tech.inf.br\/index.php\/shop\/\"},{\"@type\":\"ListItem\",\"position\":3,\"name\":\"Case HD Adaptador Universal DVD Para HD ou SSD 12.7mm\"}]},{\"@type\":\"WebSite\",\"@id\":\"https:\/\/eco-tech.inf.br\/#website\",\"url\":\"https:\/\/eco-tech.inf.br\/\",\"name\":\"Eco-Tech - Solu\u00e7\u00f5es em tecnologia\",\"description\":\"Possu\u00edmos mais de 15 (anos) anos de experi\u00eancia levando para o norte do Brasil tecnologia de ponta trazida por grandes organiza\u00e7\u00f5es dos mais variados seguimentos.\",\"publisher\":{\"@id\":\"https:\/\/eco-tech.inf.br\/#organization\"},\"potentialAction\":[{\"@type\":\"SearchAction\",\"target\":{\"@type\":\"EntryPoint\",\"urlTemplate\":\"https:\/\/eco-tech.inf.br\/?s={search_term_string}\"},\"query-input\":{\"@type\":\"PropertyValueSpecification\",\"valueRequired\":true,\"valueName\":\"search_term_string\"}}],\"inLanguage\":\"pt-BR\"},{\"@type\":\"Organization\",\"@id\":\"https:\/\/eco-tech.inf.br\/#organization\",\"name\":\"ELO SOLU\u00c7\u00d5ES TECNOL\u00d3GICA LTDA\",\"url\":\"https:\/\/eco-tech.inf.br\/\",\"logo\":{\"@type\":\"ImageObject\",\"inLanguage\":\"pt-BR\",\"@id\":\"https:\/\/eco-tech.inf.br\/#\/schema\/logo\/image\/\",\"url\":\"https:\/\/i0.wp.com\/eco-tech.inf.br\/wp-content\/uploads\/2022\/03\/cropped-novologo-1.jpg?fit=512%2C512&ssl=1\",\"contentUrl\":\"https:\/\/i0.wp.com\/eco-tech.inf.br\/wp-content\/uploads\/2022\/03\/cropped-novologo-1.jpg?fit=512%2C512&ssl=1\",\"width\":512,\"height\":512,\"caption\":\"ELO SOLU\u00c7\u00d5ES TECNOL\u00d3GICA LTDA\"},\"image\":{\"@id\":\"https:\/\/eco-tech.inf.br\/#\/schema\/logo\/image\/\"},\"sameAs\":[\"https:\/\/www.facebook.com\/EcoTech-Tecnologia-107960038523316\",\"https:\/\/www.instagram.com\/p\/CbRSB23MmFd\/?utm_medium=copy_link\"]}]}<\/script>\n<!-- \/ Yoast SEO plugin. -->","yoast_head_json":{"title":"Case HD Adaptador Universal DVD Para HD ou SSD 12.7mm - Eco-Tech - Solu\u00e7\u00f5es em tecnologia","robots":{"index":"index","follow":"follow","max-snippet":"max-snippet:-1","max-image-preview":"max-image-preview:large","max-video-preview":"max-video-preview:-1"},"canonical":"https:\/\/eco-tech.inf.br\/index.php\/product\/case-hd-adaptador-universal-dvd-para-hd-ou-ssd-12-7mm\/","og_locale":"pt_BR","og_type":"article","og_title":"Case HD Adaptador Universal DVD Para HD ou SSD 12.7mm - Eco-Tech - Solu\u00e7\u00f5es em tecnologia","og_description":"Caracter\u00edsticas: &#8211; Marca: F3 &#8211; Modelo: 1167 &nbsp; Especifica\u00e7\u00f5es: &#8211; Case ( CADDY ) para um segundo HD para NOTEBOOK &#8211; Serve para HD&#8217;s e SSD&#8217;s SATA &#8211; Tamanho 12,7mm para uso em notebook &#8211; Acompanha chave Philipps &nbsp; Informa\u00e7\u00f5es adicionais: &#8211; Serve para que seja instalada um segundo HD ou SSD no seu notebook [&hellip;]","og_url":"https:\/\/eco-tech.inf.br\/index.php\/product\/case-hd-adaptador-universal-dvd-para-hd-ou-ssd-12-7mm\/","og_site_name":"Eco-Tech - Solu\u00e7\u00f5es em tecnologia","article_publisher":"https:\/\/www.facebook.com\/EcoTech-Tecnologia-107960038523316","article_modified_time":"2022-05-25T20:09:08+00:00","og_image":[{"width":1000,"height":1000,"url":"https:\/\/i0.wp.com\/eco-tech.inf.br\/wp-content\/uploads\/2022\/03\/3-2.png?fit=1000%2C1000&ssl=1","type":"image\/png"}],"twitter_card":"summary_large_image","twitter_misc":{"Est. tempo de leitura":"1 minuto"},"schema":{"@context":"https:\/\/schema.org","@graph":[{"@type":"WebPage","@id":"https:\/\/eco-tech.inf.br\/index.php\/product\/case-hd-adaptador-universal-dvd-para-hd-ou-ssd-12-7mm\/","url":"https:\/\/eco-tech.inf.br\/index.php\/product\/case-hd-adaptador-universal-dvd-para-hd-ou-ssd-12-7mm\/","name":"Case HD Adaptador Universal DVD Para HD ou SSD 12.7mm - Eco-Tech - Solu\u00e7\u00f5es em tecnologia","isPartOf":{"@id":"https:\/\/eco-tech.inf.br\/#website"},"primaryImageOfPage":{"@id":"https:\/\/eco-tech.inf.br\/index.php\/product\/case-hd-adaptador-universal-dvd-para-hd-ou-ssd-12-7mm\/#primaryimage"},"image":{"@id":"https:\/\/eco-tech.inf.br\/index.php\/product\/case-hd-adaptador-universal-dvd-para-hd-ou-ssd-12-7mm\/#primaryimage"},"thumbnailUrl":"https:\/\/i0.wp.com\/eco-tech.inf.br\/wp-content\/uploads\/2022\/03\/3-2.png?fit=1000%2C1000&ssl=1","datePublished":"2022-03-27T18:44:43+00:00","dateModified":"2022-05-25T20:09:08+00:00","breadcrumb":{"@id":"https:\/\/eco-tech.inf.br\/index.php\/product\/case-hd-adaptador-universal-dvd-para-hd-ou-ssd-12-7mm\/#breadcrumb"},"inLanguage":"pt-BR","potentialAction":[{"@type":"ReadAction","target":["https:\/\/eco-tech.inf.br\/index.php\/product\/case-hd-adaptador-universal-dvd-para-hd-ou-ssd-12-7mm\/"]}]},{"@type":"ImageObject","inLanguage":"pt-BR","@id":"https:\/\/eco-tech.inf.br\/index.php\/product\/case-hd-adaptador-universal-dvd-para-hd-ou-ssd-12-7mm\/#primaryimage","url":"https:\/\/i0.wp.com\/eco-tech.inf.br\/wp-content\/uploads\/2022\/03\/3-2.png?fit=1000%2C1000&ssl=1","contentUrl":"https:\/\/i0.wp.com\/eco-tech.inf.br\/wp-content\/uploads\/2022\/03\/3-2.png?fit=1000%2C1000&ssl=1","width":1000,"height":1000},{"@type":"BreadcrumbList","@id":"https:\/\/eco-tech.inf.br\/index.php\/product\/case-hd-adaptador-universal-dvd-para-hd-ou-ssd-12-7mm\/#breadcrumb","itemListElement":[{"@type":"ListItem","position":1,"name":"In\u00edcio","item":"https:\/\/eco-tech.inf.br\/"},{"@type":"ListItem","position":2,"name":"Produtos","item":"https:\/\/eco-tech.inf.br\/index.php\/shop\/"},{"@type":"ListItem","position":3,"name":"Case HD Adaptador Universal DVD Para HD ou SSD 12.7mm"}]},{"@type":"WebSite","@id":"https:\/\/eco-tech.inf.br\/#website","url":"https:\/\/eco-tech.inf.br\/","name":"Eco-Tech - Solu\u00e7\u00f5es em tecnologia","description":"Possu\u00edmos mais de 15 (anos) anos de experi\u00eancia levando para o norte do Brasil tecnologia de ponta trazida por grandes organiza\u00e7\u00f5es dos mais variados seguimentos.","publisher":{"@id":"https:\/\/eco-tech.inf.br\/#organization"},"potentialAction":[{"@type":"SearchAction","target":{"@type":"EntryPoint","urlTemplate":"https:\/\/eco-tech.inf.br\/?s={search_term_string}"},"query-input":{"@type":"PropertyValueSpecification","valueRequired":true,"valueName":"search_term_string"}}],"inLanguage":"pt-BR"},{"@type":"Organization","@id":"https:\/\/eco-tech.inf.br\/#organization","name":"ELO SOLU\u00c7\u00d5ES TECNOL\u00d3GICA LTDA","url":"https:\/\/eco-tech.inf.br\/","logo":{"@type":"ImageObject","inLanguage":"pt-BR","@id":"https:\/\/eco-tech.inf.br\/#\/schema\/logo\/image\/","url":"https:\/\/i0.wp.com\/eco-tech.inf.br\/wp-content\/uploads\/2022\/03\/cropped-novologo-1.jpg?fit=512%2C512&ssl=1","contentUrl":"https:\/\/i0.wp.com\/eco-tech.inf.br\/wp-content\/uploads\/2022\/03\/cropped-novologo-1.jpg?fit=512%2C512&ssl=1","width":512,"height":512,"caption":"ELO SOLU\u00c7\u00d5ES TECNOL\u00d3GICA LTDA"},"image":{"@id":"https:\/\/eco-tech.inf.br\/#\/schema\/logo\/image\/"},"sameAs":["https:\/\/www.facebook.com\/EcoTech-Tecnologia-107960038523316","https:\/\/www.instagram.com\/p\/CbRSB23MmFd\/?utm_medium=copy_link"]}]}},"jetpack_sharing_enabled":true,"_links":{"self":[{"href":"https:\/\/eco-tech.inf.br\/index.php\/wp-json\/wp\/v2\/product\/176"}],"collection":[{"href":"https:\/\/eco-tech.inf.br\/index.php\/wp-json\/wp\/v2\/product"}],"about":[{"href":"https:\/\/eco-tech.inf.br\/index.php\/wp-json\/wp\/v2\/types\/product"}],"replies":[{"embeddable":true,"href":"https:\/\/eco-tech.inf.br\/index.php\/wp-json\/wp\/v2\/comments?post=176"}],"wp:featuredmedia":[{"embeddable":true,"href":"https:\/\/eco-tech.inf.br\/index.php\/wp-json\/wp\/v2\/media\/615"}],"wp:attachment":[{"href":"https:\/\/eco-tech.inf.br\/index.php\/wp-json\/wp\/v2\/media?parent=176"}],"wp:term":[{"taxonomy":"product_cat","embeddable":true,"href":"https:\/\/eco-tech.inf.br\/index.php\/wp-json\/wp\/v2\/product_cat?post=176"},{"taxonomy":"product_tag","embeddable":true,"href":"https:\/\/eco-tech.inf.br\/index.php\/wp-json\/wp\/v2\/product_tag?post=176"}],"curies":[{"name":"wp","href":"https:\/\/api.w.org\/{rel}","templated":true}]}}