{"id":140,"date":"2022-03-26T23:43:39","date_gmt":"2022-03-27T03:43:39","guid":{"rendered":"https:\/\/eco-tech.inf.br\/?post_type=product&#038;p=140"},"modified":"2022-05-24T17:08:31","modified_gmt":"2022-05-24T21:08:31","slug":"adaptador-de-placa-de-rede-usb-externa-rj45-10-100-knup-hb-t66-hb-t66-knup","status":"publish","type":"product","link":"https:\/\/eco-tech.inf.br\/index.php\/product\/adaptador-de-placa-de-rede-usb-externa-rj45-10-100-knup-hb-t66-hb-t66-knup\/","title":{"rendered":"Adaptador de Placa de Rede Usb Externa Rj45 10\/100 KNUP HB-T66 HB-T66 KNUP"},"content":{"rendered":"<p>Placa de Rede ARJ 45 para USB<\/p>\n","protected":false},"excerpt":{"rendered":"<p><img loading=\"lazy\" decoding=\"async\" class=\"alignnone size-full wp-image-142\" src=\"http:\/\/eco-tech.inf.br\/wp-content\/uploads\/2022\/03\/ado004kp-1.png\" alt=\"\" width=\"210\" height=\"211\" srcset=\"https:\/\/i0.wp.com\/eco-tech.inf.br\/wp-content\/uploads\/2022\/03\/ado004kp-1.png?w=210&amp;ssl=1 210w, https:\/\/i0.wp.com\/eco-tech.inf.br\/wp-content\/uploads\/2022\/03\/ado004kp-1.png?resize=150%2C150&amp;ssl=1 150w, https:\/\/i0.wp.com\/eco-tech.inf.br\/wp-content\/uploads\/2022\/03\/ado004kp-1.png?resize=100%2C100&amp;ssl=1 100w\" sizes=\"(max-width: 210px) 100vw, 210px\" \/><\/p>\n","protected":false},"featured_media":600,"comment_status":"closed","ping_status":"closed","template":"","meta":[],"product_cat":[21,30],"product_tag":[34],"yoast_head":"<!-- This site is optimized with the Yoast SEO plugin v23.5 - https:\/\/yoast.com\/wordpress\/plugins\/seo\/ -->\n<title>Adaptador de Placa de Rede Usb Externa Rj45 10\/100 KNUP HB-T66 HB-T66 KNUP - Eco-Tech - Solu\u00e7\u00f5es em tecnologia<\/title>\n<meta name=\"description\" content=\"Placa de Rede ARJ 45 para USB\" \/>\n<meta name=\"robots\" content=\"index, follow, max-snippet:-1, max-image-preview:large, max-video-preview:-1\" \/>\n<link rel=\"canonical\" href=\"https:\/\/eco-tech.inf.br\/index.php\/product\/adaptador-de-placa-de-rede-usb-externa-rj45-10-100-knup-hb-t66-hb-t66-knup\/\" \/>\n<meta property=\"og:locale\" content=\"pt_BR\" \/>\n<meta property=\"og:type\" content=\"article\" \/>\n<meta property=\"og:title\" content=\"Adaptador de Placa de Rede Usb Externa Rj45 10\/100 KNUP HB-T66 HB-T66 KNUP\" \/>\n<meta property=\"og:description\" content=\"Placa de Rede ARJ 45 para USB\" \/>\n<meta property=\"og:url\" content=\"https:\/\/eco-tech.inf.br\/index.php\/product\/adaptador-de-placa-de-rede-usb-externa-rj45-10-100-knup-hb-t66-hb-t66-knup\/\" \/>\n<meta property=\"og:site_name\" content=\"Eco-Tech - Solu\u00e7\u00f5es em tecnologia\" \/>\n<meta property=\"article:publisher\" content=\"https:\/\/www.facebook.com\/EcoTech-Tecnologia-107960038523316\" \/>\n<meta property=\"article:modified_time\" content=\"2022-05-24T21:08:31+00:00\" \/>\n<meta property=\"og:image\" content=\"https:\/\/i0.wp.com\/eco-tech.inf.br\/wp-content\/uploads\/2022\/03\/ado004kp-2.png?fit=210%2C211&ssl=1\" \/>\n\t<meta property=\"og:image:width\" content=\"210\" \/>\n\t<meta property=\"og:image:height\" content=\"211\" \/>\n\t<meta property=\"og:image:type\" content=\"image\/png\" \/>\n<meta name=\"twitter:card\" content=\"summary_large_image\" \/>\n<meta name=\"twitter:label1\" content=\"Est. tempo de leitura\" \/>\n\t<meta name=\"twitter:data1\" content=\"1 minuto\" \/>\n<script type=\"application\/ld+json\" class=\"yoast-schema-graph\">{\"@context\":\"https:\/\/schema.org\",\"@graph\":[{\"@type\":\"WebPage\",\"@id\":\"https:\/\/eco-tech.inf.br\/index.php\/product\/adaptador-de-placa-de-rede-usb-externa-rj45-10-100-knup-hb-t66-hb-t66-knup\/\",\"url\":\"https:\/\/eco-tech.inf.br\/index.php\/product\/adaptador-de-placa-de-rede-usb-externa-rj45-10-100-knup-hb-t66-hb-t66-knup\/\",\"name\":\"Adaptador de Placa de Rede Usb Externa Rj45 10\/100 KNUP HB-T66 HB-T66 KNUP - Eco-Tech - Solu\u00e7\u00f5es em tecnologia\",\"isPartOf\":{\"@id\":\"https:\/\/eco-tech.inf.br\/#website\"},\"primaryImageOfPage\":{\"@id\":\"https:\/\/eco-tech.inf.br\/index.php\/product\/adaptador-de-placa-de-rede-usb-externa-rj45-10-100-knup-hb-t66-hb-t66-knup\/#primaryimage\"},\"image\":{\"@id\":\"https:\/\/eco-tech.inf.br\/index.php\/product\/adaptador-de-placa-de-rede-usb-externa-rj45-10-100-knup-hb-t66-hb-t66-knup\/#primaryimage\"},\"thumbnailUrl\":\"https:\/\/i0.wp.com\/eco-tech.inf.br\/wp-content\/uploads\/2022\/03\/1.png?fit=600%2C600&ssl=1\",\"datePublished\":\"2022-03-27T03:43:39+00:00\",\"dateModified\":\"2022-05-24T21:08:31+00:00\",\"description\":\"Placa de Rede ARJ 45 para USB\",\"breadcrumb\":{\"@id\":\"https:\/\/eco-tech.inf.br\/index.php\/product\/adaptador-de-placa-de-rede-usb-externa-rj45-10-100-knup-hb-t66-hb-t66-knup\/#breadcrumb\"},\"inLanguage\":\"pt-BR\",\"potentialAction\":[{\"@type\":\"ReadAction\",\"target\":[\"https:\/\/eco-tech.inf.br\/index.php\/product\/adaptador-de-placa-de-rede-usb-externa-rj45-10-100-knup-hb-t66-hb-t66-knup\/\"]}]},{\"@type\":\"ImageObject\",\"inLanguage\":\"pt-BR\",\"@id\":\"https:\/\/eco-tech.inf.br\/index.php\/product\/adaptador-de-placa-de-rede-usb-externa-rj45-10-100-knup-hb-t66-hb-t66-knup\/#primaryimage\",\"url\":\"https:\/\/i0.wp.com\/eco-tech.inf.br\/wp-content\/uploads\/2022\/03\/1.png?fit=600%2C600&ssl=1\",\"contentUrl\":\"https:\/\/i0.wp.com\/eco-tech.inf.br\/wp-content\/uploads\/2022\/03\/1.png?fit=600%2C600&ssl=1\",\"width\":600,\"height\":600},{\"@type\":\"BreadcrumbList\",\"@id\":\"https:\/\/eco-tech.inf.br\/index.php\/product\/adaptador-de-placa-de-rede-usb-externa-rj45-10-100-knup-hb-t66-hb-t66-knup\/#breadcrumb\",\"itemListElement\":[{\"@type\":\"ListItem\",\"position\":1,\"name\":\"In\u00edcio\",\"item\":\"https:\/\/eco-tech.inf.br\/\"},{\"@type\":\"ListItem\",\"position\":2,\"name\":\"Produtos\",\"item\":\"https:\/\/eco-tech.inf.br\/index.php\/shop\/\"},{\"@type\":\"ListItem\",\"position\":3,\"name\":\"Adaptador de Placa de Rede Usb Externa Rj45 10\/100 KNUP HB-T66 HB-T66 KNUP\"}]},{\"@type\":\"WebSite\",\"@id\":\"https:\/\/eco-tech.inf.br\/#website\",\"url\":\"https:\/\/eco-tech.inf.br\/\",\"name\":\"Eco-Tech - Solu\u00e7\u00f5es em tecnologia\",\"description\":\"Possu\u00edmos mais de 15 (anos) anos de experi\u00eancia levando para o norte do Brasil tecnologia de ponta trazida por grandes organiza\u00e7\u00f5es dos mais variados seguimentos.\",\"publisher\":{\"@id\":\"https:\/\/eco-tech.inf.br\/#organization\"},\"potentialAction\":[{\"@type\":\"SearchAction\",\"target\":{\"@type\":\"EntryPoint\",\"urlTemplate\":\"https:\/\/eco-tech.inf.br\/?s={search_term_string}\"},\"query-input\":{\"@type\":\"PropertyValueSpecification\",\"valueRequired\":true,\"valueName\":\"search_term_string\"}}],\"inLanguage\":\"pt-BR\"},{\"@type\":\"Organization\",\"@id\":\"https:\/\/eco-tech.inf.br\/#organization\",\"name\":\"ELO SOLU\u00c7\u00d5ES TECNOL\u00d3GICA LTDA\",\"url\":\"https:\/\/eco-tech.inf.br\/\",\"logo\":{\"@type\":\"ImageObject\",\"inLanguage\":\"pt-BR\",\"@id\":\"https:\/\/eco-tech.inf.br\/#\/schema\/logo\/image\/\",\"url\":\"https:\/\/i0.wp.com\/eco-tech.inf.br\/wp-content\/uploads\/2022\/03\/cropped-novologo-1.jpg?fit=512%2C512&ssl=1\",\"contentUrl\":\"https:\/\/i0.wp.com\/eco-tech.inf.br\/wp-content\/uploads\/2022\/03\/cropped-novologo-1.jpg?fit=512%2C512&ssl=1\",\"width\":512,\"height\":512,\"caption\":\"ELO SOLU\u00c7\u00d5ES TECNOL\u00d3GICA LTDA\"},\"image\":{\"@id\":\"https:\/\/eco-tech.inf.br\/#\/schema\/logo\/image\/\"},\"sameAs\":[\"https:\/\/www.facebook.com\/EcoTech-Tecnologia-107960038523316\",\"https:\/\/www.instagram.com\/p\/CbRSB23MmFd\/?utm_medium=copy_link\"]}]}<\/script>\n<!-- \/ Yoast SEO plugin. -->","yoast_head_json":{"title":"Adaptador de Placa de Rede Usb Externa Rj45 10\/100 KNUP HB-T66 HB-T66 KNUP - Eco-Tech - Solu\u00e7\u00f5es em tecnologia","description":"Placa de Rede ARJ 45 para USB","robots":{"index":"index","follow":"follow","max-snippet":"max-snippet:-1","max-image-preview":"max-image-preview:large","max-video-preview":"max-video-preview:-1"},"canonical":"https:\/\/eco-tech.inf.br\/index.php\/product\/adaptador-de-placa-de-rede-usb-externa-rj45-10-100-knup-hb-t66-hb-t66-knup\/","og_locale":"pt_BR","og_type":"article","og_title":"Adaptador de Placa de Rede Usb Externa Rj45 10\/100 KNUP HB-T66 HB-T66 KNUP","og_description":"Placa de Rede ARJ 45 para USB","og_url":"https:\/\/eco-tech.inf.br\/index.php\/product\/adaptador-de-placa-de-rede-usb-externa-rj45-10-100-knup-hb-t66-hb-t66-knup\/","og_site_name":"Eco-Tech - Solu\u00e7\u00f5es em tecnologia","article_publisher":"https:\/\/www.facebook.com\/EcoTech-Tecnologia-107960038523316","article_modified_time":"2022-05-24T21:08:31+00:00","og_image":[{"width":210,"height":211,"url":"https:\/\/i0.wp.com\/eco-tech.inf.br\/wp-content\/uploads\/2022\/03\/ado004kp-2.png?fit=210%2C211&ssl=1","type":"image\/png"}],"twitter_card":"summary_large_image","twitter_misc":{"Est. tempo de leitura":"1 minuto"},"schema":{"@context":"https:\/\/schema.org","@graph":[{"@type":"WebPage","@id":"https:\/\/eco-tech.inf.br\/index.php\/product\/adaptador-de-placa-de-rede-usb-externa-rj45-10-100-knup-hb-t66-hb-t66-knup\/","url":"https:\/\/eco-tech.inf.br\/index.php\/product\/adaptador-de-placa-de-rede-usb-externa-rj45-10-100-knup-hb-t66-hb-t66-knup\/","name":"Adaptador de Placa de Rede Usb Externa Rj45 10\/100 KNUP HB-T66 HB-T66 KNUP - Eco-Tech - Solu\u00e7\u00f5es em tecnologia","isPartOf":{"@id":"https:\/\/eco-tech.inf.br\/#website"},"primaryImageOfPage":{"@id":"https:\/\/eco-tech.inf.br\/index.php\/product\/adaptador-de-placa-de-rede-usb-externa-rj45-10-100-knup-hb-t66-hb-t66-knup\/#primaryimage"},"image":{"@id":"https:\/\/eco-tech.inf.br\/index.php\/product\/adaptador-de-placa-de-rede-usb-externa-rj45-10-100-knup-hb-t66-hb-t66-knup\/#primaryimage"},"thumbnailUrl":"https:\/\/i0.wp.com\/eco-tech.inf.br\/wp-content\/uploads\/2022\/03\/1.png?fit=600%2C600&ssl=1","datePublished":"2022-03-27T03:43:39+00:00","dateModified":"2022-05-24T21:08:31+00:00","description":"Placa de Rede ARJ 45 para USB","breadcrumb":{"@id":"https:\/\/eco-tech.inf.br\/index.php\/product\/adaptador-de-placa-de-rede-usb-externa-rj45-10-100-knup-hb-t66-hb-t66-knup\/#breadcrumb"},"inLanguage":"pt-BR","potentialAction":[{"@type":"ReadAction","target":["https:\/\/eco-tech.inf.br\/index.php\/product\/adaptador-de-placa-de-rede-usb-externa-rj45-10-100-knup-hb-t66-hb-t66-knup\/"]}]},{"@type":"ImageObject","inLanguage":"pt-BR","@id":"https:\/\/eco-tech.inf.br\/index.php\/product\/adaptador-de-placa-de-rede-usb-externa-rj45-10-100-knup-hb-t66-hb-t66-knup\/#primaryimage","url":"https:\/\/i0.wp.com\/eco-tech.inf.br\/wp-content\/uploads\/2022\/03\/1.png?fit=600%2C600&ssl=1","contentUrl":"https:\/\/i0.wp.com\/eco-tech.inf.br\/wp-content\/uploads\/2022\/03\/1.png?fit=600%2C600&ssl=1","width":600,"height":600},{"@type":"BreadcrumbList","@id":"https:\/\/eco-tech.inf.br\/index.php\/product\/adaptador-de-placa-de-rede-usb-externa-rj45-10-100-knup-hb-t66-hb-t66-knup\/#breadcrumb","itemListElement":[{"@type":"ListItem","position":1,"name":"In\u00edcio","item":"https:\/\/eco-tech.inf.br\/"},{"@type":"ListItem","position":2,"name":"Produtos","item":"https:\/\/eco-tech.inf.br\/index.php\/shop\/"},{"@type":"ListItem","position":3,"name":"Adaptador de Placa de Rede Usb Externa Rj45 10\/100 KNUP HB-T66 HB-T66 KNUP"}]},{"@type":"WebSite","@id":"https:\/\/eco-tech.inf.br\/#website","url":"https:\/\/eco-tech.inf.br\/","name":"Eco-Tech - Solu\u00e7\u00f5es em tecnologia","description":"Possu\u00edmos mais de 15 (anos) anos de experi\u00eancia levando para o norte do Brasil tecnologia de ponta trazida por grandes organiza\u00e7\u00f5es dos mais variados seguimentos.","publisher":{"@id":"https:\/\/eco-tech.inf.br\/#organization"},"potentialAction":[{"@type":"SearchAction","target":{"@type":"EntryPoint","urlTemplate":"https:\/\/eco-tech.inf.br\/?s={search_term_string}"},"query-input":{"@type":"PropertyValueSpecification","valueRequired":true,"valueName":"search_term_string"}}],"inLanguage":"pt-BR"},{"@type":"Organization","@id":"https:\/\/eco-tech.inf.br\/#organization","name":"ELO SOLU\u00c7\u00d5ES TECNOL\u00d3GICA LTDA","url":"https:\/\/eco-tech.inf.br\/","logo":{"@type":"ImageObject","inLanguage":"pt-BR","@id":"https:\/\/eco-tech.inf.br\/#\/schema\/logo\/image\/","url":"https:\/\/i0.wp.com\/eco-tech.inf.br\/wp-content\/uploads\/2022\/03\/cropped-novologo-1.jpg?fit=512%2C512&ssl=1","contentUrl":"https:\/\/i0.wp.com\/eco-tech.inf.br\/wp-content\/uploads\/2022\/03\/cropped-novologo-1.jpg?fit=512%2C512&ssl=1","width":512,"height":512,"caption":"ELO SOLU\u00c7\u00d5ES TECNOL\u00d3GICA LTDA"},"image":{"@id":"https:\/\/eco-tech.inf.br\/#\/schema\/logo\/image\/"},"sameAs":["https:\/\/www.facebook.com\/EcoTech-Tecnologia-107960038523316","https:\/\/www.instagram.com\/p\/CbRSB23MmFd\/?utm_medium=copy_link"]}]}},"jetpack_sharing_enabled":true,"_links":{"self":[{"href":"https:\/\/eco-tech.inf.br\/index.php\/wp-json\/wp\/v2\/product\/140"}],"collection":[{"href":"https:\/\/eco-tech.inf.br\/index.php\/wp-json\/wp\/v2\/product"}],"about":[{"href":"https:\/\/eco-tech.inf.br\/index.php\/wp-json\/wp\/v2\/types\/product"}],"replies":[{"embeddable":true,"href":"https:\/\/eco-tech.inf.br\/index.php\/wp-json\/wp\/v2\/comments?post=140"}],"wp:featuredmedia":[{"embeddable":true,"href":"https:\/\/eco-tech.inf.br\/index.php\/wp-json\/wp\/v2\/media\/600"}],"wp:attachment":[{"href":"https:\/\/eco-tech.inf.br\/index.php\/wp-json\/wp\/v2\/media?parent=140"}],"wp:term":[{"taxonomy":"product_cat","embeddable":true,"href":"https:\/\/eco-tech.inf.br\/index.php\/wp-json\/wp\/v2\/product_cat?post=140"},{"taxonomy":"product_tag","embeddable":true,"href":"https:\/\/eco-tech.inf.br\/index.php\/wp-json\/wp\/v2\/product_tag?post=140"}],"curies":[{"name":"wp","href":"https:\/\/api.w.org\/{rel}","templated":true}]}}