{"id":137,"date":"2022-03-26T23:30:50","date_gmt":"2022-03-27T03:30:50","guid":{"rendered":"https:\/\/eco-tech.inf.br\/?post_type=product&#038;p=137"},"modified":"2022-10-26T20:50:11","modified_gmt":"2022-10-27T00:50:11","slug":"computador-brx-intel-core-i5-4gb-ssd-120gb-windows-10-pro-bivolt","status":"publish","type":"product","link":"https:\/\/eco-tech.inf.br\/index.php\/product\/computador-brx-intel-core-i5-4gb-ssd-120gb-windows-10-pro-bivolt\/","title":{"rendered":"Computador BRX Intel Core i5, 4GB, SSD 120GB, Windows 10 Pro Bivolt"},"content":{"rendered":"<div class=\"productDescription\">O Computador BRX Corporativo I5 4GB 120GB SSD W10, combina tecnologia com praticidade, para que voc\u00ea tenha a melhor experi\u00eancia poss\u00edvel com nossos computadores. E para que voc\u00ea tenha esta experi\u00eancia, contamos coma a tecnologia da Placa M\u00e3e BRX h55 1156 com o formato Micro ATX, ela foi projetada de forma que qualquer um possa configura-la sem muita dificuldade, com uma tecnologia de ponta dando melhor desempenho ao seu computador.<\/div>\n<div id=\"caracteristicas\">\n<div class=\"spec-table-item\" data-group=\"conectividade\">\n<h4 class=\"group Conectividade\">CONECTIVIDADE<\/h4>\n<table class=\"group Conectividade\" cellspacing=\"0\">\n<tbody>\n<tr class=\"even\">\n<th class=\"name-field Entrada-Fone-de-Ouvido\">Entrada Fone de Ouvido<\/th>\n<td class=\"value-field Entrada-Fone-de-Ouvido\">1<\/td>\n<\/tr>\n<tr>\n<th class=\"name-field Entrada-Microfone\">Entrada Microfone<\/th>\n<td class=\"value-field Entrada-Microfone\">1<\/td>\n<\/tr>\n<tr class=\"even\">\n<th class=\"name-field HDMI\">HDMI<\/th>\n<td class=\"value-field HDMI\">1<\/td>\n<\/tr>\n<tr>\n<th class=\"name-field Placa-de-Rede\">Placa de Rede<\/th>\n<td class=\"value-field Placa-de-Rede\">ONBOARD<\/td>\n<\/tr>\n<tr class=\"even\">\n<th class=\"name-field Porta-Ethernet-RJ45-\">Porta Ethernet (RJ45)<\/th>\n<td class=\"value-field Porta-Ethernet-RJ45-\">10\/100<\/td>\n<\/tr>\n<tr>\n<th class=\"name-field USB-2-0-\">USB (2.0)<\/th>\n<td class=\"value-field USB-2-0-\">6<\/td>\n<\/tr>\n<tr class=\"even\">\n<th class=\"name-field VGA\">VGA<\/th>\n<td class=\"value-field VGA\">1<\/td>\n<\/tr>\n<tr>\n<th class=\"name-field USB\">USB<\/th>\n<td class=\"value-field USB\">4<\/td>\n<\/tr>\n<\/tbody>\n<\/table>\n<\/div>\n<div class=\"spec-table-item\" data-group=\"especificacoes-tecnicas\">\n<h4 class=\"group Especificacoes-Tecnicas\">ESPECIFICA\u00c7\u00d5ES T\u00c9CNICAS<\/h4>\n<table class=\"group Especificacoes-Tecnicas\" cellspacing=\"0\">\n<tbody>\n<tr class=\"even\">\n<th class=\"name-field Cor\">Cor<\/th>\n<td class=\"value-field Cor\">Preto<\/td>\n<\/tr>\n<tr>\n<th class=\"name-field Peso-do-produto\">Peso do produto<\/th>\n<td class=\"value-field Peso-do-produto\">5 KG<\/td>\n<\/tr>\n<tr class=\"even\">\n<th class=\"name-field Dimensoes-do-Produto\">Dimens\u00f5es do Produto<\/th>\n<td class=\"value-field Dimensoes-do-Produto\">325 x 163 x 265 MM<\/td>\n<\/tr>\n<tr>\n<th class=\"name-field Garantia-do-Fabricante\">Garantia do Fabricante<\/th>\n<td class=\"value-field Garantia-do-Fabricante\">1 Ano<\/td>\n<\/tr>\n<\/tbody>\n<\/table>\n<\/div>\n<div class=\"spec-table-item\" data-group=\"hd\">\n<h4 class=\"group HD\">HD<\/h4>\n<table class=\"group HD\" cellspacing=\"0\">\n<tbody>\n<tr class=\"even\">\n<th class=\"name-field Tipo\">Tipo<\/th>\n<td class=\"value-field Tipo\">SSD<\/td>\n<\/tr>\n<\/tbody>\n<\/table>\n<\/div>\n<div class=\"spec-table-item\" data-group=\"processadores\">\n<h4 class=\"group Processadores\">PROCESSADORES<\/h4>\n<table class=\"group Processadores\" cellspacing=\"0\">\n<tbody>\n<tr class=\"even\">\n<th class=\"name-field Velocidade-do-Processador\">Velocidade do Processador<\/th>\n<td class=\"value-field Velocidade-do-Processador\">3.5 GHZ<\/td>\n<\/tr>\n<tr>\n<th class=\"name-field Geracao-do-Processador\">Gera\u00e7\u00e3o do Processador<\/th>\n<td class=\"value-field Geracao-do-Processador\">1\u00ba Gera\u00e7\u00e3o<\/td>\n<\/tr>\n<\/tbody>\n<\/table>\n<\/div>\n<div class=\"spec-table-item\" data-group=\"sistema-operacional\">\n<h4 class=\"group Sistema-Operacional\">SISTEMA OPERACIONAL<\/h4>\n<table class=\"group Sistema-Operacional\" cellspacing=\"0\">\n<tbody>\n<tr class=\"even\">\n<th class=\"name-field Sistema-Operacional\">Sistema Operacional<\/th>\n<td class=\"value-field Sistema-Operacional\">Windows 10 Pro<\/td>\n<\/tr>\n<\/tbody>\n<\/table>\n<\/div>\n<div class=\"spec-table-item\" data-group=\"processadores\">\n<h4 class=\"group Processadores\">PROCESSADORES<\/h4>\n<table class=\"group Processadores\" cellspacing=\"0\">\n<tbody>\n<tr class=\"even\">\n<th class=\"name-field Familia\">Fam\u00edlia<\/th>\n<td class=\"value-field Familia\">Intel<\/td>\n<\/tr>\n<tr>\n<th class=\"name-field Processador\">Processador<\/th>\n<td class=\"value-field Processador\">Core I5<\/td>\n<\/tr>\n<\/tbody>\n<\/table>\n<\/div>\n<div class=\"spec-table-item\" data-group=\"informacoes-tecnicas\">\n<h4 class=\"group Informacoes-Tecnicas\">INFORMA\u00c7\u00d5ES T\u00c9CNICAS<\/h4>\n<table class=\"group Informacoes-Tecnicas\" cellspacing=\"0\">\n<tbody>\n<tr class=\"even\">\n<th class=\"name-field GTIN\">GTIN<\/th>\n<td class=\"value-field GTIN\">7909693000928<\/td>\n<\/tr>\n<tr>\n<th class=\"name-field NCM\">NCM<\/th>\n<td class=\"value-field NCM\">84715010<\/td>\n<\/tr>\n<tr class=\"even\">\n<th class=\"name-field EAN\">EAN<\/th>\n<td class=\"value-field EAN\">EAN13<\/td>\n<\/tr>\n<\/tbody>\n<\/table>\n<\/div>\n<div class=\"spec-table-item\" data-group=\"itens-inclusos\">\n<h4 class=\"group Itens-Inclusos\">ITENS INCLUSOS<\/h4>\n<table class=\"group Itens-Inclusos\" cellspacing=\"0\">\n<tbody>\n<tr class=\"even\">\n<th class=\"name-field Fonte-de-Alimentacao\">Fonte de Alimenta\u00e7\u00e3o<\/th>\n<td class=\"value-field Fonte-de-Alimentacao\">300w<\/td>\n<\/tr>\n<tr>\n<th class=\"name-field Cabo-de-Forca\">Cabo de For\u00e7a<\/th>\n<td class=\"value-field Cabo-de-Forca\">1<\/td>\n<\/tr>\n<\/tbody>\n<\/table>\n<\/div>\n<div class=\"spec-table-item\" data-group=\"alimentacao\">\n<h4 class=\"group Alimentacao\">ALIMENTA\u00c7\u00c3O<\/h4>\n<table class=\"group Alimentacao\" cellspacing=\"0\">\n<tbody>\n<tr class=\"even\">\n<th class=\"name-field Voltagem\">Voltagem<\/th>\n<td class=\"value-field Voltagem\">Bivolt<\/td>\n<\/tr>\n<\/tbody>\n<\/table>\n<\/div>\n<div class=\"spec-table-item\" data-group=\"armazenamento\">\n<h4 class=\"group Armazenamento\">ARMAZENAMENTO<\/h4>\n<table class=\"group Armazenamento\" cellspacing=\"0\">\n<tbody>\n<tr class=\"even\">\n<th class=\"name-field Memoria-RAM\">Mem\u00f3ria RAM<\/th>\n<td class=\"value-field Memoria-RAM\">4 GB<\/td>\n<\/tr>\n<tr>\n<th class=\"name-field Armazenamento-SSD\">Armazenamento SSD<\/th>\n<td class=\"value-field Armazenamento-SSD\">120 GB<\/td>\n<\/tr>\n<tr class=\"even\">\n<th class=\"name-field Memoria-Expansivel\">Mem\u00f3ria Expans\u00edvel<\/th>\n<td class=\"value-field Memoria-Expansivel\">16 GB<\/td>\n<\/tr>\n<\/tbody>\n<\/table>\n<\/div>\n<\/div>\n","protected":false},"excerpt":{"rendered":"<p><img loading=\"lazy\" decoding=\"async\" class=\"alignnone size-medium wp-image-138\" src=\"http:\/\/eco-tech.inf.br\/wp-content\/uploads\/2022\/03\/pc1-300x269.png\" alt=\"\" width=\"300\" height=\"269\" srcset=\"https:\/\/i0.wp.com\/eco-tech.inf.br\/wp-content\/uploads\/2022\/03\/pc1.png?resize=300%2C269&amp;ssl=1 300w, https:\/\/i0.wp.com\/eco-tech.inf.br\/wp-content\/uploads\/2022\/03\/pc1.png?w=447&amp;ssl=1 447w\" sizes=\"(max-width: 300px) 100vw, 300px\" \/><\/p>\n","protected":false},"featured_media":138,"comment_status":"closed","ping_status":"closed","template":"","meta":[],"product_cat":[20],"product_tag":[],"yoast_head":"<!-- This site is optimized with the Yoast SEO plugin v23.5 - https:\/\/yoast.com\/wordpress\/plugins\/seo\/ -->\n<title>Computador BRX Intel Core i5, 4GB, SSD 120GB, Windows 10 Pro Bivolt - Eco-Tech - Solu\u00e7\u00f5es em tecnologia<\/title>\n<meta name=\"robots\" content=\"index, follow, max-snippet:-1, max-image-preview:large, max-video-preview:-1\" \/>\n<link rel=\"canonical\" href=\"https:\/\/eco-tech.inf.br\/index.php\/product\/computador-brx-intel-core-i5-4gb-ssd-120gb-windows-10-pro-bivolt\/\" \/>\n<meta property=\"og:locale\" content=\"pt_BR\" \/>\n<meta property=\"og:type\" content=\"article\" \/>\n<meta property=\"og:title\" content=\"Computador BRX Intel Core i5, 4GB, SSD 120GB, Windows 10 Pro Bivolt - Eco-Tech - Solu\u00e7\u00f5es em tecnologia\" \/>\n<meta property=\"og:url\" content=\"https:\/\/eco-tech.inf.br\/index.php\/product\/computador-brx-intel-core-i5-4gb-ssd-120gb-windows-10-pro-bivolt\/\" \/>\n<meta property=\"og:site_name\" content=\"Eco-Tech - Solu\u00e7\u00f5es em tecnologia\" \/>\n<meta property=\"article:publisher\" content=\"https:\/\/www.facebook.com\/EcoTech-Tecnologia-107960038523316\" \/>\n<meta property=\"article:modified_time\" content=\"2022-10-27T00:50:11+00:00\" \/>\n<meta property=\"og:image\" content=\"https:\/\/i0.wp.com\/eco-tech.inf.br\/wp-content\/uploads\/2022\/03\/pc1.png?fit=447%2C401&ssl=1\" \/>\n\t<meta property=\"og:image:width\" content=\"447\" \/>\n\t<meta property=\"og:image:height\" content=\"401\" \/>\n\t<meta property=\"og:image:type\" content=\"image\/png\" \/>\n<meta name=\"twitter:card\" content=\"summary_large_image\" \/>\n<meta name=\"twitter:label1\" content=\"Est. tempo de leitura\" \/>\n\t<meta name=\"twitter:data1\" content=\"1 minuto\" \/>\n<script type=\"application\/ld+json\" class=\"yoast-schema-graph\">{\"@context\":\"https:\/\/schema.org\",\"@graph\":[{\"@type\":\"WebPage\",\"@id\":\"https:\/\/eco-tech.inf.br\/index.php\/product\/computador-brx-intel-core-i5-4gb-ssd-120gb-windows-10-pro-bivolt\/\",\"url\":\"https:\/\/eco-tech.inf.br\/index.php\/product\/computador-brx-intel-core-i5-4gb-ssd-120gb-windows-10-pro-bivolt\/\",\"name\":\"Computador BRX Intel Core i5, 4GB, SSD 120GB, Windows 10 Pro Bivolt - Eco-Tech - Solu\u00e7\u00f5es em tecnologia\",\"isPartOf\":{\"@id\":\"https:\/\/eco-tech.inf.br\/#website\"},\"primaryImageOfPage\":{\"@id\":\"https:\/\/eco-tech.inf.br\/index.php\/product\/computador-brx-intel-core-i5-4gb-ssd-120gb-windows-10-pro-bivolt\/#primaryimage\"},\"image\":{\"@id\":\"https:\/\/eco-tech.inf.br\/index.php\/product\/computador-brx-intel-core-i5-4gb-ssd-120gb-windows-10-pro-bivolt\/#primaryimage\"},\"thumbnailUrl\":\"https:\/\/i0.wp.com\/eco-tech.inf.br\/wp-content\/uploads\/2022\/03\/pc1.png?fit=447%2C401&ssl=1\",\"datePublished\":\"2022-03-27T03:30:50+00:00\",\"dateModified\":\"2022-10-27T00:50:11+00:00\",\"breadcrumb\":{\"@id\":\"https:\/\/eco-tech.inf.br\/index.php\/product\/computador-brx-intel-core-i5-4gb-ssd-120gb-windows-10-pro-bivolt\/#breadcrumb\"},\"inLanguage\":\"pt-BR\",\"potentialAction\":[{\"@type\":\"ReadAction\",\"target\":[\"https:\/\/eco-tech.inf.br\/index.php\/product\/computador-brx-intel-core-i5-4gb-ssd-120gb-windows-10-pro-bivolt\/\"]}]},{\"@type\":\"ImageObject\",\"inLanguage\":\"pt-BR\",\"@id\":\"https:\/\/eco-tech.inf.br\/index.php\/product\/computador-brx-intel-core-i5-4gb-ssd-120gb-windows-10-pro-bivolt\/#primaryimage\",\"url\":\"https:\/\/i0.wp.com\/eco-tech.inf.br\/wp-content\/uploads\/2022\/03\/pc1.png?fit=447%2C401&ssl=1\",\"contentUrl\":\"https:\/\/i0.wp.com\/eco-tech.inf.br\/wp-content\/uploads\/2022\/03\/pc1.png?fit=447%2C401&ssl=1\",\"width\":447,\"height\":401},{\"@type\":\"BreadcrumbList\",\"@id\":\"https:\/\/eco-tech.inf.br\/index.php\/product\/computador-brx-intel-core-i5-4gb-ssd-120gb-windows-10-pro-bivolt\/#breadcrumb\",\"itemListElement\":[{\"@type\":\"ListItem\",\"position\":1,\"name\":\"In\u00edcio\",\"item\":\"https:\/\/eco-tech.inf.br\/\"},{\"@type\":\"ListItem\",\"position\":2,\"name\":\"Produtos\",\"item\":\"https:\/\/eco-tech.inf.br\/index.php\/shop\/\"},{\"@type\":\"ListItem\",\"position\":3,\"name\":\"Computador BRX Intel Core i5, 4GB, SSD 120GB, Windows 10 Pro Bivolt\"}]},{\"@type\":\"WebSite\",\"@id\":\"https:\/\/eco-tech.inf.br\/#website\",\"url\":\"https:\/\/eco-tech.inf.br\/\",\"name\":\"Eco-Tech - Solu\u00e7\u00f5es em tecnologia\",\"description\":\"Possu\u00edmos mais de 15 (anos) anos de experi\u00eancia levando para o norte do Brasil tecnologia de ponta trazida por grandes organiza\u00e7\u00f5es dos mais variados seguimentos.\",\"publisher\":{\"@id\":\"https:\/\/eco-tech.inf.br\/#organization\"},\"potentialAction\":[{\"@type\":\"SearchAction\",\"target\":{\"@type\":\"EntryPoint\",\"urlTemplate\":\"https:\/\/eco-tech.inf.br\/?s={search_term_string}\"},\"query-input\":{\"@type\":\"PropertyValueSpecification\",\"valueRequired\":true,\"valueName\":\"search_term_string\"}}],\"inLanguage\":\"pt-BR\"},{\"@type\":\"Organization\",\"@id\":\"https:\/\/eco-tech.inf.br\/#organization\",\"name\":\"ELO SOLU\u00c7\u00d5ES TECNOL\u00d3GICA LTDA\",\"url\":\"https:\/\/eco-tech.inf.br\/\",\"logo\":{\"@type\":\"ImageObject\",\"inLanguage\":\"pt-BR\",\"@id\":\"https:\/\/eco-tech.inf.br\/#\/schema\/logo\/image\/\",\"url\":\"https:\/\/i0.wp.com\/eco-tech.inf.br\/wp-content\/uploads\/2022\/03\/cropped-novologo-1.jpg?fit=512%2C512&ssl=1\",\"contentUrl\":\"https:\/\/i0.wp.com\/eco-tech.inf.br\/wp-content\/uploads\/2022\/03\/cropped-novologo-1.jpg?fit=512%2C512&ssl=1\",\"width\":512,\"height\":512,\"caption\":\"ELO SOLU\u00c7\u00d5ES TECNOL\u00d3GICA LTDA\"},\"image\":{\"@id\":\"https:\/\/eco-tech.inf.br\/#\/schema\/logo\/image\/\"},\"sameAs\":[\"https:\/\/www.facebook.com\/EcoTech-Tecnologia-107960038523316\",\"https:\/\/www.instagram.com\/p\/CbRSB23MmFd\/?utm_medium=copy_link\"]}]}<\/script>\n<!-- \/ Yoast SEO plugin. -->","yoast_head_json":{"title":"Computador BRX Intel Core i5, 4GB, SSD 120GB, Windows 10 Pro Bivolt - Eco-Tech - Solu\u00e7\u00f5es em tecnologia","robots":{"index":"index","follow":"follow","max-snippet":"max-snippet:-1","max-image-preview":"max-image-preview:large","max-video-preview":"max-video-preview:-1"},"canonical":"https:\/\/eco-tech.inf.br\/index.php\/product\/computador-brx-intel-core-i5-4gb-ssd-120gb-windows-10-pro-bivolt\/","og_locale":"pt_BR","og_type":"article","og_title":"Computador BRX Intel Core i5, 4GB, SSD 120GB, Windows 10 Pro Bivolt - Eco-Tech - Solu\u00e7\u00f5es em tecnologia","og_url":"https:\/\/eco-tech.inf.br\/index.php\/product\/computador-brx-intel-core-i5-4gb-ssd-120gb-windows-10-pro-bivolt\/","og_site_name":"Eco-Tech - Solu\u00e7\u00f5es em tecnologia","article_publisher":"https:\/\/www.facebook.com\/EcoTech-Tecnologia-107960038523316","article_modified_time":"2022-10-27T00:50:11+00:00","og_image":[{"width":447,"height":401,"url":"https:\/\/i0.wp.com\/eco-tech.inf.br\/wp-content\/uploads\/2022\/03\/pc1.png?fit=447%2C401&ssl=1","type":"image\/png"}],"twitter_card":"summary_large_image","twitter_misc":{"Est. tempo de leitura":"1 minuto"},"schema":{"@context":"https:\/\/schema.org","@graph":[{"@type":"WebPage","@id":"https:\/\/eco-tech.inf.br\/index.php\/product\/computador-brx-intel-core-i5-4gb-ssd-120gb-windows-10-pro-bivolt\/","url":"https:\/\/eco-tech.inf.br\/index.php\/product\/computador-brx-intel-core-i5-4gb-ssd-120gb-windows-10-pro-bivolt\/","name":"Computador BRX Intel Core i5, 4GB, SSD 120GB, Windows 10 Pro Bivolt - Eco-Tech - Solu\u00e7\u00f5es em tecnologia","isPartOf":{"@id":"https:\/\/eco-tech.inf.br\/#website"},"primaryImageOfPage":{"@id":"https:\/\/eco-tech.inf.br\/index.php\/product\/computador-brx-intel-core-i5-4gb-ssd-120gb-windows-10-pro-bivolt\/#primaryimage"},"image":{"@id":"https:\/\/eco-tech.inf.br\/index.php\/product\/computador-brx-intel-core-i5-4gb-ssd-120gb-windows-10-pro-bivolt\/#primaryimage"},"thumbnailUrl":"https:\/\/i0.wp.com\/eco-tech.inf.br\/wp-content\/uploads\/2022\/03\/pc1.png?fit=447%2C401&ssl=1","datePublished":"2022-03-27T03:30:50+00:00","dateModified":"2022-10-27T00:50:11+00:00","breadcrumb":{"@id":"https:\/\/eco-tech.inf.br\/index.php\/product\/computador-brx-intel-core-i5-4gb-ssd-120gb-windows-10-pro-bivolt\/#breadcrumb"},"inLanguage":"pt-BR","potentialAction":[{"@type":"ReadAction","target":["https:\/\/eco-tech.inf.br\/index.php\/product\/computador-brx-intel-core-i5-4gb-ssd-120gb-windows-10-pro-bivolt\/"]}]},{"@type":"ImageObject","inLanguage":"pt-BR","@id":"https:\/\/eco-tech.inf.br\/index.php\/product\/computador-brx-intel-core-i5-4gb-ssd-120gb-windows-10-pro-bivolt\/#primaryimage","url":"https:\/\/i0.wp.com\/eco-tech.inf.br\/wp-content\/uploads\/2022\/03\/pc1.png?fit=447%2C401&ssl=1","contentUrl":"https:\/\/i0.wp.com\/eco-tech.inf.br\/wp-content\/uploads\/2022\/03\/pc1.png?fit=447%2C401&ssl=1","width":447,"height":401},{"@type":"BreadcrumbList","@id":"https:\/\/eco-tech.inf.br\/index.php\/product\/computador-brx-intel-core-i5-4gb-ssd-120gb-windows-10-pro-bivolt\/#breadcrumb","itemListElement":[{"@type":"ListItem","position":1,"name":"In\u00edcio","item":"https:\/\/eco-tech.inf.br\/"},{"@type":"ListItem","position":2,"name":"Produtos","item":"https:\/\/eco-tech.inf.br\/index.php\/shop\/"},{"@type":"ListItem","position":3,"name":"Computador BRX Intel Core i5, 4GB, SSD 120GB, Windows 10 Pro Bivolt"}]},{"@type":"WebSite","@id":"https:\/\/eco-tech.inf.br\/#website","url":"https:\/\/eco-tech.inf.br\/","name":"Eco-Tech - Solu\u00e7\u00f5es em tecnologia","description":"Possu\u00edmos mais de 15 (anos) anos de experi\u00eancia levando para o norte do Brasil tecnologia de ponta trazida por grandes organiza\u00e7\u00f5es dos mais variados seguimentos.","publisher":{"@id":"https:\/\/eco-tech.inf.br\/#organization"},"potentialAction":[{"@type":"SearchAction","target":{"@type":"EntryPoint","urlTemplate":"https:\/\/eco-tech.inf.br\/?s={search_term_string}"},"query-input":{"@type":"PropertyValueSpecification","valueRequired":true,"valueName":"search_term_string"}}],"inLanguage":"pt-BR"},{"@type":"Organization","@id":"https:\/\/eco-tech.inf.br\/#organization","name":"ELO SOLU\u00c7\u00d5ES TECNOL\u00d3GICA LTDA","url":"https:\/\/eco-tech.inf.br\/","logo":{"@type":"ImageObject","inLanguage":"pt-BR","@id":"https:\/\/eco-tech.inf.br\/#\/schema\/logo\/image\/","url":"https:\/\/i0.wp.com\/eco-tech.inf.br\/wp-content\/uploads\/2022\/03\/cropped-novologo-1.jpg?fit=512%2C512&ssl=1","contentUrl":"https:\/\/i0.wp.com\/eco-tech.inf.br\/wp-content\/uploads\/2022\/03\/cropped-novologo-1.jpg?fit=512%2C512&ssl=1","width":512,"height":512,"caption":"ELO SOLU\u00c7\u00d5ES TECNOL\u00d3GICA LTDA"},"image":{"@id":"https:\/\/eco-tech.inf.br\/#\/schema\/logo\/image\/"},"sameAs":["https:\/\/www.facebook.com\/EcoTech-Tecnologia-107960038523316","https:\/\/www.instagram.com\/p\/CbRSB23MmFd\/?utm_medium=copy_link"]}]}},"jetpack_sharing_enabled":true,"_links":{"self":[{"href":"https:\/\/eco-tech.inf.br\/index.php\/wp-json\/wp\/v2\/product\/137"}],"collection":[{"href":"https:\/\/eco-tech.inf.br\/index.php\/wp-json\/wp\/v2\/product"}],"about":[{"href":"https:\/\/eco-tech.inf.br\/index.php\/wp-json\/wp\/v2\/types\/product"}],"replies":[{"embeddable":true,"href":"https:\/\/eco-tech.inf.br\/index.php\/wp-json\/wp\/v2\/comments?post=137"}],"wp:featuredmedia":[{"embeddable":true,"href":"https:\/\/eco-tech.inf.br\/index.php\/wp-json\/wp\/v2\/media\/138"}],"wp:attachment":[{"href":"https:\/\/eco-tech.inf.br\/index.php\/wp-json\/wp\/v2\/media?parent=137"}],"wp:term":[{"taxonomy":"product_cat","embeddable":true,"href":"https:\/\/eco-tech.inf.br\/index.php\/wp-json\/wp\/v2\/product_cat?post=137"},{"taxonomy":"product_tag","embeddable":true,"href":"https:\/\/eco-tech.inf.br\/index.php\/wp-json\/wp\/v2\/product_tag?post=137"}],"curies":[{"name":"wp","href":"https:\/\/api.w.org\/{rel}","templated":true}]}}