{"id":134,"date":"2022-03-26T23:16:00","date_gmt":"2022-03-27T03:16:00","guid":{"rendered":"https:\/\/eco-tech.inf.br\/?post_type=product&#038;p=134"},"modified":"2022-10-28T07:59:51","modified_gmt":"2022-10-28T11:59:51","slug":"impressora-termica-tanca-tp-650-velocidade-de-impressao-250-mm-s-preto-bivolt","status":"publish","type":"product","link":"https:\/\/eco-tech.inf.br\/index.php\/product\/impressora-termica-tanca-tp-650-velocidade-de-impressao-250-mm-s-preto-bivolt\/","title":{"rendered":"Impressora T\u00e9rmica Tanca TP-650, Velocidade de Impress\u00e3o 250 mm\/s Preto Bivolt"},"content":{"rendered":"<div class=\"productDescription\">A impressora Tanca TP-650 garante ao usu\u00e1rio rapidez na sua impress\u00e3o com velocidade de 250mm\/s. Seu design moderno possui a carga de papel simplificada atrav\u00e9s do modo Easy Load, o que facilita a troca de bobinas. Dispondo de 3 interfaces integradas permitindo conex\u00e3o Ethernet, Serial e USB sem a necessidade de placas adicionais a TP-650 oferece efici\u00eancia, al\u00e9m de possuir f\u00e1cil integra\u00e7\u00e3o ao protocolo ESC\/POS.<\/div>\n<div id=\"caracteristicas\">\n<div class=\"spec-table-item\" data-group=\"conectividade\">\n<h4 class=\"group Conectividade\">CONECTIVIDADE<\/h4>\n<table class=\"group Conectividade\" cellspacing=\"0\">\n<tbody>\n<tr class=\"even\">\n<th class=\"name-field Porta-Ethernet-RJ45-\">Porta Ethernet (RJ45)<\/th>\n<td class=\"value-field Porta-Ethernet-RJ45-\">Sim<\/td>\n<\/tr>\n<tr>\n<th class=\"name-field Porta-USB\">Porta USB<\/th>\n<td class=\"value-field Porta-USB\">Sim<\/td>\n<\/tr>\n<tr class=\"even\">\n<th class=\"name-field Porta-Serial\">Porta Serial<\/th>\n<td class=\"value-field Porta-Serial\">Sim<\/td>\n<\/tr>\n<\/tbody>\n<\/table>\n<\/div>\n<div class=\"spec-table-item\" data-group=\"conteudo-da-embalagem\">\n<h4 class=\"group Conteudo-da-Embalagem\">CONTE\u00daDO DA EMBALAGEM<\/h4>\n<table class=\"group Conteudo-da-Embalagem\" cellspacing=\"0\">\n<tbody>\n<tr class=\"even\">\n<th class=\"name-field Scanner\">Scanner<\/th>\n<td class=\"value-field Scanner\">N\u00e3o<\/td>\n<\/tr>\n<\/tbody>\n<\/table>\n<\/div>\n<div class=\"spec-table-item\" data-group=\"especificacoes-tecnicas\">\n<h4 class=\"group Especificacoes-Tecnicas\">ESPECIFICA\u00c7\u00d5ES T\u00c9CNICAS<\/h4>\n<table class=\"group Especificacoes-Tecnicas\" cellspacing=\"0\">\n<tbody>\n<tr class=\"even\">\n<th class=\"name-field Cor\">Cor<\/th>\n<td class=\"value-field Cor\">Preto<\/td>\n<\/tr>\n<tr>\n<th class=\"name-field Dimensoes-do-Produto\">Dimens\u00f5es do Produto<\/th>\n<td class=\"value-field Dimensoes-do-Produto\">143 x 140 x 191 MM<\/td>\n<\/tr>\n<tr class=\"even\">\n<th class=\"name-field Peso-do-produto\">Peso do produto<\/th>\n<td class=\"value-field Peso-do-produto\">1,3 KG<\/td>\n<\/tr>\n<tr>\n<th class=\"name-field Tecnologia-de-Impressao\">Tecnologia de Impress\u00e3o<\/th>\n<td class=\"value-field Tecnologia-de-Impressao\">Jato de Tinta T\u00e9rmico<\/td>\n<\/tr>\n<tr class=\"even\">\n<th class=\"name-field Tipos-de-Suprimento\">Tipos de Suprimento<\/th>\n<td class=\"value-field Tipos-de-Suprimento\">N\u00c3O<\/td>\n<\/tr>\n<tr>\n<th class=\"name-field Garantia-do-Fabricante\">Garantia do Fabricante<\/th>\n<td class=\"value-field Garantia-do-Fabricante\">3 Anos<\/td>\n<\/tr>\n<tr class=\"even\">\n<th class=\"name-field Bobina\">Bobina<\/th>\n<td class=\"value-field Bobina\">Troca Easy load<\/td>\n<\/tr>\n<tr>\n<th class=\"name-field Alimentacao-de-Papel\">Alimenta\u00e7\u00e3o de Papel<\/th>\n<td class=\"value-field Alimentacao-de-Papel\">Bobina 80mm<\/td>\n<\/tr>\n<tr class=\"even\">\n<th class=\"name-field Velocidade-de-Impressao\">Velocidade de Impress\u00e3o<\/th>\n<td class=\"value-field Velocidade-de-Impressao\">250 mm\/s<\/td>\n<\/tr>\n<tr>\n<th class=\"name-field Garantia-da-Cabeca-de-Impressao\">Garantia da Cabe\u00e7a de Impress\u00e3o<\/th>\n<td class=\"value-field Garantia-da-Cabeca-de-Impressao\">100KM<\/td>\n<\/tr>\n<\/tbody>\n<\/table>\n<\/div>\n<div class=\"spec-table-item\" data-group=\"recursos\">\n<h4 class=\"group Recursos\">RECURSOS<\/h4>\n<table class=\"group Recursos\" cellspacing=\"0\">\n<tbody>\n<tr class=\"even\">\n<th class=\"name-field Fax\">Fax<\/th>\n<td class=\"value-field Fax\">N\/A<\/td>\n<\/tr>\n<tr>\n<th class=\"name-field Scanner\">Scanner<\/th>\n<td class=\"value-field Scanner\">N\u00e3o<\/td>\n<\/tr>\n<\/tbody>\n<\/table>\n<\/div>\n<div class=\"spec-table-item\" data-group=\"informacoes-tecnicas\">\n<h4 class=\"group Informacoes-Tecnicas\">INFORMA\u00c7\u00d5ES T\u00c9CNICAS<\/h4>\n<table class=\"group Informacoes-Tecnicas\" cellspacing=\"0\">\n<tbody>\n<tr class=\"even\">\n<th class=\"name-field Procedencia\">Proced\u00eancia<\/th>\n<td class=\"value-field Procedencia\">4-Nacional, produzido com PPB<\/td>\n<\/tr>\n<tr>\n<th class=\"name-field GTIN\">GTIN<\/th>\n<td class=\"value-field GTIN\">7898640051383<\/td>\n<\/tr>\n<\/tbody>\n<\/table>\n<\/div>\n<div class=\"spec-table-item\" data-group=\"itens-inclusos\">\n<h4 class=\"group Itens-Inclusos\">ITENS INCLUSOS<\/h4>\n<table class=\"group Itens-Inclusos\" cellspacing=\"0\">\n<tbody>\n<tr class=\"even\">\n<th class=\"name-field Cabeca-de-Impressao\">Cabe\u00e7a de Impress\u00e3o<\/th>\n<td class=\"value-field Cabeca-de-Impressao\">1<\/td>\n<\/tr>\n<\/tbody>\n<\/table>\n<\/div>\n<\/div>\n","protected":false},"excerpt":{"rendered":"<p><img loading=\"lazy\" decoding=\"async\" class=\"alignnone size-medium wp-image-135\" src=\"http:\/\/eco-tech.inf.br\/wp-content\/uploads\/2022\/03\/228722-300x300.png\" alt=\"\" width=\"300\" height=\"300\" srcset=\"https:\/\/i0.wp.com\/eco-tech.inf.br\/wp-content\/uploads\/2022\/03\/228722.png?resize=300%2C300&amp;ssl=1 300w, https:\/\/i0.wp.com\/eco-tech.inf.br\/wp-content\/uploads\/2022\/03\/228722.png?resize=150%2C150&amp;ssl=1 150w, https:\/\/i0.wp.com\/eco-tech.inf.br\/wp-content\/uploads\/2022\/03\/228722.png?resize=768%2C768&amp;ssl=1 768w, https:\/\/i0.wp.com\/eco-tech.inf.br\/wp-content\/uploads\/2022\/03\/228722.png?resize=600%2C600&amp;ssl=1 600w, https:\/\/i0.wp.com\/eco-tech.inf.br\/wp-content\/uploads\/2022\/03\/228722.png?resize=100%2C100&amp;ssl=1 100w, https:\/\/i0.wp.com\/eco-tech.inf.br\/wp-content\/uploads\/2022\/03\/228722.png?w=1000&amp;ssl=1 1000w\" sizes=\"(max-width: 300px) 100vw, 300px\" \/><\/p>\n","protected":false},"featured_media":135,"comment_status":"closed","ping_status":"closed","template":"","meta":[],"product_cat":[22],"product_tag":[],"yoast_head":"<!-- This site is optimized with the Yoast SEO plugin v23.5 - https:\/\/yoast.com\/wordpress\/plugins\/seo\/ -->\n<title>Impressora T\u00e9rmica Tanca TP-650, Velocidade de Impress\u00e3o 250 mm\/s Preto Bivolt - Eco-Tech - Solu\u00e7\u00f5es em tecnologia<\/title>\n<meta name=\"robots\" content=\"index, follow, max-snippet:-1, max-image-preview:large, max-video-preview:-1\" \/>\n<link rel=\"canonical\" href=\"https:\/\/eco-tech.inf.br\/index.php\/product\/impressora-termica-tanca-tp-650-velocidade-de-impressao-250-mm-s-preto-bivolt\/\" \/>\n<meta property=\"og:locale\" content=\"pt_BR\" \/>\n<meta property=\"og:type\" content=\"article\" \/>\n<meta property=\"og:title\" content=\"Impressora T\u00e9rmica Tanca TP-650, Velocidade de Impress\u00e3o 250 mm\/s Preto Bivolt - Eco-Tech - Solu\u00e7\u00f5es em tecnologia\" \/>\n<meta property=\"og:url\" content=\"https:\/\/eco-tech.inf.br\/index.php\/product\/impressora-termica-tanca-tp-650-velocidade-de-impressao-250-mm-s-preto-bivolt\/\" \/>\n<meta property=\"og:site_name\" content=\"Eco-Tech - Solu\u00e7\u00f5es em tecnologia\" \/>\n<meta property=\"article:publisher\" content=\"https:\/\/www.facebook.com\/EcoTech-Tecnologia-107960038523316\" \/>\n<meta property=\"article:modified_time\" content=\"2022-10-28T11:59:51+00:00\" \/>\n<meta property=\"og:image\" content=\"https:\/\/i0.wp.com\/eco-tech.inf.br\/wp-content\/uploads\/2022\/03\/228722.png?fit=1000%2C1000&ssl=1\" \/>\n\t<meta property=\"og:image:width\" content=\"1000\" \/>\n\t<meta property=\"og:image:height\" content=\"1000\" \/>\n\t<meta property=\"og:image:type\" content=\"image\/png\" \/>\n<meta name=\"twitter:card\" content=\"summary_large_image\" \/>\n<meta name=\"twitter:label1\" content=\"Est. tempo de leitura\" \/>\n\t<meta name=\"twitter:data1\" content=\"1 minuto\" \/>\n<script type=\"application\/ld+json\" class=\"yoast-schema-graph\">{\"@context\":\"https:\/\/schema.org\",\"@graph\":[{\"@type\":\"WebPage\",\"@id\":\"https:\/\/eco-tech.inf.br\/index.php\/product\/impressora-termica-tanca-tp-650-velocidade-de-impressao-250-mm-s-preto-bivolt\/\",\"url\":\"https:\/\/eco-tech.inf.br\/index.php\/product\/impressora-termica-tanca-tp-650-velocidade-de-impressao-250-mm-s-preto-bivolt\/\",\"name\":\"Impressora T\u00e9rmica Tanca TP-650, Velocidade de Impress\u00e3o 250 mm\/s Preto Bivolt - Eco-Tech - Solu\u00e7\u00f5es em tecnologia\",\"isPartOf\":{\"@id\":\"https:\/\/eco-tech.inf.br\/#website\"},\"primaryImageOfPage\":{\"@id\":\"https:\/\/eco-tech.inf.br\/index.php\/product\/impressora-termica-tanca-tp-650-velocidade-de-impressao-250-mm-s-preto-bivolt\/#primaryimage\"},\"image\":{\"@id\":\"https:\/\/eco-tech.inf.br\/index.php\/product\/impressora-termica-tanca-tp-650-velocidade-de-impressao-250-mm-s-preto-bivolt\/#primaryimage\"},\"thumbnailUrl\":\"https:\/\/i0.wp.com\/eco-tech.inf.br\/wp-content\/uploads\/2022\/03\/228722.png?fit=1000%2C1000&ssl=1\",\"datePublished\":\"2022-03-27T03:16:00+00:00\",\"dateModified\":\"2022-10-28T11:59:51+00:00\",\"breadcrumb\":{\"@id\":\"https:\/\/eco-tech.inf.br\/index.php\/product\/impressora-termica-tanca-tp-650-velocidade-de-impressao-250-mm-s-preto-bivolt\/#breadcrumb\"},\"inLanguage\":\"pt-BR\",\"potentialAction\":[{\"@type\":\"ReadAction\",\"target\":[\"https:\/\/eco-tech.inf.br\/index.php\/product\/impressora-termica-tanca-tp-650-velocidade-de-impressao-250-mm-s-preto-bivolt\/\"]}]},{\"@type\":\"ImageObject\",\"inLanguage\":\"pt-BR\",\"@id\":\"https:\/\/eco-tech.inf.br\/index.php\/product\/impressora-termica-tanca-tp-650-velocidade-de-impressao-250-mm-s-preto-bivolt\/#primaryimage\",\"url\":\"https:\/\/i0.wp.com\/eco-tech.inf.br\/wp-content\/uploads\/2022\/03\/228722.png?fit=1000%2C1000&ssl=1\",\"contentUrl\":\"https:\/\/i0.wp.com\/eco-tech.inf.br\/wp-content\/uploads\/2022\/03\/228722.png?fit=1000%2C1000&ssl=1\",\"width\":1000,\"height\":1000},{\"@type\":\"BreadcrumbList\",\"@id\":\"https:\/\/eco-tech.inf.br\/index.php\/product\/impressora-termica-tanca-tp-650-velocidade-de-impressao-250-mm-s-preto-bivolt\/#breadcrumb\",\"itemListElement\":[{\"@type\":\"ListItem\",\"position\":1,\"name\":\"In\u00edcio\",\"item\":\"https:\/\/eco-tech.inf.br\/\"},{\"@type\":\"ListItem\",\"position\":2,\"name\":\"Produtos\",\"item\":\"https:\/\/eco-tech.inf.br\/index.php\/shop\/\"},{\"@type\":\"ListItem\",\"position\":3,\"name\":\"Impressora T\u00e9rmica Tanca TP-650, Velocidade de Impress\u00e3o 250 mm\/s Preto Bivolt\"}]},{\"@type\":\"WebSite\",\"@id\":\"https:\/\/eco-tech.inf.br\/#website\",\"url\":\"https:\/\/eco-tech.inf.br\/\",\"name\":\"Eco-Tech - Solu\u00e7\u00f5es em tecnologia\",\"description\":\"Possu\u00edmos mais de 15 (anos) anos de experi\u00eancia levando para o norte do Brasil tecnologia de ponta trazida por grandes organiza\u00e7\u00f5es dos mais variados seguimentos.\",\"publisher\":{\"@id\":\"https:\/\/eco-tech.inf.br\/#organization\"},\"potentialAction\":[{\"@type\":\"SearchAction\",\"target\":{\"@type\":\"EntryPoint\",\"urlTemplate\":\"https:\/\/eco-tech.inf.br\/?s={search_term_string}\"},\"query-input\":{\"@type\":\"PropertyValueSpecification\",\"valueRequired\":true,\"valueName\":\"search_term_string\"}}],\"inLanguage\":\"pt-BR\"},{\"@type\":\"Organization\",\"@id\":\"https:\/\/eco-tech.inf.br\/#organization\",\"name\":\"ELO SOLU\u00c7\u00d5ES TECNOL\u00d3GICA LTDA\",\"url\":\"https:\/\/eco-tech.inf.br\/\",\"logo\":{\"@type\":\"ImageObject\",\"inLanguage\":\"pt-BR\",\"@id\":\"https:\/\/eco-tech.inf.br\/#\/schema\/logo\/image\/\",\"url\":\"https:\/\/i0.wp.com\/eco-tech.inf.br\/wp-content\/uploads\/2022\/03\/cropped-novologo-1.jpg?fit=512%2C512&ssl=1\",\"contentUrl\":\"https:\/\/i0.wp.com\/eco-tech.inf.br\/wp-content\/uploads\/2022\/03\/cropped-novologo-1.jpg?fit=512%2C512&ssl=1\",\"width\":512,\"height\":512,\"caption\":\"ELO SOLU\u00c7\u00d5ES TECNOL\u00d3GICA LTDA\"},\"image\":{\"@id\":\"https:\/\/eco-tech.inf.br\/#\/schema\/logo\/image\/\"},\"sameAs\":[\"https:\/\/www.facebook.com\/EcoTech-Tecnologia-107960038523316\",\"https:\/\/www.instagram.com\/p\/CbRSB23MmFd\/?utm_medium=copy_link\"]}]}<\/script>\n<!-- \/ Yoast SEO plugin. -->","yoast_head_json":{"title":"Impressora T\u00e9rmica Tanca TP-650, Velocidade de Impress\u00e3o 250 mm\/s Preto Bivolt - Eco-Tech - Solu\u00e7\u00f5es em tecnologia","robots":{"index":"index","follow":"follow","max-snippet":"max-snippet:-1","max-image-preview":"max-image-preview:large","max-video-preview":"max-video-preview:-1"},"canonical":"https:\/\/eco-tech.inf.br\/index.php\/product\/impressora-termica-tanca-tp-650-velocidade-de-impressao-250-mm-s-preto-bivolt\/","og_locale":"pt_BR","og_type":"article","og_title":"Impressora T\u00e9rmica Tanca TP-650, Velocidade de Impress\u00e3o 250 mm\/s Preto Bivolt - Eco-Tech - Solu\u00e7\u00f5es em tecnologia","og_url":"https:\/\/eco-tech.inf.br\/index.php\/product\/impressora-termica-tanca-tp-650-velocidade-de-impressao-250-mm-s-preto-bivolt\/","og_site_name":"Eco-Tech - Solu\u00e7\u00f5es em tecnologia","article_publisher":"https:\/\/www.facebook.com\/EcoTech-Tecnologia-107960038523316","article_modified_time":"2022-10-28T11:59:51+00:00","og_image":[{"width":1000,"height":1000,"url":"https:\/\/i0.wp.com\/eco-tech.inf.br\/wp-content\/uploads\/2022\/03\/228722.png?fit=1000%2C1000&ssl=1","type":"image\/png"}],"twitter_card":"summary_large_image","twitter_misc":{"Est. tempo de leitura":"1 minuto"},"schema":{"@context":"https:\/\/schema.org","@graph":[{"@type":"WebPage","@id":"https:\/\/eco-tech.inf.br\/index.php\/product\/impressora-termica-tanca-tp-650-velocidade-de-impressao-250-mm-s-preto-bivolt\/","url":"https:\/\/eco-tech.inf.br\/index.php\/product\/impressora-termica-tanca-tp-650-velocidade-de-impressao-250-mm-s-preto-bivolt\/","name":"Impressora T\u00e9rmica Tanca TP-650, Velocidade de Impress\u00e3o 250 mm\/s Preto Bivolt - Eco-Tech - Solu\u00e7\u00f5es em tecnologia","isPartOf":{"@id":"https:\/\/eco-tech.inf.br\/#website"},"primaryImageOfPage":{"@id":"https:\/\/eco-tech.inf.br\/index.php\/product\/impressora-termica-tanca-tp-650-velocidade-de-impressao-250-mm-s-preto-bivolt\/#primaryimage"},"image":{"@id":"https:\/\/eco-tech.inf.br\/index.php\/product\/impressora-termica-tanca-tp-650-velocidade-de-impressao-250-mm-s-preto-bivolt\/#primaryimage"},"thumbnailUrl":"https:\/\/i0.wp.com\/eco-tech.inf.br\/wp-content\/uploads\/2022\/03\/228722.png?fit=1000%2C1000&ssl=1","datePublished":"2022-03-27T03:16:00+00:00","dateModified":"2022-10-28T11:59:51+00:00","breadcrumb":{"@id":"https:\/\/eco-tech.inf.br\/index.php\/product\/impressora-termica-tanca-tp-650-velocidade-de-impressao-250-mm-s-preto-bivolt\/#breadcrumb"},"inLanguage":"pt-BR","potentialAction":[{"@type":"ReadAction","target":["https:\/\/eco-tech.inf.br\/index.php\/product\/impressora-termica-tanca-tp-650-velocidade-de-impressao-250-mm-s-preto-bivolt\/"]}]},{"@type":"ImageObject","inLanguage":"pt-BR","@id":"https:\/\/eco-tech.inf.br\/index.php\/product\/impressora-termica-tanca-tp-650-velocidade-de-impressao-250-mm-s-preto-bivolt\/#primaryimage","url":"https:\/\/i0.wp.com\/eco-tech.inf.br\/wp-content\/uploads\/2022\/03\/228722.png?fit=1000%2C1000&ssl=1","contentUrl":"https:\/\/i0.wp.com\/eco-tech.inf.br\/wp-content\/uploads\/2022\/03\/228722.png?fit=1000%2C1000&ssl=1","width":1000,"height":1000},{"@type":"BreadcrumbList","@id":"https:\/\/eco-tech.inf.br\/index.php\/product\/impressora-termica-tanca-tp-650-velocidade-de-impressao-250-mm-s-preto-bivolt\/#breadcrumb","itemListElement":[{"@type":"ListItem","position":1,"name":"In\u00edcio","item":"https:\/\/eco-tech.inf.br\/"},{"@type":"ListItem","position":2,"name":"Produtos","item":"https:\/\/eco-tech.inf.br\/index.php\/shop\/"},{"@type":"ListItem","position":3,"name":"Impressora T\u00e9rmica Tanca TP-650, Velocidade de Impress\u00e3o 250 mm\/s Preto Bivolt"}]},{"@type":"WebSite","@id":"https:\/\/eco-tech.inf.br\/#website","url":"https:\/\/eco-tech.inf.br\/","name":"Eco-Tech - Solu\u00e7\u00f5es em tecnologia","description":"Possu\u00edmos mais de 15 (anos) anos de experi\u00eancia levando para o norte do Brasil tecnologia de ponta trazida por grandes organiza\u00e7\u00f5es dos mais variados seguimentos.","publisher":{"@id":"https:\/\/eco-tech.inf.br\/#organization"},"potentialAction":[{"@type":"SearchAction","target":{"@type":"EntryPoint","urlTemplate":"https:\/\/eco-tech.inf.br\/?s={search_term_string}"},"query-input":{"@type":"PropertyValueSpecification","valueRequired":true,"valueName":"search_term_string"}}],"inLanguage":"pt-BR"},{"@type":"Organization","@id":"https:\/\/eco-tech.inf.br\/#organization","name":"ELO SOLU\u00c7\u00d5ES TECNOL\u00d3GICA LTDA","url":"https:\/\/eco-tech.inf.br\/","logo":{"@type":"ImageObject","inLanguage":"pt-BR","@id":"https:\/\/eco-tech.inf.br\/#\/schema\/logo\/image\/","url":"https:\/\/i0.wp.com\/eco-tech.inf.br\/wp-content\/uploads\/2022\/03\/cropped-novologo-1.jpg?fit=512%2C512&ssl=1","contentUrl":"https:\/\/i0.wp.com\/eco-tech.inf.br\/wp-content\/uploads\/2022\/03\/cropped-novologo-1.jpg?fit=512%2C512&ssl=1","width":512,"height":512,"caption":"ELO SOLU\u00c7\u00d5ES TECNOL\u00d3GICA LTDA"},"image":{"@id":"https:\/\/eco-tech.inf.br\/#\/schema\/logo\/image\/"},"sameAs":["https:\/\/www.facebook.com\/EcoTech-Tecnologia-107960038523316","https:\/\/www.instagram.com\/p\/CbRSB23MmFd\/?utm_medium=copy_link"]}]}},"jetpack_sharing_enabled":true,"_links":{"self":[{"href":"https:\/\/eco-tech.inf.br\/index.php\/wp-json\/wp\/v2\/product\/134"}],"collection":[{"href":"https:\/\/eco-tech.inf.br\/index.php\/wp-json\/wp\/v2\/product"}],"about":[{"href":"https:\/\/eco-tech.inf.br\/index.php\/wp-json\/wp\/v2\/types\/product"}],"replies":[{"embeddable":true,"href":"https:\/\/eco-tech.inf.br\/index.php\/wp-json\/wp\/v2\/comments?post=134"}],"wp:featuredmedia":[{"embeddable":true,"href":"https:\/\/eco-tech.inf.br\/index.php\/wp-json\/wp\/v2\/media\/135"}],"wp:attachment":[{"href":"https:\/\/eco-tech.inf.br\/index.php\/wp-json\/wp\/v2\/media?parent=134"}],"wp:term":[{"taxonomy":"product_cat","embeddable":true,"href":"https:\/\/eco-tech.inf.br\/index.php\/wp-json\/wp\/v2\/product_cat?post=134"},{"taxonomy":"product_tag","embeddable":true,"href":"https:\/\/eco-tech.inf.br\/index.php\/wp-json\/wp\/v2\/product_tag?post=134"}],"curies":[{"name":"wp","href":"https:\/\/api.w.org\/{rel}","templated":true}]}}