{"id":1025,"date":"2025-05-27T00:38:07","date_gmt":"2025-05-27T04:38:07","guid":{"rendered":"https:\/\/eco-tech.inf.br\/?post_type=product&#038;p=1025"},"modified":"2025-05-27T00:38:07","modified_gmt":"2025-05-27T04:38:07","slug":"lavadora-turbo-economia-8-kg-ltd09-electrolux-perfeito-estado","status":"publish","type":"product","link":"https:\/\/eco-tech.inf.br\/index.php\/product\/lavadora-turbo-economia-8-kg-ltd09-electrolux-perfeito-estado\/","title":{"rendered":"Lavadora Turbo Economia 8 Kg &#8211; LTD09 &#8211; Electrolux perfeito estado"},"content":{"rendered":"<p>Lavadora Turbo Economia 8 Kg &#8211; Ref: LTD09 &#8211; da marca Electrolux Principais Caracter\u00edsticas: \u2022 Turbo Capacidade 8kg: lava mais roupa em menos tempo e espa\u00e7o, economizando \u00e1gua, energia e produtos de limpeza. \u2022 Novo design: moderno e arrojado, o que faltava para deixar sua lavanderia ainda mais bonita. \u2022 Exclusiva Tecla Economia: praticidade total no reaproveitamento de \u00e1gua da lavagem para outros fins. Voc\u00ea economiza muito e ajuda o planeta. \u2022 Turbo Secagem: centrifuga\u00e7\u00e3o mais eficiente em um toque, roupas mais secas em menos tempo. \u2022 Filtro pega-fiapos no agitador: ret\u00e9m os fiapos desagrad\u00e1veis que podem ficar nas roupas ap\u00f3s a lavagem. \u2022 Duplo enx\u00e1gue: para quem deseja ainda mais performance e limpeza das roupas. \u2022 Dispenser Inteligente: Flex\u00edvel, permite o uso de sab\u00e3o l\u00edquido ou em p\u00f3, al\u00e9m de ser f\u00e1cil de abrir e manusear. \u2022 Programa R\u00e1pido 19 minutos: Ideal para roupas pouco sujas. Mais tempo livre para voc\u00ea. \u2022 Dilui\u00e7\u00e3o Inteligente: Mistura previamente sab\u00e3o, alvejante e amaciante com a \u00e1gua evitando que caiam diretamente nas roupas e causem eventuais manchas. \u2022 R\u00e9gua Indicadora: Voc\u00ea coloca as roupas no cesto e a r\u00e9gua indica qual o n\u00edvel de \u00e1gua deve ser selecionado e a quantidade de sab\u00e3o (l\u00edquido ou p\u00f3) que deve ser colocado no dispenser. \u2022 4 N\u00edveis de \u00e1gua: Voc\u00ea s\u00f3 utiliza a quantidade necess\u00e1ria de \u00e1gua, evitando desperd\u00edcios. \u2022Tecla Avan\u00e7a Etapas: Voc\u00ea pode avan\u00e7ar as etapas a qualquer momento. Muito mais flexibilidade na hora da lavagem. \u2022 12 programas de lavagem: Especialmente desenvolvidos para lavar adequadamente todos os tipos de roupas e sujeiras. \u2022 Programa t\u00eanis: A lavagem ideal que protege o t\u00eanis e a lavadora. \u2022 Cesto com 10 anos de garantia: Em polipropileno especial muito mais resistente. N\u00e3o enferruja nunca. AVISO: Imagens meramente ilustrativas, objetos decorativos n\u00e3o acompanham o produto.<\/p>\n","protected":false},"excerpt":{"rendered":"<p>Lavadora Turbo Economia 8 Kg &#8211; Ref: LTD09 &#8211; da marca Electrolux Principais Caracter\u00edsticas: \u2022 Turbo Capacidade 8kg: lava mais roupa em menos tempo e espa\u00e7o, economizando \u00e1gua, energia e produtos de limpeza. \u2022 Novo design: moderno e arrojado, o que faltava para deixar sua lavanderia ainda mais bonita. \u2022 Exclusiva Tecla Economia: praticidade total [&hellip;]<\/p>\n","protected":false},"featured_media":1026,"comment_status":"closed","ping_status":"closed","template":"","meta":[],"product_cat":[202],"product_tag":[],"yoast_head":"<!-- This site is optimized with the Yoast SEO plugin v23.5 - https:\/\/yoast.com\/wordpress\/plugins\/seo\/ -->\n<title>Lavadora Turbo Economia 8 Kg - LTD09 - Electrolux perfeito estado - Eco-Tech - Solu\u00e7\u00f5es em tecnologia<\/title>\n<meta name=\"robots\" content=\"index, follow, max-snippet:-1, max-image-preview:large, max-video-preview:-1\" \/>\n<link rel=\"canonical\" href=\"https:\/\/eco-tech.inf.br\/index.php\/product\/lavadora-turbo-economia-8-kg-ltd09-electrolux-perfeito-estado\/\" \/>\n<meta property=\"og:locale\" content=\"pt_BR\" \/>\n<meta property=\"og:type\" content=\"article\" \/>\n<meta property=\"og:title\" content=\"Lavadora Turbo Economia 8 Kg - LTD09 - Electrolux perfeito estado - Eco-Tech - Solu\u00e7\u00f5es em tecnologia\" \/>\n<meta property=\"og:description\" content=\"Lavadora Turbo Economia 8 Kg &#8211; Ref: LTD09 &#8211; da marca Electrolux Principais Caracter\u00edsticas: \u2022 Turbo Capacidade 8kg: lava mais roupa em menos tempo e espa\u00e7o, economizando \u00e1gua, energia e produtos de limpeza. \u2022 Novo design: moderno e arrojado, o que faltava para deixar sua lavanderia ainda mais bonita. \u2022 Exclusiva Tecla Economia: praticidade total [&hellip;]\" \/>\n<meta property=\"og:url\" content=\"https:\/\/eco-tech.inf.br\/index.php\/product\/lavadora-turbo-economia-8-kg-ltd09-electrolux-perfeito-estado\/\" \/>\n<meta property=\"og:site_name\" content=\"Eco-Tech - Solu\u00e7\u00f5es em tecnologia\" \/>\n<meta property=\"article:publisher\" content=\"https:\/\/www.facebook.com\/EcoTech-Tecnologia-107960038523316\" \/>\n<meta property=\"og:image\" content=\"http:\/\/eco-tech.inf.br\/wp-content\/uploads\/2025\/05\/WhatsApp-Image-2025-05-26-at-22.56.54-1.jpeg\" \/>\n\t<meta property=\"og:image:width\" content=\"1200\" \/>\n\t<meta property=\"og:image:height\" content=\"1600\" \/>\n\t<meta property=\"og:image:type\" content=\"image\/jpeg\" \/>\n<meta name=\"twitter:card\" content=\"summary_large_image\" \/>\n<meta name=\"twitter:label1\" content=\"Est. tempo de leitura\" \/>\n\t<meta name=\"twitter:data1\" content=\"1 minuto\" \/>\n<script type=\"application\/ld+json\" class=\"yoast-schema-graph\">{\"@context\":\"https:\/\/schema.org\",\"@graph\":[{\"@type\":\"WebPage\",\"@id\":\"https:\/\/eco-tech.inf.br\/index.php\/product\/lavadora-turbo-economia-8-kg-ltd09-electrolux-perfeito-estado\/\",\"url\":\"https:\/\/eco-tech.inf.br\/index.php\/product\/lavadora-turbo-economia-8-kg-ltd09-electrolux-perfeito-estado\/\",\"name\":\"Lavadora Turbo Economia 8 Kg - LTD09 - Electrolux perfeito estado - Eco-Tech - Solu\u00e7\u00f5es em tecnologia\",\"isPartOf\":{\"@id\":\"https:\/\/eco-tech.inf.br\/#website\"},\"primaryImageOfPage\":{\"@id\":\"https:\/\/eco-tech.inf.br\/index.php\/product\/lavadora-turbo-economia-8-kg-ltd09-electrolux-perfeito-estado\/#primaryimage\"},\"image\":{\"@id\":\"https:\/\/eco-tech.inf.br\/index.php\/product\/lavadora-turbo-economia-8-kg-ltd09-electrolux-perfeito-estado\/#primaryimage\"},\"thumbnailUrl\":\"https:\/\/i0.wp.com\/eco-tech.inf.br\/wp-content\/uploads\/2025\/05\/WhatsApp-Image-2025-05-26-at-22.56.54-1.jpeg?fit=1200%2C1600&ssl=1\",\"datePublished\":\"2025-05-27T04:38:07+00:00\",\"dateModified\":\"2025-05-27T04:38:07+00:00\",\"breadcrumb\":{\"@id\":\"https:\/\/eco-tech.inf.br\/index.php\/product\/lavadora-turbo-economia-8-kg-ltd09-electrolux-perfeito-estado\/#breadcrumb\"},\"inLanguage\":\"pt-BR\",\"potentialAction\":[{\"@type\":\"ReadAction\",\"target\":[\"https:\/\/eco-tech.inf.br\/index.php\/product\/lavadora-turbo-economia-8-kg-ltd09-electrolux-perfeito-estado\/\"]}]},{\"@type\":\"ImageObject\",\"inLanguage\":\"pt-BR\",\"@id\":\"https:\/\/eco-tech.inf.br\/index.php\/product\/lavadora-turbo-economia-8-kg-ltd09-electrolux-perfeito-estado\/#primaryimage\",\"url\":\"https:\/\/i0.wp.com\/eco-tech.inf.br\/wp-content\/uploads\/2025\/05\/WhatsApp-Image-2025-05-26-at-22.56.54-1.jpeg?fit=1200%2C1600&ssl=1\",\"contentUrl\":\"https:\/\/i0.wp.com\/eco-tech.inf.br\/wp-content\/uploads\/2025\/05\/WhatsApp-Image-2025-05-26-at-22.56.54-1.jpeg?fit=1200%2C1600&ssl=1\",\"width\":1200,\"height\":1600},{\"@type\":\"BreadcrumbList\",\"@id\":\"https:\/\/eco-tech.inf.br\/index.php\/product\/lavadora-turbo-economia-8-kg-ltd09-electrolux-perfeito-estado\/#breadcrumb\",\"itemListElement\":[{\"@type\":\"ListItem\",\"position\":1,\"name\":\"In\u00edcio\",\"item\":\"https:\/\/eco-tech.inf.br\/\"},{\"@type\":\"ListItem\",\"position\":2,\"name\":\"Produtos\",\"item\":\"https:\/\/eco-tech.inf.br\/index.php\/shop\/\"},{\"@type\":\"ListItem\",\"position\":3,\"name\":\"Lavadora Turbo Economia 8 Kg &#8211; LTD09 &#8211; Electrolux perfeito estado\"}]},{\"@type\":\"WebSite\",\"@id\":\"https:\/\/eco-tech.inf.br\/#website\",\"url\":\"https:\/\/eco-tech.inf.br\/\",\"name\":\"Eco-Tech - Solu\u00e7\u00f5es em tecnologia\",\"description\":\"Possu\u00edmos mais de 15 (anos) anos de experi\u00eancia levando para o norte do Brasil tecnologia de ponta trazida por grandes organiza\u00e7\u00f5es dos mais variados seguimentos.\",\"publisher\":{\"@id\":\"https:\/\/eco-tech.inf.br\/#organization\"},\"potentialAction\":[{\"@type\":\"SearchAction\",\"target\":{\"@type\":\"EntryPoint\",\"urlTemplate\":\"https:\/\/eco-tech.inf.br\/?s={search_term_string}\"},\"query-input\":{\"@type\":\"PropertyValueSpecification\",\"valueRequired\":true,\"valueName\":\"search_term_string\"}}],\"inLanguage\":\"pt-BR\"},{\"@type\":\"Organization\",\"@id\":\"https:\/\/eco-tech.inf.br\/#organization\",\"name\":\"ELO SOLU\u00c7\u00d5ES TECNOL\u00d3GICA LTDA\",\"url\":\"https:\/\/eco-tech.inf.br\/\",\"logo\":{\"@type\":\"ImageObject\",\"inLanguage\":\"pt-BR\",\"@id\":\"https:\/\/eco-tech.inf.br\/#\/schema\/logo\/image\/\",\"url\":\"https:\/\/i0.wp.com\/eco-tech.inf.br\/wp-content\/uploads\/2022\/03\/cropped-novologo-1.jpg?fit=512%2C512&ssl=1\",\"contentUrl\":\"https:\/\/i0.wp.com\/eco-tech.inf.br\/wp-content\/uploads\/2022\/03\/cropped-novologo-1.jpg?fit=512%2C512&ssl=1\",\"width\":512,\"height\":512,\"caption\":\"ELO SOLU\u00c7\u00d5ES TECNOL\u00d3GICA LTDA\"},\"image\":{\"@id\":\"https:\/\/eco-tech.inf.br\/#\/schema\/logo\/image\/\"},\"sameAs\":[\"https:\/\/www.facebook.com\/EcoTech-Tecnologia-107960038523316\",\"https:\/\/www.instagram.com\/p\/CbRSB23MmFd\/?utm_medium=copy_link\"]}]}<\/script>\n<!-- \/ Yoast SEO plugin. -->","yoast_head_json":{"title":"Lavadora Turbo Economia 8 Kg - LTD09 - Electrolux perfeito estado - Eco-Tech - Solu\u00e7\u00f5es em tecnologia","robots":{"index":"index","follow":"follow","max-snippet":"max-snippet:-1","max-image-preview":"max-image-preview:large","max-video-preview":"max-video-preview:-1"},"canonical":"https:\/\/eco-tech.inf.br\/index.php\/product\/lavadora-turbo-economia-8-kg-ltd09-electrolux-perfeito-estado\/","og_locale":"pt_BR","og_type":"article","og_title":"Lavadora Turbo Economia 8 Kg - LTD09 - Electrolux perfeito estado - Eco-Tech - Solu\u00e7\u00f5es em tecnologia","og_description":"Lavadora Turbo Economia 8 Kg &#8211; Ref: LTD09 &#8211; da marca Electrolux Principais Caracter\u00edsticas: \u2022 Turbo Capacidade 8kg: lava mais roupa em menos tempo e espa\u00e7o, economizando \u00e1gua, energia e produtos de limpeza. \u2022 Novo design: moderno e arrojado, o que faltava para deixar sua lavanderia ainda mais bonita. \u2022 Exclusiva Tecla Economia: praticidade total [&hellip;]","og_url":"https:\/\/eco-tech.inf.br\/index.php\/product\/lavadora-turbo-economia-8-kg-ltd09-electrolux-perfeito-estado\/","og_site_name":"Eco-Tech - Solu\u00e7\u00f5es em tecnologia","article_publisher":"https:\/\/www.facebook.com\/EcoTech-Tecnologia-107960038523316","og_image":[{"width":1200,"height":1600,"url":"http:\/\/eco-tech.inf.br\/wp-content\/uploads\/2025\/05\/WhatsApp-Image-2025-05-26-at-22.56.54-1.jpeg","type":"image\/jpeg"}],"twitter_card":"summary_large_image","twitter_misc":{"Est. tempo de leitura":"1 minuto"},"schema":{"@context":"https:\/\/schema.org","@graph":[{"@type":"WebPage","@id":"https:\/\/eco-tech.inf.br\/index.php\/product\/lavadora-turbo-economia-8-kg-ltd09-electrolux-perfeito-estado\/","url":"https:\/\/eco-tech.inf.br\/index.php\/product\/lavadora-turbo-economia-8-kg-ltd09-electrolux-perfeito-estado\/","name":"Lavadora Turbo Economia 8 Kg - LTD09 - Electrolux perfeito estado - Eco-Tech - Solu\u00e7\u00f5es em tecnologia","isPartOf":{"@id":"https:\/\/eco-tech.inf.br\/#website"},"primaryImageOfPage":{"@id":"https:\/\/eco-tech.inf.br\/index.php\/product\/lavadora-turbo-economia-8-kg-ltd09-electrolux-perfeito-estado\/#primaryimage"},"image":{"@id":"https:\/\/eco-tech.inf.br\/index.php\/product\/lavadora-turbo-economia-8-kg-ltd09-electrolux-perfeito-estado\/#primaryimage"},"thumbnailUrl":"https:\/\/i0.wp.com\/eco-tech.inf.br\/wp-content\/uploads\/2025\/05\/WhatsApp-Image-2025-05-26-at-22.56.54-1.jpeg?fit=1200%2C1600&ssl=1","datePublished":"2025-05-27T04:38:07+00:00","dateModified":"2025-05-27T04:38:07+00:00","breadcrumb":{"@id":"https:\/\/eco-tech.inf.br\/index.php\/product\/lavadora-turbo-economia-8-kg-ltd09-electrolux-perfeito-estado\/#breadcrumb"},"inLanguage":"pt-BR","potentialAction":[{"@type":"ReadAction","target":["https:\/\/eco-tech.inf.br\/index.php\/product\/lavadora-turbo-economia-8-kg-ltd09-electrolux-perfeito-estado\/"]}]},{"@type":"ImageObject","inLanguage":"pt-BR","@id":"https:\/\/eco-tech.inf.br\/index.php\/product\/lavadora-turbo-economia-8-kg-ltd09-electrolux-perfeito-estado\/#primaryimage","url":"https:\/\/i0.wp.com\/eco-tech.inf.br\/wp-content\/uploads\/2025\/05\/WhatsApp-Image-2025-05-26-at-22.56.54-1.jpeg?fit=1200%2C1600&ssl=1","contentUrl":"https:\/\/i0.wp.com\/eco-tech.inf.br\/wp-content\/uploads\/2025\/05\/WhatsApp-Image-2025-05-26-at-22.56.54-1.jpeg?fit=1200%2C1600&ssl=1","width":1200,"height":1600},{"@type":"BreadcrumbList","@id":"https:\/\/eco-tech.inf.br\/index.php\/product\/lavadora-turbo-economia-8-kg-ltd09-electrolux-perfeito-estado\/#breadcrumb","itemListElement":[{"@type":"ListItem","position":1,"name":"In\u00edcio","item":"https:\/\/eco-tech.inf.br\/"},{"@type":"ListItem","position":2,"name":"Produtos","item":"https:\/\/eco-tech.inf.br\/index.php\/shop\/"},{"@type":"ListItem","position":3,"name":"Lavadora Turbo Economia 8 Kg &#8211; LTD09 &#8211; Electrolux perfeito estado"}]},{"@type":"WebSite","@id":"https:\/\/eco-tech.inf.br\/#website","url":"https:\/\/eco-tech.inf.br\/","name":"Eco-Tech - Solu\u00e7\u00f5es em tecnologia","description":"Possu\u00edmos mais de 15 (anos) anos de experi\u00eancia levando para o norte do Brasil tecnologia de ponta trazida por grandes organiza\u00e7\u00f5es dos mais variados seguimentos.","publisher":{"@id":"https:\/\/eco-tech.inf.br\/#organization"},"potentialAction":[{"@type":"SearchAction","target":{"@type":"EntryPoint","urlTemplate":"https:\/\/eco-tech.inf.br\/?s={search_term_string}"},"query-input":{"@type":"PropertyValueSpecification","valueRequired":true,"valueName":"search_term_string"}}],"inLanguage":"pt-BR"},{"@type":"Organization","@id":"https:\/\/eco-tech.inf.br\/#organization","name":"ELO SOLU\u00c7\u00d5ES TECNOL\u00d3GICA LTDA","url":"https:\/\/eco-tech.inf.br\/","logo":{"@type":"ImageObject","inLanguage":"pt-BR","@id":"https:\/\/eco-tech.inf.br\/#\/schema\/logo\/image\/","url":"https:\/\/i0.wp.com\/eco-tech.inf.br\/wp-content\/uploads\/2022\/03\/cropped-novologo-1.jpg?fit=512%2C512&ssl=1","contentUrl":"https:\/\/i0.wp.com\/eco-tech.inf.br\/wp-content\/uploads\/2022\/03\/cropped-novologo-1.jpg?fit=512%2C512&ssl=1","width":512,"height":512,"caption":"ELO SOLU\u00c7\u00d5ES TECNOL\u00d3GICA LTDA"},"image":{"@id":"https:\/\/eco-tech.inf.br\/#\/schema\/logo\/image\/"},"sameAs":["https:\/\/www.facebook.com\/EcoTech-Tecnologia-107960038523316","https:\/\/www.instagram.com\/p\/CbRSB23MmFd\/?utm_medium=copy_link"]}]}},"jetpack_sharing_enabled":true,"_links":{"self":[{"href":"https:\/\/eco-tech.inf.br\/index.php\/wp-json\/wp\/v2\/product\/1025"}],"collection":[{"href":"https:\/\/eco-tech.inf.br\/index.php\/wp-json\/wp\/v2\/product"}],"about":[{"href":"https:\/\/eco-tech.inf.br\/index.php\/wp-json\/wp\/v2\/types\/product"}],"replies":[{"embeddable":true,"href":"https:\/\/eco-tech.inf.br\/index.php\/wp-json\/wp\/v2\/comments?post=1025"}],"wp:featuredmedia":[{"embeddable":true,"href":"https:\/\/eco-tech.inf.br\/index.php\/wp-json\/wp\/v2\/media\/1026"}],"wp:attachment":[{"href":"https:\/\/eco-tech.inf.br\/index.php\/wp-json\/wp\/v2\/media?parent=1025"}],"wp:term":[{"taxonomy":"product_cat","embeddable":true,"href":"https:\/\/eco-tech.inf.br\/index.php\/wp-json\/wp\/v2\/product_cat?post=1025"},{"taxonomy":"product_tag","embeddable":true,"href":"https:\/\/eco-tech.inf.br\/index.php\/wp-json\/wp\/v2\/product_tag?post=1025"}],"curies":[{"name":"wp","href":"https:\/\/api.w.org\/{rel}","templated":true}]}}