{"id":1021,"date":"2025-05-27T00:05:42","date_gmt":"2025-05-27T04:05:42","guid":{"rendered":"https:\/\/eco-tech.inf.br\/?post_type=product&#038;p=1021"},"modified":"2025-05-27T00:06:09","modified_gmt":"2025-05-27T04:06:09","slug":"ar-condicionado-12000-btus-electrolux-inverter-techno-220v","status":"publish","type":"product","link":"https:\/\/eco-tech.inf.br\/index.php\/product\/ar-condicionado-12000-btus-electrolux-inverter-techno-220v\/","title":{"rendered":"Ar Condicionado 12000 BTUs Electrolux Inverter Techno 220V"},"content":{"rendered":"<p>Dias quentes n\u00e3o s\u00e3o mais um problema para voc\u00ea. Este ar condicionado Electrolux Ecoturbo ser\u00e1 a melhor companhia para voc\u00ea desfrutar de sua casa, independentemente da temperatura externa. Tenha o frescor e a temperatura t\u00e9rmica ideal nesse ver\u00e3o, o Ar Condicionado Electrolux conta com tecnologia Inverter, que mantem a temperatura est\u00e1vel e de quebra faz voc\u00ea economizar at\u00e9 60% de energia. O aparelho mant\u00e9m a temperatura ideal para que voc\u00ea tenha dias de ver\u00e3o muito mais memor\u00e1veis, muito mais conforto t\u00e9rmico e performance silenciosa. Seu design foi pensado para ser funcional e moderno, a sa\u00edda vertical deixa a unidade condensadora muito mais compacta facilitando a instala\u00e7\u00e3o, o chassi inoxid\u00e1vel a deixa resistente at\u00e9 a ventos fortes e maresia, garantindo uma vida \u00fatil muito maior para o aparelho. <\/p>\n<p>Excelente Filtragem<\/p>\n<p>O sistema Tripla Filtragem \u00e9 formado pelo Ultra Filter, um filtro de carv\u00e3o ativado e filtro de nylon, que retem at\u00e9 99% das bact\u00e9rias. Reduzindo tamb\u00e9m odores desagrad\u00e1veis, como o cheiro de mofo, etc. O ar muito mais saud\u00e1vel para voc\u00ea e sua fam\u00edlia.<\/p>\n<p>Serpentina de Cobre<br \/>\nMaior durabilidade e resist\u00eancia contra os efeitos da chuva e da maresia.**Quando comparado com serpentina de alum\u00ednio.<\/p>\n<p>Tecnologia Inverter<\/p>\n<p>Aliada \u00e0 classifica\u00e7\u00e3o energ\u00e9tica A, a tecnologia Inverter promove economia de at\u00e9 60% em energia \u2013 se comparada com a mesma capacidade de velocidade fixa. Al\u00e9m disso, ela deixa o ambiente muito mais agrad\u00e1vel, j\u00e1 que mant\u00e9m a temperatura em uma faixa de conforto t\u00e9rmico e tem performance silenciosa, n\u00e3o atrapalhando as atividades do seu dia a dia.<\/p>\n<p>Especifica\u00e7\u00f5es:<\/p>\n<p>Tipo\tSplit<br \/>\nCapacidade\t12000 BTUs<br \/>\nCor\tBranco<br \/>\nCiclo\tFrio<br \/>\nClassificacao Energetica\tA<br \/>\nTensao (V)\t220V<br \/>\nFun\u00e7\u00e3o Turbo\tSim<br \/>\nLinha\tInverter<br \/>\nMaterial\/Composicao\tPl\u00e1stico, cobre, alum\u00ednio, a\u00e7o<br \/>\nModo Espera &#8211; Standby (W)\t0,58<br \/>\nMulti Direcionador de Ar\tSim<br \/>\nNo Registro Inmetro\t000 416\/2012<br \/>\nPainel Digital\tSim<br \/>\nPainel Dispensa Molduras\tSim<br \/>\nSa\u00edda Regul\u00e1vel de Ar\tSim<br \/>\nTecnologia Inverter\tSim<br \/>\nTimer\tSim<br \/>\nTimer Digital 24 Horas\tSim<br \/>\nTimer Regressivo\tSim<br \/>\nTipo de Gas\tR410a<br \/>\nTipo do Compressor\tRotativo<br \/>\nTripla Filtragem\tSim<br \/>\nVaz\u00e3o (m3\/h)\t500\/450\/400\/330<br \/>\nDesn\u00edvel M\u00e1ximo (m)\t5 m<br \/>\nDirecionadores de Ar\tSim<br \/>\nDisjuntor de Prote\u00e7\u00e3o (A)\t10 A<br \/>\nDisplay Digital\tSim<br \/>\nEfici\u00eancia energ\u00e9tica EER (W\/W)\t3,24<br \/>\nFiltro de Prote\u00e7ao Ativa\tSim<br \/>\nFiltro Limpa F\u00e1cil\tSim<br \/>\nFrequ\u00eancia (Hz)\t60<br \/>\nFun\u00e7\u00e3o Auto\tSim<br \/>\nFun\u00e7\u00e3o Auto-Limpeza\tSim<br \/>\nFun\u00e7\u00e3o Brisa\tSim<br \/>\nFun\u00e7\u00e3o ECO\tSim<br \/>\nFun\u00e7\u00e3o Liga\/Desliga Display\tSim<br \/>\nCompr. M\u00e1ximo de Tubula\u00e7\u00e3o\t15 m<br \/>\nDimens\u00f5es da unidade externa (LxAxP)                     \t44,6 x 55,1 x 44,6 cm<br \/>\nDimens\u00f5es unidade interna (LxAxP)\t85,5 x 28 x 18,1 cm<br \/>\nPeso l\u00edquido\/bruto unidade externa\t20,3 \/ 20,9 kg<br \/>\nPeso l\u00edquido\/bruto unidade interna\t8,4 \/ 9,9 kg<br \/>\nConsumo (Kw)\t0,814<br \/>\nControle de Temperatura\tSim<br \/>\nControle Remoto\tSim<\/p>\n","protected":false},"excerpt":{"rendered":"<p>Dias quentes n\u00e3o s\u00e3o mais um problema para voc\u00ea. Este ar condicionado Electrolux Ecoturbo ser\u00e1 a melhor companhia para voc\u00ea desfrutar de sua casa, independentemente da temperatura externa. Tenha o frescor e a temperatura t\u00e9rmica ideal nesse ver\u00e3o, o Ar Condicionado Electrolux conta com tecnologia Inverter, que mantem a temperatura est\u00e1vel e de quebra faz [&hellip;]<\/p>\n","protected":false},"featured_media":1022,"comment_status":"closed","ping_status":"closed","template":"","meta":[],"product_cat":[202],"product_tag":[],"yoast_head":"<!-- This site is optimized with the Yoast SEO plugin v23.5 - https:\/\/yoast.com\/wordpress\/plugins\/seo\/ -->\n<title>Ar Condicionado 12000 BTUs Electrolux Inverter Techno 220V - Eco-Tech - Solu\u00e7\u00f5es em tecnologia<\/title>\n<meta name=\"robots\" content=\"index, follow, max-snippet:-1, max-image-preview:large, max-video-preview:-1\" \/>\n<link rel=\"canonical\" href=\"https:\/\/eco-tech.inf.br\/index.php\/product\/ar-condicionado-12000-btus-electrolux-inverter-techno-220v\/\" \/>\n<meta property=\"og:locale\" content=\"pt_BR\" \/>\n<meta property=\"og:type\" content=\"article\" \/>\n<meta property=\"og:title\" content=\"Ar Condicionado 12000 BTUs Electrolux Inverter Techno 220V - Eco-Tech - Solu\u00e7\u00f5es em tecnologia\" \/>\n<meta property=\"og:description\" content=\"Dias quentes n\u00e3o s\u00e3o mais um problema para voc\u00ea. Este ar condicionado Electrolux Ecoturbo ser\u00e1 a melhor companhia para voc\u00ea desfrutar de sua casa, independentemente da temperatura externa. Tenha o frescor e a temperatura t\u00e9rmica ideal nesse ver\u00e3o, o Ar Condicionado Electrolux conta com tecnologia Inverter, que mantem a temperatura est\u00e1vel e de quebra faz [&hellip;]\" \/>\n<meta property=\"og:url\" content=\"https:\/\/eco-tech.inf.br\/index.php\/product\/ar-condicionado-12000-btus-electrolux-inverter-techno-220v\/\" \/>\n<meta property=\"og:site_name\" content=\"Eco-Tech - Solu\u00e7\u00f5es em tecnologia\" \/>\n<meta property=\"article:publisher\" content=\"https:\/\/www.facebook.com\/EcoTech-Tecnologia-107960038523316\" \/>\n<meta property=\"article:modified_time\" content=\"2025-05-27T04:06:09+00:00\" \/>\n<meta property=\"og:image\" content=\"http:\/\/eco-tech.inf.br\/wp-content\/uploads\/2025\/05\/WhatsApp-Image-2025-05-22-at-11.37.42.jpeg\" \/>\n\t<meta property=\"og:image:width\" content=\"1600\" \/>\n\t<meta property=\"og:image:height\" content=\"1200\" \/>\n\t<meta property=\"og:image:type\" content=\"image\/jpeg\" \/>\n<meta name=\"twitter:card\" content=\"summary_large_image\" \/>\n<meta name=\"twitter:label1\" content=\"Est. tempo de leitura\" \/>\n\t<meta name=\"twitter:data1\" content=\"3 minutos\" \/>\n<script type=\"application\/ld+json\" class=\"yoast-schema-graph\">{\"@context\":\"https:\/\/schema.org\",\"@graph\":[{\"@type\":\"WebPage\",\"@id\":\"https:\/\/eco-tech.inf.br\/index.php\/product\/ar-condicionado-12000-btus-electrolux-inverter-techno-220v\/\",\"url\":\"https:\/\/eco-tech.inf.br\/index.php\/product\/ar-condicionado-12000-btus-electrolux-inverter-techno-220v\/\",\"name\":\"Ar Condicionado 12000 BTUs Electrolux Inverter Techno 220V - Eco-Tech - Solu\u00e7\u00f5es em tecnologia\",\"isPartOf\":{\"@id\":\"https:\/\/eco-tech.inf.br\/#website\"},\"primaryImageOfPage\":{\"@id\":\"https:\/\/eco-tech.inf.br\/index.php\/product\/ar-condicionado-12000-btus-electrolux-inverter-techno-220v\/#primaryimage\"},\"image\":{\"@id\":\"https:\/\/eco-tech.inf.br\/index.php\/product\/ar-condicionado-12000-btus-electrolux-inverter-techno-220v\/#primaryimage\"},\"thumbnailUrl\":\"https:\/\/i0.wp.com\/eco-tech.inf.br\/wp-content\/uploads\/2025\/05\/WhatsApp-Image-2025-05-22-at-11.37.42.jpeg?fit=1600%2C1200&ssl=1\",\"datePublished\":\"2025-05-27T04:05:42+00:00\",\"dateModified\":\"2025-05-27T04:06:09+00:00\",\"breadcrumb\":{\"@id\":\"https:\/\/eco-tech.inf.br\/index.php\/product\/ar-condicionado-12000-btus-electrolux-inverter-techno-220v\/#breadcrumb\"},\"inLanguage\":\"pt-BR\",\"potentialAction\":[{\"@type\":\"ReadAction\",\"target\":[\"https:\/\/eco-tech.inf.br\/index.php\/product\/ar-condicionado-12000-btus-electrolux-inverter-techno-220v\/\"]}]},{\"@type\":\"ImageObject\",\"inLanguage\":\"pt-BR\",\"@id\":\"https:\/\/eco-tech.inf.br\/index.php\/product\/ar-condicionado-12000-btus-electrolux-inverter-techno-220v\/#primaryimage\",\"url\":\"https:\/\/i0.wp.com\/eco-tech.inf.br\/wp-content\/uploads\/2025\/05\/WhatsApp-Image-2025-05-22-at-11.37.42.jpeg?fit=1600%2C1200&ssl=1\",\"contentUrl\":\"https:\/\/i0.wp.com\/eco-tech.inf.br\/wp-content\/uploads\/2025\/05\/WhatsApp-Image-2025-05-22-at-11.37.42.jpeg?fit=1600%2C1200&ssl=1\",\"width\":1600,\"height\":1200},{\"@type\":\"BreadcrumbList\",\"@id\":\"https:\/\/eco-tech.inf.br\/index.php\/product\/ar-condicionado-12000-btus-electrolux-inverter-techno-220v\/#breadcrumb\",\"itemListElement\":[{\"@type\":\"ListItem\",\"position\":1,\"name\":\"In\u00edcio\",\"item\":\"https:\/\/eco-tech.inf.br\/\"},{\"@type\":\"ListItem\",\"position\":2,\"name\":\"Produtos\",\"item\":\"https:\/\/eco-tech.inf.br\/index.php\/shop\/\"},{\"@type\":\"ListItem\",\"position\":3,\"name\":\"Ar Condicionado 12000 BTUs Electrolux Inverter Techno 220V\"}]},{\"@type\":\"WebSite\",\"@id\":\"https:\/\/eco-tech.inf.br\/#website\",\"url\":\"https:\/\/eco-tech.inf.br\/\",\"name\":\"Eco-Tech - Solu\u00e7\u00f5es em tecnologia\",\"description\":\"Possu\u00edmos mais de 15 (anos) anos de experi\u00eancia levando para o norte do Brasil tecnologia de ponta trazida por grandes organiza\u00e7\u00f5es dos mais variados seguimentos.\",\"publisher\":{\"@id\":\"https:\/\/eco-tech.inf.br\/#organization\"},\"potentialAction\":[{\"@type\":\"SearchAction\",\"target\":{\"@type\":\"EntryPoint\",\"urlTemplate\":\"https:\/\/eco-tech.inf.br\/?s={search_term_string}\"},\"query-input\":{\"@type\":\"PropertyValueSpecification\",\"valueRequired\":true,\"valueName\":\"search_term_string\"}}],\"inLanguage\":\"pt-BR\"},{\"@type\":\"Organization\",\"@id\":\"https:\/\/eco-tech.inf.br\/#organization\",\"name\":\"ELO SOLU\u00c7\u00d5ES TECNOL\u00d3GICA LTDA\",\"url\":\"https:\/\/eco-tech.inf.br\/\",\"logo\":{\"@type\":\"ImageObject\",\"inLanguage\":\"pt-BR\",\"@id\":\"https:\/\/eco-tech.inf.br\/#\/schema\/logo\/image\/\",\"url\":\"https:\/\/i0.wp.com\/eco-tech.inf.br\/wp-content\/uploads\/2022\/03\/cropped-novologo-1.jpg?fit=512%2C512&ssl=1\",\"contentUrl\":\"https:\/\/i0.wp.com\/eco-tech.inf.br\/wp-content\/uploads\/2022\/03\/cropped-novologo-1.jpg?fit=512%2C512&ssl=1\",\"width\":512,\"height\":512,\"caption\":\"ELO SOLU\u00c7\u00d5ES TECNOL\u00d3GICA LTDA\"},\"image\":{\"@id\":\"https:\/\/eco-tech.inf.br\/#\/schema\/logo\/image\/\"},\"sameAs\":[\"https:\/\/www.facebook.com\/EcoTech-Tecnologia-107960038523316\",\"https:\/\/www.instagram.com\/p\/CbRSB23MmFd\/?utm_medium=copy_link\"]}]}<\/script>\n<!-- \/ Yoast SEO plugin. -->","yoast_head_json":{"title":"Ar Condicionado 12000 BTUs Electrolux Inverter Techno 220V - Eco-Tech - Solu\u00e7\u00f5es em tecnologia","robots":{"index":"index","follow":"follow","max-snippet":"max-snippet:-1","max-image-preview":"max-image-preview:large","max-video-preview":"max-video-preview:-1"},"canonical":"https:\/\/eco-tech.inf.br\/index.php\/product\/ar-condicionado-12000-btus-electrolux-inverter-techno-220v\/","og_locale":"pt_BR","og_type":"article","og_title":"Ar Condicionado 12000 BTUs Electrolux Inverter Techno 220V - Eco-Tech - Solu\u00e7\u00f5es em tecnologia","og_description":"Dias quentes n\u00e3o s\u00e3o mais um problema para voc\u00ea. Este ar condicionado Electrolux Ecoturbo ser\u00e1 a melhor companhia para voc\u00ea desfrutar de sua casa, independentemente da temperatura externa. Tenha o frescor e a temperatura t\u00e9rmica ideal nesse ver\u00e3o, o Ar Condicionado Electrolux conta com tecnologia Inverter, que mantem a temperatura est\u00e1vel e de quebra faz [&hellip;]","og_url":"https:\/\/eco-tech.inf.br\/index.php\/product\/ar-condicionado-12000-btus-electrolux-inverter-techno-220v\/","og_site_name":"Eco-Tech - Solu\u00e7\u00f5es em tecnologia","article_publisher":"https:\/\/www.facebook.com\/EcoTech-Tecnologia-107960038523316","article_modified_time":"2025-05-27T04:06:09+00:00","og_image":[{"width":1600,"height":1200,"url":"http:\/\/eco-tech.inf.br\/wp-content\/uploads\/2025\/05\/WhatsApp-Image-2025-05-22-at-11.37.42.jpeg","type":"image\/jpeg"}],"twitter_card":"summary_large_image","twitter_misc":{"Est. tempo de leitura":"3 minutos"},"schema":{"@context":"https:\/\/schema.org","@graph":[{"@type":"WebPage","@id":"https:\/\/eco-tech.inf.br\/index.php\/product\/ar-condicionado-12000-btus-electrolux-inverter-techno-220v\/","url":"https:\/\/eco-tech.inf.br\/index.php\/product\/ar-condicionado-12000-btus-electrolux-inverter-techno-220v\/","name":"Ar Condicionado 12000 BTUs Electrolux Inverter Techno 220V - Eco-Tech - Solu\u00e7\u00f5es em tecnologia","isPartOf":{"@id":"https:\/\/eco-tech.inf.br\/#website"},"primaryImageOfPage":{"@id":"https:\/\/eco-tech.inf.br\/index.php\/product\/ar-condicionado-12000-btus-electrolux-inverter-techno-220v\/#primaryimage"},"image":{"@id":"https:\/\/eco-tech.inf.br\/index.php\/product\/ar-condicionado-12000-btus-electrolux-inverter-techno-220v\/#primaryimage"},"thumbnailUrl":"https:\/\/i0.wp.com\/eco-tech.inf.br\/wp-content\/uploads\/2025\/05\/WhatsApp-Image-2025-05-22-at-11.37.42.jpeg?fit=1600%2C1200&ssl=1","datePublished":"2025-05-27T04:05:42+00:00","dateModified":"2025-05-27T04:06:09+00:00","breadcrumb":{"@id":"https:\/\/eco-tech.inf.br\/index.php\/product\/ar-condicionado-12000-btus-electrolux-inverter-techno-220v\/#breadcrumb"},"inLanguage":"pt-BR","potentialAction":[{"@type":"ReadAction","target":["https:\/\/eco-tech.inf.br\/index.php\/product\/ar-condicionado-12000-btus-electrolux-inverter-techno-220v\/"]}]},{"@type":"ImageObject","inLanguage":"pt-BR","@id":"https:\/\/eco-tech.inf.br\/index.php\/product\/ar-condicionado-12000-btus-electrolux-inverter-techno-220v\/#primaryimage","url":"https:\/\/i0.wp.com\/eco-tech.inf.br\/wp-content\/uploads\/2025\/05\/WhatsApp-Image-2025-05-22-at-11.37.42.jpeg?fit=1600%2C1200&ssl=1","contentUrl":"https:\/\/i0.wp.com\/eco-tech.inf.br\/wp-content\/uploads\/2025\/05\/WhatsApp-Image-2025-05-22-at-11.37.42.jpeg?fit=1600%2C1200&ssl=1","width":1600,"height":1200},{"@type":"BreadcrumbList","@id":"https:\/\/eco-tech.inf.br\/index.php\/product\/ar-condicionado-12000-btus-electrolux-inverter-techno-220v\/#breadcrumb","itemListElement":[{"@type":"ListItem","position":1,"name":"In\u00edcio","item":"https:\/\/eco-tech.inf.br\/"},{"@type":"ListItem","position":2,"name":"Produtos","item":"https:\/\/eco-tech.inf.br\/index.php\/shop\/"},{"@type":"ListItem","position":3,"name":"Ar Condicionado 12000 BTUs Electrolux Inverter Techno 220V"}]},{"@type":"WebSite","@id":"https:\/\/eco-tech.inf.br\/#website","url":"https:\/\/eco-tech.inf.br\/","name":"Eco-Tech - Solu\u00e7\u00f5es em tecnologia","description":"Possu\u00edmos mais de 15 (anos) anos de experi\u00eancia levando para o norte do Brasil tecnologia de ponta trazida por grandes organiza\u00e7\u00f5es dos mais variados seguimentos.","publisher":{"@id":"https:\/\/eco-tech.inf.br\/#organization"},"potentialAction":[{"@type":"SearchAction","target":{"@type":"EntryPoint","urlTemplate":"https:\/\/eco-tech.inf.br\/?s={search_term_string}"},"query-input":{"@type":"PropertyValueSpecification","valueRequired":true,"valueName":"search_term_string"}}],"inLanguage":"pt-BR"},{"@type":"Organization","@id":"https:\/\/eco-tech.inf.br\/#organization","name":"ELO SOLU\u00c7\u00d5ES TECNOL\u00d3GICA LTDA","url":"https:\/\/eco-tech.inf.br\/","logo":{"@type":"ImageObject","inLanguage":"pt-BR","@id":"https:\/\/eco-tech.inf.br\/#\/schema\/logo\/image\/","url":"https:\/\/i0.wp.com\/eco-tech.inf.br\/wp-content\/uploads\/2022\/03\/cropped-novologo-1.jpg?fit=512%2C512&ssl=1","contentUrl":"https:\/\/i0.wp.com\/eco-tech.inf.br\/wp-content\/uploads\/2022\/03\/cropped-novologo-1.jpg?fit=512%2C512&ssl=1","width":512,"height":512,"caption":"ELO SOLU\u00c7\u00d5ES TECNOL\u00d3GICA LTDA"},"image":{"@id":"https:\/\/eco-tech.inf.br\/#\/schema\/logo\/image\/"},"sameAs":["https:\/\/www.facebook.com\/EcoTech-Tecnologia-107960038523316","https:\/\/www.instagram.com\/p\/CbRSB23MmFd\/?utm_medium=copy_link"]}]}},"jetpack_sharing_enabled":true,"_links":{"self":[{"href":"https:\/\/eco-tech.inf.br\/index.php\/wp-json\/wp\/v2\/product\/1021"}],"collection":[{"href":"https:\/\/eco-tech.inf.br\/index.php\/wp-json\/wp\/v2\/product"}],"about":[{"href":"https:\/\/eco-tech.inf.br\/index.php\/wp-json\/wp\/v2\/types\/product"}],"replies":[{"embeddable":true,"href":"https:\/\/eco-tech.inf.br\/index.php\/wp-json\/wp\/v2\/comments?post=1021"}],"wp:featuredmedia":[{"embeddable":true,"href":"https:\/\/eco-tech.inf.br\/index.php\/wp-json\/wp\/v2\/media\/1022"}],"wp:attachment":[{"href":"https:\/\/eco-tech.inf.br\/index.php\/wp-json\/wp\/v2\/media?parent=1021"}],"wp:term":[{"taxonomy":"product_cat","embeddable":true,"href":"https:\/\/eco-tech.inf.br\/index.php\/wp-json\/wp\/v2\/product_cat?post=1021"},{"taxonomy":"product_tag","embeddable":true,"href":"https:\/\/eco-tech.inf.br\/index.php\/wp-json\/wp\/v2\/product_tag?post=1021"}],"curies":[{"name":"wp","href":"https:\/\/api.w.org\/{rel}","templated":true}]}}