{"id":1019,"date":"2025-05-27T00:00:45","date_gmt":"2025-05-27T04:00:45","guid":{"rendered":"https:\/\/eco-tech.inf.br\/?post_type=product&#038;p=1019"},"modified":"2025-05-27T00:00:45","modified_gmt":"2025-05-27T04:00:45","slug":"ar-condicionado-9000-btus-electrolux-inverter-techno-220v","status":"publish","type":"product","link":"https:\/\/eco-tech.inf.br\/index.php\/product\/ar-condicionado-9000-btus-electrolux-inverter-techno-220v\/","title":{"rendered":"Ar Condicionado 9000 BTUs Electrolux Inverter Techno 220V"},"content":{"rendered":"<p>O seu ambiente favorito de um modo que voc\u00ea nunca sentiu, o Ar Condicionado Electrolux Split QE09R \u00e9 muito mais do que um simples ar condicionado. Sinta o clima ideal, sem o frio rigoroso ou o calor extremo, curta o espa\u00e7o da sua casa com o clima ideal para voc\u00ea e sua fam\u00edlia. Que tal naquele frio assistir um filme em um ambiente quentinho e confort\u00e1vel? Ou em dias quentes jogando conversa fora e bebendo um delicioso suco de laranja sentindo o frescor do ambiente? Seu design moderno conta com painel digital com fun\u00e7\u00f5es incr\u00edveis para o seu dia a dia, al\u00e9m de possuir sua condensadora compacta ideal para todos os ambientes. O chassi da unidade externa \u00e9 inoxid\u00e1vel e conta com serpentina de cobre, resistente a qualquer clima! Sua performance \u00e9 silenciosa, a fun\u00e7\u00e3o eco economiza energia e reduz o ru\u00eddo, n\u00e3o \u00e9 demais? Aliada \u00e0 classifica\u00e7\u00e3o energ\u00e9tica A, a tecnologia Inverter promove economia de at\u00e9 60% em energia \u2013 se comparada com a mesma capacidade de velocidade fixa. Al\u00e9m disso, ela deixa o ambiente muito mais agrad\u00e1vel, j\u00e1 que mant\u00e9m a temperatura em uma faixa de conforto t\u00e9rmico e tem performance silenciosa, n\u00e3o atrapalhando as atividades do seu dia a dia. O Sistema de Tripla Filtragem, formado pelo Ultra Filter, filtro de carv\u00e3o ativado e filtro de nylon, ret\u00e9m at\u00e9 99% das bact\u00e9rias**, al\u00e9m de reduzir odores desagrad\u00e1veis, como o cheiro de mofo. Ar muito mais saud\u00e1vel para voc\u00ea!<\/p>\n<p>Especifica\u00e7\u00f5es: <\/p>\n<p>Tens\u00e3o (V)\t220V<br \/>\nTipo\tSplit<br \/>\nLinha\tInverter<br \/>\nTipo de Gas\tR410A<br \/>\nEfici\u00eancia Energ\u00e9tica EER (W\/W)\t3,24<br \/>\nTipo do Compressor\tRotativo<br \/>\nQuantidade de Cabos de Comando (Num. cabos)\t3<br \/>\nClassificacao Energetica\tA<br \/>\nCapacidade (BTUs)\t9000<br \/>\nCiclo (Frio \/ Quente e Frio)\tQuente e Frio<br \/>\nLargura da Un. Externa incluindo as V\u00e1lvulas (mm)                           \t446<br \/>\nCor\tBranco<br \/>\nArea (m2)\t15<br \/>\nVaz\u00e3o (m3\/h)\t500\/450\/400\/330<br \/>\nVelocidade 4\/3\/2\/1\t(4) 1250\/ 1050\/ 900\/ 690 rpm<br \/>\nFrequ\u00eancia (Hz)\t60<br \/>\nCorrente El\u00e9trica\t(A) 4,1<br \/>\nCompr. Maximo de Tubula\u00e7\u00e3o\t15 m<br \/>\nDesn\u00edvel Maximo (m)\t5 m<br \/>\nBitola dos Cabos (mm2) (Alimentacao)\t>= 1 mm\u00b2<br \/>\nBitola dos Cabos Comando (mm2)\t>= 1,5 mm\u00b2<br \/>\nDisjuntor de Protecao (A)\t10 A<br \/>\nMaterial\/Composicao\tPl\u00e1stico, cobre, alum\u00ednio, a\u00e7o<br \/>\nConsumo (Kw)\t0,814<br \/>\nModo Espera &#8211; Standby (W)\t0,58<br \/>\nCapacidade Total de Refrigera\u00e7\u00e3o (KW)\t2638<br \/>\nDimens\u00f5es unidade interna (L x A x P)\t85,5 x 28 x 18,1 cm<br \/>\nDimens\u00f5es unidade externa (L x A x P)\t44,6 x 55,1 x 44,6 cm<br \/>\nPeso liquido &#8211; Unidade interna (kg)\t8,4<br \/>\nPeso liquido &#8211; Unidade externa (kg)\t20,5<\/p>\n","protected":false},"excerpt":{"rendered":"<p>O seu ambiente favorito de um modo que voc\u00ea nunca sentiu, o Ar Condicionado Electrolux Split QE09R \u00e9 muito mais do que um simples ar condicionado. Sinta o clima ideal, sem o frio rigoroso ou o calor extremo, curta o espa\u00e7o da sua casa com o clima ideal para voc\u00ea e sua fam\u00edlia. Que tal [&hellip;]<\/p>\n","protected":false},"featured_media":1020,"comment_status":"closed","ping_status":"closed","template":"","meta":[],"product_cat":[202],"product_tag":[],"yoast_head":"<!-- This site is optimized with the Yoast SEO plugin v23.5 - https:\/\/yoast.com\/wordpress\/plugins\/seo\/ -->\n<title>Ar Condicionado 9000 BTUs Electrolux Inverter Techno 220V - Eco-Tech - Solu\u00e7\u00f5es em tecnologia<\/title>\n<meta name=\"robots\" content=\"index, follow, max-snippet:-1, max-image-preview:large, max-video-preview:-1\" \/>\n<link rel=\"canonical\" href=\"https:\/\/eco-tech.inf.br\/index.php\/product\/ar-condicionado-9000-btus-electrolux-inverter-techno-220v\/\" \/>\n<meta property=\"og:locale\" content=\"pt_BR\" \/>\n<meta property=\"og:type\" content=\"article\" \/>\n<meta property=\"og:title\" content=\"Ar Condicionado 9000 BTUs Electrolux Inverter Techno 220V - Eco-Tech - Solu\u00e7\u00f5es em tecnologia\" \/>\n<meta property=\"og:description\" content=\"O seu ambiente favorito de um modo que voc\u00ea nunca sentiu, o Ar Condicionado Electrolux Split QE09R \u00e9 muito mais do que um simples ar condicionado. Sinta o clima ideal, sem o frio rigoroso ou o calor extremo, curta o espa\u00e7o da sua casa com o clima ideal para voc\u00ea e sua fam\u00edlia. Que tal [&hellip;]\" \/>\n<meta property=\"og:url\" content=\"https:\/\/eco-tech.inf.br\/index.php\/product\/ar-condicionado-9000-btus-electrolux-inverter-techno-220v\/\" \/>\n<meta property=\"og:site_name\" content=\"Eco-Tech - Solu\u00e7\u00f5es em tecnologia\" \/>\n<meta property=\"article:publisher\" content=\"https:\/\/www.facebook.com\/EcoTech-Tecnologia-107960038523316\" \/>\n<meta property=\"og:image\" content=\"http:\/\/eco-tech.inf.br\/wp-content\/uploads\/2025\/05\/WhatsApp-Image-2025-05-22-at-11.37.54.jpeg\" \/>\n\t<meta property=\"og:image:width\" content=\"1600\" \/>\n\t<meta property=\"og:image:height\" content=\"1200\" \/>\n\t<meta property=\"og:image:type\" content=\"image\/jpeg\" \/>\n<meta name=\"twitter:card\" content=\"summary_large_image\" \/>\n<meta name=\"twitter:label1\" content=\"Est. tempo de leitura\" \/>\n\t<meta name=\"twitter:data1\" content=\"1 minuto\" \/>\n<script type=\"application\/ld+json\" class=\"yoast-schema-graph\">{\"@context\":\"https:\/\/schema.org\",\"@graph\":[{\"@type\":\"WebPage\",\"@id\":\"https:\/\/eco-tech.inf.br\/index.php\/product\/ar-condicionado-9000-btus-electrolux-inverter-techno-220v\/\",\"url\":\"https:\/\/eco-tech.inf.br\/index.php\/product\/ar-condicionado-9000-btus-electrolux-inverter-techno-220v\/\",\"name\":\"Ar Condicionado 9000 BTUs Electrolux Inverter Techno 220V - Eco-Tech - Solu\u00e7\u00f5es em tecnologia\",\"isPartOf\":{\"@id\":\"https:\/\/eco-tech.inf.br\/#website\"},\"primaryImageOfPage\":{\"@id\":\"https:\/\/eco-tech.inf.br\/index.php\/product\/ar-condicionado-9000-btus-electrolux-inverter-techno-220v\/#primaryimage\"},\"image\":{\"@id\":\"https:\/\/eco-tech.inf.br\/index.php\/product\/ar-condicionado-9000-btus-electrolux-inverter-techno-220v\/#primaryimage\"},\"thumbnailUrl\":\"https:\/\/i0.wp.com\/eco-tech.inf.br\/wp-content\/uploads\/2025\/05\/WhatsApp-Image-2025-05-22-at-11.37.54.jpeg?fit=1600%2C1200&ssl=1\",\"datePublished\":\"2025-05-27T04:00:45+00:00\",\"dateModified\":\"2025-05-27T04:00:45+00:00\",\"breadcrumb\":{\"@id\":\"https:\/\/eco-tech.inf.br\/index.php\/product\/ar-condicionado-9000-btus-electrolux-inverter-techno-220v\/#breadcrumb\"},\"inLanguage\":\"pt-BR\",\"potentialAction\":[{\"@type\":\"ReadAction\",\"target\":[\"https:\/\/eco-tech.inf.br\/index.php\/product\/ar-condicionado-9000-btus-electrolux-inverter-techno-220v\/\"]}]},{\"@type\":\"ImageObject\",\"inLanguage\":\"pt-BR\",\"@id\":\"https:\/\/eco-tech.inf.br\/index.php\/product\/ar-condicionado-9000-btus-electrolux-inverter-techno-220v\/#primaryimage\",\"url\":\"https:\/\/i0.wp.com\/eco-tech.inf.br\/wp-content\/uploads\/2025\/05\/WhatsApp-Image-2025-05-22-at-11.37.54.jpeg?fit=1600%2C1200&ssl=1\",\"contentUrl\":\"https:\/\/i0.wp.com\/eco-tech.inf.br\/wp-content\/uploads\/2025\/05\/WhatsApp-Image-2025-05-22-at-11.37.54.jpeg?fit=1600%2C1200&ssl=1\",\"width\":1600,\"height\":1200},{\"@type\":\"BreadcrumbList\",\"@id\":\"https:\/\/eco-tech.inf.br\/index.php\/product\/ar-condicionado-9000-btus-electrolux-inverter-techno-220v\/#breadcrumb\",\"itemListElement\":[{\"@type\":\"ListItem\",\"position\":1,\"name\":\"In\u00edcio\",\"item\":\"https:\/\/eco-tech.inf.br\/\"},{\"@type\":\"ListItem\",\"position\":2,\"name\":\"Produtos\",\"item\":\"https:\/\/eco-tech.inf.br\/index.php\/shop\/\"},{\"@type\":\"ListItem\",\"position\":3,\"name\":\"Ar Condicionado 9000 BTUs Electrolux Inverter Techno 220V\"}]},{\"@type\":\"WebSite\",\"@id\":\"https:\/\/eco-tech.inf.br\/#website\",\"url\":\"https:\/\/eco-tech.inf.br\/\",\"name\":\"Eco-Tech - Solu\u00e7\u00f5es em tecnologia\",\"description\":\"Possu\u00edmos mais de 15 (anos) anos de experi\u00eancia levando para o norte do Brasil tecnologia de ponta trazida por grandes organiza\u00e7\u00f5es dos mais variados seguimentos.\",\"publisher\":{\"@id\":\"https:\/\/eco-tech.inf.br\/#organization\"},\"potentialAction\":[{\"@type\":\"SearchAction\",\"target\":{\"@type\":\"EntryPoint\",\"urlTemplate\":\"https:\/\/eco-tech.inf.br\/?s={search_term_string}\"},\"query-input\":{\"@type\":\"PropertyValueSpecification\",\"valueRequired\":true,\"valueName\":\"search_term_string\"}}],\"inLanguage\":\"pt-BR\"},{\"@type\":\"Organization\",\"@id\":\"https:\/\/eco-tech.inf.br\/#organization\",\"name\":\"ELO SOLU\u00c7\u00d5ES TECNOL\u00d3GICA LTDA\",\"url\":\"https:\/\/eco-tech.inf.br\/\",\"logo\":{\"@type\":\"ImageObject\",\"inLanguage\":\"pt-BR\",\"@id\":\"https:\/\/eco-tech.inf.br\/#\/schema\/logo\/image\/\",\"url\":\"https:\/\/i0.wp.com\/eco-tech.inf.br\/wp-content\/uploads\/2022\/03\/cropped-novologo-1.jpg?fit=512%2C512&ssl=1\",\"contentUrl\":\"https:\/\/i0.wp.com\/eco-tech.inf.br\/wp-content\/uploads\/2022\/03\/cropped-novologo-1.jpg?fit=512%2C512&ssl=1\",\"width\":512,\"height\":512,\"caption\":\"ELO SOLU\u00c7\u00d5ES TECNOL\u00d3GICA LTDA\"},\"image\":{\"@id\":\"https:\/\/eco-tech.inf.br\/#\/schema\/logo\/image\/\"},\"sameAs\":[\"https:\/\/www.facebook.com\/EcoTech-Tecnologia-107960038523316\",\"https:\/\/www.instagram.com\/p\/CbRSB23MmFd\/?utm_medium=copy_link\"]}]}<\/script>\n<!-- \/ Yoast SEO plugin. -->","yoast_head_json":{"title":"Ar Condicionado 9000 BTUs Electrolux Inverter Techno 220V - Eco-Tech - Solu\u00e7\u00f5es em tecnologia","robots":{"index":"index","follow":"follow","max-snippet":"max-snippet:-1","max-image-preview":"max-image-preview:large","max-video-preview":"max-video-preview:-1"},"canonical":"https:\/\/eco-tech.inf.br\/index.php\/product\/ar-condicionado-9000-btus-electrolux-inverter-techno-220v\/","og_locale":"pt_BR","og_type":"article","og_title":"Ar Condicionado 9000 BTUs Electrolux Inverter Techno 220V - Eco-Tech - Solu\u00e7\u00f5es em tecnologia","og_description":"O seu ambiente favorito de um modo que voc\u00ea nunca sentiu, o Ar Condicionado Electrolux Split QE09R \u00e9 muito mais do que um simples ar condicionado. Sinta o clima ideal, sem o frio rigoroso ou o calor extremo, curta o espa\u00e7o da sua casa com o clima ideal para voc\u00ea e sua fam\u00edlia. Que tal [&hellip;]","og_url":"https:\/\/eco-tech.inf.br\/index.php\/product\/ar-condicionado-9000-btus-electrolux-inverter-techno-220v\/","og_site_name":"Eco-Tech - Solu\u00e7\u00f5es em tecnologia","article_publisher":"https:\/\/www.facebook.com\/EcoTech-Tecnologia-107960038523316","og_image":[{"width":1600,"height":1200,"url":"http:\/\/eco-tech.inf.br\/wp-content\/uploads\/2025\/05\/WhatsApp-Image-2025-05-22-at-11.37.54.jpeg","type":"image\/jpeg"}],"twitter_card":"summary_large_image","twitter_misc":{"Est. tempo de leitura":"1 minuto"},"schema":{"@context":"https:\/\/schema.org","@graph":[{"@type":"WebPage","@id":"https:\/\/eco-tech.inf.br\/index.php\/product\/ar-condicionado-9000-btus-electrolux-inverter-techno-220v\/","url":"https:\/\/eco-tech.inf.br\/index.php\/product\/ar-condicionado-9000-btus-electrolux-inverter-techno-220v\/","name":"Ar Condicionado 9000 BTUs Electrolux Inverter Techno 220V - Eco-Tech - Solu\u00e7\u00f5es em tecnologia","isPartOf":{"@id":"https:\/\/eco-tech.inf.br\/#website"},"primaryImageOfPage":{"@id":"https:\/\/eco-tech.inf.br\/index.php\/product\/ar-condicionado-9000-btus-electrolux-inverter-techno-220v\/#primaryimage"},"image":{"@id":"https:\/\/eco-tech.inf.br\/index.php\/product\/ar-condicionado-9000-btus-electrolux-inverter-techno-220v\/#primaryimage"},"thumbnailUrl":"https:\/\/i0.wp.com\/eco-tech.inf.br\/wp-content\/uploads\/2025\/05\/WhatsApp-Image-2025-05-22-at-11.37.54.jpeg?fit=1600%2C1200&ssl=1","datePublished":"2025-05-27T04:00:45+00:00","dateModified":"2025-05-27T04:00:45+00:00","breadcrumb":{"@id":"https:\/\/eco-tech.inf.br\/index.php\/product\/ar-condicionado-9000-btus-electrolux-inverter-techno-220v\/#breadcrumb"},"inLanguage":"pt-BR","potentialAction":[{"@type":"ReadAction","target":["https:\/\/eco-tech.inf.br\/index.php\/product\/ar-condicionado-9000-btus-electrolux-inverter-techno-220v\/"]}]},{"@type":"ImageObject","inLanguage":"pt-BR","@id":"https:\/\/eco-tech.inf.br\/index.php\/product\/ar-condicionado-9000-btus-electrolux-inverter-techno-220v\/#primaryimage","url":"https:\/\/i0.wp.com\/eco-tech.inf.br\/wp-content\/uploads\/2025\/05\/WhatsApp-Image-2025-05-22-at-11.37.54.jpeg?fit=1600%2C1200&ssl=1","contentUrl":"https:\/\/i0.wp.com\/eco-tech.inf.br\/wp-content\/uploads\/2025\/05\/WhatsApp-Image-2025-05-22-at-11.37.54.jpeg?fit=1600%2C1200&ssl=1","width":1600,"height":1200},{"@type":"BreadcrumbList","@id":"https:\/\/eco-tech.inf.br\/index.php\/product\/ar-condicionado-9000-btus-electrolux-inverter-techno-220v\/#breadcrumb","itemListElement":[{"@type":"ListItem","position":1,"name":"In\u00edcio","item":"https:\/\/eco-tech.inf.br\/"},{"@type":"ListItem","position":2,"name":"Produtos","item":"https:\/\/eco-tech.inf.br\/index.php\/shop\/"},{"@type":"ListItem","position":3,"name":"Ar Condicionado 9000 BTUs Electrolux Inverter Techno 220V"}]},{"@type":"WebSite","@id":"https:\/\/eco-tech.inf.br\/#website","url":"https:\/\/eco-tech.inf.br\/","name":"Eco-Tech - Solu\u00e7\u00f5es em tecnologia","description":"Possu\u00edmos mais de 15 (anos) anos de experi\u00eancia levando para o norte do Brasil tecnologia de ponta trazida por grandes organiza\u00e7\u00f5es dos mais variados seguimentos.","publisher":{"@id":"https:\/\/eco-tech.inf.br\/#organization"},"potentialAction":[{"@type":"SearchAction","target":{"@type":"EntryPoint","urlTemplate":"https:\/\/eco-tech.inf.br\/?s={search_term_string}"},"query-input":{"@type":"PropertyValueSpecification","valueRequired":true,"valueName":"search_term_string"}}],"inLanguage":"pt-BR"},{"@type":"Organization","@id":"https:\/\/eco-tech.inf.br\/#organization","name":"ELO SOLU\u00c7\u00d5ES TECNOL\u00d3GICA LTDA","url":"https:\/\/eco-tech.inf.br\/","logo":{"@type":"ImageObject","inLanguage":"pt-BR","@id":"https:\/\/eco-tech.inf.br\/#\/schema\/logo\/image\/","url":"https:\/\/i0.wp.com\/eco-tech.inf.br\/wp-content\/uploads\/2022\/03\/cropped-novologo-1.jpg?fit=512%2C512&ssl=1","contentUrl":"https:\/\/i0.wp.com\/eco-tech.inf.br\/wp-content\/uploads\/2022\/03\/cropped-novologo-1.jpg?fit=512%2C512&ssl=1","width":512,"height":512,"caption":"ELO SOLU\u00c7\u00d5ES TECNOL\u00d3GICA LTDA"},"image":{"@id":"https:\/\/eco-tech.inf.br\/#\/schema\/logo\/image\/"},"sameAs":["https:\/\/www.facebook.com\/EcoTech-Tecnologia-107960038523316","https:\/\/www.instagram.com\/p\/CbRSB23MmFd\/?utm_medium=copy_link"]}]}},"jetpack_sharing_enabled":true,"_links":{"self":[{"href":"https:\/\/eco-tech.inf.br\/index.php\/wp-json\/wp\/v2\/product\/1019"}],"collection":[{"href":"https:\/\/eco-tech.inf.br\/index.php\/wp-json\/wp\/v2\/product"}],"about":[{"href":"https:\/\/eco-tech.inf.br\/index.php\/wp-json\/wp\/v2\/types\/product"}],"replies":[{"embeddable":true,"href":"https:\/\/eco-tech.inf.br\/index.php\/wp-json\/wp\/v2\/comments?post=1019"}],"wp:featuredmedia":[{"embeddable":true,"href":"https:\/\/eco-tech.inf.br\/index.php\/wp-json\/wp\/v2\/media\/1020"}],"wp:attachment":[{"href":"https:\/\/eco-tech.inf.br\/index.php\/wp-json\/wp\/v2\/media?parent=1019"}],"wp:term":[{"taxonomy":"product_cat","embeddable":true,"href":"https:\/\/eco-tech.inf.br\/index.php\/wp-json\/wp\/v2\/product_cat?post=1019"},{"taxonomy":"product_tag","embeddable":true,"href":"https:\/\/eco-tech.inf.br\/index.php\/wp-json\/wp\/v2\/product_tag?post=1019"}],"curies":[{"name":"wp","href":"https:\/\/api.w.org\/{rel}","templated":true}]}}